{"id":14571,"date":"2023-03-20T17:26:07","date_gmt":"2023-03-20T16:26:07","guid":{"rendered":"https:\/\/iguanasmoke.com\/?page_id=14571"},"modified":"2026-04-29T18:44:29","modified_gmt":"2026-04-29T16:44:29","slug":"a-propos-de-nous","status":"publish","type":"page","link":"https:\/\/iguanasmoke.com\/fr\/sobre-nosotros\/","title":{"rendered":"\u00e0 propos de nous"},"content":{"rendered":"<h1>A propos de nous<\/h1>\n<h2 data-start=\"220\" data-end=\"252\">Iguana Smoke, votre magasin de cannabis l\u00e9gal en ligne<\/h2>\n<p data-start=\"86\" data-end=\"325\">Nous sommes une <strong data-start=\"96\" data-end=\"136\">marque de produits \u00e0 base de cannabis l\u00e9gal<\/strong> n\u00e9e en 2021, lorsque quatre coll\u00e8gues ont d\u00e9cid\u00e9 de transformer leur passion en quelque chose de concret : cr\u00e9er des produits de <strong data-start=\"240\" data-end=\"277\">CBD l\u00e9gal, s\u00fbr et de qualit\u00e9<\/strong>, avec une identit\u00e9 r\u00e9elle et une communaut\u00e9 derri\u00e8re.<\/p>\n<p data-start=\"327\" data-end=\"479\" data-is-last-node=\"\" data-is-only-node=\"\">D\u00e8s le premier jour, nous avions une chose claire : pas de posture, pas d'histoires bizarres. Seulement le meilleur produit, une esth\u00e9tique soign\u00e9e et une connexion authentique avec les gens.<\/p>\n<h2 data-start=\"327\" data-end=\"479\">Notre mission : cannabis l\u00e9gal, qualit\u00e9 r\u00e9elle et communaut\u00e9<\/h2>\n<p data-start=\"627\" data-end=\"716\">Notre mission est simple : <strong data-start=\"653\" data-end=\"715\">rapprocher le cannabis l\u00e9gal de tout le monde de mani\u00e8re honn\u00eate<\/strong>.<\/p>\n<p data-start=\"718\" data-end=\"875\">Nous travaillons avec des produits conformes \u00e0 la r\u00e9glementation en vigueur en Espagne et qui passent des contr\u00f4les exhaustifs. Rien n'entre chez Iguana Smoke s'il ne r\u00e9ussit pas le test.<\/p>\n<p data-start=\"877\" data-end=\"1036\">Nous voulons apporter au <strong data-start=\"897\" data-end=\"947\">bien-\u00eatre, au plaisir et aux bons moments<\/strong>, car nous comprenons le cannabis comme faisant partie d'une culture qui se vit et se partage.<\/p>\n<h2 data-start=\"877\" data-end=\"1036\">L'\u00e9quipe derri\u00e8re Iguana Smoke<\/h2>\n<p data-start=\"53\" data-end=\"287\">Derri\u00e8re Iguana Smoke se cache une \u00e9quipe jeune, cr\u00e9ative et engag\u00e9e \u00e0 faire les choses correctement. Nous nous concentrons sur l'offre de produits de qualit\u00e9, l'am\u00e9lioration constante et le soin de chaque d\u00e9tail, du d\u00e9veloppement \u00e0 l'exp\u00e9rience finale.<\/p>\n<p data-start=\"289\" data-end=\"402\" data-is-last-node=\"\" data-is-only-node=\"\">Il n'y a pas de discours vides ni de promesses creuses. Il y a du travail, du discernement et une fa\u00e7on claire de comprendre ce que nous faisons.<\/p>\n<h2 data-section-id=\"ciq8s0\" data-start=\"0\" data-end=\"45\">Collaborations : musique, sport et culture urbaine<\/h2>\n<p data-start=\"47\" data-end=\"93\">La musique fait partie de l'ADN d'Iguana Smoke.<\/p>\n<p data-start=\"95\" data-end=\"237\">Nous avons collabor\u00e9 avec des artistes tels que <strong data-start=\"130\" data-end=\"142\">Kidd Keo<\/strong> y <strong data-start=\"145\" data-end=\"161\">Don Patricio<\/strong>, d\u00e9veloppant des projets tels que le <em data-start=\"195\" data-end=\"236\">Freddy Boyz Vape Pocket CBD par Kidd Keo<\/em>.<\/p>\n<p data-start=\"239\" data-end=\"423\" data-is-last-node=\"\" data-is-only-node=\"\">Nous travaillons \u00e9galement avec <strong data-start=\"262\" data-end=\"326\">DJ, athl\u00e8tes extr\u00eames et profils li\u00e9s \u00e0 la culture urbaine<\/strong>, des gens qui vivent ce style de vie et qui repr\u00e9sentent ce qu'est Iguana Smoke.<\/p>\n<p data-start=\"0\" data-end=\"113\">Nous nous concentrons sur la perfection : un produit soign\u00e9, une transparence dans chaque d\u00e9tail et une mani\u00e8re de travailler claire. Une vraie qualit\u00e9, une identit\u00e9 propre et une communaut\u00e9 qui partage le m\u00eame esprit.<\/p>\n<h4 data-start=\"33\" data-end=\"96\"><strong data-start=\"33\" data-end=\"49\">Fum\u00e9e d'iguane<\/strong> une entreprise filiale de <strong data-start=\"75\" data-end=\"96\">Aura Works s.r.o.<\/strong><\/h4>\n<p data-start=\"98\" data-end=\"152\">Adresse :<br \/><br \/>\u0160umavsk\u00e1 1094\/3<br data-start=\"116\" data-end=\"119\" \/>120 00 Prague 2<br data-start=\"133\" data-end=\"136\" \/>R\u00e9publique tch\u00e8que<br \/><br \/>Num\u00e9ro l\u00e9gal : Aura Works s.r.o.<br \/><br \/>Ann\u00e9e de fondation : 2021<br \/><br \/>Lieu : Prague, R\u00e9publique tch\u00e8que<br \/><br \/>Activit\u00e9 : Commercialisation de produits de cannabis l\u00e9gal et de CBD<\/p>\n<h3>S'abonner \u00e0 notre lettre d'information<\/h3>\n<p><strong>Abonnez-vous \u00e0 notre communaut\u00e9 et obtenez% de r\u00e9duction sur votre premier achat et restez inform\u00e9 de toutes nos nouveaut\u00e9s.<\/strong><\/p>\n<div class=\"tnp tnp-subscription\">\n<form method=\"post\" action=\"https:\/\/iguanasmoke.com\/fr\/?na=s\" data-trp-original-action=\"https:\/\/iguanasmoke.com\/fr\/?na=s\">\n<input type=\"hidden\" name=\"nlang\" value=\"fr\">\n<div class=\"tnp-field tnp-field-firstname\"><label for=\"tnp-1\">Pr\u00e9nom<\/label>\n<input class=\"tnp-name\" type=\"text\" name=\"nn\" id=\"tnp-1\" value=\"\" placeholder=\"\" required><\/div>\n<div class=\"tnp-field tnp-field-surname\"><label for=\"tnp-2\">Nom de famille<\/label>\n<input class=\"tnp-surname\" type=\"text\" name=\"ns\" id=\"tnp-2\" value=\"\" placeholder=\"\" required><\/div><div class=\"tnp-field tnp-field-email\"><label for=\"tnp-3\">Courrier \u00e9lectronique<\/label>\n<input class=\"tnp-email\" type=\"email\" name=\"ne\" id=\"tnp-3\" value=\"\" placeholder=\"\" required><\/div>\n<div class=\"tnp-field tnp-privacy-field\"><label><input type=\"checkbox\" name=\"ny\" required class=\"tnp-privacy\"> J'accepte la politique de confidentialit\u00e9<\/label><\/div><div class=\"tnp-field tnp-field-button\" style=\"text-align: left\"><input class=\"tnp-submit\" type=\"submit\" value=\"S&#039;abonner\" style=\"\">\n<\/div>\n<input type=\"hidden\" name=\"trp-form-language\" value=\"fr\"\/><\/form>\n<\/div>\n\n\n\n<p><\/p>","protected":false},"excerpt":{"rendered":"<p>Sobre nosotros Iguana Smoke, tu tienda de cannabis legal online Somos una marca de productos de cannabis legal nacida en 2021, cuando cuatro colegas decidieron convertir su pasi\u00f3n en algo serio: crear productos de CBD legales, seguros y de calidad, con una identidad real y una comunidad detr\u00e1s. Desde el primer d\u00eda lo tuvimos claro: [&hellip;]<\/p>\n","protected":false},"author":1,"featured_media":0,"parent":0,"menu_order":0,"comment_status":"closed","ping_status":"closed","template":"","meta":{"_acf_changed":false,"site-sidebar-layout":"no-sidebar","site-content-layout":"page-builder","ast-site-content-layout":"full-width-container","site-content-style":"unboxed","site-sidebar-style":"unboxed","ast-global-header-display":"","ast-banner-title-visibility":"","ast-main-header-display":"","ast-hfb-above-header-display":"","ast-hfb-below-header-display":"","ast-hfb-mobile-header-display":"","site-post-title":"disabled","ast-breadcrumbs-content":"","ast-featured-img":"disabled","footer-sml-layout":"","theme-transparent-header-meta":"","adv-header-id-meta":"","stick-header-meta":"","header-above-stick-meta":"","header-main-stick-meta":"","header-below-stick-meta":"","astra-migrate-meta-layouts":"set","ast-page-background-enabled":"default","ast-page-background-meta":{"desktop":{"background-color":"var(--ast-global-color-4)","background-image":"","background-repeat":"repeat","background-position":"center center","background-size":"auto","background-attachment":"scroll","background-type":"","background-media":"","overlay-type":"","overlay-color":"","overlay-opacity":"","overlay-gradient":""},"tablet":{"background-color":"","background-image":"","background-repeat":"repeat","background-position":"center center","background-size":"auto","background-attachment":"scroll","background-type":"","background-media":"","overlay-type":"","overlay-color":"","overlay-opacity":"","overlay-gradient":""},"mobile":{"background-color":"","background-image":"","background-repeat":"repeat","background-position":"center center","background-size":"auto","background-attachment":"scroll","background-type":"","background-media":"","overlay-type":"","overlay-color":"","overlay-opacity":"","overlay-gradient":""}},"ast-content-background-meta":{"desktop":{"background-color":"var(--ast-global-color-5)","background-image":"","background-repeat":"repeat","background-position":"center center","background-size":"auto","background-attachment":"scroll","background-type":"","background-media":"","overlay-type":"","overlay-color":"","overlay-opacity":"","overlay-gradient":""},"tablet":{"background-color":"var(--ast-global-color-5)","background-image":"","background-repeat":"repeat","background-position":"center center","background-size":"auto","background-attachment":"scroll","background-type":"","background-media":"","overlay-type":"","overlay-color":"","overlay-opacity":"","overlay-gradient":""},"mobile":{"background-color":"var(--ast-global-color-5)","background-image":"","background-repeat":"repeat","background-position":"center center","background-size":"auto","background-attachment":"scroll","background-type":"","background-media":"","overlay-type":"","overlay-color":"","overlay-opacity":"","overlay-gradient":""}},"footnotes":""},"class_list":["post-14571","page","type-page","status-publish","hentry"],"acf":[],"yoast_head":"<!-- This site is optimized with the Yoast SEO Premium plugin v27.3 (Yoast SEO v27.3) - https:\/\/yoast.com\/product\/yoast-seo-premium-wordpress\/ -->\n<title>\u00bfQui\u00e9nes somos? Iguana Smoke | CBD legal, calidad y comunidad<\/title>\n<meta name=\"description\" content=\"Conoce el equipo detr\u00e1s de Iguana Smoke, tu tienda de CBD online de confianza en Espa\u00f1a. Productos legales, anal\u00edticas de laboratorio y env\u00edos discretos desde 2021.\" \/>\n<meta name=\"robots\" content=\"index, follow, max-snippet:-1, max-image-preview:large, max-video-preview:-1\" \/>\n<link rel=\"canonical\" href=\"https:\/\/iguanasmoke.com\/fr\/a-propos-de-nous\/\" \/>\n<meta property=\"og:locale\" content=\"fr_FR\" \/>\n<meta property=\"og:type\" content=\"article\" \/>\n<meta property=\"og:title\" content=\"about us\" \/>\n<meta property=\"og:description\" content=\"Sobre nosotros Iguana Smoke, tu tienda de cannabis legal online Somos una marca de productos de cannabis legal nacida en 2021, cuando cuatro colegas\" \/>\n<meta property=\"og:url\" content=\"https:\/\/iguanasmoke.com\/fr\/a-propos-de-nous\/\" \/>\n<meta property=\"og:site_name\" content=\"Iguana Smoke\" \/>\n<meta property=\"article:publisher\" content=\"https:\/\/www.facebook.com\/iguanasmoke\" \/>\n<meta property=\"article:modified_time\" content=\"2026-04-29T16:44:29+00:00\" \/>\n<meta property=\"og:image\" content=\"https:\/\/iguanasmoke.com\/wp-content\/uploads\/2025\/01\/logo-sauron-iguana-1.png\" \/>\n\t<meta property=\"og:image:width\" content=\"600\" \/>\n\t<meta property=\"og:image:height\" content=\"600\" \/>\n\t<meta property=\"og:image:type\" content=\"image\/png\" \/>\n<meta name=\"twitter:card\" content=\"summary_large_image\" \/>\n<meta name=\"twitter:label1\" content=\"Dur\u00e9e de lecture estim\u00e9e\" \/>\n\t<meta name=\"twitter:data1\" content=\"2 minutes\" \/>\n<!-- \/ Yoast SEO Premium plugin. -->","yoast_head_json":{"title":"Qui sommes-nous ? Iguana Smoke | CBD l\u00e9gal, qualit\u00e9 et communaut\u00e9","description":"D\u00e9couvrez l'\u00e9quipe derri\u00e8re Iguana Smoke, votre boutique CBD en ligne de confiance en Espagne. Produits l\u00e9gaux, analyses de laboratoire et exp\u00e9ditions discr\u00e8tes depuis 2021.","robots":{"index":"index","follow":"follow","max-snippet":"max-snippet:-1","max-image-preview":"max-image-preview:large","max-video-preview":"max-video-preview:-1"},"canonical":"https:\/\/iguanasmoke.com\/fr\/a-propos-de-nous\/","og_locale":"fr_FR","og_type":"article","og_title":"about us","og_description":"Sobre nosotros Iguana Smoke, tu tienda de cannabis legal online Somos una marca de productos de cannabis legal nacida en 2021, cuando cuatro colegas","og_url":"https:\/\/iguanasmoke.com\/fr\/a-propos-de-nous\/","og_site_name":"Iguana Smoke","article_publisher":"https:\/\/www.facebook.com\/iguanasmoke","article_modified_time":"2026-04-29T16:44:29+00:00","og_image":[{"width":600,"height":600,"url":"https:\/\/iguanasmoke.com\/wp-content\/uploads\/2025\/01\/logo-sauron-iguana-1.png","type":"image\/png"}],"twitter_card":"summary_large_image","twitter_misc":{"Dur\u00e9e de lecture estim\u00e9e":"2 minutes"},"schema":{"@context":"https:\/\/schema.org","@graph":[{"@type":"WebPage","@id":"https:\/\/iguanasmoke.com\/sobre-nosotros\/","url":"https:\/\/iguanasmoke.com\/sobre-nosotros\/","name":"Qui sommes-nous ? Iguana Smoke | CBD l\u00e9gal, qualit\u00e9 et communaut\u00e9","isPartOf":{"@id":"https:\/\/iguanasmoke.com\/#website"},"datePublished":"2023-03-20T16:26:07+00:00","dateModified":"2026-04-29T16:44:29+00:00","description":"D\u00e9couvrez l'\u00e9quipe derri\u00e8re Iguana Smoke, votre boutique CBD en ligne de confiance en Espagne. Produits l\u00e9gaux, analyses de laboratoire et exp\u00e9ditions discr\u00e8tes depuis 2021.","breadcrumb":{"@id":"https:\/\/iguanasmoke.com\/sobre-nosotros\/#breadcrumb"},"inLanguage":"fr-FR","potentialAction":[{"@type":"ReadAction","target":["https:\/\/iguanasmoke.com\/sobre-nosotros\/"]}]},{"@type":"BreadcrumbList","@id":"https:\/\/iguanasmoke.com\/sobre-nosotros\/#breadcrumb","itemListElement":[{"@type":"ListItem","position":1,"name":"home","item":"https:\/\/iguanasmoke.com\/"},{"@type":"ListItem","position":2,"name":"about us"}]},{"@type":"WebSite","@id":"https:\/\/iguanasmoke.com\/#website","url":"https:\/\/iguanasmoke.com\/","name":"Fum\u00e9e d'iguane","description":"Acheter du CBD en ligne au meilleur prix","publisher":{"@id":"https:\/\/iguanasmoke.com\/#organization"},"potentialAction":[{"@type":"SearchAction","target":{"@type":"EntryPoint","urlTemplate":"https:\/\/iguanasmoke.com\/?s={search_term_string}"},"query-input":{"@type":"PropertyValueSpecification","valueRequired":true,"valueName":"search_term_string"}}],"inLanguage":"fr-FR"},{"@type":"Organization","@id":"https:\/\/iguanasmoke.com\/#organization","name":"Fum\u00e9e d'iguane","url":"https:\/\/iguanasmoke.com\/","logo":{"@type":"ImageObject","inLanguage":"fr-FR","@id":"https:\/\/iguanasmoke.com\/#\/schema\/logo\/image\/","url":"https:\/\/iguanasmoke.com\/wp-content\/uploads\/2025\/01\/logoiguana-favi-1.png","contentUrl":"https:\/\/iguanasmoke.com\/wp-content\/uploads\/2025\/01\/logoiguana-favi-1.png","width":512,"height":512,"caption":"Iguana Smoke"},"image":{"@id":"https:\/\/iguanasmoke.com\/#\/schema\/logo\/image\/"},"sameAs":["https:\/\/www.facebook.com\/iguanasmoke","https:\/\/www.instagram.com\/iguanasmoke\/"]}]}},"_links":{"self":[{"href":"https:\/\/iguanasmoke.com\/fr\/wp-json\/wp\/v2\/pages\/14571","targetHints":{"allow":["GET"]}}],"collection":[{"href":"https:\/\/iguanasmoke.com\/fr\/wp-json\/wp\/v2\/pages"}],"about":[{"href":"https:\/\/iguanasmoke.com\/fr\/wp-json\/wp\/v2\/types\/page"}],"author":[{"embeddable":true,"href":"https:\/\/iguanasmoke.com\/fr\/wp-json\/wp\/v2\/users\/1"}],"replies":[{"embeddable":true,"href":"https:\/\/iguanasmoke.com\/fr\/wp-json\/wp\/v2\/comments?post=14571"}],"version-history":[{"count":15,"href":"https:\/\/iguanasmoke.com\/fr\/wp-json\/wp\/v2\/pages\/14571\/revisions"}],"predecessor-version":[{"id":85960,"href":"https:\/\/iguanasmoke.com\/fr\/wp-json\/wp\/v2\/pages\/14571\/revisions\/85960"}],"wp:attachment":[{"href":"https:\/\/iguanasmoke.com\/fr\/wp-json\/wp\/v2\/media?parent=14571"}],"curies":[{"name":"wp","href":"https:\/\/api.w.org\/{rel}","templated":true}]}}