{"id":7831,"date":"2021-04-25T05:09:12","date_gmt":"2021-04-25T03:09:12","guid":{"rendered":"http:\/\/iguanasmoke.com\/?page_id=7831"},"modified":"2024-11-03T22:06:58","modified_gmt":"2024-11-03T21:06:58","slug":"clause-de-non-responsabilite","status":"publish","type":"page","link":"https:\/\/iguanasmoke.com\/fr\/descargo-de-responsabilidad\/","title":{"rendered":"Clause de non-responsabilit\u00e9"},"content":{"rendered":"<div data-elementor-type=\"wp-page\" data-elementor-id=\"7831\" class=\"elementor elementor-7831\" data-elementor-post-type=\"page\">\n\t\t\t\t<div class=\"elementor-element elementor-element-a7c5dbd e-con-full e-flex e-con e-parent\" data-id=\"a7c5dbd\" data-element_type=\"container\" data-e-type=\"container\" data-settings=\"{&quot;background_background&quot;:&quot;classic&quot;}\">\n\t\t\t\t<div class=\"elementor-element elementor-element-3b6a4da elementor-widget elementor-widget-spacer\" data-id=\"3b6a4da\" data-element_type=\"widget\" data-e-type=\"widget\" data-widget_type=\"spacer.default\">\n\t\t\t\t<div class=\"elementor-widget-container\">\n\t\t\t\t\t\t\t<div class=\"elementor-spacer\">\n\t\t\t<div class=\"elementor-spacer-inner\"><\/div>\n\t\t<\/div>\n\t\t\t\t\t\t<\/div>\n\t\t\t\t<\/div>\n\t\t\t\t<div class=\"elementor-element elementor-element-b698188 elementor-widget elementor-widget-heading\" data-id=\"b698188\" data-element_type=\"widget\" data-e-type=\"widget\" data-widget_type=\"heading.default\">\n\t\t\t\t<div class=\"elementor-widget-container\">\n\t\t\t\t\t<h2 class=\"elementor-heading-title elementor-size-default\">Clause de non-responsabilit\u00e9<\/h2>\t\t\t\t<\/div>\n\t\t\t\t<\/div>\n\t\t\t\t<div class=\"elementor-element elementor-element-c9ba817 elementor-widget elementor-widget-spacer\" data-id=\"c9ba817\" data-element_type=\"widget\" data-e-type=\"widget\" data-widget_type=\"spacer.default\">\n\t\t\t\t<div class=\"elementor-widget-container\">\n\t\t\t\t\t\t\t<div class=\"elementor-spacer\">\n\t\t\t<div class=\"elementor-spacer-inner\"><\/div>\n\t\t<\/div>\n\t\t\t\t\t\t<\/div>\n\t\t\t\t<\/div>\n\t\t\t\t<\/div>\n\t\t<div class=\"elementor-element elementor-element-2cfb599a e-flex e-con-boxed e-con e-parent\" data-id=\"2cfb599a\" data-element_type=\"container\" data-e-type=\"container\">\n\t\t\t\t\t<div class=\"e-con-inner\">\n\t\t\t\t<div class=\"elementor-element elementor-element-4e50094c elementor-widget elementor-widget-text-editor\" data-id=\"4e50094c\" data-element_type=\"widget\" data-e-type=\"widget\" data-widget_type=\"text-editor.default\">\n\t\t\t\t<div class=\"elementor-widget-container\">\n\t\t\t\t\t\t\t\t\t<p>\u00a0<\/p><p style=\"text-align: justify;\">IGUANA SMOKE n'est pas responsable de la mauvaise utilisation des produits.<\/p><p style=\"text-align: justify;\">Aucun des produits n'est destin\u00e9 \u00e0 diagnostiquer, traiter ou gu\u00e9rir une quelconque maladie. Il est recommand\u00e9 de consulter un m\u00e9decin avant d'entreprendre un nouveau programme de compl\u00e9ments alimentaires.<\/p><p style=\"text-align: justify;\">Les produits vendus par IGUANA SMOKE, qu'il s'agisse de CBD ou de chanvre, ne sont pas destin\u00e9s \u00e0 se substituer \u00e0 un traitement m\u00e9dical recommand\u00e9 par un professionnel autoris\u00e9. Chaque fois qu'un produit est fourni, il doit l'\u00eatre sous la supervision d'un sp\u00e9cialiste et est toujours sous la responsabilit\u00e9 de l'utilisateur.<\/p><p style=\"text-align: justify;\">Pi\u00e8ce de collection.<\/p><p style=\"text-align: justify;\">Produits destin\u00e9s \u00e0 un usage d\u00e9coratif. Non psychoactif. Ne pas inhaler. THC inf\u00e9rieur au d\u00e9cret royal 1729\/1999. Non recommand\u00e9 pour un usage alimentaire ou pharmaceutique.<\/p><p style=\"text-align: justify;\">Nos textes ne remplacent en aucun cas les conseils professionnels d'un m\u00e9decin ou d'un pharmacien et ne peuvent servir de base \u00e0 un diagnostic ind\u00e9pendant et \u00e0 l'initiation, la modification ou l'arr\u00eat d'un traitement de maladies. Si vous avez des questions ou des plaintes concernant votre sant\u00e9, consultez toujours un m\u00e9decin en qui vous avez confiance. Le contenu de ce site a \u00e9t\u00e9 cr\u00e9\u00e9 avec le plus grand soin et sert exclusivement \u00e0 l'information et \u00e0 la formation continue sur le sujet. IGUANA SMOKE d\u00e9cline toutefois toute responsabilit\u00e9 quant \u00e0 l'exactitude, l'actualit\u00e9 et l'exhaustivit\u00e9 des textes et des contenus mis \u00e0 disposition.<\/p><p>\u00a0<\/p>\t\t\t\t\t\t\t\t<\/div>\n\t\t\t\t<\/div>\n\t\t\t\t\t<\/div>\n\t\t\t\t<\/div>\n\t\t\t\t<\/div>","protected":false},"excerpt":{"rendered":"<p>Descargo de Responsabilidad \u00a0 IGUANA SMOKE no se responsabiliza del uso indebido de los productos. Ninguno de los productos est\u00e1n destinados a diagnosticar, tratar o curar ninguna enfermedad. Se recomienda consultar con un m\u00e9dico antes de comenzar un nuevo programa de suplementos diet\u00e9ticos. Los productos que se venden en IGUANA SMOKE ya sean de CBD [&hellip;]<\/p>\n","protected":false},"author":1,"featured_media":0,"parent":0,"menu_order":0,"comment_status":"closed","ping_status":"closed","template":"elementor_header_footer","meta":{"_acf_changed":false,"site-sidebar-layout":"no-sidebar","site-content-layout":"plain-container","ast-site-content-layout":"default","site-content-style":"unboxed","site-sidebar-style":"unboxed","ast-global-header-display":"","ast-banner-title-visibility":"","ast-main-header-display":"","ast-hfb-above-header-display":"","ast-hfb-below-header-display":"","ast-hfb-mobile-header-display":"","site-post-title":"disabled","ast-breadcrumbs-content":"","ast-featured-img":"disabled","footer-sml-layout":"","theme-transparent-header-meta":"","adv-header-id-meta":"","stick-header-meta":"","header-above-stick-meta":"","header-main-stick-meta":"","header-below-stick-meta":"","astra-migrate-meta-layouts":"set","ast-page-background-enabled":"default","ast-page-background-meta":{"desktop":{"background-color":"var(--ast-global-color-4)","background-image":"","background-repeat":"repeat","background-position":"center center","background-size":"auto","background-attachment":"scroll","background-type":"","background-media":"","overlay-type":"","overlay-color":"","overlay-opacity":"","overlay-gradient":""},"tablet":{"background-color":"","background-image":"","background-repeat":"repeat","background-position":"center center","background-size":"auto","background-attachment":"scroll","background-type":"","background-media":"","overlay-type":"","overlay-color":"","overlay-opacity":"","overlay-gradient":""},"mobile":{"background-color":"","background-image":"","background-repeat":"repeat","background-position":"center center","background-size":"auto","background-attachment":"scroll","background-type":"","background-media":"","overlay-type":"","overlay-color":"","overlay-opacity":"","overlay-gradient":""}},"ast-content-background-meta":{"desktop":{"background-color":"var(--ast-global-color-5)","background-image":"","background-repeat":"repeat","background-position":"center center","background-size":"auto","background-attachment":"scroll","background-type":"","background-media":"","overlay-type":"","overlay-color":"","overlay-opacity":"","overlay-gradient":""},"tablet":{"background-color":"var(--ast-global-color-5)","background-image":"","background-repeat":"repeat","background-position":"center center","background-size":"auto","background-attachment":"scroll","background-type":"","background-media":"","overlay-type":"","overlay-color":"","overlay-opacity":"","overlay-gradient":""},"mobile":{"background-color":"var(--ast-global-color-5)","background-image":"","background-repeat":"repeat","background-position":"center center","background-size":"auto","background-attachment":"scroll","background-type":"","background-media":"","overlay-type":"","overlay-color":"","overlay-opacity":"","overlay-gradient":""}},"footnotes":""},"class_list":["post-7831","page","type-page","status-publish","hentry"],"acf":[],"yoast_head":"<!-- This site is optimized with the Yoast SEO Premium plugin v27.3 (Yoast SEO v27.3) - https:\/\/yoast.com\/product\/yoast-seo-premium-wordpress\/ -->\n<title>Descargo de Responsabilidad | Iguana Smoke<\/title>\n<meta name=\"robots\" content=\"index, follow, max-snippet:-1, max-image-preview:large, max-video-preview:-1\" \/>\n<link rel=\"canonical\" href=\"https:\/\/iguanasmoke.com\/fr\/clause-de-non-responsabilite\/\" \/>\n<meta property=\"og:locale\" content=\"fr_FR\" \/>\n<meta property=\"og:type\" content=\"article\" \/>\n<meta property=\"og:title\" content=\"Descargo de Responsabilidad\" \/>\n<meta property=\"og:description\" content=\"Descargo de Responsabilidad \u00a0IGUANA SMOKE no se responsabiliza del uso indebido de los productos.Ninguno de los productos est\u00e1n destinados a diagnosticar,\" \/>\n<meta property=\"og:url\" content=\"https:\/\/iguanasmoke.com\/fr\/clause-de-non-responsabilite\/\" \/>\n<meta property=\"og:site_name\" content=\"Iguana Smoke\" \/>\n<meta property=\"article:publisher\" content=\"https:\/\/www.facebook.com\/iguanasmoke\" \/>\n<meta property=\"article:modified_time\" content=\"2024-11-03T21:06:58+00:00\" \/>\n<meta property=\"og:image\" content=\"https:\/\/iguanasmoke.com\/wp-content\/uploads\/2025\/01\/logo-sauron-iguana-1.png\" \/>\n\t<meta property=\"og:image:width\" content=\"600\" \/>\n\t<meta property=\"og:image:height\" content=\"600\" \/>\n\t<meta property=\"og:image:type\" content=\"image\/png\" \/>\n<meta name=\"twitter:card\" content=\"summary_large_image\" \/>\n<meta name=\"twitter:label1\" content=\"Dur\u00e9e de lecture estim\u00e9e\" \/>\n\t<meta name=\"twitter:data1\" content=\"1 minute\" \/>\n<!-- \/ Yoast SEO Premium plugin. -->","yoast_head_json":{"title":"Avis de non-responsabilit\u00e9 - Iguana Smoke","robots":{"index":"index","follow":"follow","max-snippet":"max-snippet:-1","max-image-preview":"max-image-preview:large","max-video-preview":"max-video-preview:-1"},"canonical":"https:\/\/iguanasmoke.com\/fr\/clause-de-non-responsabilite\/","og_locale":"fr_FR","og_type":"article","og_title":"Descargo de Responsabilidad","og_description":"Descargo de Responsabilidad \u00a0IGUANA SMOKE no se responsabiliza del uso indebido de los productos.Ninguno de los productos est\u00e1n destinados a diagnosticar,","og_url":"https:\/\/iguanasmoke.com\/fr\/clause-de-non-responsabilite\/","og_site_name":"Iguana Smoke","article_publisher":"https:\/\/www.facebook.com\/iguanasmoke","article_modified_time":"2024-11-03T21:06:58+00:00","og_image":[{"width":600,"height":600,"url":"https:\/\/iguanasmoke.com\/wp-content\/uploads\/2025\/01\/logo-sauron-iguana-1.png","type":"image\/png"}],"twitter_card":"summary_large_image","twitter_misc":{"Dur\u00e9e de lecture estim\u00e9e":"1 minute"},"schema":{"@context":"https:\/\/schema.org","@graph":[{"@type":"WebPage","@id":"https:\/\/iguanasmoke.com\/descargo-de-responsabilidad\/","url":"https:\/\/iguanasmoke.com\/descargo-de-responsabilidad\/","name":"Avis de non-responsabilit\u00e9 - Iguana Smoke","isPartOf":{"@id":"https:\/\/iguanasmoke.com\/#website"},"datePublished":"2021-04-25T03:09:12+00:00","dateModified":"2024-11-03T21:06:58+00:00","breadcrumb":{"@id":"https:\/\/iguanasmoke.com\/descargo-de-responsabilidad\/#breadcrumb"},"inLanguage":"fr-FR","potentialAction":[{"@type":"ReadAction","target":["https:\/\/iguanasmoke.com\/descargo-de-responsabilidad\/"]}]},{"@type":"BreadcrumbList","@id":"https:\/\/iguanasmoke.com\/descargo-de-responsabilidad\/#breadcrumb","itemListElement":[{"@type":"ListItem","position":1,"name":"home","item":"https:\/\/iguanasmoke.com\/"},{"@type":"ListItem","position":2,"name":"Descargo de Responsabilidad"}]},{"@type":"WebSite","@id":"https:\/\/iguanasmoke.com\/#website","url":"https:\/\/iguanasmoke.com\/","name":"Fum\u00e9e d'iguane","description":"Acheter du CBD en ligne au meilleur prix","publisher":{"@id":"https:\/\/iguanasmoke.com\/#organization"},"potentialAction":[{"@type":"SearchAction","target":{"@type":"EntryPoint","urlTemplate":"https:\/\/iguanasmoke.com\/?s={search_term_string}"},"query-input":{"@type":"PropertyValueSpecification","valueRequired":true,"valueName":"search_term_string"}}],"inLanguage":"fr-FR"},{"@type":"Organization","@id":"https:\/\/iguanasmoke.com\/#organization","name":"Fum\u00e9e d'iguane","url":"https:\/\/iguanasmoke.com\/","logo":{"@type":"ImageObject","inLanguage":"fr-FR","@id":"https:\/\/iguanasmoke.com\/#\/schema\/logo\/image\/","url":"https:\/\/iguanasmoke.com\/wp-content\/uploads\/2025\/01\/logoiguana-favi-1.png","contentUrl":"https:\/\/iguanasmoke.com\/wp-content\/uploads\/2025\/01\/logoiguana-favi-1.png","width":512,"height":512,"caption":"Iguana Smoke"},"image":{"@id":"https:\/\/iguanasmoke.com\/#\/schema\/logo\/image\/"},"sameAs":["https:\/\/www.facebook.com\/iguanasmoke","https:\/\/www.instagram.com\/iguanasmoke\/"]}]}},"_links":{"self":[{"href":"https:\/\/iguanasmoke.com\/fr\/wp-json\/wp\/v2\/pages\/7831","targetHints":{"allow":["GET"]}}],"collection":[{"href":"https:\/\/iguanasmoke.com\/fr\/wp-json\/wp\/v2\/pages"}],"about":[{"href":"https:\/\/iguanasmoke.com\/fr\/wp-json\/wp\/v2\/types\/page"}],"author":[{"embeddable":true,"href":"https:\/\/iguanasmoke.com\/fr\/wp-json\/wp\/v2\/users\/1"}],"replies":[{"embeddable":true,"href":"https:\/\/iguanasmoke.com\/fr\/wp-json\/wp\/v2\/comments?post=7831"}],"version-history":[{"count":25,"href":"https:\/\/iguanasmoke.com\/fr\/wp-json\/wp\/v2\/pages\/7831\/revisions"}],"predecessor-version":[{"id":42681,"href":"https:\/\/iguanasmoke.com\/fr\/wp-json\/wp\/v2\/pages\/7831\/revisions\/42681"}],"wp:attachment":[{"href":"https:\/\/iguanasmoke.com\/fr\/wp-json\/wp\/v2\/media?parent=7831"}],"curies":[{"name":"wp","href":"https:\/\/api.w.org\/{rel}","templated":true}]}}