{"id":7843,"date":"2021-04-25T05:32:26","date_gmt":"2021-04-25T03:32:26","guid":{"rendered":"http:\/\/iguanasmoke.com\/?page_id=7843"},"modified":"2026-03-25T09:23:09","modified_gmt":"2026-03-25T08:23:09","slug":"politique-de-confidentialite","status":"publish","type":"page","link":"https:\/\/iguanasmoke.com\/fr\/politicas-de-privacidad\/","title":{"rendered":"Politique de confidentialit\u00e9"},"content":{"rendered":"<div data-elementor-type=\"wp-page\" data-elementor-id=\"7843\" class=\"elementor elementor-7843\" data-elementor-post-type=\"page\">\n\t\t\t\t<div class=\"elementor-element elementor-element-04e2814 e-con-full e-flex e-con e-parent\" data-id=\"04e2814\" data-element_type=\"container\" data-e-type=\"container\" data-settings=\"{&quot;background_background&quot;:&quot;classic&quot;}\">\n\t\t\t\t<div class=\"elementor-element elementor-element-4fd1711 elementor-widget elementor-widget-spacer\" data-id=\"4fd1711\" data-element_type=\"widget\" data-e-type=\"widget\" data-widget_type=\"spacer.default\">\n\t\t\t\t<div class=\"elementor-widget-container\">\n\t\t\t\t\t\t\t<div class=\"elementor-spacer\">\n\t\t\t<div class=\"elementor-spacer-inner\"><\/div>\n\t\t<\/div>\n\t\t\t\t\t\t<\/div>\n\t\t\t\t<\/div>\n\t\t\t\t<div class=\"elementor-element elementor-element-a117ddd elementor-widget elementor-widget-heading\" data-id=\"a117ddd\" data-element_type=\"widget\" data-e-type=\"widget\" data-widget_type=\"heading.default\">\n\t\t\t\t<div class=\"elementor-widget-container\">\n\t\t\t\t\t<h2 class=\"elementor-heading-title elementor-size-default\">Politique de confidentialit\u00e9<\/h2>\t\t\t\t<\/div>\n\t\t\t\t<\/div>\n\t\t\t\t<div class=\"elementor-element elementor-element-3ab971a elementor-widget elementor-widget-spacer\" data-id=\"3ab971a\" data-element_type=\"widget\" data-e-type=\"widget\" data-widget_type=\"spacer.default\">\n\t\t\t\t<div class=\"elementor-widget-container\">\n\t\t\t\t\t\t\t<div class=\"elementor-spacer\">\n\t\t\t<div class=\"elementor-spacer-inner\"><\/div>\n\t\t<\/div>\n\t\t\t\t\t\t<\/div>\n\t\t\t\t<\/div>\n\t\t\t\t<\/div>\n\t\t<div class=\"elementor-element elementor-element-3c9588b8 e-flex e-con-boxed e-con e-parent\" data-id=\"3c9588b8\" data-element_type=\"container\" data-e-type=\"container\">\n\t\t\t\t\t<div class=\"e-con-inner\">\n\t\t\t\t<div class=\"elementor-element elementor-element-1fc26a20 elementor-widget elementor-widget-text-editor\" data-id=\"1fc26a20\" data-element_type=\"widget\" data-e-type=\"widget\" data-widget_type=\"text-editor.default\">\n\t\t\t\t<div class=\"elementor-widget-container\">\n\t\t\t\t\t\t\t\t\t<p><strong>CONDICIONES LEGALES DE PRIVACIDAD<\/strong><\/p>\n<p>Les conditions l\u00e9gales de confidentialit\u00e9 font partie des conditions l\u00e9gales g\u00e9n\u00e9rales (ci-apr\u00e8s, les \u00abconditions d'utilisation\u00bb) r\u00e9gissant, entre autres, l'acc\u00e8s et l'utilisation du site web contenu dans le domaine iguanasmoke.com (ci-apr\u00e8s, le \u00absite web\u00bb).<\/p>\n<p>L'acc\u00e8s et l'utilisation du site web impliquent l'acceptation, sans r\u00e9serve d'aucune sorte, en tant qu'UTILISATEUR, des conditions d'utilisation.<\/p>\n<hr \/>\n<p><strong>1. L'IDENTIFICATION DE LA PERSONNE RESPONSABLE<\/strong><\/p>\n<p>Aura Works s.r.o.<br \/>\u0160umavsk\u00e1 1094\/3<br \/>120 00 Praha 2, Rep\u00fablica Checa<\/p>\n<p>I\u010cO: 239 34 352<br \/>VAT: CZ23934352<\/p>\n<p>Email: <a href=\"mailto:contacto@iguanasmoke.com\">contacto@iguanasmoke.com<\/a><\/p>\n<hr \/>\n<p><strong>2. DONN\u00c9ES PERSONNELLES QUE NOUS STOCKONS ET TRAITONS<\/strong><\/p>\n<p>Les informations que nous recueillons comprennent l'adresse du protocole Internet (IP) de l'appareil que vous utilisez, le logiciel de navigation que vous utilisez, votre syst\u00e8me d'exploitation, la date et l'heure d'acc\u00e8s, l'adresse Internet par laquelle vous avez acc\u00e9d\u00e9 \u00e0 notre site, ainsi que des informations sur la mani\u00e8re dont vous utilisez notre site.<\/p>\n<p>En r\u00e8gle g\u00e9n\u00e9rale, les informations personnelles que l'UTILISATEUR et\/ou l'UTILISATEUR-CLIENT nous fournit sont les suivantes : nom et pr\u00e9nom, adresse, num\u00e9ro d'identification, date de naissance, adresse \u00e9lectronique, num\u00e9ro de t\u00e9l\u00e9phone de contact et donn\u00e9es de paiement.<\/p>\n<p>Nous ne collectons aucune information personnelle aupr\u00e8s des enfants.<\/p>\n<p>Si vous \u00eates mineur, n'essayez pas de vous inscrire en tant qu'utilisateur-client.<\/p>\n<p>Si nous d\u00e9couvrons que nous avons obtenu par inadvertance des informations personnelles concernant un enfant, nous supprimerons ces informations d\u00e8s que possible.<\/p>\n<hr \/>\n<p><strong>3. ACCEPTATION ET CONSENTEMENT DE LA PERSONNE CONCERN\u00c9E<\/strong><\/p>\n<p>Dans les cas o\u00f9 il est n\u00e9cessaire de remplir et d'envoyer un formulaire pour effectuer une demande, le fait de remplir le formulaire implique n\u00e9cessairement que vous avez \u00e9t\u00e9 inform\u00e9 et que vous avez express\u00e9ment donn\u00e9 votre consentement au contenu de la clause jointe audit formulaire ou \u00e0 l'acceptation de la politique de protection de la vie priv\u00e9e.<\/p>\n<p>Tous nos formulaires comportent le symbole * dans les champs obligatoires. Si vous ne remplissez pas ces champs ou si vous n'acceptez pas la politique de confidentialit\u00e9, l'envoi des informations ne sera pas autoris\u00e9.<\/p>\n<p>En particulier, l'UTILISATEUR : \u00abJ'ai plus de 18 ans et j'ai lu et accept\u00e9 la politique en mati\u00e8re de confidentialit\u00e9 et de cookies\u00bb.\u00bb<\/p>\n<hr \/>\n<p><strong>4. L\u00c9GITIMATION DU TRAITEMENT DES DONN\u00c9ES \u00c0 CARACT\u00c8RE PERSONNEL<\/strong><\/p>\n<p>A. Consentement de l'UTILISATEUR et\/ou de l'UTILISATEUR-CLIENT.<\/p>\n<p>B. Ex\u00e9cution d'un contrat.<\/p>\n<p>C. Cumplimiento de obligaciones legales.<\/p>\n<hr \/>\n<p><strong>5. LE RESPECT D'UNE OBLIGATION L\u00c9GALE<\/strong><\/p>\n<p>El tratamiento de los datos personales podr\u00e1 realizarse para el cumplimiento de obligaciones legales aplicables a la actividad de IGUANA SMOKE.<\/p>\n<hr \/>\n<p><strong>6. UTILISATEUR-CLIENT, FINALIT\u00c9S DU TRAITEMENT DE LEURS DONN\u00c9ES<\/strong><\/p>\n<p>IGUANA SMOKE traitera vos donn\u00e9es personnelles aux fins suivantes :<\/p>\n<p>A. G\u00e9rer la relation contractuelle et la fourniture des services demand\u00e9s par l'UTILISATEUR-CLIENT.<\/p>\n<p>B. Effectuer toutes les d\u00e9marches administratives, fiscales et comptables n\u00e9cessaires au respect de nos engagements et obligations l\u00e9gales.<\/p>\n<p>C. Gestionar el cobro de los productos o servicios adquiridos.<\/p>\n<p>D. Informar al USUARIO-CLIENTE por cualquier medio, incluyendo el env\u00edo de comunicaciones comerciales a la direcci\u00f3n de correo electr\u00f3nico que el USUARIO-CLIENTE facilite, de productos y servicios de IGUANA SMOKE similares a los adquiridos.<\/p>\n<p>E. Realizar actividades promocionales acerca de otros productos y servicios de IGUANA SMOKE.<\/p>\n<hr \/>\n<p><strong>7. DROITS DE L'UTILISATEUR<\/strong><\/p>\n<p>A. Savoir si nous traitons ou non vos donn\u00e9es.<\/p>\n<p>B. Acc\u00e9der \u00e0 vos donn\u00e9es personnelles.<\/p>\n<p>C. Demander la rectification de vos donn\u00e9es si elles sont inexactes.<\/p>\n<p>D. Solicitar la supresi\u00f3n de tus datos cuando ya no sean necesarios.<\/p>\n<p>E. Solicitar la limitaci\u00f3n del tratamiento en determinados supuestos.<\/p>\n<p>F. Portabilidad de los datos en formato estructurado.<\/p>\n<p>G. Presentar una reclamaci\u00f3n ante la autoridad de control competente (como la Agencia Espa\u00f1ola de Protecci\u00f3n de Datos si procede).<\/p>\n<p>H. Revocar el consentimiento en cualquier momento.<\/p>\n<hr \/>\n<p><strong>8. FORMULAIRE DE REVENDICATION DES DROITS DE L'UTILISATEUR<\/strong><\/p>\n<p>IGUANA SMOKE dispone de formularios para el ejercicio de sus derechos que puede solicitar por correo electr\u00f3nico.<\/p>\n<p>Estos formularios deber\u00e1n ir firmados electr\u00f3nicamente o acompa\u00f1ados de copia del DNI u otro documento identificativo v\u00e1lido.<\/p>\n<hr \/>\n<p><strong>9. DUR\u00c9E DE CONSERVATION DES DONN\u00c9ES \u00c0 CARACT\u00c8RE PERSONNEL<\/strong><\/p>\n<p>Los datos personales se conservar\u00e1n mientras se mantenga la relaci\u00f3n comercial o durante el tiempo necesario para cumplir con las obligaciones legales.<\/p>\n<hr \/>\n<p><strong>10. DESTINATARIOS DE LOS DATOS PERSONALES<\/strong><\/p>\n<p>Los datos personales recabados ser\u00e1n tratados exclusivamente para la correcta prestaci\u00f3n del servicio.<\/p>\n<p>No se ceder\u00e1n datos a terceros salvo obligaci\u00f3n legal o cuando sea necesario para la prestaci\u00f3n del servicio (por ejemplo, entidades financieras o proveedores tecnol\u00f3gicos).<\/p>\n<hr \/>\n<p><strong>11. BLOG<\/strong><\/p>\n<p>En la Web se permite al USUARIO suscribirse al blog propiedad de IGUANA SMOKE facilitando su correo electr\u00f3nico.<\/p>\n<p>El usuario podr\u00e1 darse de baja en cualquier momento.<\/p>\n<hr \/>\n<p><strong>12. REDES SOCIALES<\/strong><\/p>\n<p>Cualquier modificaci\u00f3n de datos deber\u00e1 realizarse a trav\u00e9s de la configuraci\u00f3n del perfil en la red social correspondiente.<\/p>\n<p>Facebook<br \/><a href=\"https:\/\/www.facebook.com\/policy.php\">https:\/\/www.facebook.com\/policy.php<\/a><\/p>\n<p>Instagram<br \/><a href=\"https:\/\/help.instagram.com\/155833707900388\">https:\/\/help.instagram.com\/155833707900388<\/a><\/p>\n<p>LinkedIn<br \/><a href=\"https:\/\/www.linkedin.com\/legal\/privacy-policy\">https:\/\/www.linkedin.com\/legal\/privacy-policy<\/a><\/p>\n<p>Google<br \/><a href=\"https:\/\/www.google.com\/intl\/es\/policies\/privacy\/\">https:\/\/www.google.com\/intl\/es\/policies\/privacy\/<\/a><\/p>\n<hr \/>\n<p><strong>13. MEDIDAS DE SEGURIDAD<\/strong><\/p>\n<p>IGUANA SMOKE ha adoptado las medidas t\u00e9cnicas y organizativas necesarias para garantizar la seguridad de los datos personales y evitar su alteraci\u00f3n, p\u00e9rdida, tratamiento o acceso no autorizado, de conformidad con la normativa vigente.<\/p>\t\t\t\t\t\t\t\t<\/div>\n\t\t\t\t<\/div>\n\t\t\t\t\t<\/div>\n\t\t\t\t<\/div>\n\t\t\t\t<\/div>","protected":false},"excerpt":{"rendered":"<p>Pol\u00edticas de privacidad CONDICIONES LEGALES DE PRIVACIDAD Las Condiciones Legales de Privacidad forman parte de las Condiciones Legales Generales (en adelante, las \u00abCondiciones de Uso\u00bb) que rigen, entre otros, el acceso y uso al sitio web contenido en el dominio iguanasmoke.com (en adelante, la \u00abWeb\u00bb). El acceso y uso a la Web supone la aceptaci\u00f3n, [&hellip;]<\/p>\n","protected":false},"author":1,"featured_media":0,"parent":0,"menu_order":0,"comment_status":"closed","ping_status":"closed","template":"elementor_header_footer","meta":{"_acf_changed":false,"site-sidebar-layout":"no-sidebar","site-content-layout":"plain-container","ast-site-content-layout":"default","site-content-style":"unboxed","site-sidebar-style":"unboxed","ast-global-header-display":"","ast-banner-title-visibility":"","ast-main-header-display":"","ast-hfb-above-header-display":"","ast-hfb-below-header-display":"","ast-hfb-mobile-header-display":"","site-post-title":"disabled","ast-breadcrumbs-content":"","ast-featured-img":"disabled","footer-sml-layout":"","theme-transparent-header-meta":"","adv-header-id-meta":"","stick-header-meta":"","header-above-stick-meta":"","header-main-stick-meta":"","header-below-stick-meta":"","astra-migrate-meta-layouts":"set","ast-page-background-enabled":"default","ast-page-background-meta":{"desktop":{"background-color":"var(--ast-global-color-4)","background-image":"","background-repeat":"repeat","background-position":"center center","background-size":"auto","background-attachment":"scroll","background-type":"","background-media":"","overlay-type":"","overlay-color":"","overlay-opacity":"","overlay-gradient":""},"tablet":{"background-color":"","background-image":"","background-repeat":"repeat","background-position":"center center","background-size":"auto","background-attachment":"scroll","background-type":"","background-media":"","overlay-type":"","overlay-color":"","overlay-opacity":"","overlay-gradient":""},"mobile":{"background-color":"","background-image":"","background-repeat":"repeat","background-position":"center center","background-size":"auto","background-attachment":"scroll","background-type":"","background-media":"","overlay-type":"","overlay-color":"","overlay-opacity":"","overlay-gradient":""}},"ast-content-background-meta":{"desktop":{"background-color":"var(--ast-global-color-5)","background-image":"","background-repeat":"repeat","background-position":"center center","background-size":"auto","background-attachment":"scroll","background-type":"","background-media":"","overlay-type":"","overlay-color":"","overlay-opacity":"","overlay-gradient":""},"tablet":{"background-color":"var(--ast-global-color-5)","background-image":"","background-repeat":"repeat","background-position":"center center","background-size":"auto","background-attachment":"scroll","background-type":"","background-media":"","overlay-type":"","overlay-color":"","overlay-opacity":"","overlay-gradient":""},"mobile":{"background-color":"var(--ast-global-color-5)","background-image":"","background-repeat":"repeat","background-position":"center center","background-size":"auto","background-attachment":"scroll","background-type":"","background-media":"","overlay-type":"","overlay-color":"","overlay-opacity":"","overlay-gradient":""}},"footnotes":""},"class_list":["post-7843","page","type-page","status-publish","hentry"],"acf":[],"yoast_head":"<!-- This site is optimized with the Yoast SEO Premium plugin v27.3 (Yoast SEO v27.3) - https:\/\/yoast.com\/product\/yoast-seo-premium-wordpress\/ -->\n<title>Pol\u00edticas de privacidad | Iguana Smoke<\/title>\n<meta name=\"robots\" content=\"index, follow, max-snippet:-1, max-image-preview:large, max-video-preview:-1\" \/>\n<link rel=\"canonical\" href=\"https:\/\/iguanasmoke.com\/fr\/politique-de-confidentialite\/\" \/>\n<meta property=\"og:locale\" content=\"fr_FR\" \/>\n<meta property=\"og:type\" content=\"article\" \/>\n<meta property=\"og:title\" content=\"Pol\u00edticas de privacidad\" \/>\n<meta property=\"og:description\" content=\"Pol\u00edticas de privacidad CONDICIONES LEGALES DE PRIVACIDAD Las Condiciones Legales de Privacidad forman parte de las Condiciones Legales Generales (en\" \/>\n<meta property=\"og:url\" content=\"https:\/\/iguanasmoke.com\/fr\/politique-de-confidentialite\/\" \/>\n<meta property=\"og:site_name\" content=\"Iguana Smoke\" \/>\n<meta property=\"article:publisher\" content=\"https:\/\/www.facebook.com\/iguanasmoke\" \/>\n<meta property=\"article:modified_time\" content=\"2026-03-25T08:23:09+00:00\" \/>\n<meta property=\"og:image\" content=\"https:\/\/iguanasmoke.com\/wp-content\/uploads\/2025\/01\/logo-sauron-iguana-1.png\" \/>\n\t<meta property=\"og:image:width\" content=\"600\" \/>\n\t<meta property=\"og:image:height\" content=\"600\" \/>\n\t<meta property=\"og:image:type\" content=\"image\/png\" \/>\n<meta name=\"twitter:card\" content=\"summary_large_image\" \/>\n<meta name=\"twitter:label1\" content=\"Dur\u00e9e de lecture estim\u00e9e\" \/>\n\t<meta name=\"twitter:data1\" content=\"4 minutes\" \/>\n<!-- \/ Yoast SEO Premium plugin. -->","yoast_head_json":{"title":"Politique de confidentialit\u00e9 - Iguana Smoke","robots":{"index":"index","follow":"follow","max-snippet":"max-snippet:-1","max-image-preview":"max-image-preview:large","max-video-preview":"max-video-preview:-1"},"canonical":"https:\/\/iguanasmoke.com\/fr\/politique-de-confidentialite\/","og_locale":"fr_FR","og_type":"article","og_title":"Pol\u00edticas de privacidad","og_description":"Pol\u00edticas de privacidad CONDICIONES LEGALES DE PRIVACIDAD Las Condiciones Legales de Privacidad forman parte de las Condiciones Legales Generales (en","og_url":"https:\/\/iguanasmoke.com\/fr\/politique-de-confidentialite\/","og_site_name":"Iguana Smoke","article_publisher":"https:\/\/www.facebook.com\/iguanasmoke","article_modified_time":"2026-03-25T08:23:09+00:00","og_image":[{"width":600,"height":600,"url":"https:\/\/iguanasmoke.com\/wp-content\/uploads\/2025\/01\/logo-sauron-iguana-1.png","type":"image\/png"}],"twitter_card":"summary_large_image","twitter_misc":{"Dur\u00e9e de lecture estim\u00e9e":"4 minutes"},"schema":{"@context":"https:\/\/schema.org","@graph":[{"@type":"WebPage","@id":"https:\/\/iguanasmoke.com\/politicas-de-privacidad\/","url":"https:\/\/iguanasmoke.com\/politicas-de-privacidad\/","name":"Politique de confidentialit\u00e9 - Iguana Smoke","isPartOf":{"@id":"https:\/\/iguanasmoke.com\/#website"},"datePublished":"2021-04-25T03:32:26+00:00","dateModified":"2026-03-25T08:23:09+00:00","breadcrumb":{"@id":"https:\/\/iguanasmoke.com\/politicas-de-privacidad\/#breadcrumb"},"inLanguage":"fr-FR","potentialAction":[{"@type":"ReadAction","target":["https:\/\/iguanasmoke.com\/politicas-de-privacidad\/"]}]},{"@type":"BreadcrumbList","@id":"https:\/\/iguanasmoke.com\/politicas-de-privacidad\/#breadcrumb","itemListElement":[{"@type":"ListItem","position":1,"name":"home","item":"https:\/\/iguanasmoke.com\/"},{"@type":"ListItem","position":2,"name":"Pol\u00edticas de privacidad"}]},{"@type":"WebSite","@id":"https:\/\/iguanasmoke.com\/#website","url":"https:\/\/iguanasmoke.com\/","name":"Fum\u00e9e d'iguane","description":"Acheter du CBD en ligne au meilleur prix","publisher":{"@id":"https:\/\/iguanasmoke.com\/#organization"},"potentialAction":[{"@type":"SearchAction","target":{"@type":"EntryPoint","urlTemplate":"https:\/\/iguanasmoke.com\/?s={search_term_string}"},"query-input":{"@type":"PropertyValueSpecification","valueRequired":true,"valueName":"search_term_string"}}],"inLanguage":"fr-FR"},{"@type":"Organization","@id":"https:\/\/iguanasmoke.com\/#organization","name":"Fum\u00e9e d'iguane","url":"https:\/\/iguanasmoke.com\/","logo":{"@type":"ImageObject","inLanguage":"fr-FR","@id":"https:\/\/iguanasmoke.com\/#\/schema\/logo\/image\/","url":"https:\/\/iguanasmoke.com\/wp-content\/uploads\/2025\/01\/logoiguana-favi-1.png","contentUrl":"https:\/\/iguanasmoke.com\/wp-content\/uploads\/2025\/01\/logoiguana-favi-1.png","width":512,"height":512,"caption":"Iguana Smoke"},"image":{"@id":"https:\/\/iguanasmoke.com\/#\/schema\/logo\/image\/"},"sameAs":["https:\/\/www.facebook.com\/iguanasmoke","https:\/\/www.instagram.com\/iguanasmoke\/"]}]}},"_links":{"self":[{"href":"https:\/\/iguanasmoke.com\/fr\/wp-json\/wp\/v2\/pages\/7843","targetHints":{"allow":["GET"]}}],"collection":[{"href":"https:\/\/iguanasmoke.com\/fr\/wp-json\/wp\/v2\/pages"}],"about":[{"href":"https:\/\/iguanasmoke.com\/fr\/wp-json\/wp\/v2\/types\/page"}],"author":[{"embeddable":true,"href":"https:\/\/iguanasmoke.com\/fr\/wp-json\/wp\/v2\/users\/1"}],"replies":[{"embeddable":true,"href":"https:\/\/iguanasmoke.com\/fr\/wp-json\/wp\/v2\/comments?post=7843"}],"version-history":[{"count":25,"href":"https:\/\/iguanasmoke.com\/fr\/wp-json\/wp\/v2\/pages\/7843\/revisions"}],"predecessor-version":[{"id":82334,"href":"https:\/\/iguanasmoke.com\/fr\/wp-json\/wp\/v2\/pages\/7843\/revisions\/82334"}],"wp:attachment":[{"href":"https:\/\/iguanasmoke.com\/fr\/wp-json\/wp\/v2\/media?parent=7843"}],"curies":[{"name":"wp","href":"https:\/\/api.w.org\/{rel}","templated":true}]}}