{"id":9173,"date":"2021-06-09T14:30:35","date_gmt":"2021-06-09T12:30:35","guid":{"rendered":"http:\/\/iguanasmoke.com\/?page_id=9173"},"modified":"2024-11-27T14:28:34","modified_gmt":"2024-11-27T13:28:34","slug":"politiques-dexpedition-et-de-retour","status":"publish","type":"page","link":"https:\/\/iguanasmoke.com\/fr\/politicas-de-envios-y-devoluciones\/","title":{"rendered":"Politiques d'exp\u00e9dition et de retour"},"content":{"rendered":"<div data-elementor-type=\"wp-page\" data-elementor-id=\"9173\" class=\"elementor elementor-9173\" data-elementor-post-type=\"page\">\n\t\t\t\t<div class=\"elementor-element elementor-element-b71d9f5 e-con-full e-flex e-con e-parent\" data-id=\"b71d9f5\" data-element_type=\"container\" data-e-type=\"container\" data-settings=\"{&quot;background_background&quot;:&quot;classic&quot;}\">\n\t\t\t\t<div class=\"elementor-element elementor-element-eea7bfc elementor-widget elementor-widget-spacer\" data-id=\"eea7bfc\" data-element_type=\"widget\" data-e-type=\"widget\" data-widget_type=\"spacer.default\">\n\t\t\t\t<div class=\"elementor-widget-container\">\n\t\t\t\t\t\t\t<div class=\"elementor-spacer\">\n\t\t\t<div class=\"elementor-spacer-inner\"><\/div>\n\t\t<\/div>\n\t\t\t\t\t\t<\/div>\n\t\t\t\t<\/div>\n\t\t\t\t<div class=\"elementor-element elementor-element-efe1096 elementor-widget elementor-widget-heading\" data-id=\"efe1096\" data-element_type=\"widget\" data-e-type=\"widget\" data-widget_type=\"heading.default\">\n\t\t\t\t<div class=\"elementor-widget-container\">\n\t\t\t\t\t<h2 class=\"elementor-heading-title elementor-size-default\">Politique d'exp\u00e9dition et de retour<\/h2>\t\t\t\t<\/div>\n\t\t\t\t<\/div>\n\t\t\t\t<div class=\"elementor-element elementor-element-1132002 elementor-widget elementor-widget-spacer\" data-id=\"1132002\" data-element_type=\"widget\" data-e-type=\"widget\" data-widget_type=\"spacer.default\">\n\t\t\t\t<div class=\"elementor-widget-container\">\n\t\t\t\t\t\t\t<div class=\"elementor-spacer\">\n\t\t\t<div class=\"elementor-spacer-inner\"><\/div>\n\t\t<\/div>\n\t\t\t\t\t\t<\/div>\n\t\t\t\t<\/div>\n\t\t\t\t<\/div>\n\t\t<div class=\"elementor-element elementor-element-3602dee0 e-flex e-con-boxed e-con e-parent\" data-id=\"3602dee0\" data-element_type=\"container\" data-e-type=\"container\">\n\t\t\t\t\t<div class=\"e-con-inner\">\n\t\t\t\t<div class=\"elementor-element elementor-element-51ea11e5 elementor-widget elementor-widget-text-editor\" data-id=\"51ea11e5\" data-element_type=\"widget\" data-e-type=\"widget\" data-widget_type=\"text-editor.default\">\n\t\t\t\t<div class=\"elementor-widget-container\">\n\t\t\t\t\t\t\t\t\t<p><\/p>\n<p style=\"text-align: justify;\"><strong>Conditions l\u00e9gales d'exp\u00e9dition et de retour<\/strong><\/p>\n<p style=\"text-align: justify;\">Les conditions l\u00e9gales d'exp\u00e9dition et d'annulation font partie des conditions l\u00e9gales du contrat (ci-apr\u00e8s les \u00abconditions de vente\u00bb) r\u00e9gissant les transactions de vente effectu\u00e9es dans la boutique en ligne du domaine iguanasmoke.com (ci-apr\u00e8s la \u00abboutique en ligne\u00bb).<\/p>\n<p style=\"text-align: justify;\">L'achat de l'un des produits propos\u00e9s dans la boutique en ligne implique l'acceptation, sans r\u00e9serve d'aucune sorte, en tant qu'UTILISATEUR-CLIENT, des conditions d'utilisation et de vente.<\/p>\n<ol style=\"text-align: justify;\">\n<li><strong> M\u00c9THODES D'EXP\u00c9DITION<\/strong><\/li>\n<\/ol>\n<p style=\"text-align: justify;\">LIVRAISON \u00c0 DOMICILE, une fois le paiement de la commande v\u00e9rifi\u00e9, celle-ci sera envoy\u00e9e \u00e0 l'adresse postale fournie par l'UTILISATEUR-CLIENT. Nous vous enverrons des notifications par courrier \u00e9lectronique pour vous informer de l'\u00e9tat de votre commande dans un d\u00e9lai de 24 heures.<\/p>\n<p style=\"text-align: justify;\">L'ENVOI DU COLIS<\/p>\n<p style=\"text-align: justify;\">Les commandes re\u00e7ues avant 15:00h seront exp\u00e9di\u00e9es en moins de 24h, apr\u00e8s cette heure les paquets sont exp\u00e9di\u00e9s dans les 24h-48h jours ouvrables apr\u00e8s r\u00e9ception du paiement, par l'interm\u00e9diaire d'une soci\u00e9t\u00e9 de transport priv\u00e9e avec le num\u00e9ro de suivi respectif envoy\u00e9 automatiquement au m\u00eame courrier que celui o\u00f9 la commande a \u00e9t\u00e9 pass\u00e9e.<\/p>\n<p style=\"text-align: justify;\">Le colis arrivera dans les 24\/48 heures ouvrables suivant l'envoi.<\/p>\n<p style=\"text-align: justify;\">En r\u00e8gle g\u00e9n\u00e9rale, le colis sera livr\u00e9 avant 19h00 pour toutes les commandes pass\u00e9es dans la p\u00e9ninsule.<\/p>\n<p style=\"text-align: justify;\">Les frais de port s'\u00e9l\u00e8vent \u00e0 7,50 \u20ac et sont gratuits \u00e0 partir de 40 \u20ac dans le panier (aucun coupon de r\u00e9duction n'est appliqu\u00e9).<\/p>\n<p>\u00ceLES BAL\u00c9ARES<\/p>\n<p>Les frais de livraison aux \u00eeles Bal\u00e9ares s'\u00e9l\u00e8vent \u00e0 18 \u20ac pour toutes les commandes et \u00e0 10,89 \u20ac pour les commandes sup\u00e9rieures \u00e0 40 \u20ac.<\/p>\n<p style=\"text-align: justify;\">\u00ceLES CANARIES (48-72h)<\/p>\n<p style=\"text-align: justify;\">Les livraisons aux \u00eeles Canaries ne sont pas possibles pour le moment.<\/p>\n<p style=\"text-align: justify;\">CEUTA\/MELILLA- (48-72h)<\/p>\n<p style=\"text-align: justify;\">Les livraisons \u00e0 Ceuta\/Melilla ne sont pas possibles pour le moment.<\/p>\n<ol style=\"text-align: justify;\" start=\"2\">\n<li><strong> FRAIS D'EXP\u00c9DITION ET D\u00c9LAIS DE LIVRAISON<\/strong><\/li>\n<\/ol>\n<p style=\"text-align: justify;\">Le co\u00fbt de la livraison \u00e0 domicile varie en fonction du lieu et du poids. Les montants et les d\u00e9lais de livraison sont pr\u00e9cis\u00e9s dans l'offre de vente de chaque produit. Pour les livraisons en Espagne continentale, le d\u00e9lai de livraison est de 24 \u00e0 48 heures. Pour les livraisons dans les autres pays europ\u00e9ens, le d\u00e9lai de livraison est de 5 \u00e0 7 jours.<\/p>\n<p style=\"text-align: justify;\">Les envois seront effectu\u00e9s uniquement et exclusivement par la Poste ou par une entreprise de transport priv\u00e9e et c'est l'UTILISATEUR-CLIENT qui assumera la totalit\u00e9 des frais d'envoi, sauf s'ils d\u00e9passent le montant \u00e9tabli pour l'envoi gratuit ou s'il existe une offre promotionnelle plus avantageuse pour l'UTILISATEUR-CLIENT.<\/p>\n<ol style=\"text-align: justify;\" start=\"3\">\n<li><strong> ANNULATIONS<\/strong><\/li>\n<\/ol>\n<p style=\"text-align: justify;\">IGUANA SMOKE pourra accepter l'annulation de toute commande tant qu'elle n'aura pas \u00e9t\u00e9 exp\u00e9di\u00e9e et en fonction de l'\u00e9tat de pr\u00e9paration de la commande. Pour ce faire, vous devez la communiquer par le biais de l'adresse \u00e9lectronique suivante : contacto@iguanasmoke.com.<\/p>\n<p style=\"text-align: justify;\">IGUANA SMOKE peut annuler la commande si elle a des raisons de penser que le moyen de paiement ou l'objet de l'achat n'est pas valable ou licite.<\/p>\n<p style=\"text-align: justify;\">Dans ce cas, IGUANA SMOKE contactera l'utilisateur-client et lui proposera une solution alternative pour r\u00e9soudre l'irr\u00e9gularit\u00e9 d\u00e9tect\u00e9e.<\/p>\n<p style=\"text-align: justify;\"><strong>Conditions l\u00e9gales de retour et de remboursement<\/strong><\/p>\n<p style=\"text-align: justify;\">Les conditions l\u00e9gales de retour et de remboursement font partie des conditions l\u00e9gales du contrat (ci-apr\u00e8s les \u00abconditions de vente\u00bb) r\u00e9gissant les transactions de vente effectu\u00e9es dans la boutique en ligne du domaine iguanasmoke.com (ci-apr\u00e8s la \u00abboutique en ligne\u00bb).<\/p>\n<p style=\"text-align: justify;\">L'achat de l'un des produits propos\u00e9s dans la boutique en ligne implique l'acceptation, sans r\u00e9serve d'aucune sorte, en tant qu'UTILISATEUR-CLIENT, des conditions d'utilisation et de vente.<\/p>\n<ol style=\"text-align: justify;\">\n<li><strong> RETOUR<\/strong><\/li>\n<\/ol>\n<p style=\"text-align: justify;\">Conform\u00e9ment \u00e0 la l\u00e9gislation en vigueur, l'UTILISATEUR-CLIENT a le droit de retourner tout produit dans un d\u00e9lai de quatorze (14) jours \u00e0 compter de la date de r\u00e9ception du produit.<\/p>\n<p style=\"text-align: justify;\">Le produit doit \u00eatre inutilis\u00e9 et en parfait \u00e9tat, y compris les accessoires, la documentation et l'emballage d'origine, faute de quoi la marchandise sera d\u00e9pr\u00e9ci\u00e9e.<\/p>\n<p style=\"text-align: justify;\">L'UTILISATEUR-CLIENT n'est responsable que de la d\u00e9pr\u00e9ciation des produits r\u00e9sultant de manipulations autres que celles n\u00e9cessaires pour \u00e9tablir la nature, les caract\u00e9ristiques et le fonctionnement des biens achet\u00e9s.<\/p>\n<p>Les produits \u00e0 base de fleurs ne seront en aucun cas rembours\u00e9s s'ils ont \u00e9t\u00e9 ouverts.<\/p>\n<p style=\"text-align: justify;\">L'UTILISATEUR-CLIENT doit communiquer son intention de retourner le produit objet de l'achat \u00e0 IGUANA SMOKE, pour ce faire, veuillez nous contacter par email \u00e0 contacto@iguanasmoke.com ou en utilisant le bouton chat en bas \u00e0 droite de l'\u00e9cran.<\/p>\n<ol style=\"text-align: justify;\" start=\"2\">\n<li><strong> REMBOURSEMENT<\/strong><\/li>\n<\/ol>\n<p style=\"text-align: justify;\">Le montant sera rembours\u00e9 conform\u00e9ment aux conditions \u00e9tablies dans le RDL 1\/2007 et par le m\u00eame moyen de paiement que celui utilis\u00e9 par l'UTILISATEUR-CLIENT pour effectuer l'achat.<\/p>\n<p style=\"text-align: justify;\">Pour toute forme de retour, la marchandise sera v\u00e9rifi\u00e9e dans les installations d'IGUANA SMOKE. Apr\u00e8s v\u00e9rification de son bon \u00e9tat, le montant sera rembours\u00e9, d\u00e9duction faite des frais d'exp\u00e9dition, conform\u00e9ment au mode de paiement effectu\u00e9 par l'UTILISATEUR-CLIENT, dans un d\u00e9lai ne d\u00e9passant pas 14 jours calendaires \u00e0 compter de la r\u00e9ception de la marchandise retourn\u00e9e.<\/p>\n<p style=\"text-align: justify;\">IGUANA SMOKE prendra en charge le co\u00fbt direct du retour en cas d'erreur d'exp\u00e9dition ou de d\u00e9faut de fabrication. \u00c0 cette fin, IGUANA SMOKE prendra en charge l'exp\u00e9dition et, apr\u00e8s avoir v\u00e9rifi\u00e9 la validit\u00e9 de l'erreur ou du d\u00e9faut de fabrication du produit, versera le montant \u00e9quivalent aux frais d'exp\u00e9dition soumis au retour du produit sur le compte de l'UTILISATEUR-CLIENT.<\/p>\n<p style=\"text-align: justify;\">En l'absence de d\u00e9faut de fabrication ou d'erreur d'exp\u00e9dition, l'UTILISATEUR-CLIENT prendra \u00e0 sa charge les frais d'envoi pour \u00e9changer ou retourner sa commande dans le d\u00e9lai de garantie l\u00e9gale de retour des produits susvis\u00e9, conform\u00e9ment \u00e0 la r\u00e9glementation en vigueur.<\/p>\t\t\t\t\t\t\t\t<\/div>\n\t\t\t\t<\/div>\n\t\t\t\t\t<\/div>\n\t\t\t\t<\/div>\n\t\t\t\t<\/div>","protected":false},"excerpt":{"rendered":"<p>Pol\u00edtica de env\u00edo y devoluciones Condiciones Legales de Env\u00edos y Devoluciones Las Condiciones Legales de Env\u00edo y Anulaci\u00f3n forman parte de las Condiciones Legales de Contrataci\u00f3n (en adelante, las \u00abCondiciones de Venta\u00bb) que rigen las operaciones de venta realizadas en la tienda en l\u00ednea contenida en el dominio iguanasmoke.com (en adelante, la \u00abTienda Online\u00bb). La [&hellip;]<\/p>\n","protected":false},"author":1,"featured_media":0,"parent":0,"menu_order":0,"comment_status":"closed","ping_status":"closed","template":"","meta":{"_acf_changed":false,"site-sidebar-layout":"no-sidebar","site-content-layout":"plain-container","ast-site-content-layout":"default","site-content-style":"unboxed","site-sidebar-style":"unboxed","ast-global-header-display":"","ast-banner-title-visibility":"","ast-main-header-display":"","ast-hfb-above-header-display":"","ast-hfb-below-header-display":"","ast-hfb-mobile-header-display":"","site-post-title":"disabled","ast-breadcrumbs-content":"","ast-featured-img":"disabled","footer-sml-layout":"","theme-transparent-header-meta":"","adv-header-id-meta":"","stick-header-meta":"","header-above-stick-meta":"","header-main-stick-meta":"","header-below-stick-meta":"","astra-migrate-meta-layouts":"set","ast-page-background-enabled":"default","ast-page-background-meta":{"desktop":{"background-color":"var(--ast-global-color-4)","background-image":"","background-repeat":"repeat","background-position":"center center","background-size":"auto","background-attachment":"scroll","background-type":"","background-media":"","overlay-type":"","overlay-color":"","overlay-opacity":"","overlay-gradient":""},"tablet":{"background-color":"","background-image":"","background-repeat":"repeat","background-position":"center center","background-size":"auto","background-attachment":"scroll","background-type":"","background-media":"","overlay-type":"","overlay-color":"","overlay-opacity":"","overlay-gradient":""},"mobile":{"background-color":"","background-image":"","background-repeat":"repeat","background-position":"center center","background-size":"auto","background-attachment":"scroll","background-type":"","background-media":"","overlay-type":"","overlay-color":"","overlay-opacity":"","overlay-gradient":""}},"ast-content-background-meta":{"desktop":{"background-color":"var(--ast-global-color-5)","background-image":"","background-repeat":"repeat","background-position":"center center","background-size":"auto","background-attachment":"scroll","background-type":"","background-media":"","overlay-type":"","overlay-color":"","overlay-opacity":"","overlay-gradient":""},"tablet":{"background-color":"var(--ast-global-color-5)","background-image":"","background-repeat":"repeat","background-position":"center center","background-size":"auto","background-attachment":"scroll","background-type":"","background-media":"","overlay-type":"","overlay-color":"","overlay-opacity":"","overlay-gradient":""},"mobile":{"background-color":"var(--ast-global-color-5)","background-image":"","background-repeat":"repeat","background-position":"center center","background-size":"auto","background-attachment":"scroll","background-type":"","background-media":"","overlay-type":"","overlay-color":"","overlay-opacity":"","overlay-gradient":""}},"footnotes":""},"class_list":["post-9173","page","type-page","status-publish","hentry"],"acf":[],"yoast_head":"<!-- This site is optimized with the Yoast SEO Premium plugin v27.3 (Yoast SEO v27.3) - https:\/\/yoast.com\/product\/yoast-seo-premium-wordpress\/ -->\n<title>Pol\u00edticas de env\u00edos y devoluciones | Iguana Smoke<\/title>\n<meta name=\"robots\" content=\"index, follow, max-snippet:-1, max-image-preview:large, max-video-preview:-1\" \/>\n<link rel=\"canonical\" href=\"https:\/\/iguanasmoke.com\/fr\/politiques-dexpedition-et-de-retour\/\" \/>\n<meta property=\"og:locale\" content=\"fr_FR\" \/>\n<meta property=\"og:type\" content=\"article\" \/>\n<meta property=\"og:title\" content=\"Pol\u00edticas de env\u00edos y devoluciones\" \/>\n<meta property=\"og:description\" content=\"Pol\u00edtica de env\u00edo y devoluciones Condiciones Legales de Env\u00edos y Devoluciones Las Condiciones Legales de Env\u00edo y Anulaci\u00f3n forman parte de las Condiciones\" \/>\n<meta property=\"og:url\" content=\"https:\/\/iguanasmoke.com\/fr\/politiques-dexpedition-et-de-retour\/\" \/>\n<meta property=\"og:site_name\" content=\"Iguana Smoke\" \/>\n<meta property=\"article:publisher\" content=\"https:\/\/www.facebook.com\/iguanasmoke\" \/>\n<meta property=\"article:modified_time\" content=\"2024-11-27T13:28:34+00:00\" \/>\n<meta property=\"og:image\" content=\"https:\/\/iguanasmoke.com\/wp-content\/uploads\/2025\/01\/logo-sauron-iguana-1.png\" \/>\n\t<meta property=\"og:image:width\" content=\"600\" \/>\n\t<meta property=\"og:image:height\" content=\"600\" \/>\n\t<meta property=\"og:image:type\" content=\"image\/png\" \/>\n<meta name=\"twitter:card\" content=\"summary_large_image\" \/>\n<meta name=\"twitter:label1\" content=\"Dur\u00e9e de lecture estim\u00e9e\" \/>\n\t<meta name=\"twitter:data1\" content=\"5 minutes\" \/>\n<!-- \/ Yoast SEO Premium plugin. -->","yoast_head_json":{"title":"Politique d'exp\u00e9dition et de retour : Iguana Smoke","robots":{"index":"index","follow":"follow","max-snippet":"max-snippet:-1","max-image-preview":"max-image-preview:large","max-video-preview":"max-video-preview:-1"},"canonical":"https:\/\/iguanasmoke.com\/fr\/politiques-dexpedition-et-de-retour\/","og_locale":"fr_FR","og_type":"article","og_title":"Pol\u00edticas de env\u00edos y devoluciones","og_description":"Pol\u00edtica de env\u00edo y devoluciones Condiciones Legales de Env\u00edos y Devoluciones Las Condiciones Legales de Env\u00edo y Anulaci\u00f3n forman parte de las Condiciones","og_url":"https:\/\/iguanasmoke.com\/fr\/politiques-dexpedition-et-de-retour\/","og_site_name":"Iguana Smoke","article_publisher":"https:\/\/www.facebook.com\/iguanasmoke","article_modified_time":"2024-11-27T13:28:34+00:00","og_image":[{"width":600,"height":600,"url":"https:\/\/iguanasmoke.com\/wp-content\/uploads\/2025\/01\/logo-sauron-iguana-1.png","type":"image\/png"}],"twitter_card":"summary_large_image","twitter_misc":{"Dur\u00e9e de lecture estim\u00e9e":"5 minutes"},"schema":{"@context":"https:\/\/schema.org","@graph":[{"@type":"WebPage","@id":"https:\/\/iguanasmoke.com\/politicas-de-envios-y-devoluciones\/","url":"https:\/\/iguanasmoke.com\/politicas-de-envios-y-devoluciones\/","name":"Politique d'exp\u00e9dition et de retour : Iguana Smoke","isPartOf":{"@id":"https:\/\/iguanasmoke.com\/#website"},"datePublished":"2021-06-09T12:30:35+00:00","dateModified":"2024-11-27T13:28:34+00:00","breadcrumb":{"@id":"https:\/\/iguanasmoke.com\/politicas-de-envios-y-devoluciones\/#breadcrumb"},"inLanguage":"fr-FR","potentialAction":[{"@type":"ReadAction","target":["https:\/\/iguanasmoke.com\/politicas-de-envios-y-devoluciones\/"]}]},{"@type":"BreadcrumbList","@id":"https:\/\/iguanasmoke.com\/politicas-de-envios-y-devoluciones\/#breadcrumb","itemListElement":[{"@type":"ListItem","position":1,"name":"home","item":"https:\/\/iguanasmoke.com\/"},{"@type":"ListItem","position":2,"name":"Pol\u00edticas de env\u00edos y devoluciones"}]},{"@type":"WebSite","@id":"https:\/\/iguanasmoke.com\/#website","url":"https:\/\/iguanasmoke.com\/","name":"Fum\u00e9e d'iguane","description":"Acheter du CBD en ligne au meilleur prix","publisher":{"@id":"https:\/\/iguanasmoke.com\/#organization"},"potentialAction":[{"@type":"SearchAction","target":{"@type":"EntryPoint","urlTemplate":"https:\/\/iguanasmoke.com\/?s={search_term_string}"},"query-input":{"@type":"PropertyValueSpecification","valueRequired":true,"valueName":"search_term_string"}}],"inLanguage":"fr-FR"},{"@type":"Organization","@id":"https:\/\/iguanasmoke.com\/#organization","name":"Fum\u00e9e d'iguane","url":"https:\/\/iguanasmoke.com\/","logo":{"@type":"ImageObject","inLanguage":"fr-FR","@id":"https:\/\/iguanasmoke.com\/#\/schema\/logo\/image\/","url":"https:\/\/iguanasmoke.com\/wp-content\/uploads\/2025\/01\/logoiguana-favi-1.png","contentUrl":"https:\/\/iguanasmoke.com\/wp-content\/uploads\/2025\/01\/logoiguana-favi-1.png","width":512,"height":512,"caption":"Iguana Smoke"},"image":{"@id":"https:\/\/iguanasmoke.com\/#\/schema\/logo\/image\/"},"sameAs":["https:\/\/www.facebook.com\/iguanasmoke","https:\/\/www.instagram.com\/iguanasmoke\/"]}]}},"_links":{"self":[{"href":"https:\/\/iguanasmoke.com\/fr\/wp-json\/wp\/v2\/pages\/9173","targetHints":{"allow":["GET"]}}],"collection":[{"href":"https:\/\/iguanasmoke.com\/fr\/wp-json\/wp\/v2\/pages"}],"about":[{"href":"https:\/\/iguanasmoke.com\/fr\/wp-json\/wp\/v2\/types\/page"}],"author":[{"embeddable":true,"href":"https:\/\/iguanasmoke.com\/fr\/wp-json\/wp\/v2\/users\/1"}],"replies":[{"embeddable":true,"href":"https:\/\/iguanasmoke.com\/fr\/wp-json\/wp\/v2\/comments?post=9173"}],"version-history":[{"count":18,"href":"https:\/\/iguanasmoke.com\/fr\/wp-json\/wp\/v2\/pages\/9173\/revisions"}],"predecessor-version":[{"id":44221,"href":"https:\/\/iguanasmoke.com\/fr\/wp-json\/wp\/v2\/pages\/9173\/revisions\/44221"}],"wp:attachment":[{"href":"https:\/\/iguanasmoke.com\/fr\/wp-json\/wp\/v2\/media?parent=9173"}],"curies":[{"name":"wp","href":"https:\/\/api.w.org\/{rel}","templated":true}]}}