{"id":9671,"date":"2021-08-16T15:08:47","date_gmt":"2021-08-16T13:08:47","guid":{"rendered":"http:\/\/iguanasmoke.com\/?page_id=9671"},"modified":"2021-08-16T15:08:47","modified_gmt":"2021-08-16T13:08:47","slug":"tres-bientot-la-fumee-diguane","status":"publish","type":"page","link":"https:\/\/iguanasmoke.com\/fr\/muy-pronto-iguana-smoke\/","title":{"rendered":"tr\u00e8s bient\u00f4t la fum\u00e9e d'iguane"},"content":{"rendered":"<div id=\"sp-page\" class=\"spBgcover sp-content-1\" style=\"background-color: rgb(255, 255, 255); font-family: 'Helvetica Neue', Arial, sans-serif; font-weight: 400;\">\n<section id=\"sp-ks8a8s\" class=\"sp-el-section  spBgcover\" style=\"width: 100%; max-width: 100%; padding: 10px; background-image: url('http:\/\/iguanasmoke.com\/wp-content\/uploads\/2018\/02\/FondoDestelloCentro.png');\">\n<div id=\"sp-vw3kvy\" class=\"sp-el-row sm:sp-flex sp-justify-between sp-w-full  sp-m-auto\" style=\"padding: 0px; width: auto; max-width: 1000px;\">\n<div id=\"sp-f4ozut\" class=\"sp-el-col sp-p-4  sp-w-full\" style=\"width: calc(33.3333% - 0px); padding: 10px;\"><\/div>\n<div id=\"sp-ua2xs8\" class=\"sp-el-col sp-p-4  sp-w-full\" style=\"width: calc(33.3333% - 0px); padding: 10px;\">\n<div id=\"sp-ja47yj\" class=\"sp-spacer\" style=\"height: 90px;\"><\/div>\n<figure id=\"sp-pmcw85\" class=\"sp-image-wrapper\" style=\"margin-top: 0px; padding: 10px; text-align: center;\"><span><img decoding=\"async\" src=\"http:\/\/iguanasmoke.com\/wp-content\/uploads\/2018\/02\/IguanaSmokePNG1.png\" alt=\"\" data-mobile-visibility=\".sp-image-block-pmcw85|false\" data-desktop-visibility=\".sp-image-block-pmcw85|false\" srcset=\" http:\/\/iguanasmoke.com\/wp-content\/uploads\/2018\/02\/IguanaSmokePNG1-150x150.png 150w, http:\/\/iguanasmoke.com\/wp-content\/uploads\/2018\/02\/IguanaSmokePNG1-272x300.png 272w, http:\/\/iguanasmoke.com\/wp-content\/uploads\/2018\/02\/IguanaSmokePNG1-928x1024.png 928w, http:\/\/iguanasmoke.com\/wp-content\/uploads\/2018\/02\/IguanaSmokePNG1.png 1263w\" class=\"sp-image-block-pmcw85\"><\/span><\/figure>\n<h1 id=\"sp-mgtvpu\" data-mobile-css=\"\" data-mobile-visibility=\".sp-headline-block-mgtvpu|false\" data-desktop-visibility=\".sp-headline-block-mgtvpu|false\" class=\"sp-css-target sp-headline-block-mgtvpu\" style=\"text-align: center; padding: 10px; margin-top: 0px;\">TR\u00c8S PROCHAINEMENT<\/h1>\n<div id=\"sp-ztlhzj\" data-mobile-css=\"\" data-mobile-visibility=\".sp-text-wrapper-ztlhzj|false\" data-desktop-visibility=\".sp-text-wrapper-ztlhzj|false\" class=\"sp-css-target sp-text-wrapper sp-text-wrapper-ztlhzj\" style=\"font-size: 16px; color: rgb(255, 255, 255); padding: 10px; margin-top: 0px; text-align: center;\">\n<p>Nous travaillons pour vous, d\u00e9sol\u00e9 pour la g\u00eane occasionn\u00e9e.<\/p>\n<\/div>\n<\/div>\n<div id=\"sp-i60uv1\" class=\"sp-el-col sp-p-4  sp-w-full\" style=\"width: calc(33.3333% - 0px); padding: 10px;\"><\/div>\n<\/div>\n<div id=\"sp-uxnk7i\" class=\"sp-el-row sm:sp-flex sp-justify-between sp-w-full  sp-m-auto\" style=\"padding: 0px; width: auto; max-width: 1000px;\">\n<div id=\"sp-puhvlk\" class=\"sp-el-col sp-p-4  sp-w-full\" style=\"width: calc(100% - 0px); padding: 10px;\">\n<div id=\"sp-iem6pn\" data-mobile-visibility=\".sp-custom-html-block-iem6pn|false\" data-desktop-visibility=\".sp-custom-html-block-iem6pn|false\" class=\"sp-code-wrapper sp-custom-html-block-iem6pn\" style=\"padding: 10px; margin-top: 40px;\">\n<div class=\"\">\n<div class=\"containerbox-mant\">\n<div class=\"input-group\">\n      <input type=\"email\" name=\"EMAIL\" placeholder=\"Saisissez votre adresse \u00e9lectronique ...\" required=\"\"><br \/>\n      <span class=\"input-group-append\"><br \/>\n        <button class=\"btn-mc\" type=\"submit\">S'abonner<\/button><\/p>\n<p>\n          <br \/>\n    <label><br \/>\n        <input name=\"AGREE_TO_TERMS\" type=\"checkbox\" value=\"1\" required=\"\">J'ai lu et j'accepte les <a class=\"hiper2\" href=\"http:\/\/iguanasmoke.com\/fr\/conditions-generales\/\">conditions g\u00e9n\u00e9rales<\/a><\/label>\n<\/p>\n<p>      <\/span>\n<\/div>\n<\/div>\n<\/div>\n<\/div>\n<div id=\"sp-ma3zy0\" class=\"sp-spacer\" style=\"height: 60px;\"><\/div>\n<\/div>\n<\/div>\n<\/section>\n<\/div>","protected":false},"excerpt":{"rendered":"<p>TRES PROCHAINEMENT Nous travaillons pour vous, d\u00e9sol\u00e9 pour la g\u00eane occasionn\u00e9e. S'inscrire J'ai lu et j'accepte les conditions g\u00e9n\u00e9rales d'utilisation.<\/p>","protected":false},"author":1,"featured_media":0,"parent":0,"menu_order":0,"comment_status":"closed","ping_status":"closed","template":"","meta":{"_acf_changed":false,"site-sidebar-layout":"default","site-content-layout":"","ast-site-content-layout":"default","site-content-style":"default","site-sidebar-style":"default","ast-global-header-display":"","ast-banner-title-visibility":"","ast-main-header-display":"","ast-hfb-above-header-display":"","ast-hfb-below-header-display":"","ast-hfb-mobile-header-display":"","site-post-title":"","ast-breadcrumbs-content":"","ast-featured-img":"","footer-sml-layout":"","theme-transparent-header-meta":"","adv-header-id-meta":"","stick-header-meta":"","header-above-stick-meta":"","header-main-stick-meta":"","header-below-stick-meta":"","astra-migrate-meta-layouts":"default","ast-page-background-enabled":"default","ast-page-background-meta":{"desktop":{"background-color":"var(--ast-global-color-4)","background-image":"","background-repeat":"repeat","background-position":"center center","background-size":"auto","background-attachment":"scroll","background-type":"","background-media":"","overlay-type":"","overlay-color":"","overlay-opacity":"","overlay-gradient":""},"tablet":{"background-color":"","background-image":"","background-repeat":"repeat","background-position":"center center","background-size":"auto","background-attachment":"scroll","background-type":"","background-media":"","overlay-type":"","overlay-color":"","overlay-opacity":"","overlay-gradient":""},"mobile":{"background-color":"","background-image":"","background-repeat":"repeat","background-position":"center center","background-size":"auto","background-attachment":"scroll","background-type":"","background-media":"","overlay-type":"","overlay-color":"","overlay-opacity":"","overlay-gradient":""}},"ast-content-background-meta":{"desktop":{"background-color":"var(--ast-global-color-5)","background-image":"","background-repeat":"repeat","background-position":"center center","background-size":"auto","background-attachment":"scroll","background-type":"","background-media":"","overlay-type":"","overlay-color":"","overlay-opacity":"","overlay-gradient":""},"tablet":{"background-color":"var(--ast-global-color-5)","background-image":"","background-repeat":"repeat","background-position":"center center","background-size":"auto","background-attachment":"scroll","background-type":"","background-media":"","overlay-type":"","overlay-color":"","overlay-opacity":"","overlay-gradient":""},"mobile":{"background-color":"var(--ast-global-color-5)","background-image":"","background-repeat":"repeat","background-position":"center center","background-size":"auto","background-attachment":"scroll","background-type":"","background-media":"","overlay-type":"","overlay-color":"","overlay-opacity":"","overlay-gradient":""}},"footnotes":""},"class_list":["post-9671","page","type-page","status-publish","hentry"],"acf":[],"yoast_head":"<!-- This site is optimized with the Yoast SEO Premium plugin v27.3 (Yoast SEO v27.3) - https:\/\/yoast.com\/product\/yoast-seo-premium-wordpress\/ -->\n<title>muy pronto iguana smoke | Iguana Smoke<\/title>\n<meta name=\"robots\" content=\"index, follow, max-snippet:-1, max-image-preview:large, max-video-preview:-1\" \/>\n<link rel=\"canonical\" href=\"https:\/\/iguanasmoke.com\/fr\/tres-bientot-la-fumee-diguane\/\" \/>\n<meta property=\"og:locale\" content=\"fr_FR\" \/>\n<meta property=\"og:type\" content=\"article\" \/>\n<meta property=\"og:title\" content=\"muy pronto iguana smoke\" \/>\n<meta property=\"og:description\" content=\"MUY PRONTOEstamos trabajando para ustedes, disculpen las molest\u00edas. Suscr\u00edbete He le\u00eddo y acepto los t\u00e9rminos y\" \/>\n<meta property=\"og:url\" content=\"https:\/\/iguanasmoke.com\/fr\/tres-bientot-la-fumee-diguane\/\" \/>\n<meta property=\"og:site_name\" content=\"Iguana Smoke\" \/>\n<meta property=\"article:publisher\" content=\"https:\/\/www.facebook.com\/iguanasmoke\" \/>\n<meta property=\"og:image\" content=\"http:\/\/iguanasmoke.com\/wp-content\/uploads\/2018\/02\/IguanaSmokePNG1.png\" \/>\n<meta name=\"twitter:card\" content=\"summary_large_image\" \/>\n<!-- \/ Yoast SEO Premium plugin. -->","yoast_head_json":{"title":"bient\u00f4t iguana smoke | Iguana Smoke","robots":{"index":"index","follow":"follow","max-snippet":"max-snippet:-1","max-image-preview":"max-image-preview:large","max-video-preview":"max-video-preview:-1"},"canonical":"https:\/\/iguanasmoke.com\/fr\/tres-bientot-la-fumee-diguane\/","og_locale":"fr_FR","og_type":"article","og_title":"muy pronto iguana smoke","og_description":"MUY PRONTOEstamos trabajando para ustedes, disculpen las molest\u00edas. Suscr\u00edbete He le\u00eddo y acepto los t\u00e9rminos y","og_url":"https:\/\/iguanasmoke.com\/fr\/tres-bientot-la-fumee-diguane\/","og_site_name":"Iguana Smoke","article_publisher":"https:\/\/www.facebook.com\/iguanasmoke","og_image":[{"url":"http:\/\/iguanasmoke.com\/wp-content\/uploads\/2018\/02\/IguanaSmokePNG1.png","type":"","width":"","height":""}],"twitter_card":"summary_large_image","schema":{"@context":"https:\/\/schema.org","@graph":[{"@type":"WebPage","@id":"https:\/\/iguanasmoke.com\/en\/very-soon-iguana-smoke\/","url":"https:\/\/iguanasmoke.com\/en\/very-soon-iguana-smoke\/","name":"bient\u00f4t iguana smoke | Iguana Smoke","isPartOf":{"@id":"https:\/\/iguanasmoke.com\/#website"},"primaryImageOfPage":{"@id":"https:\/\/iguanasmoke.com\/en\/very-soon-iguana-smoke\/#primaryimage"},"image":{"@id":"https:\/\/iguanasmoke.com\/en\/very-soon-iguana-smoke\/#primaryimage"},"thumbnailUrl":"http:\/\/iguanasmoke.com\/wp-content\/uploads\/2018\/02\/IguanaSmokePNG1.png","datePublished":"2021-08-16T13:08:47+00:00","breadcrumb":{"@id":"https:\/\/iguanasmoke.com\/en\/very-soon-iguana-smoke\/#breadcrumb"},"inLanguage":"fr-FR","potentialAction":[{"@type":"ReadAction","target":["https:\/\/iguanasmoke.com\/en\/very-soon-iguana-smoke\/"]}]},{"@type":"ImageObject","inLanguage":"fr-FR","@id":"https:\/\/iguanasmoke.com\/en\/very-soon-iguana-smoke\/#primaryimage","url":"http:\/\/iguanasmoke.com\/wp-content\/uploads\/2018\/02\/IguanaSmokePNG1.png","contentUrl":"http:\/\/iguanasmoke.com\/wp-content\/uploads\/2018\/02\/IguanaSmokePNG1.png"},{"@type":"BreadcrumbList","@id":"https:\/\/iguanasmoke.com\/en\/very-soon-iguana-smoke\/#breadcrumb","itemListElement":[{"@type":"ListItem","position":1,"name":"home","item":"https:\/\/iguanasmoke.com\/"},{"@type":"ListItem","position":2,"name":"muy pronto iguana smoke"}]},{"@type":"WebSite","@id":"https:\/\/iguanasmoke.com\/#website","url":"https:\/\/iguanasmoke.com\/","name":"Fum\u00e9e d'iguane","description":"Acheter du CBD en ligne au meilleur prix","publisher":{"@id":"https:\/\/iguanasmoke.com\/#organization"},"potentialAction":[{"@type":"SearchAction","target":{"@type":"EntryPoint","urlTemplate":"https:\/\/iguanasmoke.com\/?s={search_term_string}"},"query-input":{"@type":"PropertyValueSpecification","valueRequired":true,"valueName":"search_term_string"}}],"inLanguage":"fr-FR"},{"@type":"Organization","@id":"https:\/\/iguanasmoke.com\/#organization","name":"Fum\u00e9e d'iguane","url":"https:\/\/iguanasmoke.com\/","logo":{"@type":"ImageObject","inLanguage":"fr-FR","@id":"https:\/\/iguanasmoke.com\/#\/schema\/logo\/image\/","url":"https:\/\/iguanasmoke.com\/wp-content\/uploads\/2025\/01\/logoiguana-favi-1.png","contentUrl":"https:\/\/iguanasmoke.com\/wp-content\/uploads\/2025\/01\/logoiguana-favi-1.png","width":512,"height":512,"caption":"Iguana Smoke"},"image":{"@id":"https:\/\/iguanasmoke.com\/#\/schema\/logo\/image\/"},"sameAs":["https:\/\/www.facebook.com\/iguanasmoke","https:\/\/www.instagram.com\/iguanasmoke\/"]}]}},"_links":{"self":[{"href":"https:\/\/iguanasmoke.com\/fr\/wp-json\/wp\/v2\/pages\/9671","targetHints":{"allow":["GET"]}}],"collection":[{"href":"https:\/\/iguanasmoke.com\/fr\/wp-json\/wp\/v2\/pages"}],"about":[{"href":"https:\/\/iguanasmoke.com\/fr\/wp-json\/wp\/v2\/types\/page"}],"author":[{"embeddable":true,"href":"https:\/\/iguanasmoke.com\/fr\/wp-json\/wp\/v2\/users\/1"}],"replies":[{"embeddable":true,"href":"https:\/\/iguanasmoke.com\/fr\/wp-json\/wp\/v2\/comments?post=9671"}],"version-history":[{"count":11,"href":"https:\/\/iguanasmoke.com\/fr\/wp-json\/wp\/v2\/pages\/9671\/revisions"}],"predecessor-version":[{"id":9676,"href":"https:\/\/iguanasmoke.com\/fr\/wp-json\/wp\/v2\/pages\/9671\/revisions\/9676"}],"wp:attachment":[{"href":"https:\/\/iguanasmoke.com\/fr\/wp-json\/wp\/v2\/media?parent=9671"}],"curies":[{"name":"wp","href":"https:\/\/api.w.org\/{rel}","templated":true}]}}