{"id":10223,"date":"2022-03-31T09:23:36","date_gmt":"2022-03-31T07:23:36","guid":{"rendered":"https:\/\/iguanasmoke.com\/?post_type=product&#038;p=10223"},"modified":"2026-03-27T11:07:08","modified_gmt":"2026-03-27T10:07:08","slug":"e-liquid-cbd-brownie","status":"publish","type":"product","link":"https:\/\/iguanasmoke.com\/fr\/producto\/e-liquid-cbd-brownie\/","title":{"rendered":"E-Liquide CBD Brownie Vaper Liquid"},"content":{"rendered":"<h1><span style=\"font-weight: 400\">E-liquide CBD Brownie<\/span><\/h1>\n<p><span style=\"font-weight: 400\">Le <strong>E-liquide CBD Brownie <\/strong>d'Iguana Smoke est un excellent choix pour ceux qui recherchent un produit de qualit\u00e9. <strong>e-liquide CBD sans THC<\/strong> qui allie la qualit\u00e9, la s\u00e9curit\u00e9 et une <strong>un incroyable go\u00fbt de chocolat. <\/strong>Ce liquide de vape CBD a \u00e9t\u00e9 con\u00e7u pour vous offrir une <strong>exp\u00e9rience \u00e9quilibr\u00e9e<\/strong>, ce qui en fait un choix id\u00e9al pour les utilisateurs r\u00e9guliers comme pour ceux qui d\u00e9couvrent la vaporisation du CBD. <\/span><\/p>\n<p><span style=\"font-weight: 400\">Le pr\u00e9sent <strong>E-liquide avec CBD naturel<\/strong> est fabriqu\u00e9 \u00e0 partir de <strong>des ingr\u00e9dients soigneusement s\u00e9lectionn\u00e9s<\/strong> et sous un <strong>processus de fabrication contr\u00f4l\u00e9<\/strong>, Le CBD vape riche en CBD est un produit fiable qui permet de vaper du CBD dans des e-cigarettes compatibles.<\/span><\/p>\n<p>&nbsp;<\/p>\n<h2><strong>E-liquide CBD Brownie Sans THC et non psychoactif <\/strong><\/h2>\n<p><span style=\"font-weight: 400\">Tous les liquides CBD d'Iguana Smoke sont <strong>non psychoactifs et contiennent 0% de THC<\/strong>, Le nouveau syst\u00e8me est conforme \u00e0 la r\u00e9glementation en vigueur. En outre, ils sont tous <strong>Liquides CBD sans nicotine<\/strong>, con\u00e7u pour ceux qui recherchent une exp\u00e9rience plus naturelle et ax\u00e9e sur le bien-\u00eatre. <\/span><\/p>\n<p><span style=\"font-weight: 400\">Toutes ces caract\u00e9ristiques font que nos liquides de vape CBD <strong>Les e-liquides CBD l\u00e9gaux en Espagne<\/strong>, id\u00e9al pour profiter en toute s\u00e9curit\u00e9 de la <strong>Les effets relaxants du CBD<\/strong> sans perturber la clart\u00e9 mentale.<\/span><\/p>\n<p>&nbsp;<\/p>\n<h2><strong>Go\u00fbt de brownie : sucr\u00e9 et gluant<\/strong><\/h2>\n<p><span style=\"font-weight: 400\">L'ar\u00f4me Brownie est tout simplement d\u00e9licieux, il a le go\u00fbt d'un g\u00e2teau au chocolat appel\u00e9 Brownie et, associ\u00e9 au CBD, il vous procure la d\u00e9tente dont vous avez besoin.\u00a0<\/span><\/p>\n<p>&nbsp;<\/p>\n<h3><strong>Diff\u00e9rentes concentrations dans votre liquide de vape CBD<\/strong><\/h3>\n<p><span style=\"font-weight: 400\">Le\u00a0<\/span><span style=\"font-weight: 400\"><b> <\/b>est disponible en diff\u00e9rentes concentrations pour convenir \u00e0 tous les types d'utilisateurs : <\/span><\/p>\n<ul>\n<li><span style=\"font-weight: 400\">100mg de CBD <\/span><\/li>\n<li><span style=\"font-weight: 400\">300 mg de CBD <\/span><\/li>\n<li><span style=\"font-weight: 400\">600 mg de CBD <\/span><\/li>\n<\/ul>\n<p><span style=\"font-weight: 400\">Ces options vous permettent de choisir le liquide de vape CBD le plus adapt\u00e9 \u00e0 votre niveau d'exp\u00e9rience et \u00e0 l'intensit\u00e9 souhait\u00e9e.\u00a0<\/span><\/p>\n<p>&nbsp;<\/p>\n<h2><b>O\u00f9 acheter des e-liquides CBD en ligne<\/b><b>?<\/b><\/h2>\n<p><span style=\"font-weight: 400\">Si vous cherchez <strong>acheter du e-liquide CBD en ligne<\/strong>, <strong>Iguane<\/strong> <strong>Fum\u00e9e<\/strong> est l'endroit qu'il vous faut. Il vous offre un moyen simple et accessible d'appr\u00e9cier le CBD. Il vous suffit de choisir votre ar\u00f4me pr\u00e9f\u00e9r\u00e9, la concentration qui vous convient le mieux et de savourer. Ici, nous privil\u00e9gions la qualit\u00e9 et la transparence pour chaque produit.<\/span><\/p>\n<p><span style=\"font-weight: 400\">C'est un endroit s\u00fbr pour <strong>acheter E-liquide CBD en ligne en Espagne.<\/strong> Tous nos produits sont approuv\u00e9s par l'UE, ce qui garantit leur l\u00e9galit\u00e9 et leur s\u00e9curit\u00e9. En outre, si vous le souhaitez, vous pouvez consulter<\/span><strong> <a href=\"https:\/\/iguanasmoke.com\/fr\/lanalyse\/\">analyse en laboratoire.<\/a>\u00a0<\/strong><\/p>\n<p><span style=\"font-weight: 400\">N'oubliez pas de go\u00fbter \u00e0 d'autres saveurs \u00e9tonnantes, en plus de notre <strong>E-liquide CBD Brownie <\/strong>en tant que <strong><a href=\"https:\/\/iguanasmoke.com\/fr\/produit\/e-liquide-cbd-large-spectre-amnesia-1500-2500mg-liquide-vaper\/\">E-liquide CBD Amnesia Amnesia Broad Spectrum<\/a><\/strong>, <strong><a href=\"https:\/\/iguanasmoke.com\/fr\/produit\/e-liquide-cbd-large-spectre-gorilla-glue-1500-2500mg-vaper-liquid\/\">E-liquide CBD Gorilla Glue Broad Spectrum<\/a>\u00a0<\/strong>ou le <strong><a href=\"https:\/\/iguanasmoke.com\/fr\/produit\/e-liquide-cbd-baies-rouges\/\">E-liquide CBD Baies rouges<\/a><\/strong>. Si la vaporisation du CBD est votre truc, d\u00e9couvrez <\/span><span style=\"font-weight: 400\">autres <strong>Produits TOP<\/strong> de liquides de vape CBD tels que le <strong><a href=\"https:\/\/iguanasmoke.com\/fr\/categorie\/cbd-vaper-2\/cartouches\/\">Cartouches CBD, STV, E8H, 10-OH et CBD Full Spectrum<\/a><\/strong>. <\/span><span style=\"font-weight: 400\">Explorez notre vari\u00e9t\u00e9 et laissez-vous surprendre.\u00a0<\/span><\/p>\n<p>Une livraison rapide, une attention particuli\u00e8re et un magasin avec un emballage discret et s\u00fbr qui va de l'avant, juste pour que vous puissiez en profiter !<\/p>\n<p>&nbsp;<\/p>\n<h3><b>Iguana Smoke est votre boutique en ligne de CBD\u00a0<\/b><\/h3>\n<p><span style=\"font-weight: 400\">Au<strong> Fum\u00e9e d'iguane<\/strong>, Nous pensons que la consommation de CBD doit \u00eatre une exp\u00e9rience s\u00fbre et agr\u00e9able. C'est pourquoi nous proposons des produits comme celui-ci <strong>E-liquide CBD Brownie<\/strong>, La marque s'adresse aux nouvelles g\u00e9n\u00e9rations : des personnes qui recherchent un bien-\u00eatre simple, avec des marques authentiques et fiables.\u00a0<\/span><\/p>\n<p>Vous savez, notre mission est claire : vous apporter le meilleur du monde des cannabino\u00efdes \u00e0 un prix \u00e9quitable. De plus, nous vous offrons la tranquillit\u00e9 d'esprit de savoir que vous choisissez un produit certifi\u00e9, efficace et 100% l\u00e9gal. Votre temps de d\u00e9tente commence ici avec nous.<\/p>\n<p>Vous avez encore des doutes ? Ecrivez-nous et nous nous ferons un plaisir de vous aider \u00e0 trouver le produit qui vous convient.<\/p>\n<p>&nbsp;<\/p>\n<p><em><span style=\"font-weight: 400\">*Veuillez noter que son utilisation est destin\u00e9e \u00e0 la collection ou \u00e0 l'aromath\u00e9rapie, conform\u00e9ment \u00e0 la loi espagnole. <\/span><\/em><\/p>\n<p><em><span style=\"font-weight: 400\">**Tous nos produits sont d\u00e9riv\u00e9s de chanvre industriel certifi\u00e9. Ils contiennent moins de 0,3 THC et ne contiennent pas de cannabino\u00efdes ill\u00e9gaux tels que HHC, HHC-P, THCP, THCP-O, H4CBD et ceux inclus dans l'annexe I du d\u00e9cret royal 2829\/1977, ni de substances contr\u00f4l\u00e9es par les conventions internationales.\u00a0\u00a0<\/span><\/em><\/p>","protected":false},"excerpt":{"rendered":"<p><span style=\"font-weight: 400\">Ingr\u00e9dients de l'e-liquide CBD : <\/span><\/p>\n<ul>\n<li><strong>Propyl\u00e8ne glycol 80%<\/strong><\/li>\n<li>Glyc\u00e9rine v\u00e9g\u00e9tale 20%<\/li>\n<li>Brownie au chocolat aromatique<\/li>\n<li>Isolat de CBD<\/li>\n<li>THC : 0%<\/li>\n<\/ul>\n<p>Le CBD Brownie E-Liquid vous rappellera un g\u00e2teau au chocolat, ce qui vous d\u00e9tendra en m\u00eame temps.<\/p>","protected":false},"featured_media":19299,"comment_status":"open","ping_status":"closed","template":"","meta":{"_acf_changed":false,"site-sidebar-layout":"default","site-content-layout":"default","ast-site-content-layout":"default","site-content-style":"default","site-sidebar-style":"default","ast-global-header-display":"","ast-banner-title-visibility":"","ast-main-header-display":"","ast-hfb-above-header-display":"","ast-hfb-below-header-display":"","ast-hfb-mobile-header-display":"","site-post-title":"","ast-breadcrumbs-content":"","ast-featured-img":"","footer-sml-layout":"","theme-transparent-header-meta":"default","adv-header-id-meta":"","stick-header-meta":"","header-above-stick-meta":"","header-main-stick-meta":"","header-below-stick-meta":"","astra-migrate-meta-layouts":"set","ast-page-background-enabled":"default","ast-page-background-meta":{"desktop":{"background-color":"var(--ast-global-color-4)","background-image":"","background-repeat":"repeat","background-position":"center center","background-size":"auto","background-attachment":"scroll","background-type":"","background-media":"","overlay-type":"","overlay-color":"","overlay-opacity":"","overlay-gradient":""},"tablet":{"background-color":"","background-image":"","background-repeat":"repeat","background-position":"center center","background-size":"auto","background-attachment":"scroll","background-type":"","background-media":"","overlay-type":"","overlay-color":"","overlay-opacity":"","overlay-gradient":""},"mobile":{"background-color":"","background-image":"","background-repeat":"repeat","background-position":"center center","background-size":"auto","background-attachment":"scroll","background-type":"","background-media":"","overlay-type":"","overlay-color":"","overlay-opacity":"","overlay-gradient":""}},"ast-content-background-meta":{"desktop":{"background-color":"var(--ast-global-color-5)","background-image":"","background-repeat":"repeat","background-position":"center center","background-size":"auto","background-attachment":"scroll","background-type":"","background-media":"","overlay-type":"","overlay-color":"","overlay-opacity":"","overlay-gradient":""},"tablet":{"background-color":"var(--ast-global-color-5)","background-image":"","background-repeat":"repeat","background-position":"center center","background-size":"auto","background-attachment":"scroll","background-type":"","background-media":"","overlay-type":"","overlay-color":"","overlay-opacity":"","overlay-gradient":""},"mobile":{"background-color":"var(--ast-global-color-5)","background-image":"","background-repeat":"repeat","background-position":"center center","background-size":"auto","background-attachment":"scroll","background-type":"","background-media":"","overlay-type":"","overlay-color":"","overlay-opacity":"","overlay-gradient":""}}},"product_brand":[],"product_cat":[344,422],"product_tag":[],"class_list":{"0":"post-10223","1":"product","2":"type-product","3":"status-publish","4":"has-post-thumbnail","6":"product_cat-e-liquid-cbd","7":"product_cat-e-liquid-cbd-isolate","8":"desktop-align-center","9":"tablet-align-center","10":"mobile-align-center","12":"first","13":"instock","14":"taxable","15":"shipping-taxable","16":"purchasable","17":"product-type-variable"},"acf":[],"yoast_head":"<!-- This site is optimized with the Yoast SEO Premium plugin v27.3 (Yoast SEO v27.3) - https:\/\/yoast.com\/product\/yoast-seo-premium-wordpress\/ -->\n<title>E-Liquid CBD Brownie | Iguana Smoke<\/title>\n<meta name=\"description\" content=\"Compra el E-Liquid CBD Brownie en Iguana Smoke al mejor precio y con calidad inigualable. Tu e-liquid CBD sin THC con un sabor incre\u00edble a chocolate.\" \/>\n<meta name=\"robots\" content=\"index, follow, max-snippet:-1, max-image-preview:large, max-video-preview:-1\" \/>\n<link rel=\"canonical\" href=\"https:\/\/iguanasmoke.com\/fr\/produit\/e-liquid-cbd-brownie\/\" \/>\n<meta property=\"og:locale\" content=\"fr_FR\" \/>\n<meta property=\"og:type\" content=\"article\" \/>\n<meta property=\"og:title\" content=\"E-Liquid CBD Brownie L\u00edquido Vaper\" \/>\n<meta property=\"og:description\" content=\"Ingredientes del E-liquid CBD:    Propilenglicol 80%  Glicerina Vegetal 20%  Aroma Brownie de chocolate  CBD Isolate  THC: 0%  El E-Liquid CBD Brownie te recordar\u00e1 a un pastel de chocolate, que a la vez te hace relajarte.\" \/>\n<meta property=\"og:url\" content=\"https:\/\/iguanasmoke.com\/fr\/produit\/e-liquid-cbd-brownie\/\" \/>\n<meta property=\"og:site_name\" content=\"Iguana Smoke\" \/>\n<meta property=\"article:publisher\" content=\"https:\/\/www.facebook.com\/iguanasmoke\" \/>\n<meta property=\"article:modified_time\" content=\"2026-03-27T10:07:08+00:00\" \/>\n<meta property=\"og:image\" content=\"https:\/\/iguanasmoke.com\/wp-content\/uploads\/2022\/03\/Brownie-600-webp-1.webp\" \/>\n\t<meta property=\"og:image:width\" content=\"500\" \/>\n\t<meta property=\"og:image:height\" content=\"500\" \/>\n\t<meta property=\"og:image:type\" content=\"image\/webp\" \/>\n<meta name=\"twitter:card\" content=\"summary_large_image\" \/>\n<meta name=\"twitter:label1\" content=\"Disponibilit\u00e9\" \/>\n\t<meta name=\"twitter:data1\" content=\"En stock\" \/>\n<meta property=\"product:brand\" content=\"variable\" \/>\n<meta property=\"og:availability\" content=\"instock\" \/>\n<meta property=\"product:availability\" content=\"instock\" \/>\n<meta property=\"product:condition\" content=\"new\" \/>\n<!-- \/ Yoast SEO Premium plugin. -->","yoast_head_json":{"title":"E-Liquide CBD Brownie | Iguana Smoke","description":"Achetez l'e-liquide CBD Brownie chez Iguana Smoke au meilleur prix et avec une qualit\u00e9 imbattable. Votre e-liquide CBD sans THC avec une incroyable saveur de chocolat.","robots":{"index":"index","follow":"follow","max-snippet":"max-snippet:-1","max-image-preview":"max-image-preview:large","max-video-preview":"max-video-preview:-1"},"canonical":"https:\/\/iguanasmoke.com\/fr\/produit\/e-liquid-cbd-brownie\/","og_locale":"fr_FR","og_type":"article","og_title":"E-Liquid CBD Brownie L\u00edquido Vaper","og_description":"Ingredientes del E-liquid CBD:    Propilenglicol 80%  Glicerina Vegetal 20%  Aroma Brownie de chocolate  CBD Isolate  THC: 0%  El E-Liquid CBD Brownie te recordar\u00e1 a un pastel de chocolate, que a la vez te hace relajarte.","og_url":"https:\/\/iguanasmoke.com\/fr\/produit\/e-liquid-cbd-brownie\/","og_site_name":"Iguana Smoke","article_publisher":"https:\/\/www.facebook.com\/iguanasmoke","article_modified_time":"2026-03-27T10:07:08+00:00","og_image":[{"width":500,"height":500,"url":"https:\/\/iguanasmoke.com\/wp-content\/uploads\/2022\/03\/Brownie-600-webp-1.webp","type":"image\/webp"}],"twitter_card":"summary_large_image","twitter_misc":{"Disponibilit\u00e9":"En stock"},"schema":{"@context":"https:\/\/schema.org","@graph":[{"@type":"WebPage","@id":"https:\/\/iguanasmoke.com\/producto\/e-liquid-cbd-brownie\/","url":"https:\/\/iguanasmoke.com\/producto\/e-liquid-cbd-brownie\/","name":"E-Liquide CBD Brownie | Iguana Smoke","isPartOf":{"@id":"https:\/\/iguanasmoke.com\/#website"},"primaryImageOfPage":{"@id":"https:\/\/iguanasmoke.com\/producto\/e-liquid-cbd-brownie\/#primaryimage"},"image":{"@id":"https:\/\/iguanasmoke.com\/producto\/e-liquid-cbd-brownie\/#primaryimage"},"thumbnailUrl":"https:\/\/iguanasmoke.com\/wp-content\/uploads\/2022\/03\/Brownie-600-webp-1.webp","datePublished":"2022-03-31T07:23:36+00:00","dateModified":"2026-03-27T10:07:08+00:00","description":"Achetez l'e-liquide CBD Brownie chez Iguana Smoke au meilleur prix et avec une qualit\u00e9 imbattable. Votre e-liquide CBD sans THC avec une incroyable saveur de chocolat.","breadcrumb":{"@id":"https:\/\/iguanasmoke.com\/producto\/e-liquid-cbd-brownie\/#breadcrumb"},"inLanguage":"fr-FR","potentialAction":[{"@type":"ReadAction","target":["https:\/\/iguanasmoke.com\/producto\/e-liquid-cbd-brownie\/"]}]},{"@type":"ImageObject","inLanguage":"fr-FR","@id":"https:\/\/iguanasmoke.com\/producto\/e-liquid-cbd-brownie\/#primaryimage","url":"https:\/\/iguanasmoke.com\/wp-content\/uploads\/2022\/03\/Brownie-600-webp-1.webp","contentUrl":"https:\/\/iguanasmoke.com\/wp-content\/uploads\/2022\/03\/Brownie-600-webp-1.webp","width":500,"height":500,"caption":"E-Liquid cbd para vapear barato"},{"@type":"BreadcrumbList","@id":"https:\/\/iguanasmoke.com\/producto\/e-liquid-cbd-brownie\/#breadcrumb","itemListElement":[{"@type":"ListItem","position":1,"name":"home","item":"https:\/\/iguanasmoke.com\/"},{"@type":"ListItem","position":2,"name":"Tienda","item":"https:\/\/iguanasmoke.com\/tienda\/"},{"@type":"ListItem","position":3,"name":"E-Liquid CBD","item":"https:\/\/iguanasmoke.com\/categoria\/e-liquid-cbd\/"},{"@type":"ListItem","position":4,"name":"E-Liquid CBD Brownie L\u00edquido Vaper"}]},{"@type":"WebSite","@id":"https:\/\/iguanasmoke.com\/#website","url":"https:\/\/iguanasmoke.com\/","name":"Fum\u00e9e d'iguane","description":"Acheter du CBD en ligne au meilleur prix","publisher":{"@id":"https:\/\/iguanasmoke.com\/#organization"},"potentialAction":[{"@type":"SearchAction","target":{"@type":"EntryPoint","urlTemplate":"https:\/\/iguanasmoke.com\/?s={search_term_string}"},"query-input":{"@type":"PropertyValueSpecification","valueRequired":true,"valueName":"search_term_string"}}],"inLanguage":"fr-FR"},{"@type":"Organization","@id":"https:\/\/iguanasmoke.com\/#organization","name":"Fum\u00e9e d'iguane","url":"https:\/\/iguanasmoke.com\/","logo":{"@type":"ImageObject","inLanguage":"fr-FR","@id":"https:\/\/iguanasmoke.com\/#\/schema\/logo\/image\/","url":"https:\/\/iguanasmoke.com\/wp-content\/uploads\/2025\/01\/logoiguana-favi-1.png","contentUrl":"https:\/\/iguanasmoke.com\/wp-content\/uploads\/2025\/01\/logoiguana-favi-1.png","width":512,"height":512,"caption":"Iguana Smoke"},"image":{"@id":"https:\/\/iguanasmoke.com\/#\/schema\/logo\/image\/"},"sameAs":["https:\/\/www.facebook.com\/iguanasmoke","https:\/\/www.instagram.com\/iguanasmoke\/"]}]},"product_brand":"variable","og_availability":"instock","product_availability":"instock","product_condition":"new"},"_links":{"self":[{"href":"https:\/\/iguanasmoke.com\/fr\/wp-json\/wp\/v2\/product\/10223","targetHints":{"allow":["GET"]}}],"collection":[{"href":"https:\/\/iguanasmoke.com\/fr\/wp-json\/wp\/v2\/product"}],"about":[{"href":"https:\/\/iguanasmoke.com\/fr\/wp-json\/wp\/v2\/types\/product"}],"replies":[{"embeddable":true,"href":"https:\/\/iguanasmoke.com\/fr\/wp-json\/wp\/v2\/comments?post=10223"}],"wp:featuredmedia":[{"embeddable":true,"href":"https:\/\/iguanasmoke.com\/fr\/wp-json\/wp\/v2\/media\/19299"}],"wp:attachment":[{"href":"https:\/\/iguanasmoke.com\/fr\/wp-json\/wp\/v2\/media?parent=10223"}],"wp:term":[{"taxonomy":"product_brand","embeddable":true,"href":"https:\/\/iguanasmoke.com\/fr\/wp-json\/wp\/v2\/product_brand?post=10223"},{"taxonomy":"product_cat","embeddable":true,"href":"https:\/\/iguanasmoke.com\/fr\/wp-json\/wp\/v2\/product_cat?post=10223"},{"taxonomy":"product_tag","embeddable":true,"href":"https:\/\/iguanasmoke.com\/fr\/wp-json\/wp\/v2\/product_tag?post=10223"}],"curies":[{"name":"wp","href":"https:\/\/api.w.org\/{rel}","templated":true}]}}