{"id":10398,"date":"2022-06-30T07:47:37","date_gmt":"2022-06-30T05:47:37","guid":{"rendered":"https:\/\/iguanasmoke.com\/?post_type=product&#038;p=10398"},"modified":"2026-03-26T15:59:29","modified_gmt":"2026-03-26T14:59:29","slug":"aceite-de-cbd-fullspectrum-10ml-para-mascotas","status":"publish","type":"product","link":"https:\/\/iguanasmoke.com\/fr\/producto\/aceite-de-cbd-fullspectrum-10ml-para-mascotas\/","title":{"rendered":"Huile CBD pour animaux de compagnie 10 ml \u2013 Saumon"},"content":{"rendered":"<h1><span style=\"font-weight: 400;\">Aceite de CBD Full Spectrum en 10ml para mascotas con sabor a salm\u00f3n<\/span><\/h1>\n<p><span style=\"font-weight: 400;\">Si vous cherchez une solution naturelle pour am\u00e9liorer la qualit\u00e9 de vie de votre animal, <strong>el Aceite de CBD para mascotas en formato 10 ml con sabor a salm\u00f3n,<\/strong> est exactement ce qu'il vous faut. Il a \u00e9t\u00e9 sp\u00e9cialement con\u00e7u pour les chiens et les chats et associe efficacement les bienfaits du cannabidiol (CBD) \u00e0 un d\u00e9licieux go\u00fbt de saumon qu'ils vont adorer. <\/span><\/p>\n<p><span style=\"font-weight: 400;\">D\u00e9couvrez maintenant comment ce produit peut faire une diff\u00e9rence significative pour le bien-\u00eatre de vos compagnons \u00e0 quatre pattes.<\/span><\/p>\n<p>&nbsp;<\/p>\n<h2><strong>\u00bfQu\u00e9 es el Aceite de CBD para mascotas? <\/strong><\/h2>\n<p><span style=\"font-weight: 400;\">L'huile de CBD est un compl\u00e9ment naturel. <strong>\u00e0 base d'extrait de cannabidiol<\/strong>, un compos\u00e9 <strong>non psychoactif<\/strong> que l'on trouve dans la plante de cannabis. Cet ingr\u00e9dient a gagn\u00e9 en popularit\u00e9 en raison de ses<strong> propri\u00e9t\u00e9s th\u00e9rapeutiques<\/strong> chez l'homme et l'animal.<strong> Huile de CBD aromatis\u00e9e au saumon pour animaux de compagnie<\/strong>, est formul\u00e9 pour r\u00e9pondre aux besoins sp\u00e9cifiques des chiens et des chats, offrant un soulagement efficace et s\u00fbr. <\/span><\/p>\n<p><span style=\"font-weight: 400;\">Huiles de CBD de <em>Spectre complet<\/em>, connu sous le nom de <strong>Spectre complet<\/strong>, ofrecen beneficios adicionales al incluir una amplia gama de compuestos naturales de la planta del cannabis, como cannabinoides secundarios, terpenos y flavonoides. Estos, trabajan en sinergia como el llamado &#8220;efecto s\u00e9quito&#8221; para potenciar los efectos terap\u00e9uticos del CBD. Estos aceites est\u00e1n disponibles en dos concentraciones diferentes: 3% si quieres algo m\u00e1s suave y 7% si quieres algo m\u00e1s fuerte.\u00a0<\/span><\/p>\n<p><span style=\"font-weight: 400;\">Lors du choix d'un<strong> Huile de CBD \u00e0 spectre complet<\/strong>, votre animal de compagnie pourra profiter d'une <strong>un soulagement plus efficace du stress, de l'inflammation et de la douleur<\/strong>, ainsi qu'un <strong>soutien immunitaire renforc\u00e9<\/strong>. Ce type d'huile est id\u00e9al pour ceux qui recherchent une solution naturelle et compl\u00e8te pour am\u00e9liorer la qualit\u00e9 de vie de leurs compagnons \u00e0 poils.<\/span><\/p>\n<p>&nbsp;<\/p>\n<h2><strong>Avantages pour les animaux de compagnie : <\/strong><\/h2>\n<ul>\n<li><span style=\"font-weight: 400;\"><strong>R\u00e9duction de l'anxi\u00e9t\u00e9 et\/ou du stress :<\/strong> Les animaux de compagnie peuvent souffrir d'anxi\u00e9t\u00e9 en raison de divers facteurs tels que la s\u00e9paration, les voyages, les visites chez le v\u00e9t\u00e9rinaire ou les bruits forts (comme les feux d'artifice). Le CBD aide \u00e0 calmer le syst\u00e8me nerveux de l'animal et lui procure un sentiment de s\u00e9r\u00e9nit\u00e9. <\/span><\/li>\n<li><span style=\"font-weight: 400;\"><strong>Soulagement de la douleur et de l'inflammation :<\/strong> Id\u00e9ale pour les animaux souffrant de probl\u00e8mes articulaires ou de douleurs chroniques, ainsi que de difficult\u00e9s de mobilit\u00e9, l'huile de CBD est connue pour ses propri\u00e9t\u00e9s anti-inflammatoires et analg\u00e9siques. Elle contribue \u00e0 am\u00e9liorer la qualit\u00e9 de vie des animaux de compagnie en les rendant plus actifs et plus heureux. <\/span><\/li>\n<li><span style=\"font-weight: 400;\"><strong>Am\u00e9lioration de la sant\u00e9 et du pelage\/de la peau :<\/strong> Les acides gras om\u00e9ga-3 pr\u00e9sents dans l'huile, associ\u00e9s au CBD, favorisent une peau saine et un pelage brillant. Particuli\u00e8rement utile pour les animaux de compagnie souffrant de probl\u00e8mes d\u00e9matologiques. <\/span><\/li>\n<li><span style=\"font-weight: 400;\"><strong>Soutien du syst\u00e8me immunitaire :<\/strong> Le CBD agit \u00e9galement comme un stimulant immunitaire, aidant votre animal \u00e0 rester en bonne sant\u00e9 contre les maladies courantes. <\/span><\/li>\n<li><span style=\"font-weight: 400;\"><strong>Contr\u00f4le des crises d'\u00e9pilepsie et des troubles neurologiques :<\/strong> Des \u00e9tudes ont montr\u00e9 que le CBD peut \u00eatre utile pour contr\u00f4ler les crises d'\u00e9pilepsie et d'autres troubles neurologiques chez les animaux de compagnie, am\u00e9liorant ainsi leur qualit\u00e9 de vie. <\/span><\/li>\n<\/ul>\n<p>&nbsp;<\/p>\n<h2><strong>Sabor a salm\u00f3n: un extra irresistible en tu Aceite de CBD para mascotas\u00a0<\/strong><\/h2>\n<p><span style=\"font-weight: 400;\">Nous savons que l'acceptation est essentielle lorsqu'il s'agit de suppl\u00e9ments pour animaux de compagnie. C'est pourquoi le <strong>Huile de CBD pour animaux de compagnie <\/strong>a une<strong> d\u00e9licieux go\u00fbt de saumon<\/strong>, pour que votre animal l'appr\u00e9cie. En outre, cet ar\u00f4me naturel facilite non seulement l'administration de l'huile, mais il permet \u00e9galement de <strong>fournit des nutriments b\u00e9n\u00e9fiques pour am\u00e9liorer la sant\u00e9 g\u00e9n\u00e9rale de votre animal de compagnie<\/strong>.<\/span><\/p>\n<p>&nbsp;<\/p>\n<h2><strong>\u00bfC\u00f3mo administrar el Aceite de CBD para mascotas correctamente a tu mascota?<\/strong><\/h2>\n<p><span style=\"font-weight: 400;\"> La dosis recomendada var\u00eda seg\u00fan el<strong> tama\u00f1o, peso y las necesidades espec\u00edficas de tu mascota.<\/strong> En g\u00e9n\u00e9ral, il est conseill\u00e9 de commencer par de faibles doses et de les augmenter progressivement jusqu'\u00e0 ce que l'on trouve le bon niveau. Comme pour les<strong> utilisation topique<\/strong>, Vous pouvez administrer l'huile directement dans la gueule de votre animal (elle est fournie avec un compte-gouttes), la m\u00e9langer \u00e0 sa nourriture ou m\u00eame l'ajouter \u00e0 son go\u00fbter pr\u00e9f\u00e9r\u00e9. <\/span><\/p>\n<p><span style=\"font-weight: 400;\">Voici une suggestion de dosage : <\/span><\/p>\n<ul>\n<li><span style=\"font-weight: 400;\"><strong>petits animaux de compagnie<\/strong> (&gt;10kg) : <strong>1-2 gouttes\/jour <\/strong><\/span><\/li>\n<li><span style=\"font-weight: 400;\"><strong>animaux de taille moyenne<\/strong> (10-20kg) :<strong> 3-5 gouttes\/jour <\/strong><\/span><\/li>\n<li><span style=\"font-weight: 400;\"><strong>grands animaux de compagnie<\/strong> (&gt;20 kg) : <strong>6-10 gouttes\/jour <\/strong><\/span><\/li>\n<\/ul>\n<p><span style=\"font-weight: 400;\"><strong>Consultez toujours votre v\u00e9t\u00e9rinaire avant de commencer \u00e0 donner des compl\u00e9ments alimentaires \u00e0 vos animaux de compagnie.<\/strong>, Cela permet de s'assurer qu'ils leur conviennent.\u00a0 \u00a0<\/span><\/p>\n<p>&nbsp;<\/p>\n<h3><strong>FAQS del Aceite de Mascotas CBD\u00a0<\/strong><\/h3>\n<ol>\n<li><span style=\"font-weight: 400;\"><strong>Le CBD est-il sans danger pour mon animal de compagnie ?<\/strong> Oui, le CBD est sans danger pour les animaux de compagnie lorsqu'il est administr\u00e9 aux doses recommand\u00e9es. Notre huile ne contient pas de THC, le compos\u00e9 psychoactif du cannabis, ce qui garantit que votre animal ne subira pas d'effets secondaires ind\u00e9sirables. <\/span><\/li>\n<li><span style=\"font-weight: 400;\"><strong>Quand mon animal commencera-t-il \u00e0 ressentir des r\u00e9sultats ?<\/strong> Les effets peuvent varier d'un animal \u00e0 l'autre. Certains peuvent montrer une am\u00e9lioration en quelques jours, tandis que d'autres animaux peuvent n\u00e9cessiter plusieurs semaines d'utilisation constante. <\/span><\/li>\n<li><span style=\"font-weight: 400;\"><strong>Puis-je utiliser l'huile de CBD pour traiter des maladies sp\u00e9cifiques ?<\/strong> Le CBD est un excellent compl\u00e9ment pour traiter divers probl\u00e8mes, mais vous devez toujours consulter votre v\u00e9t\u00e9rinaire avant de l'utiliser dans le cadre d'un traitement. <\/span><span style=\"font-weight: 400;\">\u00a0\u00a0<\/span><\/li>\n<\/ol>\n<h2><\/h2>\n<h2><b>O\u00f9 acheter vos huiles de CBD en ligne<\/b><b>?<\/b><\/h2>\n<p><span style=\"font-weight: 400;\">Bien entendu, en <strong>Fum\u00e9e d'iguane. <\/strong>Ici, nous privil\u00e9gions la qualit\u00e9 et la transparence pour chaque produit. Nos <strong>Aceite CBD Mascotas 10ml <\/strong>\u00a0est bas\u00e9 sur <strong>les graines de chanvre.<\/strong><\/span><\/p>\n<p><span style=\"font-weight: 400;\">C'est un endroit s\u00fbr pour <strong>acheter des huiles de CBD en ligne en Espagne.<\/strong> Tous nos produits sont approuv\u00e9s par l'UE, ce qui garantit leur l\u00e9galit\u00e9 et leur s\u00e9curit\u00e9. En outre, si vous le souhaitez, vous pouvez consulter<\/span><strong> <a href=\"https:\/\/iguanasmoke.com\/fr\/lanalyse\/\">analyse en laboratoire.<\/a>\u00a0<\/strong><\/p>\n<h3><\/h3>\n<h3><b>Iguana Smoke est votre boutique en ligne de CBD\u00a0<\/b><\/h3>\n<p><span style=\"font-weight: 400;\">Au<strong> Fum\u00e9e d'iguane<\/strong>, Nous pensons que la consommation de CBD doit \u00eatre une exp\u00e9rience s\u00fbre et agr\u00e9able. C'est pourquoi nous proposons des produits comme celui-ci <strong>Aceite CBD Mascotas 10ml<\/strong> qui s'adresse aux nouvelles g\u00e9n\u00e9rations : des personnes qui recherchent un bien-\u00eatre simple, avec des marques authentiques et fiables.\u00a0<\/span><\/p>\n<p>Vous savez, notre mission est claire : vous apporter le meilleur du monde du CBD \u00e0 un prix \u00e9quitable. De plus, nous vous offrons la tranquillit\u00e9 d'esprit de savoir que vous choisissez un produit certifi\u00e9, efficace et 100% l\u00e9gal. Votre moment de d\u00e9tente commence ici avec nous.<\/p>\n<p>Vous avez encore des doutes ? Ecrivez-nous et nous nous ferons un plaisir de vous aider \u00e0 trouver le produit qui vous convient.<\/p>","protected":false},"excerpt":{"rendered":"<h3><span style=\"font-weight: 400;\">Caract\u00e9ristiques de notre huile CBD :\u00a0<\/span><\/h3>\n<ul>\n<li><span style=\"font-weight: 400;\"><strong>Ingr\u00e9dients naturels :<\/strong> Huile de graines de chanvre enrichie au saumon (riche en om\u00e9ga-3) et \u00e0 l'extrait de CBD \u00e0 spectre complet 300 mg<\/span><\/li>\n<li>Sans additifs, produits chimiques ou conservateurs<\/li>\n<li>Disponible en dos concentraciones: 3% y 7%<\/li>\n<li>Con\u00e7u pour les besoins des chiens et des chats<\/li>\n<li>Consulter le <a style=\"font-size: 16px; background-color: #ffffff;\" href=\"https:\/\/iguanasmoke.com\/wp-content\/uploads\/2018\/02\/Aceite-ISO-5.pdf\">analyse de la qualit\u00e9<\/a><span style=\"font-size: 16px;\">.<\/span><\/li>\n<\/ul>","protected":false},"featured_media":45056,"comment_status":"open","ping_status":"closed","template":"","meta":{"_acf_changed":false,"site-sidebar-layout":"default","site-content-layout":"","ast-site-content-layout":"default","site-content-style":"default","site-sidebar-style":"default","ast-global-header-display":"","ast-banner-title-visibility":"","ast-main-header-display":"","ast-hfb-above-header-display":"","ast-hfb-below-header-display":"","ast-hfb-mobile-header-display":"","site-post-title":"","ast-breadcrumbs-content":"","ast-featured-img":"","footer-sml-layout":"","theme-transparent-header-meta":"default","adv-header-id-meta":"","stick-header-meta":"","header-above-stick-meta":"","header-main-stick-meta":"","header-below-stick-meta":"","astra-migrate-meta-layouts":"set","ast-page-background-enabled":"default","ast-page-background-meta":{"desktop":{"background-color":"var(--ast-global-color-4)","background-image":"","background-repeat":"repeat","background-position":"center center","background-size":"auto","background-attachment":"scroll","background-type":"","background-media":"","overlay-type":"","overlay-color":"","overlay-opacity":"","overlay-gradient":""},"tablet":{"background-color":"","background-image":"","background-repeat":"repeat","background-position":"center center","background-size":"auto","background-attachment":"scroll","background-type":"","background-media":"","overlay-type":"","overlay-color":"","overlay-opacity":"","overlay-gradient":""},"mobile":{"background-color":"","background-image":"","background-repeat":"repeat","background-position":"center center","background-size":"auto","background-attachment":"scroll","background-type":"","background-media":"","overlay-type":"","overlay-color":"","overlay-opacity":"","overlay-gradient":""}},"ast-content-background-meta":{"desktop":{"background-color":"var(--ast-global-color-5)","background-image":"","background-repeat":"repeat","background-position":"center center","background-size":"auto","background-attachment":"scroll","background-type":"","background-media":"","overlay-type":"","overlay-color":"","overlay-opacity":"","overlay-gradient":""},"tablet":{"background-color":"var(--ast-global-color-5)","background-image":"","background-repeat":"repeat","background-position":"center center","background-size":"auto","background-attachment":"scroll","background-type":"","background-media":"","overlay-type":"","overlay-color":"","overlay-opacity":"","overlay-gradient":""},"mobile":{"background-color":"var(--ast-global-color-5)","background-image":"","background-repeat":"repeat","background-position":"center center","background-size":"auto","background-attachment":"scroll","background-type":"","background-media":"","overlay-type":"","overlay-color":"","overlay-opacity":"","overlay-gradient":""}}},"product_brand":[],"product_cat":[309,350],"product_tag":[],"class_list":{"0":"post-10398","1":"product","2":"type-product","3":"status-publish","4":"has-post-thumbnail","6":"product_cat-aceite-de-cbd","7":"product_cat-mascotas","8":"desktop-align-center","9":"tablet-align-center","10":"mobile-align-center","12":"first","13":"instock","14":"taxable","15":"shipping-taxable","16":"purchasable","17":"product-type-variable"},"acf":[],"yoast_head":"<!-- This site is optimized with the Yoast SEO Premium plugin v27.3 (Yoast SEO v27.3) - https:\/\/yoast.com\/product\/yoast-seo-premium-wordpress\/ -->\n<title>Aceite de CBD para mascotas 10ml | Iguana Smoke<\/title>\n<meta name=\"description\" content=\"Este Aceite de CBD para mascotas 3% 10ml est\u00e1 compuesto por ingredientes naturales. El aceite Full Spectrum ayuda a combatir el estr\u00e9s de tus mascotas.\" \/>\n<meta name=\"robots\" content=\"index, follow, max-snippet:-1, max-image-preview:large, max-video-preview:-1\" \/>\n<link rel=\"canonical\" href=\"https:\/\/iguanasmoke.com\/fr\/produit\/aceite-de-cbd-fullspectrum-10ml-para-mascotas\/\" \/>\n<meta property=\"og:locale\" content=\"fr_FR\" \/>\n<meta property=\"og:type\" content=\"article\" \/>\n<meta property=\"og:title\" content=\"Aceite CBD Mascotas 10ml - Salm\u00f3n\" \/>\n<meta property=\"og:description\" content=\"Caracter\u00edsticas de nuestro Aceite CBD:\u00a0   Ingredientes naturales: Aceite de semillas de c\u00e1\u00f1amo enriquecido con salm\u00f3n (rico en Omega3) y extracto CBD Full Spectrum 300mg  Sin aditivos, qu\u00edmicos ni conservantes  Disponible en dos concentraciones: 3% y 7%  Dise\u00f1ado para las necesidades de perros y gatos  Consulta el an\u00e1lisis de calidad.\" \/>\n<meta property=\"og:url\" content=\"https:\/\/iguanasmoke.com\/fr\/produit\/aceite-de-cbd-fullspectrum-10ml-para-mascotas\/\" \/>\n<meta property=\"og:site_name\" content=\"Iguana Smoke\" \/>\n<meta property=\"article:publisher\" content=\"https:\/\/www.facebook.com\/iguanasmoke\" \/>\n<meta property=\"article:modified_time\" content=\"2026-03-26T14:59:29+00:00\" \/>\n<meta property=\"og:image\" content=\"https:\/\/iguanasmoke.com\/wp-content\/uploads\/2022\/06\/caja-y-botella-3-10-ml-der-1.png\" \/>\n\t<meta property=\"og:image:width\" content=\"1000\" \/>\n\t<meta property=\"og:image:height\" content=\"1000\" \/>\n\t<meta property=\"og:image:type\" content=\"image\/png\" \/>\n<meta name=\"twitter:card\" content=\"summary_large_image\" \/>\n<meta name=\"twitter:label1\" content=\"Disponibilit\u00e9\" \/>\n\t<meta name=\"twitter:data1\" content=\"En stock\" \/>\n<meta property=\"product:brand\" content=\"variable\" \/>\n<meta property=\"og:availability\" content=\"instock\" \/>\n<meta property=\"product:availability\" content=\"instock\" \/>\n<meta property=\"product:condition\" content=\"new\" \/>\n<!-- \/ Yoast SEO Premium plugin. -->","yoast_head_json":{"title":"Aceite de CBD para mascotas 10ml | Iguana Smoke","description":"Ce CBD Pet Oil 3% 10ml est compos\u00e9 d'ingr\u00e9dients naturels. L'huile Full Spectrum aide \u00e0 combattre le stress chez vos animaux de compagnie.","robots":{"index":"index","follow":"follow","max-snippet":"max-snippet:-1","max-image-preview":"max-image-preview:large","max-video-preview":"max-video-preview:-1"},"canonical":"https:\/\/iguanasmoke.com\/fr\/produit\/aceite-de-cbd-fullspectrum-10ml-para-mascotas\/","og_locale":"fr_FR","og_type":"article","og_title":"Aceite CBD Mascotas 10ml - Salm\u00f3n","og_description":"Caracter\u00edsticas de nuestro Aceite CBD:\u00a0   Ingredientes naturales: Aceite de semillas de c\u00e1\u00f1amo enriquecido con salm\u00f3n (rico en Omega3) y extracto CBD Full Spectrum 300mg  Sin aditivos, qu\u00edmicos ni conservantes  Disponible en dos concentraciones: 3% y 7%  Dise\u00f1ado para las necesidades de perros y gatos  Consulta el an\u00e1lisis de calidad.","og_url":"https:\/\/iguanasmoke.com\/fr\/produit\/aceite-de-cbd-fullspectrum-10ml-para-mascotas\/","og_site_name":"Iguana Smoke","article_publisher":"https:\/\/www.facebook.com\/iguanasmoke","article_modified_time":"2026-03-26T14:59:29+00:00","og_image":[{"width":1000,"height":1000,"url":"https:\/\/iguanasmoke.com\/wp-content\/uploads\/2022\/06\/caja-y-botella-3-10-ml-der-1.png","type":"image\/png"}],"twitter_card":"summary_large_image","twitter_misc":{"Disponibilit\u00e9":"En stock"},"schema":{"@context":"https:\/\/schema.org","@graph":[{"@type":"WebPage","@id":"https:\/\/iguanasmoke.com\/producto\/aceite-de-cbd-fullspectrum-10ml-para-mascotas\/","url":"https:\/\/iguanasmoke.com\/producto\/aceite-de-cbd-fullspectrum-10ml-para-mascotas\/","name":"Aceite de CBD para mascotas 10ml | Iguana Smoke","isPartOf":{"@id":"https:\/\/iguanasmoke.com\/#website"},"primaryImageOfPage":{"@id":"https:\/\/iguanasmoke.com\/producto\/aceite-de-cbd-fullspectrum-10ml-para-mascotas\/#primaryimage"},"image":{"@id":"https:\/\/iguanasmoke.com\/producto\/aceite-de-cbd-fullspectrum-10ml-para-mascotas\/#primaryimage"},"thumbnailUrl":"https:\/\/iguanasmoke.com\/wp-content\/uploads\/2022\/06\/caja-y-botella-3-10-ml-der-1.png","datePublished":"2022-06-30T05:47:37+00:00","dateModified":"2026-03-26T14:59:29+00:00","description":"Ce CBD Pet Oil 3% 10ml est compos\u00e9 d'ingr\u00e9dients naturels. L'huile Full Spectrum aide \u00e0 combattre le stress chez vos animaux de compagnie.","breadcrumb":{"@id":"https:\/\/iguanasmoke.com\/producto\/aceite-de-cbd-fullspectrum-10ml-para-mascotas\/#breadcrumb"},"inLanguage":"fr-FR","potentialAction":[{"@type":"ReadAction","target":["https:\/\/iguanasmoke.com\/producto\/aceite-de-cbd-fullspectrum-10ml-para-mascotas\/"]}]},{"@type":"ImageObject","inLanguage":"fr-FR","@id":"https:\/\/iguanasmoke.com\/producto\/aceite-de-cbd-fullspectrum-10ml-para-mascotas\/#primaryimage","url":"https:\/\/iguanasmoke.com\/wp-content\/uploads\/2022\/06\/caja-y-botella-3-10-ml-der-1.png","contentUrl":"https:\/\/iguanasmoke.com\/wp-content\/uploads\/2022\/06\/caja-y-botella-3-10-ml-der-1.png","width":1000,"height":1000,"caption":"aceite CBD full spectrum con salm\u00f3n para mascotas en gotas"},{"@type":"BreadcrumbList","@id":"https:\/\/iguanasmoke.com\/producto\/aceite-de-cbd-fullspectrum-10ml-para-mascotas\/#breadcrumb","itemListElement":[{"@type":"ListItem","position":1,"name":"home","item":"https:\/\/iguanasmoke.com\/"},{"@type":"ListItem","position":2,"name":"Tienda","item":"https:\/\/iguanasmoke.com\/tienda\/"},{"@type":"ListItem","position":3,"name":"Mascotas","item":"https:\/\/iguanasmoke.com\/categoria\/mascotas\/"},{"@type":"ListItem","position":4,"name":"Aceite CBD Mascotas 10ml &#8211; Salm\u00f3n"}]},{"@type":"WebSite","@id":"https:\/\/iguanasmoke.com\/#website","url":"https:\/\/iguanasmoke.com\/","name":"Fum\u00e9e d'iguane","description":"Acheter du CBD en ligne au meilleur prix","publisher":{"@id":"https:\/\/iguanasmoke.com\/#organization"},"potentialAction":[{"@type":"SearchAction","target":{"@type":"EntryPoint","urlTemplate":"https:\/\/iguanasmoke.com\/?s={search_term_string}"},"query-input":{"@type":"PropertyValueSpecification","valueRequired":true,"valueName":"search_term_string"}}],"inLanguage":"fr-FR"},{"@type":"Organization","@id":"https:\/\/iguanasmoke.com\/#organization","name":"Fum\u00e9e d'iguane","url":"https:\/\/iguanasmoke.com\/","logo":{"@type":"ImageObject","inLanguage":"fr-FR","@id":"https:\/\/iguanasmoke.com\/#\/schema\/logo\/image\/","url":"https:\/\/iguanasmoke.com\/wp-content\/uploads\/2025\/01\/logoiguana-favi-1.png","contentUrl":"https:\/\/iguanasmoke.com\/wp-content\/uploads\/2025\/01\/logoiguana-favi-1.png","width":512,"height":512,"caption":"Iguana Smoke"},"image":{"@id":"https:\/\/iguanasmoke.com\/#\/schema\/logo\/image\/"},"sameAs":["https:\/\/www.facebook.com\/iguanasmoke","https:\/\/www.instagram.com\/iguanasmoke\/"]}]},"product_brand":"variable","og_availability":"instock","product_availability":"instock","product_condition":"new"},"_links":{"self":[{"href":"https:\/\/iguanasmoke.com\/fr\/wp-json\/wp\/v2\/product\/10398","targetHints":{"allow":["GET"]}}],"collection":[{"href":"https:\/\/iguanasmoke.com\/fr\/wp-json\/wp\/v2\/product"}],"about":[{"href":"https:\/\/iguanasmoke.com\/fr\/wp-json\/wp\/v2\/types\/product"}],"replies":[{"embeddable":true,"href":"https:\/\/iguanasmoke.com\/fr\/wp-json\/wp\/v2\/comments?post=10398"}],"wp:featuredmedia":[{"embeddable":true,"href":"https:\/\/iguanasmoke.com\/fr\/wp-json\/wp\/v2\/media\/45056"}],"wp:attachment":[{"href":"https:\/\/iguanasmoke.com\/fr\/wp-json\/wp\/v2\/media?parent=10398"}],"wp:term":[{"taxonomy":"product_brand","embeddable":true,"href":"https:\/\/iguanasmoke.com\/fr\/wp-json\/wp\/v2\/product_brand?post=10398"},{"taxonomy":"product_cat","embeddable":true,"href":"https:\/\/iguanasmoke.com\/fr\/wp-json\/wp\/v2\/product_cat?post=10398"},{"taxonomy":"product_tag","embeddable":true,"href":"https:\/\/iguanasmoke.com\/fr\/wp-json\/wp\/v2\/product_tag?post=10398"}],"curies":[{"name":"wp","href":"https:\/\/api.w.org\/{rel}","templated":true}]}}