{"id":10734,"date":"2022-08-25T18:19:21","date_gmt":"2022-08-25T16:19:21","guid":{"rendered":"https:\/\/iguanasmoke.com\/?post_type=product&#038;p=10734"},"modified":"2026-04-23T16:08:20","modified_gmt":"2026-04-23T14:08:20","slug":"acheter-cbd-fleurs-pack-pre-roll-cbd-2","status":"publish","type":"product","link":"https:\/\/iguanasmoke.com\/fr\/producto\/comprar-cbd-flores-pack-pre-roll-cbd\/","title":{"rendered":"Pack CBD Pre Roll - Cones 0.5g"},"content":{"rendered":"<h1><span style=\"font-weight: 400;\">Pack CBD Pre Roll - Cones 0.5g\u00a0<\/span><\/h1>\n<p data-start=\"277\" data-end=\"346\"><span style=\"font-weight: 400;\">Le pr\u00e9sent <strong>Paquet de CBD pr\u00e9-roul\u00e9<\/strong> est votre alli\u00e9 id\u00e9al. Les <strong>C\u00f4nes 0,5g CBD <\/strong>de <strong>Fum\u00e9e d'iguane<\/strong> ont \u00e9t\u00e9 cr\u00e9\u00e9s pour ceux qui veulent aller droit au but : 5 c\u00f4nes parfaitement roul\u00e9s, pr\u00eats \u00e0 \u00eatre allum\u00e9s et d\u00e9gust\u00e9s. Avec des fleurs de CBD s\u00e9lectionn\u00e9es et sans complications.\u00a0<\/span><\/p>\n<p data-start=\"277\" data-end=\"346\"><span style=\"font-weight: 400;\">Chaque <strong>C\u00f4ne pr\u00e9-alli\u00e9<\/strong> contient <strong>0.5g CBD fleur Sour Tsunami<\/strong>, cultiv\u00e9s biologiquement et <strong>pas de restes, de d\u00e9coupes ou de m\u00e9langes<\/strong>. Seulement <strong>premium flower ready<\/strong> pour vous offrir une <strong>doux, naturel et tr\u00e8s frais<\/strong>. <\/span><\/p>\n<p data-start=\"277\" data-end=\"346\"><span style=\"font-weight: 400;\">D\u00e9couvrez d'autres formats pour <a href=\"https:\/\/iguanasmoke.com\/fr\/categorie\/fleurs\/fleurs-de-cbd-2\/\"><strong>acheter des fleurs CBD<\/strong><\/a>, o\u00f9 vous d\u00e9couvrirez notre large s\u00e9lection de fleurs de CBD de qualit\u00e9 sup\u00e9rieure.<\/span><\/p>\n<p data-start=\"277\" data-end=\"346\"><span style=\"color: #ffffff;\">-<\/span><\/p>\n<h2><strong>Paquet Pre Roll de CBD de qualit\u00e9 - pr\u00eat \u00e0 \u00eatre allum\u00e9<\/strong><\/h2>\n<p><span style=\"font-weight: 400;\">Notre <strong>C\u00f4nes 0,5g CBD<\/strong> sont impliqu\u00e9s dans <strong>papier brut biologique<\/strong>, sans produits chimiques, additifs ou colorants. A l'int\u00e9rieur, vous trouverez des fleurs s\u00e9lectionn\u00e9es avec <strong>15% CBD<\/strong> et moins de <strong>0,3% THC<\/strong>. Ainsi, les 100% sont l\u00e9gaux en Espagne et en Europe.<\/span><\/p>\n<p><span style=\"font-weight: 400;\">Ce mini format est un cousin du format<strong> <a href=\"https:\/\/iguanasmoke.com\/fr\/produit\/acheter-des-fleurs-de-cbd-pre-rouleau-cone-king-size-cone-cbd-1gr\/\">CBD pr\u00e9-roul\u00e9 - C\u00f4ne King Size<\/a> <\/strong>XL et est id\u00e9al pour le partage, ou non.\u00a0<\/span><\/p>\n<p>&nbsp;<\/p>\n<h2 data-start=\"1495\" data-end=\"1540\">Caract\u00e9ristiques des c\u00f4nes de CBD de 0,5 g :<\/h2>\n<ul>\n<li><span style=\"font-weight: 400;\"><strong>5 c\u00f4nes crus pr\u00e9tranch\u00e9s avec 0,5g <\/strong>de la vraie fleur <strong>Tsunami acide <\/strong><\/span><\/li>\n<li><span style=\"font-weight: 400;\"><strong>CBD<\/strong> \u00e0 <strong>15%<\/strong> y <strong>THC &lt;0,3%<\/strong> -Produit l\u00e9gal sans effets psychoactifs <\/span><\/li>\n<li><span style=\"font-weight: 400;\"><strong>Papiers bruts<\/strong> biologique et sans produits chimiques <\/span><\/li>\n<li><span style=\"font-weight: 400;\"><strong>Dominante sativa<\/strong>, \u00e0 l'ar\u00f4me doux et intense <\/span><\/li>\n<li><span style=\"font-weight: 400;\"><strong>Agriculture biologique<\/strong>, sans pesticides ni OGM<\/span><\/li>\n<li><span style=\"font-weight: 400;\">Pr\u00eat \u00e0 l'emploi - parfait pour \u00eatre partag\u00e9 ou d\u00e9gust\u00e9 seul<\/span><\/li>\n<\/ul>\n<p>&nbsp;<\/p>\n<h2><b>O\u00f9 acheter votre Pre Roll CBD Pack en ligne<\/b><b>?<\/b><\/h2>\n<p><span style=\"font-weight: 400;\">Bien entendu, en <strong>Fum\u00e9e d'iguane. <\/strong>Ici, nous privil\u00e9gions la qualit\u00e9 et la transparence dans chaque produit. Notre Pre Roll est fabriqu\u00e9 \u00e0 partir d'authentiques <strong>fleurs de chanvre<\/strong>. Ils sont soigneusement s\u00e9lectionn\u00e9s et <strong>morsures<\/strong> afin de pr\u00e9server tout son ar\u00f4me, sa puissance et ses propri\u00e9t\u00e9s naturelles. <\/span><span style=\"font-weight: 400;\">Comme c'est le cas pour nos <strong>c\u00f4nes 0,5g CBD<\/strong>, Les nouveaux produits, qui se distinguent par leur praticit\u00e9 et leur facilit\u00e9 d'utilisation.<\/span><\/p>\n<p><span style=\"font-weight: 400;\">C'est un endroit s\u00fbr pour <strong>acheter Pre Roll CBD Pack en ligne en Espagne.<\/strong> Tous nos produits sont approuv\u00e9s par l'UE, ce qui garantit leur l\u00e9galit\u00e9 et leur s\u00e9curit\u00e9. En outre, si vous le souhaitez, vous pouvez consulter<\/span><strong> <a href=\"https:\/\/iguanasmoke.com\/fr\/lanalyse\/\">analyse en laboratoire.<\/a>\u00a0<\/strong><\/p>\n<p><span style=\"font-weight: 400;\">N'oubliez pas de compl\u00e9ter votre exp\u00e9rience avec la <a href=\"https:\/\/iguanasmoke.com\/fr\/produit\/porte-rouleau-2\/\"><strong>Porte-rouleau Iguana Smoke<\/strong><\/a> et tester les <strong>nouveau Pr\u00e9-Rouleau<\/strong> de notre mol\u00e9cule \u00e0 la mode : <strong><a href=\"https:\/\/iguanasmoke.com\/fr\/produit\/pre-roll-10-oh-king-size-1-5g\/\">Pre Roll 10-OH - King Size Cone<\/a><\/strong>. Si vous aimez les fleurs CBD, d\u00e9couvrez <\/span><span style=\"font-weight: 400;\">autres <strong>Produits TOP<\/strong> en tant que <a href=\"https:\/\/iguanasmoke.com\/fr\/produit\/buy-flower-cbd-pop-corn-indoor-25gr-cbd-small-buds\/\"><strong>Pop Corn Indoor 25g<\/strong><\/a> ou le <strong><a href=\"https:\/\/iguanasmoke.com\/fr\/categorie\/cbd\/pret-a-rouler\/\">Pr\u00eat \u00e0 rouler<\/a><\/strong>. <\/span><span style=\"font-weight: 400;\">D\u00e9couvrez notre gamme de <strong><a href=\"https:\/\/iguanasmoke.com\/fr\/categorie\/extraits-de-cbd\/\">Extraits de CBD<\/a><\/strong> y <strong><a href=\"https:\/\/iguanasmoke.com\/fr\/categorie\/hash-cbd\/\">Haschisch CBD<\/a><\/strong> et d'halluciner.\u00a0<\/span><\/p>\n<p>Une livraison rapide, une attention particuli\u00e8re et un magasin avec un emballage discret et s\u00fbr qui va de l'avant, juste pour que vous puissiez en profiter !<\/p>\n<p>&nbsp;<\/p>\n<h3><b>Iguana Smoke est votre boutique en ligne de CBD\u00a0<\/b><\/h3>\n<p><span style=\"font-weight: 400;\">Au<strong> Fum\u00e9e d'iguane<\/strong>, Nous pensons que la consommation de CBD doit \u00eatre une exp\u00e9rience s\u00fbre et agr\u00e9able. C'est pourquoi nous proposons des produits comme celui-ci <em>Paquet pr\u00e9-rouleau - C\u00f4nes 0.5g<\/em>\u00a0Le CBD est un produit de haute qualit\u00e9 qui s'adresse aux nouvelles g\u00e9n\u00e9rations : les personnes qui recherchent le bien-\u00eatre sans complications, avec des marques authentiques et fiables. Voici votre paquet de CBD pr\u00e9-roul\u00e9 : plus de broyage, de roulage ou de tracas.\u00a0<\/span><\/p>\n<p>Vous savez, notre mission est claire : vous apporter le meilleur du monde des cannabino\u00efdes \u00e0 un prix \u00e9quitable. De plus, nous vous offrons la tranquillit\u00e9 d'esprit de savoir que vous choisissez un produit certifi\u00e9, efficace et 100% l\u00e9gal. Votre temps de d\u00e9tente commence ici avec nous.<\/p>\n<p>Vous avez encore des doutes ? Ecrivez-nous et nous nous ferons un plaisir de vous aider \u00e0 trouver le produit qui vous convient.<\/p>\n<p>&nbsp;<\/p>\n<p><em><span style=\"font-weight: 400;\">*Veuillez noter que son utilisation est destin\u00e9e \u00e0 la collection ou \u00e0 l'aromath\u00e9rapie, conform\u00e9ment \u00e0 la loi espagnole. <\/span><\/em><\/p>\n<p><em><span style=\"font-weight: 400;\">**Tous nos produits sont d\u00e9riv\u00e9s de chanvre industriel certifi\u00e9. Ils contiennent moins de 0,3 THC et ne contiennent pas de cannabino\u00efdes ill\u00e9gaux tels que HHC, HHC-P, THCP, THCP-O, H4CBD et ceux inclus dans l'annexe I du d\u00e9cret royal 2829\/1977, ni de substances contr\u00f4l\u00e9es par les conventions internationales.\u00a0\u00a0<\/span><\/em><\/p>","protected":false},"excerpt":{"rendered":"<p>Ce format sera votre pr\u00e9f\u00e9r\u00e9 gr\u00e2ce \u00e0 son ar\u00f4me puissant et sucr\u00e9 et \u00e0 sa qualit\u00e9 sup\u00e9rieure :<\/p>\n<ul>\n<li>Nous n'utilisons pas de garnitures, mais uniquement des fleurs de qualit\u00e9 sup\u00e9rieure.<\/li>\n<li>5 c\u00f4nes de papier brut avec 0,5 g de fleurs<\/li>\n<li style=\"text-align: justify;\">Quantit\u00e9 approximative de fleurs : 2,5 grammes<\/li>\n<li style=\"text-align: justify;\">CBD : 15% \/ THC : &lt;0.3%<\/li>\n<li style=\"text-align: justify;\">100% l\u00e9gal en Europe<\/li>\n<\/ul>\n<p>Analyse de la qualit\u00e9 <a href=\"https:\/\/iguanasmoke.com\/wp-content\/uploads\/2018\/02\/Pre-Rolls-de-CBD.pdf\" target=\"_blank\" rel=\"noopener\">ici<\/a><\/p>","protected":false},"featured_media":77136,"comment_status":"open","ping_status":"closed","template":"","meta":{"_acf_changed":false,"site-sidebar-layout":"default","site-content-layout":"default","ast-site-content-layout":"default","site-content-style":"default","site-sidebar-style":"default","ast-global-header-display":"","ast-banner-title-visibility":"","ast-main-header-display":"","ast-hfb-above-header-display":"","ast-hfb-below-header-display":"","ast-hfb-mobile-header-display":"","site-post-title":"","ast-breadcrumbs-content":"","ast-featured-img":"","footer-sml-layout":"","theme-transparent-header-meta":"default","adv-header-id-meta":"","stick-header-meta":"","header-above-stick-meta":"","header-main-stick-meta":"","header-below-stick-meta":"","astra-migrate-meta-layouts":"set","ast-page-background-enabled":"default","ast-page-background-meta":{"desktop":{"background-color":"var(--ast-global-color-4)","background-image":"","background-repeat":"repeat","background-position":"center center","background-size":"auto","background-attachment":"scroll","background-type":"","background-media":"","overlay-type":"","overlay-color":"","overlay-opacity":"","overlay-gradient":""},"tablet":{"background-color":"","background-image":"","background-repeat":"repeat","background-position":"center center","background-size":"auto","background-attachment":"scroll","background-type":"","background-media":"","overlay-type":"","overlay-color":"","overlay-opacity":"","overlay-gradient":""},"mobile":{"background-color":"","background-image":"","background-repeat":"repeat","background-position":"center center","background-size":"auto","background-attachment":"scroll","background-type":"","background-media":"","overlay-type":"","overlay-color":"","overlay-opacity":"","overlay-gradient":""}},"ast-content-background-meta":{"desktop":{"background-color":"var(--ast-global-color-5)","background-image":"","background-repeat":"repeat","background-position":"center center","background-size":"auto","background-attachment":"scroll","background-type":"","background-media":"","overlay-type":"","overlay-color":"","overlay-opacity":"","overlay-gradient":""},"tablet":{"background-color":"var(--ast-global-color-5)","background-image":"","background-repeat":"repeat","background-position":"center center","background-size":"auto","background-attachment":"scroll","background-type":"","background-media":"","overlay-type":"","overlay-color":"","overlay-opacity":"","overlay-gradient":""},"mobile":{"background-color":"var(--ast-global-color-5)","background-image":"","background-repeat":"repeat","background-position":"center center","background-size":"auto","background-attachment":"scroll","background-type":"","background-media":"","overlay-type":"","overlay-color":"","overlay-opacity":"","overlay-gradient":""}}},"product_brand":[],"product_cat":[328,335],"product_tag":[],"class_list":{"0":"post-10734","1":"product","2":"type-product","3":"status-publish","4":"has-post-thumbnail","6":"product_cat-comprar-flores-de-cbd-y-cogollos-de-cbd","7":"product_cat-pre-roll-porros-cbd","8":"desktop-align-center","9":"tablet-align-center","10":"mobile-align-center","12":"first","13":"instock","14":"taxable","15":"shipping-taxable","16":"purchasable","17":"product-type-simple"},"acf":[],"yoast_head":"<!-- This site is optimized with the Yoast SEO Premium plugin v27.3 (Yoast SEO v27.3) - https:\/\/yoast.com\/product\/yoast-seo-premium-wordpress\/ -->\n<title>Pack Pre Roll CBD - Conos 0.5g | Iguana Smoke<\/title>\n<meta name=\"description\" content=\"Pack Pre-Roll CBD con 5 Conos 0.5g preliados con papel RAW y flores CBD. Compra flores de CBD listas para disfrutar, con 15% de CBD y formato pr\u00e1ctico.\" \/>\n<meta name=\"robots\" content=\"index, follow, max-snippet:-1, max-image-preview:large, max-video-preview:-1\" \/>\n<link rel=\"canonical\" href=\"https:\/\/iguanasmoke.com\/fr\/produit\/acheter-cbd-fleurs-pack-pre-roll-cbd-2\/\" \/>\n<meta property=\"og:locale\" content=\"fr_FR\" \/>\n<meta property=\"og:type\" content=\"article\" \/>\n<meta property=\"og:title\" content=\"Pack Pre Roll CBD - Conos 0.5g\" \/>\n<meta property=\"og:description\" content=\"Este formato ser\u00e1 tu favorito con su fuerte aroma dulce y su calidad premium:   No usamos trim, solo flores de primera calidad  5 conos papel Raw con 0.5g de flor  Cantidad de flores aprox: 2,5 gramos  CBD: 15% \/ THC: &lt;0,3%  100% legal en Europa  An\u00e1lisis de calidad aqu\u00ed\" \/>\n<meta property=\"og:url\" content=\"https:\/\/iguanasmoke.com\/fr\/produit\/acheter-cbd-fleurs-pack-pre-roll-cbd-2\/\" \/>\n<meta property=\"og:site_name\" content=\"Iguana Smoke\" \/>\n<meta property=\"article:publisher\" content=\"https:\/\/www.facebook.com\/iguanasmoke\" \/>\n<meta property=\"article:modified_time\" content=\"2026-04-23T14:08:20+00:00\" \/>\n<meta property=\"og:image\" content=\"https:\/\/iguanasmoke.com\/wp-content\/uploads\/2022\/08\/Ready-to-roll-der-con-cigarrillos.webp\" \/>\n\t<meta property=\"og:image:width\" content=\"1000\" \/>\n\t<meta property=\"og:image:height\" content=\"1000\" \/>\n\t<meta property=\"og:image:type\" content=\"image\/webp\" \/>\n<meta name=\"twitter:card\" content=\"summary_large_image\" \/>\n<meta name=\"twitter:label1\" content=\"Prix\" \/>\n\t<meta name=\"twitter:data1\" content=\"10,00&nbsp;&euro;\" \/>\n\t<meta name=\"twitter:label2\" content=\"Disponibilit\u00e9\" \/>\n\t<meta name=\"twitter:data2\" content=\"En stock\" \/>\n<meta property=\"product:brand\" content=\"simple\" \/>\n<meta property=\"product:price:amount\" content=\"10.00\" \/>\n<meta property=\"product:price:currency\" content=\"EUR\" \/>\n<meta property=\"og:availability\" content=\"instock\" \/>\n<meta property=\"product:availability\" content=\"instock\" \/>\n<meta property=\"product:retailer_item_id\" content=\"IS-PREROLLPACK-X5\" \/>\n<meta property=\"product:condition\" content=\"new\" \/>\n<!-- \/ Yoast SEO Premium plugin. -->","yoast_head_json":{"title":"Pre Roll CBD Pack - Cones 0.5g | Iguana Smoke","description":"Pack CBD Pre-Roll avec 5 c\u00f4nes de 0,5g pr\u00e9-tranch\u00e9s avec du papier RAW et des fleurs de CBD. Achetez des fleurs de CBD pr\u00eates \u00e0 \u00eatre consomm\u00e9es, avec 15% de CBD et un format pratique.","robots":{"index":"index","follow":"follow","max-snippet":"max-snippet:-1","max-image-preview":"max-image-preview:large","max-video-preview":"max-video-preview:-1"},"canonical":"https:\/\/iguanasmoke.com\/fr\/produit\/acheter-cbd-fleurs-pack-pre-roll-cbd-2\/","og_locale":"fr_FR","og_type":"article","og_title":"Pack Pre Roll CBD - Conos 0.5g","og_description":"Este formato ser\u00e1 tu favorito con su fuerte aroma dulce y su calidad premium:   No usamos trim, solo flores de primera calidad  5 conos papel Raw con 0.5g de flor  Cantidad de flores aprox: 2,5 gramos  CBD: 15% \/ THC: &lt;0,3%  100% legal en Europa  An\u00e1lisis de calidad aqu\u00ed","og_url":"https:\/\/iguanasmoke.com\/fr\/produit\/acheter-cbd-fleurs-pack-pre-roll-cbd-2\/","og_site_name":"Iguana Smoke","article_publisher":"https:\/\/www.facebook.com\/iguanasmoke","article_modified_time":"2026-04-23T14:08:20+00:00","og_image":[{"width":1000,"height":1000,"url":"https:\/\/iguanasmoke.com\/wp-content\/uploads\/2022\/08\/Ready-to-roll-der-con-cigarrillos.webp","type":"image\/webp"}],"twitter_card":"summary_large_image","twitter_misc":{"Prix":"10,00&nbsp;&euro;","Disponibilit\u00e9":"En stock"},"schema":{"@context":"https:\/\/schema.org","@graph":[{"@type":"WebPage","@id":"https:\/\/iguanasmoke.com\/producto\/comprar-cbd-flores-pack-pre-roll-cbd\/","url":"https:\/\/iguanasmoke.com\/producto\/comprar-cbd-flores-pack-pre-roll-cbd\/","name":"Pre Roll CBD Pack - Cones 0.5g | Iguana Smoke","isPartOf":{"@id":"https:\/\/iguanasmoke.com\/#website"},"primaryImageOfPage":{"@id":"https:\/\/iguanasmoke.com\/producto\/comprar-cbd-flores-pack-pre-roll-cbd\/#primaryimage"},"image":{"@id":"https:\/\/iguanasmoke.com\/producto\/comprar-cbd-flores-pack-pre-roll-cbd\/#primaryimage"},"thumbnailUrl":"https:\/\/iguanasmoke.com\/wp-content\/uploads\/2022\/08\/Ready-to-roll-der-con-cigarrillos.webp","datePublished":"2022-08-25T16:19:21+00:00","dateModified":"2026-04-23T14:08:20+00:00","description":"Pack CBD Pre-Roll avec 5 c\u00f4nes de 0,5g pr\u00e9-tranch\u00e9s avec du papier RAW et des fleurs de CBD. Achetez des fleurs de CBD pr\u00eates \u00e0 \u00eatre consomm\u00e9es, avec 15% de CBD et un format pratique.","breadcrumb":{"@id":"https:\/\/iguanasmoke.com\/producto\/comprar-cbd-flores-pack-pre-roll-cbd\/#breadcrumb"},"inLanguage":"fr-FR","potentialAction":[{"@type":"ReadAction","target":["https:\/\/iguanasmoke.com\/producto\/comprar-cbd-flores-pack-pre-roll-cbd\/"]}]},{"@type":"ImageObject","inLanguage":"fr-FR","@id":"https:\/\/iguanasmoke.com\/producto\/comprar-cbd-flores-pack-pre-roll-cbd\/#primaryimage","url":"https:\/\/iguanasmoke.com\/wp-content\/uploads\/2022\/08\/Ready-to-roll-der-con-cigarrillos.webp","contentUrl":"https:\/\/iguanasmoke.com\/wp-content\/uploads\/2022\/08\/Ready-to-roll-der-con-cigarrillos.webp","width":1000,"height":1000,"caption":"pre rolls cbd"},{"@type":"BreadcrumbList","@id":"https:\/\/iguanasmoke.com\/producto\/comprar-cbd-flores-pack-pre-roll-cbd\/#breadcrumb","itemListElement":[{"@type":"ListItem","position":1,"name":"home","item":"https:\/\/iguanasmoke.com\/"},{"@type":"ListItem","position":2,"name":"Tienda","item":"https:\/\/iguanasmoke.com\/tienda\/"},{"@type":"ListItem","position":3,"name":"Pre Rolls","item":"https:\/\/iguanasmoke.com\/categoria\/pre-roll-porros-cbd\/"},{"@type":"ListItem","position":4,"name":"Pack Pre Roll CBD &#8211; Conos 0.5g"}]},{"@type":"WebSite","@id":"https:\/\/iguanasmoke.com\/#website","url":"https:\/\/iguanasmoke.com\/","name":"Fum\u00e9e d'iguane","description":"Acheter du CBD en ligne au meilleur prix","publisher":{"@id":"https:\/\/iguanasmoke.com\/#organization"},"potentialAction":[{"@type":"SearchAction","target":{"@type":"EntryPoint","urlTemplate":"https:\/\/iguanasmoke.com\/?s={search_term_string}"},"query-input":{"@type":"PropertyValueSpecification","valueRequired":true,"valueName":"search_term_string"}}],"inLanguage":"fr-FR"},{"@type":"Organization","@id":"https:\/\/iguanasmoke.com\/#organization","name":"Fum\u00e9e d'iguane","url":"https:\/\/iguanasmoke.com\/","logo":{"@type":"ImageObject","inLanguage":"fr-FR","@id":"https:\/\/iguanasmoke.com\/#\/schema\/logo\/image\/","url":"https:\/\/iguanasmoke.com\/wp-content\/uploads\/2025\/01\/logoiguana-favi-1.png","contentUrl":"https:\/\/iguanasmoke.com\/wp-content\/uploads\/2025\/01\/logoiguana-favi-1.png","width":512,"height":512,"caption":"Iguana Smoke"},"image":{"@id":"https:\/\/iguanasmoke.com\/#\/schema\/logo\/image\/"},"sameAs":["https:\/\/www.facebook.com\/iguanasmoke","https:\/\/www.instagram.com\/iguanasmoke\/"]}]},"product_brand":"simple","product_price_amount":"10.00","product_price_currency":"EUR","og_availability":"instock","product_availability":"instock","product_retailer_item_id":"IS-PREROLLPACK-X5","product_condition":"new"},"_links":{"self":[{"href":"https:\/\/iguanasmoke.com\/fr\/wp-json\/wp\/v2\/product\/10734","targetHints":{"allow":["GET"]}}],"collection":[{"href":"https:\/\/iguanasmoke.com\/fr\/wp-json\/wp\/v2\/product"}],"about":[{"href":"https:\/\/iguanasmoke.com\/fr\/wp-json\/wp\/v2\/types\/product"}],"replies":[{"embeddable":true,"href":"https:\/\/iguanasmoke.com\/fr\/wp-json\/wp\/v2\/comments?post=10734"}],"wp:featuredmedia":[{"embeddable":true,"href":"https:\/\/iguanasmoke.com\/fr\/wp-json\/wp\/v2\/media\/77136"}],"wp:attachment":[{"href":"https:\/\/iguanasmoke.com\/fr\/wp-json\/wp\/v2\/media?parent=10734"}],"wp:term":[{"taxonomy":"product_brand","embeddable":true,"href":"https:\/\/iguanasmoke.com\/fr\/wp-json\/wp\/v2\/product_brand?post=10734"},{"taxonomy":"product_cat","embeddable":true,"href":"https:\/\/iguanasmoke.com\/fr\/wp-json\/wp\/v2\/product_cat?post=10734"},{"taxonomy":"product_tag","embeddable":true,"href":"https:\/\/iguanasmoke.com\/fr\/wp-json\/wp\/v2\/product_tag?post=10734"}],"curies":[{"name":"wp","href":"https:\/\/api.w.org\/{rel}","templated":true}]}}