{"id":11507,"date":"2022-10-02T20:41:04","date_gmt":"2022-10-02T18:41:04","guid":{"rendered":"https:\/\/iguanasmoke.com\/?post_type=product&#038;p=11507"},"modified":"2026-03-15T18:54:55","modified_gmt":"2026-03-15T17:54:55","slug":"iguana-box-offre-cbd-de-la-semaine","status":"publish","type":"product","link":"https:\/\/iguanasmoke.com\/fr\/producto\/iguana-box-oferta-cbd-de-la-semana\/","title":{"rendered":"Offre CBD de la semaine de l'Iguana Box"},"content":{"rendered":"<h1 data-start=\"1609\" data-end=\"1642\"><span style=\"font-weight: 400;\">Offre CBD de la semaine de l'Iguana Box<i>: Rien ne te manquera<\/i><\/span><\/h1>\n<p data-start=\"273\" data-end=\"578\"><span style=\"font-weight: 400;\">Si vous aimez varier, d\u00e9couvrir de nouvelles saveurs et appr\u00e9cier des fleurs de CBD de haute qualit\u00e9, alors le <strong>Offre CBD de la semaine de l'Iguana Box <\/strong>est fait pour vous. Nous avons cr\u00e9\u00e9 ce pack exclusif pour que vous puissiez essayer certains des produits les plus populaires. <strong>les g\u00e8nes les plus populaires et les plus demand\u00e9s<\/strong>, tous soigneusement s\u00e9lectionn\u00e9s et cultiv\u00e9s selon les normes europ\u00e9ennes.<\/span><\/p>\n<p data-start=\"273\" data-end=\"578\"><span style=\"font-weight: 400;\">De plus, cette Box est remplie de fleurs de CBD (<strong>10-15% de CBD et moins de 0,3% de THC<\/strong>), enti\u00e8rement<strong> l\u00e9gale en Espagne<\/strong>, id\u00e9ales pour ceux qui recherchent des exp\u00e9riences \u00e9quilibr\u00e9es, aromatiques et sans effets psychoactifs. Ce pack est compl\u00e9t\u00e9 par un Pocket CBD Broad Spectrum, pr\u00eat \u00e0 l'emploi.<\/span><\/p>\n<p>&nbsp;<\/p>\n<h2 data-start=\"273\" data-end=\"578\"><strong>Qu'est-ce que l'offre CBD de la semaine de la Iguana Box inclut ? <\/strong><\/h2>\n<p data-start=\"273\" data-end=\"578\"><span style=\"font-weight: 400;\">Tout d'abord, dans ce pack, vous pourrez choisir entre profiter de <strong>1 x <a href=\"https:\/\/iguanasmoke.com\/fr\/produit\/acheter-cbd-flower-sting-cbd-ready-to-roll-15gr\/\">CBD Fleur Picotante | Pr\u00eate \u00e0 Rouler 15g<\/a><\/strong> o <strong>1 x Fleurs CBD Indoor de 2g<\/strong> \u00c0 choisir entre <a href=\"https:\/\/iguanasmoke.com\/fr\/produit\/fleur-cbd-amnesia-indoor\/\"><strong>Amnesia Indoor<\/strong><\/a>\/ <a href=\"https:\/\/iguanasmoke.com\/fr\/produit\/flower-cbd-white-widow-indoor\/\"><strong>White Widow Indoor<\/strong><\/a>)<\/span><\/p>\n<p data-start=\"273\" data-end=\"578\"><span style=\"font-weight: 400;\">Pour continuer, choisissez jusqu'\u00e0 <strong>2 sachets de 3 grammes de vos fleurs CBD pr\u00e9f\u00e9r\u00e9es<\/strong>, vous pourrez choisir parmi toutes les vari\u00e9t\u00e9s : <\/span><\/p>\n<ul>\n<li style=\"list-style-type: none;\">\n<ul>\n<li data-start=\"273\" data-end=\"578\"><span style=\"font-weight: 400;\"><strong><a href=\"https:\/\/iguanasmoke.com\/fr\/produit\/buy-flower-sour-tsunami-cbd-flower-buds-online\/\">Tsunami acide<\/a>:<\/strong> Fra\u00eeche, citronn\u00e9e, parfaite pour ceux qui recherchent des sensations douces et nettes. <\/span><\/li>\n<li data-start=\"273\" data-end=\"578\"><span style=\"font-weight: 400;\"><strong><a href=\"https:\/\/iguanasmoke.com\/fr\/produit\/acheter-flor-gelato-cbd-flower-buds-online\/\">Gelato<\/a>:<\/strong> Douce et cr\u00e9meuse, une favorite pour son ar\u00f4me intense. <\/span><\/li>\n<li data-start=\"273\" data-end=\"578\"><span style=\"font-weight: 400;\"><strong><a href=\"https:\/\/iguanasmoke.com\/fr\/produit\/buy-flower-ak-47-cbd-buds-online\/\">AK-47<\/a>:<\/strong> Puissant en nuances, avec un profil classique et \u00e9pic\u00e9.<\/span><\/li>\n<li data-start=\"273\" data-end=\"578\"><span style=\"font-weight: 400;\"><a href=\"https:\/\/iguanasmoke.com\/fr\/produit\/buy-flower-shelby-cbd-buds-online\/\"><strong>Shelby<\/strong><\/a>El\u00e9gant et \u00e9quilibr\u00e9, id\u00e9al \u00e0 tout moment de la journ\u00e9e. <\/span><\/li>\n<li data-start=\"273\" data-end=\"578\"><span style=\"font-weight: 400;\"><a href=\"https:\/\/iguanasmoke.com\/fr\/produit\/buy-flower-amnesia-cbd-cbd-buds-online\/\"><strong>Amn\u00e9sie<\/strong><\/a>Incontournable, avec de fortes notes d'agrumes et d'herbes. <\/span><\/li>\n<li data-start=\"273\" data-end=\"578\"><span style=\"font-weight: 400;\"><a href=\"https:\/\/iguanasmoke.com\/fr\/produit\/buy-flower-gorilla-glue-cbd-cbd-buds-online\/\"><strong>Gorille<\/strong> <strong>Colle<\/strong><\/a>Terreuse et profonde, avec une pr\u00e9sence aromatique brutale. <\/span><\/li>\n<li data-start=\"273\" data-end=\"578\"><span style=\"font-weight: 400;\"><a href=\"https:\/\/iguanasmoke.com\/fr\/produit\/buy-flower-sour-diesel-cbd-flower-buds-online\/\"><strong>\u00c2cre<\/strong> <strong>Diesel<\/strong><\/a>Acide et p\u00e9n\u00e9trante, une g\u00e9n\u00e9tique mythique qui ne d\u00e9\u00e7oit jamais<\/span><\/li>\n<li data-start=\"273\" data-end=\"578\"><span style=\"font-weight: 400;\"><strong><a href=\"https:\/\/iguanasmoke.com\/fr\/produit\/buy-flower-cherry-haze-cbd-buds-online\/\">Haze de cerise<\/a>:<\/strong> Sucr\u00e9 et fruit\u00e9 \u00e0 parts \u00e9gales. <\/span><\/li>\n<li data-start=\"273\" data-end=\"578\"><span style=\"font-weight: 400;\"><strong><a href=\"https:\/\/iguanasmoke.com\/fr\/produit\/buy-flower-alien-og-cbd-buds-online\/\">Alien OG<\/a>:<\/strong> Intense, terreux et quelque peu naus\u00e9abond. <\/span><\/li>\n<li data-start=\"273\" data-end=\"578\"><span style=\"font-weight: 400;\"><a href=\"https:\/\/iguanasmoke.com\/fr\/produit\/buy-tropical-flower-cookies-cbd-buds-online\/\"><strong>Biscuits Tropicaux<\/strong><\/a> Exotique et gourmande, elle ne d\u00e9\u00e7oit pas. <\/span><\/li>\n<li data-start=\"273\" data-end=\"578\"><span style=\"font-weight: 400;\"><strong><a href=\"https:\/\/iguanasmoke.com\/fr\/produit\/buy-flower-super-skunk-cbd-cbd-buds-online\/\">Super Skunk<\/a>:<\/strong> La plus malodorante et puissante, pr\u00e9parez-vous. <\/span><\/li>\n<li data-start=\"273\" data-end=\"578\"><span style=\"font-weight: 400;\"><strong><a href=\"https:\/\/iguanasmoke.com\/fr\/produit\/buy-flower-iguana-kush-cbd-cbd-buds-online\/\">Iguana Kush<\/a>:<\/strong> La chouchoute de la maison, la plus unique : profonde et relaxante.<\/span><\/li>\n<\/ul>\n<\/li>\n<\/ul>\n<p><span style=\"font-weight: 400;\">De plus, vous choisissez comment en profiter, compl\u00e9tez votre pack de fleurs de CBD en choisissant parmi les diff\u00e9rents terp\u00e8nes de <strong>Vaper du CBD \u2013 Iguana Pod Pocket Broad Spectrum<\/strong>: <\/span><\/p>\n<ul>\n<li style=\"list-style-type: none;\">\n<ul>\n<li style=\"list-style-type: none;\">\n<ul>\n<li><strong>1 x <a href=\"https:\/\/iguanasmoke.com\/fr\/produit\/vape-cbd-iguana-pod-pocket-ak-47-broad-spectrum-750mg\/\">AK-47<\/a> o<\/strong><\/li>\n<li><strong>1 x <a href=\"https:\/\/iguanasmoke.com\/fr\/produit\/iguana-disposable-cbd-pod-iguana-pod-pocket-amnesia-broad-spectrum-750mg\/\">Amn\u00e9sie\u00a0<\/a>o<\/strong><\/li>\n<li><strong>1 x <a href=\"https:\/\/iguanasmoke.com\/fr\/produit\/iguana-disposable-cbd-pod-pocket-pod-lemon-haze-broad-spectrum-750mg-2\/\">Lemon Haze<\/a><\/strong><\/li>\n<\/ul>\n<\/li>\n<\/ul>\n<\/li>\n<\/ul>\n<p><span style=\"font-weight: 400;\">Enfin, tu choisis entre<strong> 1 x<\/strong>\u00a0<a href=\"https:\/\/iguanasmoke.com\/fr\/produit\/papier-a-rouler-en-chanvre-king-size-avec-filtres\/\"><strong>Papier \u00e0 rouler chanvre Japon King Size avec filtres<\/strong><\/a> o <strong>1 x<\/strong> <a href=\"https:\/\/iguanasmoke.com\/fr\/produit\/acheter-des-fleurs-de-cbd-pre-rouleau-cone-king-size-cone-cbd-1gr\/\"><strong>Pre Roll CBD - C\u00f4ne CBD King Size<\/strong><\/a> .<\/span><\/p>\n<p data-start=\"273\" data-end=\"578\"><span style=\"font-weight: 400;\">Tout est pens\u00e9 pour que vous n'ayez qu'\u00e0 ouvrir la bo\u00eete et profiter de <strong>Offre CBD de la semaine de l'Iguana Box<\/strong>.<\/span><\/p>\n<p>&nbsp;<\/p>\n<h2 data-start=\"273\" data-end=\"578\"><strong>Pourquoi choisir l'Offre CBD de la Semaine de la Box Iguana ? <\/strong><\/h2>\n<ul>\n<li data-start=\"273\" data-end=\"578\"><span style=\"font-weight: 400;\">S\u00e9lection assortie de fleurs de CBD de qualit\u00e9 sup\u00e9rieure <\/span><\/li>\n<li data-start=\"273\" data-end=\"578\"><span style=\"font-weight: 400;\">Id\u00e9al pour tester plusieurs g\u00e8nes en un seul paquet. <\/span><\/li>\n<li data-start=\"273\" data-end=\"578\"><span style=\"font-weight: 400;\">CBD entre 10 et 15% et THC inf\u00e9rieur \u00e0 0,3% <\/span><\/li>\n<li data-start=\"273\" data-end=\"578\"><span style=\"font-weight: 400;\">Produit l\u00e9gal, s\u00fbr et test\u00e9 <\/span><\/li>\n<li data-start=\"273\" data-end=\"578\"><span style=\"font-weight: 400;\">Parfait pour un cadeau... ou pour soi-m\u00eame. <\/span><\/li>\n<\/ul>\n<p><span style=\"font-weight: 400;\">Le <strong>Offre CBD de la semaine de l'Iguana Box<\/strong>\u00a0Il ne s'agit pas seulement d'un paquet, mais d'une exp\u00e9rience compl\u00e8te pour ceux qui appr\u00e9cient le CBD de qualit\u00e9. D\u00e9couvrez, comparez et trouvez votre produit pr\u00e9f\u00e9r\u00e9.<\/span><\/p>\n<p>&nbsp;<\/p>\n<h4 data-start=\"1671\" data-end=\"1708\">\ud83d\ude9a Livraison incluse, pas de surprise<\/h4>\n<p data-start=\"1710\" data-end=\"1839\">Le prix de l'Iguana Box comprend <strong data-start=\"1745\" data-end=\"1764\">frais d'exp\u00e9dition<\/strong>, Nous vous offrons la possibilit\u00e9 de recevoir votre colis confortablement chez vous, rapidement et discr\u00e8tement.<\/p>\n<p>&nbsp;<\/p>\n<h3><b>Iguana Smoke est votre boutique en ligne de CBD\u00a0<\/b><\/h3>\n<p><span style=\"font-weight: 400;\">Au<strong> Fum\u00e9e d'iguane<\/strong>, Nous pensons que la consommation de CBD doit se faire en toute s\u00e9curit\u00e9. C'est pourquoi nous proposons des produits comme celui-ci <strong>Offre CBD de la semaine de l'Iguana Box<\/strong>, La marque s'adresse aux nouvelles g\u00e9n\u00e9rations : des personnes qui recherchent un bien-\u00eatre simple, avec des marques authentiques et fiables.\u00a0<\/span><\/p>\n<p>Vous savez, notre mission est claire : vous apporter le meilleur du monde des cannabino\u00efdes \u00e0 un prix \u00e9quitable. De plus, nous vous offrons la tranquillit\u00e9 d'esprit de savoir que vous choisissez un produit certifi\u00e9, efficace et 100% l\u00e9gal. Votre moment de d\u00e9tente commence ici avec nos fleurs de CBD.<\/p>\n<p>Vous avez encore des doutes ? Ecrivez-nous et nous nous ferons un plaisir de vous aider \u00e0 trouver le produit qui vous convient.<\/p>\n<p>&nbsp;<\/p>\n<h6>\u2139\ufe0f<strong> Informations juridiques<\/strong><\/h6>\n<p><em><span style=\"font-weight: 400;\">*Produit destin\u00e9 \u00e0 la collection ou \u00e0 l'aromath\u00e9rapie, conform\u00e9ment \u00e0 la l\u00e9gislation espagnole en vigueur. <\/span><\/em><\/p>\n<p><em><span style=\"font-weight: 400;\">**D\u00e9riv\u00e9 de chanvre industriel certifi\u00e9. Contient moins de 0,3 THC et ne contient pas de cannabino\u00efdes ill\u00e9gaux tels que HHC, HHC-P, THCP, THCP-O, H4CBD ou des substances \u00e9num\u00e9r\u00e9es \u00e0 l'annexe I du d\u00e9cret royal 2829\/1977, ni de substances contr\u00f4l\u00e9es par des conventions internationales.\u00a0\u00a0<\/span><\/em><\/p>","protected":false},"excerpt":{"rendered":"<p><span style=\"font-weight: 400;\">Prep\u00e1rate porque esta Iguana Box viene llena de flores de CBD (10-15%CBD y &lt;0,3%THC):<\/span><\/p>\n<ul>\n<li>1 x Picadura de Flores CBD- Ready to Roll o 1 x 2 gramos Flor CBD Indoor a elegir<\/li>\n<li>2 bolsas de flores CBD 3g a tu elecci\u00f3n<\/li>\n<li>1 x Papel de Liar de c\u00e1\u00f1amo King Size o 1 x Pre Roll Cono CBD<\/li>\n<li>1 x Vaper CBD &#8211; Iguana Pod Pocket Broad Spectrum 750mg a elecci\u00f3n<\/li>\n<\/ul>\n<p>[Gastos de env\u00edo inclu\u00eddos]<\/p>\n<p><em><span style=\"font-weight: 400;\">Precio sin descuento: 69,90\u20ac | precio pack descuento: 40\u20ac =&gt; <strong>ahorro de 29,90\u20ac con un descuento del 42,8%<\/strong><\/span>\u00a0<\/em><\/p>\n<p><span style=\"font-weight: 400;\">Consulta<strong>\u00a0<a href=\"https:\/\/iguanasmoke.com\/analiticas\/\">el an\u00e1lisis de laboratorio.<\/a><\/strong><\/span><\/p>\n","protected":false},"featured_media":77332,"comment_status":"open","ping_status":"closed","template":"","meta":{"_acf_changed":false,"site-sidebar-layout":"default","site-content-layout":"default","ast-site-content-layout":"default","site-content-style":"default","site-sidebar-style":"default","ast-global-header-display":"","ast-banner-title-visibility":"","ast-main-header-display":"","ast-hfb-above-header-display":"","ast-hfb-below-header-display":"","ast-hfb-mobile-header-display":"","site-post-title":"","ast-breadcrumbs-content":"","ast-featured-img":"","footer-sml-layout":"","theme-transparent-header-meta":"default","adv-header-id-meta":"","stick-header-meta":"","header-above-stick-meta":"","header-main-stick-meta":"","header-below-stick-meta":"","astra-migrate-meta-layouts":"set","ast-page-background-enabled":"default","ast-page-background-meta":{"desktop":{"background-color":"var(--ast-global-color-4)","background-image":"","background-repeat":"repeat","background-position":"center center","background-size":"auto","background-attachment":"scroll","background-type":"","background-media":"","overlay-type":"","overlay-color":"","overlay-opacity":"","overlay-gradient":""},"tablet":{"background-color":"","background-image":"","background-repeat":"repeat","background-position":"center center","background-size":"auto","background-attachment":"scroll","background-type":"","background-media":"","overlay-type":"","overlay-color":"","overlay-opacity":"","overlay-gradient":""},"mobile":{"background-color":"","background-image":"","background-repeat":"repeat","background-position":"center center","background-size":"auto","background-attachment":"scroll","background-type":"","background-media":"","overlay-type":"","overlay-color":"","overlay-opacity":"","overlay-gradient":""}},"ast-content-background-meta":{"desktop":{"background-color":"var(--ast-global-color-5)","background-image":"","background-repeat":"repeat","background-position":"center center","background-size":"auto","background-attachment":"scroll","background-type":"","background-media":"","overlay-type":"","overlay-color":"","overlay-opacity":"","overlay-gradient":""},"tablet":{"background-color":"var(--ast-global-color-5)","background-image":"","background-repeat":"repeat","background-position":"center center","background-size":"auto","background-attachment":"scroll","background-type":"","background-media":"","overlay-type":"","overlay-color":"","overlay-opacity":"","overlay-gradient":""},"mobile":{"background-color":"var(--ast-global-color-5)","background-image":"","background-repeat":"repeat","background-position":"center center","background-size":"auto","background-attachment":"scroll","background-type":"","background-media":"","overlay-type":"","overlay-color":"","overlay-opacity":"","overlay-gradient":""}}},"product_brand":[],"product_cat":[349],"product_tag":[],"class_list":{"0":"post-11507","1":"product","2":"type-product","3":"status-publish","4":"has-post-thumbnail","6":"product_cat-packs-y-ofertas-cbd","7":"desktop-align-center","8":"tablet-align-center","9":"mobile-align-center","11":"first","12":"instock","13":"sale","14":"taxable","15":"shipping-taxable","16":"purchasable","17":"product-type-composite"},"acf":[],"yoast_head":"<!-- This site is optimized with the Yoast SEO Premium plugin v27.3 (Yoast SEO v27.3) - https:\/\/yoast.com\/product\/yoast-seo-premium-wordpress\/ -->\n<title>Iguana Box Oferta CBD de la Semana | Iguana Smoke<\/title>\n<meta name=\"description\" content=\"Descubre la Iguana Box Oferta CBD de la Semana y disfruta de flores CBD de alta calidad. Var\u00eda y prueba gen\u00e9ticas populares, \u00a1no te lo pierdas!\" \/>\n<meta name=\"robots\" content=\"index, follow, max-snippet:-1, max-image-preview:large, max-video-preview:-1\" \/>\n<link rel=\"canonical\" href=\"https:\/\/iguanasmoke.com\/fr\/produit\/iguana-box-offre-cbd-de-la-semaine\/\" \/>\n<meta property=\"og:locale\" content=\"fr_FR\" \/>\n<meta property=\"og:type\" content=\"article\" \/>\n<meta property=\"og:title\" content=\"Iguana Box Oferta CBD de la Semana\" \/>\n<meta property=\"og:description\" content=\"Prep\u00e1rate porque esta Iguana Box viene llena de flores de CBD (10-15%CBD y &lt;0,3%THC):   1 x Picadura de Flores CBD- Ready to Roll o 1 x 2 gramos Flor CBD Indoor a elegir  2 bolsas de flores CBD 3g a tu elecci\u00f3n  1 x Papel de Liar de c\u00e1\u00f1amo King Size o 1 x Pre Roll Cono CBD  1 x Vaper CBD - Iguana Pod Pocket Broad Spectrum 750mg a elecci\u00f3n    Precio sin descuento: 69,90\u20ac | precio pack descuento: 40\u20ac =&gt; ahorro de 29,90\u20ac con un descuento del 42,8%\u00a0  Consulta\u00a0el an\u00e1lisis de laboratorio.\" \/>\n<meta property=\"og:url\" content=\"https:\/\/iguanasmoke.com\/fr\/produit\/iguana-box-offre-cbd-de-la-semaine\/\" \/>\n<meta property=\"og:site_name\" content=\"Iguana Smoke\" \/>\n<meta property=\"article:publisher\" content=\"https:\/\/www.facebook.com\/iguanasmoke\" \/>\n<meta property=\"article:modified_time\" content=\"2026-03-15T17:54:55+00:00\" \/>\n<meta property=\"og:image\" content=\"https:\/\/iguanasmoke.com\/wp-content\/uploads\/2022\/10\/Iguana-Oferta-Pack-3.webp\" \/>\n\t<meta property=\"og:image:width\" content=\"1000\" \/>\n\t<meta property=\"og:image:height\" content=\"1000\" \/>\n\t<meta property=\"og:image:type\" content=\"image\/webp\" \/>\n<meta name=\"twitter:card\" content=\"summary_large_image\" \/>\n<meta name=\"twitter:label1\" content=\"Prix\" \/>\n\t<meta name=\"twitter:data1\" content=\"40,00&nbsp;&euro;\" \/>\n\t<meta name=\"twitter:label2\" content=\"Disponibilit\u00e9\" \/>\n\t<meta name=\"twitter:data2\" content=\"En stock\" \/>\n<meta property=\"product:brand\" content=\"composite\" \/>\n<meta property=\"product:price:amount\" content=\"40.00\" \/>\n<meta property=\"product:price:currency\" content=\"EUR\" \/>\n<meta property=\"og:availability\" content=\"instock\" \/>\n<meta property=\"product:availability\" content=\"instock\" \/>\n<meta property=\"product:retailer_item_id\" content=\"IS-PACKWEEK\" \/>\n<meta property=\"product:condition\" content=\"new\" \/>\n<!-- \/ Yoast SEO Premium plugin. -->","yoast_head_json":{"title":"Offre CBD Iguana Box de la semaine : Iguana Smoke","description":"D\u00e9couvrez la Box Iguane Offre CBD de la Semaine et profitez de fleurs CBD de haute qualit\u00e9. Variez et go\u00fbtez des g\u00e9n\u00e9tiques populaires, ne la manquez pas !","robots":{"index":"index","follow":"follow","max-snippet":"max-snippet:-1","max-image-preview":"max-image-preview:large","max-video-preview":"max-video-preview:-1"},"canonical":"https:\/\/iguanasmoke.com\/fr\/produit\/iguana-box-offre-cbd-de-la-semaine\/","og_locale":"fr_FR","og_type":"article","og_title":"Iguana Box Oferta CBD de la Semana","og_description":"Prep\u00e1rate porque esta Iguana Box viene llena de flores de CBD (10-15%CBD y &lt;0,3%THC):   1 x Picadura de Flores CBD- Ready to Roll o 1 x 2 gramos Flor CBD Indoor a elegir  2 bolsas de flores CBD 3g a tu elecci\u00f3n  1 x Papel de Liar de c\u00e1\u00f1amo King Size o 1 x Pre Roll Cono CBD  1 x Vaper CBD - Iguana Pod Pocket Broad Spectrum 750mg a elecci\u00f3n    Precio sin descuento: 69,90\u20ac | precio pack descuento: 40\u20ac =&gt; ahorro de 29,90\u20ac con un descuento del 42,8%\u00a0  Consulta\u00a0el an\u00e1lisis de laboratorio.","og_url":"https:\/\/iguanasmoke.com\/fr\/produit\/iguana-box-offre-cbd-de-la-semaine\/","og_site_name":"Iguana Smoke","article_publisher":"https:\/\/www.facebook.com\/iguanasmoke","article_modified_time":"2026-03-15T17:54:55+00:00","og_image":[{"width":1000,"height":1000,"url":"https:\/\/iguanasmoke.com\/wp-content\/uploads\/2022\/10\/Iguana-Oferta-Pack-3.webp","type":"image\/webp"}],"twitter_card":"summary_large_image","twitter_misc":{"Prix":"40,00&nbsp;&euro;","Disponibilit\u00e9":"En stock"},"schema":{"@context":"https:\/\/schema.org","@graph":[{"@type":"WebPage","@id":"https:\/\/iguanasmoke.com\/producto\/iguana-box-oferta-cbd-de-la-semana\/","url":"https:\/\/iguanasmoke.com\/producto\/iguana-box-oferta-cbd-de-la-semana\/","name":"Offre CBD Iguana Box de la semaine : Iguana Smoke","isPartOf":{"@id":"https:\/\/iguanasmoke.com\/#website"},"primaryImageOfPage":{"@id":"https:\/\/iguanasmoke.com\/producto\/iguana-box-oferta-cbd-de-la-semana\/#primaryimage"},"image":{"@id":"https:\/\/iguanasmoke.com\/producto\/iguana-box-oferta-cbd-de-la-semana\/#primaryimage"},"thumbnailUrl":"https:\/\/iguanasmoke.com\/wp-content\/uploads\/2022\/10\/Iguana-Oferta-Pack-3.webp","datePublished":"2022-10-02T18:41:04+00:00","dateModified":"2026-03-15T17:54:55+00:00","description":"D\u00e9couvrez la Box Iguane Offre CBD de la Semaine et profitez de fleurs CBD de haute qualit\u00e9. Variez et go\u00fbtez des g\u00e9n\u00e9tiques populaires, ne la manquez pas !","breadcrumb":{"@id":"https:\/\/iguanasmoke.com\/producto\/iguana-box-oferta-cbd-de-la-semana\/#breadcrumb"},"inLanguage":"fr-FR","potentialAction":[{"@type":"ReadAction","target":["https:\/\/iguanasmoke.com\/producto\/iguana-box-oferta-cbd-de-la-semana\/"]}]},{"@type":"ImageObject","inLanguage":"fr-FR","@id":"https:\/\/iguanasmoke.com\/producto\/iguana-box-oferta-cbd-de-la-semana\/#primaryimage","url":"https:\/\/iguanasmoke.com\/wp-content\/uploads\/2022\/10\/Iguana-Oferta-Pack-3.webp","contentUrl":"https:\/\/iguanasmoke.com\/wp-content\/uploads\/2022\/10\/Iguana-Oferta-Pack-3.webp","width":1000,"height":1000,"caption":"Iguana Box Oferta CBD de la Semana"},{"@type":"BreadcrumbList","@id":"https:\/\/iguanasmoke.com\/producto\/iguana-box-oferta-cbd-de-la-semana\/#breadcrumb","itemListElement":[{"@type":"ListItem","position":1,"name":"home","item":"https:\/\/iguanasmoke.com\/"},{"@type":"ListItem","position":2,"name":"Tienda","item":"https:\/\/iguanasmoke.com\/tienda\/"},{"@type":"ListItem","position":3,"name":"Packs y Ofertas","item":"https:\/\/iguanasmoke.com\/categoria\/packs-y-ofertas-cbd\/"},{"@type":"ListItem","position":4,"name":"Iguana Box Oferta CBD de la Semana"}]},{"@type":"WebSite","@id":"https:\/\/iguanasmoke.com\/#website","url":"https:\/\/iguanasmoke.com\/","name":"Fum\u00e9e d'iguane","description":"Acheter du CBD en ligne au meilleur prix","publisher":{"@id":"https:\/\/iguanasmoke.com\/#organization"},"potentialAction":[{"@type":"SearchAction","target":{"@type":"EntryPoint","urlTemplate":"https:\/\/iguanasmoke.com\/?s={search_term_string}"},"query-input":{"@type":"PropertyValueSpecification","valueRequired":true,"valueName":"search_term_string"}}],"inLanguage":"fr-FR"},{"@type":"Organization","@id":"https:\/\/iguanasmoke.com\/#organization","name":"Fum\u00e9e d'iguane","url":"https:\/\/iguanasmoke.com\/","logo":{"@type":"ImageObject","inLanguage":"fr-FR","@id":"https:\/\/iguanasmoke.com\/#\/schema\/logo\/image\/","url":"https:\/\/iguanasmoke.com\/wp-content\/uploads\/2025\/01\/logoiguana-favi-1.png","contentUrl":"https:\/\/iguanasmoke.com\/wp-content\/uploads\/2025\/01\/logoiguana-favi-1.png","width":512,"height":512,"caption":"Iguana Smoke"},"image":{"@id":"https:\/\/iguanasmoke.com\/#\/schema\/logo\/image\/"},"sameAs":["https:\/\/www.facebook.com\/iguanasmoke","https:\/\/www.instagram.com\/iguanasmoke\/"]}]},"product_brand":"composite","product_price_amount":"40.00","product_price_currency":"EUR","og_availability":"instock","product_availability":"instock","product_retailer_item_id":"IS-PACKWEEK","product_condition":"new"},"_links":{"self":[{"href":"https:\/\/iguanasmoke.com\/fr\/wp-json\/wp\/v2\/product\/11507","targetHints":{"allow":["GET"]}}],"collection":[{"href":"https:\/\/iguanasmoke.com\/fr\/wp-json\/wp\/v2\/product"}],"about":[{"href":"https:\/\/iguanasmoke.com\/fr\/wp-json\/wp\/v2\/types\/product"}],"replies":[{"embeddable":true,"href":"https:\/\/iguanasmoke.com\/fr\/wp-json\/wp\/v2\/comments?post=11507"}],"wp:featuredmedia":[{"embeddable":true,"href":"https:\/\/iguanasmoke.com\/fr\/wp-json\/wp\/v2\/media\/77332"}],"wp:attachment":[{"href":"https:\/\/iguanasmoke.com\/fr\/wp-json\/wp\/v2\/media?parent=11507"}],"wp:term":[{"taxonomy":"product_brand","embeddable":true,"href":"https:\/\/iguanasmoke.com\/fr\/wp-json\/wp\/v2\/product_brand?post=11507"},{"taxonomy":"product_cat","embeddable":true,"href":"https:\/\/iguanasmoke.com\/fr\/wp-json\/wp\/v2\/product_cat?post=11507"},{"taxonomy":"product_tag","embeddable":true,"href":"https:\/\/iguanasmoke.com\/fr\/wp-json\/wp\/v2\/product_tag?post=11507"}],"curies":[{"name":"wp","href":"https:\/\/api.w.org\/{rel}","templated":true}]}}