{"id":11508,"date":"2022-10-02T20:47:14","date_gmt":"2022-10-02T18:47:14","guid":{"rendered":"https:\/\/iguanasmoke.com\/?post_type=product&#038;p=11508"},"modified":"2026-03-09T17:00:48","modified_gmt":"2026-03-09T16:00:48","slug":"iguana-box-cbd-flower-tasting","status":"publish","type":"product","link":"https:\/\/iguanasmoke.com\/fr\/producto\/iguana-box-cbd-degustacion-de-flores\/","title":{"rendered":"D\u00e9gustation de fleurs CBD Iguana Box"},"content":{"rendered":"<h1 data-start=\"1609\" data-end=\"1642\"><span style=\"font-weight: 400\">Iguana Box CBD D\u00e9gustation de Fleurs : <em>Le pack ultime pour les passionn\u00e9s de fleurs CBD<\/em><\/span><\/h1>\n<p data-start=\"273\" data-end=\"578\"><span style=\"font-weight: 400\">Si vous aimez varier, d\u00e9couvrir de nouvelles saveurs et appr\u00e9cier des fleurs de CBD de haute qualit\u00e9, alors le <strong>D\u00e9gustation de fleurs CBD Iguana Box<\/strong> est fait pour vous. Nous avons cr\u00e9\u00e9 ce pack exclusif pour que vous puissiez essayer certains des produits les plus populaires. <strong>les g\u00e8nes les plus populaires et les plus demand\u00e9s<\/strong>, tous soigneusement s\u00e9lectionn\u00e9s et cultiv\u00e9s selon les normes europ\u00e9ennes.<\/span><\/p>\n<p data-start=\"273\" data-end=\"578\"><span style=\"font-weight: 400\">De plus, cette Box est remplie de fleurs de CBD (<strong>10-15% de CBD et moins de 0,3% de THC<\/strong>), enti\u00e8rement<strong> l\u00e9gale en Espagne<\/strong>, Id\u00e9al pour ceux qui recherchent des exp\u00e9riences aromatiques \u00e9quilibr\u00e9es sans effets psychoactifs.<\/span><\/p>\n<h3 data-start=\"273\" data-end=\"578\"><\/h3>\n<h2 data-start=\"273\" data-end=\"578\"><strong>Qu'est-ce que la Box D\u00e9gustation CBD Iguane comprend ? <\/strong><\/h2>\n<p data-start=\"273\" data-end=\"578\"><span style=\"font-weight: 400\">Tout d'abord, ce pack comprend 2 grammes de fleurs de CBD des vari\u00e9t\u00e9s suivantes : <\/span><\/p>\n<ul>\n<li style=\"list-style-type: none\">\n<ul>\n<li data-start=\"273\" data-end=\"578\"><span style=\"font-weight: 400\"><strong><a href=\"https:\/\/iguanasmoke.com\/fr\/produit\/buy-flower-sour-tsunami-cbd-flower-buds-online\/\">Tsunami acide<\/a>:<\/strong> Fra\u00eeche, citronn\u00e9e, parfaite pour ceux qui recherchent des sensations douces et nettes. <\/span><\/li>\n<li data-start=\"273\" data-end=\"578\"><span style=\"font-weight: 400\"><strong><a href=\"https:\/\/iguanasmoke.com\/fr\/produit\/acheter-flor-gelato-cbd-flower-buds-online\/\">Gelato<\/a>:<\/strong> Douce et cr\u00e9meuse, une favorite pour son ar\u00f4me intense. <\/span><\/li>\n<li data-start=\"273\" data-end=\"578\"><span style=\"font-weight: 400\"><strong><a href=\"https:\/\/iguanasmoke.com\/fr\/produit\/buy-flower-ak-47-cbd-buds-online\/\">AK-47<\/a>:<\/strong> Puissant en nuances, avec un profil classique et \u00e9pic\u00e9.<\/span><\/li>\n<li data-start=\"273\" data-end=\"578\"><span style=\"font-weight: 400\"><a href=\"https:\/\/iguanasmoke.com\/fr\/produit\/buy-flower-shelby-cbd-buds-online\/\"><strong>Shelby<\/strong><\/a>El\u00e9gant et \u00e9quilibr\u00e9, id\u00e9al \u00e0 tout moment de la journ\u00e9e. <\/span><\/li>\n<li data-start=\"273\" data-end=\"578\"><span style=\"font-weight: 400\"><a href=\"https:\/\/iguanasmoke.com\/fr\/produit\/buy-flower-amnesia-cbd-cbd-buds-online\/\"><strong>Amn\u00e9sie<\/strong><\/a>Incontournable, avec de fortes notes d'agrumes et d'herbes. <\/span><\/li>\n<li data-start=\"273\" data-end=\"578\"><span style=\"font-weight: 400\"><a href=\"https:\/\/iguanasmoke.com\/fr\/produit\/buy-flower-gorilla-glue-cbd-cbd-buds-online\/\"><strong>Gorille<\/strong> <strong>Colle<\/strong><\/a>Terreuse et profonde, avec une pr\u00e9sence aromatique brutale. <\/span><\/li>\n<li data-start=\"273\" data-end=\"578\"><span style=\"font-weight: 400\"><a href=\"https:\/\/iguanasmoke.com\/fr\/produit\/buy-flower-sour-diesel-cbd-flower-buds-online\/\"><strong>\u00c2cre<\/strong> <strong>Diesel<\/strong><\/a>\u00c1cida y penetrante, una gen\u00e9tica m\u00edtica que nunca falla.<\/span><\/li>\n<\/ul>\n<\/li>\n<\/ul>\n<p><span style=\"font-weight: 400\">De plus, vous choisissez comment en profiter, vous pouvez choisir entre l'une de ces deux options :<\/span><\/p>\n<p style=\"padding-left: 40px\">\ud83d\udc49 <strong data-start=\"1506\" data-end=\"1542\">1 <a href=\"https:\/\/iguanasmoke.com\/fr\/produit\/acheter-des-fleurs-de-cbd-pre-rouleau-cone-king-size-cone-cbd-1gr\/\">Pre Rouleau CBD en c\u00f4ne King Size<\/a><\/strong><br data-start=\"1542\" data-end=\"1545\" \/><strong data-start=\"1545\" data-end=\"1550\">o<\/strong><br data-start=\"1550\" data-end=\"1553\" \/>\ud83d\udc49 <strong data-start=\"1556\" data-end=\"1603\">1 <a href=\"https:\/\/iguanasmoke.com\/fr\/produit\/papier-a-rouler-en-chanvre-king-size-avec-filtres\/\">Papier \u00e0 rouler au chanvre Japon King Size<\/a><\/strong><\/p>\n<p data-start=\"273\" data-end=\"578\"><span style=\"font-weight: 400\">Tout est con\u00e7u pour que vous n'ayez qu'\u00e0 ouvrir la bo\u00eete et \u00e0 vous r\u00e9galer.<\/span><\/p>\n<p data-start=\"273\" data-end=\"578\">Les produits peuvent varier pour des raisons de stock.<\/p>\n<h2 data-start=\"273\" data-end=\"578\"><strong> Pourquoi choisir la Box CBD D\u00e9gustation de Fleurs Iguana ? <\/strong><\/h2>\n<ul>\n<li data-start=\"273\" data-end=\"578\"><span style=\"font-weight: 400\">S\u00e9lection vari\u00e9e de fleurs CBD premium <\/span><\/li>\n<li data-start=\"273\" data-end=\"578\"><span style=\"font-weight: 400\">Id\u00e9al pour tester plusieurs g\u00e8nes en un seul paquet. <\/span><\/li>\n<li data-start=\"273\" data-end=\"578\"><span style=\"font-weight: 400\">CBD entre 10 et 15% et THC inf\u00e9rieur \u00e0 0,3% <\/span><\/li>\n<li data-start=\"273\" data-end=\"578\"><span style=\"font-weight: 400\">Produit l\u00e9gal, s\u00fbr et test\u00e9 <\/span><\/li>\n<li data-start=\"273\" data-end=\"578\"><span style=\"font-weight: 400\">Parfait pour un cadeau... ou pour soi-m\u00eame. <\/span><\/li>\n<\/ul>\n<p><span style=\"font-weight: 400\">Le <strong>D\u00e9gustation de fleurs CBD Iguana Box <\/strong>Ce n'est pas juste un pack, c'est une exp\u00e9rience compl\u00e8te pour ceux qui savent appr\u00e9cier le CBD de qualit\u00e9. D\u00e9couvrez, comparez et trouvez votre pr\u00e9f\u00e9r\u00e9e. .<\/span><\/p>\n<h4 data-start=\"1671\" data-end=\"1708\">\ud83d\ude9a Livraison incluse, pas de surprise<\/h4>\n<p data-start=\"1710\" data-end=\"1839\">Le prix de l'Iguana Box comprend <strong data-start=\"1745\" data-end=\"1764\">frais d'exp\u00e9dition<\/strong>, Nous vous offrons la possibilit\u00e9 de recevoir votre colis confortablement chez vous, rapidement et discr\u00e8tement.<\/p>\n<h3><b>Iguana Smoke est votre boutique en ligne de CBD\u00a0<\/b><\/h3>\n<p><span style=\"font-weight: 400\">Au<strong> Fum\u00e9e d'iguane<\/strong>, Nous pensons que la consommation de CBD doit se faire en toute s\u00e9curit\u00e9. C'est pourquoi nous proposons des produits comme celui-ci <strong>D\u00e9gustation de fleurs CBD Iguana Box<\/strong>, La marque s'adresse aux nouvelles g\u00e9n\u00e9rations : des personnes qui recherchent un bien-\u00eatre simple, avec des marques authentiques et fiables.\u00a0<\/span><\/p>\n<p>Vous savez, notre mission est claire : vous apporter le meilleur du monde des cannabino\u00efdes \u00e0 un prix \u00e9quitable. De plus, nous vous offrons la tranquillit\u00e9 d'esprit de savoir que vous choisissez un produit certifi\u00e9, efficace et 100% l\u00e9gal. Votre temps de d\u00e9tente commence ici avec nous.<\/p>\n<p>Vous avez encore des doutes ? Ecrivez-nous et nous nous ferons un plaisir de vous aider \u00e0 trouver le produit qui vous convient.<\/p>\n<p>&nbsp;<\/p>\n<h6>\u2139\ufe0f<strong> Informations juridiques<\/strong><\/h6>\n<p><em><span style=\"font-weight: 400\">*Produit destin\u00e9 \u00e0 la collection ou \u00e0 l'aromath\u00e9rapie, conform\u00e9ment \u00e0 la l\u00e9gislation espagnole en vigueur. <\/span><\/em><\/p>\n<p><em><span style=\"font-weight: 400\">**D\u00e9riv\u00e9 de chanvre industriel certifi\u00e9. Contient moins de 0,3 THC et ne contient pas de cannabino\u00efdes ill\u00e9gaux tels que HHC, HHC-P, THCP, THCP-O, H4CBD ou des substances \u00e9num\u00e9r\u00e9es \u00e0 l'annexe I du d\u00e9cret royal 2829\/1977, ni de substances contr\u00f4l\u00e9es par des conventions internationales.\u00a0\u00a0<\/span><\/em><\/p>","protected":false},"excerpt":{"rendered":"<p><span style=\"font-weight: 400\">Prep\u00e1rate porque esta Iguana Box viene cargadita de flores (10-15%CBD y &lt;0,3%THC) de 2g:<\/span><\/p>\n<ul>\n<li style=\"list-style-type: none\">\n<ul>\n<li>Sour Tsunami<\/li>\n<li>Gelato<\/li>\n<li>Ak-47<\/li>\n<li>Shelby<\/li>\n<li>Amnesia \/ Iguana Kush \/Alien OG<\/li>\n<li>Gorilla Glue<\/li>\n<li>Sour Diesel<\/li>\n<li>A elegir entre 1 x <strong>Pre Roll CBD Cono King Size \u00f3 1 x Papel para liar de c\u00e1\u00f1amo Jap\u00f3n King Size<\/strong><\/li>\n<\/ul>\n<\/li>\n<\/ul>\n<p>[Gastos de env\u00edo inclu\u00eddos]<\/p>\n<p><em><span style=\"font-weight: 400\">Precio sin descuento: 78\u20ac | precio pack descuento: 45\u20ac =&gt; <strong>ahorro de 33\u20ac con un descuento del 42%<\/strong><\/span>\u00a0<\/em><\/p>\n<p><span style=\"font-weight: 400\">Consulta<strong>\u00a0<a href=\"https:\/\/iguanasmoke.com\/analiticas\/\">el an\u00e1lisis de laboratorio.<\/a><\/strong><\/span><\/p>\n","protected":false},"featured_media":54938,"comment_status":"open","ping_status":"closed","template":"","meta":{"_acf_changed":false,"site-sidebar-layout":"default","site-content-layout":"default","ast-site-content-layout":"default","site-content-style":"default","site-sidebar-style":"default","ast-global-header-display":"","ast-banner-title-visibility":"","ast-main-header-display":"","ast-hfb-above-header-display":"","ast-hfb-below-header-display":"","ast-hfb-mobile-header-display":"","site-post-title":"","ast-breadcrumbs-content":"","ast-featured-img":"","footer-sml-layout":"","theme-transparent-header-meta":"default","adv-header-id-meta":"","stick-header-meta":"","header-above-stick-meta":"","header-main-stick-meta":"","header-below-stick-meta":"","astra-migrate-meta-layouts":"set","ast-page-background-enabled":"default","ast-page-background-meta":{"desktop":{"background-color":"var(--ast-global-color-4)","background-image":"","background-repeat":"repeat","background-position":"center center","background-size":"auto","background-attachment":"scroll","background-type":"","background-media":"","overlay-type":"","overlay-color":"","overlay-opacity":"","overlay-gradient":""},"tablet":{"background-color":"","background-image":"","background-repeat":"repeat","background-position":"center center","background-size":"auto","background-attachment":"scroll","background-type":"","background-media":"","overlay-type":"","overlay-color":"","overlay-opacity":"","overlay-gradient":""},"mobile":{"background-color":"","background-image":"","background-repeat":"repeat","background-position":"center center","background-size":"auto","background-attachment":"scroll","background-type":"","background-media":"","overlay-type":"","overlay-color":"","overlay-opacity":"","overlay-gradient":""}},"ast-content-background-meta":{"desktop":{"background-color":"var(--ast-global-color-5)","background-image":"","background-repeat":"repeat","background-position":"center center","background-size":"auto","background-attachment":"scroll","background-type":"","background-media":"","overlay-type":"","overlay-color":"","overlay-opacity":"","overlay-gradient":""},"tablet":{"background-color":"var(--ast-global-color-5)","background-image":"","background-repeat":"repeat","background-position":"center center","background-size":"auto","background-attachment":"scroll","background-type":"","background-media":"","overlay-type":"","overlay-color":"","overlay-opacity":"","overlay-gradient":""},"mobile":{"background-color":"var(--ast-global-color-5)","background-image":"","background-repeat":"repeat","background-position":"center center","background-size":"auto","background-attachment":"scroll","background-type":"","background-media":"","overlay-type":"","overlay-color":"","overlay-opacity":"","overlay-gradient":""}}},"product_brand":[],"product_cat":[349],"product_tag":[],"class_list":{"0":"post-11508","1":"product","2":"type-product","3":"status-publish","4":"has-post-thumbnail","6":"product_cat-packs-y-ofertas-cbd","7":"desktop-align-center","8":"tablet-align-center","9":"mobile-align-center","11":"first","12":"instock","13":"sale","14":"taxable","15":"shipping-taxable","16":"purchasable","17":"product-type-composite"},"acf":[],"yoast_head":"<!-- This site is optimized with the Yoast SEO Premium plugin v27.3 (Yoast SEO v27.3) - https:\/\/yoast.com\/product\/yoast-seo-premium-wordpress\/ -->\n<title>Iguana Box CBD Degustaci\u00f3n de Flores | Iguana Smoke<\/title>\n<meta name=\"description\" content=\"Compra el mejor CBD al mejor precio con nuestra Iguana Box CBD Degustaci\u00f3n de Flores. Encuentra ofertas, descuentos y CBD barato en nuestra web.\" \/>\n<meta name=\"robots\" content=\"index, follow, max-snippet:-1, max-image-preview:large, max-video-preview:-1\" \/>\n<link rel=\"canonical\" href=\"https:\/\/iguanasmoke.com\/fr\/produit\/iguana-box-cbd-flower-tasting\/\" \/>\n<meta property=\"og:locale\" content=\"fr_FR\" \/>\n<meta property=\"og:type\" content=\"article\" \/>\n<meta property=\"og:title\" content=\"Iguana Box CBD Degustaci\u00f3n de Flores\" \/>\n<meta property=\"og:description\" content=\"Prep\u00e1rate porque esta Iguana Box viene cargadita de flores (10-15%CBD y &lt;0,3%THC) de 2g:      Sour Tsunami  Gelato  Ak-47  Shelby  Amnesia \/ Iguana Kush \/Alien OG  Gorilla Glue  Sour Diesel  A elegir entre 1 x Pre Roll CBD Cono King Size \u00f3 1 x Papel para liar de c\u00e1\u00f1amo Jap\u00f3n King Size      Precio sin descuento: 78\u20ac | precio pack descuento: 45\u20ac =&gt; ahorro de 33\u20ac con un descuento del 42%\u00a0  Consulta\u00a0el an\u00e1lisis de laboratorio.\" \/>\n<meta property=\"og:url\" content=\"https:\/\/iguanasmoke.com\/fr\/produit\/iguana-box-cbd-flower-tasting\/\" \/>\n<meta property=\"og:site_name\" content=\"Iguana Smoke\" \/>\n<meta property=\"article:publisher\" content=\"https:\/\/www.facebook.com\/iguanasmoke\" \/>\n<meta property=\"article:modified_time\" content=\"2026-03-09T16:00:48+00:00\" \/>\n<meta property=\"og:image\" content=\"https:\/\/iguanasmoke.com\/wp-content\/uploads\/2023\/12\/Iguana-Oferta-Pack-degustacion-copia.webp\" \/>\n\t<meta property=\"og:image:width\" content=\"1000\" \/>\n\t<meta property=\"og:image:height\" content=\"1000\" \/>\n\t<meta property=\"og:image:type\" content=\"image\/webp\" \/>\n<meta name=\"twitter:card\" content=\"summary_large_image\" \/>\n<meta name=\"twitter:label1\" content=\"Prix\" \/>\n\t<meta name=\"twitter:data1\" content=\"45,00&nbsp;&euro;\" \/>\n\t<meta name=\"twitter:label2\" content=\"Disponibilit\u00e9\" \/>\n\t<meta name=\"twitter:data2\" content=\"En stock\" \/>\n<meta property=\"product:brand\" content=\"composite\" \/>\n<meta property=\"product:price:amount\" content=\"45.00\" \/>\n<meta property=\"product:price:currency\" content=\"EUR\" \/>\n<meta property=\"og:availability\" content=\"instock\" \/>\n<meta property=\"product:availability\" content=\"instock\" \/>\n<meta property=\"product:retailer_item_id\" content=\"IS-PACKDEGUSFLORES\" \/>\n<meta property=\"product:condition\" content=\"new\" \/>\n<!-- \/ Yoast SEO Premium plugin. -->","yoast_head_json":{"title":"Iguana Box CBD Flower Tasting | Iguana Smoke","description":"Achetez le meilleur CBD au meilleur prix avec notre Box D\u00e9gustation Fleurs CBD Iguana. Trouvez des offres, des r\u00e9ductions et du CBD pas cher sur notre site web.","robots":{"index":"index","follow":"follow","max-snippet":"max-snippet:-1","max-image-preview":"max-image-preview:large","max-video-preview":"max-video-preview:-1"},"canonical":"https:\/\/iguanasmoke.com\/fr\/produit\/iguana-box-cbd-flower-tasting\/","og_locale":"fr_FR","og_type":"article","og_title":"Iguana Box CBD Degustaci\u00f3n de Flores","og_description":"Prep\u00e1rate porque esta Iguana Box viene cargadita de flores (10-15%CBD y &lt;0,3%THC) de 2g:      Sour Tsunami  Gelato  Ak-47  Shelby  Amnesia \/ Iguana Kush \/Alien OG  Gorilla Glue  Sour Diesel  A elegir entre 1 x Pre Roll CBD Cono King Size \u00f3 1 x Papel para liar de c\u00e1\u00f1amo Jap\u00f3n King Size      Precio sin descuento: 78\u20ac | precio pack descuento: 45\u20ac =&gt; ahorro de 33\u20ac con un descuento del 42%\u00a0  Consulta\u00a0el an\u00e1lisis de laboratorio.","og_url":"https:\/\/iguanasmoke.com\/fr\/produit\/iguana-box-cbd-flower-tasting\/","og_site_name":"Iguana Smoke","article_publisher":"https:\/\/www.facebook.com\/iguanasmoke","article_modified_time":"2026-03-09T16:00:48+00:00","og_image":[{"width":1000,"height":1000,"url":"https:\/\/iguanasmoke.com\/wp-content\/uploads\/2023\/12\/Iguana-Oferta-Pack-degustacion-copia.webp","type":"image\/webp"}],"twitter_card":"summary_large_image","twitter_misc":{"Prix":"45,00&nbsp;&euro;","Disponibilit\u00e9":"En stock"},"schema":{"@context":"https:\/\/schema.org","@graph":[{"@type":"WebPage","@id":"https:\/\/iguanasmoke.com\/producto\/iguana-box-cbd-degustacion-de-flores\/","url":"https:\/\/iguanasmoke.com\/producto\/iguana-box-cbd-degustacion-de-flores\/","name":"Iguana Box CBD Flower Tasting | Iguana Smoke","isPartOf":{"@id":"https:\/\/iguanasmoke.com\/#website"},"primaryImageOfPage":{"@id":"https:\/\/iguanasmoke.com\/producto\/iguana-box-cbd-degustacion-de-flores\/#primaryimage"},"image":{"@id":"https:\/\/iguanasmoke.com\/producto\/iguana-box-cbd-degustacion-de-flores\/#primaryimage"},"thumbnailUrl":"https:\/\/iguanasmoke.com\/wp-content\/uploads\/2023\/12\/Iguana-Oferta-Pack-degustacion-copia.webp","datePublished":"2022-10-02T18:47:14+00:00","dateModified":"2026-03-09T16:00:48+00:00","description":"Achetez le meilleur CBD au meilleur prix avec notre Box D\u00e9gustation Fleurs CBD Iguana. Trouvez des offres, des r\u00e9ductions et du CBD pas cher sur notre site web.","breadcrumb":{"@id":"https:\/\/iguanasmoke.com\/producto\/iguana-box-cbd-degustacion-de-flores\/#breadcrumb"},"inLanguage":"fr-FR","potentialAction":[{"@type":"ReadAction","target":["https:\/\/iguanasmoke.com\/producto\/iguana-box-cbd-degustacion-de-flores\/"]}]},{"@type":"ImageObject","inLanguage":"fr-FR","@id":"https:\/\/iguanasmoke.com\/producto\/iguana-box-cbd-degustacion-de-flores\/#primaryimage","url":"https:\/\/iguanasmoke.com\/wp-content\/uploads\/2023\/12\/Iguana-Oferta-Pack-degustacion-copia.webp","contentUrl":"https:\/\/iguanasmoke.com\/wp-content\/uploads\/2023\/12\/Iguana-Oferta-Pack-degustacion-copia.webp","width":1000,"height":1000,"caption":"oferta iguana box pack degustacion de flores CBD"},{"@type":"BreadcrumbList","@id":"https:\/\/iguanasmoke.com\/producto\/iguana-box-cbd-degustacion-de-flores\/#breadcrumb","itemListElement":[{"@type":"ListItem","position":1,"name":"home","item":"https:\/\/iguanasmoke.com\/"},{"@type":"ListItem","position":2,"name":"Tienda","item":"https:\/\/iguanasmoke.com\/tienda\/"},{"@type":"ListItem","position":3,"name":"Packs y Ofertas","item":"https:\/\/iguanasmoke.com\/categoria\/packs-y-ofertas-cbd\/"},{"@type":"ListItem","position":4,"name":"Iguana Box CBD Degustaci\u00f3n de Flores"}]},{"@type":"WebSite","@id":"https:\/\/iguanasmoke.com\/#website","url":"https:\/\/iguanasmoke.com\/","name":"Fum\u00e9e d'iguane","description":"Acheter du CBD en ligne au meilleur prix","publisher":{"@id":"https:\/\/iguanasmoke.com\/#organization"},"potentialAction":[{"@type":"SearchAction","target":{"@type":"EntryPoint","urlTemplate":"https:\/\/iguanasmoke.com\/?s={search_term_string}"},"query-input":{"@type":"PropertyValueSpecification","valueRequired":true,"valueName":"search_term_string"}}],"inLanguage":"fr-FR"},{"@type":"Organization","@id":"https:\/\/iguanasmoke.com\/#organization","name":"Fum\u00e9e d'iguane","url":"https:\/\/iguanasmoke.com\/","logo":{"@type":"ImageObject","inLanguage":"fr-FR","@id":"https:\/\/iguanasmoke.com\/#\/schema\/logo\/image\/","url":"https:\/\/iguanasmoke.com\/wp-content\/uploads\/2025\/01\/logoiguana-favi-1.png","contentUrl":"https:\/\/iguanasmoke.com\/wp-content\/uploads\/2025\/01\/logoiguana-favi-1.png","width":512,"height":512,"caption":"Iguana Smoke"},"image":{"@id":"https:\/\/iguanasmoke.com\/#\/schema\/logo\/image\/"},"sameAs":["https:\/\/www.facebook.com\/iguanasmoke","https:\/\/www.instagram.com\/iguanasmoke\/"]}]},"product_brand":"composite","product_price_amount":"45.00","product_price_currency":"EUR","og_availability":"instock","product_availability":"instock","product_retailer_item_id":"IS-PACKDEGUSFLORES","product_condition":"new"},"_links":{"self":[{"href":"https:\/\/iguanasmoke.com\/fr\/wp-json\/wp\/v2\/product\/11508","targetHints":{"allow":["GET"]}}],"collection":[{"href":"https:\/\/iguanasmoke.com\/fr\/wp-json\/wp\/v2\/product"}],"about":[{"href":"https:\/\/iguanasmoke.com\/fr\/wp-json\/wp\/v2\/types\/product"}],"replies":[{"embeddable":true,"href":"https:\/\/iguanasmoke.com\/fr\/wp-json\/wp\/v2\/comments?post=11508"}],"wp:featuredmedia":[{"embeddable":true,"href":"https:\/\/iguanasmoke.com\/fr\/wp-json\/wp\/v2\/media\/54938"}],"wp:attachment":[{"href":"https:\/\/iguanasmoke.com\/fr\/wp-json\/wp\/v2\/media?parent=11508"}],"wp:term":[{"taxonomy":"product_brand","embeddable":true,"href":"https:\/\/iguanasmoke.com\/fr\/wp-json\/wp\/v2\/product_brand?post=11508"},{"taxonomy":"product_cat","embeddable":true,"href":"https:\/\/iguanasmoke.com\/fr\/wp-json\/wp\/v2\/product_cat?post=11508"},{"taxonomy":"product_tag","embeddable":true,"href":"https:\/\/iguanasmoke.com\/fr\/wp-json\/wp\/v2\/product_tag?post=11508"}],"curies":[{"name":"wp","href":"https:\/\/api.w.org\/{rel}","templated":true}]}}