{"id":12333,"date":"2022-12-01T08:41:19","date_gmt":"2022-12-01T07:41:19","guid":{"rendered":"https:\/\/iguanasmoke.com\/?post_type=product&#038;p=12333"},"modified":"2025-12-22T16:03:28","modified_gmt":"2025-12-22T15:03:28","slug":"cbd-full-spectrum-cbd-oil-30ml-31","status":"publish","type":"product","link":"https:\/\/iguanasmoke.com\/fr\/producto\/aceite-de-cbd-full-spectrum-30ml-20\/","title":{"rendered":"Huile de CBD \u00e0 spectre complet 20% 30ml"},"content":{"rendered":"<h1><span style=\"font-weight: 400;\">Huile de CBD \u00e0 spectre complet 20% 30ml<\/span><\/h1>\n<p><span style=\"font-weight: 400;\">Si vous connaissez d\u00e9j\u00e0 le monde du cannabidiol et que vous \u00eates \u00e0 la recherche de<strong> huiles de chanvre<\/strong> (CBD) \u00e9quilibr\u00e9 et facile \u00e0 utiliser, <strong>Huile de CBD \u00e0 spectre complet 20% 30ml<\/strong> est exactement ce qu'il vous faut, avec sa puissance moyenne-haute. <\/span><\/p>\n<p><span style=\"font-weight: 400;\">Il s'agit d'une option l\u00e9g\u00e8re mais efficace, <strong>id\u00e9al pour ceux qui souhaitent exp\u00e9rimenter les avantages<\/strong> de <strong>CBD<\/strong> progressivement et sans exc\u00e8s.\u00a0<\/span><\/p>\n<p><span style=\"font-weight: 400;\">Gr\u00e2ce \u00e0 son <strong>concentration mod\u00e9r\u00e9e<\/strong> est con\u00e7u pour ceux qui veulent commencer lentement, mais sans faire de compromis sur la qualit\u00e9 et l'efficacit\u00e9. C'est pourquoi il est devenu l'un des <strong>Les huiles CBD les plus recommand\u00e9es pour les d\u00e9butants.\u00a0<\/strong><\/span><\/p>\n<p>&nbsp;<\/p>\n<h2 data-start=\"591\" data-end=\"904\"><strong>Pourquoi choisir Full Spectrum CBD Oil 20% 30ml ? <\/strong><\/h2>\n<p data-start=\"591\" data-end=\"904\"><span style=\"font-weight: 400;\">Ce produit contient <strong>6000mg de CBD dans un flacon de 30ml<\/strong>, Il s'agit donc d'une option tr\u00e8s puissante et durable. En outre, il est fabriqu\u00e9 \u00e0 partir de <strong>huile de chanvre<\/strong>, Cela am\u00e9liore l'absorption et maintient la <strong>propri\u00e9t\u00e9s naturelles de la plante<\/strong>. <\/span><\/p>\n<p data-start=\"591\" data-end=\"904\"><span style=\"font-weight: 400;\">Comme il s'agit d'un <strong>Huile de CBD \u00e0 spectre complet (large spectre)<\/strong>, Le profil complet du chanvre est conserv\u00e9, y compris <strong>cannabino\u00efdes, terp\u00e8nes et flavono\u00efdes<\/strong>. De cette mani\u00e8re, le c\u00e9l\u00e8bre <strong>effet d'entourage<\/strong>, L'action combin\u00e9e de tous les compos\u00e9s qui agissent en synergie pour offrir un bien-\u00eatre plus complet et naturel.<\/span><\/p>\n<h2 data-start=\"591\" data-end=\"904\"><strong>Principales caract\u00e9ristiques de cette huile de CBD :<\/strong><\/h2>\n<ul>\n<li data-start=\"591\" data-end=\"904\">Huile de CBD \u00e0 spectre complet 20% 30ml<\/li>\n<li><strong data-start=\"1873\" data-end=\"1896\">Base d'huile de graines de chanvre :<\/strong> Riche en om\u00e9ga 3 et om\u00e9ga 6, sans pesticides ni produits chimiques.<\/li>\n<li data-start=\"591\" data-end=\"904\">Effet progressif et contr\u00f4l\u00e9<\/li>\n<li data-start=\"591\" data-end=\"904\">Pas d'effets psychoactifs ni de sensation de d\u00e9fonce\u201c<\/li>\n<li data-start=\"591\" data-end=\"904\"><strong>Avec moins de 0,3 % THC, conform\u00e9ment \u00e0 la r\u00e9glementation.<\/strong><\/li>\n<li data-start=\"591\" data-end=\"904\">Produit test\u00e9 en laboratoire et conforme aux normes europ\u00e9ennes<\/li>\n<li data-start=\"591\" data-end=\"904\"><strong data-start=\"2023\" data-end=\"2060\">100% l\u00e9gal et produit en Europe<\/strong><\/li>\n<li><strong>Pour usage topique.<\/strong><\/li>\n<\/ul>\n<p>&nbsp;<\/p>\n<h2 data-start=\"591\" data-end=\"904\"><strong>A qui s'adresse l'huile de CBD \u00e0 spectre complet ? <\/strong><\/h2>\n<p><span style=\"font-weight: 400;\">Le pr\u00e9sent <strong>Huile de CBD \u00e0 spectre complet 20% 30ml<\/strong> est parfait pour : <\/span><\/p>\n<ul>\n<li data-start=\"591\" data-end=\"904\"><span style=\"font-weight: 400;\">Les personnes qui recherchent la concentration et la praticit\u00e9 dans un seul pot.<\/span><\/li>\n<li data-start=\"591\" data-end=\"904\">Personnes cherchant \u00e0 augmenter l'intensit\u00e9<\/li>\n<li data-start=\"591\" data-end=\"904\"><span style=\"font-weight: 400;\">Ceux qui pr\u00e9f\u00e8rent les formulations \u00e0 base d'huile de graines de chanvre <\/span><\/li>\n<li data-start=\"591\" data-end=\"904\"><span style=\"font-weight: 400;\">Les utilisateurs qui souhaitent <strong>acheter de l'huile CBD en ligne<\/strong> en toute s\u00e9curit\u00e9.\u00a0<\/span><\/li>\n<\/ul>\n<h2 data-start=\"3142\" data-end=\"3187\"><\/h2>\n<h2><b>O\u00f9 acheter vos huiles de CBD en ligne<\/b><b>?<\/b><\/h2>\n<p><span style=\"font-weight: 400;\">Bien entendu, en <strong>Fum\u00e9e d'iguane. <\/strong>Ici, nous privil\u00e9gions la qualit\u00e9 et la transparence pour chaque produit. Nos <strong>Huile de CBD \u00e0 spectre complet 20% 30ml<\/strong> est bas\u00e9 sur <strong>les graines de chanvre.<\/strong><\/span><\/p>\n<p><span style=\"font-weight: 400;\">C'est un endroit s\u00fbr pour <strong>acheter des huiles de CBD en ligne en Espagne.<\/strong> Tous nos produits sont approuv\u00e9s par l'UE, ce qui garantit leur l\u00e9galit\u00e9 et leur s\u00e9curit\u00e9. En outre, si vous le souhaitez, vous pouvez consulter<\/span><strong> <a href=\"https:\/\/iguanasmoke.com\/fr\/lanalyse\/\">analyse en laboratoire.<\/a>\u00a0<\/strong><\/p>\n<p><span style=\"font-weight: 400;\">Si les fleurs CBD vous plaisent, renseignez-vous sur les fleurs CBD. <\/span><span style=\"font-weight: 400;\">autres <strong>Produits TOP<\/strong> en tant que <a href=\"https:\/\/iguanasmoke.com\/fr\/categorie\/pre-roll-cbd-joints\/\"><strong>Pr\u00e9-Rouleau<\/strong><\/a> ou le <strong><a href=\"https:\/\/iguanasmoke.com\/fr\/produit\/acheter-cbd-flower-sting-cbd-ready-to-roll-15gr\/\">CBD Flower Sting 15g<\/a><\/strong>. <\/span><span style=\"font-weight: 400;\">D\u00e9couvrez \u00e9galement notre large gamme de <strong><a href=\"https:\/\/iguanasmoke.com\/fr\/categorie\/extraits-de-cbd\/\">Extraits de CBD<\/a><\/strong> y <strong><a href=\"https:\/\/iguanasmoke.com\/fr\/categorie\/hash-cbd\/\">Haschisch CBD<\/a>.<\/strong><\/span><\/p>\n<p>Une livraison rapide, une attention particuli\u00e8re et un magasin avec un emballage discret et s\u00fbr qui va de l'avant, juste pour que vous puissiez en profiter !<\/p>\n<p>&nbsp;<\/p>\n<h3><b>Iguana Smoke est votre boutique en ligne de CBD\u00a0<\/b><\/h3>\n<p><span style=\"font-weight: 400;\">Au<strong> Fum\u00e9e d'iguane<\/strong>, Nous pensons que la consommation de CBD doit \u00eatre une exp\u00e9rience s\u00fbre et agr\u00e9able. C'est pourquoi nous proposons des produits comme celui-ci <strong>Huile de CBD \u00e0 spectre complet 20% 30ml <\/strong>qui s'adresse aux nouvelles g\u00e9n\u00e9rations : des personnes qui recherchent un bien-\u00eatre simple, avec des marques authentiques et fiables.\u00a0<\/span><\/p>\n<p>Vous savez, notre mission est claire : vous apporter le meilleur du monde du CBD \u00e0 un prix \u00e9quitable. De plus, nous vous offrons la tranquillit\u00e9 d'esprit de savoir que vous choisissez un produit certifi\u00e9, efficace et 100% l\u00e9gal. Votre moment de d\u00e9tente commence ici avec nous.<\/p>\n<p>Vous avez encore des doutes ? Ecrivez-nous et nous nous ferons un plaisir de vous aider \u00e0 trouver le produit qui vous convient.<\/p>","protected":false},"excerpt":{"rendered":"<p><span style=\"font-weight: 400;\">Le pr\u00e9sent <strong>Huile de CBD \u00e0 spectre complet 20% 30ml<\/strong> a la concentration parfaite pour profiter des bienfaits du cannabidiol de mani\u00e8re naturelle, sans effets psychoactifs.\u00a0<strong>Pour usage topique.<\/strong><\/span><\/p>\n<p>Ingr\u00e9dients :<br \/>\n-Huile de graines de chanvre 30ml<br \/>\n-Extrait de CBD (spectre complet) 6000 mg<\/p>","protected":false},"featured_media":26243,"comment_status":"open","ping_status":"closed","template":"","meta":{"_acf_changed":false,"site-sidebar-layout":"default","site-content-layout":"default","ast-site-content-layout":"default","site-content-style":"default","site-sidebar-style":"default","ast-global-header-display":"","ast-banner-title-visibility":"","ast-main-header-display":"","ast-hfb-above-header-display":"","ast-hfb-below-header-display":"","ast-hfb-mobile-header-display":"","site-post-title":"","ast-breadcrumbs-content":"","ast-featured-img":"","footer-sml-layout":"","theme-transparent-header-meta":"default","adv-header-id-meta":"","stick-header-meta":"","header-above-stick-meta":"","header-main-stick-meta":"","header-below-stick-meta":"","astra-migrate-meta-layouts":"set","ast-page-background-enabled":"default","ast-page-background-meta":{"desktop":{"background-color":"var(--ast-global-color-4)","background-image":"","background-repeat":"repeat","background-position":"center center","background-size":"auto","background-attachment":"scroll","background-type":"","background-media":"","overlay-type":"","overlay-color":"","overlay-opacity":"","overlay-gradient":""},"tablet":{"background-color":"","background-image":"","background-repeat":"repeat","background-position":"center center","background-size":"auto","background-attachment":"scroll","background-type":"","background-media":"","overlay-type":"","overlay-color":"","overlay-opacity":"","overlay-gradient":""},"mobile":{"background-color":"","background-image":"","background-repeat":"repeat","background-position":"center center","background-size":"auto","background-attachment":"scroll","background-type":"","background-media":"","overlay-type":"","overlay-color":"","overlay-opacity":"","overlay-gradient":""}},"ast-content-background-meta":{"desktop":{"background-color":"var(--ast-global-color-5)","background-image":"","background-repeat":"repeat","background-position":"center center","background-size":"auto","background-attachment":"scroll","background-type":"","background-media":"","overlay-type":"","overlay-color":"","overlay-opacity":"","overlay-gradient":""},"tablet":{"background-color":"var(--ast-global-color-5)","background-image":"","background-repeat":"repeat","background-position":"center center","background-size":"auto","background-attachment":"scroll","background-type":"","background-media":"","overlay-type":"","overlay-color":"","overlay-opacity":"","overlay-gradient":""},"mobile":{"background-color":"var(--ast-global-color-5)","background-image":"","background-repeat":"repeat","background-position":"center center","background-size":"auto","background-attachment":"scroll","background-type":"","background-media":"","overlay-type":"","overlay-color":"","overlay-opacity":"","overlay-gradient":""}}},"product_brand":[],"product_cat":[309],"product_tag":[],"class_list":{"0":"post-12333","1":"product","2":"type-product","3":"status-publish","4":"has-post-thumbnail","6":"product_cat-aceite-de-cbd","7":"desktop-align-center","8":"tablet-align-center","9":"mobile-align-center","11":"first","12":"instock","13":"taxable","14":"shipping-taxable","15":"purchasable","16":"product-type-simple"},"acf":[],"yoast_head":"<!-- This site is optimized with the Yoast SEO Premium plugin v27.3 (Yoast SEO v27.3) - https:\/\/yoast.com\/product\/yoast-seo-premium-wordpress\/ -->\n<title>Aceite de CBD Full Spectrum 20% 30ml - Calidad premium | Iguana Smoke<\/title>\n<meta name=\"description\" content=\"Aceite de CBD Full Spectrum 20% 30ml. Equilibro entre potencia y duraci\u00f3n, 100% natural y legal. Disfruta los beneficios del CBD en Iguana Smoke.\" \/>\n<meta name=\"robots\" content=\"index, follow, max-snippet:-1, max-image-preview:large, max-video-preview:-1\" \/>\n<link rel=\"canonical\" href=\"https:\/\/iguanasmoke.com\/fr\/produit\/cbd-full-spectrum-cbd-oil-30ml-31\/\" \/>\n<meta property=\"og:locale\" content=\"fr_FR\" \/>\n<meta property=\"og:type\" content=\"article\" \/>\n<meta property=\"og:title\" content=\"Aceite de CBD Full Spectrum 20% 30ml\" \/>\n<meta property=\"og:description\" content=\"Este Aceite de CBD Full Spectrum 20% 30ml tiene la concentraci\u00f3n perfecta para disfrutar de los beneficios del cannabidiol de forma natural, sin efectos psicoactivos.\u00a0De uso t\u00f3pico.  Ingredientes: -Aceite de semillas de c\u00e1\u00f1amo 30ml -Extracto de CBD (Full Spectrum) 6000mg\" \/>\n<meta property=\"og:url\" content=\"https:\/\/iguanasmoke.com\/fr\/produit\/cbd-full-spectrum-cbd-oil-30ml-31\/\" \/>\n<meta property=\"og:site_name\" content=\"Iguana Smoke\" \/>\n<meta property=\"article:publisher\" content=\"https:\/\/www.facebook.com\/iguanasmoke\" \/>\n<meta property=\"article:modified_time\" content=\"2025-12-22T15:03:28+00:00\" \/>\n<meta property=\"og:image\" content=\"https:\/\/iguanasmoke.com\/wp-content\/uploads\/2022\/12\/BOX-y-BTL-20-30ml.webp\" \/>\n\t<meta property=\"og:image:width\" content=\"500\" \/>\n\t<meta property=\"og:image:height\" content=\"500\" \/>\n\t<meta property=\"og:image:type\" content=\"image\/webp\" \/>\n<meta name=\"twitter:card\" content=\"summary_large_image\" \/>\n<meta name=\"twitter:label1\" content=\"Prix\" \/>\n\t<meta name=\"twitter:data1\" content=\"99,90&nbsp;&euro;\" \/>\n\t<meta name=\"twitter:label2\" content=\"Disponibilit\u00e9\" \/>\n\t<meta name=\"twitter:data2\" content=\"En stock\" \/>\n<meta property=\"product:brand\" content=\"simple\" \/>\n<meta property=\"product:price:amount\" content=\"99.90\" \/>\n<meta property=\"product:price:currency\" content=\"EUR\" \/>\n<meta property=\"og:availability\" content=\"instock\" \/>\n<meta property=\"product:availability\" content=\"instock\" \/>\n<meta property=\"product:retailer_item_id\" content=\"IS-OIL-FS-30-20\" \/>\n<meta property=\"product:condition\" content=\"new\" \/>\n<!-- \/ Yoast SEO Premium plugin. -->","yoast_head_json":{"title":"Full Spectrum CBD Oil 20% 30ml - Qualit\u00e9 Premium | Iguana Smoke","description":"Huile de CBD \u00e0 spectre complet 20% 30ml. \u00c9quilibre entre puissance et dur\u00e9e, 100% naturel et l\u00e9gal. Profitez des bienfaits du CBD dans l'Iguana Smoke.","robots":{"index":"index","follow":"follow","max-snippet":"max-snippet:-1","max-image-preview":"max-image-preview:large","max-video-preview":"max-video-preview:-1"},"canonical":"https:\/\/iguanasmoke.com\/fr\/produit\/cbd-full-spectrum-cbd-oil-30ml-31\/","og_locale":"fr_FR","og_type":"article","og_title":"Aceite de CBD Full Spectrum 20% 30ml","og_description":"Este Aceite de CBD Full Spectrum 20% 30ml tiene la concentraci\u00f3n perfecta para disfrutar de los beneficios del cannabidiol de forma natural, sin efectos psicoactivos.\u00a0De uso t\u00f3pico.  Ingredientes: -Aceite de semillas de c\u00e1\u00f1amo 30ml -Extracto de CBD (Full Spectrum) 6000mg","og_url":"https:\/\/iguanasmoke.com\/fr\/produit\/cbd-full-spectrum-cbd-oil-30ml-31\/","og_site_name":"Iguana Smoke","article_publisher":"https:\/\/www.facebook.com\/iguanasmoke","article_modified_time":"2025-12-22T15:03:28+00:00","og_image":[{"width":500,"height":500,"url":"https:\/\/iguanasmoke.com\/wp-content\/uploads\/2022\/12\/BOX-y-BTL-20-30ml.webp","type":"image\/webp"}],"twitter_card":"summary_large_image","twitter_misc":{"Prix":"99,90&nbsp;&euro;","Disponibilit\u00e9":"En stock"},"schema":{"@context":"https:\/\/schema.org","@graph":[{"@type":"WebPage","@id":"https:\/\/iguanasmoke.com\/producto\/aceite-de-cbd-full-spectrum-30ml-20\/","url":"https:\/\/iguanasmoke.com\/producto\/aceite-de-cbd-full-spectrum-30ml-20\/","name":"Full Spectrum CBD Oil 20% 30ml - Qualit\u00e9 Premium | Iguana Smoke","isPartOf":{"@id":"https:\/\/iguanasmoke.com\/#website"},"primaryImageOfPage":{"@id":"https:\/\/iguanasmoke.com\/producto\/aceite-de-cbd-full-spectrum-30ml-20\/#primaryimage"},"image":{"@id":"https:\/\/iguanasmoke.com\/producto\/aceite-de-cbd-full-spectrum-30ml-20\/#primaryimage"},"thumbnailUrl":"https:\/\/iguanasmoke.com\/wp-content\/uploads\/2022\/12\/BOX-y-BTL-20-30ml.webp","datePublished":"2022-12-01T07:41:19+00:00","dateModified":"2025-12-22T15:03:28+00:00","description":"Huile de CBD \u00e0 spectre complet 20% 30ml. \u00c9quilibre entre puissance et dur\u00e9e, 100% naturel et l\u00e9gal. Profitez des bienfaits du CBD dans l'Iguana Smoke.","breadcrumb":{"@id":"https:\/\/iguanasmoke.com\/producto\/aceite-de-cbd-full-spectrum-30ml-20\/#breadcrumb"},"inLanguage":"fr-FR","potentialAction":[{"@type":"ReadAction","target":["https:\/\/iguanasmoke.com\/producto\/aceite-de-cbd-full-spectrum-30ml-20\/"]}]},{"@type":"ImageObject","inLanguage":"fr-FR","@id":"https:\/\/iguanasmoke.com\/producto\/aceite-de-cbd-full-spectrum-30ml-20\/#primaryimage","url":"https:\/\/iguanasmoke.com\/wp-content\/uploads\/2022\/12\/BOX-y-BTL-20-30ml.webp","contentUrl":"https:\/\/iguanasmoke.com\/wp-content\/uploads\/2022\/12\/BOX-y-BTL-20-30ml.webp","width":500,"height":500,"caption":"aceite cbd 30ml 20%"},{"@type":"BreadcrumbList","@id":"https:\/\/iguanasmoke.com\/producto\/aceite-de-cbd-full-spectrum-30ml-20\/#breadcrumb","itemListElement":[{"@type":"ListItem","position":1,"name":"home","item":"https:\/\/iguanasmoke.com\/"},{"@type":"ListItem","position":2,"name":"Tienda","item":"https:\/\/iguanasmoke.com\/tienda\/"},{"@type":"ListItem","position":3,"name":"Aceites de CBD","item":"https:\/\/iguanasmoke.com\/categoria\/aceite-de-cbd\/"},{"@type":"ListItem","position":4,"name":"Aceite de CBD Full Spectrum 20% 30ml"}]},{"@type":"WebSite","@id":"https:\/\/iguanasmoke.com\/#website","url":"https:\/\/iguanasmoke.com\/","name":"Fum\u00e9e d'iguane","description":"Acheter du CBD en ligne au meilleur prix","publisher":{"@id":"https:\/\/iguanasmoke.com\/#organization"},"potentialAction":[{"@type":"SearchAction","target":{"@type":"EntryPoint","urlTemplate":"https:\/\/iguanasmoke.com\/?s={search_term_string}"},"query-input":{"@type":"PropertyValueSpecification","valueRequired":true,"valueName":"search_term_string"}}],"inLanguage":"fr-FR"},{"@type":"Organization","@id":"https:\/\/iguanasmoke.com\/#organization","name":"Fum\u00e9e d'iguane","url":"https:\/\/iguanasmoke.com\/","logo":{"@type":"ImageObject","inLanguage":"fr-FR","@id":"https:\/\/iguanasmoke.com\/#\/schema\/logo\/image\/","url":"https:\/\/iguanasmoke.com\/wp-content\/uploads\/2025\/01\/logoiguana-favi-1.png","contentUrl":"https:\/\/iguanasmoke.com\/wp-content\/uploads\/2025\/01\/logoiguana-favi-1.png","width":512,"height":512,"caption":"Iguana Smoke"},"image":{"@id":"https:\/\/iguanasmoke.com\/#\/schema\/logo\/image\/"},"sameAs":["https:\/\/www.facebook.com\/iguanasmoke","https:\/\/www.instagram.com\/iguanasmoke\/"]}]},"product_brand":"simple","product_price_amount":"99.90","product_price_currency":"EUR","og_availability":"instock","product_availability":"instock","product_retailer_item_id":"IS-OIL-FS-30-20","product_condition":"new"},"_links":{"self":[{"href":"https:\/\/iguanasmoke.com\/fr\/wp-json\/wp\/v2\/product\/12333","targetHints":{"allow":["GET"]}}],"collection":[{"href":"https:\/\/iguanasmoke.com\/fr\/wp-json\/wp\/v2\/product"}],"about":[{"href":"https:\/\/iguanasmoke.com\/fr\/wp-json\/wp\/v2\/types\/product"}],"replies":[{"embeddable":true,"href":"https:\/\/iguanasmoke.com\/fr\/wp-json\/wp\/v2\/comments?post=12333"}],"wp:featuredmedia":[{"embeddable":true,"href":"https:\/\/iguanasmoke.com\/fr\/wp-json\/wp\/v2\/media\/26243"}],"wp:attachment":[{"href":"https:\/\/iguanasmoke.com\/fr\/wp-json\/wp\/v2\/media?parent=12333"}],"wp:term":[{"taxonomy":"product_brand","embeddable":true,"href":"https:\/\/iguanasmoke.com\/fr\/wp-json\/wp\/v2\/product_brand?post=12333"},{"taxonomy":"product_cat","embeddable":true,"href":"https:\/\/iguanasmoke.com\/fr\/wp-json\/wp\/v2\/product_cat?post=12333"},{"taxonomy":"product_tag","embeddable":true,"href":"https:\/\/iguanasmoke.com\/fr\/wp-json\/wp\/v2\/product_tag?post=12333"}],"curies":[{"name":"wp","href":"https:\/\/api.w.org\/{rel}","templated":true}]}}