{"id":15478,"date":"2023-04-15T13:18:45","date_gmt":"2023-04-15T11:18:45","guid":{"rendered":"https:\/\/iguanasmoke.com\/?post_type=product&#038;p=15478"},"modified":"2025-12-17T13:49:59","modified_gmt":"2025-12-17T12:49:59","slug":"popcorn-sour-tsunami-cbd-3gr-cadeau","status":"publish","type":"product","link":"https:\/\/iguanasmoke.com\/fr\/producto\/popcorn-sour-tsunami-cbd-3gr-regalo\/","title":{"rendered":"Popcorn Sour Tsunami CBD 3g Don gratuit"},"content":{"rendered":"<h3>Popcorn Sour Tsunami CBD<\/h3>\n<p>Le Popcorn Sour Tsunami CBD est connu pour son odeur caract\u00e9ristique : sucr\u00e9e et de carburant diesel. Certains y verront un ar\u00f4me de chocolat. \u00c0 l'expiration, vous pouvez d\u00e9tecter une odeur aigre ou am\u00e8re, d'o\u00f9 le nom. Les bourgeons sont verts, certains plus clairs que d'autres, et teint\u00e9s de violet.<\/p>\n<p style=\"text-align: justify\">Les fleurs de CBD d'Iguana Smoke sont r\u00e9colt\u00e9es en Espagne de mani\u00e8re 100% biologique, sans pesticide ni OGM.<\/p>\n<p style=\"text-align: justify\">Toutes les fleurs d'Iguana Smoke sont 100% l\u00e9gales car elles sont r\u00e9colt\u00e9es \u00e0 partir de plantes de Cannabis Sativa approuv\u00e9es par l'UE et contiennent moins de 0,2% de THC et n'ont donc pas d'effet psychoactif.<\/p>\n<h3>ACHETER CBD FLEURS IGUANE SMOKE<\/h3>\n<p>Si vous cherchez un moyen facile et pratique d'acheter des fleurs de CBD au Royaume-Uni, il n'y a pas de meilleure option que d'acheter en ligne. Acheter des fleurs de CBD en ligne vous permet d'acc\u00e9der \u00e0 une grande vari\u00e9t\u00e9 de produits de haute qualit\u00e9 sans avoir \u00e0 sortir de chez vous.<\/p>\n<p>Le march\u00e9 du CBD s'est consid\u00e9rablement d\u00e9velopp\u00e9 ces derni\u00e8res ann\u00e9es, ce qui signifie que de nombreuses options s'offrent aux consommateurs. Lorsque vous achetez des fleurs de CBD en ligne, vous pouvez facilement comparer diff\u00e9rentes marques et diff\u00e9rents produits afin de trouver la meilleure option pour vous.<\/p>\n<p>Chez Iguana Smoke, notre objectif est de vous offrir la meilleure qualit\u00e9 pour tous nos produits. Nous s\u00e9lectionnons nos fleurs de CBD une par une pour nous assurer que vous obtenez ce qu'il y a de mieux. Achetez les meilleures fleurs de CBD en Espagne dans notre boutique en ligne et constatez par vous-m\u00eame la grande qualit\u00e9 d'Iguana Smoke.<\/p>\n<h3>CHANVRE 100% BIO, SANS PESTICIDE NI OGM<\/h3>\n<p>Les fleurs de CBD d'Iguana Smoke sont r\u00e9colt\u00e9es de mani\u00e8re durable en Espagne, chanvre biologique 100%, sans pesticide ni OGM. Toutes les fleurs de CBD d'Iguana Smoke sont extraites de plantes de Cannabis Sativa approuv\u00e9es par l'UE. Elles contiennent moins de 0,2% de THC, n'ont donc aucun effet psychoactif et sont 100% l\u00e9gales.<\/p>\n<h3>POURQUOI LA FUM\u00c9E D'IGUANE ?<\/h3>\n<p>Iguana Smoke est synonyme de qualit\u00e9 ; une marque attrayante qui s'adresse aux nouvelles g\u00e9n\u00e9rations de consommateurs de CBD \u00e0 la recherche d'un produit s\u00fbr, fiable et abordable qui pr\u00e9sente toutes les caract\u00e9ristiques n\u00e9cessaires pour se positionner avec succ\u00e8s sur le march\u00e9 florissant du CBD. Si vous avez des questions, n'h\u00e9sitez pas \u00e0 nous contacter et nous nous ferons un plaisir de vous aider.<\/p>\n<p>Achetez des fleurs de CBD au meilleur prix sur notre site et d\u00e9couvrez toute notre gamme de produits d\u00e9riv\u00e9s du chanvre que nous mettons \u00e0 votre disposition.<\/p>","protected":false},"excerpt":{"rendered":"<ul>\n<li>CBD : 15% \/ THC : &lt; 0.2%<\/li>\n<li>Petits bourgeons<\/li>\n<li>Dominante sativa<\/li>\n<li>Ar\u00f4me fort avec des notes sucr\u00e9es<\/li>\n<\/ul>\n<p>100% l\u00e9gal en Europe<\/p>\n<p>Analyse de la qualit\u00e9 : cliquez <a href=\"https:\/\/iguanasmoke.com\/wp-content\/uploads\/2018\/02\/Flor-Sour-Tsunami.pdf\" target=\"_blank\" rel=\"noopener\">ici<\/a><\/p>\n<p>Le Popcorn Sour Tsunami CBD est connu pour son odeur caract\u00e9ristique : sucr\u00e9e et de carburant diesel. Certains y verront un ar\u00f4me de chocolat.<\/p>","protected":false},"featured_media":15360,"comment_status":"open","ping_status":"closed","template":"","meta":{"_acf_changed":false,"site-sidebar-layout":"default","site-content-layout":"default","ast-site-content-layout":"default","site-content-style":"default","site-sidebar-style":"default","ast-global-header-display":"","ast-banner-title-visibility":"","ast-main-header-display":"","ast-hfb-above-header-display":"","ast-hfb-below-header-display":"","ast-hfb-mobile-header-display":"","site-post-title":"","ast-breadcrumbs-content":"","ast-featured-img":"","footer-sml-layout":"","theme-transparent-header-meta":"default","adv-header-id-meta":"","stick-header-meta":"","header-above-stick-meta":"","header-main-stick-meta":"","header-below-stick-meta":"","astra-migrate-meta-layouts":"set","ast-page-background-enabled":"default","ast-page-background-meta":{"desktop":{"background-color":"var(--ast-global-color-4)","background-image":"","background-repeat":"repeat","background-position":"center center","background-size":"auto","background-attachment":"scroll","background-type":"","background-media":"","overlay-type":"","overlay-color":"","overlay-opacity":"","overlay-gradient":""},"tablet":{"background-color":"","background-image":"","background-repeat":"repeat","background-position":"center center","background-size":"auto","background-attachment":"scroll","background-type":"","background-media":"","overlay-type":"","overlay-color":"","overlay-opacity":"","overlay-gradient":""},"mobile":{"background-color":"","background-image":"","background-repeat":"repeat","background-position":"center center","background-size":"auto","background-attachment":"scroll","background-type":"","background-media":"","overlay-type":"","overlay-color":"","overlay-opacity":"","overlay-gradient":""}},"ast-content-background-meta":{"desktop":{"background-color":"var(--ast-global-color-5)","background-image":"","background-repeat":"repeat","background-position":"center center","background-size":"auto","background-attachment":"scroll","background-type":"","background-media":"","overlay-type":"","overlay-color":"","overlay-opacity":"","overlay-gradient":""},"tablet":{"background-color":"var(--ast-global-color-5)","background-image":"","background-repeat":"repeat","background-position":"center center","background-size":"auto","background-attachment":"scroll","background-type":"","background-media":"","overlay-type":"","overlay-color":"","overlay-opacity":"","overlay-gradient":""},"mobile":{"background-color":"var(--ast-global-color-5)","background-image":"","background-repeat":"repeat","background-position":"center center","background-size":"auto","background-attachment":"scroll","background-type":"","background-media":"","overlay-type":"","overlay-color":"","overlay-opacity":"","overlay-gradient":""}}},"product_brand":[],"product_cat":[447,209],"product_tag":[],"class_list":{"0":"post-15478","1":"product","2":"type-product","3":"status-publish","4":"has-post-thumbnail","6":"product_cat-pop-corn-cbd-cogollos-pequenos-cbd-mini-buds-cbd","7":"product_cat-uncategorized","8":"desktop-align-center","9":"tablet-align-center","10":"mobile-align-center","12":"first","13":"outofstock","14":"taxable","15":"shipping-taxable","16":"purchasable","17":"product-type-simple"},"acf":[],"yoast_head":"<!-- This site is optimized with the Yoast SEO Premium plugin v27.3 (Yoast SEO v27.3) - https:\/\/yoast.com\/product\/yoast-seo-premium-wordpress\/ -->\n<title>Popcorn Sour Tsunami CBD 3gr Regalo | Iguana Smoke<\/title>\n<meta name=\"description\" content=\"Compra flores Popcorn Sour Tsunami CBD al mejor precio y con una calidad inigualable en Iguana Smoke. Env\u00edo gratuito en Espa\u00f1a y Portugal a partir de 30\u20ac.\" \/>\n<meta name=\"robots\" content=\"index, follow, max-snippet:-1, max-image-preview:large, max-video-preview:-1\" \/>\n<link rel=\"canonical\" href=\"https:\/\/iguanasmoke.com\/fr\/produit\/popcorn-sour-tsunami-cbd-3gr-cadeau\/\" \/>\n<meta property=\"og:locale\" content=\"fr_FR\" \/>\n<meta property=\"og:type\" content=\"article\" \/>\n<meta property=\"og:title\" content=\"Popcorn Sour Tsunami CBD 3gr Regalo\" \/>\n<meta property=\"og:description\" content=\"CBD: 15% \/ THC: &lt; 0,2%  Cogollos peque\u00f1os  Dominante Sativa  Aroma fuerte con tonos dulces  100% legal en Europa  An\u00e1lisis de calidad: pincha aqu\u00ed  Popcorn Sour Tsunami CBD es conocida por su olor distintivo: dulce y a combustible diesel. Algunos pueden notar un aroma a chocolate.\" \/>\n<meta property=\"og:url\" content=\"https:\/\/iguanasmoke.com\/fr\/produit\/popcorn-sour-tsunami-cbd-3gr-cadeau\/\" \/>\n<meta property=\"og:site_name\" content=\"Iguana Smoke\" \/>\n<meta property=\"article:publisher\" content=\"https:\/\/www.facebook.com\/iguanasmoke\" \/>\n<meta property=\"article:modified_time\" content=\"2025-12-17T12:49:59+00:00\" \/>\n<meta property=\"og:image\" content=\"https:\/\/i0.wp.com\/iguanasmoke.com\/wp-content\/uploads\/2022\/09\/Pop-con-mockup.webp?fit=500%2C500&ssl=1\" \/>\n\t<meta property=\"og:image:width\" content=\"500\" \/>\n\t<meta property=\"og:image:height\" content=\"500\" \/>\n\t<meta property=\"og:image:type\" content=\"image\/webp\" \/>\n<meta name=\"twitter:card\" content=\"summary_large_image\" \/>\n<meta name=\"twitter:label1\" content=\"Prix\" \/>\n\t<meta name=\"twitter:data1\" content=\"5,00&nbsp;&euro;\" \/>\n\t<meta name=\"twitter:label2\" content=\"Disponibilit\u00e9\" \/>\n\t<meta name=\"twitter:data2\" content=\"Rupture de stock\" \/>\n<meta property=\"product:brand\" content=\"simple\" \/>\n<meta property=\"product:price:amount\" content=\"5.00\" \/>\n<meta property=\"product:price:currency\" content=\"EUR\" \/>\n<meta property=\"og:availability\" content=\"out of stock\" \/>\n<meta property=\"product:availability\" content=\"out of stock\" \/>\n<meta property=\"product:retailer_item_id\" content=\"IS-POP-SOURT-3G-1\" \/>\n<meta property=\"product:condition\" content=\"new\" \/>\n<!-- \/ Yoast SEO Premium plugin. -->","yoast_head_json":{"title":"Popcorn Sour Tsunami CBD 3gr Gift : Iguana Smoke","description":"Achetez Popcorn Sour Tsunami CBD flowers au meilleur prix et avec une qualit\u00e9 imbattable chez Iguana Smoke. Livraison gratuite en Espagne et au Portugal \u00e0 partir de 30\u20ac.","robots":{"index":"index","follow":"follow","max-snippet":"max-snippet:-1","max-image-preview":"max-image-preview:large","max-video-preview":"max-video-preview:-1"},"canonical":"https:\/\/iguanasmoke.com\/fr\/produit\/popcorn-sour-tsunami-cbd-3gr-cadeau\/","og_locale":"fr_FR","og_type":"article","og_title":"Popcorn Sour Tsunami CBD 3gr Regalo","og_description":"CBD: 15% \/ THC: &lt; 0,2%  Cogollos peque\u00f1os  Dominante Sativa  Aroma fuerte con tonos dulces  100% legal en Europa  An\u00e1lisis de calidad: pincha aqu\u00ed  Popcorn Sour Tsunami CBD es conocida por su olor distintivo: dulce y a combustible diesel. Algunos pueden notar un aroma a chocolate.","og_url":"https:\/\/iguanasmoke.com\/fr\/produit\/popcorn-sour-tsunami-cbd-3gr-cadeau\/","og_site_name":"Iguana Smoke","article_publisher":"https:\/\/www.facebook.com\/iguanasmoke","article_modified_time":"2025-12-17T12:49:59+00:00","og_image":[{"width":500,"height":500,"url":"https:\/\/i0.wp.com\/iguanasmoke.com\/wp-content\/uploads\/2022\/09\/Pop-con-mockup.webp?fit=500%2C500&ssl=1","type":"image\/webp"}],"twitter_card":"summary_large_image","twitter_misc":{"Prix":"5,00&nbsp;&euro;","Disponibilit\u00e9":"Rupture de stock"},"schema":{"@context":"https:\/\/schema.org","@graph":[{"@type":"WebPage","@id":"https:\/\/iguanasmoke.com\/producto\/popcorn-sour-tsunami-cbd-3gr-regalo\/","url":"https:\/\/iguanasmoke.com\/producto\/popcorn-sour-tsunami-cbd-3gr-regalo\/","name":"Popcorn Sour Tsunami CBD 3gr Gift : Iguana Smoke","isPartOf":{"@id":"https:\/\/iguanasmoke.com\/#website"},"primaryImageOfPage":{"@id":"https:\/\/iguanasmoke.com\/producto\/popcorn-sour-tsunami-cbd-3gr-regalo\/#primaryimage"},"image":{"@id":"https:\/\/iguanasmoke.com\/producto\/popcorn-sour-tsunami-cbd-3gr-regalo\/#primaryimage"},"thumbnailUrl":"https:\/\/iguanasmoke.com\/wp-content\/uploads\/2022\/09\/Pop-con-mockup.webp","datePublished":"2023-04-15T11:18:45+00:00","dateModified":"2025-12-17T12:49:59+00:00","description":"Achetez Popcorn Sour Tsunami CBD flowers au meilleur prix et avec une qualit\u00e9 imbattable chez Iguana Smoke. Livraison gratuite en Espagne et au Portugal \u00e0 partir de 30\u20ac.","breadcrumb":{"@id":"https:\/\/iguanasmoke.com\/producto\/popcorn-sour-tsunami-cbd-3gr-regalo\/#breadcrumb"},"inLanguage":"fr-FR","potentialAction":[{"@type":"ReadAction","target":["https:\/\/iguanasmoke.com\/producto\/popcorn-sour-tsunami-cbd-3gr-regalo\/"]}]},{"@type":"ImageObject","inLanguage":"fr-FR","@id":"https:\/\/iguanasmoke.com\/producto\/popcorn-sour-tsunami-cbd-3gr-regalo\/#primaryimage","url":"https:\/\/iguanasmoke.com\/wp-content\/uploads\/2022\/09\/Pop-con-mockup.webp","contentUrl":"https:\/\/iguanasmoke.com\/wp-content\/uploads\/2022\/09\/Pop-con-mockup.webp","width":500,"height":500,"caption":"Pop Corn Sour Tsunami CBD comprar flores cogollos maria legal online barato"},{"@type":"BreadcrumbList","@id":"https:\/\/iguanasmoke.com\/producto\/popcorn-sour-tsunami-cbd-3gr-regalo\/#breadcrumb","itemListElement":[{"@type":"ListItem","position":1,"name":"home","item":"https:\/\/iguanasmoke.com\/"},{"@type":"ListItem","position":2,"name":"Tienda","item":"https:\/\/iguanasmoke.com\/tienda\/"},{"@type":"ListItem","position":3,"name":"Uncategorized","item":"https:\/\/iguanasmoke.com\/categoria\/uncategorized\/"},{"@type":"ListItem","position":4,"name":"Popcorn Sour Tsunami CBD 3gr Regalo"}]},{"@type":"WebSite","@id":"https:\/\/iguanasmoke.com\/#website","url":"https:\/\/iguanasmoke.com\/","name":"Fum\u00e9e d'iguane","description":"Acheter du CBD en ligne au meilleur prix","publisher":{"@id":"https:\/\/iguanasmoke.com\/#organization"},"potentialAction":[{"@type":"SearchAction","target":{"@type":"EntryPoint","urlTemplate":"https:\/\/iguanasmoke.com\/?s={search_term_string}"},"query-input":{"@type":"PropertyValueSpecification","valueRequired":true,"valueName":"search_term_string"}}],"inLanguage":"fr-FR"},{"@type":"Organization","@id":"https:\/\/iguanasmoke.com\/#organization","name":"Fum\u00e9e d'iguane","url":"https:\/\/iguanasmoke.com\/","logo":{"@type":"ImageObject","inLanguage":"fr-FR","@id":"https:\/\/iguanasmoke.com\/#\/schema\/logo\/image\/","url":"https:\/\/iguanasmoke.com\/wp-content\/uploads\/2025\/01\/logoiguana-favi-1.png","contentUrl":"https:\/\/iguanasmoke.com\/wp-content\/uploads\/2025\/01\/logoiguana-favi-1.png","width":512,"height":512,"caption":"Iguana Smoke"},"image":{"@id":"https:\/\/iguanasmoke.com\/#\/schema\/logo\/image\/"},"sameAs":["https:\/\/www.facebook.com\/iguanasmoke","https:\/\/www.instagram.com\/iguanasmoke\/"]}]},"product_brand":"simple","product_price_amount":"5.00","product_price_currency":"EUR","og_availability":"out of stock","product_availability":"out of stock","product_retailer_item_id":"IS-POP-SOURT-3G-1","product_condition":"new"},"_links":{"self":[{"href":"https:\/\/iguanasmoke.com\/fr\/wp-json\/wp\/v2\/product\/15478","targetHints":{"allow":["GET"]}}],"collection":[{"href":"https:\/\/iguanasmoke.com\/fr\/wp-json\/wp\/v2\/product"}],"about":[{"href":"https:\/\/iguanasmoke.com\/fr\/wp-json\/wp\/v2\/types\/product"}],"replies":[{"embeddable":true,"href":"https:\/\/iguanasmoke.com\/fr\/wp-json\/wp\/v2\/comments?post=15478"}],"wp:featuredmedia":[{"embeddable":true,"href":"https:\/\/iguanasmoke.com\/fr\/wp-json\/wp\/v2\/media\/15360"}],"wp:attachment":[{"href":"https:\/\/iguanasmoke.com\/fr\/wp-json\/wp\/v2\/media?parent=15478"}],"wp:term":[{"taxonomy":"product_brand","embeddable":true,"href":"https:\/\/iguanasmoke.com\/fr\/wp-json\/wp\/v2\/product_brand?post=15478"},{"taxonomy":"product_cat","embeddable":true,"href":"https:\/\/iguanasmoke.com\/fr\/wp-json\/wp\/v2\/product_cat?post=15478"},{"taxonomy":"product_tag","embeddable":true,"href":"https:\/\/iguanasmoke.com\/fr\/wp-json\/wp\/v2\/product_tag?post=15478"}],"curies":[{"name":"wp","href":"https:\/\/api.w.org\/{rel}","templated":true}]}}