{"id":17203,"date":"2023-06-20T12:58:45","date_gmt":"2023-06-20T10:58:45","guid":{"rendered":"https:\/\/iguanasmoke.com\/?post_type=product&#038;p=17203"},"modified":"2026-01-05T11:28:25","modified_gmt":"2026-01-05T10:28:25","slug":"huile-de-cbd-a-spectre-complet-10ml-30","status":"publish","type":"product","link":"https:\/\/iguanasmoke.com\/fr\/producto\/aceite-de-cbd-full-spectrum-10ml-30\/","title":{"rendered":"Full Spectrum CBD Oil 30% 10ml"},"content":{"rendered":"<h1><span style=\"font-weight: 400\">Full Spectrum CBD Oil 30% 10ml<\/span><\/h1>\n<p><span style=\"font-weight: 400\">Si vous \u00eates d\u00e9j\u00e0 un v\u00e9t\u00e9ran dans le monde du cannabidiol,\u00a0<strong>Full Spectrum CBD Oil 30% 10ml<\/strong> est exactement ce qu'il vous faut. Con\u00e7u pour ceux qui ont besoin de quantit\u00e9 et de qualit\u00e9 dans chaque goutte, il est d'une puret\u00e9 \u00e0 100%.<\/span><\/p>\n<p><span style=\"font-weight: 400\">Il s'agit d'une option solide et efficace, <strong>id\u00e9al pour ceux qui souhaitent exp\u00e9rimenter les avantages<\/strong> de <strong>CBD<\/strong> rapidement.<\/span><\/p>\n<p>&nbsp;<\/p>\n<h2 data-start=\"591\" data-end=\"904\"><strong>Pourquoi choisir cette huile CBD ?<\/strong><\/h2>\n<p data-start=\"591\" data-end=\"904\"><span style=\"font-weight: 400\">Ce produit contient <strong>3000mg CBD dans un flacon de 10ml<\/strong>, ce qui en fait l'option la plus puissante.\u00a0<\/span><\/p>\n<p data-start=\"591\" data-end=\"904\"><span style=\"font-weight: 400\">Comme il s'agit d'un <strong>Huile de CBD \u00e0 spectre complet (large spectre)<\/strong>, Le profil complet du chanvre est conserv\u00e9, y compris <strong>cannabino\u00efdes, terp\u00e8nes et flavono\u00efdes<\/strong>. De cette mani\u00e8re, le c\u00e9l\u00e8bre <strong>effet d'entourage<\/strong>, L'action combin\u00e9e de tous les compos\u00e9s qui agissent en synergie pour offrir un bien-\u00eatre plus complet et naturel.<\/span><\/p>\n<h2 data-start=\"591\" data-end=\"904\"><strong>Principales caract\u00e9ristiques de cette huile de CBD :<\/strong><\/h2>\n<ul>\n<li data-start=\"591\" data-end=\"904\">Full Spectrum CBD Oil 30% 10ml<\/li>\n<li data-start=\"591\" data-end=\"904\">Un effet puissant<\/li>\n<li data-start=\"591\" data-end=\"904\">Pas d'effets psychoactifs ni de sensation de d\u00e9fonce\u201c<\/li>\n<li data-start=\"591\" data-end=\"904\"><strong>Avec moins de 0,3 % THC, conform\u00e9ment \u00e0 la r\u00e9glementation.<\/strong><\/li>\n<li data-start=\"591\" data-end=\"904\">Produit test\u00e9 en laboratoire et conforme aux normes europ\u00e9ennes<\/li>\n<li data-start=\"591\" data-end=\"904\"><strong data-start=\"2023\" data-end=\"2060\">100% l\u00e9gal et produit en Europe<\/strong><\/li>\n<li><strong>Pour usage topique.<\/strong><\/li>\n<\/ul>\n<p>&nbsp;<\/p>\n<h2 data-start=\"591\" data-end=\"904\"><strong>A qui s'adresse cette huile CBD ? <\/strong><\/h2>\n<p><span style=\"font-weight: 400\">Le pr\u00e9sent <strong>Full Spectrum CBD Oil 30% 10ml<\/strong> est parfait pour : <\/span><\/p>\n<ul>\n<li data-start=\"591\" data-end=\"904\"><span style=\"font-weight: 400\">Les personnes qui recherchent un maximum de concentration et de praticit\u00e9 dans un seul pot.<\/span><\/li>\n<li data-start=\"591\" data-end=\"904\">Les personnes qui recherchent une intensit\u00e9 et une puissance maximales<\/li>\n<li data-start=\"591\" data-end=\"904\"><span style=\"font-weight: 400\">Ceux qui pr\u00e9f\u00e8rent les formules compl\u00e8tes d'huile de graines de chanvre <\/span><\/li>\n<li data-start=\"591\" data-end=\"904\"><span style=\"font-weight: 400\">Les utilisateurs qui souhaitent <strong>acheter de l'huile CBD en ligne<\/strong> en toute s\u00e9curit\u00e9.\u00a0<\/span><\/li>\n<\/ul>\n<h2 data-start=\"3142\" data-end=\"3187\"><\/h2>\n<h2><b>O\u00f9 acheter vos huiles de CBD en ligne<\/b><b>?<\/b><\/h2>\n<p><span style=\"font-weight: 400\">Bien entendu, en <strong>Fum\u00e9e d'iguane. <\/strong>Ici, nous privil\u00e9gions la qualit\u00e9 et la transparence pour chaque produit. Nos <strong>Full Spectrum CBD Oil 30% 10ml<\/strong> est pr\u00e9par\u00e9 100% \u00e0 partir de <strong>les graines de chanvre.<\/strong><\/span><\/p>\n<p><span style=\"font-weight: 400\">C'est un endroit s\u00fbr pour <strong>acheter des huiles de CBD en ligne en Espagne.<\/strong> Tous nos produits sont approuv\u00e9s par l'UE, ce qui garantit leur l\u00e9galit\u00e9 et leur s\u00e9curit\u00e9. En outre, si vous le souhaitez, vous pouvez consulter<\/span><strong> <a href=\"https:\/\/iguanasmoke.com\/fr\/lanalyse\/\">analyse en laboratoire.<\/a>\u00a0<\/strong><\/p>\n<p><span style=\"font-weight: 400\">Si les fleurs CBD vous plaisent, renseignez-vous sur les fleurs CBD. <\/span><span style=\"font-weight: 400\">autres <strong>Produits TOP<\/strong> en tant que <a href=\"https:\/\/iguanasmoke.com\/fr\/produit\/acheter-cbd-pop-corn-sour-tsunami-flower-10gr-cbd-petits-bourgeons\/\"><strong>Pop Corn 10g<\/strong><\/a> ou le <strong><a href=\"https:\/\/iguanasmoke.com\/fr\/categorie\/pret-a-rouler\/\">Pr\u00eat \u00e0 rouler<\/a><\/strong>. <\/span><span style=\"font-weight: 400\">D\u00e9couvrez \u00e9galement notre large gamme de <strong><a href=\"https:\/\/iguanasmoke.com\/fr\/categorie\/extraits-de-cbd\/\">Extraits de CBD<\/a><\/strong> y <strong><a href=\"https:\/\/iguanasmoke.com\/fr\/categorie\/hash-cbd\/\">Haschisch CBD<\/a>.<\/strong><\/span><\/p>\n<p>Une livraison rapide, une attention particuli\u00e8re et un magasin avec un emballage discret et s\u00fbr qui va de l'avant, juste pour que vous puissiez en profiter !<\/p>\n<p>&nbsp;<\/p>\n<h3><b>Iguana Smoke est votre boutique en ligne de CBD\u00a0<\/b><\/h3>\n<p><span style=\"font-weight: 400\">Au<strong> Fum\u00e9e d'iguane<\/strong>, Nous pensons que la consommation de CBD doit \u00eatre une exp\u00e9rience s\u00fbre et agr\u00e9able. C'est pourquoi nous proposons des produits comme celui-ci <strong>Full Spectrum CBD Oil 30% 10ml <\/strong>qui s'adresse aux nouvelles g\u00e9n\u00e9rations : des personnes qui recherchent un bien-\u00eatre simple, avec des marques authentiques et fiables.\u00a0<\/span><\/p>\n<p>Vous savez, notre mission est claire : vous apporter le meilleur du monde du CBD \u00e0 un prix \u00e9quitable. De plus, nous vous offrons la tranquillit\u00e9 d'esprit de savoir que vous choisissez un produit certifi\u00e9, efficace et 100% l\u00e9gal. Votre moment de d\u00e9tente commence ici avec nous.<\/p>\n<p>Vous avez encore des doutes ? Ecrivez-nous et nous nous ferons un plaisir de vous aider \u00e0 trouver le produit qui vous convient.<\/p>","protected":false},"excerpt":{"rendered":"<p><span style=\"font-weight: 400\">Ce Full Spectrum CBD Oil 30% 10ml a la concentration la plus \u00e9lev\u00e9e de la gamme pour profiter des bienfaits du cannabidiol de mani\u00e8re puissante, sans effets psychoactifs.\u00a0<strong>Pour usage topique.<\/strong><\/span><\/p>\n<p>Ingr\u00e9dients :<br \/>\n-Extrait de CBD (spectre complet) 3000mg<\/p>","protected":false},"featured_media":26240,"comment_status":"open","ping_status":"closed","template":"","meta":{"_acf_changed":false,"site-sidebar-layout":"default","site-content-layout":"default","ast-site-content-layout":"default","site-content-style":"default","site-sidebar-style":"default","ast-global-header-display":"","ast-banner-title-visibility":"","ast-main-header-display":"","ast-hfb-above-header-display":"","ast-hfb-below-header-display":"","ast-hfb-mobile-header-display":"","site-post-title":"","ast-breadcrumbs-content":"","ast-featured-img":"","footer-sml-layout":"","theme-transparent-header-meta":"default","adv-header-id-meta":"","stick-header-meta":"","header-above-stick-meta":"","header-main-stick-meta":"","header-below-stick-meta":"","astra-migrate-meta-layouts":"set","ast-page-background-enabled":"default","ast-page-background-meta":{"desktop":{"background-color":"var(--ast-global-color-4)","background-image":"","background-repeat":"repeat","background-position":"center center","background-size":"auto","background-attachment":"scroll","background-type":"","background-media":"","overlay-type":"","overlay-color":"","overlay-opacity":"","overlay-gradient":""},"tablet":{"background-color":"","background-image":"","background-repeat":"repeat","background-position":"center center","background-size":"auto","background-attachment":"scroll","background-type":"","background-media":"","overlay-type":"","overlay-color":"","overlay-opacity":"","overlay-gradient":""},"mobile":{"background-color":"","background-image":"","background-repeat":"repeat","background-position":"center center","background-size":"auto","background-attachment":"scroll","background-type":"","background-media":"","overlay-type":"","overlay-color":"","overlay-opacity":"","overlay-gradient":""}},"ast-content-background-meta":{"desktop":{"background-color":"var(--ast-global-color-5)","background-image":"","background-repeat":"repeat","background-position":"center center","background-size":"auto","background-attachment":"scroll","background-type":"","background-media":"","overlay-type":"","overlay-color":"","overlay-opacity":"","overlay-gradient":""},"tablet":{"background-color":"var(--ast-global-color-5)","background-image":"","background-repeat":"repeat","background-position":"center center","background-size":"auto","background-attachment":"scroll","background-type":"","background-media":"","overlay-type":"","overlay-color":"","overlay-opacity":"","overlay-gradient":""},"mobile":{"background-color":"var(--ast-global-color-5)","background-image":"","background-repeat":"repeat","background-position":"center center","background-size":"auto","background-attachment":"scroll","background-type":"","background-media":"","overlay-type":"","overlay-color":"","overlay-opacity":"","overlay-gradient":""}}},"product_brand":[],"product_cat":[309],"product_tag":[],"class_list":{"0":"post-17203","1":"product","2":"type-product","3":"status-publish","4":"has-post-thumbnail","6":"product_cat-aceite-de-cbd","7":"desktop-align-center","8":"tablet-align-center","9":"mobile-align-center","11":"first","12":"instock","13":"taxable","14":"shipping-taxable","15":"purchasable","16":"product-type-simple"},"acf":[],"yoast_head":"<!-- This site is optimized with the Yoast SEO Premium plugin v27.3 (Yoast SEO v27.3) - https:\/\/yoast.com\/product\/yoast-seo-premium-wordpress\/ -->\n<title>Aceite de CBD Full Spectrum 30% 10ml | Iguana Smoke<\/title>\n<meta name=\"description\" content=\"Aceite de CBD Full Spectrum 30% 10ml. Alta concentraci\u00f3n en cada gota. Compra aceite de CBD con potencia y calidad premium en Iguana Smoke.\" \/>\n<meta name=\"robots\" content=\"index, follow, max-snippet:-1, max-image-preview:large, max-video-preview:-1\" \/>\n<link rel=\"canonical\" href=\"https:\/\/iguanasmoke.com\/fr\/produit\/huile-de-cbd-a-spectre-complet-10ml-30\/\" \/>\n<meta property=\"og:locale\" content=\"fr_FR\" \/>\n<meta property=\"og:type\" content=\"article\" \/>\n<meta property=\"og:title\" content=\"Aceite de CBD Full Spectrum 30% 10ml\" \/>\n<meta property=\"og:description\" content=\"Este Aceite de CBD Full Spectrum 30% 10ml tiene la concentraci\u00f3n m\u00e1s alta de la gama para disfrutar de los beneficios del cannabidiol de forma potente, sin efectos psicoactivos.\u00a0De uso t\u00f3pico.  Ingredientes: -Extracto de CBD (Full Spectrum) 3000mg\" \/>\n<meta property=\"og:url\" content=\"https:\/\/iguanasmoke.com\/fr\/produit\/huile-de-cbd-a-spectre-complet-10ml-30\/\" \/>\n<meta property=\"og:site_name\" content=\"Iguana Smoke\" \/>\n<meta property=\"article:publisher\" content=\"https:\/\/www.facebook.com\/iguanasmoke\" \/>\n<meta property=\"article:modified_time\" content=\"2026-01-05T10:28:25+00:00\" \/>\n<meta property=\"og:image\" content=\"https:\/\/iguanasmoke.com\/wp-content\/uploads\/2023\/06\/BOX-y-BTL-FS-10ml-30.webp\" \/>\n\t<meta property=\"og:image:width\" content=\"500\" \/>\n\t<meta property=\"og:image:height\" content=\"500\" \/>\n\t<meta property=\"og:image:type\" content=\"image\/webp\" \/>\n<meta name=\"twitter:card\" content=\"summary_large_image\" \/>\n<meta name=\"twitter:label1\" content=\"Prix\" \/>\n\t<meta name=\"twitter:data1\" content=\"64,90&nbsp;&euro;\" \/>\n\t<meta name=\"twitter:label2\" content=\"Disponibilit\u00e9\" \/>\n\t<meta name=\"twitter:data2\" content=\"En stock\" \/>\n<meta property=\"product:brand\" content=\"simple\" \/>\n<meta property=\"product:price:amount\" content=\"64.90\" \/>\n<meta property=\"product:price:currency\" content=\"EUR\" \/>\n<meta property=\"og:availability\" content=\"instock\" \/>\n<meta property=\"product:availability\" content=\"instock\" \/>\n<meta property=\"product:retailer_item_id\" content=\"IS-OIL-FS-10-30\" \/>\n<meta property=\"product:condition\" content=\"new\" \/>\n<!-- \/ Yoast SEO Premium plugin. -->","yoast_head_json":{"title":"Full Spectrum CBD Oil 30% 10ml | Iguana Smoke","description":"Full Spectrum CBD Oil 30% 10ml. Une concentration \u00e9lev\u00e9e dans chaque goutte. Achetez de l'huile de CBD puissante et de premi\u00e8re qualit\u00e9 chez Iguana Smoke.","robots":{"index":"index","follow":"follow","max-snippet":"max-snippet:-1","max-image-preview":"max-image-preview:large","max-video-preview":"max-video-preview:-1"},"canonical":"https:\/\/iguanasmoke.com\/fr\/produit\/huile-de-cbd-a-spectre-complet-10ml-30\/","og_locale":"fr_FR","og_type":"article","og_title":"Aceite de CBD Full Spectrum 30% 10ml","og_description":"Este Aceite de CBD Full Spectrum 30% 10ml tiene la concentraci\u00f3n m\u00e1s alta de la gama para disfrutar de los beneficios del cannabidiol de forma potente, sin efectos psicoactivos.\u00a0De uso t\u00f3pico.  Ingredientes: -Extracto de CBD (Full Spectrum) 3000mg","og_url":"https:\/\/iguanasmoke.com\/fr\/produit\/huile-de-cbd-a-spectre-complet-10ml-30\/","og_site_name":"Iguana Smoke","article_publisher":"https:\/\/www.facebook.com\/iguanasmoke","article_modified_time":"2026-01-05T10:28:25+00:00","og_image":[{"width":500,"height":500,"url":"https:\/\/iguanasmoke.com\/wp-content\/uploads\/2023\/06\/BOX-y-BTL-FS-10ml-30.webp","type":"image\/webp"}],"twitter_card":"summary_large_image","twitter_misc":{"Prix":"64,90&nbsp;&euro;","Disponibilit\u00e9":"En stock"},"schema":{"@context":"https:\/\/schema.org","@graph":[{"@type":"WebPage","@id":"https:\/\/iguanasmoke.com\/producto\/aceite-de-cbd-full-spectrum-10ml-30\/","url":"https:\/\/iguanasmoke.com\/producto\/aceite-de-cbd-full-spectrum-10ml-30\/","name":"Full Spectrum CBD Oil 30% 10ml | Iguana Smoke","isPartOf":{"@id":"https:\/\/iguanasmoke.com\/#website"},"primaryImageOfPage":{"@id":"https:\/\/iguanasmoke.com\/producto\/aceite-de-cbd-full-spectrum-10ml-30\/#primaryimage"},"image":{"@id":"https:\/\/iguanasmoke.com\/producto\/aceite-de-cbd-full-spectrum-10ml-30\/#primaryimage"},"thumbnailUrl":"https:\/\/iguanasmoke.com\/wp-content\/uploads\/2023\/06\/BOX-y-BTL-FS-10ml-30.webp","datePublished":"2023-06-20T10:58:45+00:00","dateModified":"2026-01-05T10:28:25+00:00","description":"Full Spectrum CBD Oil 30% 10ml. Une concentration \u00e9lev\u00e9e dans chaque goutte. Achetez de l'huile de CBD puissante et de premi\u00e8re qualit\u00e9 chez Iguana Smoke.","breadcrumb":{"@id":"https:\/\/iguanasmoke.com\/producto\/aceite-de-cbd-full-spectrum-10ml-30\/#breadcrumb"},"inLanguage":"fr-FR","potentialAction":[{"@type":"ReadAction","target":["https:\/\/iguanasmoke.com\/producto\/aceite-de-cbd-full-spectrum-10ml-30\/"]}]},{"@type":"ImageObject","inLanguage":"fr-FR","@id":"https:\/\/iguanasmoke.com\/producto\/aceite-de-cbd-full-spectrum-10ml-30\/#primaryimage","url":"https:\/\/iguanasmoke.com\/wp-content\/uploads\/2023\/06\/BOX-y-BTL-FS-10ml-30.webp","contentUrl":"https:\/\/iguanasmoke.com\/wp-content\/uploads\/2023\/06\/BOX-y-BTL-FS-10ml-30.webp","width":500,"height":500,"caption":"Aceite de CBD Full Spectrum 30%"},{"@type":"BreadcrumbList","@id":"https:\/\/iguanasmoke.com\/producto\/aceite-de-cbd-full-spectrum-10ml-30\/#breadcrumb","itemListElement":[{"@type":"ListItem","position":1,"name":"home","item":"https:\/\/iguanasmoke.com\/"},{"@type":"ListItem","position":2,"name":"Tienda","item":"https:\/\/iguanasmoke.com\/tienda\/"},{"@type":"ListItem","position":3,"name":"Aceites de CBD","item":"https:\/\/iguanasmoke.com\/categoria\/aceite-de-cbd\/"},{"@type":"ListItem","position":4,"name":"Aceite de CBD Full Spectrum 30% 10ml"}]},{"@type":"WebSite","@id":"https:\/\/iguanasmoke.com\/#website","url":"https:\/\/iguanasmoke.com\/","name":"Fum\u00e9e d'iguane","description":"Acheter du CBD en ligne au meilleur prix","publisher":{"@id":"https:\/\/iguanasmoke.com\/#organization"},"potentialAction":[{"@type":"SearchAction","target":{"@type":"EntryPoint","urlTemplate":"https:\/\/iguanasmoke.com\/?s={search_term_string}"},"query-input":{"@type":"PropertyValueSpecification","valueRequired":true,"valueName":"search_term_string"}}],"inLanguage":"fr-FR"},{"@type":"Organization","@id":"https:\/\/iguanasmoke.com\/#organization","name":"Fum\u00e9e d'iguane","url":"https:\/\/iguanasmoke.com\/","logo":{"@type":"ImageObject","inLanguage":"fr-FR","@id":"https:\/\/iguanasmoke.com\/#\/schema\/logo\/image\/","url":"https:\/\/iguanasmoke.com\/wp-content\/uploads\/2025\/01\/logoiguana-favi-1.png","contentUrl":"https:\/\/iguanasmoke.com\/wp-content\/uploads\/2025\/01\/logoiguana-favi-1.png","width":512,"height":512,"caption":"Iguana Smoke"},"image":{"@id":"https:\/\/iguanasmoke.com\/#\/schema\/logo\/image\/"},"sameAs":["https:\/\/www.facebook.com\/iguanasmoke","https:\/\/www.instagram.com\/iguanasmoke\/"]}]},"product_brand":"simple","product_price_amount":"64.90","product_price_currency":"EUR","og_availability":"instock","product_availability":"instock","product_retailer_item_id":"IS-OIL-FS-10-30","product_condition":"new"},"_links":{"self":[{"href":"https:\/\/iguanasmoke.com\/fr\/wp-json\/wp\/v2\/product\/17203","targetHints":{"allow":["GET"]}}],"collection":[{"href":"https:\/\/iguanasmoke.com\/fr\/wp-json\/wp\/v2\/product"}],"about":[{"href":"https:\/\/iguanasmoke.com\/fr\/wp-json\/wp\/v2\/types\/product"}],"replies":[{"embeddable":true,"href":"https:\/\/iguanasmoke.com\/fr\/wp-json\/wp\/v2\/comments?post=17203"}],"wp:featuredmedia":[{"embeddable":true,"href":"https:\/\/iguanasmoke.com\/fr\/wp-json\/wp\/v2\/media\/26240"}],"wp:attachment":[{"href":"https:\/\/iguanasmoke.com\/fr\/wp-json\/wp\/v2\/media?parent=17203"}],"wp:term":[{"taxonomy":"product_brand","embeddable":true,"href":"https:\/\/iguanasmoke.com\/fr\/wp-json\/wp\/v2\/product_brand?post=17203"},{"taxonomy":"product_cat","embeddable":true,"href":"https:\/\/iguanasmoke.com\/fr\/wp-json\/wp\/v2\/product_cat?post=17203"},{"taxonomy":"product_tag","embeddable":true,"href":"https:\/\/iguanasmoke.com\/fr\/wp-json\/wp\/v2\/product_tag?post=17203"}],"curies":[{"name":"wp","href":"https:\/\/api.w.org\/{rel}","templated":true}]}}