{"id":18682,"date":"2023-08-03T19:06:15","date_gmt":"2023-08-03T17:06:15","guid":{"rendered":"https:\/\/iguanasmoke.com\/?post_type=product&#038;p=18682"},"modified":"2026-04-15T10:39:26","modified_gmt":"2026-04-15T08:39:26","slug":"hash-cbd-caramel-50","status":"publish","type":"product","link":"https:\/\/iguanasmoke.com\/fr\/producto\/hash-cbd-caramel-50\/","title":{"rendered":"Hash CBD Caramel 50%"},"content":{"rendered":"<h1><span style=\"font-weight: 400\">Caramel Hash 50% CBD : un bon d\u00e9but\u00a0\u00a0<\/span><\/h1>\n<p><span style=\"font-weight: 400\">Si vous souhaitez vous plonger dans les merveilles du haschisch CBD, les<strong> Caramel Hash CBD 50%<\/strong> est un choix qui ne d\u00e9\u00e7oit pas. Ce produit allie une qualit\u00e9 exceptionnelle \u00e0 un ar\u00f4me subtil et attrayant, ce qui en fait une s\u00e9lection id\u00e9ale pour ceux qui souhaitent profiter de sa composition 50% CBD.<\/span><span style=\"font-size: 16px;font-weight: 400\">. <\/span><\/p>\n<p><span style=\"font-size: 16px;font-weight: 400\">Sa combinaison de puret\u00e9, de puissance et d'ar\u00f4me d\u00e9licieusement attrayant en fait le choix id\u00e9al pour ceux qui veulent<\/span><strong style=\"font-size: 16px\"> buy cheap hashish online<\/strong><span style=\"font-size: 16px;font-weight: 400\"> avec l'assurance d'obtenir le meilleur. N'h\u00e9sitez pas \u00e0 acheter Hash CBD Caramel 50%.<\/span><\/p>\n<p>&nbsp;<\/p>\n<h2>Caract\u00e9ristiques du Caramel Hash 50% CBD :<\/h2>\n<ul>\n<li><span style=\"font-size: 16px;font-weight: 400\"><strong>Aspect et texture :<\/strong> \u00c0 premi\u00e8re vue, le Caramel Hash CBD 50% nous impressionne par ses caract\u00e9ristiques. <strong>texture unique, ferme et r\u00e9sineuse<\/strong>, qui refl\u00e8te la qualit\u00e9 sup\u00e9rieure de notre hash et le processus d'\u00e9laboration minutieux. Sa couleur et sa consistance se distinguent sur le march\u00e9 des r\u00e9sines de CBD, ce qui en fait l'une des meilleures r\u00e9sines de CBD sur le march\u00e9. <strong>alternative de qualit\u00e9 sup\u00e9rieure<\/strong> par rapport \u00e0 d'autres options.\u00a0<\/span><\/li>\n<li><span style=\"font-size: 16px;font-weight: 400\"><strong>Ar\u00f4me et go\u00fbt :<\/strong> Contrairement \u00e0 d'autres produits de haschisch, le <strong>Caramel Hash CBD<\/strong> offre une<strong> profil olfactif subtil<\/strong> mais agr\u00e9able, ce qui en fait l'une de ses caract\u00e9ristiques les plus attrayantes, parfaite pour ceux qui recherchent des exp\u00e9riences sensorielles avec des <strong>des notes plus d\u00e9licates.<\/strong><\/span><\/li>\n<li><span style=\"font-size: 16px;font-weight: 400\"><strong>Origine et puret\u00e9 :<\/strong> Il est issu d'une s\u00e9lection minutieuse des meilleures mati\u00e8res premi\u00e8res, ce qui garantit sa puret\u00e9 et sa solidit\u00e9. Ce souci du d\u00e9tail permet d'obtenir un produit de haute qualit\u00e9, essentiel pour ceux qui recherchent <strong>CBD bon march\u00e9<\/strong> mais ne veulent pas compromettre la qualit\u00e9 de la <strong>Hash CBD Caramel 50%.<\/strong><\/span><\/li>\n<\/ul>\n<h3><\/h3>\n<p>&nbsp;<\/p>\n<h3><b>Pourquoi acheter du haschisch et de la r\u00e9sine de CBD chez Iguana Smoke ?<\/b><\/h3>\n<p><span style=\"font-weight: 400\">Chez Iguana Smoke, nous nous engageons sur la qualit\u00e9. Nos produits de CBD hash sont 100% naturels et organiques, sans produits chimiques ni pesticides. Cela signifie que lorsque vous achetez chez nous, vous choisissez du hash et de la r\u00e9sine de CBD purs et s\u00fbrs. Comme c'est le cas pour notre <strong>Hash CBD Caramel 50%<\/strong>.<\/span><\/p>\n<p><span style=\"font-weight: 400\">Soyez assur\u00e9s que tous nos <strong>R\u00e9sines de CBD<\/strong> sont fabriqu\u00e9s \u00e0 partir de mati\u00e8res premi\u00e8res de haute qualit\u00e9 qui sont soumises \u00e0 des contr\u00f4les en laboratoire, garantissant ainsi leur puret\u00e9 et leur s\u00e9curit\u00e9. Vous savez d\u00e9j\u00e0 qu'Iguana Smoke est votre lieu s\u00fbr. <strong>O\u00f9 acheter du CBD, du STV et du haschisch 10-OH en Espagne : <\/strong>Produits approuv\u00e9s par l'UE, avec moins de 0,3 % THC, pour une exp\u00e9rience authentique et l\u00e9gale. Vous pouvez v\u00e9rifier l'analyse de la qualit\u00e9 de ce hash <a href=\"https:\/\/iguanasmoke.com\/fr\/lanalyse\/\">ici<\/a>.\u00a0<\/span><\/p>\n<p><em><span style=\"font-weight: 400\">N'oubliez pas que son utilisation est destin\u00e9e \u00e0 la collecte ou \u00e0 l'aromath\u00e9rapie, conform\u00e9ment \u00e0 la l\u00e9gislation espagnole.\u00a0<\/span><\/em><\/p>\n<p><span style=\"font-weight: 400\">De plus, si vous aimez nos autres r\u00e9sines CBD, telles que le <a href=\"https:\/\/iguanasmoke.com\/fr\/produit\/golden-hash-cbd-20\/\" target=\"_blank\" rel=\"noopener\">Golden Hash CBD 20%<\/a>, nous vous assurons que la <strong>Caramel Hash CBD<\/strong> ne vous laissera pas insatisfait. N'oubliez pas non plus de d\u00e9couvrir nos produits les plus vendus, comme le <a href=\"https:\/\/iguanasmoke.com\/fr\/categorie\/spectre-complet\/\" target=\"_blank\" rel=\"noopener\">Vapes Full Spectrum CBD<\/a> ou le <a href=\"https:\/\/iguanasmoke.com\/fr\/categorie\/comprar-flor-cbd-cogollos-online\/\" target=\"_blank\" rel=\"noopener\">Fleurs de CBD.<\/a> <\/span><span style=\"font-weight: 400\">Explorez notre gamme d\u00e8s aujourd'hui et trouvez votre favori.\u00a0<\/span><\/p>\n<p>&nbsp;<\/p>\n<h3><b>Iguana Smoke est synonyme de qualit\u00e9 et de fiabilit\u00e9.<\/b><\/h3>\n<p><span style=\"font-weight: 400\">Chez Iguana Smoke, nous pensons que le CBD doit \u00eatre une exp\u00e9rience s\u00fbre, accessible et agr\u00e9able. C'est pourquoi nous proposons des produits de haute qualit\u00e9 qui s'adressent aux nouvelles g\u00e9n\u00e9rations : des personnes qui recherchent un bien-\u00eatre simple, avec des marques authentiques et fiables. Hash CBD Caramel en est un bon exemple.<\/span><\/p>\n<p>En d'autres termes, notre mission est claire : vous apporter le meilleur du CBD \u00e0 un prix \u00e9quitable, avec la tranquillit\u00e9 d'esprit de savoir que vous choisissez un produit certifi\u00e9, efficace et 100% l\u00e9gal. Nous sommes \u00e0 l'avant-garde des produits CBD.<\/p>\n<p>Vous avez des questions ? Ecrivez-nous et nous nous ferons un plaisir de vous aider \u00e0 trouver le produit qui vous convient.<\/p>","protected":false},"excerpt":{"rendered":"<p><span style=\"font-weight: 400\">Le Caramel Hash CBD 50% d'Iguana Smoke se distingue par son ar\u00f4me et sa texture fermes et r\u00e9sineux. C'est le choix id\u00e9al pour d\u00e9buter dans le monde du haschisch.<\/span><\/p>\n<ul>\n<li>CBD : 50% \/ THC : &lt;0,3%<\/li>\n<li>Ar\u00f4me fort avec des notes sucr\u00e9es<\/li>\n<li>100% l\u00e9gal en Europe<\/li>\n<\/ul>\n<p>Analyse de la qualit\u00e9 : cliquez\u00a0<a href=\"https:\/\/iguanasmoke.com\/fr\/lanalyse\/\" target=\"_blank\" rel=\"noopener\">ici<\/a><\/p>","protected":false},"featured_media":81886,"comment_status":"open","ping_status":"closed","template":"","meta":{"_acf_changed":false,"site-sidebar-layout":"default","site-content-layout":"default","ast-site-content-layout":"default","site-content-style":"default","site-sidebar-style":"default","ast-global-header-display":"","ast-banner-title-visibility":"","ast-main-header-display":"","ast-hfb-above-header-display":"","ast-hfb-below-header-display":"","ast-hfb-mobile-header-display":"","site-post-title":"","ast-breadcrumbs-content":"","ast-featured-img":"","footer-sml-layout":"","theme-transparent-header-meta":"default","adv-header-id-meta":"","stick-header-meta":"","header-above-stick-meta":"","header-main-stick-meta":"","header-below-stick-meta":"","astra-migrate-meta-layouts":"set","ast-page-background-enabled":"default","ast-page-background-meta":{"desktop":{"background-color":"var(--ast-global-color-4)","background-image":"","background-repeat":"repeat","background-position":"center center","background-size":"auto","background-attachment":"scroll","background-type":"","background-media":"","overlay-type":"","overlay-color":"","overlay-opacity":"","overlay-gradient":""},"tablet":{"background-color":"","background-image":"","background-repeat":"repeat","background-position":"center center","background-size":"auto","background-attachment":"scroll","background-type":"","background-media":"","overlay-type":"","overlay-color":"","overlay-opacity":"","overlay-gradient":""},"mobile":{"background-color":"","background-image":"","background-repeat":"repeat","background-position":"center center","background-size":"auto","background-attachment":"scroll","background-type":"","background-media":"","overlay-type":"","overlay-color":"","overlay-opacity":"","overlay-gradient":""}},"ast-content-background-meta":{"desktop":{"background-color":"var(--ast-global-color-5)","background-image":"","background-repeat":"repeat","background-position":"center center","background-size":"auto","background-attachment":"scroll","background-type":"","background-media":"","overlay-type":"","overlay-color":"","overlay-opacity":"","overlay-gradient":""},"tablet":{"background-color":"var(--ast-global-color-5)","background-image":"","background-repeat":"repeat","background-position":"center center","background-size":"auto","background-attachment":"scroll","background-type":"","background-media":"","overlay-type":"","overlay-color":"","overlay-opacity":"","overlay-gradient":""},"mobile":{"background-color":"var(--ast-global-color-5)","background-image":"","background-repeat":"repeat","background-position":"center center","background-size":"auto","background-attachment":"scroll","background-type":"","background-media":"","overlay-type":"","overlay-color":"","overlay-opacity":"","overlay-gradient":""}}},"product_brand":[],"product_cat":[397],"product_tag":[],"class_list":{"0":"post-18682","1":"product","2":"type-product","3":"status-publish","4":"has-post-thumbnail","6":"product_cat-hash-cbd","7":"desktop-align-center","8":"tablet-align-center","9":"mobile-align-center","11":"first","12":"outofstock","13":"taxable","14":"shipping-taxable","15":"purchasable","16":"product-type-variable"},"acf":[],"yoast_head":"<!-- This site is optimized with the Yoast SEO Premium plugin v27.3 (Yoast SEO v27.3) - https:\/\/yoast.com\/product\/yoast-seo-premium-wordpress\/ -->\n<title>Hash CBD Caramel 50%: Hach\u00eds Atractivo y barato| Iguana Smoke<\/title>\n<meta name=\"description\" content=\"Compra Caramel Hash CBD 50% al mejor precio en Iguana Smoke. Compra hach\u00eds legal. Env\u00edo gratuito en Espa\u00f1a y Portugal a partir de 40\u20ac.\" \/>\n<meta name=\"robots\" content=\"index, follow, max-snippet:-1, max-image-preview:large, max-video-preview:-1\" \/>\n<link rel=\"canonical\" href=\"https:\/\/iguanasmoke.com\/fr\/produit\/hash-cbd-caramel-50\/\" \/>\n<meta property=\"og:locale\" content=\"fr_FR\" \/>\n<meta property=\"og:type\" content=\"article\" \/>\n<meta property=\"og:title\" content=\"Hash CBD Caramel 50%\" \/>\n<meta property=\"og:description\" content=\"El Caramel Hash CBD 50% de Iguana Smoke destaca por su aroma y textura firme y resinosa. Lo convierte en la elecci\u00f3n perfecta para comenzar en el mundo del hash.   CBD: 50% \/ THC: &lt;0,3%  Aroma fuerte con tonos dulces  100% legal en Europa  An\u00e1lisis de calidad: pincha\u00a0aqu\u00ed\" \/>\n<meta property=\"og:url\" content=\"https:\/\/iguanasmoke.com\/fr\/produit\/hash-cbd-caramel-50\/\" \/>\n<meta property=\"og:site_name\" content=\"Iguana Smoke\" \/>\n<meta property=\"article:publisher\" content=\"https:\/\/www.facebook.com\/iguanasmoke\" \/>\n<meta property=\"article:modified_time\" content=\"2026-04-15T08:39:26+00:00\" \/>\n<meta property=\"og:image\" content=\"https:\/\/iguanasmoke.com\/wp-content\/uploads\/2023\/08\/Caramel-2-con-hash.webp\" \/>\n\t<meta property=\"og:image:width\" content=\"1000\" \/>\n\t<meta property=\"og:image:height\" content=\"1000\" \/>\n\t<meta property=\"og:image:type\" content=\"image\/webp\" \/>\n<meta name=\"twitter:card\" content=\"summary_large_image\" \/>\n<meta name=\"twitter:label1\" content=\"Disponibilit\u00e9\" \/>\n\t<meta name=\"twitter:data1\" content=\"Rupture de stock\" \/>\n<meta property=\"product:brand\" content=\"variable\" \/>\n<meta property=\"og:availability\" content=\"out of stock\" \/>\n<meta property=\"product:availability\" content=\"out of stock\" \/>\n<meta property=\"product:condition\" content=\"new\" \/>\n<!-- \/ Yoast SEO Premium plugin. -->","yoast_head_json":{"title":"Hash CBD Caramel 50% : Haschisch attrayant et bon march\u00e9 Iguana Smoke","description":"Acheter Caramel Hash CBD 50% au meilleur prix en Iguana Smoke. Acheter haschisch l\u00e9gal. Livraison gratuite en Espagne et Portugal \u00e0 partir de 40\u20ac.","robots":{"index":"index","follow":"follow","max-snippet":"max-snippet:-1","max-image-preview":"max-image-preview:large","max-video-preview":"max-video-preview:-1"},"canonical":"https:\/\/iguanasmoke.com\/fr\/produit\/hash-cbd-caramel-50\/","og_locale":"fr_FR","og_type":"article","og_title":"Hash CBD Caramel 50%","og_description":"El Caramel Hash CBD 50% de Iguana Smoke destaca por su aroma y textura firme y resinosa. Lo convierte en la elecci\u00f3n perfecta para comenzar en el mundo del hash.   CBD: 50% \/ THC: &lt;0,3%  Aroma fuerte con tonos dulces  100% legal en Europa  An\u00e1lisis de calidad: pincha\u00a0aqu\u00ed","og_url":"https:\/\/iguanasmoke.com\/fr\/produit\/hash-cbd-caramel-50\/","og_site_name":"Iguana Smoke","article_publisher":"https:\/\/www.facebook.com\/iguanasmoke","article_modified_time":"2026-04-15T08:39:26+00:00","og_image":[{"width":1000,"height":1000,"url":"https:\/\/iguanasmoke.com\/wp-content\/uploads\/2023\/08\/Caramel-2-con-hash.webp","type":"image\/webp"}],"twitter_card":"summary_large_image","twitter_misc":{"Disponibilit\u00e9":"Rupture de stock"},"schema":{"@context":"https:\/\/schema.org","@graph":[{"@type":"WebPage","@id":"https:\/\/iguanasmoke.com\/producto\/hash-cbd-caramel-50\/","url":"https:\/\/iguanasmoke.com\/producto\/hash-cbd-caramel-50\/","name":"Hash CBD Caramel 50% : Haschisch attrayant et bon march\u00e9 Iguana Smoke","isPartOf":{"@id":"https:\/\/iguanasmoke.com\/#website"},"primaryImageOfPage":{"@id":"https:\/\/iguanasmoke.com\/producto\/hash-cbd-caramel-50\/#primaryimage"},"image":{"@id":"https:\/\/iguanasmoke.com\/producto\/hash-cbd-caramel-50\/#primaryimage"},"thumbnailUrl":"https:\/\/iguanasmoke.com\/wp-content\/uploads\/2023\/08\/Caramel-2-con-hash.webp","datePublished":"2023-08-03T17:06:15+00:00","dateModified":"2026-04-15T08:39:26+00:00","description":"Acheter Caramel Hash CBD 50% au meilleur prix en Iguana Smoke. Acheter haschisch l\u00e9gal. Livraison gratuite en Espagne et Portugal \u00e0 partir de 40\u20ac.","breadcrumb":{"@id":"https:\/\/iguanasmoke.com\/producto\/hash-cbd-caramel-50\/#breadcrumb"},"inLanguage":"fr-FR","potentialAction":[{"@type":"ReadAction","target":["https:\/\/iguanasmoke.com\/producto\/hash-cbd-caramel-50\/"]}]},{"@type":"ImageObject","inLanguage":"fr-FR","@id":"https:\/\/iguanasmoke.com\/producto\/hash-cbd-caramel-50\/#primaryimage","url":"https:\/\/iguanasmoke.com\/wp-content\/uploads\/2023\/08\/Caramel-2-con-hash.webp","contentUrl":"https:\/\/iguanasmoke.com\/wp-content\/uploads\/2023\/08\/Caramel-2-con-hash.webp","width":1000,"height":1000,"caption":"Hash CBD Caramel 2g"},{"@type":"BreadcrumbList","@id":"https:\/\/iguanasmoke.com\/producto\/hash-cbd-caramel-50\/#breadcrumb","itemListElement":[{"@type":"ListItem","position":1,"name":"home","item":"https:\/\/iguanasmoke.com\/"},{"@type":"ListItem","position":2,"name":"Tienda","item":"https:\/\/iguanasmoke.com\/tienda\/"},{"@type":"ListItem","position":3,"name":"Hash CBD","item":"https:\/\/iguanasmoke.com\/categoria\/hash-cbd\/"},{"@type":"ListItem","position":4,"name":"Hash CBD Caramel 50%"}]},{"@type":"WebSite","@id":"https:\/\/iguanasmoke.com\/#website","url":"https:\/\/iguanasmoke.com\/","name":"Fum\u00e9e d'iguane","description":"Acheter du CBD en ligne au meilleur prix","publisher":{"@id":"https:\/\/iguanasmoke.com\/#organization"},"potentialAction":[{"@type":"SearchAction","target":{"@type":"EntryPoint","urlTemplate":"https:\/\/iguanasmoke.com\/?s={search_term_string}"},"query-input":{"@type":"PropertyValueSpecification","valueRequired":true,"valueName":"search_term_string"}}],"inLanguage":"fr-FR"},{"@type":"Organization","@id":"https:\/\/iguanasmoke.com\/#organization","name":"Fum\u00e9e d'iguane","url":"https:\/\/iguanasmoke.com\/","logo":{"@type":"ImageObject","inLanguage":"fr-FR","@id":"https:\/\/iguanasmoke.com\/#\/schema\/logo\/image\/","url":"https:\/\/iguanasmoke.com\/wp-content\/uploads\/2025\/01\/logoiguana-favi-1.png","contentUrl":"https:\/\/iguanasmoke.com\/wp-content\/uploads\/2025\/01\/logoiguana-favi-1.png","width":512,"height":512,"caption":"Iguana Smoke"},"image":{"@id":"https:\/\/iguanasmoke.com\/#\/schema\/logo\/image\/"},"sameAs":["https:\/\/www.facebook.com\/iguanasmoke","https:\/\/www.instagram.com\/iguanasmoke\/"]}]},"product_brand":"variable","og_availability":"out of stock","product_availability":"out of stock","product_condition":"new"},"_links":{"self":[{"href":"https:\/\/iguanasmoke.com\/fr\/wp-json\/wp\/v2\/product\/18682","targetHints":{"allow":["GET"]}}],"collection":[{"href":"https:\/\/iguanasmoke.com\/fr\/wp-json\/wp\/v2\/product"}],"about":[{"href":"https:\/\/iguanasmoke.com\/fr\/wp-json\/wp\/v2\/types\/product"}],"replies":[{"embeddable":true,"href":"https:\/\/iguanasmoke.com\/fr\/wp-json\/wp\/v2\/comments?post=18682"}],"wp:featuredmedia":[{"embeddable":true,"href":"https:\/\/iguanasmoke.com\/fr\/wp-json\/wp\/v2\/media\/81886"}],"wp:attachment":[{"href":"https:\/\/iguanasmoke.com\/fr\/wp-json\/wp\/v2\/media?parent=18682"}],"wp:term":[{"taxonomy":"product_brand","embeddable":true,"href":"https:\/\/iguanasmoke.com\/fr\/wp-json\/wp\/v2\/product_brand?post=18682"},{"taxonomy":"product_cat","embeddable":true,"href":"https:\/\/iguanasmoke.com\/fr\/wp-json\/wp\/v2\/product_cat?post=18682"},{"taxonomy":"product_tag","embeddable":true,"href":"https:\/\/iguanasmoke.com\/fr\/wp-json\/wp\/v2\/product_tag?post=18682"}],"curies":[{"name":"wp","href":"https:\/\/api.w.org\/{rel}","templated":true}]}}