{"id":18729,"date":"2023-08-04T14:38:54","date_gmt":"2023-08-04T12:38:54","guid":{"rendered":"https:\/\/iguanasmoke.com\/?post_type=product&#038;p=18729"},"modified":"2026-03-24T12:58:53","modified_gmt":"2026-03-24T11:58:53","slug":"acheter-cbd-pop-corn-sour-tsunami-flower-10gr-cbd-petits-bourgeons","status":"publish","type":"product","link":"https:\/\/iguanasmoke.com\/fr\/producto\/comprar-flor-cbd-pop-corn-sour-tsunami-10gr-cogollos-pequenos-cbd\/","title":{"rendered":"Pop Corn - Petits bourgeons CBD 10g"},"content":{"rendered":"<h1><b>Pop Corn CBD - Petits bourgeons CBD 10g (Mini bourgeons CBD)<\/b><\/h1>\n<p><span style=\"font-weight: 400\">Notre version mini est arriv\u00e9e pour ceux qui souhaitent acheter des fleurs de CBD dans un format \u00e9conomique et en grande quantit\u00e9.<strong> petits bourgeons CBD 10g<\/strong> contiennent 15% de CBD et constituent l'une des meilleures options sur le march\u00e9. Ce format <strong>Pop Corn CBD<\/strong>, \u00e9galement connu sous le nom de <strong>Mini bourgeons CBD<\/strong>, offre un \u00e9quilibre parfait entre le prix, la qualit\u00e9 et la commodit\u00e9 pour les utilisateurs fr\u00e9quents de CBD.<\/span><\/p>\n<p>&nbsp;<\/p>\n<h2>Que sont les petits bourgeons CBD 10g ?<\/h2>\n<p><span style=\"font-weight: 400\">Le<strong> les petits CBD 10g buds sont des fleurs de petite taille<\/strong>, en <strong>Fum\u00e9e d'iguane<\/strong> nous les appelons <strong>Pop Corn CBD ou Mini Buds CBD<\/strong>. Ils ont la m\u00eame puissance aromatique et la m\u00eame qualit\u00e9 que les bourgeons de qualit\u00e9 sup\u00e9rieure, mais avec un go\u00fbt plus prononc\u00e9. <strong>taille compacte<\/strong> ce qui permet d'offrir <strong>plus de quantit\u00e9 \u00e0 un meilleur prix<\/strong>, sans sacrifier la saveur ou le profil des cannabino\u00efdes.<\/span><\/p>\n<p>&nbsp;<\/p>\n<h2><b>Caract\u00e9ristiques des petits CBD 10g buds :\u00a0<\/b><\/h2>\n<p><span style=\"font-weight: 400\">Notre<strong> Ma\u00efs souffl\u00e9<\/strong> <strong>CBD<\/strong> se caract\u00e9risent par leur structure dense et bien compacte, ils sont <strong>bourgeons denses et compacts<\/strong>, avec des nuances allant du vert profond au violet subtil. Dans chaque sac, vous trouverez <strong>petits bourgeons CBD 10g<\/strong>\u00a0issus d'une s\u00e9lection homog\u00e8ne de petites fleurs soigneusement s\u00e9ch\u00e9es afin de garantir un ar\u00f4me intense et un go\u00fbt de fruits et l\u00e9gumes de qualit\u00e9. <strong>une exp\u00e9rience incroyable<\/strong>.<\/span><\/p>\n<p>&nbsp;<\/p>\n<h2><b>Ar\u00f4me et profil terp\u00e9nique<\/b><\/h2>\n<p><span style=\"font-weight: 400\">Le <strong>Mini buds CBD d'Iguana Smoke<\/strong> offrent un profil olfactif complexe et profond\u00e9ment attrayant. Vous y trouverez un m\u00e9lange \u00e9quilibr\u00e9 de :<\/span><\/p>\n<ul>\n<li><em><span style=\"font-weight: 400\">notes sucr\u00e9es\u00a0<\/span><\/em><\/li>\n<li><em><span style=\"font-weight: 400\">une touche distinctive de gazole<\/span><\/em><\/li>\n<li><em><span style=\"font-weight: 400\">nuances d'agrumes<\/span><\/em><\/li>\n<li><em><span style=\"font-weight: 400\">un fond doux et terreux<\/span><\/em><\/li>\n<\/ul>\n<p>Un ar\u00f4me profond et enveloppant, id\u00e9al pour ceux qui recherchent des fleurs avec de la personnalit\u00e9.<\/p>\n<p>&nbsp;<\/p>\n<h2><b>Appr\u00e9ciation globale de Pop Corn CBD<\/b><\/h2>\n<p><span style=\"font-weight: 400\">Le<strong> petits bourgeons CBD 10g <\/strong>de <strong>Fum\u00e9e d'iguane<\/strong>, Ils repr\u00e9sentent ce qu'il y a de mieux dans le monde du CBD. Ils constituent une alternative parfaite pour ceux qui veulent <strong>acheter des fleurs CBD en ligne<\/strong> avec un excellent rapport qualit\u00e9-prix. Ce sont des fleurs<strong> l\u00e9gal, s\u00fbr et charg\u00e9 de terp\u00e8nes<\/strong>, Les nouveaux produits conviennent aussi bien \u00e0 un usage occasionnel qu'\u00e0 des consommateurs r\u00e9guliers.\u00a0<\/span><\/p>\n<p>&nbsp;<\/p>\n<h2><b>Acheter des fleurs CBD et des petits CBD buds 10g chez Iguana Smoke<\/b><\/h2>\n<p><span style=\"font-weight: 400\">Nous travaillons avec des agriculteurs qui cultivent le cannabis industriel de mani\u00e8re biologique, <strong>sans pesticides ni produits chimiques \u00e0 base d'OGM<\/strong>. Toutes nos fleurs proviennent de vari\u00e9t\u00e9s de <strong><em>Cannabis Sativa<\/em><\/strong> approuv\u00e9e par l'UE et contenant <strong>moins de 0,3% de THC<\/strong>, et ils sont donc totalement <strong>juridique<\/strong> et ne produisent pas d'effets psychoactifs. <\/span><\/p>\n<p><span style=\"font-weight: 400\"> L'utilisation de <strong>les m\u00e9thodes d'agriculture biologique<\/strong> favorise la durabilit\u00e9 et la responsabilit\u00e9 environnementale, ce qui rend le produit attrayant pour les consommateurs soucieux de l'environnement. En outre, si vous le souhaitez, vous pouvez consulter<strong> <a href=\"https:\/\/iguanasmoke.com\/fr\/lanalyse\/\">analyse en laboratoire.<\/a>\u00a0<\/strong><\/span><\/p>\n<p><span style=\"font-weight: 400\">Si vous aimez cette fleur, nous vous encourageons \u00e0 d\u00e9couvrir d'autres fleurs CBD, telles que la <span style=\"text-decoration: underline\"><strong><a href=\"https:\/\/iguanasmoke.com\/fr\/produit\/buy-flower-cherry-haze-cbd-buds-online\/\">Cherry Haze CBD flower<\/a><\/strong>,<\/span> les<span style=\"text-decoration: underline\"> <a href=\"https:\/\/iguanasmoke.com\/fr\/produit\/acheter-iguana-kush-cbd-flower\/\"><strong>Iguana Kush Flower CBD<\/strong><\/a><\/span> ou le <a href=\"https:\/\/iguanasmoke.com\/fr\/produit\/buy-flower-sour-diesel-cbd-flower-online-legal-marijuana\/\"><strong><span style=\"text-decoration: underline\">Flower Sour Diesel CBD<\/span><\/strong><\/a>. Et s<\/span><span style=\"font-weight: 400\">i vous souhaitez d\u00e9couvrir d'autres produits, jetez un coup d'\u0153il \u00e0 notre site web. <a href=\"https:\/\/iguanasmoke.com\/fr\/categorie\/hash-cbd\/\"><span style=\"text-decoration: underline\"><strong>R\u00e9sines de CBD<\/strong><\/span><\/a> o<a href=\"https:\/\/iguanasmoke.com\/fr\/categorie\/cbd\/spectre-complet\/\"><span style=\"text-decoration: underline\"> <strong>vapers Full Spectrum CBD<\/strong>.<\/span><\/a> <\/span><span style=\"font-weight: 400\">Explorez notre gamme et trouvez vos favoris d\u00e8s maintenant.<\/span><span style=\"font-weight: 400\">\u00a0<\/span><\/p>\n<p>Une livraison rapide, une attention particuli\u00e8re et un magasin avec un emballage discret et s\u00fbr qui va de l'avant, juste pour que vous puissiez en profiter !<\/p>\n<h2><span style=\"color: #ffffff\">acheter flore<\/span><\/h2>\n<h3><b>Iguana Smoke est votre boutique en ligne de CBD de confiance<\/b><\/h3>\n<p><span style=\"font-weight: 400\">Au<strong> Fum\u00e9e d'iguane<\/strong>, Nous pensons que la consommation de CBD doit \u00eatre une exp\u00e9rience s\u00fbre et agr\u00e9able. C'est pourquoi nous proposons des produits tels que nos petits bourgeons de CBD 10g de haute qualit\u00e9 qui s'adressent \u00e0 la nouvelle g\u00e9n\u00e9ration : les personnes qui recherchent un bien-\u00eatre simple avec des marques authentiques et fiables.\u00a0<\/span><\/p>\n<p>Vous savez, notre mission est claire : vous apporter le meilleur du monde des cannabino\u00efdes \u00e0 un prix \u00e9quitable. De plus, nous vous offrons la tranquillit\u00e9 d'esprit de savoir que vous choisissez un produit certifi\u00e9, efficace et 100% l\u00e9gal. Votre temps de d\u00e9tente commence ici avec nous.<\/p>\n<p>Vous avez encore des doutes ? Ecrivez-nous et nous nous ferons un plaisir de vous aider \u00e0 trouver le produit qui vous convient.<\/p>\n<p>&nbsp;<\/p>\n<p><em><span style=\"font-weight: 400\">*Veuillez noter que son utilisation est destin\u00e9e \u00e0 la collection ou \u00e0 l'aromath\u00e9rapie, conform\u00e9ment \u00e0 la loi espagnole. <\/span><\/em><\/p>\n<p><em><span style=\"font-weight: 400\">**Tous nos produits sont d\u00e9riv\u00e9s de chanvre industriel certifi\u00e9. Ils contiennent moins de 0,3 THC et ne contiennent pas de cannabino\u00efdes ill\u00e9gaux tels que HHC, HHC-P, THCP, THCP-O, H4CBD et ceux inclus dans l'annexe I du d\u00e9cret royal 2829\/1977, ni de substances contr\u00f4l\u00e9es par les conventions internationales.\u00a0\u00a0<\/span><\/em><\/p>","protected":false},"excerpt":{"rendered":"<p><span style=\"font-weight: 400\">S\u00e9lectionn\u00e9s avec soin pour r\u00e9pondre aux besoins aromatiques des consommateurs de Flores CBD.<\/span><\/p>\n<ul>\n<li>CBD : 15% \/ THC : &lt; 0.3%<\/li>\n<li>Petits bourgeons (Mini Buds)<\/li>\n<li>Dominante sativa<\/li>\n<li>10g<\/li>\n<li>Ar\u00f4me puissant de carburant diesel, avec des nuances sucr\u00e9es<\/li>\n<li>100% l\u00e9gal en Europe<\/li>\n<li>Analyse de la qualit\u00e9 <a style=\"font-size: 16px;background-color: #ffffff\" href=\"https:\/\/iguanasmoke.com\/wp-content\/uploads\/2018\/02\/Flor-Sour-Tsunami.pdf\" target=\"_blank\" rel=\"noopener\">ici<\/a><\/li>\n<\/ul>","protected":false},"featured_media":36654,"comment_status":"open","ping_status":"closed","template":"","meta":{"_acf_changed":false,"site-sidebar-layout":"default","site-content-layout":"default","ast-site-content-layout":"default","site-content-style":"default","site-sidebar-style":"default","ast-global-header-display":"","ast-banner-title-visibility":"","ast-main-header-display":"","ast-hfb-above-header-display":"","ast-hfb-below-header-display":"","ast-hfb-mobile-header-display":"","site-post-title":"","ast-breadcrumbs-content":"","ast-featured-img":"","footer-sml-layout":"","theme-transparent-header-meta":"default","adv-header-id-meta":"","stick-header-meta":"","header-above-stick-meta":"","header-main-stick-meta":"","header-below-stick-meta":"","astra-migrate-meta-layouts":"set","ast-page-background-enabled":"default","ast-page-background-meta":{"desktop":{"background-color":"var(--ast-global-color-4)","background-image":"","background-repeat":"repeat","background-position":"center center","background-size":"auto","background-attachment":"scroll","background-type":"","background-media":"","overlay-type":"","overlay-color":"","overlay-opacity":"","overlay-gradient":""},"tablet":{"background-color":"","background-image":"","background-repeat":"repeat","background-position":"center center","background-size":"auto","background-attachment":"scroll","background-type":"","background-media":"","overlay-type":"","overlay-color":"","overlay-opacity":"","overlay-gradient":""},"mobile":{"background-color":"","background-image":"","background-repeat":"repeat","background-position":"center center","background-size":"auto","background-attachment":"scroll","background-type":"","background-media":"","overlay-type":"","overlay-color":"","overlay-opacity":"","overlay-gradient":""}},"ast-content-background-meta":{"desktop":{"background-color":"var(--ast-global-color-5)","background-image":"","background-repeat":"repeat","background-position":"center center","background-size":"auto","background-attachment":"scroll","background-type":"","background-media":"","overlay-type":"","overlay-color":"","overlay-opacity":"","overlay-gradient":""},"tablet":{"background-color":"var(--ast-global-color-5)","background-image":"","background-repeat":"repeat","background-position":"center center","background-size":"auto","background-attachment":"scroll","background-type":"","background-media":"","overlay-type":"","overlay-color":"","overlay-opacity":"","overlay-gradient":""},"mobile":{"background-color":"var(--ast-global-color-5)","background-image":"","background-repeat":"repeat","background-position":"center center","background-size":"auto","background-attachment":"scroll","background-type":"","background-media":"","overlay-type":"","overlay-color":"","overlay-opacity":"","overlay-gradient":""}}},"product_brand":[],"product_cat":[328,447],"product_tag":[],"class_list":{"0":"post-18729","1":"product","2":"type-product","3":"status-publish","4":"has-post-thumbnail","6":"product_cat-comprar-flores-de-cbd-y-cogollos-de-cbd","7":"product_cat-pop-corn-cbd-cogollos-pequenos-cbd-mini-buds-cbd","8":"desktop-align-center","9":"tablet-align-center","10":"mobile-align-center","12":"first","13":"instock","14":"taxable","15":"shipping-taxable","16":"purchasable","17":"product-type-simple"},"acf":[],"yoast_head":"<!-- This site is optimized with the Yoast SEO Premium plugin v27.3 (Yoast SEO v27.3) - https:\/\/yoast.com\/product\/yoast-seo-premium-wordpress\/ -->\n<title>Cogollos peque\u00f1os CBD 10g - Pop Corn CBD (Mini buds CBD) | Iguana Smoke<\/title>\n<meta name=\"description\" content=\"Experimenta la comodidad de nuestros cogollos peque\u00f1os CBD 10g, ideales para el consumidor frecuente. Obt\u00e9n el mejor precio-calidad con este Pop Corn CBD.\" \/>\n<meta name=\"robots\" content=\"index, follow, max-snippet:-1, max-image-preview:large, max-video-preview:-1\" \/>\n<link rel=\"canonical\" href=\"https:\/\/iguanasmoke.com\/fr\/produit\/acheter-cbd-pop-corn-sour-tsunami-flower-10gr-cbd-petits-bourgeons\/\" \/>\n<meta property=\"og:locale\" content=\"fr_FR\" \/>\n<meta property=\"og:type\" content=\"article\" \/>\n<meta property=\"og:title\" content=\"Pop Corn - Cogollos peque\u00f1os CBD 10g\" \/>\n<meta property=\"og:description\" content=\"Seleccionados cuidadosamente para satisfacer las necesidades arom\u00e1ticas de los consumidores de Flores CBD.   CBD: 15% \/ THC: &lt; 0,3%  Cogollos peque\u00f1os (Mini Buds)  Dominante Sativa  10g  Aroma fuerte a combustible diesel, con tonos dulces  100% legal en Europa  An\u00e1lisis de calidad aqu\u00ed\" \/>\n<meta property=\"og:url\" content=\"https:\/\/iguanasmoke.com\/fr\/produit\/acheter-cbd-pop-corn-sour-tsunami-flower-10gr-cbd-petits-bourgeons\/\" \/>\n<meta property=\"og:site_name\" content=\"Iguana Smoke\" \/>\n<meta property=\"article:publisher\" content=\"https:\/\/www.facebook.com\/iguanasmoke\" \/>\n<meta property=\"article:modified_time\" content=\"2026-03-24T11:58:53+00:00\" \/>\n<meta property=\"og:image\" content=\"https:\/\/iguanasmoke.com\/wp-content\/uploads\/2023\/08\/Pop-Corn-10g-10x15-1.webp\" \/>\n\t<meta property=\"og:image:width\" content=\"1000\" \/>\n\t<meta property=\"og:image:height\" content=\"1000\" \/>\n\t<meta property=\"og:image:type\" content=\"image\/webp\" \/>\n<meta name=\"twitter:card\" content=\"summary_large_image\" \/>\n<meta name=\"twitter:label1\" content=\"Prix\" \/>\n\t<meta name=\"twitter:data1\" content=\"13,00&nbsp;&euro;\" \/>\n\t<meta name=\"twitter:label2\" content=\"Disponibilit\u00e9\" \/>\n\t<meta name=\"twitter:data2\" content=\"En stock\" \/>\n<meta property=\"product:brand\" content=\"simple\" \/>\n<meta property=\"product:price:amount\" content=\"13.00\" \/>\n<meta property=\"product:price:currency\" content=\"EUR\" \/>\n<meta property=\"og:availability\" content=\"instock\" \/>\n<meta property=\"product:availability\" content=\"instock\" \/>\n<meta property=\"product:retailer_item_id\" content=\"IS-POP-SOURT-10G\" \/>\n<meta property=\"product:condition\" content=\"new\" \/>\n<!-- \/ Yoast SEO Premium plugin. -->","yoast_head_json":{"title":"Petits bourgeons CBD 10g - Pop Corn CBD (Mini buds CBD) | Iguana Smoke","description":"D\u00e9couvrez la commodit\u00e9 de nos petits CBD buds de 10g, id\u00e9aux pour les utilisateurs fr\u00e9quents. Obtenez le meilleur rapport qualit\u00e9-prix avec ce CBD Pop Corn.","robots":{"index":"index","follow":"follow","max-snippet":"max-snippet:-1","max-image-preview":"max-image-preview:large","max-video-preview":"max-video-preview:-1"},"canonical":"https:\/\/iguanasmoke.com\/fr\/produit\/acheter-cbd-pop-corn-sour-tsunami-flower-10gr-cbd-petits-bourgeons\/","og_locale":"fr_FR","og_type":"article","og_title":"Pop Corn - Cogollos peque\u00f1os CBD 10g","og_description":"Seleccionados cuidadosamente para satisfacer las necesidades arom\u00e1ticas de los consumidores de Flores CBD.   CBD: 15% \/ THC: &lt; 0,3%  Cogollos peque\u00f1os (Mini Buds)  Dominante Sativa  10g  Aroma fuerte a combustible diesel, con tonos dulces  100% legal en Europa  An\u00e1lisis de calidad aqu\u00ed","og_url":"https:\/\/iguanasmoke.com\/fr\/produit\/acheter-cbd-pop-corn-sour-tsunami-flower-10gr-cbd-petits-bourgeons\/","og_site_name":"Iguana Smoke","article_publisher":"https:\/\/www.facebook.com\/iguanasmoke","article_modified_time":"2026-03-24T11:58:53+00:00","og_image":[{"width":1000,"height":1000,"url":"https:\/\/iguanasmoke.com\/wp-content\/uploads\/2023\/08\/Pop-Corn-10g-10x15-1.webp","type":"image\/webp"}],"twitter_card":"summary_large_image","twitter_misc":{"Prix":"13,00&nbsp;&euro;","Disponibilit\u00e9":"En stock"},"schema":{"@context":"https:\/\/schema.org","@graph":[{"@type":"WebPage","@id":"https:\/\/iguanasmoke.com\/producto\/comprar-flor-cbd-pop-corn-sour-tsunami-10gr-cogollos-pequenos-cbd\/","url":"https:\/\/iguanasmoke.com\/producto\/comprar-flor-cbd-pop-corn-sour-tsunami-10gr-cogollos-pequenos-cbd\/","name":"Petits bourgeons CBD 10g - Pop Corn CBD (Mini buds CBD) | Iguana Smoke","isPartOf":{"@id":"https:\/\/iguanasmoke.com\/#website"},"primaryImageOfPage":{"@id":"https:\/\/iguanasmoke.com\/producto\/comprar-flor-cbd-pop-corn-sour-tsunami-10gr-cogollos-pequenos-cbd\/#primaryimage"},"image":{"@id":"https:\/\/iguanasmoke.com\/producto\/comprar-flor-cbd-pop-corn-sour-tsunami-10gr-cogollos-pequenos-cbd\/#primaryimage"},"thumbnailUrl":"https:\/\/iguanasmoke.com\/wp-content\/uploads\/2023\/08\/Pop-Corn-10g-10x15-1.webp","datePublished":"2023-08-04T12:38:54+00:00","dateModified":"2026-03-24T11:58:53+00:00","description":"D\u00e9couvrez la commodit\u00e9 de nos petits CBD buds de 10g, id\u00e9aux pour les utilisateurs fr\u00e9quents. Obtenez le meilleur rapport qualit\u00e9-prix avec ce CBD Pop Corn.","breadcrumb":{"@id":"https:\/\/iguanasmoke.com\/producto\/comprar-flor-cbd-pop-corn-sour-tsunami-10gr-cogollos-pequenos-cbd\/#breadcrumb"},"inLanguage":"fr-FR","potentialAction":[{"@type":"ReadAction","target":["https:\/\/iguanasmoke.com\/producto\/comprar-flor-cbd-pop-corn-sour-tsunami-10gr-cogollos-pequenos-cbd\/"]}]},{"@type":"ImageObject","inLanguage":"fr-FR","@id":"https:\/\/iguanasmoke.com\/producto\/comprar-flor-cbd-pop-corn-sour-tsunami-10gr-cogollos-pequenos-cbd\/#primaryimage","url":"https:\/\/iguanasmoke.com\/wp-content\/uploads\/2023\/08\/Pop-Corn-10g-10x15-1.webp","contentUrl":"https:\/\/iguanasmoke.com\/wp-content\/uploads\/2023\/08\/Pop-Corn-10g-10x15-1.webp","width":1000,"height":1000,"caption":"Pop Corn Sour Tsunami CBD comprar floes cogollos maria legal online barato"},{"@type":"BreadcrumbList","@id":"https:\/\/iguanasmoke.com\/producto\/comprar-flor-cbd-pop-corn-sour-tsunami-10gr-cogollos-pequenos-cbd\/#breadcrumb","itemListElement":[{"@type":"ListItem","position":1,"name":"home","item":"https:\/\/iguanasmoke.com\/"},{"@type":"ListItem","position":2,"name":"Tienda","item":"https:\/\/iguanasmoke.com\/tienda\/"},{"@type":"ListItem","position":3,"name":"Flores de CBD","item":"https:\/\/iguanasmoke.com\/categoria\/comprar-flores-de-cbd-y-cogollos-de-cbd\/"},{"@type":"ListItem","position":4,"name":"Pop Corn &#8211; Cogollos peque\u00f1os CBD 10g"}]},{"@type":"WebSite","@id":"https:\/\/iguanasmoke.com\/#website","url":"https:\/\/iguanasmoke.com\/","name":"Fum\u00e9e d'iguane","description":"Acheter du CBD en ligne au meilleur prix","publisher":{"@id":"https:\/\/iguanasmoke.com\/#organization"},"potentialAction":[{"@type":"SearchAction","target":{"@type":"EntryPoint","urlTemplate":"https:\/\/iguanasmoke.com\/?s={search_term_string}"},"query-input":{"@type":"PropertyValueSpecification","valueRequired":true,"valueName":"search_term_string"}}],"inLanguage":"fr-FR"},{"@type":"Organization","@id":"https:\/\/iguanasmoke.com\/#organization","name":"Fum\u00e9e d'iguane","url":"https:\/\/iguanasmoke.com\/","logo":{"@type":"ImageObject","inLanguage":"fr-FR","@id":"https:\/\/iguanasmoke.com\/#\/schema\/logo\/image\/","url":"https:\/\/iguanasmoke.com\/wp-content\/uploads\/2025\/01\/logoiguana-favi-1.png","contentUrl":"https:\/\/iguanasmoke.com\/wp-content\/uploads\/2025\/01\/logoiguana-favi-1.png","width":512,"height":512,"caption":"Iguana Smoke"},"image":{"@id":"https:\/\/iguanasmoke.com\/#\/schema\/logo\/image\/"},"sameAs":["https:\/\/www.facebook.com\/iguanasmoke","https:\/\/www.instagram.com\/iguanasmoke\/"]}]},"product_brand":"simple","product_price_amount":"13.00","product_price_currency":"EUR","og_availability":"instock","product_availability":"instock","product_retailer_item_id":"IS-POP-SOURT-10G","product_condition":"new"},"_links":{"self":[{"href":"https:\/\/iguanasmoke.com\/fr\/wp-json\/wp\/v2\/product\/18729","targetHints":{"allow":["GET"]}}],"collection":[{"href":"https:\/\/iguanasmoke.com\/fr\/wp-json\/wp\/v2\/product"}],"about":[{"href":"https:\/\/iguanasmoke.com\/fr\/wp-json\/wp\/v2\/types\/product"}],"replies":[{"embeddable":true,"href":"https:\/\/iguanasmoke.com\/fr\/wp-json\/wp\/v2\/comments?post=18729"}],"wp:featuredmedia":[{"embeddable":true,"href":"https:\/\/iguanasmoke.com\/fr\/wp-json\/wp\/v2\/media\/36654"}],"wp:attachment":[{"href":"https:\/\/iguanasmoke.com\/fr\/wp-json\/wp\/v2\/media?parent=18729"}],"wp:term":[{"taxonomy":"product_brand","embeddable":true,"href":"https:\/\/iguanasmoke.com\/fr\/wp-json\/wp\/v2\/product_brand?post=18729"},{"taxonomy":"product_cat","embeddable":true,"href":"https:\/\/iguanasmoke.com\/fr\/wp-json\/wp\/v2\/product_cat?post=18729"},{"taxonomy":"product_tag","embeddable":true,"href":"https:\/\/iguanasmoke.com\/fr\/wp-json\/wp\/v2\/product_tag?post=18729"}],"curies":[{"name":"wp","href":"https:\/\/api.w.org\/{rel}","templated":true}]}}