{"id":20650,"date":"2023-09-21T17:07:54","date_gmt":"2023-09-21T15:07:54","guid":{"rendered":"https:\/\/iguanasmoke.com\/?post_type=product&#038;p=20650"},"modified":"2026-04-13T15:02:18","modified_gmt":"2026-04-13T13:02:18","slug":"vape-cbd-full-spectrum-iguana-pod-gelato","status":"publish","type":"product","link":"https:\/\/iguanasmoke.com\/fr\/producto\/vape-cbd-full-spectrum-iguana-pod-gelato\/","title":{"rendered":"Vaper CBD Full Spectrum - Gelato"},"content":{"rendered":"<h1><span style=\"font-weight: 400\">Vapeur CBD \u00e0 spectre complet : Gelato<\/span><\/h1>\n<p><span style=\"font-weight: 400\">D\u00e9couvrez les <strong>vaper CBD Full Spectrum Gelato<\/strong>, un joyau de bien-\u00eatre disponible <strong>exclusivement chez Iguana Smoke<\/strong>. <\/span><span style=\"font-weight: 400\">Con\u00e7u pour ceux qui recherchent un <strong>l'exp\u00e9rience compl\u00e8te de la vape<\/strong>, <strong>naturel et puissant<\/strong>, cette <strong>CBD vaper<\/strong> associe la puissance th\u00e9rapeutique du cannabidiol \u00e0 l'ar\u00f4me incomparable du cannabis.<\/span><\/p>\n<p><span style=\"font-weight: 400\">En effet, notre <strong>CBD vaper<\/strong> est r\u00e9alis\u00e9 avec <strong>Extrait de chanvre biologique \u00e0 spectre complet<\/strong>, Il contient tous les cannabino\u00efdes et terp\u00e8nes de la plante. Il contient \u00e9galement <strong>300 mg\/1 ml<\/strong> o <strong>1400mg\/2ml CBD<\/strong> (70% de concentration) et vous fournit approximativement <strong>300\/600 bouff\u00e9es<\/strong>. <\/span><\/p>\n<p><span style=\"font-weight: 400\">Profitez d'un <strong>un soulagement rapide et durable<\/strong>, id\u00e9al pour vous accompagner dans les moments de stress, d'anxi\u00e9t\u00e9 ou de repos.\u00a0<\/span><\/p>\n<p>&nbsp;<\/p>\n<h2><strong>Caract\u00e9ristiques principales Vaper CBD Full Spectrum :<\/strong><\/h2>\n<ul>\n<li><span style=\"font-weight: 400\"><strong>Contient du CBD \u00e0 spectre complet de haute qualit\u00e9<\/strong>, avec un profil naturel de cannabino\u00efdes.<\/span><\/li>\n<li><span style=\"font-weight: 400\"><strong>Extrait de chanvre biologique<\/strong>, sans additifs ni solvants.<\/span><\/li>\n<li><span style=\"font-weight: 400\">Disponible en<strong> 1 et 2 ml<\/strong>. <\/span><\/li>\n<li>Id\u00e9al pour un usage quotidien : <strong>pas de combustion, pas d'odeur, pas de tol\u00e9rance<\/strong>.<\/li>\n<li><span style=\"font-weight: 400\">Pour<strong> 300 \u2013 600 bouff\u00e9es<\/strong>.<\/span><\/li>\n<li>Batterie rechargeable USB Type-C.<\/li>\n<li><span style=\"font-weight: 400\"><strong>Pas de THC d\u00e9tectable<\/strong>. <\/span><\/li>\n<li><span style=\"font-weight: 400\"><strong>Qualit\u00e9 garantie par Iguana Smoke<\/strong>.<\/span><\/li>\n<\/ul>\n<p><span style=\"font-weight: 400\">Le <strong>Vaporisation de CBD \u00e0 spectre complet <\/strong>est le moyen le plus pratique et le plus propre de profiter de tous les avantages de la <strong>Les avantages du cannabidiol<\/strong>, pas d'entretien, pas de souci, pas de tracas.\u00a0<\/span><\/p>\n<p>&nbsp;<\/p>\n<h2><strong>Qu'est-ce qu'un vaper jetable ?<\/strong><\/h2>\n<p><span style=\"font-weight: 400\">A <strong>Vapeur CBD jetable<\/strong> est un dispositif de type stylo\u201c <strong>de 1 et 2\u00a0ml<\/strong> qui est rempli de <strong>CBD \u00e0 spectre complet<\/strong>. La grande diff\u00e9rence avec les autres types de vapers est qu'il n'a pas besoin d'\u00eatre recharg\u00e9 ou compl\u00e9t\u00e9 : <strong>lorsqu'il est \u00e9puis\u00e9, il est simplement jet\u00e9<\/strong>.\u00a0<\/span><\/p>\n<p><span style=\"font-weight: 400\">Il existe \u00e9galement des <strong><a href=\"https:\/\/iguanasmoke.com\/fr\/categorie\/cbd-vaper-2\/cartouches\/?filter_tipo-cartucho=cbd\">Cartouches jetables CBD Full Spectrum<\/a><\/strong> qui sont des microcapsules contenant le liquide mais n\u00e9cessitant une batterie externe pour \u00eatre utilis\u00e9es.<\/span><\/p>\n<p>&nbsp;<\/p>\n<h3><b>O\u00f9 acheter vos vapers de CBD \u00e0 spectre complet ?<\/b><b>?<\/b><\/h3>\n<p><span style=\"font-weight: 400\">Si vous cherchez <strong>acheter Full Spectrum CBD vaper<\/strong><strong>, <\/strong>c'est un endroit s\u00fbr pour <strong>acheter CBD Full Spectrum vaper jetable en Espagne.<\/strong> Tous nos produits sont approuv\u00e9s par l'UE, ce qui garantit leur l\u00e9galit\u00e9 et leur s\u00e9curit\u00e9. En outre, si vous le souhaitez, vous pouvez consulter<\/span><strong> <a href=\"https:\/\/iguanasmoke.com\/fr\/lanalyse\/\">analyse en laboratoire.<\/a><\/strong><\/p>\n<p><span style=\"font-weight: 400\">N'oubliez pas d'explorer d'autres <strong>Vaporisation de CBD \u00e0 spectre complet <\/strong>en tant que <strong><a href=\"https:\/\/iguanasmoke.com\/fr\/produit\/vape-cbd-full-spectrum-iguana-pod-gorilla-glue\/\">Vaper CBD Full Spectrum Gorilla Glue (colle de gorille)<\/a>\u00a0<\/strong>u <\/span><span style=\"font-weight: 400\">autres <strong>Produits TOP<\/strong> en tant que <strong><a href=\"https:\/\/iguanasmoke.com\/fr\/produit\/cbd-full-spectrum-gelato-cartridge\/\">CBD Full Spectrum Gelato Cartridge<\/a><\/strong> ou le <a href=\"https:\/\/iguanasmoke.com\/fr\/categorie\/extraits-de-cbd\/\"><strong>Extraits de CBD<\/strong><\/a>. <\/span><span style=\"font-weight: 400\">En bref, explorez notre vari\u00e9t\u00e9 et trouvez vos favoris d\u00e8s maintenant.<\/span><span style=\"font-weight: 400\">\u00a0<\/span><\/p>\n<p><strong data-start=\"303\" data-end=\"345\">Livraison rapide et discr\u00e8te dans toute l'Espagne<\/strong>, avec <strong data-start=\"351\" data-end=\"387\">une attention \u00e9troite et personnalis\u00e9e<\/strong> pour r\u00e9pondre \u00e0 toutes vos questions avant et apr\u00e8s votre achat.<\/p>\n<p>&nbsp;<\/p>\n<h3><b>Iguana Smoke est votre boutique en ligne de CBD\u00a0<\/b><\/h3>\n<p><span style=\"font-weight: 400\">Au<strong> Fum\u00e9e d'iguane<\/strong>, Nous pensons que la consommation de CBD doit se faire en toute s\u00e9curit\u00e9. C'est pourquoi nous proposons des produits comme celui-ci <strong>vaper CBD Full Spectrum Gelato<\/strong>, La marque s'adresse aux nouvelles g\u00e9n\u00e9rations : des personnes qui recherchent un bien-\u00eatre simple, avec des marques authentiques et fiables.\u00a0<\/span><\/p>\n<p>Vous savez, notre mission est claire : vous apporter le meilleur du monde des cannabino\u00efdes \u00e0 un prix \u00e9quitable. De plus, nous vous offrons la tranquillit\u00e9 d'esprit de savoir que vous choisissez un produit certifi\u00e9, efficace et 100% l\u00e9gal. Votre temps de d\u00e9tente commence ici avec nous.<\/p>\n<p>Vous avez encore des doutes ? Ecrivez-nous et nous nous ferons un plaisir de vous aider \u00e0 trouver le produit qui vous convient.<\/p>\n<p>&nbsp;<\/p>\n<h6>\u2139\ufe0f<strong> Informations juridiques<\/strong><\/h6>\n<p><em><span style=\"font-weight: 400\">*Produit destin\u00e9 \u00e0 la collection ou \u00e0 l'aromath\u00e9rapie, conform\u00e9ment \u00e0 la l\u00e9gislation espagnole en vigueur. <\/span><\/em><\/p>\n<p><em><span style=\"font-weight: 400\">**D\u00e9riv\u00e9 de chanvre industriel certifi\u00e9. Contient moins de 0,3 THC et ne contient pas de cannabino\u00efdes ill\u00e9gaux tels que HHC, HHC-P, THCP, THCP-O, H4CBD ou des substances \u00e9num\u00e9r\u00e9es \u00e0 l'annexe I du d\u00e9cret royal 2829\/1977, ni de substances contr\u00f4l\u00e9es par des conventions internationales.\u00a0\u00a0<\/span><\/em><\/p>","protected":false},"excerpt":{"rendered":"<h4>Caract\u00e9ristiques<\/h4>\n<ul>\n<li style=\"list-style-type: none\">\n<ul>\n<li>Go\u00fbt de gelato<\/li>\n<li>Capacit\u00e9s : 1 ml et 2 ml<\/li>\n<li>Caladas: jusqu'\u00e0 300 et 600<\/li>\n<li>Terp\u00e8nes naturels de haute qualit\u00e9<\/li>\n<li>CBD Spectre Complet 70% 300mg \/ 1400mg<\/li>\n<li>THC : 0%, HHC : 0%, THC-P : 0%, Nicotine : 0%<\/li>\n<li>Ne contient pas de VG, PG, PEG, MCT ou autre agent de coupe.<\/li>\n<\/ul>\n<\/li>\n<\/ul>\n<p><span style=\"font-weight: 400\">En outre, si vous le souhaitez, vous pouvez consulter<strong> <a href=\"https:\/\/iguanasmoke.com\/fr\/lanalyse\/\">analyse en laboratoire.<\/a><\/strong><\/span><\/p>","protected":false},"featured_media":83619,"comment_status":"open","ping_status":"closed","template":"","meta":{"_acf_changed":false,"site-sidebar-layout":"default","site-content-layout":"default","ast-site-content-layout":"default","site-content-style":"default","site-sidebar-style":"default","ast-global-header-display":"","ast-banner-title-visibility":"","ast-main-header-display":"","ast-hfb-above-header-display":"","ast-hfb-below-header-display":"","ast-hfb-mobile-header-display":"","site-post-title":"","ast-breadcrumbs-content":"","ast-featured-img":"","footer-sml-layout":"","theme-transparent-header-meta":"default","adv-header-id-meta":"","stick-header-meta":"","header-above-stick-meta":"","header-main-stick-meta":"","header-below-stick-meta":"","astra-migrate-meta-layouts":"set","ast-page-background-enabled":"default","ast-page-background-meta":{"desktop":{"background-color":"var(--ast-global-color-4)","background-image":"","background-repeat":"repeat","background-position":"center center","background-size":"auto","background-attachment":"scroll","background-type":"","background-media":"","overlay-type":"","overlay-color":"","overlay-opacity":"","overlay-gradient":""},"tablet":{"background-color":"","background-image":"","background-repeat":"repeat","background-position":"center center","background-size":"auto","background-attachment":"scroll","background-type":"","background-media":"","overlay-type":"","overlay-color":"","overlay-opacity":"","overlay-gradient":""},"mobile":{"background-color":"","background-image":"","background-repeat":"repeat","background-position":"center center","background-size":"auto","background-attachment":"scroll","background-type":"","background-media":"","overlay-type":"","overlay-color":"","overlay-opacity":"","overlay-gradient":""}},"ast-content-background-meta":{"desktop":{"background-color":"var(--ast-global-color-5)","background-image":"","background-repeat":"repeat","background-position":"center center","background-size":"auto","background-attachment":"scroll","background-type":"","background-media":"","overlay-type":"","overlay-color":"","overlay-opacity":"","overlay-gradient":""},"tablet":{"background-color":"var(--ast-global-color-5)","background-image":"","background-repeat":"repeat","background-position":"center center","background-size":"auto","background-attachment":"scroll","background-type":"","background-media":"","overlay-type":"","overlay-color":"","overlay-opacity":"","overlay-gradient":""},"mobile":{"background-color":"var(--ast-global-color-5)","background-image":"","background-repeat":"repeat","background-position":"center center","background-size":"auto","background-attachment":"scroll","background-type":"","background-media":"","overlay-type":"","overlay-color":"","overlay-opacity":"","overlay-gradient":""}}},"product_brand":[],"product_cat":[981,418,424,513],"product_tag":[343],"class_list":{"0":"post-20650","1":"product","2":"type-product","3":"status-publish","4":"has-post-thumbnail","6":"product_cat-cbd-full-spectrum","7":"product_cat-vaper-cbd","8":"product_cat-vaper-cbd-full-spectrum","9":"product_cat-cbd-vapes","10":"product_tag-destacado","11":"desktop-align-center","12":"tablet-align-center","13":"mobile-align-center","15":"first","16":"instock","17":"taxable","18":"shipping-taxable","19":"purchasable","20":"product-type-variable"},"acf":[],"yoast_head":"<!-- This site is optimized with the Yoast SEO Premium plugin v27.3 (Yoast SEO v27.3) - https:\/\/yoast.com\/product\/yoast-seo-premium-wordpress\/ -->\n<title>Vaper CBD Full Spectrum Gelato | Iguana Smoke<\/title>\n<meta name=\"description\" content=\"Vaper CBD Full Spectrum Gelato . El Iguana Pod contiene 300-600 caladas y una tasa de 300mg\/1400mg de CBD. No contiene THC ni nicotina.\" \/>\n<meta name=\"robots\" content=\"index, follow, max-snippet:-1, max-image-preview:large, max-video-preview:-1\" \/>\n<link rel=\"canonical\" href=\"https:\/\/iguanasmoke.com\/fr\/produit\/vape-cbd-full-spectrum-iguana-pod-gelato\/\" \/>\n<meta property=\"og:locale\" content=\"fr_FR\" \/>\n<meta property=\"og:type\" content=\"article\" \/>\n<meta property=\"og:title\" content=\"Vaper CBD Full Spectrum - Gelato\" \/>\n<meta property=\"og:description\" content=\"Caracter\u00edsticas      Sabor a Gelato  Capacidad: 1ml y 2ml  Caladas: hasta 300 y 600  Terpenos naturales de alta calidad  CBD Full Spectrum 70% 300mg \/ 1400mg  THC: 0%, HHC: 0%, THC-P: 0%, Nicotina: 0%  No contiene VG, PG, PEG, MCT u otro agente de corte.    Adem\u00e1s, si quieres puedes consultar el an\u00e1lisis de laboratorio.\" \/>\n<meta property=\"og:url\" content=\"https:\/\/iguanasmoke.com\/fr\/produit\/vape-cbd-full-spectrum-iguana-pod-gelato\/\" \/>\n<meta property=\"og:site_name\" content=\"Iguana Smoke\" \/>\n<meta property=\"article:publisher\" content=\"https:\/\/www.facebook.com\/iguanasmoke\" \/>\n<meta property=\"article:modified_time\" content=\"2026-04-13T13:02:18+00:00\" \/>\n<meta property=\"og:image\" content=\"https:\/\/iguanasmoke.com\/wp-content\/uploads\/2026\/04\/Bolsa-Vape-Full-Spectrum-Gelato-con-vape-1ml.webp\" \/>\n\t<meta property=\"og:image:width\" content=\"1000\" \/>\n\t<meta property=\"og:image:height\" content=\"1000\" \/>\n\t<meta property=\"og:image:type\" content=\"image\/webp\" \/>\n<meta name=\"twitter:card\" content=\"summary_large_image\" \/>\n<meta name=\"twitter:label1\" content=\"Disponibilit\u00e9\" \/>\n\t<meta name=\"twitter:data1\" content=\"En stock\" \/>\n<meta property=\"product:brand\" content=\"variable\" \/>\n<meta property=\"og:availability\" content=\"instock\" \/>\n<meta property=\"product:availability\" content=\"instock\" \/>\n<meta property=\"product:condition\" content=\"new\" \/>\n<!-- \/ Yoast SEO Premium plugin. -->","yoast_head_json":{"title":"CBD Vaper Full Spectrum Gelato : Iguana Smoke","description":"Vapoter CBD Full Spectrum Gelato. Le Pod El Iguana contient 300-600 bouff\u00e9es et une concentration de 300 mg\/1400 mg de CBD. Il ne contient ni THC ni nicotine.","robots":{"index":"index","follow":"follow","max-snippet":"max-snippet:-1","max-image-preview":"max-image-preview:large","max-video-preview":"max-video-preview:-1"},"canonical":"https:\/\/iguanasmoke.com\/fr\/produit\/vape-cbd-full-spectrum-iguana-pod-gelato\/","og_locale":"fr_FR","og_type":"article","og_title":"Vaper CBD Full Spectrum - Gelato","og_description":"Caracter\u00edsticas      Sabor a Gelato  Capacidad: 1ml y 2ml  Caladas: hasta 300 y 600  Terpenos naturales de alta calidad  CBD Full Spectrum 70% 300mg \/ 1400mg  THC: 0%, HHC: 0%, THC-P: 0%, Nicotina: 0%  No contiene VG, PG, PEG, MCT u otro agente de corte.    Adem\u00e1s, si quieres puedes consultar el an\u00e1lisis de laboratorio.","og_url":"https:\/\/iguanasmoke.com\/fr\/produit\/vape-cbd-full-spectrum-iguana-pod-gelato\/","og_site_name":"Iguana Smoke","article_publisher":"https:\/\/www.facebook.com\/iguanasmoke","article_modified_time":"2026-04-13T13:02:18+00:00","og_image":[{"width":1000,"height":1000,"url":"https:\/\/iguanasmoke.com\/wp-content\/uploads\/2026\/04\/Bolsa-Vape-Full-Spectrum-Gelato-con-vape-1ml.webp","type":"image\/webp"}],"twitter_card":"summary_large_image","twitter_misc":{"Disponibilit\u00e9":"En stock"},"schema":{"@context":"https:\/\/schema.org","@graph":[{"@type":"WebPage","@id":"https:\/\/iguanasmoke.com\/producto\/vape-cbd-full-spectrum-iguana-pod-gelato\/","url":"https:\/\/iguanasmoke.com\/producto\/vape-cbd-full-spectrum-iguana-pod-gelato\/","name":"CBD Vaper Full Spectrum Gelato : Iguana Smoke","isPartOf":{"@id":"https:\/\/iguanasmoke.com\/#website"},"primaryImageOfPage":{"@id":"https:\/\/iguanasmoke.com\/producto\/vape-cbd-full-spectrum-iguana-pod-gelato\/#primaryimage"},"image":{"@id":"https:\/\/iguanasmoke.com\/producto\/vape-cbd-full-spectrum-iguana-pod-gelato\/#primaryimage"},"thumbnailUrl":"https:\/\/iguanasmoke.com\/wp-content\/uploads\/2026\/04\/Bolsa-Vape-Full-Spectrum-Gelato-con-vape-1ml.webp","datePublished":"2023-09-21T15:07:54+00:00","dateModified":"2026-04-13T13:02:18+00:00","description":"Vapoter CBD Full Spectrum Gelato. Le Pod El Iguana contient 300-600 bouff\u00e9es et une concentration de 300 mg\/1400 mg de CBD. Il ne contient ni THC ni nicotine.","breadcrumb":{"@id":"https:\/\/iguanasmoke.com\/producto\/vape-cbd-full-spectrum-iguana-pod-gelato\/#breadcrumb"},"inLanguage":"fr-FR","potentialAction":[{"@type":"ReadAction","target":["https:\/\/iguanasmoke.com\/producto\/vape-cbd-full-spectrum-iguana-pod-gelato\/"]}]},{"@type":"ImageObject","inLanguage":"fr-FR","@id":"https:\/\/iguanasmoke.com\/producto\/vape-cbd-full-spectrum-iguana-pod-gelato\/#primaryimage","url":"https:\/\/iguanasmoke.com\/wp-content\/uploads\/2026\/04\/Bolsa-Vape-Full-Spectrum-Gelato-con-vape-1ml.webp","contentUrl":"https:\/\/iguanasmoke.com\/wp-content\/uploads\/2026\/04\/Bolsa-Vape-Full-Spectrum-Gelato-con-vape-1ml.webp","width":1000,"height":1000},{"@type":"BreadcrumbList","@id":"https:\/\/iguanasmoke.com\/producto\/vape-cbd-full-spectrum-iguana-pod-gelato\/#breadcrumb","itemListElement":[{"@type":"ListItem","position":1,"name":"home","item":"https:\/\/iguanasmoke.com\/"},{"@type":"ListItem","position":2,"name":"Tienda","item":"https:\/\/iguanasmoke.com\/tienda\/"},{"@type":"ListItem","position":3,"name":"Vaper CBD","item":"https:\/\/iguanasmoke.com\/categoria\/vaper-cbd\/"},{"@type":"ListItem","position":4,"name":"Vaper CBD Full Spectrum","item":"https:\/\/iguanasmoke.com\/categoria\/vaper-cbd\/vaper-cbd-full-spectrum\/"},{"@type":"ListItem","position":5,"name":"Vaper CBD Full Spectrum &#8211; Gelato"}]},{"@type":"WebSite","@id":"https:\/\/iguanasmoke.com\/#website","url":"https:\/\/iguanasmoke.com\/","name":"Fum\u00e9e d'iguane","description":"Acheter du CBD en ligne au meilleur prix","publisher":{"@id":"https:\/\/iguanasmoke.com\/#organization"},"potentialAction":[{"@type":"SearchAction","target":{"@type":"EntryPoint","urlTemplate":"https:\/\/iguanasmoke.com\/?s={search_term_string}"},"query-input":{"@type":"PropertyValueSpecification","valueRequired":true,"valueName":"search_term_string"}}],"inLanguage":"fr-FR"},{"@type":"Organization","@id":"https:\/\/iguanasmoke.com\/#organization","name":"Fum\u00e9e d'iguane","url":"https:\/\/iguanasmoke.com\/","logo":{"@type":"ImageObject","inLanguage":"fr-FR","@id":"https:\/\/iguanasmoke.com\/#\/schema\/logo\/image\/","url":"https:\/\/iguanasmoke.com\/wp-content\/uploads\/2025\/01\/logoiguana-favi-1.png","contentUrl":"https:\/\/iguanasmoke.com\/wp-content\/uploads\/2025\/01\/logoiguana-favi-1.png","width":512,"height":512,"caption":"Iguana Smoke"},"image":{"@id":"https:\/\/iguanasmoke.com\/#\/schema\/logo\/image\/"},"sameAs":["https:\/\/www.facebook.com\/iguanasmoke","https:\/\/www.instagram.com\/iguanasmoke\/"]}]},"product_brand":"variable","og_availability":"instock","product_availability":"instock","product_condition":"new"},"_links":{"self":[{"href":"https:\/\/iguanasmoke.com\/fr\/wp-json\/wp\/v2\/product\/20650","targetHints":{"allow":["GET"]}}],"collection":[{"href":"https:\/\/iguanasmoke.com\/fr\/wp-json\/wp\/v2\/product"}],"about":[{"href":"https:\/\/iguanasmoke.com\/fr\/wp-json\/wp\/v2\/types\/product"}],"replies":[{"embeddable":true,"href":"https:\/\/iguanasmoke.com\/fr\/wp-json\/wp\/v2\/comments?post=20650"}],"wp:featuredmedia":[{"embeddable":true,"href":"https:\/\/iguanasmoke.com\/fr\/wp-json\/wp\/v2\/media\/83619"}],"wp:attachment":[{"href":"https:\/\/iguanasmoke.com\/fr\/wp-json\/wp\/v2\/media?parent=20650"}],"wp:term":[{"taxonomy":"product_brand","embeddable":true,"href":"https:\/\/iguanasmoke.com\/fr\/wp-json\/wp\/v2\/product_brand?post=20650"},{"taxonomy":"product_cat","embeddable":true,"href":"https:\/\/iguanasmoke.com\/fr\/wp-json\/wp\/v2\/product_cat?post=20650"},{"taxonomy":"product_tag","embeddable":true,"href":"https:\/\/iguanasmoke.com\/fr\/wp-json\/wp\/v2\/product_tag?post=20650"}],"curies":[{"name":"wp","href":"https:\/\/api.w.org\/{rel}","templated":true}]}}