{"id":22567,"date":"2023-11-07T15:13:14","date_gmt":"2023-11-07T14:13:14","guid":{"rendered":"https:\/\/iguanasmoke.com\/?post_type=product&#038;p=22567"},"modified":"2026-03-16T01:12:50","modified_gmt":"2026-03-16T00:12:50","slug":"vape-cbd-iguana-pod-pocket-ak-47-broad-spectrum-750mg","status":"publish","type":"product","link":"https:\/\/iguanasmoke.com\/fr\/producto\/vape-cbd-iguana-pod-pocket-ak-47-broad-spectrum-750mg\/","title":{"rendered":"Vaper CBD - Iguana Pod Pocket CBD AK-47 Broad Spectrum"},"content":{"rendered":"<h1><span style=\"font-weight: 400;\">Iguana Pod Pocket CBD AK-47 Broad Spectrum 3ml - Vapeur CBD jetable<\/span><\/h1>\n<p><span style=\"font-weight: 400;\">Le <strong>Iguana Pod Pocket CBD AK-47 Broad Spectrum <\/strong>est un <strong>pochette de vaporisation CBD jetable<\/strong> con\u00e7u pour ceux qui recherchent un moyen pratique et discret de profiter du CBD dans leur vie de tous les jours.<\/span><\/p>\n<p><span style=\"font-weight: 400;\">En outre, cette <strong>vaper pod pocket CBD<\/strong> combine un <strong>conception ergonomique, l\u00e9g\u00e8re et compacte<\/strong> avec une finition de qualit\u00e9 sup\u00e9rieure. Il est donc id\u00e9al pour \u00eatre transport\u00e9 dans votre poche ou votre sac \u00e0 main, sans compromis sur le style ou le confort. <\/span><\/p>\n<p><span style=\"font-weight: 400;\">En outre, son <strong>format de vaporisation CBD jetable sans recharge<\/strong> pas d'entretien. Il suffit d'ouvrir l'appareil et de commencer \u00e0 l'utiliser.<\/span><\/p>\n<p>&nbsp;<\/p>\n<h2><strong>Ar\u00f4me AK-47 : caract\u00e8re \u00e9quilibr\u00e9 du cannabis<\/strong><\/h2>\n<p><span style=\"font-weight: 400;\">Cette vari\u00e9t\u00e9 se distingue par son profil <strong>aromatique intense et bien d\u00e9fini. <\/strong>Inspir\u00e9 par la g\u00e9n\u00e9tique renomm\u00e9e de la souche AK-47, il pr\u00e9sente des notes terreuses et bois\u00e9es, avec des nuances claires de pin et de bois de santal, accompagn\u00e9es de l\u00e9g\u00e8res nuances d'agrumes qui ajoutent de l'\u00e9quilibre et de la profondeur \u00e0 l'ar\u00f4me.\u00a0<\/span><\/p>\n<p><span style=\"font-weight: 400;\">Gr\u00e2ce \u00e0 ce profil aromatique distingu\u00e9, le <strong>Iguana Pod Pocket CBD AK-47 Broad Spectrum<\/strong><strong>\u00a0<\/strong>est un choix id\u00e9al dans le monde du CBD en pods de poche, en particulier pour ceux qui pr\u00e9f\u00e8rent les saveurs classiques de cannabis avec de la personnalit\u00e9.<\/span><\/p>\n<p>&nbsp;<\/p>\n<h2><strong>Vaper Pod Pocket CBD Broad Spectrum : plus de CBD par bouff\u00e9e<\/strong><\/h2>\n<p><span style=\"font-weight: 400;\">Gr\u00e2ce \u00e0 son format <strong>Vape Pocket CBD Jetable<\/strong>, Cette vape de CBD jetable est parfaite pour les nouveaux adeptes de la vape de CBD et pour les utilisateurs r\u00e9guliers \u00e0 la recherche de commodit\u00e9 et de rapidit\u00e9. <\/span><\/p>\n<p><span style=\"font-weight: 400;\">Cette nouvelle <strong>La formule CBD \u00e0 large spectre contient plus de cannabino\u00efdes<\/strong> plus que jamais, avec la <strong>Pod Pockets CBD \u00e0 large spectre<\/strong> vous pouvez profiter de 750mg de CBD et jusqu'\u00e0 900 bouff\u00e9es.<\/span><\/p>\n<p><span style=\"font-weight: 400;\">En outre, <strong>pas besoin de boutons, de r\u00e9glages ou de recharges<\/strong>. Il vous suffit donc de choisir votre parfum pr\u00e9f\u00e9r\u00e9, d'ouvrir l'appareil et de le d\u00e9guster.\u00a0<\/span><\/p>\n<p>&nbsp;<\/p>\n<h2><b>O\u00f9 acheter votre vaper CBD jetable ? <span style=\"font-weight: 400;\"><strong>Pochette pour gousse d'iguane <\/strong><\/span>en ligne<\/b><b>?<\/b><\/h2>\n<p><span style=\"font-weight: 400;\">Si vous cherchez <strong>acheter un Pod CBD Pocket<\/strong><strong>, <\/strong>c'est un endroit s\u00fbr pour <strong>acheter un vaper CBD jetable en Espagne.<\/strong> Tous nos produits sont approuv\u00e9s par l'UE, ce qui garantit leur l\u00e9galit\u00e9 et leur s\u00e9curit\u00e9. En outre, si vous le souhaitez, vous pouvez consulter<\/span><strong> <a href=\"https:\/\/iguanasmoke.com\/fr\/lanalyse\/\">analyse en laboratoire.<\/a><\/strong><\/p>\n<p><span style=\"font-weight: 400;\">N'oubliez pas d'essayer d'autres saveurs \u00e9tonnantes de Pods Pockets<strong>\u00a0<\/strong>en tant que <strong><a href=\"https:\/\/iguanasmoke.com\/fr\/produit\/iguana-disposable-cbd-pod-iguana-pod-pocket-amnesia-broad-spectrum-750mg\/\">Iguana Pod Pocket CBD Amnesia \u00e0 large spectre<\/a>, <a href=\"https:\/\/iguanasmoke.com\/fr\/produit\/vaper-cbd-iguana-pod-pocket-grape-3ml\/\">Iguana Pod Pocket CBD Grape<\/a>\u00a0<\/strong>ou le <a href=\"https:\/\/iguanasmoke.com\/fr\/produit\/vaper-cbd-iguana-pod-pocket-watermelon-3ml\/\"><strong>Iguana Pod Pocket CBD Past\u00e8que<\/strong><\/a>. Si la vaporisation du CBD est votre truc, avez-vous d\u00e9j\u00e0 essay\u00e9 les vapes au CBD ?<\/span><span style=\"font-weight: 400;\">\u00a0<a href=\"https:\/\/iguanasmoke.com\/fr\/categorie\/cbd\/e-liquide-cbd\/\"><strong>CBD Isolate et CBD Broad Spectrum E-Liquids<\/strong><\/a>? et oser s'aventurer dans le monde de la <a href=\"https:\/\/iguanasmoke.com\/fr\/categorie\/fleurs-de-cbd-2\/\"><strong>Fleurs de CBD<\/strong><\/a>. <\/span><span style=\"font-weight: 400;\">Explorez notre vari\u00e9t\u00e9 et laissez-vous surprendre.\u00a0<\/span><\/p>\n<p><strong data-start=\"303\" data-end=\"345\">Livraison rapide et discr\u00e8te dans toute l'Espagne<\/strong>, avec <strong data-start=\"351\" data-end=\"387\">une attention \u00e9troite et personnalis\u00e9e<\/strong> pour r\u00e9pondre \u00e0 toutes vos questions avant et apr\u00e8s votre achat.<\/p>\n<p>&nbsp;<\/p>\n<h3><b>Iguana Smoke est votre boutique en ligne de CBD\u00a0<\/b><\/h3>\n<p><span style=\"font-weight: 400;\">Au<strong> Fum\u00e9e d'iguane<\/strong>, Nous pensons que la consommation de CBD doit se faire en toute s\u00e9curit\u00e9. C'est pourquoi nous proposons des produits comme celui-ci <strong>Iguana Pod Pocket CBD AK-47 Broad Spectrum<\/strong>, La marque s'adresse aux nouvelles g\u00e9n\u00e9rations : des personnes qui recherchent un bien-\u00eatre simple, avec des marques authentiques et fiables.\u00a0<\/span><\/p>\n<p>Vous savez, notre mission est claire : vous apporter le meilleur du monde des cannabino\u00efdes \u00e0 un prix \u00e9quitable. De plus, nous vous offrons la tranquillit\u00e9 d'esprit de savoir que vous choisissez un produit certifi\u00e9, efficace et 100% l\u00e9gal. Votre temps de d\u00e9tente commence ici avec nous.<\/p>\n<p>Vous avez encore des doutes ? Ecrivez-nous et nous nous ferons un plaisir de vous aider \u00e0 trouver le produit qui vous convient.<\/p>\n<p>&nbsp;<\/p>\n<h6>\u2139\ufe0f<strong> Informations juridiques<\/strong><\/h6>\n<p><em><span style=\"font-weight: 400;\">*Produit destin\u00e9 \u00e0 la collection ou \u00e0 l'aromath\u00e9rapie, conform\u00e9ment \u00e0 la l\u00e9gislation espagnole en vigueur. <\/span><\/em><\/p>\n<p><em><span style=\"font-weight: 400;\">**D\u00e9riv\u00e9 de chanvre industriel certifi\u00e9. Contient moins de 0,3 THC et ne contient pas de cannabino\u00efdes ill\u00e9gaux tels que HHC, HHC-P, THCP, THCP-O, H4CBD ou des substances \u00e9num\u00e9r\u00e9es \u00e0 l'annexe I du d\u00e9cret royal 2829\/1977, ni de substances contr\u00f4l\u00e9es par des conventions internationales.\u00a0\u00a0<\/span><\/em><\/p>","protected":false},"excerpt":{"rendered":"<p><span style=\"font-weight: 400;\">Caract\u00e9ristiques techniques du <strong>Pod Pocket CBD - Vapeur CBD jetable<\/strong>: <\/span><\/p>\n<ul>\n<li><span style=\"font-weight: 400;\">Dimensions : <strong>65,5 x 35 x 12 mm<\/strong> (hauteur x largeur x profondeur) <\/span><\/li>\n<li><span style=\"font-weight: 400;\">Batterie : <strong>550 mAh <\/strong><\/span><\/li>\n<li><span style=\"font-weight: 400;\">Capacit\u00e9 : <strong>3ml <\/strong><\/span><\/li>\n<li><span style=\"font-weight: 400;\">Caladas : <strong>jusqu'\u00e0 900 <\/strong><\/span><\/li>\n<li><span style=\"font-weight: 400;\">CBD :<strong> 750mg\/3ml <\/strong><\/span><\/li>\n<li><span style=\"font-weight: 400;\">THC : <strong>0% <\/strong><\/span><\/li>\n<li><span style=\"font-weight: 400;\">Nicotine : <strong>0%\u00a0<\/strong>\u00a0<\/span><\/li>\n<\/ul>\n<p><span style=\"font-weight: 400;\">En outre, si vous le souhaitez, vous pouvez consulter<strong> <a href=\"https:\/\/iguanasmoke.com\/fr\/lanalyse\/\">analyse en laboratoire.<\/a><\/strong><\/span><\/p>","protected":false},"featured_media":37092,"comment_status":"open","ping_status":"closed","template":"","meta":{"_acf_changed":false,"site-sidebar-layout":"default","site-content-layout":"default","ast-site-content-layout":"default","site-content-style":"default","site-sidebar-style":"default","ast-global-header-display":"","ast-banner-title-visibility":"","ast-main-header-display":"","ast-hfb-above-header-display":"","ast-hfb-below-header-display":"","ast-hfb-mobile-header-display":"","site-post-title":"","ast-breadcrumbs-content":"","ast-featured-img":"","footer-sml-layout":"","theme-transparent-header-meta":"default","adv-header-id-meta":"","stick-header-meta":"","header-above-stick-meta":"","header-main-stick-meta":"","header-below-stick-meta":"","astra-migrate-meta-layouts":"set","ast-page-background-enabled":"default","ast-page-background-meta":{"desktop":{"background-color":"var(--ast-global-color-4)","background-image":"","background-repeat":"repeat","background-position":"center center","background-size":"auto","background-attachment":"scroll","background-type":"","background-media":"","overlay-type":"","overlay-color":"","overlay-opacity":"","overlay-gradient":""},"tablet":{"background-color":"","background-image":"","background-repeat":"repeat","background-position":"center center","background-size":"auto","background-attachment":"scroll","background-type":"","background-media":"","overlay-type":"","overlay-color":"","overlay-opacity":"","overlay-gradient":""},"mobile":{"background-color":"","background-image":"","background-repeat":"repeat","background-position":"center center","background-size":"auto","background-attachment":"scroll","background-type":"","background-media":"","overlay-type":"","overlay-color":"","overlay-opacity":"","overlay-gradient":""}},"ast-content-background-meta":{"desktop":{"background-color":"var(--ast-global-color-5)","background-image":"","background-repeat":"repeat","background-position":"center center","background-size":"auto","background-attachment":"scroll","background-type":"","background-media":"","overlay-type":"","overlay-color":"","overlay-opacity":"","overlay-gradient":""},"tablet":{"background-color":"var(--ast-global-color-5)","background-image":"","background-repeat":"repeat","background-position":"center center","background-size":"auto","background-attachment":"scroll","background-type":"","background-media":"","overlay-type":"","overlay-color":"","overlay-opacity":"","overlay-gradient":""},"mobile":{"background-color":"var(--ast-global-color-5)","background-image":"","background-repeat":"repeat","background-position":"center center","background-size":"auto","background-attachment":"scroll","background-type":"","background-media":"","overlay-type":"","overlay-color":"","overlay-opacity":"","overlay-gradient":""}}},"product_brand":[],"product_cat":[983,418],"product_tag":[],"class_list":{"0":"post-22567","1":"product","2":"type-product","3":"status-publish","4":"has-post-thumbnail","6":"product_cat-vapes-pocket-cbd-broad-spectrum","7":"product_cat-vaper-cbd","8":"desktop-align-center","9":"tablet-align-center","10":"mobile-align-center","12":"first","13":"instock","14":"taxable","15":"shipping-taxable","16":"purchasable","17":"product-type-simple"},"acf":[],"yoast_head":"<!-- This site is optimized with the Yoast SEO Premium plugin v27.3 (Yoast SEO v27.3) - https:\/\/yoast.com\/product\/yoast-seo-premium-wordpress\/ -->\n<title>Iguana Pod Pocket CBD AK-47 Broad Spectrum| Iguana Smoke<\/title>\n<meta name=\"description\" content=\"Consigue tu Iguana Pod Pocket CBD AK-47 Broad Spectrum 750mg\/3ml. El Vape Pocket CBD Desechable te ofrece hasta 900 caladas y no contiene THC ni nicotina.\" \/>\n<meta name=\"robots\" content=\"index, follow, max-snippet:-1, max-image-preview:large, max-video-preview:-1\" \/>\n<link rel=\"canonical\" href=\"https:\/\/iguanasmoke.com\/fr\/produit\/vape-cbd-iguana-pod-pocket-ak-47-broad-spectrum-750mg\/\" \/>\n<meta property=\"og:locale\" content=\"fr_FR\" \/>\n<meta property=\"og:type\" content=\"article\" \/>\n<meta property=\"og:title\" content=\"Vaper CBD - Iguana Pod Pocket CBD AK-47 Broad Spectrum\" \/>\n<meta property=\"og:description\" content=\"Caracter\u00edsticas t\u00e9cnicas del Pod Pocket CBD - Vaper CBD desechable:    Dimensiones: 65,5 x 35 x 12 mm (alto x ancho x profundo)   Bater\u00eda: 550 mAh   Capacidad: 3ml   Caladas: hasta 900   CBD: 750mg\/3ml   THC: 0%   Nicotina: 0%\u00a0\u00a0  Adem\u00e1s, si quieres puedes consultar el an\u00e1lisis de laboratorio.\" \/>\n<meta property=\"og:url\" content=\"https:\/\/iguanasmoke.com\/fr\/produit\/vape-cbd-iguana-pod-pocket-ak-47-broad-spectrum-750mg\/\" \/>\n<meta property=\"og:site_name\" content=\"Iguana Smoke\" \/>\n<meta property=\"article:publisher\" content=\"https:\/\/www.facebook.com\/iguanasmoke\" \/>\n<meta property=\"article:modified_time\" content=\"2026-03-16T00:12:50+00:00\" \/>\n<meta property=\"og:image\" content=\"https:\/\/iguanasmoke.com\/wp-content\/uploads\/2023\/08\/vape-ak47-con-caja-webp.webp\" \/>\n\t<meta property=\"og:image:width\" content=\"500\" \/>\n\t<meta property=\"og:image:height\" content=\"500\" \/>\n\t<meta property=\"og:image:type\" content=\"image\/webp\" \/>\n<meta name=\"twitter:card\" content=\"summary_large_image\" \/>\n<meta name=\"twitter:label1\" content=\"Prix\" \/>\n\t<meta name=\"twitter:data1\" content=\"15,90&nbsp;&euro;\" \/>\n\t<meta name=\"twitter:label2\" content=\"Disponibilit\u00e9\" \/>\n\t<meta name=\"twitter:data2\" content=\"En stock\" \/>\n<meta property=\"product:brand\" content=\"simple\" \/>\n<meta property=\"product:price:amount\" content=\"15.90\" \/>\n<meta property=\"product:price:currency\" content=\"EUR\" \/>\n<meta property=\"og:availability\" content=\"instock\" \/>\n<meta property=\"product:availability\" content=\"instock\" \/>\n<meta property=\"product:retailer_item_id\" content=\"IS-POD-AK47BRPCKT-900\" \/>\n<meta property=\"product:condition\" content=\"new\" \/>\n<!-- \/ Yoast SEO Premium plugin. -->","yoast_head_json":{"title":"Iguana Pod Pocket CBD AK-47 Broad Spectrum| Iguana Smoke","description":"Obtenez votre Iguana Pod Pocket CBD AK-47 Broad Spectrum 750mg\/3ml. Le Vape Pocket CBD jetable vous permet de tirer jusqu'\u00e0 900 bouff\u00e9es et ne contient ni THC ni nicotine.","robots":{"index":"index","follow":"follow","max-snippet":"max-snippet:-1","max-image-preview":"max-image-preview:large","max-video-preview":"max-video-preview:-1"},"canonical":"https:\/\/iguanasmoke.com\/fr\/produit\/vape-cbd-iguana-pod-pocket-ak-47-broad-spectrum-750mg\/","og_locale":"fr_FR","og_type":"article","og_title":"Vaper CBD - Iguana Pod Pocket CBD AK-47 Broad Spectrum","og_description":"Caracter\u00edsticas t\u00e9cnicas del Pod Pocket CBD - Vaper CBD desechable:    Dimensiones: 65,5 x 35 x 12 mm (alto x ancho x profundo)   Bater\u00eda: 550 mAh   Capacidad: 3ml   Caladas: hasta 900   CBD: 750mg\/3ml   THC: 0%   Nicotina: 0%\u00a0\u00a0  Adem\u00e1s, si quieres puedes consultar el an\u00e1lisis de laboratorio.","og_url":"https:\/\/iguanasmoke.com\/fr\/produit\/vape-cbd-iguana-pod-pocket-ak-47-broad-spectrum-750mg\/","og_site_name":"Iguana Smoke","article_publisher":"https:\/\/www.facebook.com\/iguanasmoke","article_modified_time":"2026-03-16T00:12:50+00:00","og_image":[{"width":500,"height":500,"url":"https:\/\/iguanasmoke.com\/wp-content\/uploads\/2023\/08\/vape-ak47-con-caja-webp.webp","type":"image\/webp"}],"twitter_card":"summary_large_image","twitter_misc":{"Prix":"15,90&nbsp;&euro;","Disponibilit\u00e9":"En stock"},"schema":{"@context":"https:\/\/schema.org","@graph":[{"@type":"WebPage","@id":"https:\/\/iguanasmoke.com\/producto\/vape-cbd-iguana-pod-pocket-ak-47-broad-spectrum-750mg\/","url":"https:\/\/iguanasmoke.com\/producto\/vape-cbd-iguana-pod-pocket-ak-47-broad-spectrum-750mg\/","name":"Iguana Pod Pocket CBD AK-47 Broad Spectrum| Iguana Smoke","isPartOf":{"@id":"https:\/\/iguanasmoke.com\/#website"},"primaryImageOfPage":{"@id":"https:\/\/iguanasmoke.com\/producto\/vape-cbd-iguana-pod-pocket-ak-47-broad-spectrum-750mg\/#primaryimage"},"image":{"@id":"https:\/\/iguanasmoke.com\/producto\/vape-cbd-iguana-pod-pocket-ak-47-broad-spectrum-750mg\/#primaryimage"},"thumbnailUrl":"https:\/\/iguanasmoke.com\/wp-content\/uploads\/2023\/08\/vape-ak47-con-caja-webp.webp","datePublished":"2023-11-07T14:13:14+00:00","dateModified":"2026-03-16T00:12:50+00:00","description":"Obtenez votre Iguana Pod Pocket CBD AK-47 Broad Spectrum 750mg\/3ml. Le Vape Pocket CBD jetable vous permet de tirer jusqu'\u00e0 900 bouff\u00e9es et ne contient ni THC ni nicotine.","breadcrumb":{"@id":"https:\/\/iguanasmoke.com\/producto\/vape-cbd-iguana-pod-pocket-ak-47-broad-spectrum-750mg\/#breadcrumb"},"inLanguage":"fr-FR","potentialAction":[{"@type":"ReadAction","target":["https:\/\/iguanasmoke.com\/producto\/vape-cbd-iguana-pod-pocket-ak-47-broad-spectrum-750mg\/"]}]},{"@type":"ImageObject","inLanguage":"fr-FR","@id":"https:\/\/iguanasmoke.com\/producto\/vape-cbd-iguana-pod-pocket-ak-47-broad-spectrum-750mg\/#primaryimage","url":"https:\/\/iguanasmoke.com\/wp-content\/uploads\/2023\/08\/vape-ak47-con-caja-webp.webp","contentUrl":"https:\/\/iguanasmoke.com\/wp-content\/uploads\/2023\/08\/vape-ak47-con-caja-webp.webp","width":500,"height":500,"caption":"vaper ak47 cbd"},{"@type":"BreadcrumbList","@id":"https:\/\/iguanasmoke.com\/producto\/vape-cbd-iguana-pod-pocket-ak-47-broad-spectrum-750mg\/#breadcrumb","itemListElement":[{"@type":"ListItem","position":1,"name":"home","item":"https:\/\/iguanasmoke.com\/"},{"@type":"ListItem","position":2,"name":"Tienda","item":"https:\/\/iguanasmoke.com\/tienda\/"},{"@type":"ListItem","position":3,"name":"Vaper CBD","item":"https:\/\/iguanasmoke.com\/categoria\/vaper-cbd\/"},{"@type":"ListItem","position":4,"name":"Vaper CBD &#8211; Iguana Pod Pocket CBD AK-47 Broad Spectrum"}]},{"@type":"WebSite","@id":"https:\/\/iguanasmoke.com\/#website","url":"https:\/\/iguanasmoke.com\/","name":"Fum\u00e9e d'iguane","description":"Acheter du CBD en ligne au meilleur prix","publisher":{"@id":"https:\/\/iguanasmoke.com\/#organization"},"potentialAction":[{"@type":"SearchAction","target":{"@type":"EntryPoint","urlTemplate":"https:\/\/iguanasmoke.com\/?s={search_term_string}"},"query-input":{"@type":"PropertyValueSpecification","valueRequired":true,"valueName":"search_term_string"}}],"inLanguage":"fr-FR"},{"@type":"Organization","@id":"https:\/\/iguanasmoke.com\/#organization","name":"Fum\u00e9e d'iguane","url":"https:\/\/iguanasmoke.com\/","logo":{"@type":"ImageObject","inLanguage":"fr-FR","@id":"https:\/\/iguanasmoke.com\/#\/schema\/logo\/image\/","url":"https:\/\/iguanasmoke.com\/wp-content\/uploads\/2025\/01\/logoiguana-favi-1.png","contentUrl":"https:\/\/iguanasmoke.com\/wp-content\/uploads\/2025\/01\/logoiguana-favi-1.png","width":512,"height":512,"caption":"Iguana Smoke"},"image":{"@id":"https:\/\/iguanasmoke.com\/#\/schema\/logo\/image\/"},"sameAs":["https:\/\/www.facebook.com\/iguanasmoke","https:\/\/www.instagram.com\/iguanasmoke\/"]}]},"product_brand":"simple","product_price_amount":"15.90","product_price_currency":"EUR","og_availability":"instock","product_availability":"instock","product_retailer_item_id":"IS-POD-AK47BRPCKT-900","product_condition":"new"},"_links":{"self":[{"href":"https:\/\/iguanasmoke.com\/fr\/wp-json\/wp\/v2\/product\/22567","targetHints":{"allow":["GET"]}}],"collection":[{"href":"https:\/\/iguanasmoke.com\/fr\/wp-json\/wp\/v2\/product"}],"about":[{"href":"https:\/\/iguanasmoke.com\/fr\/wp-json\/wp\/v2\/types\/product"}],"replies":[{"embeddable":true,"href":"https:\/\/iguanasmoke.com\/fr\/wp-json\/wp\/v2\/comments?post=22567"}],"wp:featuredmedia":[{"embeddable":true,"href":"https:\/\/iguanasmoke.com\/fr\/wp-json\/wp\/v2\/media\/37092"}],"wp:attachment":[{"href":"https:\/\/iguanasmoke.com\/fr\/wp-json\/wp\/v2\/media?parent=22567"}],"wp:term":[{"taxonomy":"product_brand","embeddable":true,"href":"https:\/\/iguanasmoke.com\/fr\/wp-json\/wp\/v2\/product_brand?post=22567"},{"taxonomy":"product_cat","embeddable":true,"href":"https:\/\/iguanasmoke.com\/fr\/wp-json\/wp\/v2\/product_cat?post=22567"},{"taxonomy":"product_tag","embeddable":true,"href":"https:\/\/iguanasmoke.com\/fr\/wp-json\/wp\/v2\/product_tag?post=22567"}],"curies":[{"name":"wp","href":"https:\/\/api.w.org\/{rel}","templated":true}]}}