{"id":22618,"date":"2023-11-08T19:00:06","date_gmt":"2023-11-08T18:00:06","guid":{"rendered":"https:\/\/iguanasmoke.com\/?post_type=product&#038;p=22618"},"modified":"2026-04-15T12:21:13","modified_gmt":"2026-04-15T10:21:13","slug":"vaper-freddy-boyz-by-kidd-keo","status":"publish","type":"product","link":"https:\/\/iguanasmoke.com\/fr\/producto\/vaper-freddy-boyz-by-kidd-keo\/","title":{"rendered":"Freddy Boyz Vape Pocket CBD par Kidd Keo"},"content":{"rendered":"<h1><span style=\"font-weight: 400;\">Freddy Boyz Vape Pocket CBD by Kidd Keo - Limited Edition<\/span><\/h1>\n<h2><span style=\"font-weight: 400;\">Le vaper le plus sauvage de Kidd Keo. <em>Mode Dracukeo ON<\/em>. <\/span><\/h2>\n<p><span style=\"font-weight: 400;\">P<\/span><span style=\"font-weight: 400;\">se r\u00e9parer pour monter en niveau. Les <strong>Freddy Boyz Vape Pocket CBD par Kidd Keo<\/strong> - <strong>\u00c9dition limit\u00e9e<\/strong> est une collaboration exclusive entre Iguana Smoke et Kidd Keo, l'un des plus importants artistes du monde de la musique. <strong>les ic\u00f4nes espagnoles les plus influentes du rap et du trap<\/strong>. Une \u00e9dition limit\u00e9e d'un vaporisateur de CBD qui m\u00e9lange <strong>obscurit\u00e9, attitude et flux pur<\/strong>, con\u00e7u pour ceux qui vivent hors du commun. <\/span><\/p>\n<p><span style=\"font-weight: 400;\">Inspir\u00e9 par l'horreur classique de <strong>Freddy Krueger et dans l'univers cr\u00e9atif de Keo.<\/strong>, Ce vaper CBD n'est pas un simple appareil : <strong>est une d\u00e9claration de style<\/strong>. Id\u00e9al pour la saison d'Halloween ou pour n'importe quel jour o\u00f9 vous voulez passer en mode Halloween. <em>Dracukeo<\/em>.\u00a0<\/span><\/p>\n<p style=\"padding-left: 40px;\"><strong data-start=\"1022\" data-end=\"1042\">\u26a0\ufe0fEdici\u00f3n limited<\/strong>. Lorsqu'il est \u00e9puis\u00e9, il ne revient pas.<\/p>\n<p>&nbsp;<\/p>\n<h2><strong>Caract\u00e9ristiques du Freddy Boyz Vape Pocket CBD <\/strong><\/h2>\n<ul>\n<li><span style=\"font-weight: 400;\">Total CBD : <strong>600 mg <\/strong><\/span><\/li>\n<li><span style=\"font-weight: 400;\">Capacit\u00e9 du r\u00e9servoir : <strong>10ml<\/strong><\/span><\/li>\n<li>Vape \u00e0 usage unique<\/li>\n<li><span style=\"font-weight: 400;\">Courants d'air : jusqu'\u00e0 <strong>3000 bouff\u00e9es puissantes <\/strong><\/span><\/li>\n<li><span style=\"font-weight: 400;\">Ar\u00f4me : <strong>Halloween<\/strong><\/span><\/li>\n<li><span style=\"font-weight: 400;\">Batterie : <strong>USB Type-C rechargeable 500mAh <\/strong><\/span><\/li>\n<li><span style=\"font-weight: 400;\">Taille<strong> 82 x 49 x 22 mm <\/strong><\/span><\/li>\n<li><span style=\"font-weight: 400;\">THC : <strong>0% <\/strong><\/span><\/li>\n<li><span style=\"font-weight: 400;\">Nicotine : <strong>0% <\/strong><\/span><\/li>\n<\/ul>\n<p><span style=\"font-weight: 400;\">A <strong>compact, puissant et durable CBD vape pocket CBD<\/strong> qui unit <strong>CBD premium<\/strong> avec une esth\u00e9tique de rue incontournable. C'est la <strong>Freddy Boyz<\/strong> plus sombre.\u00a0<\/span><\/p>\n<p>&nbsp;<\/p>\n<h2><strong>Pourquoi tout le monde veut-il ce vaporisateur Kidd Keo CBD ? <\/strong><\/h2>\n<p><span style=\"font-weight: 400;\">Parce que <strong>il n'y a rien de comparable<\/strong>. <\/span><\/p>\n<p><span style=\"font-weight: 400;\">Le <strong>Freddy Boyz Vape Pocket CBD<\/strong> est le r\u00e9sultat d'une collaboration entre<strong> Kidd Keo x Iguana Smoke<\/strong>, o\u00f9 le design, la musique et le style de vie sont r\u00e9unis en un seul produit. <\/span><\/p>\n<p><span style=\"font-weight: 400;\">Gr\u00e2ce \u00e0 son <strong>10ml XXL tank et ses 600mg de CBD<\/strong>, offre une dur\u00e9e de vie beaucoup plus longue que la moyenne. Il s'agit donc de l'un des meilleurs au monde.<strong>Les exhausteurs de go\u00fbt au CBD les plus puissants et les plus durables du march\u00e9<\/strong>.<\/span><\/p>\n<p><span style=\"font-weight: 400;\"> En outre, en <strong>ne contiennent pas de THC ni de nicotine<\/strong>, Que vous cherchiez \u00e0 vous d\u00e9tendre ou \u00e0 \u00e9chapper \u00e0 votre routine quotidienne, vous pouvez profiter du CBD l\u00e9gal en Espagne en toute tranquillit\u00e9 d'esprit. <\/span><\/p>\n<p><span style=\"font-weight: 400;\">Chaque bouff\u00e9e est <strong>doux, intense et \u00e9quilibr\u00e9<\/strong>, parfait pour abaisser le r\u00e9gime <strong>sans perdre le c\u00f4t\u00e9 sombre et provocateur de Freddy Krueger<\/strong>.<\/span><\/p>\n<p>&nbsp;<\/p>\n<h2><strong>Design exclusif inspir\u00e9 de Freddy Krueger <\/strong><\/h2>\n<p><span style=\"font-weight: 400;\">Le <strong>Freddy Boyz Vape Pocket CBD<\/strong> peut \u00eatre consid\u00e9r\u00e9 comme un objet de collection. Son design combine le monde imaginaire sombre et cin\u00e9matographique de Freddy avec l'art urbain et provocateur de Keo, cr\u00e9ant un r\u00e9sultat unique et imm\u00e9diatement reconnaissable. <\/span><\/p>\n<p><span style=\"font-weight: 400;\">Si vous suivez la musique de Keo, que vous vous reconnaissez dans son esth\u00e9tique et que vous aimez faire votre propre chemin, cette \u00e9dition limit\u00e9e de CBD vape est faite pour vous. \u00a0<\/span><\/p>\n<p>&nbsp;<\/p>\n<h3><strong>Achetez votre Freddy Boyz Vape Pocket CBD par Kidd Keo maintenant ! <\/strong><\/h3>\n<p><span style=\"font-weight: 400;\">Ne restez pas sur le carreau. Mettez la main sur cette \u00e9dition limit\u00e9e avant qu'elle ne disparaisse de la carte. <\/span><\/p>\n<p><span style=\"font-weight: 400;\">Choisir <strong>pouvoir<\/strong>. <\/span><\/p>\n<p><span style=\"font-weight: 400;\">Choisir <strong>style<\/strong>. <\/span><\/p>\n<p><span style=\"font-weight: 400;\">Choisir <strong>Kidd Keo x Iguana Smoke<\/strong> - Choisissez d'acheter des produits CBD avec de l'attitude, du design et de l'authenticit\u00e9.<\/span><\/p>\n<p>&nbsp;<\/p>\n<h3><b>Iguana Smoke est votre boutique en ligne de CBD\u00a0<\/b><\/h3>\n<p><span style=\"font-weight: 400;\">Au<strong> Fum\u00e9e d'iguane<\/strong>, Nous pensons que la consommation de CBD doit se faire en toute s\u00e9curit\u00e9. C'est pourquoi nous proposons des produits comme celui-ci <strong>Freddy Boyz Vape Pocket CBD par Kidd Keo<\/strong>, La marque s'adresse aux nouvelles g\u00e9n\u00e9rations : des personnes qui recherchent un bien-\u00eatre simple, avec des marques authentiques et fiables.\u00a0<\/span><\/p>\n<p>Vous savez, notre mission est claire : vous apporter le meilleur du monde des cannabino\u00efdes \u00e0 un prix \u00e9quitable. De plus, nous vous offrons la tranquillit\u00e9 d'esprit de savoir que vous choisissez un produit certifi\u00e9, efficace et 100% l\u00e9gal. Votre temps de d\u00e9tente commence ici avec nous.<\/p>\n<p>Vous avez encore des doutes ? Ecrivez-nous et nous nous ferons un plaisir de vous aider \u00e0 trouver le produit qui vous convient.<\/p>\n<p>&nbsp;<\/p>\n<h6>\u2139\ufe0f<strong> Informations juridiques<\/strong><\/h6>\n<p><em><span style=\"font-weight: 400;\">*Produit destin\u00e9 \u00e0 la collection ou \u00e0 l'aromath\u00e9rapie, conform\u00e9ment \u00e0 la l\u00e9gislation espagnole en vigueur. <\/span><\/em><\/p>\n<p><em><span style=\"font-weight: 400;\">**D\u00e9riv\u00e9 de chanvre industriel certifi\u00e9. Contient moins de 0,3 THC et ne contient pas de cannabino\u00efdes ill\u00e9gaux tels que HHC, HHC-P, THCP, THCP-O, H4CBD ou des substances \u00e9num\u00e9r\u00e9es \u00e0 l'annexe I du d\u00e9cret royal 2829\/1977, ni de substances contr\u00f4l\u00e9es par des conventions internationales.\u00a0\u00a0<\/span><\/em><\/p>","protected":false},"excerpt":{"rendered":"<p><span style=\"font-weight: 400;\">Caract\u00e9ristiques de la <strong>Freddy Boyz par Kidd Keo x Iguana Smoke : <\/strong><\/span><\/p>\n<ul>\n<li><span style=\"font-weight: 400;\">Vapeur CBD jetable<\/span><\/li>\n<li><span style=\"font-weight: 400;\">Dimensions : <strong>82 x 49x 22 mm<\/strong>\u00a0<\/span><\/li>\n<li><span style=\"font-weight: 400;\">Batterie : <strong>550 mAh USB-C<\/strong><\/span><\/li>\n<li>Ar\u00f4me : <strong>Halloween<\/strong><\/li>\n<li><span style=\"font-weight: 400;\">Capacit\u00e9 : <strong>10ml <\/strong><\/span><\/li>\n<li><span style=\"font-weight: 400;\">Caladas : <strong>jusqu'\u00e0 3000 <\/strong><\/span><\/li>\n<li><span style=\"font-weight: 400;\">CBD : <strong>600\/10ml <\/strong><\/span><\/li>\n<li><span style=\"font-weight: 400;\">THC : <strong>0% <\/strong><\/span><\/li>\n<li><span style=\"font-weight: 400;\">Nicotine : <strong>0%\u00a0<\/strong>\u00a0<\/span><\/li>\n<\/ul>\n<p><span style=\"font-weight: 400;\">En outre, si vous le souhaitez, vous pouvez consulter<strong> <a href=\"https:\/\/iguanasmoke.com\/fr\/lanalyse\/\">analyse en laboratoire.<\/a><\/strong><\/span><\/p>","protected":false},"featured_media":22620,"comment_status":"open","ping_status":"closed","template":"","meta":{"_acf_changed":false,"site-sidebar-layout":"default","site-content-layout":"default","ast-site-content-layout":"default","site-content-style":"default","site-sidebar-style":"default","ast-global-header-display":"","ast-banner-title-visibility":"","ast-main-header-display":"","ast-hfb-above-header-display":"","ast-hfb-below-header-display":"","ast-hfb-mobile-header-display":"","site-post-title":"","ast-breadcrumbs-content":"","ast-featured-img":"","footer-sml-layout":"","theme-transparent-header-meta":"default","adv-header-id-meta":"","stick-header-meta":"","header-above-stick-meta":"","header-main-stick-meta":"","header-below-stick-meta":"","astra-migrate-meta-layouts":"set","ast-page-background-enabled":"default","ast-page-background-meta":{"desktop":{"background-color":"var(--ast-global-color-4)","background-image":"","background-repeat":"repeat","background-position":"center center","background-size":"auto","background-attachment":"scroll","background-type":"","background-media":"","overlay-type":"","overlay-color":"","overlay-opacity":"","overlay-gradient":""},"tablet":{"background-color":"","background-image":"","background-repeat":"repeat","background-position":"center center","background-size":"auto","background-attachment":"scroll","background-type":"","background-media":"","overlay-type":"","overlay-color":"","overlay-opacity":"","overlay-gradient":""},"mobile":{"background-color":"","background-image":"","background-repeat":"repeat","background-position":"center center","background-size":"auto","background-attachment":"scroll","background-type":"","background-media":"","overlay-type":"","overlay-color":"","overlay-opacity":"","overlay-gradient":""}},"ast-content-background-meta":{"desktop":{"background-color":"var(--ast-global-color-5)","background-image":"","background-repeat":"repeat","background-position":"center center","background-size":"auto","background-attachment":"scroll","background-type":"","background-media":"","overlay-type":"","overlay-color":"","overlay-opacity":"","overlay-gradient":""},"tablet":{"background-color":"var(--ast-global-color-5)","background-image":"","background-repeat":"repeat","background-position":"center center","background-size":"auto","background-attachment":"scroll","background-type":"","background-media":"","overlay-type":"","overlay-color":"","overlay-opacity":"","overlay-gradient":""},"mobile":{"background-color":"var(--ast-global-color-5)","background-image":"","background-repeat":"repeat","background-position":"center center","background-size":"auto","background-attachment":"scroll","background-type":"","background-media":"","overlay-type":"","overlay-color":"","overlay-opacity":"","overlay-gradient":""}}},"product_brand":[],"product_cat":[426,420],"product_tag":[],"class_list":{"0":"post-22618","1":"product","2":"type-product","3":"status-publish","4":"has-post-thumbnail","6":"product_cat-pods","7":"product_cat-vaper-pocket-cbd","8":"desktop-align-center","9":"tablet-align-center","10":"mobile-align-center","12":"first","13":"instock","14":"taxable","15":"shipping-taxable","16":"purchasable","17":"product-type-simple"},"acf":[],"yoast_head":"<!-- This site is optimized with the Yoast SEO Premium plugin v27.3 (Yoast SEO v27.3) - https:\/\/yoast.com\/product\/yoast-seo-premium-wordpress\/ -->\n<title>Freddy Boyz Vape Pocket CBD by Kidd Keo \u2013 Edici\u00f3n Limitada | Iguana Smoke<\/title>\n<meta name=\"description\" content=\"Descubre el Freddy Boyz Vape Pocket CBD by Kidd Keo, edici\u00f3n limitada Halloween. 3000 caladas, 600mg CBD, 0% THC. \u00a1Compra tu vaper CBD exclusivo ahora!\" \/>\n<meta name=\"robots\" content=\"index, follow, max-snippet:-1, max-image-preview:large, max-video-preview:-1\" \/>\n<link rel=\"canonical\" href=\"https:\/\/iguanasmoke.com\/fr\/produit\/vaper-freddy-boyz-by-kidd-keo\/\" \/>\n<meta property=\"og:locale\" content=\"fr_FR\" \/>\n<meta property=\"og:type\" content=\"article\" \/>\n<meta property=\"og:title\" content=\"Freddy Boyz Vape Pocket CBD by Kidd Keo\" \/>\n<meta property=\"og:description\" content=\"Caracter\u00edsticas del Freddy Boyz by Kidd Keo x Iguana Smoke:    Vape CBD desechable  Dimensiones: 82 x 49x 22 mm\u00a0  Bater\u00eda: 550 mAh USB-C  Aroma: Halloween  Capacidad: 10ml   Caladas: hasta 3000   CBD: 600\/10ml   THC: 0%   Nicotina: 0%\u00a0\u00a0  Adem\u00e1s, si quieres puedes consultar el an\u00e1lisis de laboratorio.\" \/>\n<meta property=\"og:url\" content=\"https:\/\/iguanasmoke.com\/fr\/produit\/vaper-freddy-boyz-by-kidd-keo\/\" \/>\n<meta property=\"og:site_name\" content=\"Iguana Smoke\" \/>\n<meta property=\"article:publisher\" content=\"https:\/\/www.facebook.com\/iguanasmoke\" \/>\n<meta property=\"article:modified_time\" content=\"2026-04-15T10:21:13+00:00\" \/>\n<meta property=\"og:image\" content=\"https:\/\/iguanasmoke.com\/wp-content\/uploads\/2023\/11\/FBKK-2-webp.webp\" \/>\n\t<meta property=\"og:image:width\" content=\"500\" \/>\n\t<meta property=\"og:image:height\" content=\"500\" \/>\n\t<meta property=\"og:image:type\" content=\"image\/webp\" \/>\n<meta name=\"twitter:card\" content=\"summary_large_image\" \/>\n<meta name=\"twitter:label1\" content=\"Prix\" \/>\n\t<meta name=\"twitter:data1\" content=\"29,90&nbsp;&euro;\" \/>\n\t<meta name=\"twitter:label2\" content=\"Disponibilit\u00e9\" \/>\n\t<meta name=\"twitter:data2\" content=\"En stock\" \/>\n<meta property=\"product:brand\" content=\"simple\" \/>\n<meta property=\"product:price:amount\" content=\"29.90\" \/>\n<meta property=\"product:price:currency\" content=\"EUR\" \/>\n<meta property=\"og:availability\" content=\"instock\" \/>\n<meta property=\"product:availability\" content=\"instock\" \/>\n<meta property=\"product:retailer_item_id\" content=\"IS-FREDDY-3000\" \/>\n<meta property=\"product:condition\" content=\"new\" \/>\n<!-- \/ Yoast SEO Premium plugin. -->","yoast_head_json":{"title":"Freddy Boyz Vape Pocket CBD by Kidd Keo - Limited Edition | Iguana Smoke","description":"D\u00e9couvrez la Freddy Boyz Vape Pocket CBD de Kidd Keo, \u00e9dition limit\u00e9e pour Halloween. 3000 bouff\u00e9es, 600mg CBD, 0% THC. Achetez votre vaper CBD exclusif maintenant !","robots":{"index":"index","follow":"follow","max-snippet":"max-snippet:-1","max-image-preview":"max-image-preview:large","max-video-preview":"max-video-preview:-1"},"canonical":"https:\/\/iguanasmoke.com\/fr\/produit\/vaper-freddy-boyz-by-kidd-keo\/","og_locale":"fr_FR","og_type":"article","og_title":"Freddy Boyz Vape Pocket CBD by Kidd Keo","og_description":"Caracter\u00edsticas del Freddy Boyz by Kidd Keo x Iguana Smoke:    Vape CBD desechable  Dimensiones: 82 x 49x 22 mm\u00a0  Bater\u00eda: 550 mAh USB-C  Aroma: Halloween  Capacidad: 10ml   Caladas: hasta 3000   CBD: 600\/10ml   THC: 0%   Nicotina: 0%\u00a0\u00a0  Adem\u00e1s, si quieres puedes consultar el an\u00e1lisis de laboratorio.","og_url":"https:\/\/iguanasmoke.com\/fr\/produit\/vaper-freddy-boyz-by-kidd-keo\/","og_site_name":"Iguana Smoke","article_publisher":"https:\/\/www.facebook.com\/iguanasmoke","article_modified_time":"2026-04-15T10:21:13+00:00","og_image":[{"width":500,"height":500,"url":"https:\/\/iguanasmoke.com\/wp-content\/uploads\/2023\/11\/FBKK-2-webp.webp","type":"image\/webp"}],"twitter_card":"summary_large_image","twitter_misc":{"Prix":"29,90&nbsp;&euro;","Disponibilit\u00e9":"En stock"},"schema":{"@context":"https:\/\/schema.org","@graph":[{"@type":"WebPage","@id":"https:\/\/iguanasmoke.com\/producto\/vaper-freddy-boyz-by-kidd-keo\/","url":"https:\/\/iguanasmoke.com\/producto\/vaper-freddy-boyz-by-kidd-keo\/","name":"Freddy Boyz Vape Pocket CBD by Kidd Keo - Limited Edition | Iguana Smoke","isPartOf":{"@id":"https:\/\/iguanasmoke.com\/#website"},"primaryImageOfPage":{"@id":"https:\/\/iguanasmoke.com\/producto\/vaper-freddy-boyz-by-kidd-keo\/#primaryimage"},"image":{"@id":"https:\/\/iguanasmoke.com\/producto\/vaper-freddy-boyz-by-kidd-keo\/#primaryimage"},"thumbnailUrl":"https:\/\/iguanasmoke.com\/wp-content\/uploads\/2023\/11\/FBKK-2-webp.webp","datePublished":"2023-11-08T18:00:06+00:00","dateModified":"2026-04-15T10:21:13+00:00","description":"D\u00e9couvrez la Freddy Boyz Vape Pocket CBD de Kidd Keo, \u00e9dition limit\u00e9e pour Halloween. 3000 bouff\u00e9es, 600mg CBD, 0% THC. Achetez votre vaper CBD exclusif maintenant !","breadcrumb":{"@id":"https:\/\/iguanasmoke.com\/producto\/vaper-freddy-boyz-by-kidd-keo\/#breadcrumb"},"inLanguage":"fr-FR","potentialAction":[{"@type":"ReadAction","target":["https:\/\/iguanasmoke.com\/producto\/vaper-freddy-boyz-by-kidd-keo\/"]}]},{"@type":"ImageObject","inLanguage":"fr-FR","@id":"https:\/\/iguanasmoke.com\/producto\/vaper-freddy-boyz-by-kidd-keo\/#primaryimage","url":"https:\/\/iguanasmoke.com\/wp-content\/uploads\/2023\/11\/FBKK-2-webp.webp","contentUrl":"https:\/\/iguanasmoke.com\/wp-content\/uploads\/2023\/11\/FBKK-2-webp.webp","width":500,"height":500,"caption":"pod vaper cbd kidd keo"},{"@type":"BreadcrumbList","@id":"https:\/\/iguanasmoke.com\/producto\/vaper-freddy-boyz-by-kidd-keo\/#breadcrumb","itemListElement":[{"@type":"ListItem","position":1,"name":"home","item":"https:\/\/iguanasmoke.com\/"},{"@type":"ListItem","position":2,"name":"Tienda","item":"https:\/\/iguanasmoke.com\/tienda\/"},{"@type":"ListItem","position":3,"name":"Vaper CBD","item":"https:\/\/iguanasmoke.com\/categoria\/vaper-cbd\/"},{"@type":"ListItem","position":4,"name":"Pods","item":"https:\/\/iguanasmoke.com\/categoria\/vaper-cbd\/pods\/"},{"@type":"ListItem","position":5,"name":"Freddy Boyz Vape Pocket CBD by Kidd Keo"}]},{"@type":"WebSite","@id":"https:\/\/iguanasmoke.com\/#website","url":"https:\/\/iguanasmoke.com\/","name":"Fum\u00e9e d'iguane","description":"Acheter du CBD en ligne au meilleur prix","publisher":{"@id":"https:\/\/iguanasmoke.com\/#organization"},"potentialAction":[{"@type":"SearchAction","target":{"@type":"EntryPoint","urlTemplate":"https:\/\/iguanasmoke.com\/?s={search_term_string}"},"query-input":{"@type":"PropertyValueSpecification","valueRequired":true,"valueName":"search_term_string"}}],"inLanguage":"fr-FR"},{"@type":"Organization","@id":"https:\/\/iguanasmoke.com\/#organization","name":"Fum\u00e9e d'iguane","url":"https:\/\/iguanasmoke.com\/","logo":{"@type":"ImageObject","inLanguage":"fr-FR","@id":"https:\/\/iguanasmoke.com\/#\/schema\/logo\/image\/","url":"https:\/\/iguanasmoke.com\/wp-content\/uploads\/2025\/01\/logoiguana-favi-1.png","contentUrl":"https:\/\/iguanasmoke.com\/wp-content\/uploads\/2025\/01\/logoiguana-favi-1.png","width":512,"height":512,"caption":"Iguana Smoke"},"image":{"@id":"https:\/\/iguanasmoke.com\/#\/schema\/logo\/image\/"},"sameAs":["https:\/\/www.facebook.com\/iguanasmoke","https:\/\/www.instagram.com\/iguanasmoke\/"]}]},"product_brand":"simple","product_price_amount":"29.90","product_price_currency":"EUR","og_availability":"instock","product_availability":"instock","product_retailer_item_id":"IS-FREDDY-3000","product_condition":"new"},"_links":{"self":[{"href":"https:\/\/iguanasmoke.com\/fr\/wp-json\/wp\/v2\/product\/22618","targetHints":{"allow":["GET"]}}],"collection":[{"href":"https:\/\/iguanasmoke.com\/fr\/wp-json\/wp\/v2\/product"}],"about":[{"href":"https:\/\/iguanasmoke.com\/fr\/wp-json\/wp\/v2\/types\/product"}],"replies":[{"embeddable":true,"href":"https:\/\/iguanasmoke.com\/fr\/wp-json\/wp\/v2\/comments?post=22618"}],"wp:featuredmedia":[{"embeddable":true,"href":"https:\/\/iguanasmoke.com\/fr\/wp-json\/wp\/v2\/media\/22620"}],"wp:attachment":[{"href":"https:\/\/iguanasmoke.com\/fr\/wp-json\/wp\/v2\/media?parent=22618"}],"wp:term":[{"taxonomy":"product_brand","embeddable":true,"href":"https:\/\/iguanasmoke.com\/fr\/wp-json\/wp\/v2\/product_brand?post=22618"},{"taxonomy":"product_cat","embeddable":true,"href":"https:\/\/iguanasmoke.com\/fr\/wp-json\/wp\/v2\/product_cat?post=22618"},{"taxonomy":"product_tag","embeddable":true,"href":"https:\/\/iguanasmoke.com\/fr\/wp-json\/wp\/v2\/product_tag?post=22618"}],"curies":[{"name":"wp","href":"https:\/\/api.w.org\/{rel}","templated":true}]}}