{"id":25695,"date":"2023-12-07T17:39:25","date_gmt":"2023-12-07T16:39:25","guid":{"rendered":"https:\/\/iguanasmoke.com\/?post_type=product&#038;p=25695"},"modified":"2026-03-20T13:21:26","modified_gmt":"2026-03-20T12:21:26","slug":"hash-cbd-lemon-haze-20","status":"publish","type":"product","link":"https:\/\/iguanasmoke.com\/fr\/producto\/hash-cbd-lemon-haze-20\/","title":{"rendered":"Hash CBD Pollen Lemon Haze 20%"},"content":{"rendered":"<h1><span style=\"font-weight: 400;\">Polen Lemon Haze Hash 20% CBD : Le haschisch des connaisseurs<\/span><\/h1>\n<p><span style=\"font-weight: 400;\">Si vous cherchez <strong>Hachis sans THC \u00e0 forte teneur en CBD<\/strong>, vous \u00eates au bon endroit. Notre <strong>Hash CBD Lemon Haze 20% <\/strong>\u00a0est un <strong>r\u00e9sine<\/strong> <strong>prime<\/strong> qui offre une exp\u00e9rience unique tant aux utilisateurs r\u00e9guliers qu'\u00e0 ceux qui souhaitent se familiariser avec la technologie. <strong>Essayer le haschisch CBD pour la premi\u00e8re fois<\/strong>. Un ar\u00f4me intense, une texture parfaite et un effet relaxant : vous devez essayer ce pollen. <\/span><\/p>\n<p><span style=\"font-weight: 400;\">Commandez aujourd'hui et profitez du meilleur <strong>hash CBD en ligne<\/strong>!<\/span><\/p>\n<p>&nbsp;<\/p>\n<h2>Caract\u00e9ristiques de la Hash CBD Lemon Haze 20% :<\/h2>\n<ul>\n<li><b>Aspect et texture : <\/b>visuellement, il se distingue par son t<strong>extura souple et mall\u00e9able<\/strong>, invitant \u00e0 une exp\u00e9rience tactile aussi agr\u00e9able que son effet. Sa coloration et sa texture t\u00e9moignent de sa grande qualit\u00e9.<\/li>\n<li><span style=\"font-size: 16px; font-weight: 400;\"><strong>Ar\u00f4me et go\u00fbt :<\/strong> L'ar\u00f4me est subtilement <strong>agrumes<\/strong> de cette r\u00e9sine est un v\u00e9ritable <strong>plaisir olfactif<\/strong>. Cette caract\u00e9ristique en fait un choix unique pour ceux qui recherchent une r\u00e9sine au profil aromatique distinctif et enveloppant.<\/span><\/li>\n<li><strong>Origine et puret\u00e9 :<\/strong> S\u00e9lectionn\u00e9e et trait\u00e9e avec soin, cette r\u00e9sine provient de sources fiables qui garantissent puret\u00e9 et qualit\u00e9. <span style=\"font-size: 16px; font-weight: 400;\">Ce souci du d\u00e9tail permet d'obtenir un produit \u00e9quilibr\u00e9, ce qui est essentiel pour les personnes qui souhaitent <strong>CBD bon march\u00e9<\/strong> mais ne veulent pas compromettre la qualit\u00e9 de la <strong>Haschisch CBD Lemon Haze<\/strong>.<\/span><\/li>\n<\/ul>\n<p>&nbsp;<\/p>\n<h3><b>Pourquoi acheter du haschisch et de la r\u00e9sine de CBD chez Iguana Smoke ?<\/b><\/h3>\n<p><span style=\"font-weight: 400;\">Chez Iguana Smoke, nous nous engageons sur la qualit\u00e9. Nos produits de CBD hash sont 100% naturels et organiques, sans produits chimiques ni pesticides. Cela signifie que lorsque vous achetez chez nous, vous choisissez du hash et de la r\u00e9sine de CBD purs et s\u00fbrs. Comme c'est le cas pour notre <span style=\"font-size: 16px; font-weight: 400;\"><strong>Haschisch CBD Lemon Haze<\/strong><\/span> <strong>20%.<\/strong><\/span><\/p>\n<p><span style=\"font-weight: 400;\">C'est sans aucun doute l'endroit le plus s\u00fbr <strong>O\u00f9 acheter du haschisch CBD en Espagne<\/strong> car tous nos produits sont approuv\u00e9s par l'UE, ce qui garantit leur l\u00e9galit\u00e9 et leur s\u00e9curit\u00e9. Avec moins de 0,3 % de THC, notre hash et notre r\u00e9sine de CBD vous permettent de profiter des nombreux avantages du CBD sans les effets psychoactifs. P<\/span><span style=\"font-weight: 400;\">ous pouvez consulter l'analyse de la qualit\u00e9 de ce hachage <a href=\"https:\/\/iguanasmoke.com\/fr\/lanalyse\/\">ici<\/a>.\u00a0<\/span><\/p>\n<p><em><span style=\"font-weight: 400;\">N'oubliez pas que son utilisation est destin\u00e9e \u00e0 la collecte ou \u00e0 l'aromath\u00e9rapie, conform\u00e9ment \u00e0 la l\u00e9gislation espagnole.\u00a0<\/span><\/em><\/p>\n<p><span style=\"font-weight: 400;\">De plus, si vous aimez nos autres r\u00e9sines telles que<a href=\"https:\/\/iguanasmoke.com\/fr\/produit\/espace-hachage-marocain-stv-sativanol\/\">\u00a0le Space Hash marocain STV <\/a> ou le <a href=\"https:\/\/iguanasmoke.com\/fr\/produit\/ice-hash-cbd-60\/\">glace90<\/a> de la CBD, nous vous assurons que la <strong>Hash CBD Lemon Haze 20%<\/strong> mettra vos sens en \u00e9veil. N'oubliez pas non plus de d\u00e9couvrir d'autres produits populaires, tels que le <a href=\"https:\/\/iguanasmoke.com\/fr\/categorie\/vapers\/vapes-de-cbd-de-poche\/\">vapes CBD de poche<\/a> et le <a href=\"https:\/\/iguanasmoke.com\/fr\/categorie\/comprar-flor-cbd-cogollos-online\/\">Fleurs de CBD.<\/a> <\/span><span style=\"font-weight: 400;\">Explorez notre gamme d\u00e8s aujourd'hui et trouvez votre favori.\u00a0<\/span><\/p>\n<p>&nbsp;<\/p>\n<h3><b>Iguana Smoke est synonyme de qualit\u00e9 et de fiabilit\u00e9.<\/b><\/h3>\n<p><span style=\"font-weight: 400;\">Chez Iguana Smoke, nous pensons que le CBD doit \u00eatre une exp\u00e9rience s\u00fbre, accessible et agr\u00e9able. C'est pourquoi nous proposons des produits de haute qualit\u00e9 qui s'adressent aux nouvelles g\u00e9n\u00e9rations : des personnes qui recherchent un bien-\u00eatre simple, avec des marques authentiques et fiables. N'oubliez pas que tous nos produits sont <strong>Hachis sans THC \u00e0 forte teneur en CBD<\/strong>, tels que le <strong>Haschisch CBD Lemon Haze <\/strong>vous achetez.<\/span><\/p>\n<p>En d'autres termes, notre mission est claire : vous apporter le meilleur du CBD \u00e0 un prix \u00e9quitable, avec la tranquillit\u00e9 d'esprit de savoir que vous choisissez un produit certifi\u00e9, efficace et 100% l\u00e9gal. Nous sommes \u00e0 l'avant-garde des produits CBD.<\/p>\n<p>Vous avez des questions ? Ecrivez-nous et nous nous ferons un plaisir de vous aider \u00e0 trouver le produit qui vous convient.<\/p>","protected":false},"excerpt":{"rendered":"<p>D\u00e9couvrez notre Lemon Haze Hash 20% CBD, une r\u00e9sine CBD qui se distingue par son ar\u00f4me doux et terreux. Son odeur \u00e0 la fois citronn\u00e9e et douce la rend incroyable dans le monde du haschisch.<\/p>\n<ul>\n<li>CBD : 20% \/ THC : &lt;0.3%<\/li>\n<li>Ar\u00f4me fort avec des notes d'agrumes<\/li>\n<li>100% l\u00e9gal en Europe<\/li>\n<\/ul>\n<p>Analyse de la qualit\u00e9 : cliquez <a href=\"https:\/\/iguanasmoke.com\/fr\/lanalyse\/\">ici<\/a><\/p>","protected":false},"featured_media":81867,"comment_status":"open","ping_status":"closed","template":"","meta":{"_acf_changed":false,"site-sidebar-layout":"default","site-content-layout":"default","ast-site-content-layout":"default","site-content-style":"default","site-sidebar-style":"default","ast-global-header-display":"","ast-banner-title-visibility":"","ast-main-header-display":"","ast-hfb-above-header-display":"","ast-hfb-below-header-display":"","ast-hfb-mobile-header-display":"","site-post-title":"","ast-breadcrumbs-content":"","ast-featured-img":"","footer-sml-layout":"","theme-transparent-header-meta":"default","adv-header-id-meta":"","stick-header-meta":"","header-above-stick-meta":"","header-main-stick-meta":"","header-below-stick-meta":"","astra-migrate-meta-layouts":"set","ast-page-background-enabled":"default","ast-page-background-meta":{"desktop":{"background-color":"var(--ast-global-color-4)","background-image":"","background-repeat":"repeat","background-position":"center center","background-size":"auto","background-attachment":"scroll","background-type":"","background-media":"","overlay-type":"","overlay-color":"","overlay-opacity":"","overlay-gradient":""},"tablet":{"background-color":"","background-image":"","background-repeat":"repeat","background-position":"center center","background-size":"auto","background-attachment":"scroll","background-type":"","background-media":"","overlay-type":"","overlay-color":"","overlay-opacity":"","overlay-gradient":""},"mobile":{"background-color":"","background-image":"","background-repeat":"repeat","background-position":"center center","background-size":"auto","background-attachment":"scroll","background-type":"","background-media":"","overlay-type":"","overlay-color":"","overlay-opacity":"","overlay-gradient":""}},"ast-content-background-meta":{"desktop":{"background-color":"var(--ast-global-color-5)","background-image":"","background-repeat":"repeat","background-position":"center center","background-size":"auto","background-attachment":"scroll","background-type":"","background-media":"","overlay-type":"","overlay-color":"","overlay-opacity":"","overlay-gradient":""},"tablet":{"background-color":"var(--ast-global-color-5)","background-image":"","background-repeat":"repeat","background-position":"center center","background-size":"auto","background-attachment":"scroll","background-type":"","background-media":"","overlay-type":"","overlay-color":"","overlay-opacity":"","overlay-gradient":""},"mobile":{"background-color":"var(--ast-global-color-5)","background-image":"","background-repeat":"repeat","background-position":"center center","background-size":"auto","background-attachment":"scroll","background-type":"","background-media":"","overlay-type":"","overlay-color":"","overlay-opacity":"","overlay-gradient":""}}},"product_brand":[],"product_cat":[397],"product_tag":[],"class_list":{"0":"post-25695","1":"product","2":"type-product","3":"status-publish","4":"has-post-thumbnail","6":"product_cat-hash-cbd","7":"desktop-align-center","8":"tablet-align-center","9":"mobile-align-center","11":"first","12":"instock","13":"taxable","14":"shipping-taxable","15":"purchasable","16":"product-type-variable"},"acf":[],"yoast_head":"<!-- This site is optimized with the Yoast SEO Premium plugin v27.3 (Yoast SEO v27.3) - https:\/\/yoast.com\/product\/yoast-seo-premium-wordpress\/ -->\n<title>Hash CBD Lemon Haze: Comprar Hash CBD Espa\u00f1a | Iguana Smoke<\/title>\n<meta name=\"description\" content=\"Compra Lemon Haze Hash CBD 20% al mejor precio en Iguana Smoke. Tu lugar de confianza para comprar Hash sin THC con alto contenido en CBD en Espa\u00f1a.\" \/>\n<meta name=\"robots\" content=\"index, follow, max-snippet:-1, max-image-preview:large, max-video-preview:-1\" \/>\n<link rel=\"canonical\" href=\"https:\/\/iguanasmoke.com\/fr\/produit\/hash-cbd-lemon-haze-20\/\" \/>\n<meta property=\"og:locale\" content=\"fr_FR\" \/>\n<meta property=\"og:type\" content=\"article\" \/>\n<meta property=\"og:title\" content=\"Hash CBD Polen Lemon Haze 20%\" \/>\n<meta property=\"og:description\" content=\"Explora nuestro Lemon Haze Hash 20% CBD, una resina CBD que destaca por su suavidad y aroma terroso. Su olor c\u00edtrico pero suave lo hace incre\u00edble en el mundo del hach\u00eds.   CBD: 20% \/ THC: &lt;0,3%  Aroma fuerte con tonos c\u00edtricos  100% legal en Europa  An\u00e1lisis de calidad: pincha aqu\u00ed\" \/>\n<meta property=\"og:url\" content=\"https:\/\/iguanasmoke.com\/fr\/produit\/hash-cbd-lemon-haze-20\/\" \/>\n<meta property=\"og:site_name\" content=\"Iguana Smoke\" \/>\n<meta property=\"article:publisher\" content=\"https:\/\/www.facebook.com\/iguanasmoke\" \/>\n<meta property=\"article:modified_time\" content=\"2026-03-20T12:21:26+00:00\" \/>\n<meta property=\"og:image\" content=\"https:\/\/iguanasmoke.com\/wp-content\/uploads\/2023\/12\/Lemon-Haze-2g-con-hash.webp\" \/>\n\t<meta property=\"og:image:width\" content=\"1000\" \/>\n\t<meta property=\"og:image:height\" content=\"1000\" \/>\n\t<meta property=\"og:image:type\" content=\"image\/webp\" \/>\n<meta name=\"twitter:card\" content=\"summary_large_image\" \/>\n<meta name=\"twitter:label1\" content=\"Disponibilit\u00e9\" \/>\n\t<meta name=\"twitter:data1\" content=\"En stock\" \/>\n<meta property=\"product:brand\" content=\"variable\" \/>\n<meta property=\"og:availability\" content=\"instock\" \/>\n<meta property=\"product:availability\" content=\"instock\" \/>\n<meta property=\"product:condition\" content=\"new\" \/>\n<!-- \/ Yoast SEO Premium plugin. -->","yoast_head_json":{"title":"Hash CBD Lemon Haze : Acheter Hash CBD UK : Iguana Smoke","description":"Acheter Lemon Haze Hash CBD 20% au meilleur prix en Iguana Smoke. Votre lieu de confiance pour acheter du Hash sans THC avec une haute teneur en CBD en Espagne.","robots":{"index":"index","follow":"follow","max-snippet":"max-snippet:-1","max-image-preview":"max-image-preview:large","max-video-preview":"max-video-preview:-1"},"canonical":"https:\/\/iguanasmoke.com\/fr\/produit\/hash-cbd-lemon-haze-20\/","og_locale":"fr_FR","og_type":"article","og_title":"Hash CBD Polen Lemon Haze 20%","og_description":"Explora nuestro Lemon Haze Hash 20% CBD, una resina CBD que destaca por su suavidad y aroma terroso. Su olor c\u00edtrico pero suave lo hace incre\u00edble en el mundo del hach\u00eds.   CBD: 20% \/ THC: &lt;0,3%  Aroma fuerte con tonos c\u00edtricos  100% legal en Europa  An\u00e1lisis de calidad: pincha aqu\u00ed","og_url":"https:\/\/iguanasmoke.com\/fr\/produit\/hash-cbd-lemon-haze-20\/","og_site_name":"Iguana Smoke","article_publisher":"https:\/\/www.facebook.com\/iguanasmoke","article_modified_time":"2026-03-20T12:21:26+00:00","og_image":[{"width":1000,"height":1000,"url":"https:\/\/iguanasmoke.com\/wp-content\/uploads\/2023\/12\/Lemon-Haze-2g-con-hash.webp","type":"image\/webp"}],"twitter_card":"summary_large_image","twitter_misc":{"Disponibilit\u00e9":"En stock"},"schema":{"@context":"https:\/\/schema.org","@graph":[{"@type":"WebPage","@id":"https:\/\/iguanasmoke.com\/producto\/hash-cbd-lemon-haze-20\/","url":"https:\/\/iguanasmoke.com\/producto\/hash-cbd-lemon-haze-20\/","name":"Hash CBD Lemon Haze : Acheter Hash CBD UK : Iguana Smoke","isPartOf":{"@id":"https:\/\/iguanasmoke.com\/#website"},"primaryImageOfPage":{"@id":"https:\/\/iguanasmoke.com\/producto\/hash-cbd-lemon-haze-20\/#primaryimage"},"image":{"@id":"https:\/\/iguanasmoke.com\/producto\/hash-cbd-lemon-haze-20\/#primaryimage"},"thumbnailUrl":"https:\/\/iguanasmoke.com\/wp-content\/uploads\/2023\/12\/Lemon-Haze-2g-con-hash.webp","datePublished":"2023-12-07T16:39:25+00:00","dateModified":"2026-03-20T12:21:26+00:00","description":"Acheter Lemon Haze Hash CBD 20% au meilleur prix en Iguana Smoke. Votre lieu de confiance pour acheter du Hash sans THC avec une haute teneur en CBD en Espagne.","breadcrumb":{"@id":"https:\/\/iguanasmoke.com\/producto\/hash-cbd-lemon-haze-20\/#breadcrumb"},"inLanguage":"fr-FR","potentialAction":[{"@type":"ReadAction","target":["https:\/\/iguanasmoke.com\/producto\/hash-cbd-lemon-haze-20\/"]}]},{"@type":"ImageObject","inLanguage":"fr-FR","@id":"https:\/\/iguanasmoke.com\/producto\/hash-cbd-lemon-haze-20\/#primaryimage","url":"https:\/\/iguanasmoke.com\/wp-content\/uploads\/2023\/12\/Lemon-Haze-2g-con-hash.webp","contentUrl":"https:\/\/iguanasmoke.com\/wp-content\/uploads\/2023\/12\/Lemon-Haze-2g-con-hash.webp","width":1000,"height":1000,"caption":"Hash CBD Lemon Haze 2g"},{"@type":"BreadcrumbList","@id":"https:\/\/iguanasmoke.com\/producto\/hash-cbd-lemon-haze-20\/#breadcrumb","itemListElement":[{"@type":"ListItem","position":1,"name":"home","item":"https:\/\/iguanasmoke.com\/"},{"@type":"ListItem","position":2,"name":"Tienda","item":"https:\/\/iguanasmoke.com\/tienda\/"},{"@type":"ListItem","position":3,"name":"Hash CBD","item":"https:\/\/iguanasmoke.com\/categoria\/hash-cbd\/"},{"@type":"ListItem","position":4,"name":"Hash CBD Polen Lemon Haze 20%"}]},{"@type":"WebSite","@id":"https:\/\/iguanasmoke.com\/#website","url":"https:\/\/iguanasmoke.com\/","name":"Fum\u00e9e d'iguane","description":"Acheter du CBD en ligne au meilleur prix","publisher":{"@id":"https:\/\/iguanasmoke.com\/#organization"},"potentialAction":[{"@type":"SearchAction","target":{"@type":"EntryPoint","urlTemplate":"https:\/\/iguanasmoke.com\/?s={search_term_string}"},"query-input":{"@type":"PropertyValueSpecification","valueRequired":true,"valueName":"search_term_string"}}],"inLanguage":"fr-FR"},{"@type":"Organization","@id":"https:\/\/iguanasmoke.com\/#organization","name":"Fum\u00e9e d'iguane","url":"https:\/\/iguanasmoke.com\/","logo":{"@type":"ImageObject","inLanguage":"fr-FR","@id":"https:\/\/iguanasmoke.com\/#\/schema\/logo\/image\/","url":"https:\/\/iguanasmoke.com\/wp-content\/uploads\/2025\/01\/logoiguana-favi-1.png","contentUrl":"https:\/\/iguanasmoke.com\/wp-content\/uploads\/2025\/01\/logoiguana-favi-1.png","width":512,"height":512,"caption":"Iguana Smoke"},"image":{"@id":"https:\/\/iguanasmoke.com\/#\/schema\/logo\/image\/"},"sameAs":["https:\/\/www.facebook.com\/iguanasmoke","https:\/\/www.instagram.com\/iguanasmoke\/"]}]},"product_brand":"variable","og_availability":"instock","product_availability":"instock","product_condition":"new"},"_links":{"self":[{"href":"https:\/\/iguanasmoke.com\/fr\/wp-json\/wp\/v2\/product\/25695","targetHints":{"allow":["GET"]}}],"collection":[{"href":"https:\/\/iguanasmoke.com\/fr\/wp-json\/wp\/v2\/product"}],"about":[{"href":"https:\/\/iguanasmoke.com\/fr\/wp-json\/wp\/v2\/types\/product"}],"replies":[{"embeddable":true,"href":"https:\/\/iguanasmoke.com\/fr\/wp-json\/wp\/v2\/comments?post=25695"}],"wp:featuredmedia":[{"embeddable":true,"href":"https:\/\/iguanasmoke.com\/fr\/wp-json\/wp\/v2\/media\/81867"}],"wp:attachment":[{"href":"https:\/\/iguanasmoke.com\/fr\/wp-json\/wp\/v2\/media?parent=25695"}],"wp:term":[{"taxonomy":"product_brand","embeddable":true,"href":"https:\/\/iguanasmoke.com\/fr\/wp-json\/wp\/v2\/product_brand?post=25695"},{"taxonomy":"product_cat","embeddable":true,"href":"https:\/\/iguanasmoke.com\/fr\/wp-json\/wp\/v2\/product_cat?post=25695"},{"taxonomy":"product_tag","embeddable":true,"href":"https:\/\/iguanasmoke.com\/fr\/wp-json\/wp\/v2\/product_tag?post=25695"}],"curies":[{"name":"wp","href":"https:\/\/api.w.org\/{rel}","templated":true}]}}