{"id":26261,"date":"2023-12-15T18:55:45","date_gmt":"2023-12-15T17:55:45","guid":{"rendered":"https:\/\/iguanasmoke.com\/?post_type=product&#038;p=26261"},"modified":"2026-03-15T18:53:24","modified_gmt":"2026-03-15T17:53:24","slug":"iguana-power-cartridge-cbd-full-spectrum-kit","status":"publish","type":"product","link":"https:\/\/iguanasmoke.com\/fr\/producto\/kit-iguana-power-cartucho-cbd-full-spectrum\/","title":{"rendered":"Kit Iguana Power + CBD Cartouche Full Spectrum 70%"},"content":{"rendered":"<h1 data-start=\"1609\" data-end=\"1642\"><span style=\"font-weight: 400;\">Iguana Power + Kit cartouche CBD \u00e0 spectre complet<\/span><\/h1>\n<p>Ce kit complet Iguana Power + Full Spectrum CBD Cartridge 1ml vous offre la combinaison parfaite de puissance et d'une large gamme de cannabino\u00efdes. Pour commencer, il fusionne le polyvalent <a href=\"https:\/\/iguanasmoke.com\/fr\/produit\/iguana-power-battery-510-pour-cartouches-1ml-2\/\">Batterie 510 Slim<\/a> avec les cartouches Full Spectrum 70% 1ml CBD Cartridges pour une exp\u00e9rience de vape de haute qualit\u00e9.<\/p>\n<p>&nbsp;<\/p>\n<h2><strong>Caract\u00e9ristiques :<\/strong><\/h2>\n<ul>\n<li><span style=\"font-weight: 400;\"><strong>Compatibilit\u00e9 universelle :<\/strong> La 510 Iguana Power Battery fonctionne avec toutes les cartouches et atomiseurs du march\u00e9, y compris la cartouche CBD Full Spectrum de 1 ml.<\/span><\/li>\n<li><span style=\"font-weight: 400;\"><strong>Conception compacte et robuste :<\/strong> Sa taille le rend id\u00e9al pour une utilisation quotidienne et il est con\u00e7u pour durer. <\/span><\/li>\n<li><span style=\"font-weight: 400;\"><strong>Diff\u00e9rentes saveurs.<\/strong>\u00a0<\/span><\/li>\n<li>Cartouches de CBD \u00e0 spectre complet de haute qualit\u00e9 : <span style=\"font-weight: 400;\"><span style=\"font-weight: 400;\">Plongez dans la richesse des cannabino\u00efdes qui capturent la gamme compl\u00e8te des compos\u00e9s naturels du cannabis. <\/span><\/span><span style=\"font-weight: 400;\">En effet, notre <strong>Cartouche de CBD<\/strong> est r\u00e9alis\u00e9 avec <strong>Extrait de chanvre biologique \u00e0 spectre complet<\/strong>, pr\u00e9server tous les cannabino\u00efdes et terp\u00e8nes de la plante. <\/span><\/li>\n<li><span style=\"font-weight: 400;\">Contient <strong>700 mg de CBD<\/strong> (70% de concentration) et vous fournit <strong>300<\/strong><strong>\u00a0bouff\u00e9es<\/strong>. <\/span><span style=\"font-weight: 400;\">Profitez d'un <strong>un soulagement rapide et durable<\/strong>, id\u00e9al pour vous accompagner dans les moments de stress, d'anxi\u00e9t\u00e9 ou de repos.\u00a0<\/span><\/li>\n<li><span style=\"font-weight: 400;\"><strong>Kit complet et pr\u00eat \u00e0 l'emploi :<\/strong> comprend 1 batterie Iguana Power Slim + 1 cartouche CBD Full Spectrum de 1ml dans la saveur de votre choix. Profitez de la commodit\u00e9 d'un kit tout-en-un qui vous permet de vous d\u00e9tendre au maximum.<\/span><\/li>\n<li>Mode d'utilisation de la batterie :\n<ul>\n<li>Bouton d'activation avec diff\u00e9rentes fonctions : <span style=\"font-weight: 400;\">le bouton d'alimentation a 3 usages diff\u00e9rents : <strong>appuyer 5 fois<\/strong> pour <strong>l'allumer<\/strong>; <strong>3 fois<\/strong> modifier les <strong>tension<\/strong> y <strong>2 fois<\/strong> pour <strong>pr\u00e9chauffer<\/strong>.\u00a0<\/span><\/li>\n<li>Bouton r\u00e9glable pour une vapeur personnalis\u00e9e : <span style=\"font-weight: 400;\">vous pouvez ajuster la puissance \u00e0 votre convenance pour profiter de gros nuages et d'ar\u00f4mes intenses en quelques clics.\u00a0<\/span><\/li>\n<\/ul>\n<\/li>\n<\/ul>\n<p>&nbsp;<\/p>\n<h2><strong>Qu'est-ce qu'une cartouche jetable ?<\/strong><\/h2>\n<p><span style=\"font-weight: 400;\">A <strong>cartouche jetable<\/strong>, \u00e9galement appel\u00e9 capsule ou \u201cchariot\u201d, est un petit cylindre dot\u00e9 d'un <strong>510, connexion 1ml ou 2ml<\/strong> qui est pr\u00e9-remplie de liquide de vapotage. La grande diff\u00e9rence avec les autres types de cartouches est qu'elle n'a pas besoin d'\u00eatre recharg\u00e9e : <strong>lorsqu'il est \u00e9puis\u00e9, il est simplement jet\u00e9<\/strong>.<\/span><\/p>\n<p>&nbsp;<\/p>\n<h2>Des saveurs exquises dans le kit de cartouches Iguana Power + Full Spectrum CBD :<\/h2>\n<p><span style=\"font-weight: 400;\">Pour une exp\u00e9rience de vapotage de premier ordre, nous proposons une vari\u00e9t\u00e9 d'ar\u00f4mes soigneusement s\u00e9lectionn\u00e9s :<\/span><\/p>\n<ul>\n<li>Profils de cannabis authentiques : Amnesia (terreux et \u00e9pic\u00e9), Gelato (doux, sucr\u00e9 et herbac\u00e9) et Gorilla Glue (robuste, \u00e9pic\u00e9 et terreux).<\/li>\n<li>Options fruit\u00e9es et rafra\u00eechissantes : Mangue (exotique), Lemon Haze (rafra\u00eechissant et agrumes), Red Berries (baies rouges sucr\u00e9es) et Strawberry (doux et naturel).<\/li>\n<\/ul>\n<p>&nbsp;<\/p>\n<h3><b>Iguana Smoke est votre boutique en ligne de CBD de confiance<\/b><\/h3>\n<p><span style=\"font-weight: 400;\">Chez Iguana Smoke, nous pensons que le CBD doit \u00eatre une exp\u00e9rience s\u00fbre et agr\u00e9able. C'est pourquoi nous proposons des produits de haute qualit\u00e9 qui s'adressent aux nouvelles g\u00e9n\u00e9rations : des personnes qui recherchent un bien-\u00eatre simple, avec des marques authentiques et fiables.\u00a0<\/span><\/p>\n<p>Vous savez, notre mission est claire : vous apporter le meilleur du monde des cannabino\u00efdes \u00e0 un prix juste, avec la tranquillit\u00e9 d'esprit de savoir que vous choisissez un produit certifi\u00e9, efficace et 100% l\u00e9gal.<\/p>\n<p>Vous avez encore des doutes ? \u00c9crivez-nous et nous nous ferons un plaisir de vous aider \u00e0 trouver le produit qui vous convient, comme notre c\u00e9l\u00e8bre kit Iguana Power + Full Spectrum CBD Cartridge 1ml.<\/p>\n<p>&nbsp;<\/p>\n<p><em><span style=\"font-weight: 400;\">*Rappelez-vous : votre <strong>utilisation \u00e0 des fins de collecte ou d'aromath\u00e9rapie<\/strong> en vertu de la loi espagnole.<\/span><\/em><\/p>\n<p><em><span style=\"font-weight: 400;\">**Tous nos produits sont d\u00e9riv\u00e9s de chanvre industriel certifi\u00e9. Ils contiennent moins de 0,3 THC et ne contiennent pas de cannabino\u00efdes ill\u00e9gaux tels que HHC, HHC-P, THCP, THCP-O, H4CBD et ceux inclus dans l'annexe I du d\u00e9cret royal 2829\/1977, ni de substances contr\u00f4l\u00e9es par les conventions internationales.\u00a0\u00a0<\/span><\/em><\/p>","protected":false},"excerpt":{"rendered":"<ul>\n<li>Batterie mince : 320 <em>MaH<\/em> pour cartouches de 1ml<\/li>\n<li>CBD Full Spectrum 70% 1ml CBD cartouche incluse (300 bouff\u00e9es)<\/li>\n<li>Tension : 2,7v - 3,1v - 3,6v<\/li>\n<li>Fonction d'\u00e9chauffement de 15 secondes<\/li>\n<li>Connexion : USB-C<\/li>\n<\/ul>","protected":false},"featured_media":61442,"comment_status":"open","ping_status":"closed","template":"","meta":{"_acf_changed":false,"site-sidebar-layout":"default","site-content-layout":"default","ast-site-content-layout":"default","site-content-style":"default","site-sidebar-style":"default","ast-global-header-display":"","ast-banner-title-visibility":"","ast-main-header-display":"","ast-hfb-above-header-display":"","ast-hfb-below-header-display":"","ast-hfb-mobile-header-display":"","site-post-title":"","ast-breadcrumbs-content":"","ast-featured-img":"","footer-sml-layout":"","theme-transparent-header-meta":"default","adv-header-id-meta":"","stick-header-meta":"","header-above-stick-meta":"","header-main-stick-meta":"","header-below-stick-meta":"","astra-migrate-meta-layouts":"set","ast-page-background-enabled":"default","ast-page-background-meta":{"desktop":{"background-color":"var(--ast-global-color-4)","background-image":"","background-repeat":"repeat","background-position":"center center","background-size":"auto","background-attachment":"scroll","background-type":"","background-media":"","overlay-type":"","overlay-color":"","overlay-opacity":"","overlay-gradient":""},"tablet":{"background-color":"","background-image":"","background-repeat":"repeat","background-position":"center center","background-size":"auto","background-attachment":"scroll","background-type":"","background-media":"","overlay-type":"","overlay-color":"","overlay-opacity":"","overlay-gradient":""},"mobile":{"background-color":"","background-image":"","background-repeat":"repeat","background-position":"center center","background-size":"auto","background-attachment":"scroll","background-type":"","background-media":"","overlay-type":"","overlay-color":"","overlay-opacity":"","overlay-gradient":""}},"ast-content-background-meta":{"desktop":{"background-color":"var(--ast-global-color-5)","background-image":"","background-repeat":"repeat","background-position":"center center","background-size":"auto","background-attachment":"scroll","background-type":"","background-media":"","overlay-type":"","overlay-color":"","overlay-opacity":"","overlay-gradient":""},"tablet":{"background-color":"var(--ast-global-color-5)","background-image":"","background-repeat":"repeat","background-position":"center center","background-size":"auto","background-attachment":"scroll","background-type":"","background-media":"","overlay-type":"","overlay-color":"","overlay-opacity":"","overlay-gradient":""},"mobile":{"background-color":"var(--ast-global-color-5)","background-image":"","background-repeat":"repeat","background-position":"center center","background-size":"auto","background-attachment":"scroll","background-type":"","background-media":"","overlay-type":"","overlay-color":"","overlay-opacity":"","overlay-gradient":""}}},"product_brand":[],"product_cat":[984,419,981,418],"product_tag":[],"class_list":{"0":"post-26261","1":"product","2":"type-product","3":"status-publish","4":"has-post-thumbnail","6":"product_cat-baterias-y-kits-de-vapeo","7":"product_cat-cartuchos-cbd","8":"product_cat-cbd-full-spectrum","9":"product_cat-vaper-cbd","10":"desktop-align-center","11":"tablet-align-center","12":"mobile-align-center","14":"first","15":"instock","16":"taxable","17":"shipping-taxable","18":"purchasable","19":"product-type-composite"},"acf":[],"yoast_head":"<!-- This site is optimized with the Yoast SEO Premium plugin v27.3 (Yoast SEO v27.3) - https:\/\/yoast.com\/product\/yoast-seo-premium-wordpress\/ -->\n<title>Kit Iguana Power + Cartucho CBD Full | Iguana Smoke<\/title>\n<meta name=\"description\" content=\"Optimiza tu experiencia de vapeo con el Kit Iguana Power + Cartucho CBD Full Spectrum 70%. Perfecto para los amantes del cannabis. \u00a1Pru\u00e9balo ahora!\" \/>\n<meta name=\"robots\" content=\"index, follow, max-snippet:-1, max-image-preview:large, max-video-preview:-1\" \/>\n<link rel=\"canonical\" href=\"https:\/\/iguanasmoke.com\/fr\/produit\/iguana-power-cartridge-cbd-full-spectrum-kit\/\" \/>\n<meta property=\"og:locale\" content=\"fr_FR\" \/>\n<meta property=\"og:type\" content=\"article\" \/>\n<meta property=\"og:title\" content=\"Kit Iguana Power + Cartucho de CBD Full Spectrum 70%\" \/>\n<meta property=\"og:description\" content=\"Bateria Slim: 320 MaH para cartuchos de 1ml  Cartucho de CBD Full Spectrum 70% de 1ml incluido (300 caladas)  Voltaje: 2,7v - 3,1v - 3,6v  Funci\u00f3n precalentamiento de 15 segundos  Conexi\u00f3n: USB-C\" \/>\n<meta property=\"og:url\" content=\"https:\/\/iguanasmoke.com\/fr\/produit\/iguana-power-cartridge-cbd-full-spectrum-kit\/\" \/>\n<meta property=\"og:site_name\" content=\"Iguana Smoke\" \/>\n<meta property=\"article:publisher\" content=\"https:\/\/www.facebook.com\/iguanasmoke\" \/>\n<meta property=\"article:modified_time\" content=\"2026-03-15T17:53:24+00:00\" \/>\n<meta property=\"og:image\" content=\"https:\/\/iguanasmoke.com\/wp-content\/uploads\/2023\/12\/Bateria-slim-Cartucho-CBD-1ml.webp\" \/>\n\t<meta property=\"og:image:width\" content=\"1000\" \/>\n\t<meta property=\"og:image:height\" content=\"1000\" \/>\n\t<meta property=\"og:image:type\" content=\"image\/webp\" \/>\n<meta name=\"twitter:card\" content=\"summary_large_image\" \/>\n<meta name=\"twitter:label1\" content=\"Prix\" \/>\n\t<meta name=\"twitter:data1\" content=\"21,90&nbsp;&euro;\" \/>\n\t<meta name=\"twitter:label2\" content=\"Disponibilit\u00e9\" \/>\n\t<meta name=\"twitter:data2\" content=\"En stock\" \/>\n<meta property=\"product:brand\" content=\"composite\" \/>\n<meta property=\"product:price:amount\" content=\"21.90\" \/>\n<meta property=\"product:price:currency\" content=\"EUR\" \/>\n<meta property=\"og:availability\" content=\"instock\" \/>\n<meta property=\"product:availability\" content=\"instock\" \/>\n<meta property=\"product:retailer_item_id\" content=\"IS-BAT510-PENKITFS\" \/>\n<meta property=\"product:condition\" content=\"new\" \/>\n<!-- \/ Yoast SEO Premium plugin. -->","yoast_head_json":{"title":"Kit Iguana Power + CBD Full Cartridge | Iguana Smoke","description":"Optimisez votre exp\u00e9rience de vapotage avec le kit de cartouches CBD Iguana Power + Full Spectrum 70%. Parfait pour les amateurs de cannabis, essayez-le maintenant !","robots":{"index":"index","follow":"follow","max-snippet":"max-snippet:-1","max-image-preview":"max-image-preview:large","max-video-preview":"max-video-preview:-1"},"canonical":"https:\/\/iguanasmoke.com\/fr\/produit\/iguana-power-cartridge-cbd-full-spectrum-kit\/","og_locale":"fr_FR","og_type":"article","og_title":"Kit Iguana Power + Cartucho de CBD Full Spectrum 70%","og_description":"Bateria Slim: 320 MaH para cartuchos de 1ml  Cartucho de CBD Full Spectrum 70% de 1ml incluido (300 caladas)  Voltaje: 2,7v - 3,1v - 3,6v  Funci\u00f3n precalentamiento de 15 segundos  Conexi\u00f3n: USB-C","og_url":"https:\/\/iguanasmoke.com\/fr\/produit\/iguana-power-cartridge-cbd-full-spectrum-kit\/","og_site_name":"Iguana Smoke","article_publisher":"https:\/\/www.facebook.com\/iguanasmoke","article_modified_time":"2026-03-15T17:53:24+00:00","og_image":[{"width":1000,"height":1000,"url":"https:\/\/iguanasmoke.com\/wp-content\/uploads\/2023\/12\/Bateria-slim-Cartucho-CBD-1ml.webp","type":"image\/webp"}],"twitter_card":"summary_large_image","twitter_misc":{"Prix":"21,90&nbsp;&euro;","Disponibilit\u00e9":"En stock"},"schema":{"@context":"https:\/\/schema.org","@graph":[{"@type":"WebPage","@id":"https:\/\/iguanasmoke.com\/producto\/kit-iguana-power-cartucho-cbd-full-spectrum\/","url":"https:\/\/iguanasmoke.com\/producto\/kit-iguana-power-cartucho-cbd-full-spectrum\/","name":"Kit Iguana Power + CBD Full Cartridge | Iguana Smoke","isPartOf":{"@id":"https:\/\/iguanasmoke.com\/#website"},"primaryImageOfPage":{"@id":"https:\/\/iguanasmoke.com\/producto\/kit-iguana-power-cartucho-cbd-full-spectrum\/#primaryimage"},"image":{"@id":"https:\/\/iguanasmoke.com\/producto\/kit-iguana-power-cartucho-cbd-full-spectrum\/#primaryimage"},"thumbnailUrl":"https:\/\/iguanasmoke.com\/wp-content\/uploads\/2023\/12\/Bateria-slim-Cartucho-CBD-1ml.webp","datePublished":"2023-12-15T17:55:45+00:00","dateModified":"2026-03-15T17:53:24+00:00","description":"Optimisez votre exp\u00e9rience de vapotage avec le kit de cartouches CBD Iguana Power + Full Spectrum 70%. Parfait pour les amateurs de cannabis, essayez-le maintenant !","breadcrumb":{"@id":"https:\/\/iguanasmoke.com\/producto\/kit-iguana-power-cartucho-cbd-full-spectrum\/#breadcrumb"},"inLanguage":"fr-FR","potentialAction":[{"@type":"ReadAction","target":["https:\/\/iguanasmoke.com\/producto\/kit-iguana-power-cartucho-cbd-full-spectrum\/"]}]},{"@type":"ImageObject","inLanguage":"fr-FR","@id":"https:\/\/iguanasmoke.com\/producto\/kit-iguana-power-cartucho-cbd-full-spectrum\/#primaryimage","url":"https:\/\/iguanasmoke.com\/wp-content\/uploads\/2023\/12\/Bateria-slim-Cartucho-CBD-1ml.webp","contentUrl":"https:\/\/iguanasmoke.com\/wp-content\/uploads\/2023\/12\/Bateria-slim-Cartucho-CBD-1ml.webp","width":1000,"height":1000,"caption":"kit cartucho 1ml CBD Full + iguana power bateria slim"},{"@type":"BreadcrumbList","@id":"https:\/\/iguanasmoke.com\/producto\/kit-iguana-power-cartucho-cbd-full-spectrum\/#breadcrumb","itemListElement":[{"@type":"ListItem","position":1,"name":"home","item":"https:\/\/iguanasmoke.com\/"},{"@type":"ListItem","position":2,"name":"Tienda","item":"https:\/\/iguanasmoke.com\/tienda\/"},{"@type":"ListItem","position":3,"name":"Vaper CBD","item":"https:\/\/iguanasmoke.com\/categoria\/vaper-cbd\/"},{"@type":"ListItem","position":4,"name":"Cartuchos","item":"https:\/\/iguanasmoke.com\/categoria\/vaper-cbd\/cartuchos-cbd\/"},{"@type":"ListItem","position":5,"name":"Bater\u00edas y Kits de Vapeo","item":"https:\/\/iguanasmoke.com\/categoria\/vaper-cbd\/cartuchos-cbd\/baterias-y-kits-de-vapeo\/"},{"@type":"ListItem","position":6,"name":"Kit Iguana Power + Cartucho de CBD Full Spectrum 70%"}]},{"@type":"WebSite","@id":"https:\/\/iguanasmoke.com\/#website","url":"https:\/\/iguanasmoke.com\/","name":"Fum\u00e9e d'iguane","description":"Acheter du CBD en ligne au meilleur prix","publisher":{"@id":"https:\/\/iguanasmoke.com\/#organization"},"potentialAction":[{"@type":"SearchAction","target":{"@type":"EntryPoint","urlTemplate":"https:\/\/iguanasmoke.com\/?s={search_term_string}"},"query-input":{"@type":"PropertyValueSpecification","valueRequired":true,"valueName":"search_term_string"}}],"inLanguage":"fr-FR"},{"@type":"Organization","@id":"https:\/\/iguanasmoke.com\/#organization","name":"Fum\u00e9e d'iguane","url":"https:\/\/iguanasmoke.com\/","logo":{"@type":"ImageObject","inLanguage":"fr-FR","@id":"https:\/\/iguanasmoke.com\/#\/schema\/logo\/image\/","url":"https:\/\/iguanasmoke.com\/wp-content\/uploads\/2025\/01\/logoiguana-favi-1.png","contentUrl":"https:\/\/iguanasmoke.com\/wp-content\/uploads\/2025\/01\/logoiguana-favi-1.png","width":512,"height":512,"caption":"Iguana Smoke"},"image":{"@id":"https:\/\/iguanasmoke.com\/#\/schema\/logo\/image\/"},"sameAs":["https:\/\/www.facebook.com\/iguanasmoke","https:\/\/www.instagram.com\/iguanasmoke\/"]}]},"product_brand":"composite","product_price_amount":"21.90","product_price_currency":"EUR","og_availability":"instock","product_availability":"instock","product_retailer_item_id":"IS-BAT510-PENKITFS","product_condition":"new"},"_links":{"self":[{"href":"https:\/\/iguanasmoke.com\/fr\/wp-json\/wp\/v2\/product\/26261","targetHints":{"allow":["GET"]}}],"collection":[{"href":"https:\/\/iguanasmoke.com\/fr\/wp-json\/wp\/v2\/product"}],"about":[{"href":"https:\/\/iguanasmoke.com\/fr\/wp-json\/wp\/v2\/types\/product"}],"replies":[{"embeddable":true,"href":"https:\/\/iguanasmoke.com\/fr\/wp-json\/wp\/v2\/comments?post=26261"}],"wp:featuredmedia":[{"embeddable":true,"href":"https:\/\/iguanasmoke.com\/fr\/wp-json\/wp\/v2\/media\/61442"}],"wp:attachment":[{"href":"https:\/\/iguanasmoke.com\/fr\/wp-json\/wp\/v2\/media?parent=26261"}],"wp:term":[{"taxonomy":"product_brand","embeddable":true,"href":"https:\/\/iguanasmoke.com\/fr\/wp-json\/wp\/v2\/product_brand?post=26261"},{"taxonomy":"product_cat","embeddable":true,"href":"https:\/\/iguanasmoke.com\/fr\/wp-json\/wp\/v2\/product_cat?post=26261"},{"taxonomy":"product_tag","embeddable":true,"href":"https:\/\/iguanasmoke.com\/fr\/wp-json\/wp\/v2\/product_tag?post=26261"}],"curies":[{"name":"wp","href":"https:\/\/api.w.org\/{rel}","templated":true}]}}