{"id":26495,"date":"2023-12-19T17:08:45","date_gmt":"2023-12-19T16:08:45","guid":{"rendered":"https:\/\/iguanasmoke.com\/?post_type=product&#038;p=26495"},"modified":"2025-12-23T16:08:17","modified_gmt":"2025-12-23T15:08:17","slug":"plateau-iguane-amnesia","status":"publish","type":"product","link":"https:\/\/iguanasmoke.com\/fr\/producto\/bandeja-iguana-amnesia\/","title":{"rendered":"Plateau roulant Iguana Amnesia"},"content":{"rendered":"<h1><span style=\"font-weight: 400;\">Plateau roulant - Iguana Amnesia<\/span><\/h1>\n<p><span style=\"font-weight: 400;\">D\u00e9couvrez les<strong> Plateau roulant Iguana Amnesia<\/strong>, Con\u00e7u pour ceux qui appr\u00e9cient la pr\u00e9cision, le design et la qualit\u00e9 \u00e0 chaque session. Con\u00e7u pour ceux qui aiment l'art de rouler, ce plateau allie fonctionnalit\u00e9 et style dans un format haut de gamme qui fait la diff\u00e9rence.\u00a0<\/span><\/p>\n<p><span style=\"font-weight: 400;\">Disponible en <strong>quatre mod\u00e8les exclusifs,<\/strong> chaque plateau se distingue par sa propre identit\u00e9, apportant personnalit\u00e9 et caract\u00e8re \u00e0 votre espace.<\/span><\/p>\n<p>&nbsp;<\/p>\n<h3><strong>Quel sera votre plateau \u00e0 roulettes pr\u00e9f\u00e9r\u00e9 ?<\/strong><\/h3>\n<ol>\n<li style=\"list-style-type: none;\">\n<ol>\n<li><a href=\"https:\/\/iguanasmoke.com\/fr\/produit\/plateau-iguane-amnesia\/\">Plateau roulant Iguana Amnesia<\/a><\/li>\n<li><a href=\"https:\/\/iguanasmoke.com\/fr\/produit\/plateau-iguane-japon\/\">Plateau \u00e0 roulettes Iguana Japan<\/a><\/li>\n<li><a href=\"https:\/\/iguanasmoke.com\/fr\/produit\/bac-a-pierres-pour-iguanes\/\">Plateau \u00e0 roulettes Iguana Rocks<\/a><\/li>\n<li><a href=\"https:\/\/iguanasmoke.com\/fr\/produit\/plateau-de-plage-iguane\/\">Plateau \u00e0 roulettes Iguana Beach<\/a><\/li>\n<\/ol>\n<\/li>\n<\/ol>\n<p>&nbsp;<\/p>\n<p><span style=\"font-weight: 400;\">Votre<strong> des illustrations soigneusement s\u00e9lectionn\u00e9es<\/strong>, allant de styles modernes \u00e0 des d\u00e9tails plus \u00e9labor\u00e9s, font de chaque mod\u00e8le une pi\u00e8ce visuellement attrayante et inspirante.<\/span><\/p>\n<p><span style=\"font-weight: 400;\">Fabriqu\u00e9 en <strong>mat\u00e9riaux r\u00e9sistants et durables,<\/strong> Le plateau \u00e0 roulettes Iguana Amnesia est con\u00e7u pour un usage quotidien. Il est <strong>surface facile \u00e0 nettoyer et taille optimale<\/strong> offrent l'espace id\u00e9al pour organiser les fleurs ou les bourgeons coup\u00e9s, le papier \u00e0 rouler et les accessoires tels que les broyeurs. Tout cela en garantissant une<strong> un processus de regroupement pratique et ordonn\u00e9<\/strong> et sans distraction.<\/span><\/p>\n<p>&nbsp;<\/p>\n<h2><b>O\u00f9 acheter en ligne votre plateau \u00e0 roulettes Iguana Amnesia<\/b><b>?<\/b><\/h2>\n<p><span style=\"font-weight: 400;\">Au <strong>Fum\u00e9e d'iguane<\/strong>, Nous donnons la priorit\u00e9 \u00e0 la qualit\u00e9 et \u00e0 la transparence de chaque produit.\u00a0<\/span><span style=\"font-weight: 400;\">C'est un endroit s\u00fbr pour <strong>acheter Iguana Amnesia rolling tray online <\/strong>en Espagne<strong>.<\/strong> Tous nos produits sont approuv\u00e9s par l'UE, ce qui garantit leur l\u00e9galit\u00e9 et leur s\u00e9curit\u00e9.\u00a0<\/span><\/p>\n<p><span style=\"font-weight: 400;\">Il s'agit d'un accessoire pratique indispensable pour que tout soit propre et \u00e0 sa place, et pour tirer le meilleur parti de produits tels que notre nouveau <strong>Pr\u00eat \u00e0 rouler<\/strong>:<strong> <a href=\"https:\/\/iguanasmoke.com\/fr\/produit\/cbd-flowers-ready-to-roll-super-skunk-15gr\/\">Super Skunk<\/a>, <a href=\"https:\/\/iguanasmoke.com\/fr\/produit\/cbd-flowers-ready-to-roll-zkittlez-15gr\/\">Zkittlez<\/a>, <a href=\"https:\/\/iguanasmoke.com\/fr\/produit\/cbd-flowers-ready-to-roll-lemon-haze-15gr\/\">Lemon Haze<\/a>, <a href=\"https:\/\/iguanasmoke.com\/fr\/produit\/ready-to-roll-cbd-flowers-amnesia-15gr\/\">Amn\u00e9sie<\/a><\/strong>. D\u00e9couvrez \u00e9galement <\/span><span style=\"font-weight: 400;\">autres <strong>Produits TOP<\/strong> en tant que <a href=\"https:\/\/iguanasmoke.com\/fr\/produit\/comprar-flor-cbd-pop-corn-sour-tsunami-25gr-cogollos-online\/\"><strong>Pop Corn 25g<\/strong><\/a>. <\/span><\/p>\n<p><span style=\"font-weight: 400;\">Vous pouvez compl\u00e9ter le kit avec notre<strong><a href=\"https:\/\/iguanasmoke.com\/fr\/categorie\/papier-a-rouler\/\"> papier \u00e0 rouler en chanvre<\/a><\/strong> et un<strong> <a href=\"https:\/\/iguanasmoke.com\/fr\/categorie\/broyeurs\/\">broyeur pratique<\/a>,<\/strong> et vous \u00eates pr\u00eat \u00e0 profiter du monde du CBD. Explorez notre gamme et trouvez votre plateau \u00e0 rouler Iguana Amnesia pr\u00e9f\u00e9r\u00e9 avec votre design favori d\u00e8s maintenant.<\/span><span style=\"font-weight: 400;\">\u00a0<\/span><\/p>\n<p>Une livraison rapide, une attention particuli\u00e8re et un magasin avec un emballage discret et s\u00fbr qui va de l'avant, juste pour que vous puissiez en profiter !<\/p>\n<p>&nbsp;<\/p>\n<h3><b>Iguana Smoke est synonyme de qualit\u00e9 et de fiabilit\u00e9.<\/b><\/h3>\n<p><span style=\"font-weight: 400;\">Chez Iguana Smoke, nous pensons que le CBD doit \u00eatre une exp\u00e9rience s\u00fbre, accessible et agr\u00e9able. C'est pourquoi nous proposons des produits de haute qualit\u00e9, y compris nos plateaux \u00e0 rouler, qui s'adressent aux nouvelles g\u00e9n\u00e9rations : des personnes qui recherchent un bien-\u00eatre simple, avec des marques authentiques et fiables.\u00a0<\/span><\/p>\n<p>En d'autres termes, notre mission est claire : vous apporter le meilleur du CBD \u00e0 un prix \u00e9quitable, avec la tranquillit\u00e9 d'esprit de savoir que vous choisissez un produit certifi\u00e9, efficace, l\u00e9gal pour le chanvre et le 100%. Nous sommes \u00e0 l'avant-garde des produits CBD.<\/p>\n<p>Vous avez des questions ? Ecrivez-nous et nous nous ferons un plaisir de vous aider \u00e0 trouver le produit qui vous convient.<\/p>","protected":false},"excerpt":{"rendered":"<p><strong data-start=\"60\" data-end=\"84\">Plateau de l'amn\u00e9sie de l'iguane :<\/strong><\/p>\n<ul>\n<li><strong data-start=\"88\" data-end=\"111\">Aluminium r\u00e9sistant<\/strong>,<\/li>\n<li>Avec des mesures <strong data-start=\"125\" data-end=\"139\">14 x 18 cm<\/strong>.<\/li>\n<li>Taille id\u00e9ale pour organiser le papier, les fleurs et les accessoires.<\/li>\n<li>L\u00e9ger, durable et facile \u00e0 nettoyer, id\u00e9al pour rouler confortablement.<\/li>\n<\/ul>","protected":false},"featured_media":26498,"comment_status":"open","ping_status":"closed","template":"","meta":{"_acf_changed":false,"site-sidebar-layout":"default","site-content-layout":"","ast-site-content-layout":"default","site-content-style":"default","site-sidebar-style":"default","ast-global-header-display":"","ast-banner-title-visibility":"","ast-main-header-display":"","ast-hfb-above-header-display":"","ast-hfb-below-header-display":"","ast-hfb-mobile-header-display":"","site-post-title":"","ast-breadcrumbs-content":"","ast-featured-img":"","footer-sml-layout":"","theme-transparent-header-meta":"default","adv-header-id-meta":"","stick-header-meta":"","header-above-stick-meta":"","header-main-stick-meta":"","header-below-stick-meta":"","astra-migrate-meta-layouts":"set","ast-page-background-enabled":"default","ast-page-background-meta":{"desktop":{"background-color":"var(--ast-global-color-4)","background-image":"","background-repeat":"repeat","background-position":"center center","background-size":"auto","background-attachment":"scroll","background-type":"","background-media":"","overlay-type":"","overlay-color":"","overlay-opacity":"","overlay-gradient":""},"tablet":{"background-color":"","background-image":"","background-repeat":"repeat","background-position":"center center","background-size":"auto","background-attachment":"scroll","background-type":"","background-media":"","overlay-type":"","overlay-color":"","overlay-opacity":"","overlay-gradient":""},"mobile":{"background-color":"","background-image":"","background-repeat":"repeat","background-position":"center center","background-size":"auto","background-attachment":"scroll","background-type":"","background-media":"","overlay-type":"","overlay-color":"","overlay-opacity":"","overlay-gradient":""}},"ast-content-background-meta":{"desktop":{"background-color":"var(--ast-global-color-5)","background-image":"","background-repeat":"repeat","background-position":"center center","background-size":"auto","background-attachment":"scroll","background-type":"","background-media":"","overlay-type":"","overlay-color":"","overlay-opacity":"","overlay-gradient":""},"tablet":{"background-color":"var(--ast-global-color-5)","background-image":"","background-repeat":"repeat","background-position":"center center","background-size":"auto","background-attachment":"scroll","background-type":"","background-media":"","overlay-type":"","overlay-color":"","overlay-opacity":"","overlay-gradient":""},"mobile":{"background-color":"var(--ast-global-color-5)","background-image":"","background-repeat":"repeat","background-position":"center center","background-size":"auto","background-attachment":"scroll","background-type":"","background-media":"","overlay-type":"","overlay-color":"","overlay-opacity":"","overlay-gradient":""}}},"product_brand":[],"product_cat":[437,436,405],"product_tag":[],"class_list":{"0":"post-26495","1":"product","2":"type-product","3":"status-publish","4":"has-post-thumbnail","6":"product_cat-bandejas-de-liar","7":"product_cat-merchandise-de-iguana-smoke","8":"product_cat-ropa-y-accesorios","9":"desktop-align-center","10":"tablet-align-center","11":"mobile-align-center","13":"first","14":"instock","15":"taxable","16":"shipping-taxable","17":"purchasable","18":"product-type-simple"},"acf":[],"yoast_head":"<!-- This site is optimized with the Yoast SEO Premium plugin v27.3 (Yoast SEO v27.3) - https:\/\/yoast.com\/product\/yoast-seo-premium-wordpress\/ -->\n<title>Bandeja de liar Iguana Amnesia | Iguana Smoke<\/title>\n<meta name=\"description\" content=\"Consigue tu Bandeja de liar Iguana Amnesia en Iguana Smoke. Fabricada con los mejores matierales en 4 dise\u00f1os distintos. Elige el que mas te guste!\" \/>\n<meta name=\"robots\" content=\"index, follow, max-snippet:-1, max-image-preview:large, max-video-preview:-1\" \/>\n<link rel=\"canonical\" href=\"https:\/\/iguanasmoke.com\/fr\/produit\/plateau-iguane-amnesia\/\" \/>\n<meta property=\"og:locale\" content=\"fr_FR\" \/>\n<meta property=\"og:type\" content=\"article\" \/>\n<meta property=\"og:title\" content=\"Bandeja de liar Iguana Amnesia\" \/>\n<meta property=\"og:description\" content=\"Bandeja Iguana Amnesia:   Aluminio resistente,  Con medidas 14 x 18 cm.  Tama\u00f1o perfecto para organizar papel, flores y accesorios.  Ligera, duradera y f\u00e1cil de limpiar, ideal para un liado c\u00f3modo.\" \/>\n<meta property=\"og:url\" content=\"https:\/\/iguanasmoke.com\/fr\/produit\/plateau-iguane-amnesia\/\" \/>\n<meta property=\"og:site_name\" content=\"Iguana Smoke\" \/>\n<meta property=\"article:publisher\" content=\"https:\/\/www.facebook.com\/iguanasmoke\" \/>\n<meta property=\"article:modified_time\" content=\"2025-12-23T15:08:17+00:00\" \/>\n<meta property=\"og:image\" content=\"https:\/\/iguanasmoke.com\/wp-content\/uploads\/2023\/12\/Bandeja-Iguana-Amnesia.webp\" \/>\n\t<meta property=\"og:image:width\" content=\"500\" \/>\n\t<meta property=\"og:image:height\" content=\"500\" \/>\n\t<meta property=\"og:image:type\" content=\"image\/webp\" \/>\n<meta name=\"twitter:card\" content=\"summary_large_image\" \/>\n<meta name=\"twitter:label1\" content=\"Prix\" \/>\n\t<meta name=\"twitter:data1\" content=\"6,00&nbsp;&euro;\" \/>\n\t<meta name=\"twitter:label2\" content=\"Disponibilit\u00e9\" \/>\n\t<meta name=\"twitter:data2\" content=\"En stock\" \/>\n<meta property=\"product:brand\" content=\"simple\" \/>\n<meta property=\"product:price:amount\" content=\"6.00\" \/>\n<meta property=\"product:price:currency\" content=\"EUR\" \/>\n<meta property=\"og:availability\" content=\"instock\" \/>\n<meta property=\"product:availability\" content=\"instock\" \/>\n<meta property=\"product:retailer_item_id\" content=\"IS-TRAY-AMN\" \/>\n<meta property=\"product:condition\" content=\"new\" \/>\n<!-- \/ Yoast SEO Premium plugin. -->","yoast_head_json":{"title":"Iguana Amnesia | Iguana Smoke plateau \u00e0 rouler","description":"Achetez votre plateau \u00e0 rouler Iguana Amnesia chez Iguana Smoke. Fabriqu\u00e9 avec les meilleurs mat\u00e9riaux dans 4 designs diff\u00e9rents. Choisissez celui qui vous pla\u00eet le plus !","robots":{"index":"index","follow":"follow","max-snippet":"max-snippet:-1","max-image-preview":"max-image-preview:large","max-video-preview":"max-video-preview:-1"},"canonical":"https:\/\/iguanasmoke.com\/fr\/produit\/plateau-iguane-amnesia\/","og_locale":"fr_FR","og_type":"article","og_title":"Bandeja de liar Iguana Amnesia","og_description":"Bandeja Iguana Amnesia:   Aluminio resistente,  Con medidas 14 x 18 cm.  Tama\u00f1o perfecto para organizar papel, flores y accesorios.  Ligera, duradera y f\u00e1cil de limpiar, ideal para un liado c\u00f3modo.","og_url":"https:\/\/iguanasmoke.com\/fr\/produit\/plateau-iguane-amnesia\/","og_site_name":"Iguana Smoke","article_publisher":"https:\/\/www.facebook.com\/iguanasmoke","article_modified_time":"2025-12-23T15:08:17+00:00","og_image":[{"width":500,"height":500,"url":"https:\/\/iguanasmoke.com\/wp-content\/uploads\/2023\/12\/Bandeja-Iguana-Amnesia.webp","type":"image\/webp"}],"twitter_card":"summary_large_image","twitter_misc":{"Prix":"6,00&nbsp;&euro;","Disponibilit\u00e9":"En stock"},"schema":{"@context":"https:\/\/schema.org","@graph":[{"@type":"WebPage","@id":"https:\/\/iguanasmoke.com\/producto\/bandeja-iguana-amnesia\/","url":"https:\/\/iguanasmoke.com\/producto\/bandeja-iguana-amnesia\/","name":"Iguana Amnesia | Iguana Smoke plateau \u00e0 rouler","isPartOf":{"@id":"https:\/\/iguanasmoke.com\/#website"},"primaryImageOfPage":{"@id":"https:\/\/iguanasmoke.com\/producto\/bandeja-iguana-amnesia\/#primaryimage"},"image":{"@id":"https:\/\/iguanasmoke.com\/producto\/bandeja-iguana-amnesia\/#primaryimage"},"thumbnailUrl":"https:\/\/iguanasmoke.com\/wp-content\/uploads\/2023\/12\/Bandeja-Iguana-Amnesia.webp","datePublished":"2023-12-19T16:08:45+00:00","dateModified":"2025-12-23T15:08:17+00:00","description":"Achetez votre plateau \u00e0 rouler Iguana Amnesia chez Iguana Smoke. Fabriqu\u00e9 avec les meilleurs mat\u00e9riaux dans 4 designs diff\u00e9rents. Choisissez celui qui vous pla\u00eet le plus !","breadcrumb":{"@id":"https:\/\/iguanasmoke.com\/producto\/bandeja-iguana-amnesia\/#breadcrumb"},"inLanguage":"fr-FR","potentialAction":[{"@type":"ReadAction","target":["https:\/\/iguanasmoke.com\/producto\/bandeja-iguana-amnesia\/"]}]},{"@type":"ImageObject","inLanguage":"fr-FR","@id":"https:\/\/iguanasmoke.com\/producto\/bandeja-iguana-amnesia\/#primaryimage","url":"https:\/\/iguanasmoke.com\/wp-content\/uploads\/2023\/12\/Bandeja-Iguana-Amnesia.webp","contentUrl":"https:\/\/iguanasmoke.com\/wp-content\/uploads\/2023\/12\/Bandeja-Iguana-Amnesia.webp","width":500,"height":500,"caption":"bandeja para rolar cannabis amnesia"},{"@type":"BreadcrumbList","@id":"https:\/\/iguanasmoke.com\/producto\/bandeja-iguana-amnesia\/#breadcrumb","itemListElement":[{"@type":"ListItem","position":1,"name":"home","item":"https:\/\/iguanasmoke.com\/"},{"@type":"ListItem","position":2,"name":"Tienda","item":"https:\/\/iguanasmoke.com\/tienda\/"},{"@type":"ListItem","position":3,"name":"Bandejas de liar","item":"https:\/\/iguanasmoke.com\/categoria\/bandejas-de-liar\/"},{"@type":"ListItem","position":4,"name":"Bandeja de liar Iguana Amnesia"}]},{"@type":"WebSite","@id":"https:\/\/iguanasmoke.com\/#website","url":"https:\/\/iguanasmoke.com\/","name":"Fum\u00e9e d'iguane","description":"Acheter du CBD en ligne au meilleur prix","publisher":{"@id":"https:\/\/iguanasmoke.com\/#organization"},"potentialAction":[{"@type":"SearchAction","target":{"@type":"EntryPoint","urlTemplate":"https:\/\/iguanasmoke.com\/?s={search_term_string}"},"query-input":{"@type":"PropertyValueSpecification","valueRequired":true,"valueName":"search_term_string"}}],"inLanguage":"fr-FR"},{"@type":"Organization","@id":"https:\/\/iguanasmoke.com\/#organization","name":"Fum\u00e9e d'iguane","url":"https:\/\/iguanasmoke.com\/","logo":{"@type":"ImageObject","inLanguage":"fr-FR","@id":"https:\/\/iguanasmoke.com\/#\/schema\/logo\/image\/","url":"https:\/\/iguanasmoke.com\/wp-content\/uploads\/2025\/01\/logoiguana-favi-1.png","contentUrl":"https:\/\/iguanasmoke.com\/wp-content\/uploads\/2025\/01\/logoiguana-favi-1.png","width":512,"height":512,"caption":"Iguana Smoke"},"image":{"@id":"https:\/\/iguanasmoke.com\/#\/schema\/logo\/image\/"},"sameAs":["https:\/\/www.facebook.com\/iguanasmoke","https:\/\/www.instagram.com\/iguanasmoke\/"]}]},"product_brand":"simple","product_price_amount":"6.00","product_price_currency":"EUR","og_availability":"instock","product_availability":"instock","product_retailer_item_id":"IS-TRAY-AMN","product_condition":"new"},"_links":{"self":[{"href":"https:\/\/iguanasmoke.com\/fr\/wp-json\/wp\/v2\/product\/26495","targetHints":{"allow":["GET"]}}],"collection":[{"href":"https:\/\/iguanasmoke.com\/fr\/wp-json\/wp\/v2\/product"}],"about":[{"href":"https:\/\/iguanasmoke.com\/fr\/wp-json\/wp\/v2\/types\/product"}],"replies":[{"embeddable":true,"href":"https:\/\/iguanasmoke.com\/fr\/wp-json\/wp\/v2\/comments?post=26495"}],"wp:featuredmedia":[{"embeddable":true,"href":"https:\/\/iguanasmoke.com\/fr\/wp-json\/wp\/v2\/media\/26498"}],"wp:attachment":[{"href":"https:\/\/iguanasmoke.com\/fr\/wp-json\/wp\/v2\/media?parent=26495"}],"wp:term":[{"taxonomy":"product_brand","embeddable":true,"href":"https:\/\/iguanasmoke.com\/fr\/wp-json\/wp\/v2\/product_brand?post=26495"},{"taxonomy":"product_cat","embeddable":true,"href":"https:\/\/iguanasmoke.com\/fr\/wp-json\/wp\/v2\/product_cat?post=26495"},{"taxonomy":"product_tag","embeddable":true,"href":"https:\/\/iguanasmoke.com\/fr\/wp-json\/wp\/v2\/product_tag?post=26495"}],"curies":[{"name":"wp","href":"https:\/\/api.w.org\/{rel}","templated":true}]}}