{"id":26619,"date":"2023-12-26T17:25:22","date_gmt":"2023-12-26T16:25:22","guid":{"rendered":"https:\/\/iguanasmoke.com\/?post_type=product&#038;p=26619"},"modified":"2026-03-15T18:50:18","modified_gmt":"2026-03-15T17:50:18","slug":"moulin-a-fumee-iguane","status":"publish","type":"product","link":"https:\/\/iguanasmoke.com\/fr\/producto\/grinder-iguana-smoke\/","title":{"rendered":"Moulin \u00e0 3 pi\u00e8ces avec rangement Iguana Smoke"},"content":{"rendered":"<h1><span style=\"font-weight: 400;\">Grinder 3 parties avec stockage Iguana Smoke\u00a0<\/span><\/h1>\n<p><span style=\"font-weight: 400;\">D\u00e9couvrez les <strong>Grinder 3 parties avec stockage Iguana Smoke<\/strong>, le choix id\u00e9al pour ceux qui recherchent un \u00e9quilibre entre <strong>performance, conception et fonctionnalit\u00e9<\/strong>.\u00a0<\/span><\/p>\n<p><span style=\"font-weight: 400;\">Sa conception compacte et robuste garantit une <strong>broyage homog\u00e8ne<\/strong>, Le moulin est facile \u00e0 utiliser au quotidien, \u00e0 la maison comme en d\u00e9placement. Gr\u00e2ce \u00e0 ses dents ac\u00e9r\u00e9es, le moulin permet de moudre le contenu rapidement et uniform\u00e9ment, am\u00e9liorant ainsi l'exp\u00e9rience \u00e0 chaque utilisation. Il dispose \u00e9galement d'une partie de rangement.\u00a0<\/span><\/p>\n<p><span style=\"font-weight: 400;\">Le <strong>Grinder 3 parties avec stockage Iguana Smoke<\/strong> se distingue non seulement par sa fonctionnalit\u00e9, mais aussi par son esth\u00e9tique moderne et color\u00e9e. Il est disponible en 6 couleurs vibrantes diff\u00e9rentes - noir, rouge, bleu, orange, blanc et vert - afin que vous puissiez choisir celle qui convient le mieux \u00e0 votre style personnel. <\/span><\/p>\n<p><strong>Choisissez votre couleur pr\u00e9f\u00e9r\u00e9e et augmentez votre exp\u00e9rience avec Iguana Smoke.\u00a0<\/strong><\/p>\n<h2><b>O\u00f9 acheter en ligne votre <span style=\"font-weight: 400;\"><strong>Grinder 3 parties avec stockage Iguana Smoke<\/strong><\/span><\/b><b>?<\/b><\/h2>\n<p><span style=\"font-weight: 400;\">Au <strong>Fum\u00e9e d'iguane<\/strong>, Nous donnons la priorit\u00e9 \u00e0 la qualit\u00e9 et \u00e0 la transparence de chaque produit.\u00a0<\/span><span style=\"font-weight: 400;\">C'est un endroit s\u00fbr pour <strong>acheter votre<\/strong> <strong>Moulin \u00e0 3 pi\u00e8ces avec rangement Iguana Smoke online <\/strong>en Espagne<strong>.<\/strong> Tous nos produits sont approuv\u00e9s par l'UE, ce qui garantit leur l\u00e9galit\u00e9 et leur s\u00e9curit\u00e9.\u00a0<\/span><\/p>\n<p><span style=\"font-weight: 400;\">Il s'agit d'un accessoire pratique que vous ne pouvez pas manquer d'associer \u00e0 vos v\u00eatements. <strong><a href=\"https:\/\/iguanasmoke.com\/fr\/categorie\/plateaux-roulants\/\">plateaux roulants<\/a><\/strong>, pour que tout soit pr\u00eat. D\u00e9couvrez aussi <\/span><span style=\"font-weight: 400;\">autres <strong>Produits TOP<\/strong> en tant que <strong><a href=\"https:\/\/iguanasmoke.com\/fr\/produit\/comprar-flor-cbd-pop-corn-sour-tsunami-25gr-cogollos-online\/\">Pop Corn 15g. <\/a><\/strong>Profitez-en pour acheter le broyeur en 3 parties d'Iguana Smoke et compl\u00e9tez vos outils de fumage. <\/span><\/p>\n<p><span style=\"font-weight: 400;\">Vous pouvez \u00e9galement compl\u00e9ter le kit avec notre<strong><a href=\"https:\/\/iguanasmoke.com\/fr\/categorie\/papier-a-rouler\/\"> papier \u00e0 rouler en chanvre<\/a><\/strong> et vous serez pr\u00eat \u00e0 profiter du monde du CBD. Explorez notre gamme et trouvez votre broyeur pr\u00e9f\u00e9r\u00e9 d\u00e8s maintenant.<\/span><span style=\"font-weight: 400;\">\u00a0<\/span><\/p>\n<p>Une livraison rapide, une attention particuli\u00e8re et un magasin avec un emballage discret et s\u00fbr qui va de l'avant, juste pour que vous puissiez en profiter !<\/p>\n<p>&nbsp;<\/p>\n<h3><b>Iguana Smoke est synonyme de qualit\u00e9 et de fiabilit\u00e9.<\/b><\/h3>\n<p><span style=\"font-weight: 400;\">Chez Iguana Smoke, nous pensons que le CBD doit \u00eatre une exp\u00e9rience s\u00fbre, accessible et agr\u00e9able. C'est pourquoi nous proposons des produits de haute qualit\u00e9, notamment nos broyeurs biod\u00e9gradables, qui s'adressent aux nouvelles g\u00e9n\u00e9rations : les personnes qui recherchent un bien-\u00eatre simple avec des marques authentiques et fiables.\u00a0<\/span><\/p>\n<p>En d'autres termes, notre mission est claire : vous offrir le meilleur du CBD \u00e0 un prix \u00e9quitable, avec la tranquillit\u00e9 d'esprit de savoir que vous choisissez un produit certifi\u00e9, efficace, l\u00e9gal pour le chanvre et le 100%. Nous sommes \u00e0 l'avant-garde des produits CBD, y compris l'Iguana Smoke 3-Part Grinder.<\/p>\n<p>Vous avez des questions ? Ecrivez-nous et nous nous ferons un plaisir de vous aider \u00e0 trouver le produit qui vous convient.<\/p>","protected":false},"excerpt":{"rendered":"<ul>\n<li>Taille : 60 mm<\/li>\n<li>Conteneur de stockage<\/li>\n<li>Compact, pratique et robuste<\/li>\n<li>Disponible en 6 couleurs : noir, rouge, bleu, orange, blanc et vert.<\/li>\n<\/ul>","protected":false},"featured_media":27067,"comment_status":"open","ping_status":"closed","template":"","meta":{"_acf_changed":false,"site-sidebar-layout":"default","site-content-layout":"","ast-site-content-layout":"default","site-content-style":"default","site-sidebar-style":"default","ast-global-header-display":"","ast-banner-title-visibility":"","ast-main-header-display":"","ast-hfb-above-header-display":"","ast-hfb-below-header-display":"","ast-hfb-mobile-header-display":"","site-post-title":"","ast-breadcrumbs-content":"","ast-featured-img":"","footer-sml-layout":"","theme-transparent-header-meta":"default","adv-header-id-meta":"","stick-header-meta":"","header-above-stick-meta":"","header-main-stick-meta":"","header-below-stick-meta":"","astra-migrate-meta-layouts":"set","ast-page-background-enabled":"default","ast-page-background-meta":{"desktop":{"background-color":"var(--ast-global-color-4)","background-image":"","background-repeat":"repeat","background-position":"center center","background-size":"auto","background-attachment":"scroll","background-type":"","background-media":"","overlay-type":"","overlay-color":"","overlay-opacity":"","overlay-gradient":""},"tablet":{"background-color":"","background-image":"","background-repeat":"repeat","background-position":"center center","background-size":"auto","background-attachment":"scroll","background-type":"","background-media":"","overlay-type":"","overlay-color":"","overlay-opacity":"","overlay-gradient":""},"mobile":{"background-color":"","background-image":"","background-repeat":"repeat","background-position":"center center","background-size":"auto","background-attachment":"scroll","background-type":"","background-media":"","overlay-type":"","overlay-color":"","overlay-opacity":"","overlay-gradient":""}},"ast-content-background-meta":{"desktop":{"background-color":"var(--ast-global-color-5)","background-image":"","background-repeat":"repeat","background-position":"center center","background-size":"auto","background-attachment":"scroll","background-type":"","background-media":"","overlay-type":"","overlay-color":"","overlay-opacity":"","overlay-gradient":""},"tablet":{"background-color":"var(--ast-global-color-5)","background-image":"","background-repeat":"repeat","background-position":"center center","background-size":"auto","background-attachment":"scroll","background-type":"","background-media":"","overlay-type":"","overlay-color":"","overlay-opacity":"","overlay-gradient":""},"mobile":{"background-color":"var(--ast-global-color-5)","background-image":"","background-repeat":"repeat","background-position":"center center","background-size":"auto","background-attachment":"scroll","background-type":"","background-media":"","overlay-type":"","overlay-color":"","overlay-opacity":"","overlay-gradient":""}}},"product_brand":[],"product_cat":[439,436,405],"product_tag":[],"class_list":{"0":"post-26619","1":"product","2":"type-product","3":"status-publish","4":"has-post-thumbnail","6":"product_cat-grinders","7":"product_cat-merchandise-de-iguana-smoke","8":"product_cat-ropa-y-accesorios","9":"desktop-align-center","10":"tablet-align-center","11":"mobile-align-center","13":"first","14":"instock","15":"taxable","16":"shipping-taxable","17":"purchasable","18":"product-type-variable"},"acf":[],"yoast_head":"<!-- This site is optimized with the Yoast SEO Premium plugin v27.3 (Yoast SEO v27.3) - https:\/\/yoast.com\/product\/yoast-seo-premium-wordpress\/ -->\n<title>Grinder 3 partes con almacenamiento Iguana Smoke | Iguana Smoke<\/title>\n<meta name=\"description\" content=\"Compra el Grinder 3 partes con almacenamiento Iguana Smoke al mejor precio y con una calidad inigualable, resistente, pr\u00e1ctico y econ\u00f3mico.\" \/>\n<meta name=\"robots\" content=\"index, follow, max-snippet:-1, max-image-preview:large, max-video-preview:-1\" \/>\n<link rel=\"canonical\" href=\"https:\/\/iguanasmoke.com\/fr\/produit\/moulin-a-fumee-iguane\/\" \/>\n<meta property=\"og:locale\" content=\"fr_FR\" \/>\n<meta property=\"og:type\" content=\"article\" \/>\n<meta property=\"og:title\" content=\"Grinder 3 Partes con Almacenamiento Iguana Smoke\" \/>\n<meta property=\"og:description\" content=\"Tama\u00f1o: 60mm  Contenedor para guardar  Compacto, pr\u00e1ctico y resistente  Disponible en 6 colores: Negro, Rojo, Azul, Naranja, Blanco y Verde\" \/>\n<meta property=\"og:url\" content=\"https:\/\/iguanasmoke.com\/fr\/produit\/moulin-a-fumee-iguane\/\" \/>\n<meta property=\"og:site_name\" content=\"Iguana Smoke\" \/>\n<meta property=\"article:publisher\" content=\"https:\/\/www.facebook.com\/iguanasmoke\" \/>\n<meta property=\"article:modified_time\" content=\"2026-03-15T17:50:18+00:00\" \/>\n<meta property=\"og:image\" content=\"https:\/\/iguanasmoke.com\/wp-content\/uploads\/2023\/12\/Grinders-grande-webp.webp\" \/>\n\t<meta property=\"og:image:width\" content=\"500\" \/>\n\t<meta property=\"og:image:height\" content=\"500\" \/>\n\t<meta property=\"og:image:type\" content=\"image\/webp\" \/>\n<meta name=\"twitter:card\" content=\"summary_large_image\" \/>\n<meta name=\"twitter:label1\" content=\"Disponibilit\u00e9\" \/>\n\t<meta name=\"twitter:data1\" content=\"En stock\" \/>\n<meta property=\"product:brand\" content=\"variable\" \/>\n<meta property=\"og:availability\" content=\"instock\" \/>\n<meta property=\"product:availability\" content=\"instock\" \/>\n<meta property=\"product:condition\" content=\"new\" \/>\n<!-- \/ Yoast SEO Premium plugin. -->","yoast_head_json":{"title":"Moulin 3 pi\u00e8ces avec rangement Iguana Smoke | Iguana Smoke","description":"Acheter le Moulin Iguana Smoke en 3 parties avec rangement au meilleur prix et avec une qualit\u00e9 imbattable, r\u00e9sistant, pratique et \u00e9conomique.","robots":{"index":"index","follow":"follow","max-snippet":"max-snippet:-1","max-image-preview":"max-image-preview:large","max-video-preview":"max-video-preview:-1"},"canonical":"https:\/\/iguanasmoke.com\/fr\/produit\/moulin-a-fumee-iguane\/","og_locale":"fr_FR","og_type":"article","og_title":"Grinder 3 Partes con Almacenamiento Iguana Smoke","og_description":"Tama\u00f1o: 60mm  Contenedor para guardar  Compacto, pr\u00e1ctico y resistente  Disponible en 6 colores: Negro, Rojo, Azul, Naranja, Blanco y Verde","og_url":"https:\/\/iguanasmoke.com\/fr\/produit\/moulin-a-fumee-iguane\/","og_site_name":"Iguana Smoke","article_publisher":"https:\/\/www.facebook.com\/iguanasmoke","article_modified_time":"2026-03-15T17:50:18+00:00","og_image":[{"width":500,"height":500,"url":"https:\/\/iguanasmoke.com\/wp-content\/uploads\/2023\/12\/Grinders-grande-webp.webp","type":"image\/webp"}],"twitter_card":"summary_large_image","twitter_misc":{"Disponibilit\u00e9":"En stock"},"schema":{"@context":"https:\/\/schema.org","@graph":[{"@type":"WebPage","@id":"https:\/\/iguanasmoke.com\/producto\/grinder-iguana-smoke\/","url":"https:\/\/iguanasmoke.com\/producto\/grinder-iguana-smoke\/","name":"Moulin 3 pi\u00e8ces avec rangement Iguana Smoke | Iguana Smoke","isPartOf":{"@id":"https:\/\/iguanasmoke.com\/#website"},"primaryImageOfPage":{"@id":"https:\/\/iguanasmoke.com\/producto\/grinder-iguana-smoke\/#primaryimage"},"image":{"@id":"https:\/\/iguanasmoke.com\/producto\/grinder-iguana-smoke\/#primaryimage"},"thumbnailUrl":"https:\/\/iguanasmoke.com\/wp-content\/uploads\/2023\/12\/Grinders-grande-webp.webp","datePublished":"2023-12-26T16:25:22+00:00","dateModified":"2026-03-15T17:50:18+00:00","description":"Acheter le Moulin Iguana Smoke en 3 parties avec rangement au meilleur prix et avec une qualit\u00e9 imbattable, r\u00e9sistant, pratique et \u00e9conomique.","breadcrumb":{"@id":"https:\/\/iguanasmoke.com\/producto\/grinder-iguana-smoke\/#breadcrumb"},"inLanguage":"fr-FR","potentialAction":[{"@type":"ReadAction","target":["https:\/\/iguanasmoke.com\/producto\/grinder-iguana-smoke\/"]}]},{"@type":"ImageObject","inLanguage":"fr-FR","@id":"https:\/\/iguanasmoke.com\/producto\/grinder-iguana-smoke\/#primaryimage","url":"https:\/\/iguanasmoke.com\/wp-content\/uploads\/2023\/12\/Grinders-grande-webp.webp","contentUrl":"https:\/\/iguanasmoke.com\/wp-content\/uploads\/2023\/12\/Grinders-grande-webp.webp","width":500,"height":500,"caption":"Grinders grande iguana moler cannabis Grinder 3 partes con almacenamiento Iguana Smoke"},{"@type":"BreadcrumbList","@id":"https:\/\/iguanasmoke.com\/producto\/grinder-iguana-smoke\/#breadcrumb","itemListElement":[{"@type":"ListItem","position":1,"name":"home","item":"https:\/\/iguanasmoke.com\/"},{"@type":"ListItem","position":2,"name":"Tienda","item":"https:\/\/iguanasmoke.com\/tienda\/"},{"@type":"ListItem","position":3,"name":"Grinders","item":"https:\/\/iguanasmoke.com\/categoria\/grinders\/"},{"@type":"ListItem","position":4,"name":"Grinder 3 Partes con Almacenamiento Iguana Smoke"}]},{"@type":"WebSite","@id":"https:\/\/iguanasmoke.com\/#website","url":"https:\/\/iguanasmoke.com\/","name":"Fum\u00e9e d'iguane","description":"Acheter du CBD en ligne au meilleur prix","publisher":{"@id":"https:\/\/iguanasmoke.com\/#organization"},"potentialAction":[{"@type":"SearchAction","target":{"@type":"EntryPoint","urlTemplate":"https:\/\/iguanasmoke.com\/?s={search_term_string}"},"query-input":{"@type":"PropertyValueSpecification","valueRequired":true,"valueName":"search_term_string"}}],"inLanguage":"fr-FR"},{"@type":"Organization","@id":"https:\/\/iguanasmoke.com\/#organization","name":"Fum\u00e9e d'iguane","url":"https:\/\/iguanasmoke.com\/","logo":{"@type":"ImageObject","inLanguage":"fr-FR","@id":"https:\/\/iguanasmoke.com\/#\/schema\/logo\/image\/","url":"https:\/\/iguanasmoke.com\/wp-content\/uploads\/2025\/01\/logoiguana-favi-1.png","contentUrl":"https:\/\/iguanasmoke.com\/wp-content\/uploads\/2025\/01\/logoiguana-favi-1.png","width":512,"height":512,"caption":"Iguana Smoke"},"image":{"@id":"https:\/\/iguanasmoke.com\/#\/schema\/logo\/image\/"},"sameAs":["https:\/\/www.facebook.com\/iguanasmoke","https:\/\/www.instagram.com\/iguanasmoke\/"]}]},"product_brand":"variable","og_availability":"instock","product_availability":"instock","product_condition":"new"},"_links":{"self":[{"href":"https:\/\/iguanasmoke.com\/fr\/wp-json\/wp\/v2\/product\/26619","targetHints":{"allow":["GET"]}}],"collection":[{"href":"https:\/\/iguanasmoke.com\/fr\/wp-json\/wp\/v2\/product"}],"about":[{"href":"https:\/\/iguanasmoke.com\/fr\/wp-json\/wp\/v2\/types\/product"}],"replies":[{"embeddable":true,"href":"https:\/\/iguanasmoke.com\/fr\/wp-json\/wp\/v2\/comments?post=26619"}],"wp:featuredmedia":[{"embeddable":true,"href":"https:\/\/iguanasmoke.com\/fr\/wp-json\/wp\/v2\/media\/27067"}],"wp:attachment":[{"href":"https:\/\/iguanasmoke.com\/fr\/wp-json\/wp\/v2\/media?parent=26619"}],"wp:term":[{"taxonomy":"product_brand","embeddable":true,"href":"https:\/\/iguanasmoke.com\/fr\/wp-json\/wp\/v2\/product_brand?post=26619"},{"taxonomy":"product_cat","embeddable":true,"href":"https:\/\/iguanasmoke.com\/fr\/wp-json\/wp\/v2\/product_cat?post=26619"},{"taxonomy":"product_tag","embeddable":true,"href":"https:\/\/iguanasmoke.com\/fr\/wp-json\/wp\/v2\/product_tag?post=26619"}],"curies":[{"name":"wp","href":"https:\/\/api.w.org\/{rel}","templated":true}]}}