{"id":26724,"date":"2023-12-22T16:23:54","date_gmt":"2023-12-22T15:23:54","guid":{"rendered":"https:\/\/iguanasmoke.com\/?post_type=product&#038;p=26724"},"modified":"2025-05-05T21:22:59","modified_gmt":"2025-05-05T19:22:59","slug":"casquette-baseball-noir-iguane-japon","status":"publish","type":"product","link":"https:\/\/iguanasmoke.com\/fr\/producto\/gorra-baseball-negra-iguana-japan\/","title":{"rendered":"Casquette de baseball Iguana noir Japon"},"content":{"rendered":"<h3>Casquette de baseball Iguana noir Japon<\/h3>\n<p>Compl\u00e9tez votre style avec la casquette de baseball noire Japan Iguana Smoke : un symbole de mode qui refl\u00e8te votre passion pour le vapotage. Cette casquette de haute qualit\u00e9, avec le design distinctif Japan Iguana Smoke, offre non seulement une touche d'\u00e9l\u00e9gance, mais est aussi l'accessoire parfait pour se d\u00e9marquer.<\/p>\n<p>Caract\u00e9ristiques principales :<\/p>\n<ul>\n<li><strong>Style classique :<\/strong> La casquette de baseball est un classique ind\u00e9modable, et avec le logo Iguana Smoke dans sa version japonaise, elle attire encore plus l'attention.<\/li>\n<li><strong style=\"font-size: 16px;\">Construction durable :<\/strong><span style=\"font-size: 16px;\"> Fabriqu\u00e9e \u00e0 partir de mat\u00e9riaux durables, cette casquette est con\u00e7ue pour durer. Sa coupe confortable et sa durabilit\u00e9 la rendent parfaite pour un usage quotidien.<\/span><\/li>\n<li><strong>Marque de confiance :<\/strong> Lorsque vous portez la casquette Iguana Smoke Black Baseball Cap, vous portez avec vous la marque de confiance qui est synonyme de qualit\u00e9 et d'excellence dans le monde de la vape, alors rehaussez votre style avec la casquette Iguana Smoke Black Baseball Cap. Ajoutez cet accessoire unique \u00e0 votre collection et montrez votre all\u00e9geance \u00e0 la culture de la vape \u00e0 chaque pas que vous faites !<\/li>\n<\/ul>","protected":false},"excerpt":{"rendered":"<ul>\n<li>Profil bas<\/li>\n<li>Visi\u00e8re incurv\u00e9e<\/li>\n<li>6 panneaux<\/li>\n<li>6 \u0153illets<\/li>\n<li>Fermeture \u00e0 boucle<\/li>\n<\/ul>","protected":false},"featured_media":26727,"comment_status":"open","ping_status":"closed","template":"","meta":{"_acf_changed":false,"site-sidebar-layout":"default","site-content-layout":"","ast-site-content-layout":"default","site-content-style":"default","site-sidebar-style":"default","ast-global-header-display":"","ast-banner-title-visibility":"","ast-main-header-display":"","ast-hfb-above-header-display":"","ast-hfb-below-header-display":"","ast-hfb-mobile-header-display":"","site-post-title":"","ast-breadcrumbs-content":"","ast-featured-img":"","footer-sml-layout":"","theme-transparent-header-meta":"default","adv-header-id-meta":"","stick-header-meta":"","header-above-stick-meta":"","header-main-stick-meta":"","header-below-stick-meta":"","astra-migrate-meta-layouts":"set","ast-page-background-enabled":"default","ast-page-background-meta":{"desktop":{"background-color":"var(--ast-global-color-4)","background-image":"","background-repeat":"repeat","background-position":"center center","background-size":"auto","background-attachment":"scroll","background-type":"","background-media":"","overlay-type":"","overlay-color":"","overlay-opacity":"","overlay-gradient":""},"tablet":{"background-color":"","background-image":"","background-repeat":"repeat","background-position":"center center","background-size":"auto","background-attachment":"scroll","background-type":"","background-media":"","overlay-type":"","overlay-color":"","overlay-opacity":"","overlay-gradient":""},"mobile":{"background-color":"","background-image":"","background-repeat":"repeat","background-position":"center center","background-size":"auto","background-attachment":"scroll","background-type":"","background-media":"","overlay-type":"","overlay-color":"","overlay-opacity":"","overlay-gradient":""}},"ast-content-background-meta":{"desktop":{"background-color":"var(--ast-global-color-5)","background-image":"","background-repeat":"repeat","background-position":"center center","background-size":"auto","background-attachment":"scroll","background-type":"","background-media":"","overlay-type":"","overlay-color":"","overlay-opacity":"","overlay-gradient":""},"tablet":{"background-color":"var(--ast-global-color-5)","background-image":"","background-repeat":"repeat","background-position":"center center","background-size":"auto","background-attachment":"scroll","background-type":"","background-media":"","overlay-type":"","overlay-color":"","overlay-opacity":"","overlay-gradient":""},"mobile":{"background-color":"var(--ast-global-color-5)","background-image":"","background-repeat":"repeat","background-position":"center center","background-size":"auto","background-attachment":"scroll","background-type":"","background-media":"","overlay-type":"","overlay-color":"","overlay-opacity":"","overlay-gradient":""}}},"product_brand":[],"product_cat":[444,436],"product_tag":[],"class_list":{"0":"post-26724","1":"product","2":"type-product","3":"status-publish","4":"has-post-thumbnail","6":"product_cat-gorras","7":"product_cat-merchandise-de-iguana-smoke","8":"desktop-align-center","9":"tablet-align-center","10":"mobile-align-center","12":"first","13":"instock","14":"taxable","15":"shipping-taxable","16":"purchasable","17":"product-type-simple"},"acf":[],"yoast_head":"<!-- This site is optimized with the Yoast SEO Premium plugin v27.3 (Yoast SEO v27.3) - https:\/\/yoast.com\/product\/yoast-seo-premium-wordpress\/ -->\n<title>Gorra Baseball Negra Iguana Japan | Iguana Smoke<\/title>\n<meta name=\"description\" content=\"Compra la Gorra Baseball Negra Japan al mejor precio y con una calidad inigualable en Iguana Smoke. Env\u00edo gratuito en Espa\u00f1a y Portugal a partir de 35\u20ac.\" \/>\n<meta name=\"robots\" content=\"index, follow, max-snippet:-1, max-image-preview:large, max-video-preview:-1\" \/>\n<link rel=\"canonical\" href=\"https:\/\/iguanasmoke.com\/fr\/produit\/casquette-baseball-noir-iguane-japon\/\" \/>\n<meta property=\"og:locale\" content=\"fr_FR\" \/>\n<meta property=\"og:type\" content=\"article\" \/>\n<meta property=\"og:title\" content=\"Gorra Baseball Negra Iguana Japan\" \/>\n<meta property=\"og:description\" content=\"Perfil Bajo  Visera Curvada  6 Paneles  6 Ojales  Cierre de hebilla\" \/>\n<meta property=\"og:url\" content=\"https:\/\/iguanasmoke.com\/fr\/produit\/casquette-baseball-noir-iguane-japon\/\" \/>\n<meta property=\"og:site_name\" content=\"Iguana Smoke\" \/>\n<meta property=\"article:publisher\" content=\"https:\/\/www.facebook.com\/iguanasmoke\" \/>\n<meta property=\"article:modified_time\" content=\"2025-05-05T19:22:59+00:00\" \/>\n<meta property=\"og:image\" content=\"https:\/\/i0.wp.com\/iguanasmoke.com\/wp-content\/uploads\/2023\/12\/Gorro-negro-baseball-front-webp.webp?fit=500%2C500&ssl=1\" \/>\n\t<meta property=\"og:image:width\" content=\"500\" \/>\n\t<meta property=\"og:image:height\" content=\"500\" \/>\n\t<meta property=\"og:image:type\" content=\"image\/webp\" \/>\n<meta name=\"twitter:card\" content=\"summary_large_image\" \/>\n<meta name=\"twitter:label1\" content=\"Prix\" \/>\n\t<meta name=\"twitter:data1\" content=\"25,00&nbsp;&euro;\" \/>\n\t<meta name=\"twitter:label2\" content=\"Disponibilit\u00e9\" \/>\n\t<meta name=\"twitter:data2\" content=\"En stock\" \/>\n<meta property=\"product:brand\" content=\"simple\" \/>\n<meta property=\"product:price:amount\" content=\"25.00\" \/>\n<meta property=\"product:price:currency\" content=\"EUR\" \/>\n<meta property=\"og:availability\" content=\"instock\" \/>\n<meta property=\"product:availability\" content=\"instock\" \/>\n<meta property=\"product:condition\" content=\"new\" \/>\n<!-- \/ Yoast SEO Premium plugin. -->","yoast_head_json":{"title":"Casquette de baseball noire Iguana Japan : Iguana Smoke","description":"Acheter la casquette de baseball Japan Black au meilleur prix et avec une qualit\u00e9 imbattable chez Iguana Smoke. Livraison gratuite en Espagne et au Portugal \u00e0 partir de 35\u20ac.","robots":{"index":"index","follow":"follow","max-snippet":"max-snippet:-1","max-image-preview":"max-image-preview:large","max-video-preview":"max-video-preview:-1"},"canonical":"https:\/\/iguanasmoke.com\/fr\/produit\/casquette-baseball-noir-iguane-japon\/","og_locale":"fr_FR","og_type":"article","og_title":"Gorra Baseball Negra Iguana Japan","og_description":"Perfil Bajo  Visera Curvada  6 Paneles  6 Ojales  Cierre de hebilla","og_url":"https:\/\/iguanasmoke.com\/fr\/produit\/casquette-baseball-noir-iguane-japon\/","og_site_name":"Iguana Smoke","article_publisher":"https:\/\/www.facebook.com\/iguanasmoke","article_modified_time":"2025-05-05T19:22:59+00:00","og_image":[{"width":500,"height":500,"url":"https:\/\/i0.wp.com\/iguanasmoke.com\/wp-content\/uploads\/2023\/12\/Gorro-negro-baseball-front-webp.webp?fit=500%2C500&ssl=1","type":"image\/webp"}],"twitter_card":"summary_large_image","twitter_misc":{"Prix":"25,00&nbsp;&euro;","Disponibilit\u00e9":"En stock"},"schema":{"@context":"https:\/\/schema.org","@graph":[{"@type":"WebPage","@id":"https:\/\/iguanasmoke.com\/producto\/gorra-baseball-negra-iguana-japan\/","url":"https:\/\/iguanasmoke.com\/producto\/gorra-baseball-negra-iguana-japan\/","name":"Casquette de baseball noire Iguana Japan : Iguana Smoke","isPartOf":{"@id":"https:\/\/iguanasmoke.com\/#website"},"primaryImageOfPage":{"@id":"https:\/\/iguanasmoke.com\/producto\/gorra-baseball-negra-iguana-japan\/#primaryimage"},"image":{"@id":"https:\/\/iguanasmoke.com\/producto\/gorra-baseball-negra-iguana-japan\/#primaryimage"},"thumbnailUrl":"https:\/\/iguanasmoke.com\/wp-content\/uploads\/2023\/12\/Gorro-negro-baseball-front-webp.webp","datePublished":"2023-12-22T15:23:54+00:00","dateModified":"2025-05-05T19:22:59+00:00","description":"Acheter la casquette de baseball Japan Black au meilleur prix et avec une qualit\u00e9 imbattable chez Iguana Smoke. Livraison gratuite en Espagne et au Portugal \u00e0 partir de 35\u20ac.","breadcrumb":{"@id":"https:\/\/iguanasmoke.com\/producto\/gorra-baseball-negra-iguana-japan\/#breadcrumb"},"inLanguage":"fr-FR","potentialAction":[{"@type":"ReadAction","target":["https:\/\/iguanasmoke.com\/producto\/gorra-baseball-negra-iguana-japan\/"]}]},{"@type":"ImageObject","inLanguage":"fr-FR","@id":"https:\/\/iguanasmoke.com\/producto\/gorra-baseball-negra-iguana-japan\/#primaryimage","url":"https:\/\/iguanasmoke.com\/wp-content\/uploads\/2023\/12\/Gorro-negro-baseball-front-webp.webp","contentUrl":"https:\/\/iguanasmoke.com\/wp-content\/uploads\/2023\/12\/Gorro-negro-baseball-front-webp.webp","width":500,"height":500,"caption":"gorro baseball iguana japon"},{"@type":"BreadcrumbList","@id":"https:\/\/iguanasmoke.com\/producto\/gorra-baseball-negra-iguana-japan\/#breadcrumb","itemListElement":[{"@type":"ListItem","position":1,"name":"home","item":"https:\/\/iguanasmoke.com\/"},{"@type":"ListItem","position":2,"name":"Tienda","item":"https:\/\/iguanasmoke.com\/tienda\/"},{"@type":"ListItem","position":3,"name":"Ropa y Accesorios","item":"https:\/\/iguanasmoke.com\/categoria\/ropa-y-accesorios\/"},{"@type":"ListItem","position":4,"name":"Gorras","item":"https:\/\/iguanasmoke.com\/categoria\/ropa-y-accesorios\/gorras\/"},{"@type":"ListItem","position":5,"name":"Gorra Baseball Negra Iguana Japan"}]},{"@type":"WebSite","@id":"https:\/\/iguanasmoke.com\/#website","url":"https:\/\/iguanasmoke.com\/","name":"Fum\u00e9e d'iguane","description":"Acheter du CBD en ligne au meilleur prix","publisher":{"@id":"https:\/\/iguanasmoke.com\/#organization"},"potentialAction":[{"@type":"SearchAction","target":{"@type":"EntryPoint","urlTemplate":"https:\/\/iguanasmoke.com\/?s={search_term_string}"},"query-input":{"@type":"PropertyValueSpecification","valueRequired":true,"valueName":"search_term_string"}}],"inLanguage":"fr-FR"},{"@type":"Organization","@id":"https:\/\/iguanasmoke.com\/#organization","name":"Fum\u00e9e d'iguane","url":"https:\/\/iguanasmoke.com\/","logo":{"@type":"ImageObject","inLanguage":"fr-FR","@id":"https:\/\/iguanasmoke.com\/#\/schema\/logo\/image\/","url":"https:\/\/iguanasmoke.com\/wp-content\/uploads\/2025\/01\/logoiguana-favi-1.png","contentUrl":"https:\/\/iguanasmoke.com\/wp-content\/uploads\/2025\/01\/logoiguana-favi-1.png","width":512,"height":512,"caption":"Iguana Smoke"},"image":{"@id":"https:\/\/iguanasmoke.com\/#\/schema\/logo\/image\/"},"sameAs":["https:\/\/www.facebook.com\/iguanasmoke","https:\/\/www.instagram.com\/iguanasmoke\/"]}]},"product_brand":"simple","product_price_amount":"25.00","product_price_currency":"EUR","og_availability":"instock","product_availability":"instock","product_condition":"new"},"_links":{"self":[{"href":"https:\/\/iguanasmoke.com\/fr\/wp-json\/wp\/v2\/product\/26724","targetHints":{"allow":["GET"]}}],"collection":[{"href":"https:\/\/iguanasmoke.com\/fr\/wp-json\/wp\/v2\/product"}],"about":[{"href":"https:\/\/iguanasmoke.com\/fr\/wp-json\/wp\/v2\/types\/product"}],"replies":[{"embeddable":true,"href":"https:\/\/iguanasmoke.com\/fr\/wp-json\/wp\/v2\/comments?post=26724"}],"wp:featuredmedia":[{"embeddable":true,"href":"https:\/\/iguanasmoke.com\/fr\/wp-json\/wp\/v2\/media\/26727"}],"wp:attachment":[{"href":"https:\/\/iguanasmoke.com\/fr\/wp-json\/wp\/v2\/media?parent=26724"}],"wp:term":[{"taxonomy":"product_brand","embeddable":true,"href":"https:\/\/iguanasmoke.com\/fr\/wp-json\/wp\/v2\/product_brand?post=26724"},{"taxonomy":"product_cat","embeddable":true,"href":"https:\/\/iguanasmoke.com\/fr\/wp-json\/wp\/v2\/product_cat?post=26724"},{"taxonomy":"product_tag","embeddable":true,"href":"https:\/\/iguanasmoke.com\/fr\/wp-json\/wp\/v2\/product_tag?post=26724"}],"curies":[{"name":"wp","href":"https:\/\/api.w.org\/{rel}","templated":true}]}}