{"id":27032,"date":"2023-12-26T15:21:40","date_gmt":"2023-12-26T14:21:40","guid":{"rendered":"https:\/\/iguanasmoke.com\/?post_type=product&#038;p=27032"},"modified":"2026-02-13T15:48:54","modified_gmt":"2026-02-13T14:48:54","slug":"mug-iguane-smoke-psychedelic-mug-2","status":"publish","type":"product","link":"https:\/\/iguanasmoke.com\/fr\/producto\/taza-iguana-smoke-psicodelica\/","title":{"rendered":"Mug Iguane fum\u00e9 Psicodelica"},"content":{"rendered":"<h1><span style=\"font-weight: 400;\">Tasse \u00e0 fum\u00e9e Iguane psych\u00e9d\u00e9lique<\/span><\/h1>\n<p>D\u00e9couvrez la fusion parfaite du style et de la durabilit\u00e9 in\u00e9gal\u00e9e avec la tasse en m\u00e9tal psych\u00e9d\u00e9lique Iguana Smoke. Cette tasse captivante de 12 oz pr\u00e9sente non seulement un design psych\u00e9d\u00e9lique unique avec l'image d'un iguane, mais elle est \u00e9galement fabriqu\u00e9e avec une qualit\u00e9 sup\u00e9rieure : un noyau m\u00e9tallique robuste recouvert d'une couche d'\u00e9mail, garantissant solidit\u00e9 et style \u00e0 chaque gorg\u00e9e.<\/p>\n<p>Caract\u00e9ristiques principales :<\/p>\n<ul>\n<li><strong>Mod\u00e8le sp\u00e9cial d'iguane :<\/strong> Plongez dans l'explosion artistique qui orne cette tasse. Chaque d\u00e9tail capture l'essence unique d'Iguana Smoke, ce qui en fait un objet de collection pour les amateurs de vape.<\/li>\n<li><strong>Construction robuste :<\/strong> Fabriqu\u00e9 \u00e0 partir d'un noyau m\u00e9tallique durable et recouvert d'une couche d'\u00e9mail, ce mug n'est pas seulement esth\u00e9tique, il est aussi r\u00e9sistant aux sollicitations quotidiennes. Parfait pour un usage quotidien et con\u00e7u pour durer.<\/li>\n<li><strong>Taille parfaite :<\/strong> D'une capacit\u00e9 de 12 oz, cette tasse est id\u00e9ale pour votre boisson pr\u00e9f\u00e9r\u00e9e, qu'il s'agisse de caf\u00e9, de th\u00e9 ou de n'importe quel autre liquide. Sa taille polyvalente en fait le compagnon id\u00e9al pour toutes vos activit\u00e9s quotidiennes.<\/li>\n<\/ul>\n<p>Ajoutez une touche de style et de robustesse \u00e0 vos moments de d\u00e9tente avec la tasse en m\u00e9tal psych\u00e9d\u00e9lique Iguana Smoke. Obtenez la v\u00f4tre maintenant et \u00e9levez votre exp\u00e9rience de boisson avec l'authenticit\u00e9 et le design unique !<\/p>","protected":false},"excerpt":{"rendered":"<ul>\n<li>Taille : 12 oz<\/li>\n<li>Mat\u00e9riau : m\u00e9tal<\/li>\n<\/ul>","protected":false},"featured_media":27033,"comment_status":"open","ping_status":"closed","template":"","meta":{"_acf_changed":false,"site-sidebar-layout":"default","site-content-layout":"","ast-site-content-layout":"default","site-content-style":"default","site-sidebar-style":"default","ast-global-header-display":"","ast-banner-title-visibility":"","ast-main-header-display":"","ast-hfb-above-header-display":"","ast-hfb-below-header-display":"","ast-hfb-mobile-header-display":"","site-post-title":"","ast-breadcrumbs-content":"","ast-featured-img":"","footer-sml-layout":"","theme-transparent-header-meta":"default","adv-header-id-meta":"","stick-header-meta":"","header-above-stick-meta":"","header-main-stick-meta":"","header-below-stick-meta":"","astra-migrate-meta-layouts":"set","ast-page-background-enabled":"default","ast-page-background-meta":{"desktop":{"background-color":"var(--ast-global-color-4)","background-image":"","background-repeat":"repeat","background-position":"center center","background-size":"auto","background-attachment":"scroll","background-type":"","background-media":"","overlay-type":"","overlay-color":"","overlay-opacity":"","overlay-gradient":""},"tablet":{"background-color":"","background-image":"","background-repeat":"repeat","background-position":"center center","background-size":"auto","background-attachment":"scroll","background-type":"","background-media":"","overlay-type":"","overlay-color":"","overlay-opacity":"","overlay-gradient":""},"mobile":{"background-color":"","background-image":"","background-repeat":"repeat","background-position":"center center","background-size":"auto","background-attachment":"scroll","background-type":"","background-media":"","overlay-type":"","overlay-color":"","overlay-opacity":"","overlay-gradient":""}},"ast-content-background-meta":{"desktop":{"background-color":"var(--ast-global-color-5)","background-image":"","background-repeat":"repeat","background-position":"center center","background-size":"auto","background-attachment":"scroll","background-type":"","background-media":"","overlay-type":"","overlay-color":"","overlay-opacity":"","overlay-gradient":""},"tablet":{"background-color":"var(--ast-global-color-5)","background-image":"","background-repeat":"repeat","background-position":"center center","background-size":"auto","background-attachment":"scroll","background-type":"","background-media":"","overlay-type":"","overlay-color":"","overlay-opacity":"","overlay-gradient":""},"mobile":{"background-color":"var(--ast-global-color-5)","background-image":"","background-repeat":"repeat","background-position":"center center","background-size":"auto","background-attachment":"scroll","background-type":"","background-media":"","overlay-type":"","overlay-color":"","overlay-opacity":"","overlay-gradient":""}}},"product_brand":[],"product_cat":[436,985],"product_tag":[],"class_list":{"0":"post-27032","1":"product","2":"type-product","3":"status-publish","4":"has-post-thumbnail","6":"product_cat-merchandise-de-iguana-smoke","7":"product_cat-parafernalia","8":"desktop-align-center","9":"tablet-align-center","10":"mobile-align-center","12":"first","13":"outofstock","14":"taxable","15":"shipping-taxable","16":"purchasable","17":"product-type-simple"},"acf":[],"yoast_head":"<!-- This site is optimized with the Yoast SEO Premium plugin v27.3 (Yoast SEO v27.3) - https:\/\/yoast.com\/product\/yoast-seo-premium-wordpress\/ -->\n<title>Taza Iguana Smoke Psicodelica | Iguana Smoke<\/title>\n<meta name=\"description\" content=\"Compra la Taza Psicodelica Iguana al mejor precio y con una calidad inigualable en Iguana Smoke. Env\u00edo gratuito en Espa\u00f1a y Portugal a partir de 35\u20ac.\" \/>\n<meta name=\"robots\" content=\"index, follow, max-snippet:-1, max-image-preview:large, max-video-preview:-1\" \/>\n<link rel=\"canonical\" href=\"https:\/\/iguanasmoke.com\/fr\/produit\/mug-iguane-smoke-psychedelic-mug-2\/\" \/>\n<meta property=\"og:locale\" content=\"fr_FR\" \/>\n<meta property=\"og:type\" content=\"article\" \/>\n<meta property=\"og:title\" content=\"Taza Iguana Smoke Psicodelica\" \/>\n<meta property=\"og:description\" content=\"Tama\u00f1o: 12oz  Material: Metal\" \/>\n<meta property=\"og:url\" content=\"https:\/\/iguanasmoke.com\/fr\/produit\/mug-iguane-smoke-psychedelic-mug-2\/\" \/>\n<meta property=\"og:site_name\" content=\"Iguana Smoke\" \/>\n<meta property=\"article:publisher\" content=\"https:\/\/www.facebook.com\/iguanasmoke\" \/>\n<meta property=\"article:modified_time\" content=\"2026-02-13T14:48:54+00:00\" \/>\n<meta property=\"og:image\" content=\"https:\/\/iguanasmoke.com\/wp-content\/uploads\/2023\/12\/Taza-Esmaltada-Iguana-Smoke.webp\" \/>\n\t<meta property=\"og:image:width\" content=\"500\" \/>\n\t<meta property=\"og:image:height\" content=\"500\" \/>\n\t<meta property=\"og:image:type\" content=\"image\/webp\" \/>\n<meta name=\"twitter:card\" content=\"summary_large_image\" \/>\n<meta name=\"twitter:label1\" content=\"Prix\" \/>\n\t<meta name=\"twitter:data1\" content=\"15,00&nbsp;&euro;\" \/>\n\t<meta name=\"twitter:label2\" content=\"Disponibilit\u00e9\" \/>\n\t<meta name=\"twitter:data2\" content=\"Rupture de stock\" \/>\n<meta property=\"product:brand\" content=\"simple\" \/>\n<meta property=\"product:price:amount\" content=\"15.00\" \/>\n<meta property=\"product:price:currency\" content=\"EUR\" \/>\n<meta property=\"og:availability\" content=\"out of stock\" \/>\n<meta property=\"product:availability\" content=\"out of stock\" \/>\n<meta property=\"product:condition\" content=\"new\" \/>\n<!-- \/ Yoast SEO Premium plugin. -->","yoast_head_json":{"title":"Tasse psych\u00e9d\u00e9lique Iguana Smoke - Iguana Smoke","description":"Achetez la tasse Iguana Psychedelic Mug au meilleur prix et avec une qualit\u00e9 imbattable chez Iguana Smoke. Livraison gratuite en Espagne et au Portugal \u00e0 partir de 35\u20ac.","robots":{"index":"index","follow":"follow","max-snippet":"max-snippet:-1","max-image-preview":"max-image-preview:large","max-video-preview":"max-video-preview:-1"},"canonical":"https:\/\/iguanasmoke.com\/fr\/produit\/mug-iguane-smoke-psychedelic-mug-2\/","og_locale":"fr_FR","og_type":"article","og_title":"Taza Iguana Smoke Psicodelica","og_description":"Tama\u00f1o: 12oz  Material: Metal","og_url":"https:\/\/iguanasmoke.com\/fr\/produit\/mug-iguane-smoke-psychedelic-mug-2\/","og_site_name":"Iguana Smoke","article_publisher":"https:\/\/www.facebook.com\/iguanasmoke","article_modified_time":"2026-02-13T14:48:54+00:00","og_image":[{"width":500,"height":500,"url":"https:\/\/iguanasmoke.com\/wp-content\/uploads\/2023\/12\/Taza-Esmaltada-Iguana-Smoke.webp","type":"image\/webp"}],"twitter_card":"summary_large_image","twitter_misc":{"Prix":"15,00&nbsp;&euro;","Disponibilit\u00e9":"Rupture de stock"},"schema":{"@context":"https:\/\/schema.org","@graph":[{"@type":"WebPage","@id":"https:\/\/iguanasmoke.com\/producto\/taza-iguana-smoke-psicodelica\/","url":"https:\/\/iguanasmoke.com\/producto\/taza-iguana-smoke-psicodelica\/","name":"Tasse psych\u00e9d\u00e9lique Iguana Smoke - Iguana Smoke","isPartOf":{"@id":"https:\/\/iguanasmoke.com\/#website"},"primaryImageOfPage":{"@id":"https:\/\/iguanasmoke.com\/producto\/taza-iguana-smoke-psicodelica\/#primaryimage"},"image":{"@id":"https:\/\/iguanasmoke.com\/producto\/taza-iguana-smoke-psicodelica\/#primaryimage"},"thumbnailUrl":"https:\/\/iguanasmoke.com\/wp-content\/uploads\/2023\/12\/Taza-Esmaltada-Iguana-Smoke.webp","datePublished":"2023-12-26T14:21:40+00:00","dateModified":"2026-02-13T14:48:54+00:00","description":"Achetez la tasse Iguana Psychedelic Mug au meilleur prix et avec une qualit\u00e9 imbattable chez Iguana Smoke. Livraison gratuite en Espagne et au Portugal \u00e0 partir de 35\u20ac.","breadcrumb":{"@id":"https:\/\/iguanasmoke.com\/producto\/taza-iguana-smoke-psicodelica\/#breadcrumb"},"inLanguage":"fr-FR","potentialAction":[{"@type":"ReadAction","target":["https:\/\/iguanasmoke.com\/producto\/taza-iguana-smoke-psicodelica\/"]}]},{"@type":"ImageObject","inLanguage":"fr-FR","@id":"https:\/\/iguanasmoke.com\/producto\/taza-iguana-smoke-psicodelica\/#primaryimage","url":"https:\/\/iguanasmoke.com\/wp-content\/uploads\/2023\/12\/Taza-Esmaltada-Iguana-Smoke.webp","contentUrl":"https:\/\/iguanasmoke.com\/wp-content\/uploads\/2023\/12\/Taza-Esmaltada-Iguana-Smoke.webp","width":500,"height":500,"caption":"taza iguana smoke metal resistente"},{"@type":"BreadcrumbList","@id":"https:\/\/iguanasmoke.com\/producto\/taza-iguana-smoke-psicodelica\/#breadcrumb","itemListElement":[{"@type":"ListItem","position":1,"name":"home","item":"https:\/\/iguanasmoke.com\/"},{"@type":"ListItem","position":2,"name":"Tienda","item":"https:\/\/iguanasmoke.com\/tienda\/"},{"@type":"ListItem","position":3,"name":"Merch","item":"https:\/\/iguanasmoke.com\/categoria\/merchandise-de-iguana-smoke\/"},{"@type":"ListItem","position":4,"name":"Parafernalia","item":"https:\/\/iguanasmoke.com\/categoria\/merchandise-de-iguana-smoke\/parafernalia\/"},{"@type":"ListItem","position":5,"name":"Taza Iguana Smoke Psicodelica"}]},{"@type":"WebSite","@id":"https:\/\/iguanasmoke.com\/#website","url":"https:\/\/iguanasmoke.com\/","name":"Fum\u00e9e d'iguane","description":"Acheter du CBD en ligne au meilleur prix","publisher":{"@id":"https:\/\/iguanasmoke.com\/#organization"},"potentialAction":[{"@type":"SearchAction","target":{"@type":"EntryPoint","urlTemplate":"https:\/\/iguanasmoke.com\/?s={search_term_string}"},"query-input":{"@type":"PropertyValueSpecification","valueRequired":true,"valueName":"search_term_string"}}],"inLanguage":"fr-FR"},{"@type":"Organization","@id":"https:\/\/iguanasmoke.com\/#organization","name":"Fum\u00e9e d'iguane","url":"https:\/\/iguanasmoke.com\/","logo":{"@type":"ImageObject","inLanguage":"fr-FR","@id":"https:\/\/iguanasmoke.com\/#\/schema\/logo\/image\/","url":"https:\/\/iguanasmoke.com\/wp-content\/uploads\/2025\/01\/logoiguana-favi-1.png","contentUrl":"https:\/\/iguanasmoke.com\/wp-content\/uploads\/2025\/01\/logoiguana-favi-1.png","width":512,"height":512,"caption":"Iguana Smoke"},"image":{"@id":"https:\/\/iguanasmoke.com\/#\/schema\/logo\/image\/"},"sameAs":["https:\/\/www.facebook.com\/iguanasmoke","https:\/\/www.instagram.com\/iguanasmoke\/"]}]},"product_brand":"simple","product_price_amount":"15.00","product_price_currency":"EUR","og_availability":"out of stock","product_availability":"out of stock","product_condition":"new"},"_links":{"self":[{"href":"https:\/\/iguanasmoke.com\/fr\/wp-json\/wp\/v2\/product\/27032","targetHints":{"allow":["GET"]}}],"collection":[{"href":"https:\/\/iguanasmoke.com\/fr\/wp-json\/wp\/v2\/product"}],"about":[{"href":"https:\/\/iguanasmoke.com\/fr\/wp-json\/wp\/v2\/types\/product"}],"replies":[{"embeddable":true,"href":"https:\/\/iguanasmoke.com\/fr\/wp-json\/wp\/v2\/comments?post=27032"}],"wp:featuredmedia":[{"embeddable":true,"href":"https:\/\/iguanasmoke.com\/fr\/wp-json\/wp\/v2\/media\/27033"}],"wp:attachment":[{"href":"https:\/\/iguanasmoke.com\/fr\/wp-json\/wp\/v2\/media?parent=27032"}],"wp:term":[{"taxonomy":"product_brand","embeddable":true,"href":"https:\/\/iguanasmoke.com\/fr\/wp-json\/wp\/v2\/product_brand?post=27032"},{"taxonomy":"product_cat","embeddable":true,"href":"https:\/\/iguanasmoke.com\/fr\/wp-json\/wp\/v2\/product_cat?post=27032"},{"taxonomy":"product_tag","embeddable":true,"href":"https:\/\/iguanasmoke.com\/fr\/wp-json\/wp\/v2\/product_tag?post=27032"}],"curies":[{"name":"wp","href":"https:\/\/api.w.org\/{rel}","templated":true}]}}