{"id":27091,"date":"2023-12-26T19:09:37","date_gmt":"2023-12-26T18:09:37","guid":{"rendered":"https:\/\/iguanasmoke.com\/?post_type=product&#038;p=27091"},"modified":"2026-02-13T13:39:53","modified_gmt":"2026-02-13T12:39:53","slug":"sweat-shirt-sport-noir-iguana-japon","status":"publish","type":"product","link":"https:\/\/iguanasmoke.com\/fr\/producto\/sudadera-sport-negra-iguana-japan\/","title":{"rendered":"Sweatshirt Sport Noir Iguana Japon"},"content":{"rendered":"<h3>Sweatshirt Sport Noir Iguana Japon<\/h3>\n<p>Atteignez de nouveaux sommets en termes de style et de performance avec le sweat-shirt de sport noir d'Iguana Japan, disponible exclusivement chez Iguana Smoke. Ce v\u00eatement dynamique associe le design avant-gardiste d'Iguana Rock au confort et \u00e0 la fonctionnalit\u00e9 d'un sweat-shirt de sport, cr\u00e9ant ainsi la pi\u00e8ce essentielle pour ceux qui recherchent un style moderne et actif.<\/p>\n<p>Caract\u00e9ristiques principales :<\/p>\n<ul>\n<li><strong>Design japonais exclusif :<\/strong> Le motif Iguana Smoke japonais imprim\u00e9 sur le sweat-shirt ajoute une touche d'\u00e9l\u00e9gance et d'originalit\u00e9. Ainsi, chaque d\u00e9tail refl\u00e8te le lien unique entre la marque et la riche tradition japonaise.<\/li>\n<li><strong>Performance et confort :<\/strong> Fabriqu\u00e9 \u00e0 partir de mat\u00e9riaux de haute qualit\u00e9, ce sweat-shirt est non seulement \u00e9l\u00e9gant, mais aussi fonctionnel. Ainsi, la technologie sportive rencontre le confort de tous les jours, vous offrant la polyvalence dont vous avez besoin pour vos activit\u00e9s quotidiennes ou vos s\u00e9ances d'entra\u00eenement.<\/li>\n<li><strong>Style polyvalent :<\/strong> La polyvalence du sweat-shirt sport noir vous permet de le porter de la salle de sport \u00e0 la rue. Associez-le \u00e0 votre tenue d\u00e9contract\u00e9e ou portez-le comme partie int\u00e9grante de votre \u00e9quipement d'entra\u00eenement, pour \u00eatre s\u00fbr de vous d\u00e9marquer dans un style authentique \u00e0 chaque fois.<\/li>\n<\/ul>\n<p>D\u00e9couvrez la fusion parfaite de la mode et de la performance avec le sweat-shirt sport noir Iguana Japan d'Iguana Smoke. Faites une d\u00e9claration de style actif et \u00e0 la mode - obtenez le v\u00f4tre aujourd'hui et portez l'essence vibrante d'Iguana Rock avec vous !<\/p>","protected":false},"excerpt":{"rendered":"<ul>\n<li>65% coton, 35% polyester<\/li>\n<li>Impression DTG<\/li>\n<li>Longueur standard<\/li>\n<\/ul>","protected":false},"featured_media":27097,"comment_status":"open","ping_status":"closed","template":"","meta":{"_acf_changed":false,"site-sidebar-layout":"default","site-content-layout":"","ast-site-content-layout":"default","site-content-style":"default","site-sidebar-style":"default","ast-global-header-display":"","ast-banner-title-visibility":"","ast-main-header-display":"","ast-hfb-above-header-display":"","ast-hfb-below-header-display":"","ast-hfb-mobile-header-display":"","site-post-title":"","ast-breadcrumbs-content":"","ast-featured-img":"","footer-sml-layout":"","theme-transparent-header-meta":"default","adv-header-id-meta":"","stick-header-meta":"","header-above-stick-meta":"","header-main-stick-meta":"","header-below-stick-meta":"","astra-migrate-meta-layouts":"set","ast-page-background-enabled":"default","ast-page-background-meta":{"desktop":{"background-color":"var(--ast-global-color-4)","background-image":"","background-repeat":"repeat","background-position":"center center","background-size":"auto","background-attachment":"scroll","background-type":"","background-media":"","overlay-type":"","overlay-color":"","overlay-opacity":"","overlay-gradient":""},"tablet":{"background-color":"","background-image":"","background-repeat":"repeat","background-position":"center center","background-size":"auto","background-attachment":"scroll","background-type":"","background-media":"","overlay-type":"","overlay-color":"","overlay-opacity":"","overlay-gradient":""},"mobile":{"background-color":"","background-image":"","background-repeat":"repeat","background-position":"center center","background-size":"auto","background-attachment":"scroll","background-type":"","background-media":"","overlay-type":"","overlay-color":"","overlay-opacity":"","overlay-gradient":""}},"ast-content-background-meta":{"desktop":{"background-color":"var(--ast-global-color-5)","background-image":"","background-repeat":"repeat","background-position":"center center","background-size":"auto","background-attachment":"scroll","background-type":"","background-media":"","overlay-type":"","overlay-color":"","overlay-opacity":"","overlay-gradient":""},"tablet":{"background-color":"var(--ast-global-color-5)","background-image":"","background-repeat":"repeat","background-position":"center center","background-size":"auto","background-attachment":"scroll","background-type":"","background-media":"","overlay-type":"","overlay-color":"","overlay-opacity":"","overlay-gradient":""},"mobile":{"background-color":"var(--ast-global-color-5)","background-image":"","background-repeat":"repeat","background-position":"center center","background-size":"auto","background-attachment":"scroll","background-type":"","background-media":"","overlay-type":"","overlay-color":"","overlay-opacity":"","overlay-gradient":""}}},"product_brand":[],"product_cat":[436,442],"product_tag":[],"class_list":{"0":"post-27091","1":"product","2":"type-product","3":"status-publish","4":"has-post-thumbnail","6":"product_cat-merchandise-de-iguana-smoke","7":"product_cat-sudaderas","8":"desktop-align-center","9":"tablet-align-center","10":"mobile-align-center","12":"first","13":"instock","14":"taxable","15":"shipping-taxable","16":"purchasable","17":"product-type-variable"},"acf":[],"yoast_head":"<!-- This site is optimized with the Yoast SEO Premium plugin v27.3 (Yoast SEO v27.3) - https:\/\/yoast.com\/product\/yoast-seo-premium-wordpress\/ -->\n<title>Sudadera Sport Negra Iguana Japan | Iguana Smoke<\/title>\n<meta name=\"description\" content=\"Compra la Sudadera Sport Negra Japan al mejor precio y con una calidad inigualable en Iguana Smoke. Env\u00edo gratuito en Espa\u00f1a y Portugal a partir de 35\u20ac.\" \/>\n<meta name=\"robots\" content=\"index, follow, max-snippet:-1, max-image-preview:large, max-video-preview:-1\" \/>\n<link rel=\"canonical\" href=\"https:\/\/iguanasmoke.com\/fr\/produit\/sweat-shirt-sport-noir-iguana-japon\/\" \/>\n<meta property=\"og:locale\" content=\"fr_FR\" \/>\n<meta property=\"og:type\" content=\"article\" \/>\n<meta property=\"og:title\" content=\"Sudadera Sport Negra Iguana Japan\" \/>\n<meta property=\"og:description\" content=\"65% algod\u00f3n, 35% poli\u00e9ster  Impresion DTG  Longitud estandar\" \/>\n<meta property=\"og:url\" content=\"https:\/\/iguanasmoke.com\/fr\/produit\/sweat-shirt-sport-noir-iguana-japon\/\" \/>\n<meta property=\"og:site_name\" content=\"Iguana Smoke\" \/>\n<meta property=\"article:publisher\" content=\"https:\/\/www.facebook.com\/iguanasmoke\" \/>\n<meta property=\"article:modified_time\" content=\"2026-02-13T12:39:53+00:00\" \/>\n<meta property=\"og:image\" content=\"https:\/\/iguanasmoke.com\/wp-content\/uploads\/2023\/12\/Sudadera-negra-Iguana-Japan-Back-webp.webp\" \/>\n\t<meta property=\"og:image:width\" content=\"500\" \/>\n\t<meta property=\"og:image:height\" content=\"500\" \/>\n\t<meta property=\"og:image:type\" content=\"image\/webp\" \/>\n<meta name=\"twitter:card\" content=\"summary_large_image\" \/>\n<meta name=\"twitter:label1\" content=\"Disponibilit\u00e9\" \/>\n\t<meta name=\"twitter:data1\" content=\"En stock\" \/>\n<meta property=\"product:brand\" content=\"variable\" \/>\n<meta property=\"og:availability\" content=\"instock\" \/>\n<meta property=\"product:availability\" content=\"instock\" \/>\n<meta property=\"product:condition\" content=\"new\" \/>\n<!-- \/ Yoast SEO Premium plugin. -->","yoast_head_json":{"title":"Sweatshirt Sport Black Iguana Japan | Iguana Smoke","description":"Acheter Japan Black Sport Sweatshirt au meilleur prix et avec une qualit\u00e9 imbattable chez Iguana Smoke. Livraison gratuite en Espagne et au Portugal \u00e0 partir de 35\u20ac.","robots":{"index":"index","follow":"follow","max-snippet":"max-snippet:-1","max-image-preview":"max-image-preview:large","max-video-preview":"max-video-preview:-1"},"canonical":"https:\/\/iguanasmoke.com\/fr\/produit\/sweat-shirt-sport-noir-iguana-japon\/","og_locale":"fr_FR","og_type":"article","og_title":"Sudadera Sport Negra Iguana Japan","og_description":"65% algod\u00f3n, 35% poli\u00e9ster  Impresion DTG  Longitud estandar","og_url":"https:\/\/iguanasmoke.com\/fr\/produit\/sweat-shirt-sport-noir-iguana-japon\/","og_site_name":"Iguana Smoke","article_publisher":"https:\/\/www.facebook.com\/iguanasmoke","article_modified_time":"2026-02-13T12:39:53+00:00","og_image":[{"width":500,"height":500,"url":"https:\/\/iguanasmoke.com\/wp-content\/uploads\/2023\/12\/Sudadera-negra-Iguana-Japan-Back-webp.webp","type":"image\/webp"}],"twitter_card":"summary_large_image","twitter_misc":{"Disponibilit\u00e9":"En stock"},"schema":{"@context":"https:\/\/schema.org","@graph":[{"@type":"WebPage","@id":"https:\/\/iguanasmoke.com\/producto\/sudadera-sport-negra-iguana-japan\/","url":"https:\/\/iguanasmoke.com\/producto\/sudadera-sport-negra-iguana-japan\/","name":"Sweatshirt Sport Black Iguana Japan | Iguana Smoke","isPartOf":{"@id":"https:\/\/iguanasmoke.com\/#website"},"primaryImageOfPage":{"@id":"https:\/\/iguanasmoke.com\/producto\/sudadera-sport-negra-iguana-japan\/#primaryimage"},"image":{"@id":"https:\/\/iguanasmoke.com\/producto\/sudadera-sport-negra-iguana-japan\/#primaryimage"},"thumbnailUrl":"https:\/\/iguanasmoke.com\/wp-content\/uploads\/2023\/12\/Sudadera-negra-Iguana-Japan-Back-webp.webp","datePublished":"2023-12-26T18:09:37+00:00","dateModified":"2026-02-13T12:39:53+00:00","description":"Acheter Japan Black Sport Sweatshirt au meilleur prix et avec une qualit\u00e9 imbattable chez Iguana Smoke. Livraison gratuite en Espagne et au Portugal \u00e0 partir de 35\u20ac.","breadcrumb":{"@id":"https:\/\/iguanasmoke.com\/producto\/sudadera-sport-negra-iguana-japan\/#breadcrumb"},"inLanguage":"fr-FR","potentialAction":[{"@type":"ReadAction","target":["https:\/\/iguanasmoke.com\/producto\/sudadera-sport-negra-iguana-japan\/"]}]},{"@type":"ImageObject","inLanguage":"fr-FR","@id":"https:\/\/iguanasmoke.com\/producto\/sudadera-sport-negra-iguana-japan\/#primaryimage","url":"https:\/\/iguanasmoke.com\/wp-content\/uploads\/2023\/12\/Sudadera-negra-Iguana-Japan-Back-webp.webp","contentUrl":"https:\/\/iguanasmoke.com\/wp-content\/uploads\/2023\/12\/Sudadera-negra-Iguana-Japan-Back-webp.webp","width":500,"height":500,"caption":"Sudadera negra iguana japon"},{"@type":"BreadcrumbList","@id":"https:\/\/iguanasmoke.com\/producto\/sudadera-sport-negra-iguana-japan\/#breadcrumb","itemListElement":[{"@type":"ListItem","position":1,"name":"home","item":"https:\/\/iguanasmoke.com\/"},{"@type":"ListItem","position":2,"name":"Tienda","item":"https:\/\/iguanasmoke.com\/tienda\/"},{"@type":"ListItem","position":3,"name":"Merch","item":"https:\/\/iguanasmoke.com\/categoria\/merchandise-de-iguana-smoke\/"},{"@type":"ListItem","position":4,"name":"Sudadera Sport Negra Iguana Japan"}]},{"@type":"WebSite","@id":"https:\/\/iguanasmoke.com\/#website","url":"https:\/\/iguanasmoke.com\/","name":"Fum\u00e9e d'iguane","description":"Acheter du CBD en ligne au meilleur prix","publisher":{"@id":"https:\/\/iguanasmoke.com\/#organization"},"potentialAction":[{"@type":"SearchAction","target":{"@type":"EntryPoint","urlTemplate":"https:\/\/iguanasmoke.com\/?s={search_term_string}"},"query-input":{"@type":"PropertyValueSpecification","valueRequired":true,"valueName":"search_term_string"}}],"inLanguage":"fr-FR"},{"@type":"Organization","@id":"https:\/\/iguanasmoke.com\/#organization","name":"Fum\u00e9e d'iguane","url":"https:\/\/iguanasmoke.com\/","logo":{"@type":"ImageObject","inLanguage":"fr-FR","@id":"https:\/\/iguanasmoke.com\/#\/schema\/logo\/image\/","url":"https:\/\/iguanasmoke.com\/wp-content\/uploads\/2025\/01\/logoiguana-favi-1.png","contentUrl":"https:\/\/iguanasmoke.com\/wp-content\/uploads\/2025\/01\/logoiguana-favi-1.png","width":512,"height":512,"caption":"Iguana Smoke"},"image":{"@id":"https:\/\/iguanasmoke.com\/#\/schema\/logo\/image\/"},"sameAs":["https:\/\/www.facebook.com\/iguanasmoke","https:\/\/www.instagram.com\/iguanasmoke\/"]}]},"product_brand":"variable","og_availability":"instock","product_availability":"instock","product_condition":"new"},"_links":{"self":[{"href":"https:\/\/iguanasmoke.com\/fr\/wp-json\/wp\/v2\/product\/27091","targetHints":{"allow":["GET"]}}],"collection":[{"href":"https:\/\/iguanasmoke.com\/fr\/wp-json\/wp\/v2\/product"}],"about":[{"href":"https:\/\/iguanasmoke.com\/fr\/wp-json\/wp\/v2\/types\/product"}],"replies":[{"embeddable":true,"href":"https:\/\/iguanasmoke.com\/fr\/wp-json\/wp\/v2\/comments?post=27091"}],"wp:featuredmedia":[{"embeddable":true,"href":"https:\/\/iguanasmoke.com\/fr\/wp-json\/wp\/v2\/media\/27097"}],"wp:attachment":[{"href":"https:\/\/iguanasmoke.com\/fr\/wp-json\/wp\/v2\/media?parent=27091"}],"wp:term":[{"taxonomy":"product_brand","embeddable":true,"href":"https:\/\/iguanasmoke.com\/fr\/wp-json\/wp\/v2\/product_brand?post=27091"},{"taxonomy":"product_cat","embeddable":true,"href":"https:\/\/iguanasmoke.com\/fr\/wp-json\/wp\/v2\/product_cat?post=27091"},{"taxonomy":"product_tag","embeddable":true,"href":"https:\/\/iguanasmoke.com\/fr\/wp-json\/wp\/v2\/product_tag?post=27091"}],"curies":[{"name":"wp","href":"https:\/\/api.w.org\/{rel}","templated":true}]}}