{"id":29146,"date":"2024-01-29T16:53:35","date_gmt":"2024-01-29T15:53:35","guid":{"rendered":"https:\/\/iguanasmoke.com\/?post_type=product&#038;p=29146"},"modified":"2026-03-15T18:48:05","modified_gmt":"2026-03-15T17:48:05","slug":"porte-rouleau-2","status":"publish","type":"product","link":"https:\/\/iguanasmoke.com\/fr\/producto\/porta-pre-roll\/","title":{"rendered":"Porte-rouleau Iguana Smoke"},"content":{"rendered":"<h1><span style=\"font-weight: 400;\">Porte-rouleau : <em>Stocker avec style<\/em><\/span><\/h1>\n<p><span style=\"font-weight: 400;\">D\u00e9couvrez les <strong>combinaison<\/strong> <strong>parfait<\/strong> entre l'\u00e9l\u00e9gance, la force et la fonctionnalit\u00e9, notre <strong>Porte-rouleau<\/strong> est destin\u00e9 \u00e0 ceux qui veulent profiter d'un cannabidiol de qualit\u00e9 sans se pr\u00e9occuper de sa consommation : ouvrez-le et il sera aussi frais et pr\u00eat qu'au premier jour. Cet accessoire de <strong>la haute qualit\u00e9 allie style et fonctionnalit\u00e9<\/strong> pour vous offrir une exp\u00e9rience in\u00e9gal\u00e9e.<\/span><\/p>\n<p>&nbsp;<\/p>\n<h2><strong>Conception haut de gamme et durabilit\u00e9 maximale <\/strong><\/h2>\n<p><span style=\"font-weight: 400;\">Le <strong>Porte-rouleau<\/strong> d'Iguana Smoke se distingue par sa structure <strong>cylindrique<\/strong> <strong>robuste<\/strong>, con\u00e7u pour prot\u00e9ger efficacement votre Pre Rolls contre <strong>succ\u00e8s<\/strong>, <strong>l'humidit\u00e9<\/strong> y <strong>facteurs<\/strong> <strong>externe<\/strong>. De plus, gr\u00e2ce \u00e0 sa finition <strong>m\u00e9tal<\/strong>, Le nouveau style \u00e9l\u00e9gant et discret est \u00e0 la fois \u00e9l\u00e9gant et s\u00fbr.<\/span><\/p>\n<p>&nbsp;<\/p>\n<h2><strong>Pr\u00e9servation de la fra\u00eecheur et contr\u00f4le des odeurs <\/strong><\/h2>\n<p><span style=\"font-weight: 400;\">Gr\u00e2ce \u00e0 son <strong>joint herm\u00e9tique avec bouchon \u00e0 vis<\/strong>, cette <strong>Porte-rouleau<\/strong> garantit la <strong>la pr\u00e9servation de l'ar\u00f4me<\/strong>, les <strong>go\u00fbt<\/strong> et le <strong>fra\u00eecheur<\/strong> du contenu. D'autre part,<strong> emp\u00eache la dispersion des odeurs<\/strong>, ce qui en fait un choix parfait pour transporter vos Pre Rolls pr\u00e9f\u00e9r\u00e9s, comme le <a href=\"https:\/\/iguanasmoke.com\/fr\/produit\/acheter-des-fleurs-de-cbd-pre-rouleau-cone-king-size-cone-cbd-1gr\/\"><strong>Pre Roll CBD - C\u00f4ne CBD King Size<\/strong><\/a> ou le <a href=\"https:\/\/iguanasmoke.com\/fr\/produit\/pre-roll-10-oh-king-size-1-5g\/\"><strong>Pre Roll 10-OH - King Size Cone<\/strong><\/a>, et m\u00eame un Pr\u00e9-Rouleau de la <a href=\"https:\/\/iguanasmoke.com\/fr\/produit\/acheter-cbd-fleurs-pack-pre-roll-cbd-2\/\"><strong>Pack CBD Pre Roll - C\u00f4nes 0,5g<\/strong><\/a>.\u00a0<\/span><\/p>\n<p>&nbsp;<\/p>\n<h3><b>Iguana Smoke est votre boutique en ligne de CBD\u00a0<\/b><\/h3>\n<p><span style=\"font-weight: 400;\">Au<strong> Fum\u00e9e d'iguane<\/strong>, Nous pensons que la consommation de CBD doit \u00eatre une exp\u00e9rience s\u00fbre et agr\u00e9able. C'est pourquoi nous proposons des produits comme celui-ci <strong>Porte-rouleau\u00a0<\/strong>qui s'adresse aux nouvelles g\u00e9n\u00e9rations : des personnes qui recherchent un bien-\u00eatre simple, avec des marques authentiques et fiables.<\/span><\/p>\n<p>Vous savez, notre mission est claire : vous apporter le meilleur du monde des cannabino\u00efdes \u00e0 un prix \u00e9quitable. De plus, nous vous offrons la tranquillit\u00e9 d'esprit de savoir que vous choisissez un produit certifi\u00e9, efficace et 100% l\u00e9gal. Votre temps de d\u00e9tente commence ici avec nous.<\/p>\n<p>Vous avez encore des doutes ? Ecrivez-nous et nous nous ferons un plaisir de vous aider \u00e0 trouver le produit qui vous convient*.<\/p>\n<p>&nbsp;<\/p>\n<p style=\"padding-left: 40px; text-align: center;\"><em><span style=\"font-weight: 400;\">\u26a0\ufe0fRecuerda : son utilisation est destin\u00e9e \u00e0 la collecte ou \u00e0 l'aromath\u00e9rapie conform\u00e9ment \u00e0 la l\u00e9gislation espagnole. <\/span><\/em><\/p>\n<p><em><span style=\"font-weight: 400;\">*Tous nos produits sont d\u00e9riv\u00e9s de chanvre industriel certifi\u00e9. Ils contiennent moins de 0,3 THC et ne contiennent pas de cannabino\u00efdes ill\u00e9gaux tels que HHC, HHC-P, THCP, THCP-O, H4CBD et ceux inclus dans l'annexe I du d\u00e9cret royal 2829\/1977, ni de substances contr\u00f4l\u00e9es par les conventions internationales.\u00a0\u00a0<\/span><\/em><\/p>","protected":false},"excerpt":{"rendered":"<ul>\n<li>Porte-rouleau en m\u00e9tal 100%<\/li>\n<li>Durable et r\u00e9sistant<\/li>\n<li>Bouchon \u00e0 vis<\/li>\n<li>Fermeture herm\u00e9tique des deux c\u00f4t\u00e9s<\/li>\n<li>Compl\u00e9ment id\u00e9al \u00e0 votre <a href=\"https:\/\/iguanasmoke.com\/fr\/categorie\/pre-roll-cbd-joints\/\">Pr\u00e9-rouleaux<\/a> favoris<\/li>\n<\/ul>","protected":false},"featured_media":29257,"comment_status":"open","ping_status":"closed","template":"","meta":{"_acf_changed":false,"site-sidebar-layout":"default","site-content-layout":"","ast-site-content-layout":"default","site-content-style":"default","site-sidebar-style":"default","ast-global-header-display":"","ast-banner-title-visibility":"","ast-main-header-display":"","ast-hfb-above-header-display":"","ast-hfb-below-header-display":"","ast-hfb-mobile-header-display":"","site-post-title":"","ast-breadcrumbs-content":"","ast-featured-img":"","footer-sml-layout":"","theme-transparent-header-meta":"default","adv-header-id-meta":"","stick-header-meta":"","header-above-stick-meta":"","header-main-stick-meta":"","header-below-stick-meta":"","astra-migrate-meta-layouts":"set","ast-page-background-enabled":"default","ast-page-background-meta":{"desktop":{"background-color":"var(--ast-global-color-4)","background-image":"","background-repeat":"repeat","background-position":"center center","background-size":"auto","background-attachment":"scroll","background-type":"","background-media":"","overlay-type":"","overlay-color":"","overlay-opacity":"","overlay-gradient":""},"tablet":{"background-color":"","background-image":"","background-repeat":"repeat","background-position":"center center","background-size":"auto","background-attachment":"scroll","background-type":"","background-media":"","overlay-type":"","overlay-color":"","overlay-opacity":"","overlay-gradient":""},"mobile":{"background-color":"","background-image":"","background-repeat":"repeat","background-position":"center center","background-size":"auto","background-attachment":"scroll","background-type":"","background-media":"","overlay-type":"","overlay-color":"","overlay-opacity":"","overlay-gradient":""}},"ast-content-background-meta":{"desktop":{"background-color":"var(--ast-global-color-5)","background-image":"","background-repeat":"repeat","background-position":"center center","background-size":"auto","background-attachment":"scroll","background-type":"","background-media":"","overlay-type":"","overlay-color":"","overlay-opacity":"","overlay-gradient":""},"tablet":{"background-color":"var(--ast-global-color-5)","background-image":"","background-repeat":"repeat","background-position":"center center","background-size":"auto","background-attachment":"scroll","background-type":"","background-media":"","overlay-type":"","overlay-color":"","overlay-opacity":"","overlay-gradient":""},"mobile":{"background-color":"var(--ast-global-color-5)","background-image":"","background-repeat":"repeat","background-position":"center center","background-size":"auto","background-attachment":"scroll","background-type":"","background-media":"","overlay-type":"","overlay-color":"","overlay-opacity":"","overlay-gradient":""}}},"product_brand":[],"product_cat":[436,335],"product_tag":[],"class_list":{"0":"post-29146","1":"product","2":"type-product","3":"status-publish","4":"has-post-thumbnail","6":"product_cat-merchandise-de-iguana-smoke","7":"product_cat-pre-roll-porros-cbd","8":"desktop-align-center","9":"tablet-align-center","10":"mobile-align-center","12":"first","13":"instock","14":"taxable","15":"shipping-taxable","16":"purchasable","17":"product-type-simple"},"acf":[],"yoast_head":"<!-- This site is optimized with the Yoast SEO Premium plugin v27.3 (Yoast SEO v27.3) - https:\/\/yoast.com\/product\/yoast-seo-premium-wordpress\/ -->\n<title>Porta Pre Roll: calidad, comodidad y elegancia | Iguana Smoke<\/title>\n<meta name=\"description\" content=\"Disfruta de la frescura y calidad con nuestro Porta Pre Roll. Elegancia y durabilidad se encuentran en este accesorio imprescindible. \u00a1Cons\u00edguelo ya!\" \/>\n<meta name=\"robots\" content=\"index, follow, max-snippet:-1, max-image-preview:large, max-video-preview:-1\" \/>\n<link rel=\"canonical\" href=\"https:\/\/iguanasmoke.com\/fr\/produit\/porte-rouleau-2\/\" \/>\n<meta property=\"og:locale\" content=\"fr_FR\" \/>\n<meta property=\"og:type\" content=\"article\" \/>\n<meta property=\"og:title\" content=\"Porta Pre Roll Iguana Smoke\" \/>\n<meta property=\"og:description\" content=\"Porta Pre Roll hecho de metal 100%  Duradero y resistente  Tapa con rosca  Cierre Herm\u00e9tico por ambos lados  Complemento perfecto para tus Pre Rolls favoritos\" \/>\n<meta property=\"og:url\" content=\"https:\/\/iguanasmoke.com\/fr\/produit\/porte-rouleau-2\/\" \/>\n<meta property=\"og:site_name\" content=\"Iguana Smoke\" \/>\n<meta property=\"article:publisher\" content=\"https:\/\/www.facebook.com\/iguanasmoke\" \/>\n<meta property=\"article:modified_time\" content=\"2026-03-15T17:48:05+00:00\" \/>\n<meta property=\"og:image\" content=\"https:\/\/iguanasmoke.com\/wp-content\/uploads\/2024\/01\/Porta-Pre-Roll-webp-1.webp\" \/>\n\t<meta property=\"og:image:width\" content=\"500\" \/>\n\t<meta property=\"og:image:height\" content=\"500\" \/>\n\t<meta property=\"og:image:type\" content=\"image\/webp\" \/>\n<meta name=\"twitter:card\" content=\"summary_large_image\" \/>\n<meta name=\"twitter:label1\" content=\"Prix\" \/>\n\t<meta name=\"twitter:data1\" content=\"6,00&nbsp;&euro;\" \/>\n\t<meta name=\"twitter:label2\" content=\"Disponibilit\u00e9\" \/>\n\t<meta name=\"twitter:data2\" content=\"En stock\" \/>\n<meta property=\"product:brand\" content=\"simple\" \/>\n<meta property=\"product:price:amount\" content=\"6.00\" \/>\n<meta property=\"product:price:currency\" content=\"EUR\" \/>\n<meta property=\"og:availability\" content=\"instock\" \/>\n<meta property=\"product:availability\" content=\"instock\" \/>\n<meta property=\"product:retailer_item_id\" content=\"IS-PORTAROLL\" \/>\n<meta property=\"product:condition\" content=\"new\" \/>\n<!-- \/ Yoast SEO Premium plugin. -->","yoast_head_json":{"title":"Porte-rouleau : qualit\u00e9, confort et \u00e9l\u00e9gance | Iguana Smoke","description":"Profitez de la fra\u00eecheur et de la qualit\u00e9 gr\u00e2ce \u00e0 notre porte-bobine. L'\u00e9l\u00e9gance et la durabilit\u00e9 sont r\u00e9unies dans cet accessoire indispensable - achetez-le d\u00e8s maintenant !","robots":{"index":"index","follow":"follow","max-snippet":"max-snippet:-1","max-image-preview":"max-image-preview:large","max-video-preview":"max-video-preview:-1"},"canonical":"https:\/\/iguanasmoke.com\/fr\/produit\/porte-rouleau-2\/","og_locale":"fr_FR","og_type":"article","og_title":"Porta Pre Roll Iguana Smoke","og_description":"Porta Pre Roll hecho de metal 100%  Duradero y resistente  Tapa con rosca  Cierre Herm\u00e9tico por ambos lados  Complemento perfecto para tus Pre Rolls favoritos","og_url":"https:\/\/iguanasmoke.com\/fr\/produit\/porte-rouleau-2\/","og_site_name":"Iguana Smoke","article_publisher":"https:\/\/www.facebook.com\/iguanasmoke","article_modified_time":"2026-03-15T17:48:05+00:00","og_image":[{"width":500,"height":500,"url":"https:\/\/iguanasmoke.com\/wp-content\/uploads\/2024\/01\/Porta-Pre-Roll-webp-1.webp","type":"image\/webp"}],"twitter_card":"summary_large_image","twitter_misc":{"Prix":"6,00&nbsp;&euro;","Disponibilit\u00e9":"En stock"},"schema":{"@context":"https:\/\/schema.org","@graph":[{"@type":"WebPage","@id":"https:\/\/iguanasmoke.com\/producto\/porta-pre-roll\/","url":"https:\/\/iguanasmoke.com\/producto\/porta-pre-roll\/","name":"Porte-rouleau : qualit\u00e9, confort et \u00e9l\u00e9gance | Iguana Smoke","isPartOf":{"@id":"https:\/\/iguanasmoke.com\/#website"},"primaryImageOfPage":{"@id":"https:\/\/iguanasmoke.com\/producto\/porta-pre-roll\/#primaryimage"},"image":{"@id":"https:\/\/iguanasmoke.com\/producto\/porta-pre-roll\/#primaryimage"},"thumbnailUrl":"https:\/\/iguanasmoke.com\/wp-content\/uploads\/2024\/01\/Porta-Pre-Roll-webp-1.webp","datePublished":"2024-01-29T15:53:35+00:00","dateModified":"2026-03-15T17:48:05+00:00","description":"Profitez de la fra\u00eecheur et de la qualit\u00e9 gr\u00e2ce \u00e0 notre porte-bobine. L'\u00e9l\u00e9gance et la durabilit\u00e9 sont r\u00e9unies dans cet accessoire indispensable - achetez-le d\u00e8s maintenant !","breadcrumb":{"@id":"https:\/\/iguanasmoke.com\/producto\/porta-pre-roll\/#breadcrumb"},"inLanguage":"fr-FR","potentialAction":[{"@type":"ReadAction","target":["https:\/\/iguanasmoke.com\/producto\/porta-pre-roll\/"]}]},{"@type":"ImageObject","inLanguage":"fr-FR","@id":"https:\/\/iguanasmoke.com\/producto\/porta-pre-roll\/#primaryimage","url":"https:\/\/iguanasmoke.com\/wp-content\/uploads\/2024\/01\/Porta-Pre-Roll-webp-1.webp","contentUrl":"https:\/\/iguanasmoke.com\/wp-content\/uploads\/2024\/01\/Porta-Pre-Roll-webp-1.webp","width":500,"height":500,"caption":"Porta pre roll"},{"@type":"BreadcrumbList","@id":"https:\/\/iguanasmoke.com\/producto\/porta-pre-roll\/#breadcrumb","itemListElement":[{"@type":"ListItem","position":1,"name":"home","item":"https:\/\/iguanasmoke.com\/"},{"@type":"ListItem","position":2,"name":"Tienda","item":"https:\/\/iguanasmoke.com\/tienda\/"},{"@type":"ListItem","position":3,"name":"Merch","item":"https:\/\/iguanasmoke.com\/categoria\/merchandise-de-iguana-smoke\/"},{"@type":"ListItem","position":4,"name":"Porta Pre Roll Iguana Smoke"}]},{"@type":"WebSite","@id":"https:\/\/iguanasmoke.com\/#website","url":"https:\/\/iguanasmoke.com\/","name":"Fum\u00e9e d'iguane","description":"Acheter du CBD en ligne au meilleur prix","publisher":{"@id":"https:\/\/iguanasmoke.com\/#organization"},"potentialAction":[{"@type":"SearchAction","target":{"@type":"EntryPoint","urlTemplate":"https:\/\/iguanasmoke.com\/?s={search_term_string}"},"query-input":{"@type":"PropertyValueSpecification","valueRequired":true,"valueName":"search_term_string"}}],"inLanguage":"fr-FR"},{"@type":"Organization","@id":"https:\/\/iguanasmoke.com\/#organization","name":"Fum\u00e9e d'iguane","url":"https:\/\/iguanasmoke.com\/","logo":{"@type":"ImageObject","inLanguage":"fr-FR","@id":"https:\/\/iguanasmoke.com\/#\/schema\/logo\/image\/","url":"https:\/\/iguanasmoke.com\/wp-content\/uploads\/2025\/01\/logoiguana-favi-1.png","contentUrl":"https:\/\/iguanasmoke.com\/wp-content\/uploads\/2025\/01\/logoiguana-favi-1.png","width":512,"height":512,"caption":"Iguana Smoke"},"image":{"@id":"https:\/\/iguanasmoke.com\/#\/schema\/logo\/image\/"},"sameAs":["https:\/\/www.facebook.com\/iguanasmoke","https:\/\/www.instagram.com\/iguanasmoke\/"]}]},"product_brand":"simple","product_price_amount":"6.00","product_price_currency":"EUR","og_availability":"instock","product_availability":"instock","product_retailer_item_id":"IS-PORTAROLL","product_condition":"new"},"_links":{"self":[{"href":"https:\/\/iguanasmoke.com\/fr\/wp-json\/wp\/v2\/product\/29146","targetHints":{"allow":["GET"]}}],"collection":[{"href":"https:\/\/iguanasmoke.com\/fr\/wp-json\/wp\/v2\/product"}],"about":[{"href":"https:\/\/iguanasmoke.com\/fr\/wp-json\/wp\/v2\/types\/product"}],"replies":[{"embeddable":true,"href":"https:\/\/iguanasmoke.com\/fr\/wp-json\/wp\/v2\/comments?post=29146"}],"wp:featuredmedia":[{"embeddable":true,"href":"https:\/\/iguanasmoke.com\/fr\/wp-json\/wp\/v2\/media\/29257"}],"wp:attachment":[{"href":"https:\/\/iguanasmoke.com\/fr\/wp-json\/wp\/v2\/media?parent=29146"}],"wp:term":[{"taxonomy":"product_brand","embeddable":true,"href":"https:\/\/iguanasmoke.com\/fr\/wp-json\/wp\/v2\/product_brand?post=29146"},{"taxonomy":"product_cat","embeddable":true,"href":"https:\/\/iguanasmoke.com\/fr\/wp-json\/wp\/v2\/product_cat?post=29146"},{"taxonomy":"product_tag","embeddable":true,"href":"https:\/\/iguanasmoke.com\/fr\/wp-json\/wp\/v2\/product_tag?post=29146"}],"curies":[{"name":"wp","href":"https:\/\/api.w.org\/{rel}","templated":true}]}}