{"id":31972,"date":"2024-03-27T19:09:04","date_gmt":"2024-03-27T18:09:04","guid":{"rendered":"https:\/\/iguanasmoke.com\/?post_type=product&#038;p=31972"},"modified":"2025-12-26T15:48:43","modified_gmt":"2025-12-26T14:48:43","slug":"calmex-cbd-gel-1500mg-100ml","status":"publish","type":"product","link":"https:\/\/iguanasmoke.com\/fr\/producto\/gel-calmex-cbd-1500mg-100ml\/","title":{"rendered":"Calmex CBD Gel 1500mg 100ml"},"content":{"rendered":"<h1><span style=\"font-weight: 400;\">Calmex 1500mg CBD Gel <\/span><\/h1>\n<p data-start=\"438\" data-end=\"886\"><span style=\"font-weight: 400;\">Le <strong>Gel CBD Calmex<\/strong> <strong>1500mg<\/strong> est un gel \u00e0 base de cannabidiol qui procure une sensation de bien-\u00eatre. <strong>une aide rapide, localis\u00e9e et efficace<\/strong> gr\u00e2ce \u00e0 sa puissance <strong>effet de froid<\/strong>. Il contient \u00e9galement <strong>1500mg de CBD pur dans 100ml<\/strong>, et est donc le choix id\u00e9al pour ceux qui recherchent un gel CBD professionnel pour le traitement de l'asthme. <strong>r\u00e9cup\u00e9ration musculaire<\/strong>, le soulagement de la douleur et le bien-\u00eatre physique quotidien. <\/span><\/p>\n<p data-start=\"438\" data-end=\"886\"><span style=\"font-weight: 400;\">Con\u00e7ue pour soulager les tensions, elle convient aux personnes actives et aux utilisateurs qui souhaitent une <strong>une alternative naturelle et efficace<\/strong> aux analg\u00e9siques traditionnels, le <strong>Gel CBD Calmex<\/strong> agit directement sur la zone d'application, procurant une sensation de fra\u00eecheur imm\u00e9diate et durable.<\/span><\/p>\n<h2 data-start=\"438\" data-end=\"886\"><strong>\u00c0 quoi cela sert-il ? <\/strong><\/h2>\n<p data-start=\"438\" data-end=\"886\"><span style=\"font-weight: 400;\">Le <strong>Gel CBD Calmex <\/strong>est indiqu\u00e9 pour le soulagement de l'inconfort musculaire et articulaire, en particulier dans les situations de : <\/span><\/p>\n<ul>\n<li data-start=\"438\" data-end=\"886\"><span style=\"font-weight: 400;\">Surcharge musculaire <\/span><\/li>\n<li data-start=\"438\" data-end=\"886\"><span style=\"font-weight: 400;\">L\u00e9g\u00e8re inflammation <\/span><\/li>\n<li data-start=\"438\" data-end=\"886\"><span style=\"font-weight: 400;\">Tensions apr\u00e8s un entra\u00eenement physique intense <\/span><\/li>\n<\/ul>\n<h2 data-start=\"438\" data-end=\"886\"><strong>Comment utiliser Calmex CBD Gel 1500mg :<\/strong><\/h2>\n<p data-start=\"438\" data-end=\"886\"><span style=\"font-weight: 400;\">Appliquer localement sur la zone souhait\u00e9e. <\/span><\/p>\n<p data-start=\"438\" data-end=\"886\"><span style=\"font-weight: 400;\"><strong>Indications :<\/strong> <\/span><\/p>\n<ol>\n<li data-start=\"438\" data-end=\"886\"><span style=\"font-weight: 400;\">Appliquer une petite quantit\u00e9 sur une peau propre et s\u00e8che. <\/span><\/li>\n<li data-start=\"438\" data-end=\"886\"><span style=\"font-weight: 400;\">Masser doucement jusqu'\u00e0 absorption compl\u00e8te <\/span><\/li>\n<li data-start=\"438\" data-end=\"886\"><span style=\"font-weight: 400;\">A utiliser avant ou apr\u00e8s l'entra\u00eenement ou selon les besoins. <\/span><\/li>\n<\/ol>\n<p><span style=\"font-weight: 400;\"><strong>Zones recommand\u00e9es :<\/strong> le dos, le cou, les \u00e9paules, les genoux, les coudes et les jambes. <\/span><\/p>\n<p><span style=\"font-weight: 400;\">\u26a0\ufe0fConsejo : \u00e9viter le contact avec les yeux et les muqueuses. Usage externe uniquement.<\/span><\/p>\n<p>Pour une concentration encore plus forte et un effet de fra\u00eecheur, essayez l'option <strong><a href=\"https:\/\/iguanasmoke.com\/fr\/produit\/calmex-pro-5000mg-cbd-cold-effect-gel\/\">Calmex Pro Gel 500 mg CBD<\/a>.<\/strong><\/p>\n<h2 data-start=\"4544\" data-end=\"4574\">Caract\u00e9ristiques techniques <span style=\"font-weight: 400;\"><strong>Gel CBD Calmex<\/strong> <strong>1500mg :<\/strong><\/span><\/h2>\n<ul>\n<li><strong>Format : 10ml<\/strong><\/li>\n<li>Teneur en CBD : 1500mg de puret\u00e9<\/li>\n<li>Effet : froid<\/li>\n<li>Texture : gel l\u00e9ger et non gras<\/li>\n<li>Utilisation : Topique<\/li>\n<li>Absorption : Rapide<\/li>\n<li>Convient \u00e0 : Tous les types de peau<\/li>\n<\/ul>\n<h3><b>Iguana Smoke est votre boutique en ligne de CBD de confiance<\/b><\/h3>\n<p><span style=\"font-weight: 400;\">Au<strong> Fum\u00e9e d'iguane<\/strong>, Nous pensons que la consommation de CBD doit \u00eatre une exp\u00e9rience s\u00fbre et agr\u00e9able. C'est pourquoi nous proposons des produits qui s'adressent aux nouvelles g\u00e9n\u00e9rations : des personnes qui recherchent un bien-\u00eatre simple, avec des marques authentiques et fiables.\u00a0<\/span><\/p>\n<p>Vous savez, notre mission est claire : vous apporter le meilleur du monde des cannabino\u00efdes \u00e0 un prix \u00e9quitable. De plus, nous vous offrons la tranquillit\u00e9 d'esprit de savoir que vous choisissez un produit certifi\u00e9, efficace et 100% l\u00e9gal. Votre temps de d\u00e9tente commence ici avec nous.<\/p>\n<p>Vous avez encore des doutes ? Ecrivez-nous et nous nous ferons un plaisir de vous aider \u00e0 trouver le produit qui vous convient.<\/p>","protected":false},"excerpt":{"rendered":"<p><span style=\"font-weight: 400;\">Le <strong data-start=\"5270\" data-end=\"5302\">Calmex 1500mg CBD Gel <\/strong>est un gel de cannabidiol \u00e0 effet froid, con\u00e7u pour le soulagement rapide des douleurs musculaires et articulaires. Sa formule non grasse \u00e0 absorption rapide agit localement.\u00a0<\/span><\/p>","protected":false},"featured_media":31978,"comment_status":"open","ping_status":"closed","template":"","meta":{"_acf_changed":false,"site-sidebar-layout":"default","site-content-layout":"","ast-site-content-layout":"default","site-content-style":"default","site-sidebar-style":"default","ast-global-header-display":"","ast-banner-title-visibility":"","ast-main-header-display":"","ast-hfb-above-header-display":"","ast-hfb-below-header-display":"","ast-hfb-mobile-header-display":"","site-post-title":"","ast-breadcrumbs-content":"","ast-featured-img":"","footer-sml-layout":"","theme-transparent-header-meta":"default","adv-header-id-meta":"","stick-header-meta":"","header-above-stick-meta":"","header-main-stick-meta":"","header-below-stick-meta":"","astra-migrate-meta-layouts":"set","ast-page-background-enabled":"default","ast-page-background-meta":{"desktop":{"background-color":"var(--ast-global-color-4)","background-image":"","background-repeat":"repeat","background-position":"center center","background-size":"auto","background-attachment":"scroll","background-type":"","background-media":"","overlay-type":"","overlay-color":"","overlay-opacity":"","overlay-gradient":""},"tablet":{"background-color":"","background-image":"","background-repeat":"repeat","background-position":"center center","background-size":"auto","background-attachment":"scroll","background-type":"","background-media":"","overlay-type":"","overlay-color":"","overlay-opacity":"","overlay-gradient":""},"mobile":{"background-color":"","background-image":"","background-repeat":"repeat","background-position":"center center","background-size":"auto","background-attachment":"scroll","background-type":"","background-media":"","overlay-type":"","overlay-color":"","overlay-opacity":"","overlay-gradient":""}},"ast-content-background-meta":{"desktop":{"background-color":"var(--ast-global-color-5)","background-image":"","background-repeat":"repeat","background-position":"center center","background-size":"auto","background-attachment":"scroll","background-type":"","background-media":"","overlay-type":"","overlay-color":"","overlay-opacity":"","overlay-gradient":""},"tablet":{"background-color":"var(--ast-global-color-5)","background-image":"","background-repeat":"repeat","background-position":"center center","background-size":"auto","background-attachment":"scroll","background-type":"","background-media":"","overlay-type":"","overlay-color":"","overlay-opacity":"","overlay-gradient":""},"mobile":{"background-color":"var(--ast-global-color-5)","background-image":"","background-repeat":"repeat","background-position":"center center","background-size":"auto","background-attachment":"scroll","background-type":"","background-media":"","overlay-type":"","overlay-color":"","overlay-opacity":"","overlay-gradient":""}}},"product_brand":[],"product_cat":[455,456,458],"product_tag":[],"class_list":{"0":"post-31972","1":"product","2":"type-product","3":"status-publish","4":"has-post-thumbnail","6":"product_cat-cosmeticos-cbd","7":"product_cat-lyf","8":"product_cat-marios-market","9":"desktop-align-center","10":"tablet-align-center","11":"mobile-align-center","13":"first","14":"instock","15":"taxable","16":"shipping-taxable","17":"purchasable","18":"product-type-simple"},"acf":[],"yoast_head":"<!-- This site is optimized with the Yoast SEO Premium plugin v27.3 (Yoast SEO v27.3) - https:\/\/yoast.com\/product\/yoast-seo-premium-wordpress\/ -->\n<title>Gel Calmex CBD 1500mg -Alivio natural del dolor | Iguana Smoke<\/title>\n<meta name=\"description\" content=\"Consigue tu Gel Calmex CBD 1500mg en THE LYF LABS. Alivio natural con CBD para molestias musculares. Rutina de cuidado calmante con CBD\" \/>\n<meta name=\"robots\" content=\"index, follow, max-snippet:-1, max-image-preview:large, max-video-preview:-1\" \/>\n<link rel=\"canonical\" href=\"https:\/\/iguanasmoke.com\/fr\/produit\/calmex-cbd-gel-1500mg-100ml\/\" \/>\n<meta property=\"og:locale\" content=\"fr_FR\" \/>\n<meta property=\"og:type\" content=\"article\" \/>\n<meta property=\"og:title\" content=\"Gel Calmex CBD 1500mg 100ml\" \/>\n<meta property=\"og:description\" content=\"El Gel Calmex 1500mg de CBD es un gel de cannabidiol con efecto fr\u00edo, dise\u00f1ado para el alivio r\u00e1pido del dolor muscular y articular. Su f\u00f3rmula de r\u00e1pida absorci\u00f3n, no grasa, act\u00faa de forma localizada.\u00a0\" \/>\n<meta property=\"og:url\" content=\"https:\/\/iguanasmoke.com\/fr\/produit\/calmex-cbd-gel-1500mg-100ml\/\" \/>\n<meta property=\"og:site_name\" content=\"Iguana Smoke\" \/>\n<meta property=\"article:publisher\" content=\"https:\/\/www.facebook.com\/iguanasmoke\" \/>\n<meta property=\"article:modified_time\" content=\"2025-12-26T14:48:43+00:00\" \/>\n<meta property=\"og:image\" content=\"https:\/\/iguanasmoke.com\/wp-content\/uploads\/2024\/03\/Gel-Calmex-webp.webp\" \/>\n\t<meta property=\"og:image:width\" content=\"500\" \/>\n\t<meta property=\"og:image:height\" content=\"500\" \/>\n\t<meta property=\"og:image:type\" content=\"image\/webp\" \/>\n<meta name=\"twitter:card\" content=\"summary_large_image\" \/>\n<meta name=\"twitter:label1\" content=\"Prix\" \/>\n\t<meta name=\"twitter:data1\" content=\"25,90&nbsp;&euro;\" \/>\n\t<meta name=\"twitter:label2\" content=\"Disponibilit\u00e9\" \/>\n\t<meta name=\"twitter:data2\" content=\"En stock\" \/>\n<meta property=\"product:brand\" content=\"simple\" \/>\n<meta property=\"product:price:amount\" content=\"25.90\" \/>\n<meta property=\"product:price:currency\" content=\"EUR\" \/>\n<meta property=\"og:availability\" content=\"instock\" \/>\n<meta property=\"product:availability\" content=\"instock\" \/>\n<meta property=\"product:retailer_item_id\" content=\"LYF-CALMEX\" \/>\n<meta property=\"product:condition\" content=\"new\" \/>\n<!-- \/ Yoast SEO Premium plugin. -->","yoast_head_json":{"title":"Calmex CBD Gel 1500mg - Soulagement naturel de la douleur | Iguana Smoke","description":"Achetez votre gel de CBD Calmex 1500mg chez THE LYF LABS. Soulagement naturel de l'inconfort musculaire gr\u00e2ce au CBD. Routine de soins apaisante avec le CBD","robots":{"index":"index","follow":"follow","max-snippet":"max-snippet:-1","max-image-preview":"max-image-preview:large","max-video-preview":"max-video-preview:-1"},"canonical":"https:\/\/iguanasmoke.com\/fr\/produit\/calmex-cbd-gel-1500mg-100ml\/","og_locale":"fr_FR","og_type":"article","og_title":"Gel Calmex CBD 1500mg 100ml","og_description":"El Gel Calmex 1500mg de CBD es un gel de cannabidiol con efecto fr\u00edo, dise\u00f1ado para el alivio r\u00e1pido del dolor muscular y articular. Su f\u00f3rmula de r\u00e1pida absorci\u00f3n, no grasa, act\u00faa de forma localizada.\u00a0","og_url":"https:\/\/iguanasmoke.com\/fr\/produit\/calmex-cbd-gel-1500mg-100ml\/","og_site_name":"Iguana Smoke","article_publisher":"https:\/\/www.facebook.com\/iguanasmoke","article_modified_time":"2025-12-26T14:48:43+00:00","og_image":[{"width":500,"height":500,"url":"https:\/\/iguanasmoke.com\/wp-content\/uploads\/2024\/03\/Gel-Calmex-webp.webp","type":"image\/webp"}],"twitter_card":"summary_large_image","twitter_misc":{"Prix":"25,90&nbsp;&euro;","Disponibilit\u00e9":"En stock"},"schema":{"@context":"https:\/\/schema.org","@graph":[{"@type":"WebPage","@id":"https:\/\/iguanasmoke.com\/producto\/gel-calmex-cbd-1500mg-100ml\/","url":"https:\/\/iguanasmoke.com\/producto\/gel-calmex-cbd-1500mg-100ml\/","name":"Calmex CBD Gel 1500mg - Soulagement naturel de la douleur | Iguana Smoke","isPartOf":{"@id":"https:\/\/iguanasmoke.com\/#website"},"primaryImageOfPage":{"@id":"https:\/\/iguanasmoke.com\/producto\/gel-calmex-cbd-1500mg-100ml\/#primaryimage"},"image":{"@id":"https:\/\/iguanasmoke.com\/producto\/gel-calmex-cbd-1500mg-100ml\/#primaryimage"},"thumbnailUrl":"https:\/\/iguanasmoke.com\/wp-content\/uploads\/2024\/03\/Gel-Calmex-webp.webp","datePublished":"2024-03-27T18:09:04+00:00","dateModified":"2025-12-26T14:48:43+00:00","description":"Achetez votre gel de CBD Calmex 1500mg chez THE LYF LABS. Soulagement naturel de l'inconfort musculaire gr\u00e2ce au CBD. Routine de soins apaisante avec le CBD","breadcrumb":{"@id":"https:\/\/iguanasmoke.com\/producto\/gel-calmex-cbd-1500mg-100ml\/#breadcrumb"},"inLanguage":"fr-FR","potentialAction":[{"@type":"ReadAction","target":["https:\/\/iguanasmoke.com\/producto\/gel-calmex-cbd-1500mg-100ml\/"]}]},{"@type":"ImageObject","inLanguage":"fr-FR","@id":"https:\/\/iguanasmoke.com\/producto\/gel-calmex-cbd-1500mg-100ml\/#primaryimage","url":"https:\/\/iguanasmoke.com\/wp-content\/uploads\/2024\/03\/Gel-Calmex-webp.webp","contentUrl":"https:\/\/iguanasmoke.com\/wp-content\/uploads\/2024\/03\/Gel-Calmex-webp.webp","width":500,"height":500,"caption":"gel calmex 1500"},{"@type":"BreadcrumbList","@id":"https:\/\/iguanasmoke.com\/producto\/gel-calmex-cbd-1500mg-100ml\/#breadcrumb","itemListElement":[{"@type":"ListItem","position":1,"name":"home","item":"https:\/\/iguanasmoke.com\/"},{"@type":"ListItem","position":2,"name":"Tienda","item":"https:\/\/iguanasmoke.com\/tienda\/"},{"@type":"ListItem","position":3,"name":"Mario's Market","item":"https:\/\/iguanasmoke.com\/categoria\/marios-market\/"},{"@type":"ListItem","position":4,"name":"Gel Calmex CBD 1500mg 100ml"}]},{"@type":"WebSite","@id":"https:\/\/iguanasmoke.com\/#website","url":"https:\/\/iguanasmoke.com\/","name":"Fum\u00e9e d'iguane","description":"Acheter du CBD en ligne au meilleur prix","publisher":{"@id":"https:\/\/iguanasmoke.com\/#organization"},"potentialAction":[{"@type":"SearchAction","target":{"@type":"EntryPoint","urlTemplate":"https:\/\/iguanasmoke.com\/?s={search_term_string}"},"query-input":{"@type":"PropertyValueSpecification","valueRequired":true,"valueName":"search_term_string"}}],"inLanguage":"fr-FR"},{"@type":"Organization","@id":"https:\/\/iguanasmoke.com\/#organization","name":"Fum\u00e9e d'iguane","url":"https:\/\/iguanasmoke.com\/","logo":{"@type":"ImageObject","inLanguage":"fr-FR","@id":"https:\/\/iguanasmoke.com\/#\/schema\/logo\/image\/","url":"https:\/\/iguanasmoke.com\/wp-content\/uploads\/2025\/01\/logoiguana-favi-1.png","contentUrl":"https:\/\/iguanasmoke.com\/wp-content\/uploads\/2025\/01\/logoiguana-favi-1.png","width":512,"height":512,"caption":"Iguana Smoke"},"image":{"@id":"https:\/\/iguanasmoke.com\/#\/schema\/logo\/image\/"},"sameAs":["https:\/\/www.facebook.com\/iguanasmoke","https:\/\/www.instagram.com\/iguanasmoke\/"]}]},"product_brand":"simple","product_price_amount":"25.90","product_price_currency":"EUR","og_availability":"instock","product_availability":"instock","product_retailer_item_id":"LYF-CALMEX","product_condition":"new"},"_links":{"self":[{"href":"https:\/\/iguanasmoke.com\/fr\/wp-json\/wp\/v2\/product\/31972","targetHints":{"allow":["GET"]}}],"collection":[{"href":"https:\/\/iguanasmoke.com\/fr\/wp-json\/wp\/v2\/product"}],"about":[{"href":"https:\/\/iguanasmoke.com\/fr\/wp-json\/wp\/v2\/types\/product"}],"replies":[{"embeddable":true,"href":"https:\/\/iguanasmoke.com\/fr\/wp-json\/wp\/v2\/comments?post=31972"}],"wp:featuredmedia":[{"embeddable":true,"href":"https:\/\/iguanasmoke.com\/fr\/wp-json\/wp\/v2\/media\/31978"}],"wp:attachment":[{"href":"https:\/\/iguanasmoke.com\/fr\/wp-json\/wp\/v2\/media?parent=31972"}],"wp:term":[{"taxonomy":"product_brand","embeddable":true,"href":"https:\/\/iguanasmoke.com\/fr\/wp-json\/wp\/v2\/product_brand?post=31972"},{"taxonomy":"product_cat","embeddable":true,"href":"https:\/\/iguanasmoke.com\/fr\/wp-json\/wp\/v2\/product_cat?post=31972"},{"taxonomy":"product_tag","embeddable":true,"href":"https:\/\/iguanasmoke.com\/fr\/wp-json\/wp\/v2\/product_tag?post=31972"}],"curies":[{"name":"wp","href":"https:\/\/api.w.org\/{rel}","templated":true}]}}