{"id":31973,"date":"2024-03-27T19:09:05","date_gmt":"2024-03-27T18:09:05","guid":{"rendered":"https:\/\/iguanasmoke.com\/?post_type=product&#038;p=31973"},"modified":"2025-12-26T15:55:53","modified_gmt":"2025-12-26T14:55:53","slug":"migradol-cbd-90mg-10ml","status":"publish","type":"product","link":"https:\/\/iguanasmoke.com\/fr\/producto\/migradol-cbd-90mg-10ml\/","title":{"rendered":"Migradol CBD 90mg 10ml"},"content":{"rendered":"<h1><span style=\"font-weight: 400;\">Migradol CBD 90mg<\/span><\/h1>\n<p data-start=\"292\" data-end=\"627\"><strong data-start=\"292\" data-end=\"308\">Migradol CBD<\/strong> de <strong data-start=\"312\" data-end=\"328\">LES LABORATOIRES DU LYF<\/strong> est une solution topique innovante con\u00e7ue pour les <strong data-start=\"380\" data-end=\"446\">soulagement naturel des migraines et des c\u00e9phal\u00e9es de tension<\/strong>. Gr\u00e2ce \u00e0 sa formule avanc\u00e9e avec <strong data-start=\"482\" data-end=\"498\">90 mg de CBD<\/strong> et un m\u00e9lange d'huiles essentielles soigneusement s\u00e9lectionn\u00e9es, agit rapidement et localement pour vous aider \u00e0 retrouver votre bien-\u00eatre quotidien. Migradol CBD 90mg est d'ailleurs appr\u00e9ci\u00e9 pour son efficacit\u00e9.<\/p>\n<p data-start=\"629\" data-end=\"909\">En outre, son caract\u00e8re pratique <strong data-start=\"649\" data-end=\"677\">Format Roll-On 10 ml<\/strong> permet une application pr\u00e9cise, pratique et propre, \u00e0 tout moment et en tout lieu. Migradol CBD est donc l'alli\u00e9 id\u00e9al de ceux qui recherchent une alternative naturelle, efficace et non m\u00e9dicamenteuse \u00e0 la migraine. Avec Migradol CBD 90mg, l'application est simple et efficace.<\/p>\n<h2 data-start=\"629\" data-end=\"909\"><strong>Comment Migradol CBD agit-il contre la migraine ?<\/strong><\/h2>\n<p data-start=\"964\" data-end=\"1304\">L'efficacit\u00e9 des <strong data-start=\"979\" data-end=\"995\">Migradol CBD<\/strong> est bas\u00e9 sur le <strong data-start=\"1010\" data-end=\"1065\">synergie entre le cannabidiol et les extraits naturels<\/strong> s\u00e9lectionn\u00e9es avec soin. D'une part, les <strong data-start=\"1112\" data-end=\"1119\">CBD<\/strong> aide \u00e0 d\u00e9tendre et \u00e0 apaiser la zone appliqu\u00e9e ; d'autre part, des ingr\u00e9dients tels que le <strong data-start=\"1194\" data-end=\"1216\">menthe et lavande<\/strong> fournissent un effet rafra\u00eechissant et apaisant qui favorise la sensation de soulagement imm\u00e9diat. Cette combinaison fait de Migradol CBD 90mg un choix privil\u00e9gi\u00e9 pour de nombreuses personnes.<\/p>\n<p data-start=\"1306\" data-end=\"1335\">En cons\u00e9quence, Migradol CBD :<\/p>\n<ul>\n<li data-start=\"1338\" data-end=\"1385\">Aide \u00e0 r\u00e9duire la tension dans les tempes et la t\u00eate<\/li>\n<li data-start=\"1338\" data-end=\"1385\">Procure une sensation de fra\u00eecheur et de d\u00e9tente<\/li>\n<li data-start=\"1338\" data-end=\"1385\">Aide au soulagement progressif de l'inconfort associ\u00e9 aux migraines<\/li>\n<\/ul>\n<h2><strong>Avantages de Migradol CBD 90mg<\/strong><\/h2>\n<p data-start=\"1551\" data-end=\"1644\">Gr\u00e2ce \u00e0 sa formulation naturelle et \u00e9quilibr\u00e9e, <strong data-start=\"1599\" data-end=\"1615\">Migradol CBD<\/strong> offre de multiples avantages :<\/p>\n<ul data-start=\"1646\" data-end=\"1945\">\n<li data-start=\"1646\" data-end=\"1704\">\n<p data-start=\"1648\" data-end=\"1704\">\u2714\ufe0f <strong data-start=\"1651\" data-end=\"1681\">Soulagement localis\u00e9 et rapide<\/strong> de migraines et de c\u00e9phal\u00e9es<\/p>\n<\/li>\n<li data-start=\"1705\" data-end=\"1760\">\n<p data-start=\"1707\" data-end=\"1760\">\u2714\ufe0f <strong data-start=\"1710\" data-end=\"1726\">90 mg de CBD<\/strong> pour renforcer l'effet apaisant<\/p>\n<\/li>\n<li data-start=\"1761\" data-end=\"1811\">\n<p data-start=\"1763\" data-end=\"1811\">\u2714\ufe0f <strong data-start=\"1766\" data-end=\"1785\">Format Roll-On<\/strong>, pratique et facile \u00e0 utiliser<\/p>\n<\/li>\n<li data-start=\"1812\" data-end=\"1851\">\n<p data-start=\"1814\" data-end=\"1851\">\u2714\ufe0f <strong data-start=\"1817\" data-end=\"1851\">Effet rafra\u00eechissant et relaxant<\/strong><\/p>\n<\/li>\n<li data-start=\"1852\" data-end=\"1897\">\n<p data-start=\"1854\" data-end=\"1897\">\u2714\ufe0f Pr\u00e9par\u00e9 avec <strong data-start=\"1871\" data-end=\"1897\">ingr\u00e9dients naturels<\/strong><\/p>\n<\/li>\n<li data-start=\"1898\" data-end=\"1945\">\n<p data-start=\"1900\" data-end=\"1945\">\u2714\ufe0f Id\u00e9al pour un usage quotidien et partout.<\/p>\n<\/li>\n<\/ul>\n<h2 data-start=\"1952\" data-end=\"1982\">Comment utiliser Migradol CBD 90mg<\/h2>\n<p data-start=\"1984\" data-end=\"2046\">Pour obtenir les meilleurs r\u00e9sultats, il convient de suivre les lignes directrices suivantes :<\/p>\n<ul data-start=\"2048\" data-end=\"2198\">\n<li data-start=\"2048\" data-end=\"2079\">\n<p data-start=\"2050\" data-end=\"2079\">Utilisation <strong data-start=\"2054\" data-end=\"2079\">exclusivement topique<\/strong><\/p>\n<\/li>\n<li data-start=\"2080\" data-end=\"2145\">\n<p data-start=\"2082\" data-end=\"2145\">Appliquer <strong data-start=\"2090\" data-end=\"2117\">1 \u00e0 2 coups de bille<\/strong> de part et d'autre des tempes<\/p>\n<\/li>\n<li data-start=\"2146\" data-end=\"2198\">\n<p data-start=\"2148\" data-end=\"2198\">Masser d\u00e9licatement si n\u00e9cessaire jusqu'\u00e0 absorption.<\/p>\n<\/li>\n<\/ul>\n<h2 data-start=\"2509\" data-end=\"2551\">A qui s'adresse Migradol CBD 90mg ?<\/h2>\n<p data-start=\"2553\" data-end=\"2584\"><strong data-start=\"2553\" data-end=\"2569\">Migradol CBD<\/strong> est id\u00e9al pour :<\/p>\n<ul>\n<li data-start=\"2587\" data-end=\"2631\">Personnes souffrant <strong data-start=\"2607\" data-end=\"2631\">migraines r\u00e9currentes<\/strong><\/li>\n<li data-start=\"2587\" data-end=\"2631\">Les utilisateurs \u00e0 la recherche d'un <strong data-start=\"2658\" data-end=\"2681\">alternative naturelle<\/strong> \u00e0 l'utilisation d'analg\u00e9siques<\/li>\n<li data-start=\"2587\" data-end=\"2631\">Personnes ayant accumul\u00e9 du stress ou des tensions dans la r\u00e9gion cr\u00e2nienne<\/li>\n<li data-start=\"2587\" data-end=\"2631\">Ceux qui veulent un produit <strong data-start=\"2794\" data-end=\"2823\">pratique, discret et efficace<\/strong><\/li>\n<\/ul>\n<h2 data-start=\"2830\" data-end=\"2861\">Ingr\u00e9dients de Migradol CBD<\/h2>\n<p data-start=\"2863\" data-end=\"2949\">La formule pour <strong data-start=\"2877\" data-end=\"2893\">Migradol CBD<\/strong> combine des huiles essentielles et v\u00e9g\u00e9tales de haute qualit\u00e9 :<\/p>\n<p data-start=\"2951\" data-end=\"3260\">Triglyc\u00e9ride caprylique\/caprique, huile de Prunus Amygdalus Dulcis, huile de Mentha Piperita, L-Menthol, <strong data-start=\"3042\" data-end=\"3063\">Cannabidiol (CBD)<\/strong> d\u00e9riv\u00e9 d'un extrait, d'une teinture ou d'une r\u00e9sine de cannabis, huile de Melaleuca Leucadendron Cajaput, huile de feuilles d'Eugenia Caryophyllus, tocoph\u00e9rol, huile de graines d'Helianthus Annuus, limon\u00e8ne, linalol, citral et eug\u00e9nol. Gr\u00e2ce \u00e0 tous ces ingr\u00e9dients, Migradol CBD 90mg offre de multiples avantages.<\/p>\n<h3><b>Iguana Smoke est votre boutique en ligne de CBD de confiance<\/b><\/h3>\n<p><span style=\"font-weight: 400;\">Au<strong> Fum\u00e9e d'iguane<\/strong>, Nous pensons que la consommation de CBD doit \u00eatre une exp\u00e9rience s\u00fbre et agr\u00e9able. C'est pourquoi nous proposons des produits qui s'adressent aux nouvelles g\u00e9n\u00e9rations : des personnes qui recherchent un bien-\u00eatre simple, avec des marques authentiques et fiables.\u00a0<\/span><\/p>\n<p>Vous savez, notre mission est claire : vous apporter le meilleur du monde des cannabino\u00efdes \u00e0 un prix \u00e9quitable. De plus, nous vous offrons la tranquillit\u00e9 d'esprit de savoir que vous choisissez un produit certifi\u00e9, efficace et 100% l\u00e9gal. Votre temps de d\u00e9tente commence ici avec nous.<\/p>\n<p>Vous avez encore des doutes ? Ecrivez-nous et nous nous ferons un plaisir de vous aider \u00e0 trouver le produit qui vous convient.<\/p>","protected":false},"excerpt":{"rendered":"<p><strong data-start=\"159\" data-end=\"175\">Migradol CBD<\/strong> est un roll-on topique avec <strong data-start=\"201\" data-end=\"225\">90 mg de cannabidiol :<\/strong><\/p>\n<ul>\n<li><strong data-start=\"245\" data-end=\"307\" data-is-only-node=\"\">Pour un soulagement rapide et localis\u00e9 des migraines et des maux de t\u00eate<\/strong><\/li>\n<li>Combinaison de <strong data-start=\"337\" data-end=\"365\">CBD et huiles essentielles<\/strong><\/li>\n<li>Sensation de fra\u00eecheur et d'apaisement<\/li>\n<li><span data-start=\"441\" data-end=\"470\">F<\/span><strong data-start=\"441\" data-end=\"470\">10 ml d'ormato compact<\/strong><\/li>\n<\/ul>","protected":false},"featured_media":34049,"comment_status":"open","ping_status":"closed","template":"","meta":{"_acf_changed":false,"site-sidebar-layout":"default","site-content-layout":"","ast-site-content-layout":"default","site-content-style":"default","site-sidebar-style":"default","ast-global-header-display":"","ast-banner-title-visibility":"","ast-main-header-display":"","ast-hfb-above-header-display":"","ast-hfb-below-header-display":"","ast-hfb-mobile-header-display":"","site-post-title":"","ast-breadcrumbs-content":"","ast-featured-img":"","footer-sml-layout":"","theme-transparent-header-meta":"default","adv-header-id-meta":"","stick-header-meta":"","header-above-stick-meta":"","header-main-stick-meta":"","header-below-stick-meta":"","astra-migrate-meta-layouts":"set","ast-page-background-enabled":"default","ast-page-background-meta":{"desktop":{"background-color":"var(--ast-global-color-4)","background-image":"","background-repeat":"repeat","background-position":"center center","background-size":"auto","background-attachment":"scroll","background-type":"","background-media":"","overlay-type":"","overlay-color":"","overlay-opacity":"","overlay-gradient":""},"tablet":{"background-color":"","background-image":"","background-repeat":"repeat","background-position":"center center","background-size":"auto","background-attachment":"scroll","background-type":"","background-media":"","overlay-type":"","overlay-color":"","overlay-opacity":"","overlay-gradient":""},"mobile":{"background-color":"","background-image":"","background-repeat":"repeat","background-position":"center center","background-size":"auto","background-attachment":"scroll","background-type":"","background-media":"","overlay-type":"","overlay-color":"","overlay-opacity":"","overlay-gradient":""}},"ast-content-background-meta":{"desktop":{"background-color":"var(--ast-global-color-5)","background-image":"","background-repeat":"repeat","background-position":"center center","background-size":"auto","background-attachment":"scroll","background-type":"","background-media":"","overlay-type":"","overlay-color":"","overlay-opacity":"","overlay-gradient":""},"tablet":{"background-color":"var(--ast-global-color-5)","background-image":"","background-repeat":"repeat","background-position":"center center","background-size":"auto","background-attachment":"scroll","background-type":"","background-media":"","overlay-type":"","overlay-color":"","overlay-opacity":"","overlay-gradient":""},"mobile":{"background-color":"var(--ast-global-color-5)","background-image":"","background-repeat":"repeat","background-position":"center center","background-size":"auto","background-attachment":"scroll","background-type":"","background-media":"","overlay-type":"","overlay-color":"","overlay-opacity":"","overlay-gradient":""}}},"product_brand":[],"product_cat":[455,456,458],"product_tag":[],"class_list":{"0":"post-31973","1":"product","2":"type-product","3":"status-publish","4":"has-post-thumbnail","6":"product_cat-cosmeticos-cbd","7":"product_cat-lyf","8":"product_cat-marios-market","9":"desktop-align-center","10":"tablet-align-center","11":"mobile-align-center","13":"first","14":"outofstock","15":"taxable","16":"shipping-taxable","17":"purchasable","18":"product-type-simple"},"acf":[],"yoast_head":"<!-- This site is optimized with the Yoast SEO Premium plugin v27.3 (Yoast SEO v27.3) - https:\/\/yoast.com\/product\/yoast-seo-premium-wordpress\/ -->\n<title>Migradol CBD 90mg | Iguana Smoke<\/title>\n<meta name=\"description\" content=\"Consigue tu Migradol CBD 90mg en THE LYF LABS, un producto natural e innovador para el alivio de las migra\u00f1as en un pr\u00e1ctico formato Roll-On.\" \/>\n<meta name=\"robots\" content=\"index, follow, max-snippet:-1, max-image-preview:large, max-video-preview:-1\" \/>\n<link rel=\"canonical\" href=\"https:\/\/iguanasmoke.com\/fr\/produit\/migradol-cbd-90mg-10ml\/\" \/>\n<meta property=\"og:locale\" content=\"fr_FR\" \/>\n<meta property=\"og:type\" content=\"article\" \/>\n<meta property=\"og:title\" content=\"Migradol CBD 90mg 10ml\" \/>\n<meta property=\"og:description\" content=\"Migradol CBD es un roll-on t\u00f3pico con 90 mg de cannabidiol:   Para el alivio r\u00e1pido y localizado de migra\u00f1as y dolores de cabeza  Combinaci\u00f3n de CBD y aceites esenciales  Sensaci\u00f3n refrescante y calmante  Formato compacto de 10 ml\" \/>\n<meta property=\"og:url\" content=\"https:\/\/iguanasmoke.com\/fr\/produit\/migradol-cbd-90mg-10ml\/\" \/>\n<meta property=\"og:site_name\" content=\"Iguana Smoke\" \/>\n<meta property=\"article:publisher\" content=\"https:\/\/www.facebook.com\/iguanasmoke\" \/>\n<meta property=\"article:modified_time\" content=\"2025-12-26T14:55:53+00:00\" \/>\n<meta property=\"og:image\" content=\"https:\/\/iguanasmoke.com\/wp-content\/uploads\/2024\/03\/migradol.webp\" \/>\n\t<meta property=\"og:image:width\" content=\"500\" \/>\n\t<meta property=\"og:image:height\" content=\"500\" \/>\n\t<meta property=\"og:image:type\" content=\"image\/webp\" \/>\n<meta name=\"twitter:card\" content=\"summary_large_image\" \/>\n<meta name=\"twitter:label1\" content=\"Prix\" \/>\n\t<meta name=\"twitter:data1\" content=\"15,90&nbsp;&euro;\" \/>\n\t<meta name=\"twitter:label2\" content=\"Disponibilit\u00e9\" \/>\n\t<meta name=\"twitter:data2\" content=\"Rupture de stock\" \/>\n<meta property=\"product:brand\" content=\"simple\" \/>\n<meta property=\"product:price:amount\" content=\"15.90\" \/>\n<meta property=\"product:price:currency\" content=\"EUR\" \/>\n<meta property=\"og:availability\" content=\"out of stock\" \/>\n<meta property=\"product:availability\" content=\"out of stock\" \/>\n<meta property=\"product:retailer_item_id\" content=\"LYF-MIGRADOL\" \/>\n<meta property=\"product:condition\" content=\"new\" \/>\n<!-- \/ Yoast SEO Premium plugin. -->","yoast_head_json":{"title":"Migradol CBD 90mg | Iguana Smoke","description":"Obtenez votre Migradol CBD 90mg chez THE LYF LABS, un produit naturel et innovant pour le soulagement de la migraine dans un format Roll-On pratique.","robots":{"index":"index","follow":"follow","max-snippet":"max-snippet:-1","max-image-preview":"max-image-preview:large","max-video-preview":"max-video-preview:-1"},"canonical":"https:\/\/iguanasmoke.com\/fr\/produit\/migradol-cbd-90mg-10ml\/","og_locale":"fr_FR","og_type":"article","og_title":"Migradol CBD 90mg 10ml","og_description":"Migradol CBD es un roll-on t\u00f3pico con 90 mg de cannabidiol:   Para el alivio r\u00e1pido y localizado de migra\u00f1as y dolores de cabeza  Combinaci\u00f3n de CBD y aceites esenciales  Sensaci\u00f3n refrescante y calmante  Formato compacto de 10 ml","og_url":"https:\/\/iguanasmoke.com\/fr\/produit\/migradol-cbd-90mg-10ml\/","og_site_name":"Iguana Smoke","article_publisher":"https:\/\/www.facebook.com\/iguanasmoke","article_modified_time":"2025-12-26T14:55:53+00:00","og_image":[{"width":500,"height":500,"url":"https:\/\/iguanasmoke.com\/wp-content\/uploads\/2024\/03\/migradol.webp","type":"image\/webp"}],"twitter_card":"summary_large_image","twitter_misc":{"Prix":"15,90&nbsp;&euro;","Disponibilit\u00e9":"Rupture de stock"},"schema":{"@context":"https:\/\/schema.org","@graph":[{"@type":"WebPage","@id":"https:\/\/iguanasmoke.com\/producto\/migradol-cbd-90mg-10ml\/","url":"https:\/\/iguanasmoke.com\/producto\/migradol-cbd-90mg-10ml\/","name":"Migradol CBD 90mg | Iguana Smoke","isPartOf":{"@id":"https:\/\/iguanasmoke.com\/#website"},"primaryImageOfPage":{"@id":"https:\/\/iguanasmoke.com\/producto\/migradol-cbd-90mg-10ml\/#primaryimage"},"image":{"@id":"https:\/\/iguanasmoke.com\/producto\/migradol-cbd-90mg-10ml\/#primaryimage"},"thumbnailUrl":"https:\/\/iguanasmoke.com\/wp-content\/uploads\/2024\/03\/migradol.webp","datePublished":"2024-03-27T18:09:05+00:00","dateModified":"2025-12-26T14:55:53+00:00","description":"Obtenez votre Migradol CBD 90mg chez THE LYF LABS, un produit naturel et innovant pour le soulagement de la migraine dans un format Roll-On pratique.","breadcrumb":{"@id":"https:\/\/iguanasmoke.com\/producto\/migradol-cbd-90mg-10ml\/#breadcrumb"},"inLanguage":"fr-FR","potentialAction":[{"@type":"ReadAction","target":["https:\/\/iguanasmoke.com\/producto\/migradol-cbd-90mg-10ml\/"]}]},{"@type":"ImageObject","inLanguage":"fr-FR","@id":"https:\/\/iguanasmoke.com\/producto\/migradol-cbd-90mg-10ml\/#primaryimage","url":"https:\/\/iguanasmoke.com\/wp-content\/uploads\/2024\/03\/migradol.webp","contentUrl":"https:\/\/iguanasmoke.com\/wp-content\/uploads\/2024\/03\/migradol.webp","width":500,"height":500,"caption":"gel dolor lyf Migradol CBD 90mg"},{"@type":"BreadcrumbList","@id":"https:\/\/iguanasmoke.com\/producto\/migradol-cbd-90mg-10ml\/#breadcrumb","itemListElement":[{"@type":"ListItem","position":1,"name":"home","item":"https:\/\/iguanasmoke.com\/"},{"@type":"ListItem","position":2,"name":"Tienda","item":"https:\/\/iguanasmoke.com\/tienda\/"},{"@type":"ListItem","position":3,"name":"Mario's Market","item":"https:\/\/iguanasmoke.com\/categoria\/marios-market\/"},{"@type":"ListItem","position":4,"name":"Migradol CBD 90mg 10ml"}]},{"@type":"WebSite","@id":"https:\/\/iguanasmoke.com\/#website","url":"https:\/\/iguanasmoke.com\/","name":"Fum\u00e9e d'iguane","description":"Acheter du CBD en ligne au meilleur prix","publisher":{"@id":"https:\/\/iguanasmoke.com\/#organization"},"potentialAction":[{"@type":"SearchAction","target":{"@type":"EntryPoint","urlTemplate":"https:\/\/iguanasmoke.com\/?s={search_term_string}"},"query-input":{"@type":"PropertyValueSpecification","valueRequired":true,"valueName":"search_term_string"}}],"inLanguage":"fr-FR"},{"@type":"Organization","@id":"https:\/\/iguanasmoke.com\/#organization","name":"Fum\u00e9e d'iguane","url":"https:\/\/iguanasmoke.com\/","logo":{"@type":"ImageObject","inLanguage":"fr-FR","@id":"https:\/\/iguanasmoke.com\/#\/schema\/logo\/image\/","url":"https:\/\/iguanasmoke.com\/wp-content\/uploads\/2025\/01\/logoiguana-favi-1.png","contentUrl":"https:\/\/iguanasmoke.com\/wp-content\/uploads\/2025\/01\/logoiguana-favi-1.png","width":512,"height":512,"caption":"Iguana Smoke"},"image":{"@id":"https:\/\/iguanasmoke.com\/#\/schema\/logo\/image\/"},"sameAs":["https:\/\/www.facebook.com\/iguanasmoke","https:\/\/www.instagram.com\/iguanasmoke\/"]}]},"product_brand":"simple","product_price_amount":"15.90","product_price_currency":"EUR","og_availability":"out of stock","product_availability":"out of stock","product_retailer_item_id":"LYF-MIGRADOL","product_condition":"new"},"_links":{"self":[{"href":"https:\/\/iguanasmoke.com\/fr\/wp-json\/wp\/v2\/product\/31973","targetHints":{"allow":["GET"]}}],"collection":[{"href":"https:\/\/iguanasmoke.com\/fr\/wp-json\/wp\/v2\/product"}],"about":[{"href":"https:\/\/iguanasmoke.com\/fr\/wp-json\/wp\/v2\/types\/product"}],"replies":[{"embeddable":true,"href":"https:\/\/iguanasmoke.com\/fr\/wp-json\/wp\/v2\/comments?post=31973"}],"wp:featuredmedia":[{"embeddable":true,"href":"https:\/\/iguanasmoke.com\/fr\/wp-json\/wp\/v2\/media\/34049"}],"wp:attachment":[{"href":"https:\/\/iguanasmoke.com\/fr\/wp-json\/wp\/v2\/media?parent=31973"}],"wp:term":[{"taxonomy":"product_brand","embeddable":true,"href":"https:\/\/iguanasmoke.com\/fr\/wp-json\/wp\/v2\/product_brand?post=31973"},{"taxonomy":"product_cat","embeddable":true,"href":"https:\/\/iguanasmoke.com\/fr\/wp-json\/wp\/v2\/product_cat?post=31973"},{"taxonomy":"product_tag","embeddable":true,"href":"https:\/\/iguanasmoke.com\/fr\/wp-json\/wp\/v2\/product_tag?post=31973"}],"curies":[{"name":"wp","href":"https:\/\/api.w.org\/{rel}","templated":true}]}}