{"id":31974,"date":"2024-03-27T19:09:05","date_gmt":"2024-03-27T18:09:05","guid":{"rendered":"https:\/\/iguanasmoke.com\/?post_type=product&#038;p=31974"},"modified":"2025-08-28T13:01:06","modified_gmt":"2025-08-28T11:01:06","slug":"cbd-day-serum-100mg-30ml-2","status":"publish","type":"product","link":"https:\/\/iguanasmoke.com\/fr\/producto\/serum-day-cbd-100mg-30ml\/","title":{"rendered":"S\u00e9rum de jour CBD 100mg 30ml"},"content":{"rendered":"<h3>Day CBD Serum 100 mg<\/h3>\n<p>Transformez votre routine de soins avec notre s\u00e9rum de jour exclusif THE LYF LABS, enrichi de 100 mg de CBD. Ce s\u00e9rum rajeunissant, contenu dans un flacon \u00e9l\u00e9gant de 30 ml, est votre alli\u00e9 quotidien pour une peau radieuse et saine. Notre formule unique associe les bienfaits du CBD \u00e0 des ingr\u00e9dients de premi\u00e8re qualit\u00e9, pour une hydratation en profondeur et une protection antioxydante contre les polluants quotidiens. D\u00e9couvrez le luxe de prendre soin de votre peau de mani\u00e8re naturelle avec le s\u00e9rum de jour au CBD de THE LYF LABS. Donnez une nouvelle dimension \u00e0 votre routine beaut\u00e9 et d\u00e9couvrez la diff\u00e9rence d'une peau nourrie et \u00e9clatante. De plus, compl\u00e9tez votre routine de soins du visage avec le s\u00e9rum de jour au CBD de LYF LABS. <a href=\"https:\/\/iguanasmoke.com\/fr\/produit\/serum-night-cbd-100mg-30ml\/\">S\u00e9rum de nuit au CBD<\/a>.<\/p>\n<p><strong>Comment l'utiliser ?<\/strong>Utilisation topique. 1 \u00e0 2 applications avec un l\u00e9ger massage. \u00c9viter le contact avec les yeux. En cas d'irritation, cesser l'utilisation. Ne pas avaler. Tenir hors de port\u00e9e des enfants. Conserver dans un endroit frais et sombre.<\/p>\n<p><strong>Ingr\u00e9dients<\/strong>Aqua, Glyc\u00e9rine, Hyaluronate de sodium, Collag\u00e8ne hydrolys\u00e9, Sorbate de potassium, Benzoate de sodium, Triglyc\u00e9ride caprylique\/caprique, Acide lactique, Huile de fruit de Litsea Cubeba, Cannabidiol - d\u00e9riv\u00e9 d'extrait, de teinture ou de r\u00e9sine de cannabis, CI 42090, Huile de graine d'Helianthus Annus, Tocoph\u00e9rol, Lactate de sodium, Citral, Limonene, Linalool, Carvone, Citronellol.<\/p>\n<p>&nbsp;<\/p>","protected":false},"excerpt":{"rendered":"<ul>\n<li>100 mg de CBD<\/li>\n<li>Flacon de 30 ml<\/li>\n<\/ul>","protected":false},"featured_media":34050,"comment_status":"open","ping_status":"closed","template":"","meta":{"_acf_changed":false,"site-sidebar-layout":"default","site-content-layout":"","ast-site-content-layout":"default","site-content-style":"default","site-sidebar-style":"default","ast-global-header-display":"","ast-banner-title-visibility":"","ast-main-header-display":"","ast-hfb-above-header-display":"","ast-hfb-below-header-display":"","ast-hfb-mobile-header-display":"","site-post-title":"","ast-breadcrumbs-content":"","ast-featured-img":"","footer-sml-layout":"","theme-transparent-header-meta":"default","adv-header-id-meta":"","stick-header-meta":"","header-above-stick-meta":"","header-main-stick-meta":"","header-below-stick-meta":"","astra-migrate-meta-layouts":"set","ast-page-background-enabled":"default","ast-page-background-meta":{"desktop":{"background-color":"var(--ast-global-color-4)","background-image":"","background-repeat":"repeat","background-position":"center center","background-size":"auto","background-attachment":"scroll","background-type":"","background-media":"","overlay-type":"","overlay-color":"","overlay-opacity":"","overlay-gradient":""},"tablet":{"background-color":"","background-image":"","background-repeat":"repeat","background-position":"center center","background-size":"auto","background-attachment":"scroll","background-type":"","background-media":"","overlay-type":"","overlay-color":"","overlay-opacity":"","overlay-gradient":""},"mobile":{"background-color":"","background-image":"","background-repeat":"repeat","background-position":"center center","background-size":"auto","background-attachment":"scroll","background-type":"","background-media":"","overlay-type":"","overlay-color":"","overlay-opacity":"","overlay-gradient":""}},"ast-content-background-meta":{"desktop":{"background-color":"var(--ast-global-color-5)","background-image":"","background-repeat":"repeat","background-position":"center center","background-size":"auto","background-attachment":"scroll","background-type":"","background-media":"","overlay-type":"","overlay-color":"","overlay-opacity":"","overlay-gradient":""},"tablet":{"background-color":"var(--ast-global-color-5)","background-image":"","background-repeat":"repeat","background-position":"center center","background-size":"auto","background-attachment":"scroll","background-type":"","background-media":"","overlay-type":"","overlay-color":"","overlay-opacity":"","overlay-gradient":""},"mobile":{"background-color":"var(--ast-global-color-5)","background-image":"","background-repeat":"repeat","background-position":"center center","background-size":"auto","background-attachment":"scroll","background-type":"","background-media":"","overlay-type":"","overlay-color":"","overlay-opacity":"","overlay-gradient":""}}},"product_brand":[],"product_cat":[455,456,458],"product_tag":[],"class_list":{"0":"post-31974","1":"product","2":"type-product","3":"status-publish","4":"has-post-thumbnail","6":"product_cat-cosmeticos-cbd","7":"product_cat-lyf","8":"product_cat-marios-market","9":"desktop-align-center","10":"tablet-align-center","11":"mobile-align-center","13":"first","14":"instock","15":"taxable","16":"shipping-taxable","17":"purchasable","18":"product-type-simple"},"acf":[],"yoast_head":"<!-- This site is optimized with the Yoast SEO Premium plugin v27.3 (Yoast SEO v27.3) - https:\/\/yoast.com\/product\/yoast-seo-premium-wordpress\/ -->\n<title>S\u00e9rum Day CBD 100mg 30ml |Compra Cosm\u00e9tica Natural CBD | Iguana Smoke<\/title>\n<meta name=\"description\" content=\"Eleva tu rutina de cuidado con el S\u00e9rum Day CBD de THE LYF LABS fabricado con ingredientes naturales. Descubre el poder antioxidante del CBD.\" \/>\n<meta name=\"robots\" content=\"index, follow, max-snippet:-1, max-image-preview:large, max-video-preview:-1\" \/>\n<link rel=\"canonical\" href=\"https:\/\/iguanasmoke.com\/fr\/produit\/cbd-day-serum-100mg-30ml-2\/\" \/>\n<meta property=\"og:locale\" content=\"fr_FR\" \/>\n<meta property=\"og:type\" content=\"article\" \/>\n<meta property=\"og:title\" content=\"S\u00e9rum Day CBD 100mg 30ml\" \/>\n<meta property=\"og:description\" content=\"100 mg de CBD  Envase de 30ml\" \/>\n<meta property=\"og:url\" content=\"https:\/\/iguanasmoke.com\/fr\/produit\/cbd-day-serum-100mg-30ml-2\/\" \/>\n<meta property=\"og:site_name\" content=\"Iguana Smoke\" \/>\n<meta property=\"article:publisher\" content=\"https:\/\/www.facebook.com\/iguanasmoke\" \/>\n<meta property=\"article:modified_time\" content=\"2025-08-28T11:01:06+00:00\" \/>\n<meta property=\"og:image\" content=\"https:\/\/i0.wp.com\/iguanasmoke.com\/wp-content\/uploads\/2024\/03\/serum-day.webp?fit=500%2C500&ssl=1\" \/>\n\t<meta property=\"og:image:width\" content=\"500\" \/>\n\t<meta property=\"og:image:height\" content=\"500\" \/>\n\t<meta property=\"og:image:type\" content=\"image\/webp\" \/>\n<meta name=\"twitter:card\" content=\"summary_large_image\" \/>\n<meta name=\"twitter:label1\" content=\"Prix\" \/>\n\t<meta name=\"twitter:data1\" content=\"24,90&nbsp;&euro;\" \/>\n\t<meta name=\"twitter:label2\" content=\"Disponibilit\u00e9\" \/>\n\t<meta name=\"twitter:data2\" content=\"En stock\" \/>\n<meta property=\"product:brand\" content=\"simple\" \/>\n<meta property=\"product:price:amount\" content=\"24.90\" \/>\n<meta property=\"product:price:currency\" content=\"EUR\" \/>\n<meta property=\"og:availability\" content=\"instock\" \/>\n<meta property=\"product:availability\" content=\"instock\" \/>\n<meta property=\"product:retailer_item_id\" content=\"LYF-SERUMDAY\" \/>\n<meta property=\"product:condition\" content=\"new\" \/>\n<!-- \/ Yoast SEO Premium plugin. -->","yoast_head_json":{"title":"Day CBD Serum 100mg 30ml |Acheter CBD Cosm\u00e9tique Naturelle | Iguana Smoke","description":"Am\u00e9liorez votre routine de soins de la peau avec le s\u00e9rum de jour au CBD de THE LYF LABS, fabriqu\u00e9 \u00e0 partir d'ingr\u00e9dients naturels. D\u00e9couvrez le pouvoir antioxydant du CBD.","robots":{"index":"index","follow":"follow","max-snippet":"max-snippet:-1","max-image-preview":"max-image-preview:large","max-video-preview":"max-video-preview:-1"},"canonical":"https:\/\/iguanasmoke.com\/fr\/produit\/cbd-day-serum-100mg-30ml-2\/","og_locale":"fr_FR","og_type":"article","og_title":"S\u00e9rum Day CBD 100mg 30ml","og_description":"100 mg de CBD  Envase de 30ml","og_url":"https:\/\/iguanasmoke.com\/fr\/produit\/cbd-day-serum-100mg-30ml-2\/","og_site_name":"Iguana Smoke","article_publisher":"https:\/\/www.facebook.com\/iguanasmoke","article_modified_time":"2025-08-28T11:01:06+00:00","og_image":[{"width":500,"height":500,"url":"https:\/\/i0.wp.com\/iguanasmoke.com\/wp-content\/uploads\/2024\/03\/serum-day.webp?fit=500%2C500&ssl=1","type":"image\/webp"}],"twitter_card":"summary_large_image","twitter_misc":{"Prix":"24,90&nbsp;&euro;","Disponibilit\u00e9":"En stock"},"schema":{"@context":"https:\/\/schema.org","@graph":[{"@type":"WebPage","@id":"https:\/\/iguanasmoke.com\/producto\/serum-day-cbd-100mg-30ml\/","url":"https:\/\/iguanasmoke.com\/producto\/serum-day-cbd-100mg-30ml\/","name":"Day CBD Serum 100mg 30ml |Acheter CBD Cosm\u00e9tique Naturelle | Iguana Smoke","isPartOf":{"@id":"https:\/\/iguanasmoke.com\/#website"},"primaryImageOfPage":{"@id":"https:\/\/iguanasmoke.com\/producto\/serum-day-cbd-100mg-30ml\/#primaryimage"},"image":{"@id":"https:\/\/iguanasmoke.com\/producto\/serum-day-cbd-100mg-30ml\/#primaryimage"},"thumbnailUrl":"https:\/\/iguanasmoke.com\/wp-content\/uploads\/2024\/03\/serum-day.webp","datePublished":"2024-03-27T18:09:05+00:00","dateModified":"2025-08-28T11:01:06+00:00","description":"Am\u00e9liorez votre routine de soins de la peau avec le s\u00e9rum de jour au CBD de THE LYF LABS, fabriqu\u00e9 \u00e0 partir d'ingr\u00e9dients naturels. D\u00e9couvrez le pouvoir antioxydant du CBD.","breadcrumb":{"@id":"https:\/\/iguanasmoke.com\/producto\/serum-day-cbd-100mg-30ml\/#breadcrumb"},"inLanguage":"fr-FR","potentialAction":[{"@type":"ReadAction","target":["https:\/\/iguanasmoke.com\/producto\/serum-day-cbd-100mg-30ml\/"]}]},{"@type":"ImageObject","inLanguage":"fr-FR","@id":"https:\/\/iguanasmoke.com\/producto\/serum-day-cbd-100mg-30ml\/#primaryimage","url":"https:\/\/iguanasmoke.com\/wp-content\/uploads\/2024\/03\/serum-day.webp","contentUrl":"https:\/\/iguanasmoke.com\/wp-content\/uploads\/2024\/03\/serum-day.webp","width":500,"height":500,"caption":"suero para la piel lyf"},{"@type":"BreadcrumbList","@id":"https:\/\/iguanasmoke.com\/producto\/serum-day-cbd-100mg-30ml\/#breadcrumb","itemListElement":[{"@type":"ListItem","position":1,"name":"home","item":"https:\/\/iguanasmoke.com\/"},{"@type":"ListItem","position":2,"name":"Tienda","item":"https:\/\/iguanasmoke.com\/tienda\/"},{"@type":"ListItem","position":3,"name":"Mario's Market","item":"https:\/\/iguanasmoke.com\/categoria\/marios-market\/"},{"@type":"ListItem","position":4,"name":"S\u00e9rum Day CBD 100mg 30ml"}]},{"@type":"WebSite","@id":"https:\/\/iguanasmoke.com\/#website","url":"https:\/\/iguanasmoke.com\/","name":"Fum\u00e9e d'iguane","description":"Acheter du CBD en ligne au meilleur prix","publisher":{"@id":"https:\/\/iguanasmoke.com\/#organization"},"potentialAction":[{"@type":"SearchAction","target":{"@type":"EntryPoint","urlTemplate":"https:\/\/iguanasmoke.com\/?s={search_term_string}"},"query-input":{"@type":"PropertyValueSpecification","valueRequired":true,"valueName":"search_term_string"}}],"inLanguage":"fr-FR"},{"@type":"Organization","@id":"https:\/\/iguanasmoke.com\/#organization","name":"Fum\u00e9e d'iguane","url":"https:\/\/iguanasmoke.com\/","logo":{"@type":"ImageObject","inLanguage":"fr-FR","@id":"https:\/\/iguanasmoke.com\/#\/schema\/logo\/image\/","url":"https:\/\/iguanasmoke.com\/wp-content\/uploads\/2025\/01\/logoiguana-favi-1.png","contentUrl":"https:\/\/iguanasmoke.com\/wp-content\/uploads\/2025\/01\/logoiguana-favi-1.png","width":512,"height":512,"caption":"Iguana Smoke"},"image":{"@id":"https:\/\/iguanasmoke.com\/#\/schema\/logo\/image\/"},"sameAs":["https:\/\/www.facebook.com\/iguanasmoke","https:\/\/www.instagram.com\/iguanasmoke\/"]}]},"product_brand":"simple","product_price_amount":"24.90","product_price_currency":"EUR","og_availability":"instock","product_availability":"instock","product_retailer_item_id":"LYF-SERUMDAY","product_condition":"new"},"_links":{"self":[{"href":"https:\/\/iguanasmoke.com\/fr\/wp-json\/wp\/v2\/product\/31974","targetHints":{"allow":["GET"]}}],"collection":[{"href":"https:\/\/iguanasmoke.com\/fr\/wp-json\/wp\/v2\/product"}],"about":[{"href":"https:\/\/iguanasmoke.com\/fr\/wp-json\/wp\/v2\/types\/product"}],"replies":[{"embeddable":true,"href":"https:\/\/iguanasmoke.com\/fr\/wp-json\/wp\/v2\/comments?post=31974"}],"wp:featuredmedia":[{"embeddable":true,"href":"https:\/\/iguanasmoke.com\/fr\/wp-json\/wp\/v2\/media\/34050"}],"wp:attachment":[{"href":"https:\/\/iguanasmoke.com\/fr\/wp-json\/wp\/v2\/media?parent=31974"}],"wp:term":[{"taxonomy":"product_brand","embeddable":true,"href":"https:\/\/iguanasmoke.com\/fr\/wp-json\/wp\/v2\/product_brand?post=31974"},{"taxonomy":"product_cat","embeddable":true,"href":"https:\/\/iguanasmoke.com\/fr\/wp-json\/wp\/v2\/product_cat?post=31974"},{"taxonomy":"product_tag","embeddable":true,"href":"https:\/\/iguanasmoke.com\/fr\/wp-json\/wp\/v2\/product_tag?post=31974"}],"curies":[{"name":"wp","href":"https:\/\/api.w.org\/{rel}","templated":true}]}}