{"id":34542,"date":"2024-05-22T10:47:05","date_gmt":"2024-05-22T08:47:05","guid":{"rendered":"https:\/\/iguanasmoke.com\/?post_type=product&#038;p=34542"},"modified":"2024-10-26T09:18:57","modified_gmt":"2024-10-26T07:18:57","slug":"oh-holy-mary-huile-de-plaisir-cannabis","status":"publish","type":"product","link":"https:\/\/iguanasmoke.com\/fr\/producto\/oh-holy-mary-pleasure-oil-cannabis\/","title":{"rendered":"Huile de plaisir Oh ! Holy Mary Cannabis"},"content":{"rendered":"<div class=\"flex flex-grow flex-col max-w-full\">\n<div class=\"min-h-[20px] text-message flex flex-col items-start whitespace-pre-wrap break-words [.text-message+&amp;]:mt-5 juice:w-full juice:items-end overflow-x-auto gap-2\" dir=\"auto\" data-message-author-role=\"assistant\" data-message-id=\"87c97292-f9ea-42ad-9685-660ee86e9b3b\">\n<div class=\"flex w-full flex-col gap-1 juice:empty:hidden juice:first:pt-[3px]\">\n<div class=\"markdown prose w-full break-words dark:prose-invert light\">\n<p>Oh! Holy Mary \u2013 Aceite de Placer con Cannabis es un estimulante poderoso que incorpora aceite de semilla de Cannabis Sativa. Su f\u00f3rmula \u00fanica, desarrollada durante m\u00e1s de un a\u00f1o, ha resultado en uno de los estimulantes m\u00e1s intensos, innovadores y de larga duraci\u00f3n disponibles en el mercado.<\/p>\n<p>Este aceite estimulante es apto para cualquier g\u00e9nero. Una sola gota de Oh! Holy Mary, aplicada en \u00e1reas er\u00f3genas, desencadena una sensaci\u00f3n de cosquilleo muy intensa, similar al uso de un juguete er\u00f3tico pero sin necesidad de las manos. El efecto, caracterizado por un hormigueo punzante y focalizado, comienza a sentirse entre 15 y 30 segundos despu\u00e9s de la aplicaci\u00f3n y puede prolongarse en algunos casos hasta 45 minutos.<\/p>\n<\/div>\n<\/div>\n<\/div>\n<\/div>\n<div class=\"mt-1 flex gap-3 empty:hidden juice:-ml-3\">\n<div class=\"items-center justify-start rounded-xl p-1 flex\">\n<div class=\"flex items-center\">\n<div class=\"flex items-center pb-0.5 juice:pb-0\"><\/div>\n<\/div>\n<\/div>\n<\/div>\n","protected":false},"excerpt":{"rendered":"<ul>\n<li class=\"a-spacing-mini\"><span class=\"a-list-item\">VIBRATOR LIQUID effet concentr\u00e9 d'huile<\/span><\/li>\n<li class=\"a-spacing-mini\"><span class=\"a-list-item\">Une seule goutte de Oh ! Sainte Marie appliqu\u00e9e sur les zones \u00e9rog\u00e8nes d\u00e9clenche un effet de picotement tr\u00e8s intense, semblable au frottement d'un jouet \u00e9rotique, mais sans utiliser les mains.<\/span><\/li>\n<li class=\"a-spacing-mini\"><span class=\"a-list-item\">Avec de l'huile de graines de cannabis sativa<\/span><\/li>\n<li class=\"a-spacing-mini\"><span class=\"a-list-item\">A base d'ingr\u00e9dients naturels<\/span><\/li>\n<li class=\"a-spacing-mini\"><span class=\"a-list-item\">Sans parab\u00e8ne, sans sucre et sans gluten<\/span><\/li>\n<li>6ml<\/li>\n<\/ul>","protected":false},"featured_media":34545,"comment_status":"open","ping_status":"closed","template":"","meta":{"_acf_changed":false,"site-sidebar-layout":"default","site-content-layout":"","ast-site-content-layout":"default","site-content-style":"default","site-sidebar-style":"default","ast-global-header-display":"","ast-banner-title-visibility":"","ast-main-header-display":"","ast-hfb-above-header-display":"","ast-hfb-below-header-display":"","ast-hfb-mobile-header-display":"","site-post-title":"","ast-breadcrumbs-content":"","ast-featured-img":"","footer-sml-layout":"","theme-transparent-header-meta":"default","adv-header-id-meta":"","stick-header-meta":"","header-above-stick-meta":"","header-main-stick-meta":"","header-below-stick-meta":"","astra-migrate-meta-layouts":"set","ast-page-background-enabled":"default","ast-page-background-meta":{"desktop":{"background-color":"var(--ast-global-color-4)","background-image":"","background-repeat":"repeat","background-position":"center center","background-size":"auto","background-attachment":"scroll","background-type":"","background-media":"","overlay-type":"","overlay-color":"","overlay-opacity":"","overlay-gradient":""},"tablet":{"background-color":"","background-image":"","background-repeat":"repeat","background-position":"center center","background-size":"auto","background-attachment":"scroll","background-type":"","background-media":"","overlay-type":"","overlay-color":"","overlay-opacity":"","overlay-gradient":""},"mobile":{"background-color":"","background-image":"","background-repeat":"repeat","background-position":"center center","background-size":"auto","background-attachment":"scroll","background-type":"","background-media":"","overlay-type":"","overlay-color":"","overlay-opacity":"","overlay-gradient":""}},"ast-content-background-meta":{"desktop":{"background-color":"var(--ast-global-color-5)","background-image":"","background-repeat":"repeat","background-position":"center center","background-size":"auto","background-attachment":"scroll","background-type":"","background-media":"","overlay-type":"","overlay-color":"","overlay-opacity":"","overlay-gradient":""},"tablet":{"background-color":"var(--ast-global-color-5)","background-image":"","background-repeat":"repeat","background-position":"center center","background-size":"auto","background-attachment":"scroll","background-type":"","background-media":"","overlay-type":"","overlay-color":"","overlay-opacity":"","overlay-gradient":""},"mobile":{"background-color":"var(--ast-global-color-5)","background-image":"","background-repeat":"repeat","background-position":"center center","background-size":"auto","background-attachment":"scroll","background-type":"","background-media":"","overlay-type":"","overlay-color":"","overlay-opacity":"","overlay-gradient":""}}},"product_brand":[],"product_cat":[458],"product_tag":[],"class_list":{"0":"post-34542","1":"product","2":"type-product","3":"status-publish","4":"has-post-thumbnail","6":"product_cat-marios-market","7":"desktop-align-center","8":"tablet-align-center","9":"mobile-align-center","11":"first","12":"instock","13":"taxable","14":"shipping-taxable","15":"purchasable","16":"product-type-simple"},"acf":[],"yoast_head":"<!-- This site is optimized with the Yoast SEO Premium plugin v27.3 (Yoast SEO v27.3) - https:\/\/yoast.com\/product\/yoast-seo-premium-wordpress\/ -->\n<title>Oh! Holy Mary Pleasure Oil Cannabis | Iguana Smoke<\/title>\n<meta name=\"robots\" content=\"index, follow, max-snippet:-1, max-image-preview:large, max-video-preview:-1\" \/>\n<link rel=\"canonical\" href=\"https:\/\/iguanasmoke.com\/fr\/produit\/oh-holy-mary-huile-de-plaisir-cannabis\/\" \/>\n<meta property=\"og:locale\" content=\"fr_FR\" \/>\n<meta property=\"og:type\" content=\"article\" \/>\n<meta property=\"og:title\" content=\"Oh! Holy Mary Pleasure Oil Cannabis\" \/>\n<meta property=\"og:description\" content=\"Aceite concentrado efecto VIBRADOR LIQUIDO  Una sola gota de Oh! Holy Mary aplicada en las zonas er\u00f3genas hace que se inicie un efecto cosquilleante muy intenso, similar al roce de un juguete er\u00f3tico pero sin usar las manos  Con aceite de semilla de cannabis sativa  A base de ingredientes naturales  Sin parabenos, sin az\u00facares, sin gluten  6ml\" \/>\n<meta property=\"og:url\" content=\"https:\/\/iguanasmoke.com\/fr\/produit\/oh-holy-mary-huile-de-plaisir-cannabis\/\" \/>\n<meta property=\"og:site_name\" content=\"Iguana Smoke\" \/>\n<meta property=\"article:publisher\" content=\"https:\/\/www.facebook.com\/iguanasmoke\" \/>\n<meta property=\"article:modified_time\" content=\"2024-10-26T07:18:57+00:00\" \/>\n<meta property=\"og:image\" content=\"https:\/\/i0.wp.com\/iguanasmoke.com\/wp-content\/uploads\/2024\/05\/Holyoil-webp.webp?fit=500%2C500&ssl=1\" \/>\n\t<meta property=\"og:image:width\" content=\"500\" \/>\n\t<meta property=\"og:image:height\" content=\"500\" \/>\n\t<meta property=\"og:image:type\" content=\"image\/webp\" \/>\n<meta name=\"twitter:card\" content=\"summary_large_image\" \/>\n<meta name=\"twitter:label1\" content=\"Prix\" \/>\n\t<meta name=\"twitter:data1\" content=\"15,00&nbsp;&euro;\" \/>\n\t<meta name=\"twitter:label2\" content=\"Disponibilit\u00e9\" \/>\n\t<meta name=\"twitter:data2\" content=\"En stock\" \/>\n<meta property=\"product:brand\" content=\"simple\" \/>\n<meta property=\"product:price:amount\" content=\"15.00\" \/>\n<meta property=\"product:price:currency\" content=\"EUR\" \/>\n<meta property=\"og:availability\" content=\"instock\" \/>\n<meta property=\"product:availability\" content=\"instock\" \/>\n<meta property=\"product:condition\" content=\"new\" \/>\n<!-- \/ Yoast SEO Premium plugin. -->","yoast_head_json":{"title":"Oh ! Holy Mary Pleasure Oil Cannabis | Iguana Smoke","robots":{"index":"index","follow":"follow","max-snippet":"max-snippet:-1","max-image-preview":"max-image-preview:large","max-video-preview":"max-video-preview:-1"},"canonical":"https:\/\/iguanasmoke.com\/fr\/produit\/oh-holy-mary-huile-de-plaisir-cannabis\/","og_locale":"fr_FR","og_type":"article","og_title":"Oh! Holy Mary Pleasure Oil Cannabis","og_description":"Aceite concentrado efecto VIBRADOR LIQUIDO  Una sola gota de Oh! Holy Mary aplicada en las zonas er\u00f3genas hace que se inicie un efecto cosquilleante muy intenso, similar al roce de un juguete er\u00f3tico pero sin usar las manos  Con aceite de semilla de cannabis sativa  A base de ingredientes naturales  Sin parabenos, sin az\u00facares, sin gluten  6ml","og_url":"https:\/\/iguanasmoke.com\/fr\/produit\/oh-holy-mary-huile-de-plaisir-cannabis\/","og_site_name":"Iguana Smoke","article_publisher":"https:\/\/www.facebook.com\/iguanasmoke","article_modified_time":"2024-10-26T07:18:57+00:00","og_image":[{"width":500,"height":500,"url":"https:\/\/i0.wp.com\/iguanasmoke.com\/wp-content\/uploads\/2024\/05\/Holyoil-webp.webp?fit=500%2C500&ssl=1","type":"image\/webp"}],"twitter_card":"summary_large_image","twitter_misc":{"Prix":"15,00&nbsp;&euro;","Disponibilit\u00e9":"En stock"},"schema":{"@context":"https:\/\/schema.org","@graph":[{"@type":"WebPage","@id":"https:\/\/iguanasmoke.com\/producto\/oh-holy-mary-pleasure-oil-cannabis\/","url":"https:\/\/iguanasmoke.com\/producto\/oh-holy-mary-pleasure-oil-cannabis\/","name":"Oh ! Holy Mary Pleasure Oil Cannabis | Iguana Smoke","isPartOf":{"@id":"https:\/\/iguanasmoke.com\/#website"},"primaryImageOfPage":{"@id":"https:\/\/iguanasmoke.com\/producto\/oh-holy-mary-pleasure-oil-cannabis\/#primaryimage"},"image":{"@id":"https:\/\/iguanasmoke.com\/producto\/oh-holy-mary-pleasure-oil-cannabis\/#primaryimage"},"thumbnailUrl":"https:\/\/iguanasmoke.com\/wp-content\/uploads\/2024\/05\/Holyoil-webp.webp","datePublished":"2024-05-22T08:47:05+00:00","dateModified":"2024-10-26T07:18:57+00:00","breadcrumb":{"@id":"https:\/\/iguanasmoke.com\/producto\/oh-holy-mary-pleasure-oil-cannabis\/#breadcrumb"},"inLanguage":"fr-FR","potentialAction":[{"@type":"ReadAction","target":["https:\/\/iguanasmoke.com\/producto\/oh-holy-mary-pleasure-oil-cannabis\/"]}]},{"@type":"ImageObject","inLanguage":"fr-FR","@id":"https:\/\/iguanasmoke.com\/producto\/oh-holy-mary-pleasure-oil-cannabis\/#primaryimage","url":"https:\/\/iguanasmoke.com\/wp-content\/uploads\/2024\/05\/Holyoil-webp.webp","contentUrl":"https:\/\/iguanasmoke.com\/wp-content\/uploads\/2024\/05\/Holyoil-webp.webp","width":500,"height":500,"caption":"aceite placer vibrador"},{"@type":"BreadcrumbList","@id":"https:\/\/iguanasmoke.com\/producto\/oh-holy-mary-pleasure-oil-cannabis\/#breadcrumb","itemListElement":[{"@type":"ListItem","position":1,"name":"home","item":"https:\/\/iguanasmoke.com\/"},{"@type":"ListItem","position":2,"name":"Tienda","item":"https:\/\/iguanasmoke.com\/tienda\/"},{"@type":"ListItem","position":3,"name":"Mario's Market","item":"https:\/\/iguanasmoke.com\/categoria\/marios-market\/"},{"@type":"ListItem","position":4,"name":"Oh! Holy Mary Pleasure Oil Cannabis"}]},{"@type":"WebSite","@id":"https:\/\/iguanasmoke.com\/#website","url":"https:\/\/iguanasmoke.com\/","name":"Fum\u00e9e d'iguane","description":"Acheter du CBD en ligne au meilleur prix","publisher":{"@id":"https:\/\/iguanasmoke.com\/#organization"},"potentialAction":[{"@type":"SearchAction","target":{"@type":"EntryPoint","urlTemplate":"https:\/\/iguanasmoke.com\/?s={search_term_string}"},"query-input":{"@type":"PropertyValueSpecification","valueRequired":true,"valueName":"search_term_string"}}],"inLanguage":"fr-FR"},{"@type":"Organization","@id":"https:\/\/iguanasmoke.com\/#organization","name":"Fum\u00e9e d'iguane","url":"https:\/\/iguanasmoke.com\/","logo":{"@type":"ImageObject","inLanguage":"fr-FR","@id":"https:\/\/iguanasmoke.com\/#\/schema\/logo\/image\/","url":"https:\/\/iguanasmoke.com\/wp-content\/uploads\/2025\/01\/logoiguana-favi-1.png","contentUrl":"https:\/\/iguanasmoke.com\/wp-content\/uploads\/2025\/01\/logoiguana-favi-1.png","width":512,"height":512,"caption":"Iguana Smoke"},"image":{"@id":"https:\/\/iguanasmoke.com\/#\/schema\/logo\/image\/"},"sameAs":["https:\/\/www.facebook.com\/iguanasmoke","https:\/\/www.instagram.com\/iguanasmoke\/"]}]},"product_brand":"simple","product_price_amount":"15.00","product_price_currency":"EUR","og_availability":"instock","product_availability":"instock","product_condition":"new"},"_links":{"self":[{"href":"https:\/\/iguanasmoke.com\/fr\/wp-json\/wp\/v2\/product\/34542","targetHints":{"allow":["GET"]}}],"collection":[{"href":"https:\/\/iguanasmoke.com\/fr\/wp-json\/wp\/v2\/product"}],"about":[{"href":"https:\/\/iguanasmoke.com\/fr\/wp-json\/wp\/v2\/types\/product"}],"replies":[{"embeddable":true,"href":"https:\/\/iguanasmoke.com\/fr\/wp-json\/wp\/v2\/comments?post=34542"}],"wp:featuredmedia":[{"embeddable":true,"href":"https:\/\/iguanasmoke.com\/fr\/wp-json\/wp\/v2\/media\/34545"}],"wp:attachment":[{"href":"https:\/\/iguanasmoke.com\/fr\/wp-json\/wp\/v2\/media?parent=34542"}],"wp:term":[{"taxonomy":"product_brand","embeddable":true,"href":"https:\/\/iguanasmoke.com\/fr\/wp-json\/wp\/v2\/product_brand?post=34542"},{"taxonomy":"product_cat","embeddable":true,"href":"https:\/\/iguanasmoke.com\/fr\/wp-json\/wp\/v2\/product_cat?post=34542"},{"taxonomy":"product_tag","embeddable":true,"href":"https:\/\/iguanasmoke.com\/fr\/wp-json\/wp\/v2\/product_tag?post=34542"}],"curies":[{"name":"wp","href":"https:\/\/api.w.org\/{rel}","templated":true}]}}