{"id":35475,"date":"2024-06-12T19:02:28","date_gmt":"2024-06-12T17:02:28","guid":{"rendered":"https:\/\/iguanasmoke.com\/?post_type=product&#038;p=35475"},"modified":"2026-03-15T21:29:48","modified_gmt":"2026-03-15T20:29:48","slug":"astra-hemp-chewing-gum-cannabis-menthe-poivree","status":"publish","type":"product","link":"https:\/\/iguanasmoke.com\/fr\/producto\/astra-hemp-chicle-cannabis-peppermint\/","title":{"rendered":"Astra Hemp Chewing-gum Cannabis Menthe poivr\u00e9e"},"content":{"rendered":"<p>Savourez ce d\u00e9licieux chewing-gum au cannabis sans additif chez Iguana Smoke !<\/p>","protected":false},"excerpt":{"rendered":"<p>Ingr\u00e9dients :<\/p>\n<ul>\n<li>100% L\u00e9gal pour la consommation dans l'Union europ\u00e9enne (UE)<\/li>\n<li>SANS THC (0 % THC) - Pas d'effets narcotiques<\/li>\n<li>Fabriqu\u00e9 dans l'UE<\/li>\n<li>Contenu : Bo\u00eete de 17 pi\u00e8ces (24 g)<\/li>\n<li>Sans sucre<\/li>\n<li>Ingr\u00e9dients : Edulcorants : sorbitol (E420), isomalt (E953), sirop de maltitol (E965), ac\u00e9sulfame K (E950), sucralose (E955) ; gomme base (contient de la l\u00e9cithine de soja), ar\u00f4mes, humectant : glyc\u00e9rol (E422) ; \u00e9paississant : gomme arabique (E414) ; huile de chanvre (0,21%), amidon de riz, colorant (E141ii), agent d'enrobage : cire de carnauba (E903), antioxydant (E321).<\/li>\n<\/ul>","protected":false},"featured_media":35477,"comment_status":"open","ping_status":"closed","template":"","meta":{"_acf_changed":false,"site-sidebar-layout":"default","site-content-layout":"","ast-site-content-layout":"default","site-content-style":"default","site-sidebar-style":"default","ast-global-header-display":"","ast-banner-title-visibility":"","ast-main-header-display":"","ast-hfb-above-header-display":"","ast-hfb-below-header-display":"","ast-hfb-mobile-header-display":"","site-post-title":"","ast-breadcrumbs-content":"","ast-featured-img":"","footer-sml-layout":"","theme-transparent-header-meta":"default","adv-header-id-meta":"","stick-header-meta":"","header-above-stick-meta":"","header-main-stick-meta":"","header-below-stick-meta":"","astra-migrate-meta-layouts":"set","ast-page-background-enabled":"default","ast-page-background-meta":{"desktop":{"background-color":"var(--ast-global-color-4)","background-image":"","background-repeat":"repeat","background-position":"center center","background-size":"auto","background-attachment":"scroll","background-type":"","background-media":"","overlay-type":"","overlay-color":"","overlay-opacity":"","overlay-gradient":""},"tablet":{"background-color":"","background-image":"","background-repeat":"repeat","background-position":"center center","background-size":"auto","background-attachment":"scroll","background-type":"","background-media":"","overlay-type":"","overlay-color":"","overlay-opacity":"","overlay-gradient":""},"mobile":{"background-color":"","background-image":"","background-repeat":"repeat","background-position":"center center","background-size":"auto","background-attachment":"scroll","background-type":"","background-media":"","overlay-type":"","overlay-color":"","overlay-opacity":"","overlay-gradient":""}},"ast-content-background-meta":{"desktop":{"background-color":"var(--ast-global-color-5)","background-image":"","background-repeat":"repeat","background-position":"center center","background-size":"auto","background-attachment":"scroll","background-type":"","background-media":"","overlay-type":"","overlay-color":"","overlay-opacity":"","overlay-gradient":""},"tablet":{"background-color":"var(--ast-global-color-5)","background-image":"","background-repeat":"repeat","background-position":"center center","background-size":"auto","background-attachment":"scroll","background-type":"","background-media":"","overlay-type":"","overlay-color":"","overlay-opacity":"","overlay-gradient":""},"mobile":{"background-color":"var(--ast-global-color-5)","background-image":"","background-repeat":"repeat","background-position":"center center","background-size":"auto","background-attachment":"scroll","background-type":"","background-media":"","overlay-type":"","overlay-color":"","overlay-opacity":"","overlay-gradient":""}}},"product_brand":[],"product_cat":[458],"product_tag":[],"class_list":{"0":"post-35475","1":"product","2":"type-product","3":"status-publish","4":"has-post-thumbnail","6":"product_cat-marios-market","7":"desktop-align-center","8":"tablet-align-center","9":"mobile-align-center","11":"first","12":"instock","13":"taxable","14":"shipping-taxable","15":"purchasable","16":"product-type-simple"},"acf":[],"yoast_head":"<!-- This site is optimized with the Yoast SEO Premium plugin v27.3 (Yoast SEO v27.3) - https:\/\/yoast.com\/product\/yoast-seo-premium-wordpress\/ -->\n<title>Astra Hemp Chicle Cannabis Peppermint | Iguana Smoke<\/title>\n<meta name=\"description\" content=\"Compra chicle de Cannabis Peppermint sin aditivos y descubre productos de CBD en nuestra web Iguana Smoke. Env\u00edo r\u00e1pido y gratuito a partir de 40\u20ac.\" \/>\n<meta name=\"robots\" content=\"index, follow, max-snippet:-1, max-image-preview:large, max-video-preview:-1\" \/>\n<link rel=\"canonical\" href=\"https:\/\/iguanasmoke.com\/fr\/produit\/astra-hemp-chewing-gum-cannabis-menthe-poivree\/\" \/>\n<meta property=\"og:locale\" content=\"fr_FR\" \/>\n<meta property=\"og:type\" content=\"article\" \/>\n<meta property=\"og:title\" content=\"Astra Hemp Chicle Cannabis Peppermint\" \/>\n<meta property=\"og:description\" content=\"Ingredientes:   100% Legal para el consumo en la Uni\u00f3n Europea (UE)  SIN THC (0 % THC) - Sin efectos narc\u00f3ticos  Fabricado en la UE  Contenido: Caja de 17 piezas (24 g)  Sin az\u00facar  Ingredientes: Edulcorantes: sorbitol (E420), isomalt (E953), jarabe de maltitol (E965), acesulfamo K (E950), sucralosa (E955); goma base (contiene lecitina de soja), aromas, humectante: glicerol (E422); espesante: goma ar\u00e1biga (E414); aceite de c\u00e1\u00f1amo (0,21%), almid\u00f3n de arroz, colorante (E141ii), agente de recubrimiento: cera carnauba (E903), antioxidante (E321)\" \/>\n<meta property=\"og:url\" content=\"https:\/\/iguanasmoke.com\/fr\/produit\/astra-hemp-chewing-gum-cannabis-menthe-poivree\/\" \/>\n<meta property=\"og:site_name\" content=\"Iguana Smoke\" \/>\n<meta property=\"article:publisher\" content=\"https:\/\/www.facebook.com\/iguanasmoke\" \/>\n<meta property=\"article:modified_time\" content=\"2026-03-15T20:29:48+00:00\" \/>\n<meta property=\"og:image\" content=\"https:\/\/i0.wp.com\/iguanasmoke.com\/wp-content\/uploads\/2024\/06\/chicle-pepper-webp.webp?fit=500%2C500&ssl=1\" \/>\n\t<meta property=\"og:image:width\" content=\"500\" \/>\n\t<meta property=\"og:image:height\" content=\"500\" \/>\n\t<meta property=\"og:image:type\" content=\"image\/webp\" \/>\n<meta name=\"twitter:card\" content=\"summary_large_image\" \/>\n<meta name=\"twitter:label1\" content=\"Prix\" \/>\n\t<meta name=\"twitter:data1\" content=\"3,95&nbsp;&euro;\" \/>\n\t<meta name=\"twitter:label2\" content=\"Disponibilit\u00e9\" \/>\n\t<meta name=\"twitter:data2\" content=\"En stock\" \/>\n<meta property=\"product:brand\" content=\"simple\" \/>\n<meta property=\"product:price:amount\" content=\"3.95\" \/>\n<meta property=\"product:price:currency\" content=\"EUR\" \/>\n<meta property=\"og:availability\" content=\"instock\" \/>\n<meta property=\"product:availability\" content=\"instock\" \/>\n<meta property=\"product:retailer_item_id\" content=\"AH-GUM-PEP\" \/>\n<meta property=\"product:condition\" content=\"new\" \/>\n<!-- \/ Yoast SEO Premium plugin. -->","yoast_head_json":{"title":"Astra Hemp Chewing Gum Cannabis Peppermint | Iguana Smoke","description":"Achetez Cannabis Peppermint gum sans additifs et d\u00e9couvrez les produits CBD sur notre site Iguana Smoke. Livraison rapide et gratuite \u00e0 partir de \u20ac40.","robots":{"index":"index","follow":"follow","max-snippet":"max-snippet:-1","max-image-preview":"max-image-preview:large","max-video-preview":"max-video-preview:-1"},"canonical":"https:\/\/iguanasmoke.com\/fr\/produit\/astra-hemp-chewing-gum-cannabis-menthe-poivree\/","og_locale":"fr_FR","og_type":"article","og_title":"Astra Hemp Chicle Cannabis Peppermint","og_description":"Ingredientes:   100% Legal para el consumo en la Uni\u00f3n Europea (UE)  SIN THC (0 % THC) - Sin efectos narc\u00f3ticos  Fabricado en la UE  Contenido: Caja de 17 piezas (24 g)  Sin az\u00facar  Ingredientes: Edulcorantes: sorbitol (E420), isomalt (E953), jarabe de maltitol (E965), acesulfamo K (E950), sucralosa (E955); goma base (contiene lecitina de soja), aromas, humectante: glicerol (E422); espesante: goma ar\u00e1biga (E414); aceite de c\u00e1\u00f1amo (0,21%), almid\u00f3n de arroz, colorante (E141ii), agente de recubrimiento: cera carnauba (E903), antioxidante (E321)","og_url":"https:\/\/iguanasmoke.com\/fr\/produit\/astra-hemp-chewing-gum-cannabis-menthe-poivree\/","og_site_name":"Iguana Smoke","article_publisher":"https:\/\/www.facebook.com\/iguanasmoke","article_modified_time":"2026-03-15T20:29:48+00:00","og_image":[{"width":500,"height":500,"url":"https:\/\/i0.wp.com\/iguanasmoke.com\/wp-content\/uploads\/2024\/06\/chicle-pepper-webp.webp?fit=500%2C500&ssl=1","type":"image\/webp"}],"twitter_card":"summary_large_image","twitter_misc":{"Prix":"3,95&nbsp;&euro;","Disponibilit\u00e9":"En stock"},"schema":{"@context":"https:\/\/schema.org","@graph":[{"@type":"WebPage","@id":"https:\/\/iguanasmoke.com\/it\/prodotto\/astra-hemp-chicle-cannabis-peppermint\/","url":"https:\/\/iguanasmoke.com\/it\/prodotto\/astra-hemp-chicle-cannabis-peppermint\/","name":"Astra Hemp Chewing Gum Cannabis Peppermint | Iguana Smoke","isPartOf":{"@id":"https:\/\/iguanasmoke.com\/#website"},"primaryImageOfPage":{"@id":"https:\/\/iguanasmoke.com\/it\/prodotto\/astra-hemp-chicle-cannabis-peppermint\/#primaryimage"},"image":{"@id":"https:\/\/iguanasmoke.com\/it\/prodotto\/astra-hemp-chicle-cannabis-peppermint\/#primaryimage"},"thumbnailUrl":"https:\/\/iguanasmoke.com\/wp-content\/uploads\/2024\/06\/chicle-pepper-webp.webp","datePublished":"2024-06-12T17:02:28+00:00","dateModified":"2026-03-15T20:29:48+00:00","description":"Achetez Cannabis Peppermint gum sans additifs et d\u00e9couvrez les produits CBD sur notre site Iguana Smoke. Livraison rapide et gratuite \u00e0 partir de \u20ac40.","breadcrumb":{"@id":"https:\/\/iguanasmoke.com\/it\/prodotto\/astra-hemp-chicle-cannabis-peppermint\/#breadcrumb"},"inLanguage":"fr-FR","potentialAction":[{"@type":"ReadAction","target":["https:\/\/iguanasmoke.com\/it\/prodotto\/astra-hemp-chicle-cannabis-peppermint\/"]}]},{"@type":"ImageObject","inLanguage":"fr-FR","@id":"https:\/\/iguanasmoke.com\/it\/prodotto\/astra-hemp-chicle-cannabis-peppermint\/#primaryimage","url":"https:\/\/iguanasmoke.com\/wp-content\/uploads\/2024\/06\/chicle-pepper-webp.webp","contentUrl":"https:\/\/iguanasmoke.com\/wp-content\/uploads\/2024\/06\/chicle-pepper-webp.webp","width":500,"height":500,"caption":"chicles astra hemp peppermint"},{"@type":"BreadcrumbList","@id":"https:\/\/iguanasmoke.com\/it\/prodotto\/astra-hemp-chicle-cannabis-peppermint\/#breadcrumb","itemListElement":[{"@type":"ListItem","position":1,"name":"home","item":"https:\/\/iguanasmoke.com\/"},{"@type":"ListItem","position":2,"name":"Tienda","item":"https:\/\/iguanasmoke.com\/tienda\/"},{"@type":"ListItem","position":3,"name":"Mario's Market","item":"https:\/\/iguanasmoke.com\/categoria\/marios-market\/"},{"@type":"ListItem","position":4,"name":"Astra Hemp Chicle Cannabis Peppermint"}]},{"@type":"WebSite","@id":"https:\/\/iguanasmoke.com\/#website","url":"https:\/\/iguanasmoke.com\/","name":"Fum\u00e9e d'iguane","description":"Acheter du CBD en ligne au meilleur prix","publisher":{"@id":"https:\/\/iguanasmoke.com\/#organization"},"potentialAction":[{"@type":"SearchAction","target":{"@type":"EntryPoint","urlTemplate":"https:\/\/iguanasmoke.com\/?s={search_term_string}"},"query-input":{"@type":"PropertyValueSpecification","valueRequired":true,"valueName":"search_term_string"}}],"inLanguage":"fr-FR"},{"@type":"Organization","@id":"https:\/\/iguanasmoke.com\/#organization","name":"Fum\u00e9e d'iguane","url":"https:\/\/iguanasmoke.com\/","logo":{"@type":"ImageObject","inLanguage":"fr-FR","@id":"https:\/\/iguanasmoke.com\/#\/schema\/logo\/image\/","url":"https:\/\/iguanasmoke.com\/wp-content\/uploads\/2025\/01\/logoiguana-favi-1.png","contentUrl":"https:\/\/iguanasmoke.com\/wp-content\/uploads\/2025\/01\/logoiguana-favi-1.png","width":512,"height":512,"caption":"Iguana Smoke"},"image":{"@id":"https:\/\/iguanasmoke.com\/#\/schema\/logo\/image\/"},"sameAs":["https:\/\/www.facebook.com\/iguanasmoke","https:\/\/www.instagram.com\/iguanasmoke\/"]}]},"product_brand":"simple","product_price_amount":"3.95","product_price_currency":"EUR","og_availability":"instock","product_availability":"instock","product_retailer_item_id":"AH-GUM-PEP","product_condition":"new"},"_links":{"self":[{"href":"https:\/\/iguanasmoke.com\/fr\/wp-json\/wp\/v2\/product\/35475","targetHints":{"allow":["GET"]}}],"collection":[{"href":"https:\/\/iguanasmoke.com\/fr\/wp-json\/wp\/v2\/product"}],"about":[{"href":"https:\/\/iguanasmoke.com\/fr\/wp-json\/wp\/v2\/types\/product"}],"replies":[{"embeddable":true,"href":"https:\/\/iguanasmoke.com\/fr\/wp-json\/wp\/v2\/comments?post=35475"}],"wp:featuredmedia":[{"embeddable":true,"href":"https:\/\/iguanasmoke.com\/fr\/wp-json\/wp\/v2\/media\/35477"}],"wp:attachment":[{"href":"https:\/\/iguanasmoke.com\/fr\/wp-json\/wp\/v2\/media?parent=35475"}],"wp:term":[{"taxonomy":"product_brand","embeddable":true,"href":"https:\/\/iguanasmoke.com\/fr\/wp-json\/wp\/v2\/product_brand?post=35475"},{"taxonomy":"product_cat","embeddable":true,"href":"https:\/\/iguanasmoke.com\/fr\/wp-json\/wp\/v2\/product_cat?post=35475"},{"taxonomy":"product_tag","embeddable":true,"href":"https:\/\/iguanasmoke.com\/fr\/wp-json\/wp\/v2\/product_tag?post=35475"}],"curies":[{"name":"wp","href":"https:\/\/api.w.org\/{rel}","templated":true}]}}