{"id":35737,"date":"2024-06-18T19:56:00","date_gmt":"2024-06-18T17:56:00","guid":{"rendered":"https:\/\/iguanasmoke.com\/?post_type=product&#038;p=35737"},"modified":"2026-03-09T17:24:11","modified_gmt":"2026-03-09T16:24:11","slug":"papier-a-rouler-en-chanvre-1-1-4-avec-filtres-2","status":"publish","type":"product","link":"https:\/\/iguanasmoke.com\/fr\/producto\/papel-de-liar-de-canamo-1-1-4-con-filtros-2\/","title":{"rendered":"Papier \u00e0 rouler en chanvre Japon Day 1.1\/4 avec filtres"},"content":{"rendered":"<h1><span style=\"font-weight: 400;\">Papiers \u00e0 rouler en chanvre - Japon Day 1.1\/4 avec filtres<\/span><\/h1>\n<p>Papier \u00e0 rouler en chanvre Japon Day, naturel, fin et r\u00e9sistant, con\u00e7u pour une combustion uniforme. Ce papier est id\u00e9al pour ceux qui recherchent une exp\u00e9rience plus propre et plus durable, avec un design Japon Day. Qualit\u00e9 Iguana Smoke : fiable, abordable et con\u00e7u pour les nouvelles g\u00e9n\u00e9rations. Chaque livret comprend <strong data-start=\"297\" data-end=\"322\" data-is-only-node=\"\">32 feuilles \u00e9crues et 32 filtres<\/strong>.<\/p>\n<p>&nbsp;<\/p>\n<h2><b>O\u00f9 acheter votre papier \u00e0 rouler Japon Day Hemp en ligne<\/b><b>?<\/b><\/h2>\n<p><span style=\"font-weight: 400;\">Au <strong>Fum\u00e9e d'iguane<\/strong>, Nous donnons la priorit\u00e9 \u00e0 la qualit\u00e9 et \u00e0 la transparence de chaque produit.\u00a0<\/span><span style=\"font-weight: 400;\">C'est l'endroit o\u00f9 vous pouvez faire vos achats en toute s\u00e9curit\u00e9 <strong>papier \u00e0 rouler en ligne <\/strong>en Espagne<strong>.<\/strong> Tous nos produits sont approuv\u00e9s par l'UE, ce qui garantit leur l\u00e9galit\u00e9 et leur s\u00e9curit\u00e9.\u00a0<\/span><\/p>\n<p><span style=\"font-weight: 400;\">N'oubliez pas de remplir votre papier de chanvre avec les meilleures fleurs telles que notre <strong><a href=\"https:\/\/iguanasmoke.com\/fr\/categorie\/pret-a-rouler\/\">Pr\u00eat \u00e0 rouler<\/a><\/strong>. D\u00e9couvrez \u00e9galement <\/span><span style=\"font-weight: 400;\">autres <strong>Produits TOP<\/strong> en tant que <a href=\"https:\/\/iguanasmoke.com\/fr\/categorie\/pop-corn-cbd-cbd-petits-bourgeons-cbd-mini-buds-cbd\/\"><strong>Pop Corn - Petits bourgeons CBD<\/strong><\/a>. <\/span><\/p>\n<p><span style=\"font-weight: 400;\">Vous pouvez compl\u00e9ter le kit avec un<strong> <a href=\"https:\/\/iguanasmoke.com\/fr\/categorie\/plateaux\/\">plateau roulant<\/a><\/strong> et un <strong><a href=\"https:\/\/iguanasmoke.com\/fr\/categorie\/broyeurs\/\">broyeur pratique<\/a><\/strong>, pour que vous puissiez commencer \u00e0 appr\u00e9cier les papiers \u00e0 rouler en chanvre. Explorez notre gamme et trouvez votre papier \u00e0 rouler pr\u00e9f\u00e9r\u00e9 d\u00e8s maintenant.<\/span><span style=\"font-weight: 400;\">\u00a0<\/span><\/p>\n<p>Une livraison rapide, une attention particuli\u00e8re et un magasin avec un emballage discret et s\u00fbr qui va de l'avant, juste pour que vous puissiez en profiter !<\/p>\n<p>&nbsp;<\/p>\n<h3><b>Iguana Smoke est synonyme de qualit\u00e9 et de fiabilit\u00e9.<\/b><\/h3>\n<p><span style=\"font-weight: 400;\">Chez Iguana Smoke, nous pensons que le CBD doit \u00eatre une exp\u00e9rience s\u00fbre, accessible et agr\u00e9able. C'est pourquoi nous proposons des produits de haute qualit\u00e9, notamment des feuilles \u00e0 rouler en chanvre, qui s'adressent \u00e0 la nouvelle g\u00e9n\u00e9ration : les personnes \u00e0 la recherche d'un bien-\u00eatre simple, avec des marques authentiques et fiables.\u00a0<\/span><\/p>\n<p>En d'autres termes, notre mission est claire : vous apporter le meilleur du CBD \u00e0 un prix \u00e9quitable, avec la tranquillit\u00e9 d'esprit de savoir que vous choisissez un produit certifi\u00e9, efficace, l\u00e9gal pour le chanvre et le 100%. Nous sommes \u00e0 l'avant-garde des produits CBD. Cela inclut nos papiers \u00e0 rouler en chanvre de haute qualit\u00e9.<\/p>\n<p>Vous avez des questions ? Ecrivez-nous et nous nous ferons un plaisir de vous aider \u00e0 trouver le produit qui vous convient.<\/p>","protected":false},"excerpt":{"rendered":"<ul>\n<li>Papier menteur en chanvre naturel<\/li>\n<li>Le design japonais le jour<\/li>\n<li>Taille 1.1\/4<\/li>\n<li>Une combustion lente et r\u00e9guli\u00e8re<\/li>\n<li>32 papiers et 32 filtres en carton<\/li>\n<li>Caoutchouc naturel<\/li>\n<li>Sans colorant, non blanchi<\/li>\n<\/ul>","protected":false},"featured_media":35740,"comment_status":"open","ping_status":"closed","template":"","meta":{"_acf_changed":false,"site-sidebar-layout":"default","site-content-layout":"default","ast-site-content-layout":"default","site-content-style":"default","site-sidebar-style":"default","ast-global-header-display":"","ast-banner-title-visibility":"","ast-main-header-display":"","ast-hfb-above-header-display":"","ast-hfb-below-header-display":"","ast-hfb-mobile-header-display":"","site-post-title":"","ast-breadcrumbs-content":"","ast-featured-img":"","footer-sml-layout":"","theme-transparent-header-meta":"default","adv-header-id-meta":"","stick-header-meta":"","header-above-stick-meta":"","header-main-stick-meta":"","header-below-stick-meta":"","astra-migrate-meta-layouts":"set","ast-page-background-enabled":"default","ast-page-background-meta":{"desktop":{"background-color":"var(--ast-global-color-4)","background-image":"","background-repeat":"repeat","background-position":"center center","background-size":"auto","background-attachment":"scroll","background-type":"","background-media":"","overlay-type":"","overlay-color":"","overlay-opacity":"","overlay-gradient":""},"tablet":{"background-color":"","background-image":"","background-repeat":"repeat","background-position":"center center","background-size":"auto","background-attachment":"scroll","background-type":"","background-media":"","overlay-type":"","overlay-color":"","overlay-opacity":"","overlay-gradient":""},"mobile":{"background-color":"","background-image":"","background-repeat":"repeat","background-position":"center center","background-size":"auto","background-attachment":"scroll","background-type":"","background-media":"","overlay-type":"","overlay-color":"","overlay-opacity":"","overlay-gradient":""}},"ast-content-background-meta":{"desktop":{"background-color":"var(--ast-global-color-5)","background-image":"","background-repeat":"repeat","background-position":"center center","background-size":"auto","background-attachment":"scroll","background-type":"","background-media":"","overlay-type":"","overlay-color":"","overlay-opacity":"","overlay-gradient":""},"tablet":{"background-color":"var(--ast-global-color-5)","background-image":"","background-repeat":"repeat","background-position":"center center","background-size":"auto","background-attachment":"scroll","background-type":"","background-media":"","overlay-type":"","overlay-color":"","overlay-opacity":"","overlay-gradient":""},"mobile":{"background-color":"var(--ast-global-color-5)","background-image":"","background-repeat":"repeat","background-position":"center center","background-size":"auto","background-attachment":"scroll","background-type":"","background-media":"","overlay-type":"","overlay-color":"","overlay-opacity":"","overlay-gradient":""}}},"product_brand":[],"product_cat":[436,440,405],"product_tag":[],"class_list":{"0":"post-35737","1":"product","2":"type-product","3":"status-publish","4":"has-post-thumbnail","6":"product_cat-merchandise-de-iguana-smoke","7":"product_cat-papel-de-liar","8":"product_cat-ropa-y-accesorios","9":"desktop-align-center","10":"tablet-align-center","11":"mobile-align-center","13":"first","14":"instock","15":"taxable","16":"shipping-taxable","17":"purchasable","18":"product-type-simple"},"acf":[],"yoast_head":"<!-- This site is optimized with the Yoast SEO Premium plugin v27.3 (Yoast SEO v27.3) - https:\/\/yoast.com\/product\/yoast-seo-premium-wordpress\/ -->\n<title>Papel de liar de c\u00e1\u00f1amo Japon Day 1.1\/4 con filtros | Iguana Smoke<\/title>\n<meta name=\"description\" content=\"Compra Papel de liar de c\u00e1\u00f1amo Japon Day 1.1\/4 con filtros al mejor precio y con una calidad inigualable en Iguana Smoke.\" \/>\n<meta name=\"robots\" content=\"index, follow, max-snippet:-1, max-image-preview:large, max-video-preview:-1\" \/>\n<link rel=\"canonical\" href=\"https:\/\/iguanasmoke.com\/fr\/produit\/papier-a-rouler-en-chanvre-1-1-4-avec-filtres-2\/\" \/>\n<meta property=\"og:locale\" content=\"fr_FR\" \/>\n<meta property=\"og:type\" content=\"article\" \/>\n<meta property=\"og:title\" content=\"Papel de liar de C\u00e1\u00f1amo Japon Day 1.1\/4 con filtros\" \/>\n<meta property=\"og:description\" content=\"Papel de Liar de C\u00e1\u00f1amo Natural  Dise\u00f1o japones de d\u00eda  Tama\u00f1o 1.1\/4  Quemado lento y uniforme  32 papeles y 32 filtros de cart\u00f3n  Goma Natural  Sin colorantes, sin blanquear\" \/>\n<meta property=\"og:url\" content=\"https:\/\/iguanasmoke.com\/fr\/produit\/papier-a-rouler-en-chanvre-1-1-4-avec-filtres-2\/\" \/>\n<meta property=\"og:site_name\" content=\"Iguana Smoke\" \/>\n<meta property=\"article:publisher\" content=\"https:\/\/www.facebook.com\/iguanasmoke\" \/>\n<meta property=\"article:modified_time\" content=\"2026-03-09T16:24:11+00:00\" \/>\n<meta property=\"og:image\" content=\"https:\/\/iguanasmoke.com\/wp-content\/uploads\/2024\/06\/Papel-de-liar-1-1_4-2-webp-1.webp\" \/>\n\t<meta property=\"og:image:width\" content=\"500\" \/>\n\t<meta property=\"og:image:height\" content=\"500\" \/>\n\t<meta property=\"og:image:type\" content=\"image\/webp\" \/>\n<meta name=\"twitter:card\" content=\"summary_large_image\" \/>\n<meta name=\"twitter:label1\" content=\"Prix\" \/>\n\t<meta name=\"twitter:data1\" content=\"1,50&nbsp;&euro;\" \/>\n\t<meta name=\"twitter:label2\" content=\"Disponibilit\u00e9\" \/>\n\t<meta name=\"twitter:data2\" content=\"En stock\" \/>\n<meta property=\"product:brand\" content=\"simple\" \/>\n<meta property=\"product:price:amount\" content=\"1.50\" \/>\n<meta property=\"product:price:currency\" content=\"EUR\" \/>\n<meta property=\"og:availability\" content=\"instock\" \/>\n<meta property=\"product:availability\" content=\"instock\" \/>\n<meta property=\"product:retailer_item_id\" content=\"IS-PAPELJAPONDAY-32\" \/>\n<meta property=\"product:condition\" content=\"new\" \/>\n<!-- \/ Yoast SEO Premium plugin. -->","yoast_head_json":{"title":"Papier \u00e0 rouler Japon Day 1.1\/4 avec filtres | Iguana Smoke","description":"Achetez les papiers \u00e0 rouler en chanvre Japon Day 1.1\/4 avec filtres au meilleur prix et avec une qualit\u00e9 imbattable chez Iguana Smoke.","robots":{"index":"index","follow":"follow","max-snippet":"max-snippet:-1","max-image-preview":"max-image-preview:large","max-video-preview":"max-video-preview:-1"},"canonical":"https:\/\/iguanasmoke.com\/fr\/produit\/papier-a-rouler-en-chanvre-1-1-4-avec-filtres-2\/","og_locale":"fr_FR","og_type":"article","og_title":"Papel de liar de C\u00e1\u00f1amo Japon Day 1.1\/4 con filtros","og_description":"Papel de Liar de C\u00e1\u00f1amo Natural  Dise\u00f1o japones de d\u00eda  Tama\u00f1o 1.1\/4  Quemado lento y uniforme  32 papeles y 32 filtros de cart\u00f3n  Goma Natural  Sin colorantes, sin blanquear","og_url":"https:\/\/iguanasmoke.com\/fr\/produit\/papier-a-rouler-en-chanvre-1-1-4-avec-filtres-2\/","og_site_name":"Iguana Smoke","article_publisher":"https:\/\/www.facebook.com\/iguanasmoke","article_modified_time":"2026-03-09T16:24:11+00:00","og_image":[{"width":500,"height":500,"url":"https:\/\/iguanasmoke.com\/wp-content\/uploads\/2024\/06\/Papel-de-liar-1-1_4-2-webp-1.webp","type":"image\/webp"}],"twitter_card":"summary_large_image","twitter_misc":{"Prix":"1,50&nbsp;&euro;","Disponibilit\u00e9":"En stock"},"schema":{"@context":"https:\/\/schema.org","@graph":[{"@type":"WebPage","@id":"https:\/\/iguanasmoke.com\/producto\/papel-de-liar-de-canamo-1-1-4-con-filtros-2\/","url":"https:\/\/iguanasmoke.com\/producto\/papel-de-liar-de-canamo-1-1-4-con-filtros-2\/","name":"Papier \u00e0 rouler Japon Day 1.1\/4 avec filtres | Iguana Smoke","isPartOf":{"@id":"https:\/\/iguanasmoke.com\/#website"},"primaryImageOfPage":{"@id":"https:\/\/iguanasmoke.com\/producto\/papel-de-liar-de-canamo-1-1-4-con-filtros-2\/#primaryimage"},"image":{"@id":"https:\/\/iguanasmoke.com\/producto\/papel-de-liar-de-canamo-1-1-4-con-filtros-2\/#primaryimage"},"thumbnailUrl":"https:\/\/iguanasmoke.com\/wp-content\/uploads\/2024\/06\/Papel-de-liar-1-1_4-2-webp-1.webp","datePublished":"2024-06-18T17:56:00+00:00","dateModified":"2026-03-09T16:24:11+00:00","description":"Achetez les papiers \u00e0 rouler en chanvre Japon Day 1.1\/4 avec filtres au meilleur prix et avec une qualit\u00e9 imbattable chez Iguana Smoke.","breadcrumb":{"@id":"https:\/\/iguanasmoke.com\/producto\/papel-de-liar-de-canamo-1-1-4-con-filtros-2\/#breadcrumb"},"inLanguage":"fr-FR","potentialAction":[{"@type":"ReadAction","target":["https:\/\/iguanasmoke.com\/producto\/papel-de-liar-de-canamo-1-1-4-con-filtros-2\/"]}]},{"@type":"ImageObject","inLanguage":"fr-FR","@id":"https:\/\/iguanasmoke.com\/producto\/papel-de-liar-de-canamo-1-1-4-con-filtros-2\/#primaryimage","url":"https:\/\/iguanasmoke.com\/wp-content\/uploads\/2024\/06\/Papel-de-liar-1-1_4-2-webp-1.webp","contentUrl":"https:\/\/iguanasmoke.com\/wp-content\/uploads\/2024\/06\/Papel-de-liar-1-1_4-2-webp-1.webp","width":500,"height":500,"caption":"papel de japan day 1\/4"},{"@type":"BreadcrumbList","@id":"https:\/\/iguanasmoke.com\/producto\/papel-de-liar-de-canamo-1-1-4-con-filtros-2\/#breadcrumb","itemListElement":[{"@type":"ListItem","position":1,"name":"home","item":"https:\/\/iguanasmoke.com\/"},{"@type":"ListItem","position":2,"name":"Tienda","item":"https:\/\/iguanasmoke.com\/tienda\/"},{"@type":"ListItem","position":3,"name":"Papel de Liar de C\u00e1\u00f1amo","item":"https:\/\/iguanasmoke.com\/categoria\/papel-de-liar\/"},{"@type":"ListItem","position":4,"name":"Papel de liar de C\u00e1\u00f1amo Japon Day 1.1\/4 con filtros"}]},{"@type":"WebSite","@id":"https:\/\/iguanasmoke.com\/#website","url":"https:\/\/iguanasmoke.com\/","name":"Fum\u00e9e d'iguane","description":"Acheter du CBD en ligne au meilleur prix","publisher":{"@id":"https:\/\/iguanasmoke.com\/#organization"},"potentialAction":[{"@type":"SearchAction","target":{"@type":"EntryPoint","urlTemplate":"https:\/\/iguanasmoke.com\/?s={search_term_string}"},"query-input":{"@type":"PropertyValueSpecification","valueRequired":true,"valueName":"search_term_string"}}],"inLanguage":"fr-FR"},{"@type":"Organization","@id":"https:\/\/iguanasmoke.com\/#organization","name":"Fum\u00e9e d'iguane","url":"https:\/\/iguanasmoke.com\/","logo":{"@type":"ImageObject","inLanguage":"fr-FR","@id":"https:\/\/iguanasmoke.com\/#\/schema\/logo\/image\/","url":"https:\/\/iguanasmoke.com\/wp-content\/uploads\/2025\/01\/logoiguana-favi-1.png","contentUrl":"https:\/\/iguanasmoke.com\/wp-content\/uploads\/2025\/01\/logoiguana-favi-1.png","width":512,"height":512,"caption":"Iguana Smoke"},"image":{"@id":"https:\/\/iguanasmoke.com\/#\/schema\/logo\/image\/"},"sameAs":["https:\/\/www.facebook.com\/iguanasmoke","https:\/\/www.instagram.com\/iguanasmoke\/"]}]},"product_brand":"simple","product_price_amount":"1.50","product_price_currency":"EUR","og_availability":"instock","product_availability":"instock","product_retailer_item_id":"IS-PAPELJAPONDAY-32","product_condition":"new"},"_links":{"self":[{"href":"https:\/\/iguanasmoke.com\/fr\/wp-json\/wp\/v2\/product\/35737","targetHints":{"allow":["GET"]}}],"collection":[{"href":"https:\/\/iguanasmoke.com\/fr\/wp-json\/wp\/v2\/product"}],"about":[{"href":"https:\/\/iguanasmoke.com\/fr\/wp-json\/wp\/v2\/types\/product"}],"replies":[{"embeddable":true,"href":"https:\/\/iguanasmoke.com\/fr\/wp-json\/wp\/v2\/comments?post=35737"}],"wp:featuredmedia":[{"embeddable":true,"href":"https:\/\/iguanasmoke.com\/fr\/wp-json\/wp\/v2\/media\/35740"}],"wp:attachment":[{"href":"https:\/\/iguanasmoke.com\/fr\/wp-json\/wp\/v2\/media?parent=35737"}],"wp:term":[{"taxonomy":"product_brand","embeddable":true,"href":"https:\/\/iguanasmoke.com\/fr\/wp-json\/wp\/v2\/product_brand?post=35737"},{"taxonomy":"product_cat","embeddable":true,"href":"https:\/\/iguanasmoke.com\/fr\/wp-json\/wp\/v2\/product_cat?post=35737"},{"taxonomy":"product_tag","embeddable":true,"href":"https:\/\/iguanasmoke.com\/fr\/wp-json\/wp\/v2\/product_tag?post=35737"}],"curies":[{"name":"wp","href":"https:\/\/api.w.org\/{rel}","templated":true}]}}