{"id":38257,"date":"2024-07-31T14:58:00","date_gmt":"2024-07-31T12:58:00","guid":{"rendered":"https:\/\/iguanasmoke.com\/?post_type=product&#038;p=38257"},"modified":"2025-08-28T15:56:58","modified_gmt":"2025-08-28T13:56:58","slug":"graines-de-chanvre-lyf-decortiquees-saveur-originale-250g","status":"publish","type":"product","link":"https:\/\/iguanasmoke.com\/fr\/producto\/semillas-de-canamo-peladas-lyf-sabor-original-250g\/","title":{"rendered":"LYF Graines de chanvre d\u00e9cortiqu\u00e9es - Saveur originale (250g)"},"content":{"rendered":"<h3>LYF Graines de chanvre d\u00e9cortiqu\u00e9es - Saveur originale (250g)<\/h3>\n<p>D\u00e9couvrez la puissance nutritionnelle des graines de chanvre d\u00e9cortiqu\u00e9es de LYF ! Cultiv\u00e9es de mani\u00e8re biologique, ces graines de chanvre sont un joyau de la nature qui regorge de bienfaits pour la sant\u00e9.<\/p>\n<p><strong>Des avantages exceptionnels :<\/strong><\/p>\n<ul>\n<li><strong>L'agriculture biologique :<\/strong> Issues de cultures durables, nos graines de chanvre respectent l'environnement et pr\u00e9servent la puret\u00e9 des nutriments.<\/li>\n<li><strong>Riche en om\u00e9ga 3 et 6 :<\/strong> Maintenez un c\u0153ur en bonne sant\u00e9 et \u00e9quilibrez votre alimentation avec ces acides gras essentiels, connus pour leurs propri\u00e9t\u00e9s anti-inflammatoires et leur soutien \u00e0 la sant\u00e9 cardiovasculaire.<\/li>\n<li><strong>Teneur \u00e9lev\u00e9e en prot\u00e9ines :<\/strong> Id\u00e9ales pour les sportifs et les personnes actives, ces graines sont une excellente source de prot\u00e9ines v\u00e9g\u00e9tales, parfaites pour renforcer les muscles et les tissus.<\/li>\n<\/ul>\n<p><strong>Ar\u00f4me original :<\/strong> Appr\u00e9ciez le go\u00fbt naturel et authentique de nos graines, qui s'int\u00e8grent facilement \u00e0 tout r\u00e9gime alimentaire. Elles sont parfaites pour les smoothies, les salades, les yaourts ou tout simplement pour un en-cas sain.<\/p>\n<p><strong>Pr\u00e9sentation :<\/strong> Sachet de 250 g, facile \u00e0 transporter et \u00e0 stocker, pr\u00e9servant toujours la fra\u00eecheur et la qualit\u00e9 du produit.<\/p>\n<p>Au <strong>Fum\u00e9e d'iguane<\/strong>, Nous sommes fiers d'offrir des produits qui ne sont pas seulement bons au go\u00fbt, mais qui sont \u00e9galement bons pour vous. Ajoutez les graines de chanvre \u00e0 votre routine quotidienne et sentez la diff\u00e9rence dans votre sant\u00e9 et votre bien-\u00eatre.<\/p>\n<p>&nbsp;<\/p>\n<h1><strong>Graines de chanvre d\u00e9cortiqu\u00e9es : Propri\u00e9t\u00e9s et avantages <\/strong><\/h1>\n<p>Les <strong>graines de chanvre d\u00e9cortiqu\u00e9es<\/strong> sont devenues un aliment populaire parmi ceux qui recherchent une alimentation \u00e9quilibr\u00e9e et riche en nutriments. Non seulement ces petites graines sont un superaliment, mais elles offrent \u00e9galement de multiples avantages pour la sant\u00e9. Nous allons explorer en d\u00e9tail les propri\u00e9t\u00e9s des graines de chanvre d\u00e9cortiqu\u00e9es, leurs bienfaits et la mani\u00e8re dont vous pouvez les int\u00e9grer dans votre alimentation quotidienne.<\/p>\n<h2><strong>Que sont les graines de chanvre d\u00e9cortiqu\u00e9es ?<\/strong><\/h2>\n<p>Les graines de chanvre, \u00e9galement appel\u00e9es c\u0153urs de chanvre, proviennent de la plante de chanvre. <em>Cannabis sativa<\/em>. Bien que la plante de chanvre soit apparent\u00e9e \u00e0 la marijuana, les graines de chanvre ne contiennent pas de t\u00e9trahydrocannabinol (THC), le compos\u00e9 psychoactif de la marijuana. Leur utilisation est donc tout \u00e0 fait s\u00fbre et l\u00e9gale.<\/p>\n<p>Les graines de chanvre d\u00e9cortiqu\u00e9es sont obtenues en enlevant la coquille ext\u00e9rieure dure, exposant ainsi l'int\u00e9rieur tendre et nutritif. Ces graines sont riches en nutriments essentiels et sont utilis\u00e9es depuis des si\u00e8cles comme source alimentaire dans diverses cultures.<\/p>\n<h2><strong>Propri\u00e9t\u00e9s nutritionnelles des graines de chanvre d\u00e9cortiqu\u00e9es<\/strong><\/h2>\n<p>Les <strong>graines de chanvre<\/strong>\u00a0sont de v\u00e9ritables super-aliments gr\u00e2ce \u00e0 leur profil nutritionnel impressionnant. Ces graines sont riches en prot\u00e9ines, en graisses saines, en fibres, en vitamines et en min\u00e9raux. Examinons quelques-unes de leurs principales propri\u00e9t\u00e9s nutritionnelles :<\/p>\n<ol>\n<li>\n<h3><strong> Source compl\u00e8te de prot\u00e9ines<\/strong><\/h3>\n<\/li>\n<\/ol>\n<p>L'une des caract\u00e9ristiques les plus remarquables des graines de chanvre d\u00e9cortiqu\u00e9es est qu'elles constituent une source compl\u00e8te de prot\u00e9ines. Cela signifie qu'elles contiennent tous les acides amin\u00e9s essentiels dont le corps a besoin pour fonctionner correctement. Les graines de chanvre d\u00e9cortiqu\u00e9es fournissent environ 10 grammes de prot\u00e9ines par 30 grammes, ce qui en fait un excellent choix pour les v\u00e9g\u00e9taliens et les v\u00e9g\u00e9tariens \u00e0 la recherche de sources alternatives de prot\u00e9ines.<\/p>\n<ol start=\"2\">\n<li>\n<h3><strong> Riche en acides gras om\u00e9ga-3 et om\u00e9ga-6<\/strong><\/h3>\n<\/li>\n<\/ol>\n<p>Riche en acides gras essentiels, notamment en om\u00e9ga-3 et en om\u00e9ga-6. Ces acides gras sont essentiels \u00e0 la sant\u00e9 du c\u0153ur, du cerveau et du syst\u00e8me immunitaire. De plus, le rapport om\u00e9ga-6\/om\u00e9ga-3 dans les graines de chanvre d\u00e9cortiqu\u00e9es est id\u00e9al pour le corps humain, ce qui contribue \u00e0 r\u00e9duire l'inflammation et favorise un bon \u00e9quilibre des graisses dans l'alimentation.<\/p>\n<ol start=\"3\">\n<li>\n<h3><strong> Haute teneur en fibres<\/strong><\/h3>\n<\/li>\n<\/ol>\n<p>Bien que les graines de chanvre d\u00e9cortiqu\u00e9es contiennent moins de fibres que les graines de chanvre enti\u00e8res, elles constituent n\u00e9anmoins une bonne source de fibres alimentaires. Les fibres sont essentielles pour la sant\u00e9 digestive, car elles aident \u00e0 maintenir un transit intestinal r\u00e9gulier et \u00e0 pr\u00e9venir la constipation. Elles jouent \u00e9galement un r\u00f4le dans la r\u00e9gulation de la glyc\u00e9mie et le contr\u00f4le de l'app\u00e9tit.<\/p>\n<ol start=\"4\">\n<li>\n<h3><strong> Abondance de vitamines et de min\u00e9raux<\/strong><\/h3>\n<\/li>\n<\/ol>\n<p>Riche en diverses vitamines et min\u00e9raux essentiels. Elles sont une excellente source de vitamine E, un puissant antioxydant qui prot\u00e8ge les cellules des dommages oxydatifs. Elles contiennent \u00e9galement des min\u00e9raux importants tels que le magn\u00e9sium, crucial pour la sant\u00e9 des os, et le zinc, essentiel pour la fonction immunitaire.<\/p>\n<h2><strong>Avantages de la consommation de graines de chanvre d\u00e9cortiqu\u00e9es<\/strong><\/h2>\n<p>Consommation r\u00e9guli\u00e8re de <strong>graines de chanvre d\u00e9cortiqu\u00e9es<\/strong> peut offrir de nombreux avantages pour la sant\u00e9. Voici quelques-uns des plus importants :<\/p>\n<ol>\n<li>\n<h3><strong> Promouvoir la sant\u00e9 cardiovasculaire<\/strong><\/h3>\n<\/li>\n<\/ol>\n<p>Gr\u00e2ce \u00e0 leur teneur \u00e9lev\u00e9e en acides gras om\u00e9ga-3 et om\u00e9ga-6, les graines de chanvre d\u00e9cortiqu\u00e9es sont b\u00e9n\u00e9fiques pour la sant\u00e9 cardiovasculaire. Ces acides gras contribuent \u00e0 r\u00e9duire le taux de mauvais cholest\u00e9rol (LDL) et \u00e0 augmenter le bon cholest\u00e9rol (HDL). Ils peuvent \u00e9galement abaisser la tension art\u00e9rielle et am\u00e9liorer la circulation sanguine, ce qui r\u00e9duit le risque de maladies cardiaques.<\/p>\n<ol start=\"2\">\n<li>\n<h3><strong> Favoriser la sant\u00e9 c\u00e9r\u00e9brale<\/strong><\/h3>\n<\/li>\n<\/ol>\n<p>Les acides gras om\u00e9ga-3 pr\u00e9sents dans les graines de chanvre d\u00e9cortiqu\u00e9es sont \u00e9galement essentiels \u00e0 la sant\u00e9 du cerveau. Ces nutriments contribuent \u00e0 maintenir la structure des membranes cellulaires dans le cerveau, ce qui peut am\u00e9liorer les fonctions cognitives et r\u00e9duire le risque de maladies neurod\u00e9g\u00e9n\u00e9ratives telles que la maladie d'Alzheimer.<\/p>\n<ol start=\"3\">\n<li>\n<h3><strong> B\u00e9n\u00e9fique pour le syst\u00e8me immunitaire<\/strong><\/h3>\n<\/li>\n<\/ol>\n<p>Le zinc et d'autres nutriments contenus dans les graines de chanvre d\u00e9cortiqu\u00e9es sont essentiels au bon fonctionnement du syst\u00e8me immunitaire. La consommation de graines de chanvre peut contribuer \u00e0 renforcer les d\u00e9fenses de l'organisme, le rendant plus r\u00e9sistant aux infections et aux maladies.<\/p>\n<ol start=\"4\">\n<li>\n<h3><strong> Contribuer \u00e0 la sant\u00e9 digestive<\/strong><\/h3>\n<\/li>\n<\/ol>\n<p>Les fibres alimentaires contenues dans les graines de chanvre d\u00e9cortiqu\u00e9es contribuent \u00e0 maintenir un syst\u00e8me digestif sain. Les fibres solubles pr\u00e9sentes dans ces graines agissent comme un pr\u00e9biotique, favorisant la croissance des bact\u00e9ries b\u00e9n\u00e9fiques dans l'intestin. Cela permet non seulement d'am\u00e9liorer la digestion, mais aussi de favoriser la sant\u00e9 g\u00e9n\u00e9rale de l'intestin.<\/p>\n<ol start=\"5\">\n<li>\n<h3><strong> Aide \u00e0 la perte de poids<\/strong><\/h3>\n<\/li>\n<\/ol>\n<p>Gr\u00e2ce \u00e0 leur teneur en prot\u00e9ines et en fibres, ces graines peuvent contribuer \u00e0 augmenter la sati\u00e9t\u00e9, r\u00e9duisant ainsi l'envie de trop manger. En outre, les graisses saines contenues dans les graines de chanvre constituent une source d'\u00e9nergie durable, qui peut aider \u00e0 r\u00e9duire les envies d'aliments malsains.<\/p>\n<ol start=\"6\">\n<li>\n<h3><strong> Am\u00e9liorer la sant\u00e9 de la peau<\/strong><\/h3>\n<\/li>\n<\/ol>\n<p>Une consommation r\u00e9guli\u00e8re peut am\u00e9liorer la sant\u00e9 de la peau. Les acides gras om\u00e9ga-3 et om\u00e9ga-6 contribuent \u00e0 l'hydratation de la peau et peuvent r\u00e9duire l'inflammation, ce qui est b\u00e9n\u00e9fique pour des affections telles que l'acn\u00e9 et la dermatite. En outre, la vitamine E pr\u00e9sente dans ces graines agit comme un antioxydant, prot\u00e9geant la peau des dommages caus\u00e9s par les radicaux libres.<\/p>\n<ol start=\"7\">\n<li>\n<h3><strong> Renforcer la sant\u00e9 des os<\/strong><\/h3>\n<\/li>\n<\/ol>\n<p>Le magn\u00e9sium et le calcium contenus dans les graines de chanvre d\u00e9cortiqu\u00e9es sont essentiels pour avoir des os solides et sains. Ces min\u00e9raux contribuent \u00e0 la formation des os et \u00e0 la pr\u00e9vention de maladies telles que l'ost\u00e9oporose.<\/p>\n<h2><strong>Comment incorporer les graines de chanvre d\u00e9cortiqu\u00e9es dans votre alimentation<\/strong><\/h2>\n<p>Ces graines ont une saveur douce et l\u00e9g\u00e8rement noiset\u00e9e, ce qui permet de les associer \u00e0 de nombreux plats. Voici quelques id\u00e9es pour profiter de leurs bienfaits :<\/p>\n<ul>\n<li><strong>Ajoutez-les aux smoothies<\/strong>Vous pouvez ajouter une cuill\u00e8re \u00e0 soupe de graines de chanvre d\u00e9cortiqu\u00e9es \u00e0 vos smoothies matinaux pour un apport suppl\u00e9mentaire en prot\u00e9ines et en graisses saines.<\/li>\n<li><strong>Saupoudrez-les sur les salades.<\/strong>Les graines de chanvre d\u00e9cortiqu\u00e9es constituent une excellente vinaigrette, apportant une touche croquante et nutritive.<\/li>\n<li><strong>Utilisez-les dans les yaourts et les c\u00e9r\u00e9ales.<\/strong>Saupoudrez des graines de chanvre sur du yaourt, des flocons d'avoine ou des c\u00e9r\u00e9ales pour augmenter l'apport nutritionnel de votre petit-d\u00e9jeuner.<\/li>\n<li><strong>Incorporez-les dans les recettes de boulangerie.<\/strong>Vous pouvez ajouter des graines de chanvre aux pains, muffins et biscuits pour augmenter leur valeur nutritionnelle.<\/li>\n<li><strong>Pr\u00e9parer des barres \u00e9nerg\u00e9tiques maison<\/strong>Les graines de chanvre d\u00e9cortiqu\u00e9es sont un ingr\u00e9dient parfait pour les barres \u00e9nerg\u00e9tiques, combin\u00e9es \u00e0 d'autres super-aliments tels que les noix et les fruits secs.<\/li>\n<\/ul>\n<h2><strong>Conclusion<\/strong><\/h2>\n<p>Les <strong>graines de chanvre d\u00e9cortiqu\u00e9es<\/strong> sont des super-aliments non seulement d\u00e9licieux, mais \u00e9galement riches en nutriments essentiels qui ont de multiples effets b\u00e9n\u00e9fiques sur la sant\u00e9. Qu'il s'agisse d'am\u00e9liorer la sant\u00e9 cardiaque ou de stimuler les fonctions c\u00e9r\u00e9brales, ces petites graines peuvent avoir un impact important sur votre bien-\u00eatre g\u00e9n\u00e9ral. Il est facile de les int\u00e9grer \u00e0 votre r\u00e9gime alimentaire, ce qui vous permettra de profiter pleinement de leurs bienfaits. Si vous cherchez un moyen naturel et efficace d'am\u00e9liorer votre sant\u00e9, pensez \u00e0 ajouter des graines de chanvre d\u00e9cortiqu\u00e9es \u00e0 votre alimentation quotidienne. Essayez nos graines de chanvre d\u00e9cortiqu\u00e9es LYF en deux saveurs, Chocolat et Original. Visitez Mario's Market o\u00f9 vous trouverez les graines LYF.<\/p>","protected":false},"excerpt":{"rendered":"<h3>\u00a0Am\u00e9liorez votre sant\u00e9 avec les graines de chanvre d\u00e9cortiqu\u00e9es de LYF ! Issues de l'agriculture biologique, ces graines sont riches en om\u00e9ga 3 et 6 et ont une teneur \u00e9lev\u00e9e en prot\u00e9ines.<\/h3>\n<p><strong>Avantages :<\/strong><\/p>\n<ul>\n<li>Agriculture biologique<\/li>\n<li>Riche en om\u00e9ga 3 et 6<\/li>\n<li>Teneur \u00e9lev\u00e9e en prot\u00e9ines<\/li>\n<li>Ar\u00f4me original et naturel<\/li>\n<\/ul>\n<p><strong>Utilisations :<\/strong><\/p>\n<ul>\n<li>Ajouter aux smoothies<\/li>\n<li>Salades<\/li>\n<li>Yaourts<\/li>\n<li>En-cas<\/li>\n<\/ul>","protected":false},"featured_media":38266,"comment_status":"open","ping_status":"closed","template":"","meta":{"_acf_changed":false,"site-sidebar-layout":"default","site-content-layout":"","ast-site-content-layout":"default","site-content-style":"default","site-sidebar-style":"default","ast-global-header-display":"","ast-banner-title-visibility":"","ast-main-header-display":"","ast-hfb-above-header-display":"","ast-hfb-below-header-display":"","ast-hfb-mobile-header-display":"","site-post-title":"","ast-breadcrumbs-content":"","ast-featured-img":"","footer-sml-layout":"","theme-transparent-header-meta":"default","adv-header-id-meta":"","stick-header-meta":"","header-above-stick-meta":"","header-main-stick-meta":"","header-below-stick-meta":"","astra-migrate-meta-layouts":"set","ast-page-background-enabled":"default","ast-page-background-meta":{"desktop":{"background-color":"var(--ast-global-color-4)","background-image":"","background-repeat":"repeat","background-position":"center center","background-size":"auto","background-attachment":"scroll","background-type":"","background-media":"","overlay-type":"","overlay-color":"","overlay-opacity":"","overlay-gradient":""},"tablet":{"background-color":"","background-image":"","background-repeat":"repeat","background-position":"center center","background-size":"auto","background-attachment":"scroll","background-type":"","background-media":"","overlay-type":"","overlay-color":"","overlay-opacity":"","overlay-gradient":""},"mobile":{"background-color":"","background-image":"","background-repeat":"repeat","background-position":"center center","background-size":"auto","background-attachment":"scroll","background-type":"","background-media":"","overlay-type":"","overlay-color":"","overlay-opacity":"","overlay-gradient":""}},"ast-content-background-meta":{"desktop":{"background-color":"var(--ast-global-color-5)","background-image":"","background-repeat":"repeat","background-position":"center center","background-size":"auto","background-attachment":"scroll","background-type":"","background-media":"","overlay-type":"","overlay-color":"","overlay-opacity":"","overlay-gradient":""},"tablet":{"background-color":"var(--ast-global-color-5)","background-image":"","background-repeat":"repeat","background-position":"center center","background-size":"auto","background-attachment":"scroll","background-type":"","background-media":"","overlay-type":"","overlay-color":"","overlay-opacity":"","overlay-gradient":""},"mobile":{"background-color":"var(--ast-global-color-5)","background-image":"","background-repeat":"repeat","background-position":"center center","background-size":"auto","background-attachment":"scroll","background-type":"","background-media":"","overlay-type":"","overlay-color":"","overlay-opacity":"","overlay-gradient":""}}},"product_brand":[],"product_cat":[456,458],"product_tag":[],"class_list":{"0":"post-38257","1":"product","2":"type-product","3":"status-publish","4":"has-post-thumbnail","6":"product_cat-lyf","7":"product_cat-marios-market","8":"desktop-align-center","9":"tablet-align-center","10":"mobile-align-center","12":"first","13":"instock","14":"taxable","15":"shipping-taxable","16":"purchasable","17":"product-type-simple"},"acf":[],"yoast_head":"<!-- This site is optimized with the Yoast SEO Premium plugin v27.3 (Yoast SEO v27.3) - https:\/\/yoast.com\/product\/yoast-seo-premium-wordpress\/ -->\n<title>Semillas de C\u00e1\u00f1amo Peladas LYF - Sabor Original (250g) |Iguana Smoke<\/title>\n<meta name=\"description\" content=\"Semillas de c\u00e1\u00f1amo peladas listas para consumir, un snack natural que cuida tu salud. Disfruta de env\u00edo gratuito en Espa\u00f1a y Portugal en pedidos desde 40\u20ac.\" \/>\n<meta name=\"robots\" content=\"index, follow, max-snippet:-1, max-image-preview:large, max-video-preview:-1\" \/>\n<link rel=\"canonical\" href=\"https:\/\/iguanasmoke.com\/fr\/produit\/graines-de-chanvre-lyf-decortiquees-saveur-originale-250g\/\" \/>\n<meta property=\"og:locale\" content=\"fr_FR\" \/>\n<meta property=\"og:type\" content=\"article\" \/>\n<meta property=\"og:title\" content=\"Semillas de C\u00e1\u00f1amo Peladas LYF - Sabor Original (250g)\" \/>\n<meta property=\"og:description\" content=\"\u00a0\u00a1Mejora tu salud con las semillas de c\u00e1\u00f1amo peladas de LYF! Cultivadas ecol\u00f3gicamente, estas semillas son ricas en omega 3 y 6 y tienen un alto contenido en prote\u00ednas. Beneficios:   Cultivo ecol\u00f3gico  Ricas en omega 3 y 6  Alto contenido en prote\u00ednas  Sabor original y natural  Usos:   A\u00f1adir a batidos  Ensaladas  Yogures  Snacks\" \/>\n<meta property=\"og:url\" content=\"https:\/\/iguanasmoke.com\/fr\/produit\/graines-de-chanvre-lyf-decortiquees-saveur-originale-250g\/\" \/>\n<meta property=\"og:site_name\" content=\"Iguana Smoke\" \/>\n<meta property=\"article:publisher\" content=\"https:\/\/www.facebook.com\/iguanasmoke\" \/>\n<meta property=\"article:modified_time\" content=\"2025-08-28T13:56:58+00:00\" \/>\n<meta property=\"og:image\" content=\"https:\/\/i0.wp.com\/iguanasmoke.com\/wp-content\/uploads\/2024\/07\/Bolsas-doble-Original-frontal.webp?fit=1000%2C1000&ssl=1\" \/>\n\t<meta property=\"og:image:width\" content=\"1000\" \/>\n\t<meta property=\"og:image:height\" content=\"1000\" \/>\n\t<meta property=\"og:image:type\" content=\"image\/webp\" \/>\n<meta name=\"twitter:card\" content=\"summary_large_image\" \/>\n<meta name=\"twitter:label1\" content=\"Prix\" \/>\n\t<meta name=\"twitter:data1\" content=\"8,99&nbsp;&euro;\" \/>\n\t<meta name=\"twitter:label2\" content=\"Disponibilit\u00e9\" \/>\n\t<meta name=\"twitter:data2\" content=\"En stock\" \/>\n<meta property=\"product:brand\" content=\"simple\" \/>\n<meta property=\"product:price:amount\" content=\"8.99\" \/>\n<meta property=\"product:price:currency\" content=\"EUR\" \/>\n<meta property=\"og:availability\" content=\"instock\" \/>\n<meta property=\"product:availability\" content=\"instock\" \/>\n<meta property=\"product:retailer_item_id\" content=\"LYF-SEMILLASPELADAS-CLASICAS\" \/>\n<meta property=\"product:condition\" content=\"new\" \/>\n<!-- \/ Yoast SEO Premium plugin. -->","yoast_head_json":{"title":"LYF Graines de chanvre d\u00e9cortiqu\u00e9es - Saveur originale (250g) : Iguana Smoke","description":"Graines de chanvre d\u00e9cortiqu\u00e9es pr\u00eates \u00e0 consommer, un en-cas naturel qui prend soin de votre sant\u00e9. Livraison gratuite en Espagne et au Portugal \u00e0 partir de 40 \u20ac d'achat.","robots":{"index":"index","follow":"follow","max-snippet":"max-snippet:-1","max-image-preview":"max-image-preview:large","max-video-preview":"max-video-preview:-1"},"canonical":"https:\/\/iguanasmoke.com\/fr\/produit\/graines-de-chanvre-lyf-decortiquees-saveur-originale-250g\/","og_locale":"fr_FR","og_type":"article","og_title":"Semillas de C\u00e1\u00f1amo Peladas LYF - Sabor Original (250g)","og_description":"\u00a0\u00a1Mejora tu salud con las semillas de c\u00e1\u00f1amo peladas de LYF! Cultivadas ecol\u00f3gicamente, estas semillas son ricas en omega 3 y 6 y tienen un alto contenido en prote\u00ednas. Beneficios:   Cultivo ecol\u00f3gico  Ricas en omega 3 y 6  Alto contenido en prote\u00ednas  Sabor original y natural  Usos:   A\u00f1adir a batidos  Ensaladas  Yogures  Snacks","og_url":"https:\/\/iguanasmoke.com\/fr\/produit\/graines-de-chanvre-lyf-decortiquees-saveur-originale-250g\/","og_site_name":"Iguana Smoke","article_publisher":"https:\/\/www.facebook.com\/iguanasmoke","article_modified_time":"2025-08-28T13:56:58+00:00","og_image":[{"width":1000,"height":1000,"url":"https:\/\/i0.wp.com\/iguanasmoke.com\/wp-content\/uploads\/2024\/07\/Bolsas-doble-Original-frontal.webp?fit=1000%2C1000&ssl=1","type":"image\/webp"}],"twitter_card":"summary_large_image","twitter_misc":{"Prix":"8,99&nbsp;&euro;","Disponibilit\u00e9":"En stock"},"schema":{"@context":"https:\/\/schema.org","@graph":[{"@type":"WebPage","@id":"https:\/\/iguanasmoke.com\/producto\/semillas-de-canamo-peladas-lyf-sabor-original-250g\/","url":"https:\/\/iguanasmoke.com\/producto\/semillas-de-canamo-peladas-lyf-sabor-original-250g\/","name":"LYF Graines de chanvre d\u00e9cortiqu\u00e9es - Saveur originale (250g) : Iguana Smoke","isPartOf":{"@id":"https:\/\/iguanasmoke.com\/#website"},"primaryImageOfPage":{"@id":"https:\/\/iguanasmoke.com\/producto\/semillas-de-canamo-peladas-lyf-sabor-original-250g\/#primaryimage"},"image":{"@id":"https:\/\/iguanasmoke.com\/producto\/semillas-de-canamo-peladas-lyf-sabor-original-250g\/#primaryimage"},"thumbnailUrl":"https:\/\/iguanasmoke.com\/wp-content\/uploads\/2024\/07\/Bolsas-doble-Original-frontal.webp","datePublished":"2024-07-31T12:58:00+00:00","dateModified":"2025-08-28T13:56:58+00:00","description":"Graines de chanvre d\u00e9cortiqu\u00e9es pr\u00eates \u00e0 consommer, un en-cas naturel qui prend soin de votre sant\u00e9. Livraison gratuite en Espagne et au Portugal \u00e0 partir de 40 \u20ac d'achat.","breadcrumb":{"@id":"https:\/\/iguanasmoke.com\/producto\/semillas-de-canamo-peladas-lyf-sabor-original-250g\/#breadcrumb"},"inLanguage":"fr-FR","potentialAction":[{"@type":"ReadAction","target":["https:\/\/iguanasmoke.com\/producto\/semillas-de-canamo-peladas-lyf-sabor-original-250g\/"]}]},{"@type":"ImageObject","inLanguage":"fr-FR","@id":"https:\/\/iguanasmoke.com\/producto\/semillas-de-canamo-peladas-lyf-sabor-original-250g\/#primaryimage","url":"https:\/\/iguanasmoke.com\/wp-content\/uploads\/2024\/07\/Bolsas-doble-Original-frontal.webp","contentUrl":"https:\/\/iguanasmoke.com\/wp-content\/uploads\/2024\/07\/Bolsas-doble-Original-frontal.webp","width":1000,"height":1000,"caption":"semillas de ca\u00f1amo sabor natural"},{"@type":"BreadcrumbList","@id":"https:\/\/iguanasmoke.com\/producto\/semillas-de-canamo-peladas-lyf-sabor-original-250g\/#breadcrumb","itemListElement":[{"@type":"ListItem","position":1,"name":"home","item":"https:\/\/iguanasmoke.com\/"},{"@type":"ListItem","position":2,"name":"Tienda","item":"https:\/\/iguanasmoke.com\/tienda\/"},{"@type":"ListItem","position":3,"name":"LYF","item":"https:\/\/iguanasmoke.com\/categoria\/lyf\/"},{"@type":"ListItem","position":4,"name":"Semillas de C\u00e1\u00f1amo Peladas LYF &#8211; Sabor Original (250g)"}]},{"@type":"WebSite","@id":"https:\/\/iguanasmoke.com\/#website","url":"https:\/\/iguanasmoke.com\/","name":"Fum\u00e9e d'iguane","description":"Acheter du CBD en ligne au meilleur prix","publisher":{"@id":"https:\/\/iguanasmoke.com\/#organization"},"potentialAction":[{"@type":"SearchAction","target":{"@type":"EntryPoint","urlTemplate":"https:\/\/iguanasmoke.com\/?s={search_term_string}"},"query-input":{"@type":"PropertyValueSpecification","valueRequired":true,"valueName":"search_term_string"}}],"inLanguage":"fr-FR"},{"@type":"Organization","@id":"https:\/\/iguanasmoke.com\/#organization","name":"Fum\u00e9e d'iguane","url":"https:\/\/iguanasmoke.com\/","logo":{"@type":"ImageObject","inLanguage":"fr-FR","@id":"https:\/\/iguanasmoke.com\/#\/schema\/logo\/image\/","url":"https:\/\/iguanasmoke.com\/wp-content\/uploads\/2025\/01\/logoiguana-favi-1.png","contentUrl":"https:\/\/iguanasmoke.com\/wp-content\/uploads\/2025\/01\/logoiguana-favi-1.png","width":512,"height":512,"caption":"Iguana Smoke"},"image":{"@id":"https:\/\/iguanasmoke.com\/#\/schema\/logo\/image\/"},"sameAs":["https:\/\/www.facebook.com\/iguanasmoke","https:\/\/www.instagram.com\/iguanasmoke\/"]}]},"product_brand":"simple","product_price_amount":"8.99","product_price_currency":"EUR","og_availability":"instock","product_availability":"instock","product_retailer_item_id":"LYF-SEMILLASPELADAS-CLASICAS","product_condition":"new"},"_links":{"self":[{"href":"https:\/\/iguanasmoke.com\/fr\/wp-json\/wp\/v2\/product\/38257","targetHints":{"allow":["GET"]}}],"collection":[{"href":"https:\/\/iguanasmoke.com\/fr\/wp-json\/wp\/v2\/product"}],"about":[{"href":"https:\/\/iguanasmoke.com\/fr\/wp-json\/wp\/v2\/types\/product"}],"replies":[{"embeddable":true,"href":"https:\/\/iguanasmoke.com\/fr\/wp-json\/wp\/v2\/comments?post=38257"}],"wp:featuredmedia":[{"embeddable":true,"href":"https:\/\/iguanasmoke.com\/fr\/wp-json\/wp\/v2\/media\/38266"}],"wp:attachment":[{"href":"https:\/\/iguanasmoke.com\/fr\/wp-json\/wp\/v2\/media?parent=38257"}],"wp:term":[{"taxonomy":"product_brand","embeddable":true,"href":"https:\/\/iguanasmoke.com\/fr\/wp-json\/wp\/v2\/product_brand?post=38257"},{"taxonomy":"product_cat","embeddable":true,"href":"https:\/\/iguanasmoke.com\/fr\/wp-json\/wp\/v2\/product_cat?post=38257"},{"taxonomy":"product_tag","embeddable":true,"href":"https:\/\/iguanasmoke.com\/fr\/wp-json\/wp\/v2\/product_tag?post=38257"}],"curies":[{"name":"wp","href":"https:\/\/api.w.org\/{rel}","templated":true}]}}