{"id":38788,"date":"2024-08-09T13:38:52","date_gmt":"2024-08-09T11:38:52","guid":{"rendered":"https:\/\/iguanasmoke.com\/?post_type=product&#038;p=38788"},"modified":"2026-03-15T22:53:27","modified_gmt":"2026-03-15T21:53:27","slug":"iguana-power-battery-510-pocket-cartbox-pour-cartouches-1ml-2ml","status":"publish","type":"product","link":"https:\/\/iguanasmoke.com\/fr\/producto\/iguana-power-bateria-510-pocket-cartbox-para-cartuchos-1ml-2ml\/","title":{"rendered":"Batterie 510 Iguana Power Pocket Pocket Cartbox"},"content":{"rendered":"<h1><span style=\"font-weight: 400\">Batterie 510 Iguana Power Pocket Cartbox - 650 <em>mAh<\/em><\/span><\/h1>\n<p>&nbsp;<\/p>\n<p><span style=\"font-weight: 400\">D\u00e9couvrez l'incroyable puissance et la polyvalence du <strong>Batterie 510 Iguana Power Pocket Pocket Cartbox<\/strong> de<strong> Fum\u00e9e d'iguane<\/strong> sp\u00e9cial pour les <strong>cartouches<\/strong> <strong>510<\/strong>. Con\u00e7u pour satisfaire les plus enthousiastes des <strong>vapotage<\/strong>, cette <strong>dispositif de pointe<\/strong> vous permet de cacher compl\u00e8tement la cartouche \u00e0 l'int\u00e9rieur de la batterie, ce qui la rend \u00e9l\u00e9gante et compacte.<\/span><\/p>\n<p><span style=\"font-weight: 400\">Il offre \u00e9galement une<strong> des performances fiables<\/strong> et une exp\u00e9rience incomparable. Gr\u00e2ce \u00e0 s<\/span><span style=\"font-weight: 400\">Sa taille compacte et discr\u00e8te le rend facile \u00e0 transporter, ce qui en fait un outil id\u00e9al.<\/span><span style=\"font-weight: 400\">\u00a0pour la vie de tous les jours. <\/span><\/p>\n<p><span style=\"font-weight: 400\">Votre <strong>la puissance est parfaitement calibr\u00e9e<\/strong> pour extraire tout le profil aromatique des vapes sans surchauffer le liquide. Avec l'Iguana Power Pocket Cartbox Battery 510 achetez maintenant votre <a href=\"https:\/\/iguanasmoke.com\/fr\/categorie\/cbd-vaper-2\/cartuchos-de-vapeo\/\"><strong>cartouches<\/strong>\u00a0<\/a> et commencez \u00e0 vaper. <em>Il a une puissance de 650 mAh<\/em>.\u00a0<\/span><\/p>\n<p>&nbsp;<\/p>\n<h2><strong>Caract\u00e9ristiques de la cartouche 510 Iguana Power Pocket :<\/strong><\/h2>\n<ul>\n<li><span style=\"font-weight: 400\"><strong>Compatibilit\u00e9 universelle :<\/strong> La cartouche Iguana Power Pocket est compatible avec une large gamme de cartouches et d'atomiseurs, ce qui vous donne la libert\u00e9 de choisir vos accessoires pr\u00e9f\u00e9r\u00e9s. Vous pouvez l'utiliser avec les<strong> <a href=\"https:\/\/iguanasmoke.com\/fr\/categorie\/cbd-vaper-2\/cartuchos-de-vapeo\/\">Cartouches 1ml et 2ml<\/a><\/strong> de <strong>Fum\u00e9e d'iguane<\/strong>, Cela \u00e9largit l'\u00e9ventail des possibilit\u00e9s d'utilisation.<\/span><\/li>\n<li>Affichage num\u00e9rique : <span style=\"font-weight: 400\">Il comprend un \u00e9cran num\u00e9rique qui affiche des informations essentielles telles que l'autonomie de la batterie et les r\u00e9glages de tension.\u00a0<\/span><\/li>\n<li><span style=\"font-weight: 400\"><strong>Portabilit\u00e9 et durabilit\u00e9<\/strong>Fabriqu\u00e9 \u00e0 partir de mat\u00e9riaux de haute qualit\u00e9. Transportez-la avec vous en toute confiance, sachant qu'elle est con\u00e7ue pour r\u00e9sister \u00e0 une utilisation constante. Id\u00e9al pour ceux qui appr\u00e9cient leur batterie 510 Iguana Power Pocket Cartbox Battery 510 <\/span><\/li>\n<li>Tension r\u00e9glable : permet de r\u00e9gler la tension en fonction des pr\u00e9f\u00e9rences de l'utilisateur, <span style=\"font-weight: 400\">permettant un contr\u00f4le total de l'intensit\u00e9 de la vape.\u00a0<\/span><\/li>\n<li><span style=\"font-weight: 400\"><strong>Chargement par USB-C<\/strong>\u00c9quip\u00e9 d'un port de charge USB, pour une recharge rapide et facile.<\/span><\/li>\n<li>Indicateurs LED : <span style=\"font-weight: 400\">Voyant lumineux indiquant l'\u00e9tat de la batterie et le processus de chargement.\u00a0<\/span><\/li>\n<li>Capacit\u00e9 de batterie suffisante pour de multiples sessions de vapotage avant de devoir \u00eatre recharg\u00e9e.<\/li>\n<\/ul>\n<p>&nbsp;<\/p>\n<h2><strong>Batterie 510 Iguana Power Pocket Cartbox Batterie 510 Iguana Power Pocket Cartbox i<\/strong>comprend :<\/h2>\n<ul>\n<li>1 Iguana Smoke CartBox 510 Battery<\/li>\n<li>1 c\u00e2ble de charge USB-C<\/li>\n<li>Manuel de l'utilisateur<\/li>\n<\/ul>\n<p>&nbsp;<\/p>\n<h2><strong>Qu'est-ce qu'une cartouche jetable ?<\/strong><\/h2>\n<p><span style=\"font-weight: 400\">A <strong>cartouche jetable<\/strong> est un petit cylindre avec <strong>510, connexion 1ml ou 2ml<\/strong> qui est remplie de liquide. La grande diff\u00e9rence avec les autres types de cartouches est qu'elle n'a pas besoin d'\u00eatre remplie ou recharg\u00e9e : <strong>lorsqu'il est \u00e9puis\u00e9, il est simplement jet\u00e9<\/strong>. La cartouche 510 Iguana Power Pocket est compatible avec les cartouches de 1ml et de 2ml, offrant ainsi une grande polyvalence.<\/span><\/p>\n<p><span style=\"font-weight: 400\">Il existe \u00e9galement des\u00a0<strong><a href=\"https:\/\/iguanasmoke.com\/fr\/categorie\/cbd-vaper-2\/\">Vapoteurs jetables<\/a> <\/strong>(tout-en-un) avec batterie et cartouche int\u00e9gr\u00e9es, pr\u00eat \u00e0 l'emploi d\u00e8s sa sortie de l'emballage.\u00a0<\/span><\/p>\n<p>&nbsp;<\/p>\n<div class=\"ewd-ufaq-faq-body\">\n<h3><b>Iguana Smoke est votre boutique en ligne de CBD de confiance<\/b><\/h3>\n<p><span style=\"font-weight: 400\">Chez Iguana Smoke, nous pensons que le CBD doit \u00eatre une exp\u00e9rience s\u00fbre et agr\u00e9able. C'est pourquoi nous proposons des produits de haute qualit\u00e9 qui s'adressent aux nouvelles g\u00e9n\u00e9rations : des personnes qui recherchent un bien-\u00eatre simple, avec des marques authentiques et fiables. Procurez-vous l'Iguana Power Pocket Cartbox 510 Battery d\u00e8s maintenant.<\/span><\/p>\n<p>Vous savez, notre mission est claire : vous apporter le meilleur du monde des cannabino\u00efdes \u00e0 un prix \u00e9quitable, avec la tranquillit\u00e9 d'esprit de savoir que vous choisissez un produit certifi\u00e9, efficace et 100% l\u00e9gal. Nous sommes \u00e0 l'avant-garde des produits CBD.<\/p>\n<p>Vous avez encore des doutes ? Ecrivez-nous et nous nous ferons un plaisir de vous aider \u00e0 trouver le produit qui vous convient.<\/p>\n<\/div>\n<p>&nbsp;<\/p>\n<p><em><span style=\"font-weight: 400\">*Veuillez noter que son utilisation est destin\u00e9e \u00e0 la collection ou \u00e0 l'aromath\u00e9rapie, conform\u00e9ment \u00e0 la loi espagnole.<\/span><\/em><\/p>\n<p><em><span style=\"font-weight: 400\">**Tous nos produits sont d\u00e9riv\u00e9s de chanvre industriel certifi\u00e9. Ils contiennent moins de 0,3 THC et ne contiennent pas de cannabino\u00efdes ill\u00e9gaux tels que HHC, HHC-P, THCP, THCP-O, H4CBD et ceux inclus dans l'annexe I du d\u00e9cret royal 2829\/1977, ni de substances contr\u00f4l\u00e9es par les conventions internationales.\u00a0<\/span><\/em><\/p>","protected":false},"excerpt":{"rendered":"<ul>\n<li>Batterie 510 pour cartouches larges de 1ml, 2ml ou plus : : 650 MaH<\/li>\n<li>Affichage num\u00e9rique<\/li>\n<li>Tension : 2,8v - 3,4v - 3,8v<\/li>\n<li>Fonction d'\u00e9chauffement de 15 secondes<\/li>\n<li>Connexion standard compatible avec toutes les cartouches 510<\/li>\n<li>Connexion : USB-C<\/li>\n<li>1 C\u00e2ble de chargement UCB-C<\/li>\n<\/ul>","protected":false},"featured_media":39092,"comment_status":"open","ping_status":"closed","template":"","meta":{"_acf_changed":false,"site-sidebar-layout":"default","site-content-layout":"","ast-site-content-layout":"default","site-content-style":"default","site-sidebar-style":"default","ast-global-header-display":"","ast-banner-title-visibility":"","ast-main-header-display":"","ast-hfb-above-header-display":"","ast-hfb-below-header-display":"","ast-hfb-mobile-header-display":"","site-post-title":"","ast-breadcrumbs-content":"","ast-featured-img":"","footer-sml-layout":"","theme-transparent-header-meta":"default","adv-header-id-meta":"","stick-header-meta":"","header-above-stick-meta":"","header-main-stick-meta":"","header-below-stick-meta":"","astra-migrate-meta-layouts":"set","ast-page-background-enabled":"default","ast-page-background-meta":{"desktop":{"background-color":"var(--ast-global-color-4)","background-image":"","background-repeat":"repeat","background-position":"center center","background-size":"auto","background-attachment":"scroll","background-type":"","background-media":"","overlay-type":"","overlay-color":"","overlay-opacity":"","overlay-gradient":""},"tablet":{"background-color":"","background-image":"","background-repeat":"repeat","background-position":"center center","background-size":"auto","background-attachment":"scroll","background-type":"","background-media":"","overlay-type":"","overlay-color":"","overlay-opacity":"","overlay-gradient":""},"mobile":{"background-color":"","background-image":"","background-repeat":"repeat","background-position":"center center","background-size":"auto","background-attachment":"scroll","background-type":"","background-media":"","overlay-type":"","overlay-color":"","overlay-opacity":"","overlay-gradient":""}},"ast-content-background-meta":{"desktop":{"background-color":"var(--ast-global-color-5)","background-image":"","background-repeat":"repeat","background-position":"center center","background-size":"auto","background-attachment":"scroll","background-type":"","background-media":"","overlay-type":"","overlay-color":"","overlay-opacity":"","overlay-gradient":""},"tablet":{"background-color":"var(--ast-global-color-5)","background-image":"","background-repeat":"repeat","background-position":"center center","background-size":"auto","background-attachment":"scroll","background-type":"","background-media":"","overlay-type":"","overlay-color":"","overlay-opacity":"","overlay-gradient":""},"mobile":{"background-color":"var(--ast-global-color-5)","background-image":"","background-repeat":"repeat","background-position":"center center","background-size":"auto","background-attachment":"scroll","background-type":"","background-media":"","overlay-type":"","overlay-color":"","overlay-opacity":"","overlay-gradient":""}}},"product_brand":[],"product_cat":[984,419,981,418],"product_tag":[],"class_list":{"0":"post-38788","1":"product","2":"type-product","3":"status-publish","4":"has-post-thumbnail","6":"product_cat-baterias-y-kits-de-vapeo","7":"product_cat-cartuchos-cbd","8":"product_cat-cbd-full-spectrum","9":"product_cat-vaper-cbd","10":"desktop-align-center","11":"tablet-align-center","12":"mobile-align-center","14":"first","15":"instock","16":"taxable","17":"shipping-taxable","18":"purchasable","19":"product-type-simple"},"acf":[],"yoast_head":"<!-- This site is optimized with the Yoast SEO Premium plugin v27.3 (Yoast SEO v27.3) - https:\/\/yoast.com\/product\/yoast-seo-premium-wordpress\/ -->\n<title>Bater\u00eda 510 Iguana Power Pocket Cartbox | Iguana Smoke<\/title>\n<meta name=\"description\" content=\"Mejora tu experiencia de vapeo con la Bater\u00eda 510 Iguana Power Pocket Cartbox, que oculta el cartucho de manera elegante. \u00a1Compra ahora y sorpr\u00e9ndete!\" \/>\n<meta name=\"robots\" content=\"index, follow, max-snippet:-1, max-image-preview:large, max-video-preview:-1\" \/>\n<link rel=\"canonical\" href=\"https:\/\/iguanasmoke.com\/fr\/produit\/iguana-power-battery-510-pocket-cartbox-pour-cartouches-1ml-2ml\/\" \/>\n<meta property=\"og:locale\" content=\"fr_FR\" \/>\n<meta property=\"og:type\" content=\"article\" \/>\n<meta property=\"og:title\" content=\"Bateria 510 Iguana Power Pocket Cartbox\" \/>\n<meta property=\"og:description\" content=\"Bater\u00eda 510 para cartuchos anchos de 1ml, 2ml o m\u00e1s: : 650 MaH  Pantalla digital  Voltaje: 2,8v - 3,4v - 3,8v  Funci\u00f3n precalentamiento de 15 segundos  Conexi\u00f3n standard compatible con todos los cartuchos 510  Conexi\u00f3n: USB-C  1 Cable carga UCB-C\" \/>\n<meta property=\"og:url\" content=\"https:\/\/iguanasmoke.com\/fr\/produit\/iguana-power-battery-510-pocket-cartbox-pour-cartouches-1ml-2ml\/\" \/>\n<meta property=\"og:site_name\" content=\"Iguana Smoke\" \/>\n<meta property=\"article:publisher\" content=\"https:\/\/www.facebook.com\/iguanasmoke\" \/>\n<meta property=\"article:modified_time\" content=\"2026-03-15T21:53:27+00:00\" \/>\n<meta property=\"og:image\" content=\"https:\/\/iguanasmoke.com\/wp-content\/uploads\/2024\/08\/Mockup-3.png\" \/>\n\t<meta property=\"og:image:width\" content=\"1000\" \/>\n\t<meta property=\"og:image:height\" content=\"1000\" \/>\n\t<meta property=\"og:image:type\" content=\"image\/png\" \/>\n<meta name=\"twitter:card\" content=\"summary_large_image\" \/>\n<meta name=\"twitter:label1\" content=\"Prix\" \/>\n\t<meta name=\"twitter:data1\" content=\"19,90&nbsp;&euro;\" \/>\n\t<meta name=\"twitter:label2\" content=\"Disponibilit\u00e9\" \/>\n\t<meta name=\"twitter:data2\" content=\"En stock\" \/>\n<meta property=\"product:brand\" content=\"simple\" \/>\n<meta property=\"product:price:amount\" content=\"19.90\" \/>\n<meta property=\"product:price:currency\" content=\"EUR\" \/>\n<meta property=\"og:availability\" content=\"instock\" \/>\n<meta property=\"product:availability\" content=\"instock\" \/>\n<meta property=\"product:retailer_item_id\" content=\"IS-BAT510-CARTBOX\" \/>\n<meta property=\"product:condition\" content=\"new\" \/>\n<!-- \/ Yoast SEO Premium plugin. -->","yoast_head_json":{"title":"Batterie 510 Iguana Power Pocket Cartbox | Iguana Smoke","description":"Am\u00e9liorez votre exp\u00e9rience de vapotage avec la cartouche 510 Iguana Power Pocket Cartbox, qui dissimule \u00e9l\u00e9gamment la cartouche - achetez-la maintenant et laissez-vous surprendre !","robots":{"index":"index","follow":"follow","max-snippet":"max-snippet:-1","max-image-preview":"max-image-preview:large","max-video-preview":"max-video-preview:-1"},"canonical":"https:\/\/iguanasmoke.com\/fr\/produit\/iguana-power-battery-510-pocket-cartbox-pour-cartouches-1ml-2ml\/","og_locale":"fr_FR","og_type":"article","og_title":"Bateria 510 Iguana Power Pocket Cartbox","og_description":"Bater\u00eda 510 para cartuchos anchos de 1ml, 2ml o m\u00e1s: : 650 MaH  Pantalla digital  Voltaje: 2,8v - 3,4v - 3,8v  Funci\u00f3n precalentamiento de 15 segundos  Conexi\u00f3n standard compatible con todos los cartuchos 510  Conexi\u00f3n: USB-C  1 Cable carga UCB-C","og_url":"https:\/\/iguanasmoke.com\/fr\/produit\/iguana-power-battery-510-pocket-cartbox-pour-cartouches-1ml-2ml\/","og_site_name":"Iguana Smoke","article_publisher":"https:\/\/www.facebook.com\/iguanasmoke","article_modified_time":"2026-03-15T21:53:27+00:00","og_image":[{"width":1000,"height":1000,"url":"https:\/\/iguanasmoke.com\/wp-content\/uploads\/2024\/08\/Mockup-3.png","type":"image\/png"}],"twitter_card":"summary_large_image","twitter_misc":{"Prix":"19,90&nbsp;&euro;","Disponibilit\u00e9":"En stock"},"schema":{"@context":"https:\/\/schema.org","@graph":[{"@type":"WebPage","@id":"https:\/\/iguanasmoke.com\/producto\/iguana-power-bateria-510-pocket-cartbox-para-cartuchos-1ml-2ml\/","url":"https:\/\/iguanasmoke.com\/producto\/iguana-power-bateria-510-pocket-cartbox-para-cartuchos-1ml-2ml\/","name":"Batterie 510 Iguana Power Pocket Cartbox | Iguana Smoke","isPartOf":{"@id":"https:\/\/iguanasmoke.com\/#website"},"primaryImageOfPage":{"@id":"https:\/\/iguanasmoke.com\/producto\/iguana-power-bateria-510-pocket-cartbox-para-cartuchos-1ml-2ml\/#primaryimage"},"image":{"@id":"https:\/\/iguanasmoke.com\/producto\/iguana-power-bateria-510-pocket-cartbox-para-cartuchos-1ml-2ml\/#primaryimage"},"thumbnailUrl":"https:\/\/iguanasmoke.com\/wp-content\/uploads\/2024\/08\/Mockup-3.png","datePublished":"2024-08-09T11:38:52+00:00","dateModified":"2026-03-15T21:53:27+00:00","description":"Am\u00e9liorez votre exp\u00e9rience de vapotage avec la cartouche 510 Iguana Power Pocket Cartbox, qui dissimule \u00e9l\u00e9gamment la cartouche - achetez-la maintenant et laissez-vous surprendre !","breadcrumb":{"@id":"https:\/\/iguanasmoke.com\/producto\/iguana-power-bateria-510-pocket-cartbox-para-cartuchos-1ml-2ml\/#breadcrumb"},"inLanguage":"fr-FR","potentialAction":[{"@type":"ReadAction","target":["https:\/\/iguanasmoke.com\/producto\/iguana-power-bateria-510-pocket-cartbox-para-cartuchos-1ml-2ml\/"]}]},{"@type":"ImageObject","inLanguage":"fr-FR","@id":"https:\/\/iguanasmoke.com\/producto\/iguana-power-bateria-510-pocket-cartbox-para-cartuchos-1ml-2ml\/#primaryimage","url":"https:\/\/iguanasmoke.com\/wp-content\/uploads\/2024\/08\/Mockup-3.png","contentUrl":"https:\/\/iguanasmoke.com\/wp-content\/uploads\/2024\/08\/Mockup-3.png","width":1000,"height":1000,"caption":"Bateria Iguana Power Cartbox Pocket 650 mAh para 1 y 2 ml"},{"@type":"BreadcrumbList","@id":"https:\/\/iguanasmoke.com\/producto\/iguana-power-bateria-510-pocket-cartbox-para-cartuchos-1ml-2ml\/#breadcrumb","itemListElement":[{"@type":"ListItem","position":1,"name":"home","item":"https:\/\/iguanasmoke.com\/"},{"@type":"ListItem","position":2,"name":"Tienda","item":"https:\/\/iguanasmoke.com\/tienda\/"},{"@type":"ListItem","position":3,"name":"Vaper CBD","item":"https:\/\/iguanasmoke.com\/categoria\/vaper-cbd\/"},{"@type":"ListItem","position":4,"name":"Cartuchos","item":"https:\/\/iguanasmoke.com\/categoria\/vaper-cbd\/cartuchos-cbd\/"},{"@type":"ListItem","position":5,"name":"Bater\u00edas y Kits de Vapeo","item":"https:\/\/iguanasmoke.com\/categoria\/vaper-cbd\/cartuchos-cbd\/baterias-y-kits-de-vapeo\/"},{"@type":"ListItem","position":6,"name":"Bateria 510 Iguana Power Pocket Cartbox"}]},{"@type":"WebSite","@id":"https:\/\/iguanasmoke.com\/#website","url":"https:\/\/iguanasmoke.com\/","name":"Fum\u00e9e d'iguane","description":"Acheter du CBD en ligne au meilleur prix","publisher":{"@id":"https:\/\/iguanasmoke.com\/#organization"},"potentialAction":[{"@type":"SearchAction","target":{"@type":"EntryPoint","urlTemplate":"https:\/\/iguanasmoke.com\/?s={search_term_string}"},"query-input":{"@type":"PropertyValueSpecification","valueRequired":true,"valueName":"search_term_string"}}],"inLanguage":"fr-FR"},{"@type":"Organization","@id":"https:\/\/iguanasmoke.com\/#organization","name":"Fum\u00e9e d'iguane","url":"https:\/\/iguanasmoke.com\/","logo":{"@type":"ImageObject","inLanguage":"fr-FR","@id":"https:\/\/iguanasmoke.com\/#\/schema\/logo\/image\/","url":"https:\/\/iguanasmoke.com\/wp-content\/uploads\/2025\/01\/logoiguana-favi-1.png","contentUrl":"https:\/\/iguanasmoke.com\/wp-content\/uploads\/2025\/01\/logoiguana-favi-1.png","width":512,"height":512,"caption":"Iguana Smoke"},"image":{"@id":"https:\/\/iguanasmoke.com\/#\/schema\/logo\/image\/"},"sameAs":["https:\/\/www.facebook.com\/iguanasmoke","https:\/\/www.instagram.com\/iguanasmoke\/"]}]},"product_brand":"simple","product_price_amount":"19.90","product_price_currency":"EUR","og_availability":"instock","product_availability":"instock","product_retailer_item_id":"IS-BAT510-CARTBOX","product_condition":"new"},"_links":{"self":[{"href":"https:\/\/iguanasmoke.com\/fr\/wp-json\/wp\/v2\/product\/38788","targetHints":{"allow":["GET"]}}],"collection":[{"href":"https:\/\/iguanasmoke.com\/fr\/wp-json\/wp\/v2\/product"}],"about":[{"href":"https:\/\/iguanasmoke.com\/fr\/wp-json\/wp\/v2\/types\/product"}],"replies":[{"embeddable":true,"href":"https:\/\/iguanasmoke.com\/fr\/wp-json\/wp\/v2\/comments?post=38788"}],"wp:featuredmedia":[{"embeddable":true,"href":"https:\/\/iguanasmoke.com\/fr\/wp-json\/wp\/v2\/media\/39092"}],"wp:attachment":[{"href":"https:\/\/iguanasmoke.com\/fr\/wp-json\/wp\/v2\/media?parent=38788"}],"wp:term":[{"taxonomy":"product_brand","embeddable":true,"href":"https:\/\/iguanasmoke.com\/fr\/wp-json\/wp\/v2\/product_brand?post=38788"},{"taxonomy":"product_cat","embeddable":true,"href":"https:\/\/iguanasmoke.com\/fr\/wp-json\/wp\/v2\/product_cat?post=38788"},{"taxonomy":"product_tag","embeddable":true,"href":"https:\/\/iguanasmoke.com\/fr\/wp-json\/wp\/v2\/product_tag?post=38788"}],"curies":[{"name":"wp","href":"https:\/\/api.w.org\/{rel}","templated":true}]}}