{"id":41435,"date":"2024-10-08T14:08:19","date_gmt":"2024-10-08T12:08:19","guid":{"rendered":"https:\/\/iguanasmoke.com\/?post_type=product&#038;p=41435"},"modified":"2026-03-22T15:38:22","modified_gmt":"2026-03-22T14:38:22","slug":"bando-boyz-cbd-vaper-by-kidd-keo","status":"publish","type":"product","link":"https:\/\/iguanasmoke.com\/fr\/producto\/bando-boyz-cbd-vaper-by-kidd-keo\/","title":{"rendered":"Bando Boyz Vape Pocket CBD par Kidd Keo"},"content":{"rendered":"<h1><span style=\"font-weight: 400;\">Bando Boyz Vape Pocket CBD by Kidd Keo - Limited Edition<\/span><\/h1>\n<h2><span style=\"font-weight: 400;\">Un flux pur, une attitude de rue et le CBD Premium<\/span><\/h2>\n<p><span style=\"font-weight: 400;\">Apr\u00e8s le succ\u00e8s de notre pr\u00e9c\u00e9dente collaboration avec notre chiffonnier pr\u00e9f\u00e9r\u00e9, p<\/span><span style=\"font-weight: 400;\">pr\u00e9parez-vous \u00e0 voler, car la <strong>Bando Boyz Vape Pocket CBD<\/strong>\u00a0- <strong>\u00c9dition limit\u00e9e<\/strong> s'inspire de l'embl\u00e9matique <strong>Collection Bando Boyz<\/strong> de l'artiste espagnol Kidd Keo. <\/span><\/p>\n<p><span style=\"font-weight: 400;\">Un dispositif cr\u00e9\u00e9 pour ceux qui vivent le style de vie de la rue et qui veulent cette collaboration exclusive entre Iguana Smoke et Kidd Keo, l'un des plus c\u00e9l\u00e8bres et des plus connus. <strong>les ic\u00f4nes espagnoles les plus influentes du rap et du trap<\/strong>. A <strong>\u00e9dition limit\u00e9e d'un vaper CBD<\/strong> qui allie le design, la puissance et la culture urbaine, avec pour r\u00e9sultat une vape de CBD jetable qui refl\u00e8te parfaitement le style non filtr\u00e9 de Keo.<\/span><\/p>\n<p style=\"padding-left: 40px;\"><strong data-start=\"1022\" data-end=\"1042\">\u26a0\ufe0fEdici\u00f3n limited<\/strong>. Lorsqu'il est \u00e9puis\u00e9, il ne revient pas.<\/p>\n<p>&nbsp;<\/p>\n<h2><strong>Caract\u00e9ristiques du Bando Boyz Vape Pocket CBD <\/strong><\/h2>\n<ul>\n<li><span style=\"font-weight: 400;\">Total CBD : <strong>600 mg <\/strong><\/span><\/li>\n<li><span style=\"font-weight: 400;\">Capacit\u00e9 du r\u00e9servoir : <strong>10ml<\/strong><\/span><\/li>\n<li>Vape \u00e0 usage unique<\/li>\n<li><span style=\"font-weight: 400;\">Courants d'air : jusqu'\u00e0 <strong>3000 bouff\u00e9es puissantes <\/strong><\/span><\/li>\n<li><span style=\"font-weight: 400;\">Ar\u00f4me : <strong>Exclusif Bando Boyz<\/strong><\/span><\/li>\n<li><span style=\"font-weight: 400;\">Batterie : <strong>USB Type-C rechargeable 500mAh <\/strong><\/span><\/li>\n<li><span style=\"font-weight: 400;\">Taille<strong> 82 x 49 x 22 mm <\/strong><\/span><\/li>\n<li><span style=\"font-weight: 400;\">THC : <strong>0% <\/strong><\/span><\/li>\n<li><span style=\"font-weight: 400;\">Nicotine : <strong>0% <\/strong><\/span><\/li>\n<\/ul>\n<p><span style=\"font-weight: 400;\">A <strong>compact, puissant et durable CBD vape pocket CBD<\/strong> qui unit <strong>CBD premium<\/strong> avec une esth\u00e9tique de rue inoubliable. Il s'agit de la <strong>Bando Boyz<\/strong> plus en lambeaux.\u00a0<\/span><\/p>\n<p>&nbsp;<\/p>\n<h2><strong>Pourquoi tout le monde veut-il ce vaporisateur Kidd Keo CBD ? <\/strong><\/h2>\n<p><span style=\"font-weight: 400;\">Parce que <strong>il n'y a rien de comparable<\/strong>. <\/span><\/p>\n<p><span style=\"font-weight: 400;\">Le <strong>Bando Boyz Vape Pocket CBD<\/strong> est le r\u00e9sultat d'une collaboration entre<strong> Kidd Keo x Iguana Smoke<\/strong>, o\u00f9 le design, la musique et le style de vie se retrouvent dans un seul et m\u00eame produit. <\/span><\/p>\n<p><span style=\"font-weight: 400;\">Gr\u00e2ce \u00e0 son <strong>10ml XXL tank et ses 600mg de CBD<\/strong>, offre une dur\u00e9e de vie beaucoup plus longue que la moyenne. Il s'agit donc de l'un des meilleurs au monde.<strong>Les exhausteurs de go\u00fbt au CBD les plus puissants et les plus durables du march\u00e9<\/strong>.<\/span><\/p>\n<p><span style=\"font-weight: 400;\"> En outre, en <strong>ne contiennent pas de THC ni de nicotine<\/strong>, Que vous cherchiez \u00e0 vous d\u00e9tendre ou \u00e0 \u00e9chapper \u00e0 votre routine quotidienne, vous pouvez profiter du CBD l\u00e9gal en Espagne en toute tranquillit\u00e9 d'esprit. <\/span><\/p>\n<p>&nbsp;<\/p>\n<h2><strong>Design exclusif inspir\u00e9 de la collection Bando Boyz<\/strong><\/h2>\n<p><span style=\"font-weight: 400;\">Le <strong>Bando Boyz Vape Pocket CBD<\/strong> ne passe pas inaper\u00e7ue. Son esth\u00e9tique urbaine, directe et percutante <strong>refl\u00e8te l'ADN de Kidd Keo et son univers cr\u00e9atif.<\/strong>. Compact, l\u00e9ger et dot\u00e9 d'un design qui parle de lui-m\u00eame, il devient bien plus qu'une simple vape : <strong>est un accessoire \u00e9l\u00e9gant<\/strong>. <\/span><\/p>\n<p><span style=\"font-weight: 400;\">Emportez-le avec vous et faites la diff\u00e9rence. Parce que tout le monde ne vapote pas de la m\u00eame fa\u00e7on.<\/span><\/p>\n<p>&nbsp;<\/p>\n<h3><strong>Achetez votre Bando Boyz Vape Pocket CBD de Kidd Keo maintenant ! <\/strong><\/h3>\n<p><span style=\"font-weight: 400;\">Ne restez pas sur le carreau. Mettez la main sur cette \u00e9dition limit\u00e9e avant qu'elle ne disparaisse de la carte. <\/span><\/p>\n<p><span style=\"font-weight: 400;\">Choisir <strong>pouvoir<\/strong>. <\/span><\/p>\n<p><span style=\"font-weight: 400;\">Choisir <strong>style urbain<\/strong>. <\/span><\/p>\n<p><span style=\"font-weight: 400;\">Choisir <strong>Kidd Keo x Iguana Smoke<\/strong> - Choisissez une vape de CBD qui a sa propre personnalit\u00e9.<\/span><\/p>\n<p>&nbsp;<\/p>\n<h3><b>Iguana Smoke est votre boutique en ligne de CBD\u00a0<\/b><\/h3>\n<p><span style=\"font-weight: 400;\">Au<strong> Fum\u00e9e d'iguane<\/strong>, Nous pensons que la consommation de CBD doit se faire en toute s\u00e9curit\u00e9. C'est pourquoi nous proposons des produits comme celui-ci <strong>Bando Boyz Vape Pocket CBD par Kidd Keo<\/strong>, La marque s'adresse aux nouvelles g\u00e9n\u00e9rations : des personnes qui recherchent un bien-\u00eatre simple, avec des marques authentiques et fiables.\u00a0<\/span><\/p>\n<p>Vous savez, notre mission est claire : vous apporter le meilleur du monde des cannabino\u00efdes \u00e0 un prix \u00e9quitable. De plus, nous vous offrons la tranquillit\u00e9 d'esprit de savoir que vous choisissez un produit certifi\u00e9, efficace et 100% l\u00e9gal. Votre temps de d\u00e9tente commence ici avec nous.<\/p>\n<p>Vous avez encore des doutes ? Ecrivez-nous et nous nous ferons un plaisir de vous aider \u00e0 trouver le produit qui vous convient.<\/p>\n<p>&nbsp;<\/p>\n<h6>\u2139\ufe0f<strong> Informations juridiques<\/strong><\/h6>\n<p><em><span style=\"font-weight: 400;\">*Produit destin\u00e9 \u00e0 la collection ou \u00e0 l'aromath\u00e9rapie, conform\u00e9ment \u00e0 la l\u00e9gislation espagnole en vigueur. <\/span><\/em><\/p>\n<p><em><span style=\"font-weight: 400;\">**D\u00e9riv\u00e9 de chanvre industriel certifi\u00e9. Contient moins de 0,3 THC et ne contient pas de cannabino\u00efdes ill\u00e9gaux tels que HHC, HHC-P, THCP, THCP-O, H4CBD ou des substances \u00e9num\u00e9r\u00e9es \u00e0 l'annexe I du d\u00e9cret royal 2829\/1977, ni de substances contr\u00f4l\u00e9es par des conventions internationales.\u00a0\u00a0<\/span><\/em><\/p>","protected":false},"excerpt":{"rendered":"<p><span style=\"font-weight: 400;\">Caract\u00e9ristiques<strong>: <\/strong><\/span><\/p>\n<ul>\n<li><span style=\"font-weight: 400;\">Vapeur CBD jetable<\/span><\/li>\n<li><span style=\"font-weight: 400;\">Dimensions : <strong>82 x 49x 22 mm<\/strong>\u00a0<\/span><\/li>\n<li><span style=\"font-weight: 400;\">Batterie : <strong>550 mAh USB-C<\/strong><\/span><\/li>\n<li>Ar\u00f4me : <strong>Bando Boyz<\/strong><\/li>\n<li><span style=\"font-weight: 400;\">Capacit\u00e9 : <strong>10ml <\/strong><\/span><\/li>\n<li><span style=\"font-weight: 400;\">Caladas : <strong>jusqu'\u00e0 3000 <\/strong><\/span><\/li>\n<li><span style=\"font-weight: 400;\">CBD : <strong>600\/10ml <\/strong><\/span><\/li>\n<li><span style=\"font-weight: 400;\">THC : <strong>0% <\/strong><\/span><\/li>\n<li><span style=\"font-weight: 400;\">Nicotine : <strong>0%\u00a0<\/strong>\u00a0<\/span><\/li>\n<li>Comprend un autocollant <em>Bando Boyz holographique<\/em> gratuit \u00e0 l'achat d'une unit\u00e9.<\/li>\n<\/ul>\n<p><span style=\"font-weight: 400;\">En outre, si vous le souhaitez, vous pouvez consulter<strong> <a href=\"https:\/\/iguanasmoke.com\/fr\/lanalyse\/\">analyse en laboratoire.<\/a><\/strong><\/span><\/p>","protected":false},"featured_media":41437,"comment_status":"open","ping_status":"closed","template":"","meta":{"_acf_changed":false,"site-sidebar-layout":"default","site-content-layout":"default","ast-site-content-layout":"default","site-content-style":"default","site-sidebar-style":"default","ast-global-header-display":"","ast-banner-title-visibility":"","ast-main-header-display":"","ast-hfb-above-header-display":"","ast-hfb-below-header-display":"","ast-hfb-mobile-header-display":"","site-post-title":"","ast-breadcrumbs-content":"","ast-featured-img":"","footer-sml-layout":"","theme-transparent-header-meta":"default","adv-header-id-meta":"","stick-header-meta":"","header-above-stick-meta":"","header-main-stick-meta":"","header-below-stick-meta":"","astra-migrate-meta-layouts":"set","ast-page-background-enabled":"default","ast-page-background-meta":{"desktop":{"background-color":"var(--ast-global-color-4)","background-image":"","background-repeat":"repeat","background-position":"center center","background-size":"auto","background-attachment":"scroll","background-type":"","background-media":"","overlay-type":"","overlay-color":"","overlay-opacity":"","overlay-gradient":""},"tablet":{"background-color":"","background-image":"","background-repeat":"repeat","background-position":"center center","background-size":"auto","background-attachment":"scroll","background-type":"","background-media":"","overlay-type":"","overlay-color":"","overlay-opacity":"","overlay-gradient":""},"mobile":{"background-color":"","background-image":"","background-repeat":"repeat","background-position":"center center","background-size":"auto","background-attachment":"scroll","background-type":"","background-media":"","overlay-type":"","overlay-color":"","overlay-opacity":"","overlay-gradient":""}},"ast-content-background-meta":{"desktop":{"background-color":"var(--ast-global-color-5)","background-image":"","background-repeat":"repeat","background-position":"center center","background-size":"auto","background-attachment":"scroll","background-type":"","background-media":"","overlay-type":"","overlay-color":"","overlay-opacity":"","overlay-gradient":""},"tablet":{"background-color":"var(--ast-global-color-5)","background-image":"","background-repeat":"repeat","background-position":"center center","background-size":"auto","background-attachment":"scroll","background-type":"","background-media":"","overlay-type":"","overlay-color":"","overlay-opacity":"","overlay-gradient":""},"mobile":{"background-color":"var(--ast-global-color-5)","background-image":"","background-repeat":"repeat","background-position":"center center","background-size":"auto","background-attachment":"scroll","background-type":"","background-media":"","overlay-type":"","overlay-color":"","overlay-opacity":"","overlay-gradient":""}}},"product_brand":[],"product_cat":[426,420],"product_tag":[],"class_list":{"0":"post-41435","1":"product","2":"type-product","3":"status-publish","4":"has-post-thumbnail","6":"product_cat-pods","7":"product_cat-vaper-pocket-cbd","8":"desktop-align-center","9":"tablet-align-center","10":"mobile-align-center","12":"first","13":"instock","14":"taxable","15":"shipping-taxable","16":"purchasable","17":"product-type-simple"},"acf":[],"yoast_head":"<!-- This site is optimized with the Yoast SEO Premium plugin v27.3 (Yoast SEO v27.3) - https:\/\/yoast.com\/product\/yoast-seo-premium-wordpress\/ -->\n<title>Bando Boyz Vape Pocket CBD by Kidd Keo - Edici\u00f3n Limitada | Iguana Smoke<\/title>\n<meta name=\"description\" content=\"Descubre el Bando Boyz Vape Pocket CBD by Kidd Keo, edici\u00f3n limitada Collection. 3000 caladas, 600mg CBD, 0% THC. \u00a1Compra tu vaper CBD exclusivo ahora!\" \/>\n<meta name=\"robots\" content=\"index, follow, max-snippet:-1, max-image-preview:large, max-video-preview:-1\" \/>\n<link rel=\"canonical\" href=\"https:\/\/iguanasmoke.com\/fr\/produit\/bando-boyz-cbd-vaper-by-kidd-keo\/\" \/>\n<meta property=\"og:locale\" content=\"fr_FR\" \/>\n<meta property=\"og:type\" content=\"article\" \/>\n<meta property=\"og:title\" content=\"Bando Boyz Vape Pocket CBD by Kidd Keo\" \/>\n<meta property=\"og:description\" content=\"Caracter\u00edsticas:    Vape CBD desechable  Dimensiones: 82 x 49x 22 mm\u00a0  Bater\u00eda: 550 mAh USB-C  Aroma: Bando Boyz  Capacidad: 10ml   Caladas: hasta 3000   CBD: 600\/10ml   THC: 0%   Nicotina: 0%\u00a0\u00a0  Incluye pegatina hologr\u00e1fica Bando Boyz gratis por la compra de una unidad.  Adem\u00e1s, si quieres puedes consultar el an\u00e1lisis de laboratorio.\" \/>\n<meta property=\"og:url\" content=\"https:\/\/iguanasmoke.com\/fr\/produit\/bando-boyz-cbd-vaper-by-kidd-keo\/\" \/>\n<meta property=\"og:site_name\" content=\"Iguana Smoke\" \/>\n<meta property=\"article:publisher\" content=\"https:\/\/www.facebook.com\/iguanasmoke\" \/>\n<meta property=\"article:modified_time\" content=\"2026-03-22T14:38:22+00:00\" \/>\n<meta property=\"og:image\" content=\"https:\/\/iguanasmoke.com\/wp-content\/uploads\/2024\/10\/Mockup-bando-der.webp\" \/>\n\t<meta property=\"og:image:width\" content=\"826\" \/>\n\t<meta property=\"og:image:height\" content=\"736\" \/>\n\t<meta property=\"og:image:type\" content=\"image\/webp\" \/>\n<meta name=\"twitter:card\" content=\"summary_large_image\" \/>\n<meta name=\"twitter:label1\" content=\"Prix\" \/>\n\t<meta name=\"twitter:data1\" content=\"29,90&nbsp;&euro;\" \/>\n\t<meta name=\"twitter:label2\" content=\"Disponibilit\u00e9\" \/>\n\t<meta name=\"twitter:data2\" content=\"En stock\" \/>\n<meta property=\"product:brand\" content=\"simple\" \/>\n<meta property=\"product:price:amount\" content=\"29.90\" \/>\n<meta property=\"product:price:currency\" content=\"EUR\" \/>\n<meta property=\"og:availability\" content=\"instock\" \/>\n<meta property=\"product:availability\" content=\"instock\" \/>\n<meta property=\"product:retailer_item_id\" content=\"IS-BANDO-3000\" \/>\n<meta property=\"product:condition\" content=\"new\" \/>\n<!-- \/ Yoast SEO Premium plugin. -->","yoast_head_json":{"title":"Bando Boyz Vape Pocket CBD by Kidd Keo - Limited Edition | Iguana Smoke","description":"D\u00e9couvrez la Bando Boyz Vape Pocket CBD de Kidd Keo, collection en \u00e9dition limit\u00e9e. 3000 bouff\u00e9es, 600mg CBD, 0% THC. Achetez votre vaper CBD exclusif maintenant !","robots":{"index":"index","follow":"follow","max-snippet":"max-snippet:-1","max-image-preview":"max-image-preview:large","max-video-preview":"max-video-preview:-1"},"canonical":"https:\/\/iguanasmoke.com\/fr\/produit\/bando-boyz-cbd-vaper-by-kidd-keo\/","og_locale":"fr_FR","og_type":"article","og_title":"Bando Boyz Vape Pocket CBD by Kidd Keo","og_description":"Caracter\u00edsticas:    Vape CBD desechable  Dimensiones: 82 x 49x 22 mm\u00a0  Bater\u00eda: 550 mAh USB-C  Aroma: Bando Boyz  Capacidad: 10ml   Caladas: hasta 3000   CBD: 600\/10ml   THC: 0%   Nicotina: 0%\u00a0\u00a0  Incluye pegatina hologr\u00e1fica Bando Boyz gratis por la compra de una unidad.  Adem\u00e1s, si quieres puedes consultar el an\u00e1lisis de laboratorio.","og_url":"https:\/\/iguanasmoke.com\/fr\/produit\/bando-boyz-cbd-vaper-by-kidd-keo\/","og_site_name":"Iguana Smoke","article_publisher":"https:\/\/www.facebook.com\/iguanasmoke","article_modified_time":"2026-03-22T14:38:22+00:00","og_image":[{"width":826,"height":736,"url":"https:\/\/iguanasmoke.com\/wp-content\/uploads\/2024\/10\/Mockup-bando-der.webp","type":"image\/webp"}],"twitter_card":"summary_large_image","twitter_misc":{"Prix":"29,90&nbsp;&euro;","Disponibilit\u00e9":"En stock"},"schema":{"@context":"https:\/\/schema.org","@graph":[{"@type":"WebPage","@id":"https:\/\/iguanasmoke.com\/producto\/bando-boyz-cbd-vaper-by-kidd-keo\/","url":"https:\/\/iguanasmoke.com\/producto\/bando-boyz-cbd-vaper-by-kidd-keo\/","name":"Bando Boyz Vape Pocket CBD by Kidd Keo - Limited Edition | Iguana Smoke","isPartOf":{"@id":"https:\/\/iguanasmoke.com\/#website"},"primaryImageOfPage":{"@id":"https:\/\/iguanasmoke.com\/producto\/bando-boyz-cbd-vaper-by-kidd-keo\/#primaryimage"},"image":{"@id":"https:\/\/iguanasmoke.com\/producto\/bando-boyz-cbd-vaper-by-kidd-keo\/#primaryimage"},"thumbnailUrl":"https:\/\/iguanasmoke.com\/wp-content\/uploads\/2024\/10\/Mockup-bando-der.webp","datePublished":"2024-10-08T12:08:19+00:00","dateModified":"2026-03-22T14:38:22+00:00","description":"D\u00e9couvrez la Bando Boyz Vape Pocket CBD de Kidd Keo, collection en \u00e9dition limit\u00e9e. 3000 bouff\u00e9es, 600mg CBD, 0% THC. Achetez votre vaper CBD exclusif maintenant !","breadcrumb":{"@id":"https:\/\/iguanasmoke.com\/producto\/bando-boyz-cbd-vaper-by-kidd-keo\/#breadcrumb"},"inLanguage":"fr-FR","potentialAction":[{"@type":"ReadAction","target":["https:\/\/iguanasmoke.com\/producto\/bando-boyz-cbd-vaper-by-kidd-keo\/"]}]},{"@type":"ImageObject","inLanguage":"fr-FR","@id":"https:\/\/iguanasmoke.com\/producto\/bando-boyz-cbd-vaper-by-kidd-keo\/#primaryimage","url":"https:\/\/iguanasmoke.com\/wp-content\/uploads\/2024\/10\/Mockup-bando-der.webp","contentUrl":"https:\/\/iguanasmoke.com\/wp-content\/uploads\/2024\/10\/Mockup-bando-der.webp","width":826,"height":736,"caption":"vaper cbd"},{"@type":"BreadcrumbList","@id":"https:\/\/iguanasmoke.com\/producto\/bando-boyz-cbd-vaper-by-kidd-keo\/#breadcrumb","itemListElement":[{"@type":"ListItem","position":1,"name":"home","item":"https:\/\/iguanasmoke.com\/"},{"@type":"ListItem","position":2,"name":"Tienda","item":"https:\/\/iguanasmoke.com\/tienda\/"},{"@type":"ListItem","position":3,"name":"Vaper CBD","item":"https:\/\/iguanasmoke.com\/categoria\/vaper-cbd\/"},{"@type":"ListItem","position":4,"name":"Pods","item":"https:\/\/iguanasmoke.com\/categoria\/vaper-cbd\/pods\/"},{"@type":"ListItem","position":5,"name":"Bando Boyz Vape Pocket CBD by Kidd Keo"}]},{"@type":"WebSite","@id":"https:\/\/iguanasmoke.com\/#website","url":"https:\/\/iguanasmoke.com\/","name":"Fum\u00e9e d'iguane","description":"Acheter du CBD en ligne au meilleur prix","publisher":{"@id":"https:\/\/iguanasmoke.com\/#organization"},"potentialAction":[{"@type":"SearchAction","target":{"@type":"EntryPoint","urlTemplate":"https:\/\/iguanasmoke.com\/?s={search_term_string}"},"query-input":{"@type":"PropertyValueSpecification","valueRequired":true,"valueName":"search_term_string"}}],"inLanguage":"fr-FR"},{"@type":"Organization","@id":"https:\/\/iguanasmoke.com\/#organization","name":"Fum\u00e9e d'iguane","url":"https:\/\/iguanasmoke.com\/","logo":{"@type":"ImageObject","inLanguage":"fr-FR","@id":"https:\/\/iguanasmoke.com\/#\/schema\/logo\/image\/","url":"https:\/\/iguanasmoke.com\/wp-content\/uploads\/2025\/01\/logoiguana-favi-1.png","contentUrl":"https:\/\/iguanasmoke.com\/wp-content\/uploads\/2025\/01\/logoiguana-favi-1.png","width":512,"height":512,"caption":"Iguana Smoke"},"image":{"@id":"https:\/\/iguanasmoke.com\/#\/schema\/logo\/image\/"},"sameAs":["https:\/\/www.facebook.com\/iguanasmoke","https:\/\/www.instagram.com\/iguanasmoke\/"]}]},"product_brand":"simple","product_price_amount":"29.90","product_price_currency":"EUR","og_availability":"instock","product_availability":"instock","product_retailer_item_id":"IS-BANDO-3000","product_condition":"new"},"_links":{"self":[{"href":"https:\/\/iguanasmoke.com\/fr\/wp-json\/wp\/v2\/product\/41435","targetHints":{"allow":["GET"]}}],"collection":[{"href":"https:\/\/iguanasmoke.com\/fr\/wp-json\/wp\/v2\/product"}],"about":[{"href":"https:\/\/iguanasmoke.com\/fr\/wp-json\/wp\/v2\/types\/product"}],"replies":[{"embeddable":true,"href":"https:\/\/iguanasmoke.com\/fr\/wp-json\/wp\/v2\/comments?post=41435"}],"wp:featuredmedia":[{"embeddable":true,"href":"https:\/\/iguanasmoke.com\/fr\/wp-json\/wp\/v2\/media\/41437"}],"wp:attachment":[{"href":"https:\/\/iguanasmoke.com\/fr\/wp-json\/wp\/v2\/media?parent=41435"}],"wp:term":[{"taxonomy":"product_brand","embeddable":true,"href":"https:\/\/iguanasmoke.com\/fr\/wp-json\/wp\/v2\/product_brand?post=41435"},{"taxonomy":"product_cat","embeddable":true,"href":"https:\/\/iguanasmoke.com\/fr\/wp-json\/wp\/v2\/product_cat?post=41435"},{"taxonomy":"product_tag","embeddable":true,"href":"https:\/\/iguanasmoke.com\/fr\/wp-json\/wp\/v2\/product_tag?post=41435"}],"curies":[{"name":"wp","href":"https:\/\/api.w.org\/{rel}","templated":true}]}}