{"id":42742,"date":"2024-11-04T16:26:33","date_gmt":"2024-11-04T15:26:33","guid":{"rendered":"https:\/\/iguanasmoke.com\/?post_type=product&#038;p=42742"},"modified":"2026-03-20T11:53:33","modified_gmt":"2026-03-20T10:53:33","slug":"hash-cbd-golden-20","status":"publish","type":"product","link":"https:\/\/iguanasmoke.com\/fr\/producto\/hash-cbd-golden-20\/","title":{"rendered":"Hash CBD Golden 20%"},"content":{"rendered":"<h1><span style=\"font-weight: 400;\">Golden Hash 20% CBD : Le Golden Hash<\/span><\/h1>\n<p><span style=\"font-size: 16px; font-weight: 400;\">Cette r\u00e9sine n'est pas seulement remarquable par sa couleur dor\u00e9e et sa texture spongieuse. Sa combinaison de go\u00fbt l\u00e9ger et doux en fait le choix id\u00e9al pour ceux qui souhaitent<\/span><strong style=\"font-size: 16px;\"> acheter du hash CBD l\u00e9gal en ligne<\/strong><span style=\"font-size: 16px; font-weight: 400;\"> avec l'assurance d'obtenir le meilleur. N'h\u00e9sitez pas \u00e0 acheter <strong>CBD Golden 20% haschisch <\/strong>\u00e0 Iguana Smoke.<\/span><\/p>\n<p>&nbsp;<\/p>\n<h2>Caract\u00e9ristiques de Hash CBD Golden 20% :<\/h2>\n<ul>\n<li>Aspect et texture : <span style=\"font-weight: 400;\">Son aspect invite \u00e0 appr\u00e9cier son toucher agr\u00e9able, facile \u00e0 \u00e9mietter. Il se distingue visuellement par sa texture douce et moyennement press\u00e9e, une exp\u00e9rience tactile aussi agr\u00e9able que l'effet de sa texture. <strong>Hachis sans THC \u00e0 forte teneur en CBD<\/strong>.\u00a0<\/span><\/li>\n<li><span style=\"font-size: 16px; font-weight: 400;\"><strong>Ar\u00f4me et go\u00fbt :<\/strong> L'ar\u00f4me est <span style=\"font-weight: 400;\">quelque chose<strong>\u00a0floral<\/strong>, similaire \u00e0 d'autres hachages blonds tels que le <a href=\"https:\/\/iguanasmoke.com\/fr\/produit\/blonde-hash-cbd-20\/\">hash Blonde CBD 20%<\/a> de la fum\u00e9e d'iguane.<\/span> Son go\u00fbt est <strong>naturel et doux.<\/strong><\/span><\/li>\n<li><span style=\"font-size: 16px; font-weight: 400;\"><strong>Origine et puret\u00e9 :<\/strong> S\u00e9lectionn\u00e9e avec soin, cette r\u00e9sine provient de chanvre industriel certifi\u00e9 par l'UE, ce qui garantit puret\u00e9 et qualit\u00e9. Cruciale pour ceux qui recherchent <strong>CBD bon march\u00e9<\/strong> mais ne veulent pas compromettre la qualit\u00e9 de la <strong>Golden CBD Hashish Golden 20%<\/strong>.<\/span><\/li>\n<\/ul>\n<p>&nbsp;<\/p>\n<h3><b>Pourquoi acheter du haschisch et de la r\u00e9sine de CBD chez Iguana Smoke ?<\/b><\/h3>\n<p><span style=\"font-weight: 400;\">Chez Iguana Smoke, nous nous engageons sur la qualit\u00e9. Nos produits de CBD hash sont 100% naturels et biologiques, sans produits chimiques ni pesticides. Cela signifie que lorsque vous achetez chez nous, vous choisissez du hash et des r\u00e9sines de CBD purs et s\u00fbrs. Comme c'est le cas pour nos <strong>h<\/strong><span style=\"font-size: 16px; font-weight: 400;\"><strong>ach\u00eds CBD Golden <\/strong><\/span><strong>20%.<\/strong><\/span><\/p>\n<p><span style=\"font-weight: 400;\">C'est sans aucun doute l'endroit le plus s\u00fbr <strong>O\u00f9 acheter du haschisch CBD bon march\u00e9 en Espagne<\/strong> car tous nos produits sont approuv\u00e9s par l'Union europ\u00e9enne, ce qui garantit leur l\u00e9galit\u00e9 et leur s\u00e9curit\u00e9. Avec moins de 0,3 % de THC, notre hash et notre r\u00e9sine de CBD vous permettent de profiter des nombreux bienfaits du CBD sans les effets psychoactifs. <\/span><span style=\"font-weight: 400;\">Vous pouvez consulter l'analyse de la qualit\u00e9 de ce hachis. <a href=\"https:\/\/iguanasmoke.com\/fr\/lanalyse\/\">ici<\/a>.\u00a0<\/span><\/p>\n<p><em><span style=\"font-weight: 400;\">N'oubliez pas que son utilisation est destin\u00e9e \u00e0 la collecte ou \u00e0 l'aromath\u00e9rapie, conform\u00e9ment \u00e0 la l\u00e9gislation espagnole.\u00a0<\/span><\/em><\/p>\n<p><span style=\"font-weight: 400;\">Nous vous encourageons \u00e0 essayer nos autres r\u00e9sines CBD, telles que le <a href=\"https:\/\/iguanasmoke.com\/fr\/produit\/piatella-hash-cbd-40\/\">Piatella<\/a> ou le <a href=\"https:\/\/iguanasmoke.com\/fr\/produit\/lemon-haze-hash-cbd-20\/\">Lemon Haze Hash CBD 20%<\/a>. Bien que nous soyons s\u00fbrs que la <strong>Hash CBD Golden 20%<\/strong> vous allez l'adorer. N'oubliez pas non plus de d\u00e9couvrir les autres produits les plus vendus, comme le <a href=\"https:\/\/iguanasmoke.com\/fr\/categorie\/cbd\/large-spectre\/\">Vapes CBD \u00e0 large spectre<\/a> et le <a href=\"https:\/\/iguanasmoke.com\/fr\/produit\/comprar-cbd-flores-ready-to-roll-30gr\/\">Pr\u00eat \u00e0 rouler<\/a> \u00a1<\/span><span style=\"font-weight: 400;\">Venez acheter votre favori !<\/span><\/p>\n<p>&nbsp;<\/p>\n<h3><b>Iguana Smoke est synonyme de qualit\u00e9 et de fiabilit\u00e9.<\/b><\/h3>\n<p><span style=\"font-weight: 400;\">Chez Iguana Smoke, nous pensons que le CBD doit \u00eatre une exp\u00e9rience s\u00fbre, accessible et agr\u00e9able. C'est pourquoi nous proposons des produits de haute qualit\u00e9 qui s'adressent aux nouvelles g\u00e9n\u00e9rations : des personnes qui recherchent un bien-\u00eatre simple, avec des marques authentiques et fiables. N'oubliez pas que tous nos produits sont <strong>Hachis sans THC \u00e0 forte teneur en CBD<\/strong>, tels que le <strong>haschisch<\/strong> <\/span><span style=\"font-weight: 400;\"><strong>CBD Golden 20% <\/strong>que vous \u00eates sur le point d'acheter.<\/span><\/p>\n<p>En d'autres termes, notre mission est claire : vous apporter le meilleur du CBD \u00e0 un prix \u00e9quitable, avec la tranquillit\u00e9 d'esprit de savoir que vous choisissez un produit certifi\u00e9, efficace et 100% l\u00e9gal. Nous sommes \u00e0 l'avant-garde des produits CBD.<\/p>\n<p>Vous avez des questions ? Ecrivez-nous et nous nous ferons un plaisir de vous aider \u00e0 trouver le produit qui vous convient.<\/p>","protected":false},"excerpt":{"rendered":"<p><span style=\"font-weight: 400;\">La r\u00e9sine dor\u00e9e, duveteuse et lisse est parfaite pour ceux qui veulent acheter du CBD hash en ligne. Elle se distingue par sa couleur et son ar\u00f4me riche.<\/span><\/p>\n<ul>\n<li>CBD : 20% \/ THC : &lt;0.3%<\/li>\n<li>Ar\u00f4me tr\u00e8s naturel<\/li>\n<li>100% l\u00e9gal en Europe<\/li>\n<\/ul>\n<p>Analyse de la qualit\u00e9 : cliquez\u00a0<a href=\"https:\/\/iguanasmoke.com\/fr\/lanalyse\/\" target=\"_blank\" rel=\"noopener\">ici<\/a><\/p>","protected":false},"featured_media":81852,"comment_status":"open","ping_status":"closed","template":"","meta":{"_acf_changed":false,"site-sidebar-layout":"default","site-content-layout":"default","ast-site-content-layout":"default","site-content-style":"default","site-sidebar-style":"default","ast-global-header-display":"","ast-banner-title-visibility":"","ast-main-header-display":"","ast-hfb-above-header-display":"","ast-hfb-below-header-display":"","ast-hfb-mobile-header-display":"","site-post-title":"","ast-breadcrumbs-content":"","ast-featured-img":"","footer-sml-layout":"","theme-transparent-header-meta":"default","adv-header-id-meta":"","stick-header-meta":"","header-above-stick-meta":"","header-main-stick-meta":"","header-below-stick-meta":"","astra-migrate-meta-layouts":"set","ast-page-background-enabled":"default","ast-page-background-meta":{"desktop":{"background-color":"var(--ast-global-color-4)","background-image":"","background-repeat":"repeat","background-position":"center center","background-size":"auto","background-attachment":"scroll","background-type":"","background-media":"","overlay-type":"","overlay-color":"","overlay-opacity":"","overlay-gradient":""},"tablet":{"background-color":"","background-image":"","background-repeat":"repeat","background-position":"center center","background-size":"auto","background-attachment":"scroll","background-type":"","background-media":"","overlay-type":"","overlay-color":"","overlay-opacity":"","overlay-gradient":""},"mobile":{"background-color":"","background-image":"","background-repeat":"repeat","background-position":"center center","background-size":"auto","background-attachment":"scroll","background-type":"","background-media":"","overlay-type":"","overlay-color":"","overlay-opacity":"","overlay-gradient":""}},"ast-content-background-meta":{"desktop":{"background-color":"var(--ast-global-color-5)","background-image":"","background-repeat":"repeat","background-position":"center center","background-size":"auto","background-attachment":"scroll","background-type":"","background-media":"","overlay-type":"","overlay-color":"","overlay-opacity":"","overlay-gradient":""},"tablet":{"background-color":"var(--ast-global-color-5)","background-image":"","background-repeat":"repeat","background-position":"center center","background-size":"auto","background-attachment":"scroll","background-type":"","background-media":"","overlay-type":"","overlay-color":"","overlay-opacity":"","overlay-gradient":""},"mobile":{"background-color":"var(--ast-global-color-5)","background-image":"","background-repeat":"repeat","background-position":"center center","background-size":"auto","background-attachment":"scroll","background-type":"","background-media":"","overlay-type":"","overlay-color":"","overlay-opacity":"","overlay-gradient":""}}},"product_brand":[],"product_cat":[397],"product_tag":[],"class_list":{"0":"post-42742","1":"product","2":"type-product","3":"status-publish","4":"has-post-thumbnail","6":"product_cat-hash-cbd","7":"desktop-align-center","8":"tablet-align-center","9":"mobile-align-center","11":"first","12":"outofstock","13":"taxable","14":"shipping-taxable","15":"purchasable","16":"product-type-variable"},"acf":[],"yoast_head":"<!-- This site is optimized with the Yoast SEO Premium plugin v27.3 (Yoast SEO v27.3) - https:\/\/yoast.com\/product\/yoast-seo-premium-wordpress\/ -->\n<title>Hash CBD Golden 20% : Compra resina y hach\u00eds CBD legal online | Iguana Smoke<\/title>\n<meta name=\"description\" content=\"Hash CBD Golden 20% te espera con su atractivo color dorado y su sabor ligero. No dudes m\u00e1s, \u00a1Y haz tu pedido y compra hach\u00eds CBD Golden 20%! \u2728\" \/>\n<meta name=\"robots\" content=\"index, follow, max-snippet:-1, max-image-preview:large, max-video-preview:-1\" \/>\n<link rel=\"canonical\" href=\"https:\/\/iguanasmoke.com\/fr\/produit\/hash-cbd-golden-20\/\" \/>\n<meta property=\"og:locale\" content=\"fr_FR\" \/>\n<meta property=\"og:type\" content=\"article\" \/>\n<meta property=\"og:title\" content=\"Hash CBD Golden 20%\" \/>\n<meta property=\"og:description\" content=\"La resina de oro, esponjosa y suave es perfecta para quienes quieren comprar hash CBD online. Destaca por su tonalidad y su rico aroma.   CBD: 20% \/ THC: &lt;0,3%  Aroma muy natural  100% legal en Europa  An\u00e1lisis de calidad: pincha\u00a0aqu\u00ed\" \/>\n<meta property=\"og:url\" content=\"https:\/\/iguanasmoke.com\/fr\/produit\/hash-cbd-golden-20\/\" \/>\n<meta property=\"og:site_name\" content=\"Iguana Smoke\" \/>\n<meta property=\"article:publisher\" content=\"https:\/\/www.facebook.com\/iguanasmoke\" \/>\n<meta property=\"article:modified_time\" content=\"2026-03-20T10:53:33+00:00\" \/>\n<meta property=\"og:image\" content=\"https:\/\/iguanasmoke.com\/wp-content\/uploads\/2024\/11\/Golden-2g-con-hash.webp\" \/>\n\t<meta property=\"og:image:width\" content=\"1000\" \/>\n\t<meta property=\"og:image:height\" content=\"1000\" \/>\n\t<meta property=\"og:image:type\" content=\"image\/webp\" \/>\n<meta name=\"twitter:card\" content=\"summary_large_image\" \/>\n<meta name=\"twitter:label1\" content=\"Disponibilit\u00e9\" \/>\n\t<meta name=\"twitter:data1\" content=\"Rupture de stock\" \/>\n<meta property=\"product:brand\" content=\"variable\" \/>\n<meta property=\"og:availability\" content=\"out of stock\" \/>\n<meta property=\"product:availability\" content=\"out of stock\" \/>\n<meta property=\"product:condition\" content=\"new\" \/>\n<!-- \/ Yoast SEO Premium plugin. -->","yoast_head_json":{"title":"Hash CBD Golden 20% : Acheter de la r\u00e9sine CBD et du haschisch l\u00e9gaux en ligne : Iguana Smoke","description":"Le hasch CBD Golden 20% vous attend avec sa jolie couleur dor\u00e9e et son go\u00fbt l\u00e9ger. N'h\u00e9sitez plus, passez votre commande et achetez du CBD Golden 20% hash ! \u2728","robots":{"index":"index","follow":"follow","max-snippet":"max-snippet:-1","max-image-preview":"max-image-preview:large","max-video-preview":"max-video-preview:-1"},"canonical":"https:\/\/iguanasmoke.com\/fr\/produit\/hash-cbd-golden-20\/","og_locale":"fr_FR","og_type":"article","og_title":"Hash CBD Golden 20%","og_description":"La resina de oro, esponjosa y suave es perfecta para quienes quieren comprar hash CBD online. Destaca por su tonalidad y su rico aroma.   CBD: 20% \/ THC: &lt;0,3%  Aroma muy natural  100% legal en Europa  An\u00e1lisis de calidad: pincha\u00a0aqu\u00ed","og_url":"https:\/\/iguanasmoke.com\/fr\/produit\/hash-cbd-golden-20\/","og_site_name":"Iguana Smoke","article_publisher":"https:\/\/www.facebook.com\/iguanasmoke","article_modified_time":"2026-03-20T10:53:33+00:00","og_image":[{"width":1000,"height":1000,"url":"https:\/\/iguanasmoke.com\/wp-content\/uploads\/2024\/11\/Golden-2g-con-hash.webp","type":"image\/webp"}],"twitter_card":"summary_large_image","twitter_misc":{"Disponibilit\u00e9":"Rupture de stock"},"schema":{"@context":"https:\/\/schema.org","@graph":[{"@type":"WebPage","@id":"https:\/\/iguanasmoke.com\/producto\/hash-cbd-golden-20\/","url":"https:\/\/iguanasmoke.com\/producto\/hash-cbd-golden-20\/","name":"Hash CBD Golden 20% : Acheter de la r\u00e9sine CBD et du haschisch l\u00e9gaux en ligne : Iguana Smoke","isPartOf":{"@id":"https:\/\/iguanasmoke.com\/#website"},"primaryImageOfPage":{"@id":"https:\/\/iguanasmoke.com\/producto\/hash-cbd-golden-20\/#primaryimage"},"image":{"@id":"https:\/\/iguanasmoke.com\/producto\/hash-cbd-golden-20\/#primaryimage"},"thumbnailUrl":"https:\/\/iguanasmoke.com\/wp-content\/uploads\/2024\/11\/Golden-2g-con-hash.webp","datePublished":"2024-11-04T15:26:33+00:00","dateModified":"2026-03-20T10:53:33+00:00","description":"Le hasch CBD Golden 20% vous attend avec sa jolie couleur dor\u00e9e et son go\u00fbt l\u00e9ger. N'h\u00e9sitez plus, passez votre commande et achetez du CBD Golden 20% hash ! \u2728","breadcrumb":{"@id":"https:\/\/iguanasmoke.com\/producto\/hash-cbd-golden-20\/#breadcrumb"},"inLanguage":"fr-FR","potentialAction":[{"@type":"ReadAction","target":["https:\/\/iguanasmoke.com\/producto\/hash-cbd-golden-20\/"]}]},{"@type":"ImageObject","inLanguage":"fr-FR","@id":"https:\/\/iguanasmoke.com\/producto\/hash-cbd-golden-20\/#primaryimage","url":"https:\/\/iguanasmoke.com\/wp-content\/uploads\/2024\/11\/Golden-2g-con-hash.webp","contentUrl":"https:\/\/iguanasmoke.com\/wp-content\/uploads\/2024\/11\/Golden-2g-con-hash.webp","width":1000,"height":1000,"caption":"Hash CBD Golden 2g"},{"@type":"BreadcrumbList","@id":"https:\/\/iguanasmoke.com\/producto\/hash-cbd-golden-20\/#breadcrumb","itemListElement":[{"@type":"ListItem","position":1,"name":"home","item":"https:\/\/iguanasmoke.com\/"},{"@type":"ListItem","position":2,"name":"Tienda","item":"https:\/\/iguanasmoke.com\/tienda\/"},{"@type":"ListItem","position":3,"name":"Hash CBD","item":"https:\/\/iguanasmoke.com\/categoria\/hash-cbd\/"},{"@type":"ListItem","position":4,"name":"Hash CBD Golden 20%"}]},{"@type":"WebSite","@id":"https:\/\/iguanasmoke.com\/#website","url":"https:\/\/iguanasmoke.com\/","name":"Fum\u00e9e d'iguane","description":"Acheter du CBD en ligne au meilleur prix","publisher":{"@id":"https:\/\/iguanasmoke.com\/#organization"},"potentialAction":[{"@type":"SearchAction","target":{"@type":"EntryPoint","urlTemplate":"https:\/\/iguanasmoke.com\/?s={search_term_string}"},"query-input":{"@type":"PropertyValueSpecification","valueRequired":true,"valueName":"search_term_string"}}],"inLanguage":"fr-FR"},{"@type":"Organization","@id":"https:\/\/iguanasmoke.com\/#organization","name":"Fum\u00e9e d'iguane","url":"https:\/\/iguanasmoke.com\/","logo":{"@type":"ImageObject","inLanguage":"fr-FR","@id":"https:\/\/iguanasmoke.com\/#\/schema\/logo\/image\/","url":"https:\/\/iguanasmoke.com\/wp-content\/uploads\/2025\/01\/logoiguana-favi-1.png","contentUrl":"https:\/\/iguanasmoke.com\/wp-content\/uploads\/2025\/01\/logoiguana-favi-1.png","width":512,"height":512,"caption":"Iguana Smoke"},"image":{"@id":"https:\/\/iguanasmoke.com\/#\/schema\/logo\/image\/"},"sameAs":["https:\/\/www.facebook.com\/iguanasmoke","https:\/\/www.instagram.com\/iguanasmoke\/"]}]},"product_brand":"variable","og_availability":"out of stock","product_availability":"out of stock","product_condition":"new"},"_links":{"self":[{"href":"https:\/\/iguanasmoke.com\/fr\/wp-json\/wp\/v2\/product\/42742","targetHints":{"allow":["GET"]}}],"collection":[{"href":"https:\/\/iguanasmoke.com\/fr\/wp-json\/wp\/v2\/product"}],"about":[{"href":"https:\/\/iguanasmoke.com\/fr\/wp-json\/wp\/v2\/types\/product"}],"replies":[{"embeddable":true,"href":"https:\/\/iguanasmoke.com\/fr\/wp-json\/wp\/v2\/comments?post=42742"}],"wp:featuredmedia":[{"embeddable":true,"href":"https:\/\/iguanasmoke.com\/fr\/wp-json\/wp\/v2\/media\/81852"}],"wp:attachment":[{"href":"https:\/\/iguanasmoke.com\/fr\/wp-json\/wp\/v2\/media?parent=42742"}],"wp:term":[{"taxonomy":"product_brand","embeddable":true,"href":"https:\/\/iguanasmoke.com\/fr\/wp-json\/wp\/v2\/product_brand?post=42742"},{"taxonomy":"product_cat","embeddable":true,"href":"https:\/\/iguanasmoke.com\/fr\/wp-json\/wp\/v2\/product_cat?post=42742"},{"taxonomy":"product_tag","embeddable":true,"href":"https:\/\/iguanasmoke.com\/fr\/wp-json\/wp\/v2\/product_tag?post=42742"}],"curies":[{"name":"wp","href":"https:\/\/api.w.org\/{rel}","templated":true}]}}