{"id":45448,"date":"2024-12-13T19:51:51","date_gmt":"2024-12-13T18:51:51","guid":{"rendered":"https:\/\/iguanasmoke.com\/?post_type=product&#038;p=45448"},"modified":"2026-03-09T11:11:47","modified_gmt":"2026-03-09T10:11:47","slug":"rosin-cbd-cold-cure-91-avec-terpenes-vivants","status":"publish","type":"product","link":"https:\/\/iguanasmoke.com\/fr\/producto\/rosin-cbd-cold-cure-91-con-live-terpenes\/","title":{"rendered":"Rosin CBD 91% Cold Cure avec Terp\u00e8nes vivants"},"content":{"rendered":"<div class=\"flex-1 overflow-hidden @container\/thread\">\n<div class=\"h-full\">\n<div class=\"react-scroll-to-bottom--css-tplsx-79elbk h-full\">\n<div class=\"react-scroll-to-bottom--css-tplsx-1n7m0yu\">\n<div class=\"flex flex-col text-sm md:pb-9\">\n<article class=\"w-full scroll-mb-[var(--thread-trailing-height,150px)] text-token-text-primary focus-visible:outline-2 focus-visible:outline-offset-[-4px]\" dir=\"auto\" data-testid=\"conversation-turn-11\" data-scroll-anchor=\"true\">\n<div class=\"m-auto text-base py-[18px] px-3 md:px-4 w-full md:px-5 lg:px-4 xl:px-5\">\n<div class=\"mx-auto flex flex-1 gap-4 text-base md:gap-5 lg:gap-6 md:max-w-3xl lg:max-w-[40rem] xl:max-w-[48rem]\">\n<div class=\"group\/conversation-turn relative flex w-full min-w-0 flex-col agent-turn\">\n<div class=\"flex-col gap-1 md:gap-3\">\n<div class=\"flex max-w-full flex-col flex-grow\">\n<div class=\"min-h-8 text-message flex w-full flex-col items-end gap-2 whitespace-normal break-words text-start [.text-message+&amp;]:mt-5\" dir=\"auto\" data-message-author-role=\"assistant\" data-message-id=\"8082ce6b-bc42-414c-92fe-f826a83cae09\" data-message-model-slug=\"gpt-4o\">\n<div class=\"flex w-full flex-col gap-1 empty:hidden first:pt-[3px]\">\n<div class=\"markdown prose w-full break-words dark:prose-invert dark\">\n<h1><span style=\"font-weight: 400;\">Rosin CBD 91% Cold Cure: Puro, natural y con un sabor \u00fanico\u00a0<\/span><\/h1>\n<p><span style=\"font-weight: 400;\">El <strong>Rosin CBD <\/strong>\u00a0es uno de los <strong>extractos de CBD m\u00e1s puros y naturales<\/strong> que puedes encontrar.\u00a0<\/span><span style=\"font-weight: 400;\">Si buscas <strong>comprar Rosin CBD Cold Cure y extractos CBD<\/strong> de alta calidad o un <strong>rosin CBD barato pero potente<\/strong>, este es la elecci\u00f3n ideal. <\/span><\/p>\n<p><span style=\"font-weight: 400;\">Su proceso de elaboraci\u00f3n artesanal garantiza una <strong>textura cremosa<\/strong>, un <strong>sabor intenso<\/strong> y una <strong>experiencia 100% natural<\/strong>, sin qu\u00edmicos ni disolventes. Su f\u00f3rmula concentrada te permite disfrutar de todo el <strong>poder del cannabidiol (CBD)<\/strong> con la m\u00e1xima pureza.\u00a0<\/span><\/p>\n<p>&nbsp;<\/p>\n<\/div>\n<\/div>\n<\/div>\n<\/div>\n<h2 data-start=\"2719\" data-end=\"2758\">\u00bfQu\u00e9 es el Rosin CBD Cold Cure?<\/h2>\n<div class=\"flex max-w-full flex-col flex-grow\">\n<div class=\"min-h-8 text-message flex w-full flex-col items-end gap-2 whitespace-normal break-words text-start [.text-message+&amp;]:mt-5\" dir=\"auto\" data-message-author-role=\"assistant\" data-message-id=\"8082ce6b-bc42-414c-92fe-f826a83cae09\" data-message-model-slug=\"gpt-4o\">\n<div class=\"flex w-full flex-col gap-1 empty:hidden first:pt-[3px]\">\n<div class=\"markdown prose w-full break-words dark:prose-invert dark\">\n<p><span style=\"font-weight: 400;\">El Rosin CBD Cold Cure es un <strong>extracto artesanal de cannabis rico en CBD<\/strong>. Se obtiene \u00fanicamente mediante <strong>presi\u00f3n y calor<\/strong>, sin usar solventes ni productos qu\u00edmicos. <\/span><span style=\"font-weight: 400;\">Despu\u00e9s, el concentrado se deja <strong>reposar en fr\u00edo<\/strong> en un entorno controlado durante varios d\u00edas, un paso esencial que mejora su textura, aroma y sabor.<\/span><\/p>\n<p>Gracias a este proceso de <strong>curado en fr\u00edo<\/strong>, este tipo de rosin conserva mejor los terpenos y cannabinoides naturales, logrando un resultado m\u00e1s estable y con un perfil arom\u00e1tico m\u00e1s complejo.<\/p>\n<\/div>\n<\/div>\n<\/div>\n<p><span style=\"font-weight: 400;\">Nuestro <strong>Rosin CBD Cold Cure 91%<\/strong> se diferencia del rosin cl\u00e1sico por su <strong>curado en fr\u00edo<\/strong>, un proceso que mejora el sabor, la textura y la estabilidad, ofreciendo un <strong>extracto CBD superior y premium<\/strong>, para quienes desean <strong>comprar Rosin CBD Cold Cure online<\/strong>.<\/span><\/p>\n<p>&nbsp;<\/p>\n<\/div>\n<\/div>\n<\/div>\n<\/div>\n<\/div>\n<\/article>\n<\/div>\n<\/div>\n<\/div>\n<h2>Caracter\u00edsticas Rosin CBD:<\/h2>\n<\/div>\n<\/div>\n<ul>\n<li><span style=\"font-weight: 400;\">\u00a0<strong>100% natural:<\/strong> concentrado puro sin qu\u00edmicos ni solventes (como butano o propano). <\/span><\/li>\n<li><span style=\"font-weight: 400;\"><strong>Alta concentraci\u00f3n<\/strong> <strong>CBD:<\/strong> 91%.<\/span><\/li>\n<li><strong>Sabor y aroma intensos y excepcionales<\/strong>: <span style=\"font-weight: 400;\">gracias a los terpenos conservados durante la curaci\u00f3n en fr\u00edo.<\/span><\/li>\n<li><strong>Textura pegajosa o s\u00f3lida<\/strong>: <span style=\"font-weight: 400;\">seg\u00fan el grado de curaci\u00f3n, la materia prima y la t\u00e9cnica utilizada.\u00a0<\/span><\/li>\n<li>Apariencia: <span style=\"font-weight: 400;\">color <\/span><strong>dorado o ambar<\/strong> <span style=\"font-weight: 400;\">brillante con consistencia tipo mantequilla\/cera.\u00a0<\/span><\/li>\n<li><strong>F\u00e1cil de producir<\/strong>: <span style=\"font-weight: 400;\">aunque las prensas de Rosin profesionales no son comunes, tambi\u00e9n puedes hacer Rosin CBD en casa con herramientas simples como una plancha de pelo y papel pergamino.\u00a0<\/span><\/li>\n<\/ul>\n<h3>Proceso de Extracci\u00f3n del Rosin<\/h3>\n<ol start=\"1\" data-spread=\"false\">\n<li><strong>Selecci\u00f3n de la materia prima<\/strong>: <span style=\"font-weight: 400;\">Se pueden usar flores de cannabis secas y curadas, kief o hash.<\/span><\/li>\n<li><strong>Aplicaci\u00f3n de calor y presi\u00f3n<\/strong>: <span style=\"font-weight: 400;\">La materia prima se coloca entre hojas de papel pergamino dentro de una prensa especial.<\/span><\/li>\n<li><strong>Recolecci\u00f3n del extracto<\/strong>: <span style=\"font-weight: 400;\">Bajo presi\u00f3n y calor, los cannabinoides y terpenos se separan de la planta y se recogen en el papel pergamino.<\/span><\/li>\n<\/ol>\n<p>&nbsp;<\/p>\n<div class=\"flex-1 overflow-hidden @container\/thread\">\n<div class=\"h-full\">\n<div class=\"react-scroll-to-bottom--css-tplsx-79elbk h-full\">\n<div class=\"react-scroll-to-bottom--css-tplsx-1n7m0yu\">\n<div class=\"flex flex-col text-sm md:pb-9\">\n<article class=\"w-full scroll-mb-[var(--thread-trailing-height,150px)] text-token-text-primary focus-visible:outline-2 focus-visible:outline-offset-[-4px]\" dir=\"auto\" data-testid=\"conversation-turn-11\" data-scroll-anchor=\"true\">\n<div class=\"m-auto text-base py-[18px] px-3 md:px-4 w-full md:px-5 lg:px-4 xl:px-5\">\n<div class=\"mx-auto flex flex-1 gap-4 text-base md:gap-5 lg:gap-6 md:max-w-3xl lg:max-w-[40rem] xl:max-w-[48rem]\">\n<div class=\"group\/conversation-turn relative flex w-full min-w-0 flex-col agent-turn\">\n<div class=\"flex-col gap-1 md:gap-3\">\n<div class=\"flex max-w-full flex-col flex-grow\">\n<div class=\"min-h-8 text-message flex w-full flex-col items-end gap-2 whitespace-normal break-words text-start [.text-message+&amp;]:mt-5\" dir=\"auto\" data-message-author-role=\"assistant\" data-message-id=\"8082ce6b-bc42-414c-92fe-f826a83cae09\" data-message-model-slug=\"gpt-4o\">\n<div class=\"flex w-full flex-col gap-1 empty:hidden first:pt-[3px]\">\n<div class=\"markdown prose w-full break-words dark:prose-invert dark\">\n<h2 data-start=\"2719\" data-end=\"2758\">\u00bfC\u00f3mo consumir tu Rosin CBD?<\/h2>\n<p><span style=\"font-weight: 400;\">Existen diferentes formas de consumo seg\u00fan tus preferencias y nivel de experiencia: <\/span><\/p>\n<ul>\n<li><span style=\"font-weight: 400;\"><strong>Dabbing:<\/strong> La forma m\u00e1s potente y directa de disfrutar del Rosin CBD Cold Cure. Tan solo necesitas un <strong>dab rig o un vaporizador<\/strong> especializado. Esta t\u00e9cnica te permite aprovechar todo el <strong>sabor y los efectos de manera inmediata<\/strong>.<\/span><\/li>\n<li><span style=\"font-weight: 400;\"><strong>Vaporizaci\u00f3n:<\/strong> Si por el contrario buscas un <strong>sabor m\u00e1s puro e intenso<\/strong>, la vaporizaci\u00f3n es tu opci\u00f3n perfecta. Utiliza uno que sea adecuado y compatible con concentrados para disfrutar al m\u00e1ximo del perfil de terpenos vivos <em>&#8220;Live Resin&#8221;<\/em> que caracterizan este Rosin CBD Cold Cure.<\/span><\/li>\n<li><span style=\"font-weight: 400;\"><strong>Combinaci\u00f3n flores + Rosin:<\/strong> Combinando ambas conseguir\u00e1s <strong>intensificar los efectos y potenciar el sabor<\/strong>. Es una de las formas m\u00e1s populares y equilibradas de disfrutar este extracto.<\/span><\/li>\n<li><span style=\"font-weight: 400;\"><strong>Uso culinario<\/strong>: Aunque esta opci\u00f3n es la <strong>menos com\u00fan<\/strong>, tambi\u00e9n puedes usarla en recetas. Asegurate de <strong>controlar la temperatura<\/strong> para conservar bien los cannabinoides y los terpenos naturales.\u00a0<\/span><\/li>\n<\/ul>\n<p><span style=\"font-weight: 400;\">Consejo: Empieza siempre con peque\u00f1as cantidades, especialmente si es tu primera al comprar Rosin CBD Cold Cure. As\u00ed podr\u00e1s ajustar la dosis y disfrutar de una experiencia segura y personalizada.<\/span><\/p>\n<p>&nbsp;<\/p>\n<\/div>\n<\/div>\n<h2 data-start=\"2719\" data-end=\"2758\">\u00bfC\u00f3mo conservar tu Rosin CBD 91%Cold Cure?<\/h2>\n<div class=\"flex w-full flex-col gap-1 empty:hidden first:pt-[3px]\">\n<div class=\"markdown prose w-full break-words dark:prose-invert dark\">\n<p><span style=\"font-weight: 400;\">Para mantener intacta la <strong>pureza, textura y aroma del Rosin CBD<\/strong>, gu\u00e1rdalo correctamente. Usa <strong>envases herm\u00e9ticos<\/strong> &#8211; mejor si son vidrio o silicona &#8211; para evitar la exposici\u00f3n al aire. Cons\u00e9rvalo en un <strong>lugar fresco<\/strong>, como la <strong>nevera<\/strong>, pero <strong>nunca en el congelador<\/strong>. Adem\u00e1s, protege tu <strong>Rosin CBD de la luz directa y la humedad<\/strong> para asegurar su m\u00e1xima calidad.\u00a0<\/span><\/p>\n<p>&nbsp;<\/p>\n<\/div>\n<\/div>\n<h3><b>\u00bfPor qu\u00e9 comprar extractos CBD en Iguana Smoke?<\/b><\/h3>\n<p><span style=\"font-weight: 400;\">En <strong>Iguana Smoke<\/strong>, nos comprometemos con la calidad y seguridad. Todos nuestros <strong>extractos CBD son 100% naturales, ecol\u00f3gicos y analizados en laboratorio. <\/strong>Puedes consultar el an\u00e1lisis de calidad de este extracto <a href=\"https:\/\/iguanasmoke.com\/analiticas\/\">aqu\u00ed<\/a>.\u00a0<\/span><\/p>\n<p><span style=\"font-weight: 400;\">Contamos con una selecci\u00f3n exclusiva de <strong>extractos CBD premium<\/strong> y opciones de <strong>Rosin CBD barato<\/strong> para todos los gustos<\/span><span style=\"font-weight: 400;\">. Iguana Smoke es tu lugar seguro <strong>d\u00f3nde comprar Rosin CBD Cold Cure online en Espa\u00f1a: <\/strong>productos aprobados por la Uni\u00f3n Europea, con <strong>menos del 0,3 % de THC<\/strong>, para disfrutar de una experiencia aut\u00e9ntica y dentro del marco legal. <\/span><\/p>\n<p><span style=\"font-weight: 400;\">Es m\u00e1s,\u00a0te animamos a que pruebes otros de nuestros extractos CBD como la<a href=\"https:\/\/iguanasmoke.com\/producto\/live-resin-cbd-84-con-live-terpenes\/\"> Live Resin CBD 84%<\/a> o el <a href=\"https:\/\/iguanasmoke.com\/producto\/diamonds-cbd-98-live-terpenes\/\">Diamonds CBD 98%,<\/a> y no te olvides de explorar otros productos populares, como el <a href=\"https:\/\/iguanasmoke.com\/categoria\/hash-cbd\/\">hash CBD<\/a> y las <a href=\"https:\/\/iguanasmoke.com\/categoria\/comprar-flor-cbd-cogollos-online\/\">flores de CBD.<\/a><\/span><\/p>\n<p><span style=\"font-weight: 400;\">Y si es tu primera vez con los extractos&#8230; este es un muy buen punto de partida. \u00a1No dudes en <strong>comprar Rosin CBD Cold Cure barato online<\/strong> con Iguana Smoke!<\/span><\/p>\n<p><em><span style=\"font-weight: 400;\">Recuerda: su uso est\u00e1 destinado a coleccionismo o aromaterapia seg\u00fan la legislaci\u00f3n espa\u00f1ola.\u00a0<\/span><\/em><\/p>\n<p>&nbsp;<\/p>\n<h3><b>Iguana Smoke es sin\u00f3nimo de calidad y confianza, es CBD sin complicaciones<\/b><\/h3>\n<p><span style=\"font-weight: 400;\">En Iguana Smoke, creemos que <strong>disfrutar del CBD<\/strong> debe ser una experiencia segura, accesible y placentera. Por eso te ofrecemos CBD de alta calidad para quienes buscan <strong>bienestar sin complicaciones. <\/strong>El <strong>Rosin CBD Cold Cure 91%<\/strong> refleja nuestra misi\u00f3n: productos certificados, efectivos y 100% legales al mejor precio con la mejor calidad. \u00a1Descubre el poder del CBD y lleva tu experiencia al siguiente nivel!<\/span><\/p>\n<p>\u00bfTienes dudas? Escr\u00edbenos y con gusto te ayudamos a encontrar el producto ideal para ti.<\/p>\n<\/div>\n<\/div>\n<\/div>\n<\/div>\n<\/div>\n<\/div>\n<\/article>\n<\/div>\n<\/div>\n<\/div>\n<\/div>\n<\/div>\n","protected":false},"excerpt":{"rendered":"<p><span style=\"font-weight: 400;\">Notre <strong>Rosin CBD 91% Cold Cure<\/strong> est un <strong>extrait de cannabis de qualit\u00e9 sup\u00e9rieure<\/strong> sans solvant<strong>.<\/strong> Son processus unique de <strong>s\u00e9ch\u00e9 \u00e0 froid, am\u00e9liore la saveur et la qualit\u00e9<\/strong>.\u00a0<\/span><\/p>\n<ul>\n<li>CBD : concentration \u00e9lev\u00e9e 91 % \/ THC &lt;0,3 %<\/li>\n<li>Ar\u00f4me in\u00e9gal\u00e9 gr\u00e2ce aux terp\u00e8nes vivants<\/li>\n<li>100% l\u00e9gal en Espagne<\/li>\n<\/ul>\n<p>Analyse de la qualit\u00e9 : cliquez <a href=\"https:\/\/iguanasmoke.com\/fr\/lanalyse\/\" target=\"_blank\" rel=\"noopener\">ici<\/a><\/p>","protected":false},"featured_media":45452,"comment_status":"open","ping_status":"closed","template":"","meta":{"_acf_changed":false,"site-sidebar-layout":"default","site-content-layout":"default","ast-site-content-layout":"default","site-content-style":"default","site-sidebar-style":"default","ast-global-header-display":"","ast-banner-title-visibility":"","ast-main-header-display":"","ast-hfb-above-header-display":"","ast-hfb-below-header-display":"","ast-hfb-mobile-header-display":"","site-post-title":"","ast-breadcrumbs-content":"","ast-featured-img":"","footer-sml-layout":"","theme-transparent-header-meta":"default","adv-header-id-meta":"","stick-header-meta":"","header-above-stick-meta":"","header-main-stick-meta":"","header-below-stick-meta":"","astra-migrate-meta-layouts":"set","ast-page-background-enabled":"default","ast-page-background-meta":{"desktop":{"background-color":"var(--ast-global-color-4)","background-image":"","background-repeat":"repeat","background-position":"center center","background-size":"auto","background-attachment":"scroll","background-type":"","background-media":"","overlay-type":"","overlay-color":"","overlay-opacity":"","overlay-gradient":""},"tablet":{"background-color":"","background-image":"","background-repeat":"repeat","background-position":"center center","background-size":"auto","background-attachment":"scroll","background-type":"","background-media":"","overlay-type":"","overlay-color":"","overlay-opacity":"","overlay-gradient":""},"mobile":{"background-color":"","background-image":"","background-repeat":"repeat","background-position":"center center","background-size":"auto","background-attachment":"scroll","background-type":"","background-media":"","overlay-type":"","overlay-color":"","overlay-opacity":"","overlay-gradient":""}},"ast-content-background-meta":{"desktop":{"background-color":"var(--ast-global-color-5)","background-image":"","background-repeat":"repeat","background-position":"center center","background-size":"auto","background-attachment":"scroll","background-type":"","background-media":"","overlay-type":"","overlay-color":"","overlay-opacity":"","overlay-gradient":""},"tablet":{"background-color":"var(--ast-global-color-5)","background-image":"","background-repeat":"repeat","background-position":"center center","background-size":"auto","background-attachment":"scroll","background-type":"","background-media":"","overlay-type":"","overlay-color":"","overlay-opacity":"","overlay-gradient":""},"mobile":{"background-color":"var(--ast-global-color-5)","background-image":"","background-repeat":"repeat","background-position":"center center","background-size":"auto","background-attachment":"scroll","background-type":"","background-media":"","overlay-type":"","overlay-color":"","overlay-opacity":"","overlay-gradient":""}}},"product_brand":[],"product_cat":[462],"product_tag":[],"class_list":{"0":"post-45448","1":"product","2":"type-product","3":"status-publish","4":"has-post-thumbnail","6":"product_cat-extractos-cbd","7":"desktop-align-center","8":"tablet-align-center","9":"mobile-align-center","11":"first","12":"instock","13":"taxable","14":"shipping-taxable","15":"purchasable","16":"product-type-variable"},"acf":[],"yoast_head":"<!-- This site is optimized with the Yoast SEO Premium plugin v27.3 (Yoast SEO v27.3) - https:\/\/yoast.com\/product\/yoast-seo-premium-wordpress\/ -->\n<title>Rosin CBD 91% Cold cure con live Terpenes | comprar rosin barato| Iguana Smoke<\/title>\n<meta name=\"description\" content=\"Comprar Rosin CBD 91% Cold Cure, un extracto premium sin solventes, potente y arom\u00e1tico. Tu Rosin CBD barato y extractos CBD online en Iguana Smoke.\" \/>\n<meta name=\"robots\" content=\"index, follow, max-snippet:-1, max-image-preview:large, max-video-preview:-1\" \/>\n<link rel=\"canonical\" href=\"https:\/\/iguanasmoke.com\/fr\/produit\/rosin-cbd-cold-cure-91-avec-terpenes-vivants\/\" \/>\n<meta property=\"og:locale\" content=\"fr_FR\" \/>\n<meta property=\"og:type\" content=\"article\" \/>\n<meta property=\"og:title\" content=\"Rosin CBD 91% Cold Cure con Live Terpenes\" \/>\n<meta property=\"og:description\" content=\"Nuestro Rosin CBD 91% Cold Cure es un extracto de cannabis premium sin solventes. Su proceso \u00fanico de curado en fr\u00edo, potencia el sabor y la calidad.\u00a0   CBD: alta concentraci\u00f3n 91 % \/ THC &lt;0,3 %  Aroma inigualable con Live Terpenes  100% legal en Espa\u00f1a  An\u00e1lisis de calidad: pincha aqu\u00ed\" \/>\n<meta property=\"og:url\" content=\"https:\/\/iguanasmoke.com\/fr\/produit\/rosin-cbd-cold-cure-91-avec-terpenes-vivants\/\" \/>\n<meta property=\"og:site_name\" content=\"Iguana Smoke\" \/>\n<meta property=\"article:publisher\" content=\"https:\/\/www.facebook.com\/iguanasmoke\" \/>\n<meta property=\"article:modified_time\" content=\"2026-03-09T10:11:47+00:00\" \/>\n<meta property=\"og:image\" content=\"https:\/\/iguanasmoke.com\/wp-content\/uploads\/2024\/12\/Rosing-rosin.webp\" \/>\n\t<meta property=\"og:image:width\" content=\"1000\" \/>\n\t<meta property=\"og:image:height\" content=\"1000\" \/>\n\t<meta property=\"og:image:type\" content=\"image\/webp\" \/>\n<meta name=\"twitter:card\" content=\"summary_large_image\" \/>\n<meta name=\"twitter:label1\" content=\"Disponibilit\u00e9\" \/>\n\t<meta name=\"twitter:data1\" content=\"En stock\" \/>\n<meta property=\"product:brand\" content=\"variable\" \/>\n<meta property=\"og:availability\" content=\"instock\" \/>\n<meta property=\"product:availability\" content=\"instock\" \/>\n<meta property=\"product:condition\" content=\"new\" \/>\n<!-- \/ Yoast SEO Premium plugin. -->","yoast_head_json":{"title":"Rosin CBD 91% Cold cure with live Terpenes | acheter rosin pas cher| Iguana Smoke","description":"Achetez Rosin CBD 91% Cold Cure, un extrait de premi\u00e8re qualit\u00e9 sans solvant, puissant et aromatique. Votre Rosin CBD et vos extraits de CBD bon march\u00e9 en ligne chez Iguana Smoke.","robots":{"index":"index","follow":"follow","max-snippet":"max-snippet:-1","max-image-preview":"max-image-preview:large","max-video-preview":"max-video-preview:-1"},"canonical":"https:\/\/iguanasmoke.com\/fr\/produit\/rosin-cbd-cold-cure-91-avec-terpenes-vivants\/","og_locale":"fr_FR","og_type":"article","og_title":"Rosin CBD 91% Cold Cure con Live Terpenes","og_description":"Nuestro Rosin CBD 91% Cold Cure es un extracto de cannabis premium sin solventes. Su proceso \u00fanico de curado en fr\u00edo, potencia el sabor y la calidad.\u00a0   CBD: alta concentraci\u00f3n 91 % \/ THC &lt;0,3 %  Aroma inigualable con Live Terpenes  100% legal en Espa\u00f1a  An\u00e1lisis de calidad: pincha aqu\u00ed","og_url":"https:\/\/iguanasmoke.com\/fr\/produit\/rosin-cbd-cold-cure-91-avec-terpenes-vivants\/","og_site_name":"Iguana Smoke","article_publisher":"https:\/\/www.facebook.com\/iguanasmoke","article_modified_time":"2026-03-09T10:11:47+00:00","og_image":[{"width":1000,"height":1000,"url":"https:\/\/iguanasmoke.com\/wp-content\/uploads\/2024\/12\/Rosing-rosin.webp","type":"image\/webp"}],"twitter_card":"summary_large_image","twitter_misc":{"Disponibilit\u00e9":"En stock"},"schema":{"@context":"https:\/\/schema.org","@graph":[{"@type":"WebPage","@id":"https:\/\/iguanasmoke.com\/producto\/rosin-cbd-cold-cure-91-con-live-terpenes\/","url":"https:\/\/iguanasmoke.com\/producto\/rosin-cbd-cold-cure-91-con-live-terpenes\/","name":"Rosin CBD 91% Cold cure with live Terpenes | acheter rosin pas cher| Iguana Smoke","isPartOf":{"@id":"https:\/\/iguanasmoke.com\/#website"},"primaryImageOfPage":{"@id":"https:\/\/iguanasmoke.com\/producto\/rosin-cbd-cold-cure-91-con-live-terpenes\/#primaryimage"},"image":{"@id":"https:\/\/iguanasmoke.com\/producto\/rosin-cbd-cold-cure-91-con-live-terpenes\/#primaryimage"},"thumbnailUrl":"https:\/\/iguanasmoke.com\/wp-content\/uploads\/2024\/12\/Rosing-rosin.webp","datePublished":"2024-12-13T18:51:51+00:00","dateModified":"2026-03-09T10:11:47+00:00","description":"Achetez Rosin CBD 91% Cold Cure, un extrait de premi\u00e8re qualit\u00e9 sans solvant, puissant et aromatique. Votre Rosin CBD et vos extraits de CBD bon march\u00e9 en ligne chez Iguana Smoke.","breadcrumb":{"@id":"https:\/\/iguanasmoke.com\/producto\/rosin-cbd-cold-cure-91-con-live-terpenes\/#breadcrumb"},"inLanguage":"fr-FR","potentialAction":[{"@type":"ReadAction","target":["https:\/\/iguanasmoke.com\/producto\/rosin-cbd-cold-cure-91-con-live-terpenes\/"]}]},{"@type":"ImageObject","inLanguage":"fr-FR","@id":"https:\/\/iguanasmoke.com\/producto\/rosin-cbd-cold-cure-91-con-live-terpenes\/#primaryimage","url":"https:\/\/iguanasmoke.com\/wp-content\/uploads\/2024\/12\/Rosing-rosin.webp","contentUrl":"https:\/\/iguanasmoke.com\/wp-content\/uploads\/2024\/12\/Rosing-rosin.webp","width":1000,"height":1000,"caption":"ROSIN CBD"},{"@type":"BreadcrumbList","@id":"https:\/\/iguanasmoke.com\/producto\/rosin-cbd-cold-cure-91-con-live-terpenes\/#breadcrumb","itemListElement":[{"@type":"ListItem","position":1,"name":"home","item":"https:\/\/iguanasmoke.com\/"},{"@type":"ListItem","position":2,"name":"Tienda","item":"https:\/\/iguanasmoke.com\/tienda\/"},{"@type":"ListItem","position":3,"name":"Extractos de CBD","item":"https:\/\/iguanasmoke.com\/categoria\/extractos-cbd\/"},{"@type":"ListItem","position":4,"name":"Rosin CBD 91% Cold Cure con Live Terpenes"}]},{"@type":"WebSite","@id":"https:\/\/iguanasmoke.com\/#website","url":"https:\/\/iguanasmoke.com\/","name":"Fum\u00e9e d'iguane","description":"Acheter du CBD en ligne au meilleur prix","publisher":{"@id":"https:\/\/iguanasmoke.com\/#organization"},"potentialAction":[{"@type":"SearchAction","target":{"@type":"EntryPoint","urlTemplate":"https:\/\/iguanasmoke.com\/?s={search_term_string}"},"query-input":{"@type":"PropertyValueSpecification","valueRequired":true,"valueName":"search_term_string"}}],"inLanguage":"fr-FR"},{"@type":"Organization","@id":"https:\/\/iguanasmoke.com\/#organization","name":"Fum\u00e9e d'iguane","url":"https:\/\/iguanasmoke.com\/","logo":{"@type":"ImageObject","inLanguage":"fr-FR","@id":"https:\/\/iguanasmoke.com\/#\/schema\/logo\/image\/","url":"https:\/\/iguanasmoke.com\/wp-content\/uploads\/2025\/01\/logoiguana-favi-1.png","contentUrl":"https:\/\/iguanasmoke.com\/wp-content\/uploads\/2025\/01\/logoiguana-favi-1.png","width":512,"height":512,"caption":"Iguana Smoke"},"image":{"@id":"https:\/\/iguanasmoke.com\/#\/schema\/logo\/image\/"},"sameAs":["https:\/\/www.facebook.com\/iguanasmoke","https:\/\/www.instagram.com\/iguanasmoke\/"]}]},"product_brand":"variable","og_availability":"instock","product_availability":"instock","product_condition":"new"},"_links":{"self":[{"href":"https:\/\/iguanasmoke.com\/fr\/wp-json\/wp\/v2\/product\/45448","targetHints":{"allow":["GET"]}}],"collection":[{"href":"https:\/\/iguanasmoke.com\/fr\/wp-json\/wp\/v2\/product"}],"about":[{"href":"https:\/\/iguanasmoke.com\/fr\/wp-json\/wp\/v2\/types\/product"}],"replies":[{"embeddable":true,"href":"https:\/\/iguanasmoke.com\/fr\/wp-json\/wp\/v2\/comments?post=45448"}],"wp:featuredmedia":[{"embeddable":true,"href":"https:\/\/iguanasmoke.com\/fr\/wp-json\/wp\/v2\/media\/45452"}],"wp:attachment":[{"href":"https:\/\/iguanasmoke.com\/fr\/wp-json\/wp\/v2\/media?parent=45448"}],"wp:term":[{"taxonomy":"product_brand","embeddable":true,"href":"https:\/\/iguanasmoke.com\/fr\/wp-json\/wp\/v2\/product_brand?post=45448"},{"taxonomy":"product_cat","embeddable":true,"href":"https:\/\/iguanasmoke.com\/fr\/wp-json\/wp\/v2\/product_cat?post=45448"},{"taxonomy":"product_tag","embeddable":true,"href":"https:\/\/iguanasmoke.com\/fr\/wp-json\/wp\/v2\/product_tag?post=45448"}],"curies":[{"name":"wp","href":"https:\/\/api.w.org\/{rel}","templated":true}]}}