{"id":45454,"date":"2024-12-13T20:10:26","date_gmt":"2024-12-13T19:10:26","guid":{"rendered":"https:\/\/iguanasmoke.com\/?post_type=product&#038;p=45454"},"modified":"2025-10-31T11:22:51","modified_gmt":"2025-10-31T10:22:51","slug":"live-resin-cbd-84-live-terpenes","status":"publish","type":"product","link":"https:\/\/iguanasmoke.com\/fr\/producto\/live-resin-cbd-84-live-terpenes\/","title":{"rendered":"Live Resin CBD 84% avec Live Terpenes"},"content":{"rendered":"<h1><span style=\"font-weight: 400\">Live Resin CBD 84% con Live Terpenes: Potente y arom\u00e1tico\u00a0<\/span><\/h1>\n<p><span style=\"font-weight: 400\">El <strong>Live Resin CBD <\/strong>es uno de los <strong>extractos de CBD m\u00e1s puros y naturales<\/strong> que puedes encontrar en el mercado. <\/span><span style=\"font-weight: 400\">Si buscas <strong>comprar extractos CBD<\/strong> de alta calidad o un <strong>live resin CBD barato pero potente<\/strong>, este es tu tienda ideal.<\/span><\/p>\n<div class=\"flex-1 overflow-hidden @container\/thread\">\n<div class=\"h-full\">\n<div class=\"react-scroll-to-bottom--css-tplsx-79elbk h-full\">\n<div class=\"react-scroll-to-bottom--css-tplsx-1n7m0yu\">\n<div class=\"flex flex-col text-sm md:pb-9\">\n<article class=\"w-full scroll-mb-[var(--thread-trailing-height,150px)] text-token-text-primary focus-visible:outline-2 focus-visible:outline-offset-[-4px]\" dir=\"auto\" data-testid=\"conversation-turn-11\" data-scroll-anchor=\"true\">\n<div class=\"m-auto text-base py-[18px] px-3 md:px-4 w-full md:px-5 lg:px-4 xl:px-5\">\n<div class=\"mx-auto flex flex-1 gap-4 text-base md:gap-5 lg:gap-6 md:max-w-3xl lg:max-w-[40rem] xl:max-w-[48rem]\">\n<div class=\"group\/conversation-turn relative flex w-full min-w-0 flex-col agent-turn\">\n<div class=\"flex-col gap-1 md:gap-3\">\n<div class=\"flex max-w-full flex-col flex-grow\">\n<div class=\"min-h-8 text-message flex w-full flex-col items-end gap-2 whitespace-normal break-words text-start [.text-message+&amp;]:mt-5\" dir=\"auto\" data-message-author-role=\"assistant\" data-message-id=\"8082ce6b-bc42-414c-92fe-f826a83cae09\" data-message-model-slug=\"gpt-4o\">\n<div class=\"flex w-full flex-col gap-1 empty:hidden first:pt-[3px]\">\n<div class=\"markdown prose w-full break-words dark:prose-invert dark\">\n<p><span style=\"font-weight: 400\">A diferencia de otros productos derivados del cannabis, el Live Resin se elabora artesanalmente utilizando plantas frescas que se congelan inmediatamente despu\u00e9s de la cosecha; lo que garantiza una <strong>textura cremosa<\/strong>, un <strong>sabor intenso<\/strong> y una <strong>experiencia 100% natural<\/strong>, sin qu\u00edmicos ni disolventes. Su f\u00f3rmula concentrada te permite disfrutar de todo el <strong>poder del cannabidiol (CBD)<\/strong> con la m\u00e1xima pureza.\u00a0<\/span><\/p>\n<p>&nbsp;<\/p>\n<\/div>\n<\/div>\n<\/div>\n<\/div>\n<h2 data-start=\"2719\" data-end=\"2758\">\u00bfQu\u00e9 son los <strong>Live Terpenes<\/strong>?<\/h2>\n<div class=\"flex max-w-full flex-col flex-grow\">\n<div class=\"min-h-8 text-message flex w-full flex-col items-end gap-2 whitespace-normal break-words text-start [.text-message+&amp;]:mt-5\" dir=\"auto\" data-message-author-role=\"assistant\" data-message-id=\"8082ce6b-bc42-414c-92fe-f826a83cae09\" data-message-model-slug=\"gpt-4o\">\n<div class=\"flex w-full flex-col gap-1 empty:hidden first:pt-[3px]\">\n<div class=\"markdown prose w-full break-words dark:prose-invert dark\">\n<p><span style=\"font-weight: 400\">El Live Resin CBD es un <strong>extracto artesanal de cannabis rico en CBD<\/strong>. Este tiene unos <strong>compuestos arom\u00e1ticos naturales<\/strong> que se llaman <em><strong>Live Terpenes<\/strong><\/em>, que se encuentran en las <strong>plantas de cannabis<\/strong> y que tambi\u00e9n se preservan durante el proceso de extracci\u00f3n. Estos terpenos son los responsables del sabor y el aroma que caracteriza a cada variedad de cannabis.<\/span><\/p>\n<p><span style=\"font-weight: 400\">Pero su importancia va mucho m\u00e1s alla, ya que los <strong><em>Live Terpenes<\/em><\/strong> no s\u00f3lo mejoran la experiencia sensorial sino que tambi\u00e9n <strong>interact\u00faan con los cannabinoides<\/strong> para <strong>potenciar sus efectos<\/strong>, conocido como el &#8220;<strong>efecto entourage<\/strong>&#8221; o &#8220;<strong>efecto s\u00e9quito<\/strong>&#8220;.<\/span><\/p>\n<p>En combinaci\u00f3n con el CBD, los Live Terpenes incrementan sus beneficios terap\u00e9uticos, ofreciendo un producto mucho m\u00e1s completo y eficaz.<\/p>\n<\/div>\n<\/div>\n<\/div>\n<p><span style=\"font-weight: 400\">Con nuestro <strong>Live Resin CBD 84%\u00a0 <\/strong>te ofrecemos un <strong>extracto CBD superior y premium<\/strong>, para quienes desean <strong>comprar Live Resin online<\/strong>.<\/span><\/p>\n<p>&nbsp;<\/p>\n<\/div>\n<\/div>\n<\/div>\n<\/div>\n<\/div>\n<\/article>\n<\/div>\n<\/div>\n<\/div>\n<h2>Caracter\u00edsticas <strong>Live Resin <\/strong>CBD:<\/h2>\n<\/div>\n<\/div>\n<ul>\n<li><span style=\"font-weight: 400\">\u00a0<strong>100% natural:<\/strong> sin qu\u00edmicos ni solventes.<\/span><\/li>\n<li><span style=\"font-weight: 400\"><strong>Alta concentraci\u00f3n<\/strong> <strong>CBD 84%<\/strong>. perfecto para combatir el estr\u00e9s y ansiedad.\u00a0<\/span><\/li>\n<li><strong>Pureza intensa<\/strong>: <span style=\"font-weight: 400\">elaborado exclusivamente con <strong>plantas frescas congeladas tras la cosecha<\/strong>, asegurando que los cannabinoides y terpenos se conserven.<\/span><\/li>\n<li><b>Presencia de Live Terpenes: <\/b><span style=\"font-weight: 400\">los terpenos vivos <strong>garantizan un sabor y aroma intensos<\/strong>, y mejoran la eficacia del CBD gracias al efecto entourage.<\/span><\/li>\n<li>Apariencia: <span style=\"font-weight: 400\">de <strong>color ambar brillante<\/strong> con consistencia tipo miel\/cera.<\/span><\/li>\n<\/ul>\n<h3>Proceso de Extracci\u00f3n del Live Resin<\/h3>\n<ol start=\"1\" data-spread=\"false\">\n<li><strong>Congelaci\u00f3n del material<\/strong>: Las flores frescas se congelan inmediatamente despu\u00e9s de la cosecha para preservar los terpenos.<\/li>\n<li><strong>Producci\u00f3n de ice water hash<\/strong>: Las flores congeladas se agitan en agua helada para separar las gl\u00e1ndulas de resina.<\/li>\n<li><strong>Prensado del hash<\/strong>: Este hash fresco y congelado se coloca en una prensa de rosin para extraer el live resin.<\/li>\n<\/ol>\n<p>El resultado es un producto de calidad superior que conserva el perfil m\u00e1s fresco y completo de la planta.<\/p>\n<p>&nbsp;<\/p>\n<div class=\"flex-1 overflow-hidden @container\/thread\">\n<div class=\"h-full\">\n<div class=\"react-scroll-to-bottom--css-tplsx-79elbk h-full\">\n<div class=\"react-scroll-to-bottom--css-tplsx-1n7m0yu\">\n<div class=\"flex flex-col text-sm md:pb-9\">\n<article class=\"w-full scroll-mb-[var(--thread-trailing-height,150px)] text-token-text-primary focus-visible:outline-2 focus-visible:outline-offset-[-4px]\" dir=\"auto\" data-testid=\"conversation-turn-11\" data-scroll-anchor=\"true\">\n<div class=\"m-auto text-base py-[18px] px-3 md:px-4 w-full md:px-5 lg:px-4 xl:px-5\">\n<div class=\"mx-auto flex flex-1 gap-4 text-base md:gap-5 lg:gap-6 md:max-w-3xl lg:max-w-[40rem] xl:max-w-[48rem]\">\n<div class=\"group\/conversation-turn relative flex w-full min-w-0 flex-col agent-turn\">\n<div class=\"flex-col gap-1 md:gap-3\">\n<div class=\"flex max-w-full flex-col flex-grow\">\n<div class=\"min-h-8 text-message flex w-full flex-col items-end gap-2 whitespace-normal break-words text-start [.text-message+&amp;]:mt-5\" dir=\"auto\" data-message-author-role=\"assistant\" data-message-id=\"8082ce6b-bc42-414c-92fe-f826a83cae09\" data-message-model-slug=\"gpt-4o\">\n<div class=\"flex w-full flex-col gap-1 empty:hidden first:pt-[3px]\">\n<div class=\"markdown prose w-full break-words dark:prose-invert dark\">\n<h2 data-start=\"2719\" data-end=\"2758\">\u00bfC\u00f3mo consumir tu Live Resin CBD?<\/h2>\n<p><span style=\"font-weight: 400\">Existen diferentes formas de consumo del Live Resin CBD ya que es un extracto CBD muy vers\u00e1til y potente, puedes disfrutarlo seg\u00fan tus preferencias y nivel de experiencia: <\/span><\/p>\n<ul>\n<li><span style=\"font-weight: 400\"><strong>Dabbing:<\/strong> La forma m\u00e1s potente y directa de disfrutar del Live Resin CBD. Tan solo necesitas un <strong>dab rig o un vaporizador<\/strong> especializado. Esta t\u00e9cnica te permite aprovechar todo el <strong>sabor y los efectos de manera inmediata<\/strong>. Ideal para usuarios con algo de experiencia.\u00a0<\/span><\/li>\n<li><span style=\"font-weight: 400\"><strong>Vaporizaci\u00f3n:<\/strong> Si por el contrario buscas un <strong>sabor m\u00e1s puro e intenso<\/strong>, la vaporizaci\u00f3n es tu opci\u00f3n perfecta y la m\u00e1s popular. Utiliza un vaporizador o dab pen que sea adecuado y compatible con concentrados para disfrutar al m\u00e1ximo del perfil de terpenos vivos <em>&#8220;Live terpenes&#8221;<\/em> que caracterizan este Live Resin CBD 84%. Es r\u00e1pido, con sabor intenso y mantiene fiel su aroma a flor original.<\/span><\/li>\n<li><span style=\"font-weight: 400\"><strong>Mezcla flores + Live Resin:<\/strong> Combinando ambas conseguir\u00e1s <strong>intensificar los efectos y potenciar el sabor<\/strong>. Es una de las formas m\u00e1s populares y equilibradas de disfrutar este extracto.<\/span><\/li>\n<\/ul>\n<p><span style=\"font-weight: 400\">Consejo IGUANA: Empieza siempre con peque\u00f1as cantidades, especialmente si es tu primera vez usando Live Resin CBD. Este es muy concentrado (altos niveles de cannabinoides y terpenos), y su potencia puede sorprender incluso a los usuarios habituales. Ajusta la dosis y disfruta de una experiencia segura y personalizada.<\/span><\/p>\n<\/div>\n<\/div>\n<\/div>\n<\/div>\n<\/div>\n<\/div>\n<\/div>\n<\/div>\n<\/article>\n<\/div>\n<\/div>\n<\/div>\n<\/div>\n<\/div>\n<p>&nbsp;<\/p>\n<h2 data-start=\"2719\" data-end=\"2758\">\u00bfC\u00f3mo conservar tu Live Resin CBD 84%?<\/h2>\n<div class=\"flex w-full flex-col gap-1 empty:hidden first:pt-[3px]\">\n<div class=\"markdown prose w-full break-words dark:prose-invert dark\">\n<p><span style=\"font-weight: 400\">Para mantener intacta la <strong>pureza, frescura y potencia del Live Resin CBD<\/strong>, gu\u00e1rdalo correctamente. Adem\u00e1s, usa <strong>envases herm\u00e9ticos<\/strong> &#8211; mejor si son vidrio o silicona &#8211; para evitar la exposici\u00f3n al aire. Cons\u00e9rvalo en un <strong>lugar fresco y estable<\/strong>, como la <strong>nevera<\/strong>, pero <strong>nunca en el congelador<\/strong>. A su vez, prot\u00e9gelo<strong>\u00a0de la luz directa y la humedad<\/strong> para asegurar su m\u00e1xima calidad. <\/span><\/p>\n<p><span style=\"font-weight: 400\">Siguiendo estos consejos podr\u00e1s disfrutar de los beneficios de tu Live Resin CBD durante m\u00e1s tiempo.<\/span><\/p>\n<p>&nbsp;<\/p>\n<\/div>\n<\/div>\n<h3><b>\u00bfPor qu\u00e9 comprar extractos CBD en Iguana Smoke?<\/b><\/h3>\n<p><span style=\"font-weight: 400\">En <strong>Iguana Smoke<\/strong>, nos comprometemos con la calidad y seguridad. Todos nuestros <strong>extractos CBD son 100% naturales, ecol\u00f3gicos y analizados en laboratorio. <\/strong>Puedes consultar el an\u00e1lisis de calidad de este extracto <a href=\"https:\/\/iguanasmoke.com\/analiticas\/\">aqu\u00ed<\/a>.\u00a0<\/span><\/p>\n<p><span style=\"font-weight: 400\">Contamos con una selecci\u00f3n exclusiva de <strong>extractos CBD premium<\/strong> y opciones de <strong>Live Resin CBD barato<\/strong> para todos los gustos<\/span><span style=\"font-weight: 400\">. Iguana Smoke es tu lugar seguro <strong>d\u00f3nde comprar Live Resin online en Espa\u00f1a: <\/strong>productos aprobados por la Uni\u00f3n Europea, con <strong>menos del 0,3 % de THC<\/strong>, para disfrutar de una experiencia aut\u00e9ntica y dentro del marco legal. <\/span><\/p>\n<p><span style=\"font-weight: 400\">Es m\u00e1s,\u00a0te animamos a que pruebes otros de nuestros extractos CBD como la <a href=\"https:\/\/iguanasmoke.com\/producto\/sugar-wax-cbd-88-con-live-terpenes-copia\/\">Sugar Wax CBD 88%<\/a> o el <a href=\"https:\/\/iguanasmoke.com\/producto\/diamonds-cbd-98-live-terpenes\/\">Diamonds CBD 98%,<\/a> y no te olvides de explorar otros productos populares, como el <a href=\"https:\/\/iguanasmoke.com\/categoria\/hash-cbd\/\">hach\u00eds CBD<\/a> y las <a href=\"https:\/\/iguanasmoke.com\/categoria\/comprar-flor-cbd-cogollos-online\/\">flores de CBD.<\/a><\/span><\/p>\n<p><span style=\"font-weight: 400\">Y si es tu primera vez con los extractos&#8230; este es un muy buen punto de partida. \u00a1No dudes en <strong>comprar Live Resin CBD barato online<\/strong> con Iguana Smoke!<\/span><\/p>\n<p><em><span style=\"font-weight: 400\">Recuerda: su uso est\u00e1 destinado a coleccionismo o aromaterapia seg\u00fan la legislaci\u00f3n espa\u00f1ola.\u00a0<\/span><\/em><\/p>\n<p>&nbsp;<\/p>\n<h3><b>Iguana Smoke es calidad y confianza, es CBD f\u00e1cil<\/b><\/h3>\n<p><span style=\"font-weight: 400\">En Iguana Smoke, creemos que <strong>disfrutar del CBD<\/strong> debe ser una experiencia segura, accesible y placentera. Por eso te ofrecemos CBD de alta calidad para quienes buscan <strong>bienestar sin complicaciones. <\/strong>El <strong>Live Resin CBD 84%<\/strong>\u00a0refleja nuestra misi\u00f3n: productos certificados, efectivos y 100% legales al mejor precio con la mejor calidad. \u00a1Descubre el poder del CBD y lleva tu experiencia al siguiente nivel!<\/span><\/p>\n<p>\u00bfTienes dudas? Escr\u00edbenos y con gusto te ayudamos a encontrar el producto ideal para ti.<\/p>\n","protected":false},"excerpt":{"rendered":"<p><strong>Live Resin CBD with Live Terpenes est un extrait de premi\u00e8re qualit\u00e9 provenant de plantes fra\u00eechement congel\u00e9es apr\u00e8s la r\u00e9colte, offrant du CBD pur qui rehausse sa saveur et ses bienfaits.<\/strong><\/p>\n<ul>\n<li>CBD : 84% \/ THC : &lt;0.3%<\/li>\n<li>Ar\u00f4me in\u00e9gal\u00e9 gr\u00e2ce aux terp\u00e8nes vivants<\/li>\n<li>100% l\u00e9gal en Europe<\/li>\n<\/ul>\n<p>Analyse de la qualit\u00e9 : cliquez <a href=\"https:\/\/iguanasmoke.com\/fr\/lanalyse\/\">ici<\/a>.<\/p>","protected":false},"featured_media":45458,"comment_status":"open","ping_status":"closed","template":"","meta":{"_acf_changed":false,"site-sidebar-layout":"default","site-content-layout":"default","ast-site-content-layout":"default","site-content-style":"default","site-sidebar-style":"default","ast-global-header-display":"","ast-banner-title-visibility":"","ast-main-header-display":"","ast-hfb-above-header-display":"","ast-hfb-below-header-display":"","ast-hfb-mobile-header-display":"","site-post-title":"","ast-breadcrumbs-content":"","ast-featured-img":"","footer-sml-layout":"","theme-transparent-header-meta":"default","adv-header-id-meta":"","stick-header-meta":"","header-above-stick-meta":"","header-main-stick-meta":"","header-below-stick-meta":"","astra-migrate-meta-layouts":"set","ast-page-background-enabled":"default","ast-page-background-meta":{"desktop":{"background-color":"var(--ast-global-color-4)","background-image":"","background-repeat":"repeat","background-position":"center center","background-size":"auto","background-attachment":"scroll","background-type":"","background-media":"","overlay-type":"","overlay-color":"","overlay-opacity":"","overlay-gradient":""},"tablet":{"background-color":"","background-image":"","background-repeat":"repeat","background-position":"center center","background-size":"auto","background-attachment":"scroll","background-type":"","background-media":"","overlay-type":"","overlay-color":"","overlay-opacity":"","overlay-gradient":""},"mobile":{"background-color":"","background-image":"","background-repeat":"repeat","background-position":"center center","background-size":"auto","background-attachment":"scroll","background-type":"","background-media":"","overlay-type":"","overlay-color":"","overlay-opacity":"","overlay-gradient":""}},"ast-content-background-meta":{"desktop":{"background-color":"var(--ast-global-color-5)","background-image":"","background-repeat":"repeat","background-position":"center center","background-size":"auto","background-attachment":"scroll","background-type":"","background-media":"","overlay-type":"","overlay-color":"","overlay-opacity":"","overlay-gradient":""},"tablet":{"background-color":"var(--ast-global-color-5)","background-image":"","background-repeat":"repeat","background-position":"center center","background-size":"auto","background-attachment":"scroll","background-type":"","background-media":"","overlay-type":"","overlay-color":"","overlay-opacity":"","overlay-gradient":""},"mobile":{"background-color":"var(--ast-global-color-5)","background-image":"","background-repeat":"repeat","background-position":"center center","background-size":"auto","background-attachment":"scroll","background-type":"","background-media":"","overlay-type":"","overlay-color":"","overlay-opacity":"","overlay-gradient":""}}},"product_brand":[],"product_cat":[462],"product_tag":[],"class_list":{"0":"post-45454","1":"product","2":"type-product","3":"status-publish","4":"has-post-thumbnail","6":"product_cat-extractos-cbd","7":"desktop-align-center","8":"tablet-align-center","9":"mobile-align-center","11":"first","12":"instock","13":"taxable","14":"shipping-taxable","15":"purchasable","16":"product-type-variable"},"acf":[],"yoast_head":"<!-- This site is optimized with the Yoast SEO Premium plugin v27.3 (Yoast SEO v27.3) - https:\/\/yoast.com\/product\/yoast-seo-premium-wordpress\/ -->\n<title>Live Resin CBD 84%: compra extractos CBD premium | Iguana Smoke<\/title>\n<meta name=\"description\" content=\"Compra Live Resin CBD 84% barato con Live Terpenes: CBD puro, sabor excepcional y beneficios terap\u00e9uticos. Calidad premium con la compra\" \/>\n<meta name=\"robots\" content=\"index, follow, max-snippet:-1, max-image-preview:large, max-video-preview:-1\" \/>\n<link rel=\"canonical\" href=\"https:\/\/iguanasmoke.com\/fr\/produit\/live-resin-cbd-84-live-terpenes\/\" \/>\n<meta property=\"og:locale\" content=\"fr_FR\" \/>\n<meta property=\"og:type\" content=\"article\" \/>\n<meta property=\"og:title\" content=\"Live Resin CBD 84% con Live Terpenes\" \/>\n<meta property=\"og:description\" content=\"El Live Resin CBD con Live Terpenes\u00a0es un extracto premium procedente de plantas frescas congeladas tras la cosecha, ofreciendo CBD puro que potencia su sabor y los beneficios.   CBD: 84% \/ THC: &lt;0,3%  Aroma inigualable con Live Terpenes  100% legal en Europa  An\u00e1lisis de calidad: pincha aqu\u00ed.\" \/>\n<meta property=\"og:url\" content=\"https:\/\/iguanasmoke.com\/fr\/produit\/live-resin-cbd-84-live-terpenes\/\" \/>\n<meta property=\"og:site_name\" content=\"Iguana Smoke\" \/>\n<meta property=\"article:publisher\" content=\"https:\/\/www.facebook.com\/iguanasmoke\" \/>\n<meta property=\"article:modified_time\" content=\"2025-10-31T10:22:51+00:00\" \/>\n<meta property=\"og:image\" content=\"https:\/\/iguanasmoke.com\/wp-content\/uploads\/2024\/12\/Rosin-live-resin.webp\" \/>\n\t<meta property=\"og:image:width\" content=\"1000\" \/>\n\t<meta property=\"og:image:height\" content=\"1000\" \/>\n\t<meta property=\"og:image:type\" content=\"image\/webp\" \/>\n<meta name=\"twitter:card\" content=\"summary_large_image\" \/>\n<meta name=\"twitter:label1\" content=\"Disponibilit\u00e9\" \/>\n\t<meta name=\"twitter:data1\" content=\"En stock\" \/>\n<meta property=\"product:brand\" content=\"variable\" \/>\n<meta property=\"og:availability\" content=\"instock\" \/>\n<meta property=\"product:availability\" content=\"instock\" \/>\n<meta property=\"product:condition\" content=\"new\" \/>\n<!-- \/ Yoast SEO Premium plugin. -->","yoast_head_json":{"title":"Live Resin CBD 84% : acheter des extraits de CBD de qualit\u00e9 sup\u00e9rieure : Iguana Smoke","description":"Acheter Live Resin CBD 84% pas cher avec Live Terpenes : CBD pur, go\u00fbt exceptionnel et bienfaits th\u00e9rapeutiques. Qualit\u00e9 premium \u00e0 l'achat","robots":{"index":"index","follow":"follow","max-snippet":"max-snippet:-1","max-image-preview":"max-image-preview:large","max-video-preview":"max-video-preview:-1"},"canonical":"https:\/\/iguanasmoke.com\/fr\/produit\/live-resin-cbd-84-live-terpenes\/","og_locale":"fr_FR","og_type":"article","og_title":"Live Resin CBD 84% con Live Terpenes","og_description":"El Live Resin CBD con Live Terpenes\u00a0es un extracto premium procedente de plantas frescas congeladas tras la cosecha, ofreciendo CBD puro que potencia su sabor y los beneficios.   CBD: 84% \/ THC: &lt;0,3%  Aroma inigualable con Live Terpenes  100% legal en Europa  An\u00e1lisis de calidad: pincha aqu\u00ed.","og_url":"https:\/\/iguanasmoke.com\/fr\/produit\/live-resin-cbd-84-live-terpenes\/","og_site_name":"Iguana Smoke","article_publisher":"https:\/\/www.facebook.com\/iguanasmoke","article_modified_time":"2025-10-31T10:22:51+00:00","og_image":[{"width":1000,"height":1000,"url":"https:\/\/iguanasmoke.com\/wp-content\/uploads\/2024\/12\/Rosin-live-resin.webp","type":"image\/webp"}],"twitter_card":"summary_large_image","twitter_misc":{"Disponibilit\u00e9":"En stock"},"schema":{"@context":"https:\/\/schema.org","@graph":[{"@type":"WebPage","@id":"https:\/\/iguanasmoke.com\/producto\/live-resin-cbd-84-live-terpenes\/","url":"https:\/\/iguanasmoke.com\/producto\/live-resin-cbd-84-live-terpenes\/","name":"Live Resin CBD 84% : acheter des extraits de CBD de qualit\u00e9 sup\u00e9rieure : Iguana Smoke","isPartOf":{"@id":"https:\/\/iguanasmoke.com\/#website"},"primaryImageOfPage":{"@id":"https:\/\/iguanasmoke.com\/producto\/live-resin-cbd-84-live-terpenes\/#primaryimage"},"image":{"@id":"https:\/\/iguanasmoke.com\/producto\/live-resin-cbd-84-live-terpenes\/#primaryimage"},"thumbnailUrl":"https:\/\/iguanasmoke.com\/wp-content\/uploads\/2024\/12\/Rosin-live-resin.webp","datePublished":"2024-12-13T19:10:26+00:00","dateModified":"2025-10-31T10:22:51+00:00","description":"Acheter Live Resin CBD 84% pas cher avec Live Terpenes : CBD pur, go\u00fbt exceptionnel et bienfaits th\u00e9rapeutiques. Qualit\u00e9 premium \u00e0 l'achat","breadcrumb":{"@id":"https:\/\/iguanasmoke.com\/producto\/live-resin-cbd-84-live-terpenes\/#breadcrumb"},"inLanguage":"fr-FR","potentialAction":[{"@type":"ReadAction","target":["https:\/\/iguanasmoke.com\/producto\/live-resin-cbd-84-live-terpenes\/"]}]},{"@type":"ImageObject","inLanguage":"fr-FR","@id":"https:\/\/iguanasmoke.com\/producto\/live-resin-cbd-84-live-terpenes\/#primaryimage","url":"https:\/\/iguanasmoke.com\/wp-content\/uploads\/2024\/12\/Rosin-live-resin.webp","contentUrl":"https:\/\/iguanasmoke.com\/wp-content\/uploads\/2024\/12\/Rosin-live-resin.webp","width":1000,"height":1000,"caption":"live resin cbd en bote de cristal"},{"@type":"BreadcrumbList","@id":"https:\/\/iguanasmoke.com\/producto\/live-resin-cbd-84-live-terpenes\/#breadcrumb","itemListElement":[{"@type":"ListItem","position":1,"name":"home","item":"https:\/\/iguanasmoke.com\/"},{"@type":"ListItem","position":2,"name":"Tienda","item":"https:\/\/iguanasmoke.com\/tienda\/"},{"@type":"ListItem","position":3,"name":"Extractos de CBD","item":"https:\/\/iguanasmoke.com\/categoria\/extractos-cbd\/"},{"@type":"ListItem","position":4,"name":"Live Resin CBD 84% con Live Terpenes"}]},{"@type":"WebSite","@id":"https:\/\/iguanasmoke.com\/#website","url":"https:\/\/iguanasmoke.com\/","name":"Fum\u00e9e d'iguane","description":"Acheter du CBD en ligne au meilleur prix","publisher":{"@id":"https:\/\/iguanasmoke.com\/#organization"},"potentialAction":[{"@type":"SearchAction","target":{"@type":"EntryPoint","urlTemplate":"https:\/\/iguanasmoke.com\/?s={search_term_string}"},"query-input":{"@type":"PropertyValueSpecification","valueRequired":true,"valueName":"search_term_string"}}],"inLanguage":"fr-FR"},{"@type":"Organization","@id":"https:\/\/iguanasmoke.com\/#organization","name":"Fum\u00e9e d'iguane","url":"https:\/\/iguanasmoke.com\/","logo":{"@type":"ImageObject","inLanguage":"fr-FR","@id":"https:\/\/iguanasmoke.com\/#\/schema\/logo\/image\/","url":"https:\/\/iguanasmoke.com\/wp-content\/uploads\/2025\/01\/logoiguana-favi-1.png","contentUrl":"https:\/\/iguanasmoke.com\/wp-content\/uploads\/2025\/01\/logoiguana-favi-1.png","width":512,"height":512,"caption":"Iguana Smoke"},"image":{"@id":"https:\/\/iguanasmoke.com\/#\/schema\/logo\/image\/"},"sameAs":["https:\/\/www.facebook.com\/iguanasmoke","https:\/\/www.instagram.com\/iguanasmoke\/"]}]},"product_brand":"variable","og_availability":"instock","product_availability":"instock","product_condition":"new"},"_links":{"self":[{"href":"https:\/\/iguanasmoke.com\/fr\/wp-json\/wp\/v2\/product\/45454","targetHints":{"allow":["GET"]}}],"collection":[{"href":"https:\/\/iguanasmoke.com\/fr\/wp-json\/wp\/v2\/product"}],"about":[{"href":"https:\/\/iguanasmoke.com\/fr\/wp-json\/wp\/v2\/types\/product"}],"replies":[{"embeddable":true,"href":"https:\/\/iguanasmoke.com\/fr\/wp-json\/wp\/v2\/comments?post=45454"}],"wp:featuredmedia":[{"embeddable":true,"href":"https:\/\/iguanasmoke.com\/fr\/wp-json\/wp\/v2\/media\/45458"}],"wp:attachment":[{"href":"https:\/\/iguanasmoke.com\/fr\/wp-json\/wp\/v2\/media?parent=45454"}],"wp:term":[{"taxonomy":"product_brand","embeddable":true,"href":"https:\/\/iguanasmoke.com\/fr\/wp-json\/wp\/v2\/product_brand?post=45454"},{"taxonomy":"product_cat","embeddable":true,"href":"https:\/\/iguanasmoke.com\/fr\/wp-json\/wp\/v2\/product_cat?post=45454"},{"taxonomy":"product_tag","embeddable":true,"href":"https:\/\/iguanasmoke.com\/fr\/wp-json\/wp\/v2\/product_tag?post=45454"}],"curies":[{"name":"wp","href":"https:\/\/api.w.org\/{rel}","templated":true}]}}