{"id":46370,"date":"2024-12-27T18:57:51","date_gmt":"2024-12-27T17:57:51","guid":{"rendered":"https:\/\/iguanasmoke.com\/?post_type=product&#038;p=46370"},"modified":"2026-02-13T14:30:56","modified_gmt":"2026-02-13T13:30:56","slug":"hot-knife-dabber-iguana-smoke","status":"publish","type":"product","link":"https:\/\/iguanasmoke.com\/fr\/producto\/hot-knife-dabber-iguana-smoke\/","title":{"rendered":"Couteau chaud Dabber Iguana Smoke"},"content":{"rendered":"<section class=\"product-description\">\n<h1>Couteau chauffant Dabber Iguana Smoke : <em>Pr\u00e9cision, Propret\u00e9 et Puissance \u00e0 Chaque Dab<\/em><\/h1>\n<p>Si vous \u00eates amateur de <strong>faire du dabbing<\/strong>, tu sais que la qualit\u00e9 de tes outils fait la diff\u00e9rence. C'est pourquoi, le <strong>Couteau chaud Dabber Iguana Smoke<\/strong> devient un accessoire indispensable pour manipuler r\u00e9sines et extraits avec une pr\u00e9cision, une propret\u00e9 et une efficacit\u00e9 maximales.<\/p>\n<p>Le pr\u00e9sent <strong>couteau chauffant pour dab<\/strong> est con\u00e7u pour faciliter le chargement d'extraits tels que <strong>cire, shatter, rosin o live resin<\/strong>, en \u00e9vitant le gaspillage et en gardant votre espace toujours propre.<\/p>\n<\/section>\n<p>&nbsp;<\/p>\n<section class=\"product-description\">\n<h2>Qu'est-ce qu'un Dabber \u00e0 couteau chauffant et pourquoi en avez-vous besoin ?<\/h2>\n<p>A <strong>Crayon Dabber \u00e9lectrique \u00e0 lame chauffante<\/strong> C'est un \u201c\u00a0couteau chauffant\u00a0\u201d, c'est-\u00e0-dire un outil innovant qui int\u00e8gre une pointe chauff\u00e9e \u00e9lectriquement pour manipuler les concentr\u00e9s de mani\u00e8re simple et pr\u00e9cise.<\/p>\n<p>Contrairement aux dabbers traditionnels, ce couteau chaud <strong>Couteau chaud Dabber Iguana Smoke<\/strong> autorise :<\/p>\n<ul>\n<li>S\u00e9parer facilement les concentr\u00e9s collants<\/li>\n<li>D\u00e9poser le produit directement dans le nail ou le banger<\/li>\n<li>R\u00e9duire les d\u00e9chets et le gaspillage<\/li>\n<li>Am\u00e9liorer l'exp\u00e9rience globale du dabbing<\/li>\n<\/ul>\n<p>En cons\u00e9quence, vous obtenez des sessions plus propres, rapides et professionnelles.<\/p>\n<\/section>\n<p>&nbsp;<\/p>\n<section class=\"product-description\">\n<h2>\u00c0 quoi sert un couteau \u00e0 tampon chaud ?<\/h2>\n<p>Le <strong>Couteau chaud Dabber Iguana Smoke<\/strong> il est sp\u00e9cialement con\u00e7u pour travailler avec des extraits visqueux tels que :<\/p>\n<ul>\n<li>Cire<\/li>\n<li>Briser<\/li>\n<li>Rosine<\/li>\n<li>R\u00e9sine vivante<\/li>\n<li>Autres concentr\u00e9s denses comme les r\u00e9sines et le haschich<\/li>\n<\/ul>\n<p>Gr\u00e2ce \u00e0 sa pointe thermique, le concentr\u00e9 se d\u00e9tache sans effort et tombe directement dans le <strong>son entra\u00eenant torride<\/strong>. De cette fa\u00e7on, vous \u00e9vitez que le produit n'adh\u00e8re \u00e0 l'outil et vous utilisez chaque milligramme de produit.<\/p>\n<\/section>\n<p>&nbsp;<\/p>\n<section class=\"product-description\">\n<h2>Comment utiliser le Hot Knife Dabber Iguana Smoke ?<\/h2>\n<ol>\n<li><strong>Chargez l'appareil<\/strong> Assurez-vous que le dabber \u00e9lectronique est charg\u00e9 pour garantir un chauffage efficace.<\/li>\n<li><strong>Activez le chauffage :<\/strong> Appuyez sur le bouton et attendez quelques secondes jusqu'\u00e0 ce que la pointe atteigne la temp\u00e9rature id\u00e9ale.<\/li>\n<li><strong>Ramassez le concentr\u00e9 :<\/strong> Touchez d\u00e9licatement l'extrait avec la pointe chaude. Il adh\u00e9rera sans effort<\/li>\n<li><strong>D\u00e9posez dans le clou ou le banger :<\/strong> Le mat\u00e9riau glissera de mani\u00e8re propre et pr\u00e9cise gr\u00e2ce \u00e0 la chaleur.<\/li>\n<li><strong>Profitez de votre s\u00e9ance :<\/strong> Exp\u00e9rimentez un dab plus propre, plus efficace et sans gaspillage.<\/li>\n<\/ol>\n<p>&nbsp;<\/p>\n<h2>Avantages du Couteau \u00e0 Dab Iguana Smoke<\/h2>\n<h3>\u2705 Pr\u00e9cision absolue<\/h3>\n<p>Permet de placer le concentr\u00e9 exactement o\u00f9 vous en avez besoin, sans pertes inutiles.<\/p>\n<h3>Nettoyage maximal<\/h3>\n<p>R\u00e9duisez les r\u00e9sidus collants et \u00e9vitez les d\u00e9versements dans votre zone de travail.<\/p>\n<h3>\u2705 R\u00e9chauffement rapide<\/h3>\n<p>Gr\u00e2ce \u00e0 sa conception \u00e9lectronique, il atteint la temp\u00e9rature id\u00e9ale en quelques secondes.<\/p>\n<h3>\u00c9conomie de mati\u00e8re<\/h3>\n<p>Chaque goutte compte. Ce couteau chauffant minimise le gaspillage d'extrait.<\/p>\n<h3>\u2705 Conception compacte et portable<\/h3>\n<p>Parfait pour un usage domestique et aussi pour emporter avec vous.<\/p>\n<h3>\u2705 Mat\u00e9riaux robustes et durables<\/h3>\n<p>Fabriqu\u00e9 avec des composants de haute qualit\u00e9 pour une longue dur\u00e9e de vie.<\/p>\n<p>&nbsp;<\/p>\n<h2>Pourquoi choisir le couteau chaud Iguana Smoke ?<\/h2>\n<p>Parce qu'il ne s'agit pas seulement d'un outil, mais d'une r\u00e9elle am\u00e9lioration de votre exp\u00e9rience de dabbing. En plus d'apporter confort et efficacit\u00e9, ce <strong>couteau chaud pour concentr\u00e9s<\/strong> Optimisez les performances de vos extractions et rehaussez le niveau de chaque session.<\/p>\n<p>En definitiva, si buscas un <strong>dabber \u00e9lectronique puissant, propre et facile \u00e0 utiliser<\/strong>, les <strong>Couteau chaud Dabber Iguana Smoke<\/strong>\u00a0c'est l'accessoire indispensable de votre collection.<\/p>\n<\/section>","protected":false},"excerpt":{"rendered":"<p>Le pr\u00e9sent <strong>couteau chauffant pour dab<\/strong> simplifiez chaque \u00e9tape, en offrant pr\u00e9cision, propret\u00e9 et une utilisation maximale de vos extraits.<\/p>\n<h3>Caract\u00e9ristiques :<\/h3>\n<ul>\n<li>Batterie de 320 mAh<\/li>\n<li>Chargement rapide USB-C et pr\u00e9chauffage en quelques secondes<\/li>\n<li>Pointe chaude qui favorise le glissement des concentr\u00e9s<\/li>\n<\/ul>","protected":false},"featured_media":46372,"comment_status":"open","ping_status":"closed","template":"","meta":{"_acf_changed":false,"site-sidebar-layout":"default","site-content-layout":"","ast-site-content-layout":"default","site-content-style":"default","site-sidebar-style":"default","ast-global-header-display":"","ast-banner-title-visibility":"","ast-main-header-display":"","ast-hfb-above-header-display":"","ast-hfb-below-header-display":"","ast-hfb-mobile-header-display":"","site-post-title":"","ast-breadcrumbs-content":"","ast-featured-img":"","footer-sml-layout":"","theme-transparent-header-meta":"default","adv-header-id-meta":"","stick-header-meta":"","header-above-stick-meta":"","header-main-stick-meta":"","header-below-stick-meta":"","astra-migrate-meta-layouts":"set","ast-page-background-enabled":"default","ast-page-background-meta":{"desktop":{"background-color":"var(--ast-global-color-4)","background-image":"","background-repeat":"repeat","background-position":"center center","background-size":"auto","background-attachment":"scroll","background-type":"","background-media":"","overlay-type":"","overlay-color":"","overlay-opacity":"","overlay-gradient":""},"tablet":{"background-color":"","background-image":"","background-repeat":"repeat","background-position":"center center","background-size":"auto","background-attachment":"scroll","background-type":"","background-media":"","overlay-type":"","overlay-color":"","overlay-opacity":"","overlay-gradient":""},"mobile":{"background-color":"","background-image":"","background-repeat":"repeat","background-position":"center center","background-size":"auto","background-attachment":"scroll","background-type":"","background-media":"","overlay-type":"","overlay-color":"","overlay-opacity":"","overlay-gradient":""}},"ast-content-background-meta":{"desktop":{"background-color":"var(--ast-global-color-5)","background-image":"","background-repeat":"repeat","background-position":"center center","background-size":"auto","background-attachment":"scroll","background-type":"","background-media":"","overlay-type":"","overlay-color":"","overlay-opacity":"","overlay-gradient":""},"tablet":{"background-color":"var(--ast-global-color-5)","background-image":"","background-repeat":"repeat","background-position":"center center","background-size":"auto","background-attachment":"scroll","background-type":"","background-media":"","overlay-type":"","overlay-color":"","overlay-opacity":"","overlay-gradient":""},"mobile":{"background-color":"var(--ast-global-color-5)","background-image":"","background-repeat":"repeat","background-position":"center center","background-size":"auto","background-attachment":"scroll","background-type":"","background-media":"","overlay-type":"","overlay-color":"","overlay-opacity":"","overlay-gradient":""}}},"product_brand":[],"product_cat":[462,397,405],"product_tag":[],"class_list":{"0":"post-46370","1":"product","2":"type-product","3":"status-publish","4":"has-post-thumbnail","6":"product_cat-extractos-cbd","7":"product_cat-hash-cbd","8":"product_cat-ropa-y-accesorios","9":"desktop-align-center","10":"tablet-align-center","11":"mobile-align-center","13":"first","14":"instock","15":"taxable","16":"shipping-taxable","17":"purchasable","18":"product-type-simple"},"acf":[],"yoast_head":"<!-- This site is optimized with the Yoast SEO Premium plugin v27.3 (Yoast SEO v27.3) - https:\/\/yoast.com\/product\/yoast-seo-premium-wordpress\/ -->\n<title>Hot Knife Dabber Iguana Smoke | Iguana Smoke<\/title>\n<meta name=\"description\" content=\"Descubre el Hot Knife Dabber Iguana Smoke, la herramienta ideal para dabbing. Precisi\u00f3n, limpieza y eficiencia para manejar tus extractos sin desperdicios.\" \/>\n<meta name=\"robots\" content=\"index, follow, max-snippet:-1, max-image-preview:large, max-video-preview:-1\" \/>\n<link rel=\"canonical\" href=\"https:\/\/iguanasmoke.com\/fr\/produit\/hot-knife-dabber-iguana-smoke\/\" \/>\n<meta property=\"og:locale\" content=\"fr_FR\" \/>\n<meta property=\"og:type\" content=\"article\" \/>\n<meta property=\"og:title\" content=\"Hot Knife Dabber Iguana Smoke\" \/>\n<meta property=\"og:description\" content=\"Este cuchillo caliente para dab simplifica cada paso, ofreciendo precisi\u00f3n, limpieza y m\u00e1ximo aprovechamiento de tus extractos. Caracter\u00edsticas:   Bater\u00eda de 320 mAh  Carga r\u00e1pida USB-C y precalentamiento en segundos  Punta caliente que favorece el deslizamiento de concentrados\" \/>\n<meta property=\"og:url\" content=\"https:\/\/iguanasmoke.com\/fr\/produit\/hot-knife-dabber-iguana-smoke\/\" \/>\n<meta property=\"og:site_name\" content=\"Iguana Smoke\" \/>\n<meta property=\"article:publisher\" content=\"https:\/\/www.facebook.com\/iguanasmoke\" \/>\n<meta property=\"article:modified_time\" content=\"2026-02-13T13:30:56+00:00\" \/>\n<meta property=\"og:image\" content=\"https:\/\/iguanasmoke.com\/wp-content\/uploads\/2024\/12\/knife-1.png\" \/>\n\t<meta property=\"og:image:width\" content=\"800\" \/>\n\t<meta property=\"og:image:height\" content=\"800\" \/>\n\t<meta property=\"og:image:type\" content=\"image\/png\" \/>\n<meta name=\"twitter:card\" content=\"summary_large_image\" \/>\n<meta name=\"twitter:label1\" content=\"Prix\" \/>\n\t<meta name=\"twitter:data1\" content=\"29,90&nbsp;&euro;\" \/>\n\t<meta name=\"twitter:label2\" content=\"Disponibilit\u00e9\" \/>\n\t<meta name=\"twitter:data2\" content=\"En stock\" \/>\n<meta property=\"product:brand\" content=\"simple\" \/>\n<meta property=\"product:price:amount\" content=\"29.90\" \/>\n<meta property=\"product:price:currency\" content=\"EUR\" \/>\n<meta property=\"og:availability\" content=\"instock\" \/>\n<meta property=\"product:availability\" content=\"instock\" \/>\n<meta property=\"product:retailer_item_id\" content=\"IS-KNIFE\" \/>\n<meta property=\"product:condition\" content=\"new\" \/>\n<!-- \/ Yoast SEO Premium plugin. -->","yoast_head_json":{"title":"Couteau chauffant Dabber Iguana Smoke | Iguana Smoke","description":"D\u00e9couvrez le Hot Knife Dabber Iguana Smoke, l'outil id\u00e9al pour le dabbing. Pr\u00e9cision, propret\u00e9 et efficacit\u00e9 pour manipuler vos extraits sans gaspillage.","robots":{"index":"index","follow":"follow","max-snippet":"max-snippet:-1","max-image-preview":"max-image-preview:large","max-video-preview":"max-video-preview:-1"},"canonical":"https:\/\/iguanasmoke.com\/fr\/produit\/hot-knife-dabber-iguana-smoke\/","og_locale":"fr_FR","og_type":"article","og_title":"Hot Knife Dabber Iguana Smoke","og_description":"Este cuchillo caliente para dab simplifica cada paso, ofreciendo precisi\u00f3n, limpieza y m\u00e1ximo aprovechamiento de tus extractos. Caracter\u00edsticas:   Bater\u00eda de 320 mAh  Carga r\u00e1pida USB-C y precalentamiento en segundos  Punta caliente que favorece el deslizamiento de concentrados","og_url":"https:\/\/iguanasmoke.com\/fr\/produit\/hot-knife-dabber-iguana-smoke\/","og_site_name":"Iguana Smoke","article_publisher":"https:\/\/www.facebook.com\/iguanasmoke","article_modified_time":"2026-02-13T13:30:56+00:00","og_image":[{"width":800,"height":800,"url":"https:\/\/iguanasmoke.com\/wp-content\/uploads\/2024\/12\/knife-1.png","type":"image\/png"}],"twitter_card":"summary_large_image","twitter_misc":{"Prix":"29,90&nbsp;&euro;","Disponibilit\u00e9":"En stock"},"schema":{"@context":"https:\/\/schema.org","@graph":[{"@type":"WebPage","@id":"https:\/\/iguanasmoke.com\/producto\/hot-knife-dabber-iguana-smoke\/","url":"https:\/\/iguanasmoke.com\/producto\/hot-knife-dabber-iguana-smoke\/","name":"Couteau chauffant Dabber Iguana Smoke | Iguana Smoke","isPartOf":{"@id":"https:\/\/iguanasmoke.com\/#website"},"primaryImageOfPage":{"@id":"https:\/\/iguanasmoke.com\/producto\/hot-knife-dabber-iguana-smoke\/#primaryimage"},"image":{"@id":"https:\/\/iguanasmoke.com\/producto\/hot-knife-dabber-iguana-smoke\/#primaryimage"},"thumbnailUrl":"https:\/\/iguanasmoke.com\/wp-content\/uploads\/2024\/12\/knife-1.png","datePublished":"2024-12-27T17:57:51+00:00","dateModified":"2026-02-13T13:30:56+00:00","description":"D\u00e9couvrez le Hot Knife Dabber Iguana Smoke, l'outil id\u00e9al pour le dabbing. Pr\u00e9cision, propret\u00e9 et efficacit\u00e9 pour manipuler vos extraits sans gaspillage.","breadcrumb":{"@id":"https:\/\/iguanasmoke.com\/producto\/hot-knife-dabber-iguana-smoke\/#breadcrumb"},"inLanguage":"fr-FR","potentialAction":[{"@type":"ReadAction","target":["https:\/\/iguanasmoke.com\/producto\/hot-knife-dabber-iguana-smoke\/"]}]},{"@type":"ImageObject","inLanguage":"fr-FR","@id":"https:\/\/iguanasmoke.com\/producto\/hot-knife-dabber-iguana-smoke\/#primaryimage","url":"https:\/\/iguanasmoke.com\/wp-content\/uploads\/2024\/12\/knife-1.png","contentUrl":"https:\/\/iguanasmoke.com\/wp-content\/uploads\/2024\/12\/knife-1.png","width":800,"height":800,"caption":"hot knife dabber"},{"@type":"BreadcrumbList","@id":"https:\/\/iguanasmoke.com\/producto\/hot-knife-dabber-iguana-smoke\/#breadcrumb","itemListElement":[{"@type":"ListItem","position":1,"name":"home","item":"https:\/\/iguanasmoke.com\/"},{"@type":"ListItem","position":2,"name":"Tienda","item":"https:\/\/iguanasmoke.com\/tienda\/"},{"@type":"ListItem","position":3,"name":"Ropa y Accesorios","item":"https:\/\/iguanasmoke.com\/categoria\/ropa-y-accesorios\/"},{"@type":"ListItem","position":4,"name":"Hot Knife Dabber Iguana Smoke"}]},{"@type":"WebSite","@id":"https:\/\/iguanasmoke.com\/#website","url":"https:\/\/iguanasmoke.com\/","name":"Fum\u00e9e d'iguane","description":"Acheter du CBD en ligne au meilleur prix","publisher":{"@id":"https:\/\/iguanasmoke.com\/#organization"},"potentialAction":[{"@type":"SearchAction","target":{"@type":"EntryPoint","urlTemplate":"https:\/\/iguanasmoke.com\/?s={search_term_string}"},"query-input":{"@type":"PropertyValueSpecification","valueRequired":true,"valueName":"search_term_string"}}],"inLanguage":"fr-FR"},{"@type":"Organization","@id":"https:\/\/iguanasmoke.com\/#organization","name":"Fum\u00e9e d'iguane","url":"https:\/\/iguanasmoke.com\/","logo":{"@type":"ImageObject","inLanguage":"fr-FR","@id":"https:\/\/iguanasmoke.com\/#\/schema\/logo\/image\/","url":"https:\/\/iguanasmoke.com\/wp-content\/uploads\/2025\/01\/logoiguana-favi-1.png","contentUrl":"https:\/\/iguanasmoke.com\/wp-content\/uploads\/2025\/01\/logoiguana-favi-1.png","width":512,"height":512,"caption":"Iguana Smoke"},"image":{"@id":"https:\/\/iguanasmoke.com\/#\/schema\/logo\/image\/"},"sameAs":["https:\/\/www.facebook.com\/iguanasmoke","https:\/\/www.instagram.com\/iguanasmoke\/"]}]},"product_brand":"simple","product_price_amount":"29.90","product_price_currency":"EUR","og_availability":"instock","product_availability":"instock","product_retailer_item_id":"IS-KNIFE","product_condition":"new"},"_links":{"self":[{"href":"https:\/\/iguanasmoke.com\/fr\/wp-json\/wp\/v2\/product\/46370","targetHints":{"allow":["GET"]}}],"collection":[{"href":"https:\/\/iguanasmoke.com\/fr\/wp-json\/wp\/v2\/product"}],"about":[{"href":"https:\/\/iguanasmoke.com\/fr\/wp-json\/wp\/v2\/types\/product"}],"replies":[{"embeddable":true,"href":"https:\/\/iguanasmoke.com\/fr\/wp-json\/wp\/v2\/comments?post=46370"}],"wp:featuredmedia":[{"embeddable":true,"href":"https:\/\/iguanasmoke.com\/fr\/wp-json\/wp\/v2\/media\/46372"}],"wp:attachment":[{"href":"https:\/\/iguanasmoke.com\/fr\/wp-json\/wp\/v2\/media?parent=46370"}],"wp:term":[{"taxonomy":"product_brand","embeddable":true,"href":"https:\/\/iguanasmoke.com\/fr\/wp-json\/wp\/v2\/product_brand?post=46370"},{"taxonomy":"product_cat","embeddable":true,"href":"https:\/\/iguanasmoke.com\/fr\/wp-json\/wp\/v2\/product_cat?post=46370"},{"taxonomy":"product_tag","embeddable":true,"href":"https:\/\/iguanasmoke.com\/fr\/wp-json\/wp\/v2\/product_tag?post=46370"}],"curies":[{"name":"wp","href":"https:\/\/api.w.org\/{rel}","templated":true}]}}