{"id":46413,"date":"2024-12-28T13:33:13","date_gmt":"2024-12-28T12:33:13","guid":{"rendered":"https:\/\/iguanasmoke.com\/?post_type=product&#038;p=46413"},"modified":"2025-09-15T17:22:36","modified_gmt":"2025-09-15T15:22:36","slug":"extrait-de-champignon-sommeil","status":"publish","type":"product","link":"https:\/\/iguanasmoke.com\/fr\/producto\/extracto-de-hongos-sleep\/","title":{"rendered":"Extrait de champignon du sommeil"},"content":{"rendered":"<h2>Extrait de champignon du sommeil<\/h2>\n<p>Le manque de sommeil peut affecter de mani\u00e8re significative notre sant\u00e9 et notre bien-\u00eatre, car un sommeil suffisant est crucial pour le fonctionnement, l'\u00e9nergie et la r\u00e9cup\u00e9ration. Des \u00e9tudes montrent qu'une bonne nuit de sommeil, bien que tout \u00e0 fait n\u00e9cessaire et naturelle, \u00e9chappe \u00e0 un tiers de la population.<\/p>\n<p>Le\u00a0<strong>Teinture pour le sommeil<\/strong>\u00a0est un m\u00e9lange des meilleurs extraits de champignons adaptog\u00e8nes et de rem\u00e8des \u00e0 base de plantes, con\u00e7u pour vous aider \u00e0 vous endormir et, plus important encore, \u00e0 conserver un sommeil r\u00e9parateur.<\/p>\n<h3>Ingr\u00e9dients actifs :<\/h3>\n<h4><strong>Champignons adaptog\u00e8nes :<\/strong><\/h4>\n<ul>\n<li><strong>Reishi :<\/strong> Le super-h\u00e9ros du sommeil non-REM qui prolonge la dur\u00e9e de cette phase cruciale, ce qui permet d'obtenir un sommeil de qualit\u00e9.<\/li>\n<li><strong>Cordyceps :<\/strong>\u00a0Il r\u00e9gule le rythme circadien et peut augmenter les niveaux de s\u00e9rotonine et de m\u00e9latonine, tous deux essentiels au processus de sommeil.<\/li>\n<li><strong>Crini\u00e8re de lion :<\/strong>\u00a0Il favorise l'augmentation naturelle du BDNF, dont la carence est associ\u00e9e \u00e0 des probl\u00e8mes de sommeil, selon des \u00e9tudes.<\/li>\n<li><strong>Chaga :<\/strong> Il r\u00e9gule le syst\u00e8me de r\u00e9ponse au stress et, en m\u00eame temps, r\u00e9duit l'inflammation, le cholest\u00e9rol et le taux de sucre dans le sang.<\/li>\n<\/ul>\n<h4><strong>Rem\u00e8des \u00e0 base de fleurs :<\/strong><\/h4>\n<ul>\n<li><strong>Rio de Agua del Este :<\/strong>\u00a0Aide \u00e0 se d\u00e9barrasser de sentiments et d'\u00e9motions anciens.<\/li>\n<li><strong>La f\u00e9e Clochette :<\/strong>\u00a0Facilite le d\u00e9m\u00ealage des pens\u00e9es complexes.<\/li>\n<li><strong>Ch\u00eane :<\/strong>\u00a0Favorise le calme et le repos.<\/li>\n<li><strong>Veronica :<\/strong>\u00a0Favorise la d\u00e9c\u00e9l\u00e9ration mentale.<\/li>\n<li><strong>Ail sauvage :<\/strong>\u00a0Elle apporte un soutien universel et aide \u00e0 \u00e9vacuer les peurs.<\/li>\n<li><strong>Marron rouge :<\/strong>\u00a0Il permet de se lib\u00e9rer des inqui\u00e9tudes li\u00e9es aux autres et \u00e0 ce que l'on ne peut pas changer.<\/li>\n<li><strong>Marron blanc :<\/strong>\u00a0Facilite l'\u00e9vacuation des pens\u00e9es ind\u00e9sirables.<\/li>\n<\/ul>\n<p>Le\u00a0<strong>Boussole de r\u00eave<\/strong> aide \u00e0 d\u00e9tendre le corps et l'esprit, \u00e0 pr\u00e9parer le sommeil et \u00e0 l'accompagner tout au long de la nuit afin de maintenir un sommeil profond et r\u00e9parateur.<\/p>\n<h3>Avertissements :<\/h3>\n<ul>\n<li>Tenir \u00e0 l'\u00e9cart des yeux.<\/li>\n<li>Consultez un professionnel si vous \u00eates enceinte ou si vous allaitez.<\/li>\n<li>Tenir hors de port\u00e9e des enfants.<\/li>\n<\/ul>","protected":false},"excerpt":{"rendered":"<p><strong>La boussole pour trouver le calme dans un esprit agit\u00e9 et arr\u00eater le cycle ennuyeux des pens\u00e9es r\u00e9p\u00e9titives : trouver le sommeil d\u00e9sir\u00e9.<\/strong><\/p>\n<p><strong>Taille :<\/strong>\u00a050 ml<br \/>\n<strong>Portions :<\/strong>\u00a030 (5-6 pulv\u00e9risations par jour)<\/p>","protected":false},"featured_media":46426,"comment_status":"open","ping_status":"closed","template":"","meta":{"_acf_changed":false,"site-sidebar-layout":"default","site-content-layout":"","ast-site-content-layout":"default","site-content-style":"default","site-sidebar-style":"default","ast-global-header-display":"","ast-banner-title-visibility":"","ast-main-header-display":"","ast-hfb-above-header-display":"","ast-hfb-below-header-display":"","ast-hfb-mobile-header-display":"","site-post-title":"","ast-breadcrumbs-content":"","ast-featured-img":"","footer-sml-layout":"","theme-transparent-header-meta":"default","adv-header-id-meta":"","stick-header-meta":"","header-above-stick-meta":"","header-main-stick-meta":"","header-below-stick-meta":"","astra-migrate-meta-layouts":"set","ast-page-background-enabled":"default","ast-page-background-meta":{"desktop":{"background-color":"var(--ast-global-color-4)","background-image":"","background-repeat":"repeat","background-position":"center center","background-size":"auto","background-attachment":"scroll","background-type":"","background-media":"","overlay-type":"","overlay-color":"","overlay-opacity":"","overlay-gradient":""},"tablet":{"background-color":"","background-image":"","background-repeat":"repeat","background-position":"center center","background-size":"auto","background-attachment":"scroll","background-type":"","background-media":"","overlay-type":"","overlay-color":"","overlay-opacity":"","overlay-gradient":""},"mobile":{"background-color":"","background-image":"","background-repeat":"repeat","background-position":"center center","background-size":"auto","background-attachment":"scroll","background-type":"","background-media":"","overlay-type":"","overlay-color":"","overlay-opacity":"","overlay-gradient":""}},"ast-content-background-meta":{"desktop":{"background-color":"var(--ast-global-color-5)","background-image":"","background-repeat":"repeat","background-position":"center center","background-size":"auto","background-attachment":"scroll","background-type":"","background-media":"","overlay-type":"","overlay-color":"","overlay-opacity":"","overlay-gradient":""},"tablet":{"background-color":"var(--ast-global-color-5)","background-image":"","background-repeat":"repeat","background-position":"center center","background-size":"auto","background-attachment":"scroll","background-type":"","background-media":"","overlay-type":"","overlay-color":"","overlay-opacity":"","overlay-gradient":""},"mobile":{"background-color":"var(--ast-global-color-5)","background-image":"","background-repeat":"repeat","background-position":"center center","background-size":"auto","background-attachment":"scroll","background-type":"","background-media":"","overlay-type":"","overlay-color":"","overlay-opacity":"","overlay-gradient":""}}},"product_brand":[],"product_cat":[458],"product_tag":[],"class_list":{"0":"post-46413","1":"product","2":"type-product","3":"status-publish","4":"has-post-thumbnail","6":"product_cat-marios-market","7":"desktop-align-center","8":"tablet-align-center","9":"mobile-align-center","11":"first","12":"outofstock","13":"taxable","14":"shipping-taxable","15":"purchasable","16":"product-type-simple"},"acf":[],"yoast_head":"<!-- This site is optimized with the Yoast SEO Premium plugin v27.3 (Yoast SEO v27.3) - https:\/\/yoast.com\/product\/yoast-seo-premium-wordpress\/ -->\n<title>Extracto de Hongos Sleep | Suplemento para Dormir | Iguana Smoke<\/title>\n<meta name=\"description\" content=\"Mejora tu descanso con el extracto org\u00e1nico de hongo Sleep. Formulado con hongos adapt\u00f3genos para ayudarte a conciliar el sue\u00f1o y mantener un descanso profundo. \u00a1Compra ahora y disfruta de noches reparadoras!\" \/>\n<meta name=\"robots\" content=\"index, follow, max-snippet:-1, max-image-preview:large, max-video-preview:-1\" \/>\n<link rel=\"canonical\" href=\"https:\/\/iguanasmoke.com\/fr\/produit\/extrait-de-champignon-sommeil\/\" \/>\n<meta property=\"og:locale\" content=\"fr_FR\" \/>\n<meta property=\"og:type\" content=\"article\" \/>\n<meta property=\"og:title\" content=\"Extracto de Hongos Sleep\" \/>\n<meta property=\"og:description\" content=\"La br\u00fajula para encontrar la calma en una mente inquieta y detener el molesto ciclo de pensamientos repetitivos: encuentra el deseado sue\u00f1o.  Tama\u00f1o:\u00a050 ml Porciones:\u00a030 (5\u20136 sprays al d\u00eda)\" \/>\n<meta property=\"og:url\" content=\"https:\/\/iguanasmoke.com\/fr\/produit\/extrait-de-champignon-sommeil\/\" \/>\n<meta property=\"og:site_name\" content=\"Iguana Smoke\" \/>\n<meta property=\"article:publisher\" content=\"https:\/\/www.facebook.com\/iguanasmoke\" \/>\n<meta property=\"article:modified_time\" content=\"2025-09-15T15:22:36+00:00\" \/>\n<meta property=\"og:image\" content=\"https:\/\/i0.wp.com\/iguanasmoke.com\/wp-content\/uploads\/2024\/12\/5-1.webp?fit=1409%2C2000&ssl=1\" \/>\n\t<meta property=\"og:image:width\" content=\"1409\" \/>\n\t<meta property=\"og:image:height\" content=\"2000\" \/>\n\t<meta property=\"og:image:type\" content=\"image\/webp\" \/>\n<meta name=\"twitter:card\" content=\"summary_large_image\" \/>\n<meta name=\"twitter:label1\" content=\"Prix\" \/>\n\t<meta name=\"twitter:data1\" content=\"34,90&nbsp;&euro;\" \/>\n\t<meta name=\"twitter:label2\" content=\"Disponibilit\u00e9\" \/>\n\t<meta name=\"twitter:data2\" content=\"Rupture de stock\" \/>\n<meta property=\"product:brand\" content=\"simple\" \/>\n<meta property=\"product:price:amount\" content=\"34.90\" \/>\n<meta property=\"product:price:currency\" content=\"EUR\" \/>\n<meta property=\"og:availability\" content=\"out of stock\" \/>\n<meta property=\"product:availability\" content=\"out of stock\" \/>\n<meta property=\"product:retailer_item_id\" content=\"LYF-SPRAY-SLP\" \/>\n<meta property=\"product:condition\" content=\"new\" \/>\n<!-- \/ Yoast SEO Premium plugin. -->","yoast_head_json":{"title":"Sleep Mushroom Extract - Iguana Smoke - Suppl\u00e9ment sommeil","description":"Am\u00e9liorez votre sommeil avec Sleep Organic Mushroom Extract. Formul\u00e9 avec des champignons adaptog\u00e8nes pour vous aider \u00e0 vous endormir et \u00e0 maintenir un repos profond, achetez-le maintenant et profitez de nuits reposantes !","robots":{"index":"index","follow":"follow","max-snippet":"max-snippet:-1","max-image-preview":"max-image-preview:large","max-video-preview":"max-video-preview:-1"},"canonical":"https:\/\/iguanasmoke.com\/fr\/produit\/extrait-de-champignon-sommeil\/","og_locale":"fr_FR","og_type":"article","og_title":"Extracto de Hongos Sleep","og_description":"La br\u00fajula para encontrar la calma en una mente inquieta y detener el molesto ciclo de pensamientos repetitivos: encuentra el deseado sue\u00f1o.  Tama\u00f1o:\u00a050 ml Porciones:\u00a030 (5\u20136 sprays al d\u00eda)","og_url":"https:\/\/iguanasmoke.com\/fr\/produit\/extrait-de-champignon-sommeil\/","og_site_name":"Iguana Smoke","article_publisher":"https:\/\/www.facebook.com\/iguanasmoke","article_modified_time":"2025-09-15T15:22:36+00:00","og_image":[{"width":1409,"height":2000,"url":"https:\/\/i0.wp.com\/iguanasmoke.com\/wp-content\/uploads\/2024\/12\/5-1.webp?fit=1409%2C2000&ssl=1","type":"image\/webp"}],"twitter_card":"summary_large_image","twitter_misc":{"Prix":"34,90&nbsp;&euro;","Disponibilit\u00e9":"Rupture de stock"},"schema":{"@context":"https:\/\/schema.org","@graph":[{"@type":"WebPage","@id":"https:\/\/iguanasmoke.com\/producto\/extracto-de-hongos-sleep\/","url":"https:\/\/iguanasmoke.com\/producto\/extracto-de-hongos-sleep\/","name":"Sleep Mushroom Extract - Iguana Smoke - Suppl\u00e9ment sommeil","isPartOf":{"@id":"https:\/\/iguanasmoke.com\/#website"},"primaryImageOfPage":{"@id":"https:\/\/iguanasmoke.com\/producto\/extracto-de-hongos-sleep\/#primaryimage"},"image":{"@id":"https:\/\/iguanasmoke.com\/producto\/extracto-de-hongos-sleep\/#primaryimage"},"thumbnailUrl":"https:\/\/iguanasmoke.com\/wp-content\/uploads\/2024\/12\/5-1.webp","datePublished":"2024-12-28T12:33:13+00:00","dateModified":"2025-09-15T15:22:36+00:00","description":"Am\u00e9liorez votre sommeil avec Sleep Organic Mushroom Extract. Formul\u00e9 avec des champignons adaptog\u00e8nes pour vous aider \u00e0 vous endormir et \u00e0 maintenir un repos profond, achetez-le maintenant et profitez de nuits reposantes !","breadcrumb":{"@id":"https:\/\/iguanasmoke.com\/producto\/extracto-de-hongos-sleep\/#breadcrumb"},"inLanguage":"fr-FR","potentialAction":[{"@type":"ReadAction","target":["https:\/\/iguanasmoke.com\/producto\/extracto-de-hongos-sleep\/"]}]},{"@type":"ImageObject","inLanguage":"fr-FR","@id":"https:\/\/iguanasmoke.com\/producto\/extracto-de-hongos-sleep\/#primaryimage","url":"https:\/\/iguanasmoke.com\/wp-content\/uploads\/2024\/12\/5-1.webp","contentUrl":"https:\/\/iguanasmoke.com\/wp-content\/uploads\/2024\/12\/5-1.webp","width":1409,"height":2000},{"@type":"BreadcrumbList","@id":"https:\/\/iguanasmoke.com\/producto\/extracto-de-hongos-sleep\/#breadcrumb","itemListElement":[{"@type":"ListItem","position":1,"name":"home","item":"https:\/\/iguanasmoke.com\/"},{"@type":"ListItem","position":2,"name":"Tienda","item":"https:\/\/iguanasmoke.com\/tienda\/"},{"@type":"ListItem","position":3,"name":"Mario's Market","item":"https:\/\/iguanasmoke.com\/categoria\/marios-market\/"},{"@type":"ListItem","position":4,"name":"Extracto de Hongos Sleep"}]},{"@type":"WebSite","@id":"https:\/\/iguanasmoke.com\/#website","url":"https:\/\/iguanasmoke.com\/","name":"Fum\u00e9e d'iguane","description":"Acheter du CBD en ligne au meilleur prix","publisher":{"@id":"https:\/\/iguanasmoke.com\/#organization"},"potentialAction":[{"@type":"SearchAction","target":{"@type":"EntryPoint","urlTemplate":"https:\/\/iguanasmoke.com\/?s={search_term_string}"},"query-input":{"@type":"PropertyValueSpecification","valueRequired":true,"valueName":"search_term_string"}}],"inLanguage":"fr-FR"},{"@type":"Organization","@id":"https:\/\/iguanasmoke.com\/#organization","name":"Fum\u00e9e d'iguane","url":"https:\/\/iguanasmoke.com\/","logo":{"@type":"ImageObject","inLanguage":"fr-FR","@id":"https:\/\/iguanasmoke.com\/#\/schema\/logo\/image\/","url":"https:\/\/iguanasmoke.com\/wp-content\/uploads\/2025\/01\/logoiguana-favi-1.png","contentUrl":"https:\/\/iguanasmoke.com\/wp-content\/uploads\/2025\/01\/logoiguana-favi-1.png","width":512,"height":512,"caption":"Iguana Smoke"},"image":{"@id":"https:\/\/iguanasmoke.com\/#\/schema\/logo\/image\/"},"sameAs":["https:\/\/www.facebook.com\/iguanasmoke","https:\/\/www.instagram.com\/iguanasmoke\/"]}]},"product_brand":"simple","product_price_amount":"34.90","product_price_currency":"EUR","og_availability":"out of stock","product_availability":"out of stock","product_retailer_item_id":"LYF-SPRAY-SLP","product_condition":"new"},"_links":{"self":[{"href":"https:\/\/iguanasmoke.com\/fr\/wp-json\/wp\/v2\/product\/46413","targetHints":{"allow":["GET"]}}],"collection":[{"href":"https:\/\/iguanasmoke.com\/fr\/wp-json\/wp\/v2\/product"}],"about":[{"href":"https:\/\/iguanasmoke.com\/fr\/wp-json\/wp\/v2\/types\/product"}],"replies":[{"embeddable":true,"href":"https:\/\/iguanasmoke.com\/fr\/wp-json\/wp\/v2\/comments?post=46413"}],"wp:featuredmedia":[{"embeddable":true,"href":"https:\/\/iguanasmoke.com\/fr\/wp-json\/wp\/v2\/media\/46426"}],"wp:attachment":[{"href":"https:\/\/iguanasmoke.com\/fr\/wp-json\/wp\/v2\/media?parent=46413"}],"wp:term":[{"taxonomy":"product_brand","embeddable":true,"href":"https:\/\/iguanasmoke.com\/fr\/wp-json\/wp\/v2\/product_brand?post=46413"},{"taxonomy":"product_cat","embeddable":true,"href":"https:\/\/iguanasmoke.com\/fr\/wp-json\/wp\/v2\/product_cat?post=46413"},{"taxonomy":"product_tag","embeddable":true,"href":"https:\/\/iguanasmoke.com\/fr\/wp-json\/wp\/v2\/product_tag?post=46413"}],"curies":[{"name":"wp","href":"https:\/\/api.w.org\/{rel}","templated":true}]}}