{"id":46431,"date":"2024-12-28T13:35:55","date_gmt":"2024-12-28T12:35:55","guid":{"rendered":"https:\/\/iguanasmoke.com\/?post_type=product&#038;p=46431"},"modified":"2025-09-15T17:22:23","modified_gmt":"2025-09-15T15:22:23","slug":"extrait-de-reishi-biologique","status":"publish","type":"product","link":"https:\/\/iguanasmoke.com\/fr\/producto\/extracto-organico-de-reishi\/","title":{"rendered":"Extrait de Reishi biologique"},"content":{"rendered":"<h2><strong>Extrait de Reishi biologique (double extrait)<\/strong><\/h2>\n<p>Le\u00a0<em>extrait de Reishi biologique<\/em> est un compl\u00e9ment alimentaire pur et concentr\u00e9, fabriqu\u00e9 aux \u00c9tats-Unis, con\u00e7u pour apporter de multiples bienfaits \u00e0 la sant\u00e9.<\/p>\n<ul>\n<li><strong>Puissant extrait double 20:1<\/strong><\/li>\n<li>1 flacon contient l'\u00e9quivalent de 150 g de Reishi brut, s\u00e9ch\u00e9 et certifi\u00e9 biologique.<\/li>\n<\/ul>\n<h3>Les bienfaits de l'extrait de Reishi<\/h3>\n<ol>\n<li><strong>Renforcer le syst\u00e8me immunitaire<\/strong>Le Reishi renforce les d\u00e9fenses de l'organisme et augmente ainsi la r\u00e9sistance aux infections et aux maladies.<\/li>\n<li><strong>Propri\u00e9t\u00e9s anti-inflammatoires<\/strong>Aide \u00e0 r\u00e9duire l'inflammation et est utile pour des conditions telles que l'arthrite.<\/li>\n<li><strong>R\u00e9duction du stress et de l'anxi\u00e9t\u00e9<\/strong>Favorise la relaxation, am\u00e9liore le sommeil et r\u00e9duit le stress.<\/li>\n<li><strong>Am\u00e9liorer la sant\u00e9 cardiovasculaire<\/strong>Contribue \u00e0 r\u00e9duire la tension art\u00e9rielle et le cholest\u00e9rol, am\u00e9liorant ainsi la sant\u00e9 cardiaque.<\/li>\n<li><strong>Propri\u00e9t\u00e9s antioxydantes<\/strong>Prot\u00e8ge contre le vieillissement pr\u00e9matur\u00e9 et les maladies chroniques en luttant contre les radicaux libres.<\/li>\n<li><strong>Soutien \u00e0 la sant\u00e9 du foie<\/strong>Il soutient \u00e9galement la fonction h\u00e9patique en contribuant \u00e0 la d\u00e9sintoxication de l'organisme.<\/li>\n<li><strong>Potentiel anticanc\u00e9reux<\/strong>Des recherches sugg\u00e8rent qu'il pourrait inhiber la croissance des cellules canc\u00e9reuses.<\/li>\n<li><strong>R\u00e9gulation de la glyc\u00e9mie<\/strong>Aide \u00e0 maintenir des niveaux de glucose sains.<\/li>\n<li><strong>Avantages pour la peau<\/strong>Am\u00e9liore la sant\u00e9 de la peau, luttant ainsi contre l'acn\u00e9 et les inflammations.<\/li>\n<li><strong>Augmentation de l'\u00e9nergie et de l'endurance<\/strong>Am\u00e9liore les performances physiques et la vitalit\u00e9.<\/li>\n<\/ol>\n<p>Cet extrait de Reishi apporte un soutien complet au bien-\u00eatre, soutenu par la science et l'agriculture biologique certifi\u00e9e.<\/p>\n<p>&nbsp;<\/p>","protected":false},"excerpt":{"rendered":"<h3>CARACT\u00c9RISTIQUES DE L'EXTRAIT DE REISHI BIOLOGIQUE<\/h3>\n<ul>\n<li>Flacon compte-gouttes de 50 ml en verre violet de haute qualit\u00e9.<\/li>\n<li>Facile \u00e0 utiliser : ajouter trois gouttes dans un verre d'eau ou directement sous la langue.<\/li>\n<li>Extrait avec de l'eau chaude et de l'alcool (double extrait) de Reishi biologique r\u00e9colt\u00e9 de mani\u00e8re durable.<\/li>\n<li>Contient environ 25% d'alcool.<\/li>\n<li>Contient des compos\u00e9s solubles et non solubles dans l'eau.<\/li>\n<li>Fabriqu\u00e9 avec\u00a0<strong>extrait &gt;30% B\u00eata-glucanes 1,3\/1,6<\/strong>.<\/li>\n<li>Sans amidon ajout\u00e9, sans c\u00e9r\u00e9ales ni autres agents de remplissage.<\/li>\n<li>Certifi\u00e9 biologique par l'UE.<\/li>\n<li>Sans gluten, sans OGM, v\u00e9g\u00e9talien.<\/li>\n<li>Qualit\u00e9 sup\u00e9rieure : test\u00e9 dans des laboratoires tiers accr\u00e9dit\u00e9s.<\/li>\n<li>Sans myc\u00e9lium, seules les fructifications organiques sont utilis\u00e9es.<\/li>\n<li>Mis en bouteille dans un verre biopotonique Miron.<\/li>\n<\/ul>","protected":false},"featured_media":46423,"comment_status":"open","ping_status":"closed","template":"","meta":{"_acf_changed":false,"site-sidebar-layout":"default","site-content-layout":"","ast-site-content-layout":"default","site-content-style":"default","site-sidebar-style":"default","ast-global-header-display":"","ast-banner-title-visibility":"","ast-main-header-display":"","ast-hfb-above-header-display":"","ast-hfb-below-header-display":"","ast-hfb-mobile-header-display":"","site-post-title":"","ast-breadcrumbs-content":"","ast-featured-img":"","footer-sml-layout":"","theme-transparent-header-meta":"default","adv-header-id-meta":"","stick-header-meta":"","header-above-stick-meta":"","header-main-stick-meta":"","header-below-stick-meta":"","astra-migrate-meta-layouts":"set","ast-page-background-enabled":"default","ast-page-background-meta":{"desktop":{"background-color":"var(--ast-global-color-4)","background-image":"","background-repeat":"repeat","background-position":"center center","background-size":"auto","background-attachment":"scroll","background-type":"","background-media":"","overlay-type":"","overlay-color":"","overlay-opacity":"","overlay-gradient":""},"tablet":{"background-color":"","background-image":"","background-repeat":"repeat","background-position":"center center","background-size":"auto","background-attachment":"scroll","background-type":"","background-media":"","overlay-type":"","overlay-color":"","overlay-opacity":"","overlay-gradient":""},"mobile":{"background-color":"","background-image":"","background-repeat":"repeat","background-position":"center center","background-size":"auto","background-attachment":"scroll","background-type":"","background-media":"","overlay-type":"","overlay-color":"","overlay-opacity":"","overlay-gradient":""}},"ast-content-background-meta":{"desktop":{"background-color":"var(--ast-global-color-5)","background-image":"","background-repeat":"repeat","background-position":"center center","background-size":"auto","background-attachment":"scroll","background-type":"","background-media":"","overlay-type":"","overlay-color":"","overlay-opacity":"","overlay-gradient":""},"tablet":{"background-color":"var(--ast-global-color-5)","background-image":"","background-repeat":"repeat","background-position":"center center","background-size":"auto","background-attachment":"scroll","background-type":"","background-media":"","overlay-type":"","overlay-color":"","overlay-opacity":"","overlay-gradient":""},"mobile":{"background-color":"var(--ast-global-color-5)","background-image":"","background-repeat":"repeat","background-position":"center center","background-size":"auto","background-attachment":"scroll","background-type":"","background-media":"","overlay-type":"","overlay-color":"","overlay-opacity":"","overlay-gradient":""}}},"product_brand":[],"product_cat":[458],"product_tag":[],"class_list":{"0":"post-46431","1":"product","2":"type-product","3":"status-publish","4":"has-post-thumbnail","6":"product_cat-marios-market","7":"desktop-align-center","8":"tablet-align-center","9":"mobile-align-center","11":"first","12":"outofstock","13":"taxable","14":"shipping-taxable","15":"purchasable","16":"product-type-simple"},"acf":[],"yoast_head":"<!-- This site is optimized with the Yoast SEO Premium plugin v27.3 (Yoast SEO v27.3) - https:\/\/yoast.com\/product\/yoast-seo-premium-wordpress\/ -->\n<title>Extracto Org\u00e1nico de Reishi | Suplemento Natural | Iguana Smoke<\/title>\n<meta name=\"description\" content=\"Compra extracto org\u00e1nico de Reishi. Potente suplemento con propiedades antioxidantes y antiinflamatorias que fortalece el sistema inmunol\u00f3gico. Sin gluten, vegano y certificado.\" \/>\n<meta name=\"robots\" content=\"index, follow, max-snippet:-1, max-image-preview:large, max-video-preview:-1\" \/>\n<link rel=\"canonical\" href=\"https:\/\/iguanasmoke.com\/fr\/produit\/extrait-de-reishi-biologique\/\" \/>\n<meta property=\"og:locale\" content=\"fr_FR\" \/>\n<meta property=\"og:type\" content=\"article\" \/>\n<meta property=\"og:title\" content=\"Extracto Org\u00e1nico de Reishi\" \/>\n<meta property=\"og:description\" content=\"CARACTER\u00cdSTICAS DEL EXTRACTO ORG\u00c1NICO DE REISHI   Botella cuentagotas de vidrio violeta de 50 ml de alta calidad.  F\u00e1cil de usar: A\u00f1ade tres goteros a un vaso de agua o directamente debajo de la lengua.  Extra\u00eddo con agua caliente y alcohol (extracto dual) de Reishi org\u00e1nico cosechado de forma sostenible.  Contiene aproximadamente un 25% de alcohol.  Contiene compuestos solubles y no solubles en agua.  Elaborado con\u00a0extracto &gt;30% Beta-glucanos 1,3\/1,6.  Sin almid\u00f3n a\u00f1adido, sin cereales ni otros rellenos.  Certificado org\u00e1nico por la UE.  Sin gluten, no modificado gen\u00e9ticamente (non-GMO), vegano.  Calidad premium: Probado en laboratorios acreditados de terceros.  Sin micelio, solo se utilizan cuerpos fruct\u00edferos org\u00e1nicos.  Embotellado en vidrio biopot\u00f3nico Miron.\" \/>\n<meta property=\"og:url\" content=\"https:\/\/iguanasmoke.com\/fr\/produit\/extrait-de-reishi-biologique\/\" \/>\n<meta property=\"og:site_name\" content=\"Iguana Smoke\" \/>\n<meta property=\"article:publisher\" content=\"https:\/\/www.facebook.com\/iguanasmoke\" \/>\n<meta property=\"article:modified_time\" content=\"2025-09-15T15:22:23+00:00\" \/>\n<meta property=\"og:image\" content=\"https:\/\/i0.wp.com\/iguanasmoke.com\/wp-content\/uploads\/2024\/12\/6-1.webp?fit=1409%2C2000&ssl=1\" \/>\n\t<meta property=\"og:image:width\" content=\"1409\" \/>\n\t<meta property=\"og:image:height\" content=\"2000\" \/>\n\t<meta property=\"og:image:type\" content=\"image\/webp\" \/>\n<meta name=\"twitter:card\" content=\"summary_large_image\" \/>\n<meta name=\"twitter:label1\" content=\"Prix\" \/>\n\t<meta name=\"twitter:data1\" content=\"29,90&nbsp;&euro;\" \/>\n\t<meta name=\"twitter:label2\" content=\"Disponibilit\u00e9\" \/>\n\t<meta name=\"twitter:data2\" content=\"Rupture de stock\" \/>\n<meta property=\"product:brand\" content=\"simple\" \/>\n<meta property=\"product:price:amount\" content=\"29.90\" \/>\n<meta property=\"product:price:currency\" content=\"EUR\" \/>\n<meta property=\"og:availability\" content=\"out of stock\" \/>\n<meta property=\"product:availability\" content=\"out of stock\" \/>\n<meta property=\"product:retailer_item_id\" content=\"LYF-SPRAY-RSH\" \/>\n<meta property=\"product:condition\" content=\"new\" \/>\n<!-- \/ Yoast SEO Premium plugin. -->","yoast_head_json":{"title":"Extrait de Reishi biologique : Suppl\u00e9ment naturel : Iguana Smoke","description":"Acheter de l'extrait de Reishi biologique. Suppl\u00e9ment puissant aux propri\u00e9t\u00e9s antioxydantes et anti-inflammatoires qui renforce le syst\u00e8me immunitaire. Sans gluten, v\u00e9g\u00e9talien et certifi\u00e9.","robots":{"index":"index","follow":"follow","max-snippet":"max-snippet:-1","max-image-preview":"max-image-preview:large","max-video-preview":"max-video-preview:-1"},"canonical":"https:\/\/iguanasmoke.com\/fr\/produit\/extrait-de-reishi-biologique\/","og_locale":"fr_FR","og_type":"article","og_title":"Extracto Org\u00e1nico de Reishi","og_description":"CARACTER\u00cdSTICAS DEL EXTRACTO ORG\u00c1NICO DE REISHI   Botella cuentagotas de vidrio violeta de 50 ml de alta calidad.  F\u00e1cil de usar: A\u00f1ade tres goteros a un vaso de agua o directamente debajo de la lengua.  Extra\u00eddo con agua caliente y alcohol (extracto dual) de Reishi org\u00e1nico cosechado de forma sostenible.  Contiene aproximadamente un 25% de alcohol.  Contiene compuestos solubles y no solubles en agua.  Elaborado con\u00a0extracto &gt;30% Beta-glucanos 1,3\/1,6.  Sin almid\u00f3n a\u00f1adido, sin cereales ni otros rellenos.  Certificado org\u00e1nico por la UE.  Sin gluten, no modificado gen\u00e9ticamente (non-GMO), vegano.  Calidad premium: Probado en laboratorios acreditados de terceros.  Sin micelio, solo se utilizan cuerpos fruct\u00edferos org\u00e1nicos.  Embotellado en vidrio biopot\u00f3nico Miron.","og_url":"https:\/\/iguanasmoke.com\/fr\/produit\/extrait-de-reishi-biologique\/","og_site_name":"Iguana Smoke","article_publisher":"https:\/\/www.facebook.com\/iguanasmoke","article_modified_time":"2025-09-15T15:22:23+00:00","og_image":[{"width":1409,"height":2000,"url":"https:\/\/i0.wp.com\/iguanasmoke.com\/wp-content\/uploads\/2024\/12\/6-1.webp?fit=1409%2C2000&ssl=1","type":"image\/webp"}],"twitter_card":"summary_large_image","twitter_misc":{"Prix":"29,90&nbsp;&euro;","Disponibilit\u00e9":"Rupture de stock"},"schema":{"@context":"https:\/\/schema.org","@graph":[{"@type":"WebPage","@id":"https:\/\/iguanasmoke.com\/producto\/extracto-organico-de-reishi\/","url":"https:\/\/iguanasmoke.com\/producto\/extracto-organico-de-reishi\/","name":"Extrait de Reishi biologique : Suppl\u00e9ment naturel : Iguana Smoke","isPartOf":{"@id":"https:\/\/iguanasmoke.com\/#website"},"primaryImageOfPage":{"@id":"https:\/\/iguanasmoke.com\/producto\/extracto-organico-de-reishi\/#primaryimage"},"image":{"@id":"https:\/\/iguanasmoke.com\/producto\/extracto-organico-de-reishi\/#primaryimage"},"thumbnailUrl":"https:\/\/iguanasmoke.com\/wp-content\/uploads\/2024\/12\/6-1.webp","datePublished":"2024-12-28T12:35:55+00:00","dateModified":"2025-09-15T15:22:23+00:00","description":"Acheter de l'extrait de Reishi biologique. Suppl\u00e9ment puissant aux propri\u00e9t\u00e9s antioxydantes et anti-inflammatoires qui renforce le syst\u00e8me immunitaire. Sans gluten, v\u00e9g\u00e9talien et certifi\u00e9.","breadcrumb":{"@id":"https:\/\/iguanasmoke.com\/producto\/extracto-organico-de-reishi\/#breadcrumb"},"inLanguage":"fr-FR","potentialAction":[{"@type":"ReadAction","target":["https:\/\/iguanasmoke.com\/producto\/extracto-organico-de-reishi\/"]}]},{"@type":"ImageObject","inLanguage":"fr-FR","@id":"https:\/\/iguanasmoke.com\/producto\/extracto-organico-de-reishi\/#primaryimage","url":"https:\/\/iguanasmoke.com\/wp-content\/uploads\/2024\/12\/6-1.webp","contentUrl":"https:\/\/iguanasmoke.com\/wp-content\/uploads\/2024\/12\/6-1.webp","width":1409,"height":2000},{"@type":"BreadcrumbList","@id":"https:\/\/iguanasmoke.com\/producto\/extracto-organico-de-reishi\/#breadcrumb","itemListElement":[{"@type":"ListItem","position":1,"name":"home","item":"https:\/\/iguanasmoke.com\/"},{"@type":"ListItem","position":2,"name":"Tienda","item":"https:\/\/iguanasmoke.com\/tienda\/"},{"@type":"ListItem","position":3,"name":"Mario's Market","item":"https:\/\/iguanasmoke.com\/categoria\/marios-market\/"},{"@type":"ListItem","position":4,"name":"Extracto Org\u00e1nico de Reishi"}]},{"@type":"WebSite","@id":"https:\/\/iguanasmoke.com\/#website","url":"https:\/\/iguanasmoke.com\/","name":"Fum\u00e9e d'iguane","description":"Acheter du CBD en ligne au meilleur prix","publisher":{"@id":"https:\/\/iguanasmoke.com\/#organization"},"potentialAction":[{"@type":"SearchAction","target":{"@type":"EntryPoint","urlTemplate":"https:\/\/iguanasmoke.com\/?s={search_term_string}"},"query-input":{"@type":"PropertyValueSpecification","valueRequired":true,"valueName":"search_term_string"}}],"inLanguage":"fr-FR"},{"@type":"Organization","@id":"https:\/\/iguanasmoke.com\/#organization","name":"Fum\u00e9e d'iguane","url":"https:\/\/iguanasmoke.com\/","logo":{"@type":"ImageObject","inLanguage":"fr-FR","@id":"https:\/\/iguanasmoke.com\/#\/schema\/logo\/image\/","url":"https:\/\/iguanasmoke.com\/wp-content\/uploads\/2025\/01\/logoiguana-favi-1.png","contentUrl":"https:\/\/iguanasmoke.com\/wp-content\/uploads\/2025\/01\/logoiguana-favi-1.png","width":512,"height":512,"caption":"Iguana Smoke"},"image":{"@id":"https:\/\/iguanasmoke.com\/#\/schema\/logo\/image\/"},"sameAs":["https:\/\/www.facebook.com\/iguanasmoke","https:\/\/www.instagram.com\/iguanasmoke\/"]}]},"product_brand":"simple","product_price_amount":"29.90","product_price_currency":"EUR","og_availability":"out of stock","product_availability":"out of stock","product_retailer_item_id":"LYF-SPRAY-RSH","product_condition":"new"},"_links":{"self":[{"href":"https:\/\/iguanasmoke.com\/fr\/wp-json\/wp\/v2\/product\/46431","targetHints":{"allow":["GET"]}}],"collection":[{"href":"https:\/\/iguanasmoke.com\/fr\/wp-json\/wp\/v2\/product"}],"about":[{"href":"https:\/\/iguanasmoke.com\/fr\/wp-json\/wp\/v2\/types\/product"}],"replies":[{"embeddable":true,"href":"https:\/\/iguanasmoke.com\/fr\/wp-json\/wp\/v2\/comments?post=46431"}],"wp:featuredmedia":[{"embeddable":true,"href":"https:\/\/iguanasmoke.com\/fr\/wp-json\/wp\/v2\/media\/46423"}],"wp:attachment":[{"href":"https:\/\/iguanasmoke.com\/fr\/wp-json\/wp\/v2\/media?parent=46431"}],"wp:term":[{"taxonomy":"product_brand","embeddable":true,"href":"https:\/\/iguanasmoke.com\/fr\/wp-json\/wp\/v2\/product_brand?post=46431"},{"taxonomy":"product_cat","embeddable":true,"href":"https:\/\/iguanasmoke.com\/fr\/wp-json\/wp\/v2\/product_cat?post=46431"},{"taxonomy":"product_tag","embeddable":true,"href":"https:\/\/iguanasmoke.com\/fr\/wp-json\/wp\/v2\/product_tag?post=46431"}],"curies":[{"name":"wp","href":"https:\/\/api.w.org\/{rel}","templated":true}]}}