{"id":46433,"date":"2024-12-28T13:39:24","date_gmt":"2024-12-28T12:39:24","guid":{"rendered":"https:\/\/iguanasmoke.com\/?post_type=product&#038;p=46433"},"modified":"2025-09-15T17:22:11","modified_gmt":"2025-09-15T15:22:11","slug":"extrait-de-criniere-de-lion-biologique","status":"publish","type":"product","link":"https:\/\/iguanasmoke.com\/fr\/producto\/extracto-organico-de-melena-de-leon\/","title":{"rendered":"Extrait de crini\u00e8re de lion bio"},"content":{"rendered":"<h2>Extrait de crini\u00e8re de lion bio<\/h2>\n<p>Notre <strong>extrait de crini\u00e8re de lion biologique<\/strong> est un compl\u00e9ment alimentaire concentr\u00e9 \u00e0 base de champignons, obtenu par double extraction (eau chaude et alcool) afin de maximiser ses bienfaits, et fabriqu\u00e9 dans l'UE selon les normes de qualit\u00e9 les plus strictes.<\/p>\n<h3>Les bienfaits de l'extrait de crini\u00e8re de lion<\/h3>\n<p>Le <strong>Crini\u00e8re de lion<\/strong> (Hericium erinaceus) est un champignon connu pour ses nombreux bienfaits pour la sant\u00e9, confirm\u00e9s par la m\u00e9decine traditionnelle orientale. Les doubles extraits, comme celui-ci, sont particuli\u00e8rement efficaces pour extraire tous les compos\u00e9s actifs du champignon.<\/p>\n<h4>Principaux avantages :<\/h4>\n<ul>\n<li><strong>Am\u00e9lioration de la fonction cognitive<\/strong>Le crin de lion stimule la synth\u00e8se du facteur de croissance des nerfs (NGF), favorisant la r\u00e9g\u00e9n\u00e9ration neuronale et am\u00e9liorant la m\u00e9moire, la concentration et la clart\u00e9 mentale.<\/li>\n<li><strong>Soutien du syst\u00e8me nerveux<\/strong>Aide \u00e0 r\u00e9parer les nerfs endommag\u00e9s et est utile pour am\u00e9liorer la sant\u00e9 neurologique et aider \u00e0 la r\u00e9cup\u00e9ration apr\u00e8s une blessure.<\/li>\n<li><strong>R\u00e9duction de l'anxi\u00e9t\u00e9 et de la d\u00e9pression<\/strong>Des \u00e9tudes sugg\u00e8rent que le crin de lion peut r\u00e9duire les sympt\u00f4mes d'anxi\u00e9t\u00e9 et de d\u00e9pression en agissant sur le syst\u00e8me nerveux central.<\/li>\n<li><strong>Propri\u00e9t\u00e9s anti-inflammatoires et antioxydantes<\/strong>Les antioxydants et les compos\u00e9s anti-inflammatoires prot\u00e8gent les cellules des dommages caus\u00e9s par le stress oxydatif.<\/li>\n<li><strong>Am\u00e9lioration de la sant\u00e9 digestive<\/strong>Ce champignon est traditionnellement utilis\u00e9 pour soulager les probl\u00e8mes gastro-intestinaux tels que les ulc\u00e8res et les inflammations.<\/li>\n<li><strong>Potentiel anticanc\u00e9reux<\/strong>Des recherches pr\u00e9liminaires indiquent que l'extrait de crini\u00e8re de lion peut inhiber la croissance des cellules canc\u00e9reuses.<\/li>\n<li><strong>Renforcer le syst\u00e8me immunitaire<\/strong>Les b\u00eata-glucanes de la crini\u00e8re de lion stimulent le syst\u00e8me immunitaire et aident l'organisme \u00e0 lutter contre les infections.<\/li>\n<\/ul>\n<p>Ces avantages sont li\u00e9s \u00e0 la qualit\u00e9 de l'extrait et \u00e0 son utilisation r\u00e9guli\u00e8re. L'extrait <strong>extrait de crini\u00e8re de lion<\/strong> dual, qui utilise \u00e0 la fois de l'eau et de l'alcool dans son processus d'extraction, garantit une concentration plus \u00e9lev\u00e9e de compos\u00e9s actifs, maximisant ainsi son efficacit\u00e9.<\/p>","protected":false},"excerpt":{"rendered":"<h4>Caract\u00e9ristiques de l'extrait de crini\u00e8re de lion :<\/h4>\n<ul>\n<li>Flacon compte-gouttes en verre violet Miron 50 ml ou verre brun pharmaceutique.<\/li>\n<li>Facile \u00e0 utiliser : ajouter deux doses dans un verre d'eau ou directement sous la langue.<\/li>\n<li>Contient environ 25% d'alcool.<\/li>\n<li><strong>Double extrait<\/strong> avec de l'eau chaude et de l'alcool pour extraire les compos\u00e9s solubles et non solubles dans l'eau.<\/li>\n<li>Fabriqu\u00e9 \u00e0 partir d'un extrait contenant plus de 20% de Beta glucans 1,3\/1,6.<\/li>\n<li>Sans amidon ajout\u00e9, sans c\u00e9r\u00e9ales ni autres agents de remplissage.<\/li>\n<li>Uniquement des fructifications organiques, pas de myc\u00e9lium.<\/li>\n<li>Sans gluten, sans OGM et adapt\u00e9 aux v\u00e9g\u00e9taliens.<\/li>\n<li>Qualit\u00e9 sup\u00e9rieure, test\u00e9e dans des laboratoires tiers accr\u00e9dit\u00e9s.<\/li>\n<\/ul>","protected":false},"featured_media":46421,"comment_status":"open","ping_status":"closed","template":"","meta":{"_acf_changed":false,"site-sidebar-layout":"default","site-content-layout":"","ast-site-content-layout":"default","site-content-style":"default","site-sidebar-style":"default","ast-global-header-display":"","ast-banner-title-visibility":"","ast-main-header-display":"","ast-hfb-above-header-display":"","ast-hfb-below-header-display":"","ast-hfb-mobile-header-display":"","site-post-title":"","ast-breadcrumbs-content":"","ast-featured-img":"","footer-sml-layout":"","theme-transparent-header-meta":"default","adv-header-id-meta":"","stick-header-meta":"","header-above-stick-meta":"","header-main-stick-meta":"","header-below-stick-meta":"","astra-migrate-meta-layouts":"set","ast-page-background-enabled":"default","ast-page-background-meta":{"desktop":{"background-color":"var(--ast-global-color-4)","background-image":"","background-repeat":"repeat","background-position":"center center","background-size":"auto","background-attachment":"scroll","background-type":"","background-media":"","overlay-type":"","overlay-color":"","overlay-opacity":"","overlay-gradient":""},"tablet":{"background-color":"","background-image":"","background-repeat":"repeat","background-position":"center center","background-size":"auto","background-attachment":"scroll","background-type":"","background-media":"","overlay-type":"","overlay-color":"","overlay-opacity":"","overlay-gradient":""},"mobile":{"background-color":"","background-image":"","background-repeat":"repeat","background-position":"center center","background-size":"auto","background-attachment":"scroll","background-type":"","background-media":"","overlay-type":"","overlay-color":"","overlay-opacity":"","overlay-gradient":""}},"ast-content-background-meta":{"desktop":{"background-color":"var(--ast-global-color-5)","background-image":"","background-repeat":"repeat","background-position":"center center","background-size":"auto","background-attachment":"scroll","background-type":"","background-media":"","overlay-type":"","overlay-color":"","overlay-opacity":"","overlay-gradient":""},"tablet":{"background-color":"var(--ast-global-color-5)","background-image":"","background-repeat":"repeat","background-position":"center center","background-size":"auto","background-attachment":"scroll","background-type":"","background-media":"","overlay-type":"","overlay-color":"","overlay-opacity":"","overlay-gradient":""},"mobile":{"background-color":"var(--ast-global-color-5)","background-image":"","background-repeat":"repeat","background-position":"center center","background-size":"auto","background-attachment":"scroll","background-type":"","background-media":"","overlay-type":"","overlay-color":"","overlay-opacity":"","overlay-gradient":""}}},"product_brand":[],"product_cat":[458],"product_tag":[],"class_list":{"0":"post-46433","1":"product","2":"type-product","3":"status-publish","4":"has-post-thumbnail","6":"product_cat-marios-market","7":"desktop-align-center","8":"tablet-align-center","9":"mobile-align-center","11":"first","12":"outofstock","13":"taxable","14":"shipping-taxable","15":"purchasable","16":"product-type-simple"},"acf":[],"yoast_head":"<!-- This site is optimized with the Yoast SEO Premium plugin v27.3 (Yoast SEO v27.3) - https:\/\/yoast.com\/product\/yoast-seo-premium-wordpress\/ -->\n<title>Extracto Org\u00e1nico de Melena de Le\u00f3n | Iguana Smoke<\/title>\n<meta name=\"description\" content=\"Compra extracto org\u00e1nico de melena de le\u00f3n. Suplemento natural para mejorar la funci\u00f3n cognitiva, apoyar el sistema nervioso y reforzar el sistema inmunol\u00f3gico. Certificado, sin gluten y vegano.\" \/>\n<meta name=\"robots\" content=\"index, follow, max-snippet:-1, max-image-preview:large, max-video-preview:-1\" \/>\n<link rel=\"canonical\" href=\"https:\/\/iguanasmoke.com\/fr\/produit\/extrait-de-criniere-de-lion-biologique\/\" \/>\n<meta property=\"og:locale\" content=\"fr_FR\" \/>\n<meta property=\"og:type\" content=\"article\" \/>\n<meta property=\"og:title\" content=\"Extracto Org\u00e1nico de Melena de Le\u00f3n\" \/>\n<meta property=\"og:description\" content=\"Caracter\u00edsticas del Extracto de Melena de Le\u00f3n:   Botella cuentagotas de vidrio Miron violeta de 50 ml o vidrio marr\u00f3n farmac\u00e9utico.  F\u00e1cil de usar: a\u00f1ade dos dosis a un vaso de agua o directamente debajo de la lengua.  Contiene aproximadamente un 25% de alcohol.  Extracto dual con agua caliente y alcohol para extraer compuestos solubles y no solubles en agua.  Elaborado con extracto que contiene m\u00e1s del 20% de Beta glucanos 1,3\/1,6.  Sin almid\u00f3n, cereales u otros rellenos a\u00f1adidos.  Solo cuerpos fruct\u00edferos org\u00e1nicos, sin micelio.  Sin gluten, no modificado gen\u00e9ticamente (non-GMO) y apto para veganos.  Calidad premium, probado en laboratorios acreditados de terceros.\" \/>\n<meta property=\"og:url\" content=\"https:\/\/iguanasmoke.com\/fr\/produit\/extrait-de-criniere-de-lion-biologique\/\" \/>\n<meta property=\"og:site_name\" content=\"Iguana Smoke\" \/>\n<meta property=\"article:publisher\" content=\"https:\/\/www.facebook.com\/iguanasmoke\" \/>\n<meta property=\"article:modified_time\" content=\"2025-09-15T15:22:11+00:00\" \/>\n<meta property=\"og:image\" content=\"https:\/\/i0.wp.com\/iguanasmoke.com\/wp-content\/uploads\/2024\/12\/8-1.webp?fit=1409%2C2000&ssl=1\" \/>\n\t<meta property=\"og:image:width\" content=\"1409\" \/>\n\t<meta property=\"og:image:height\" content=\"2000\" \/>\n\t<meta property=\"og:image:type\" content=\"image\/webp\" \/>\n<meta name=\"twitter:card\" content=\"summary_large_image\" \/>\n<meta name=\"twitter:label1\" content=\"Prix\" \/>\n\t<meta name=\"twitter:data1\" content=\"29,90&nbsp;&euro;\" \/>\n\t<meta name=\"twitter:label2\" content=\"Disponibilit\u00e9\" \/>\n\t<meta name=\"twitter:data2\" content=\"Rupture de stock\" \/>\n<meta property=\"product:brand\" content=\"simple\" \/>\n<meta property=\"product:price:amount\" content=\"29.90\" \/>\n<meta property=\"product:price:currency\" content=\"EUR\" \/>\n<meta property=\"og:availability\" content=\"out of stock\" \/>\n<meta property=\"product:availability\" content=\"out of stock\" \/>\n<meta property=\"product:retailer_item_id\" content=\"LYF-SPRAY-MLN\" \/>\n<meta property=\"product:condition\" content=\"new\" \/>\n<!-- \/ Yoast SEO Premium plugin. -->","yoast_head_json":{"title":"Extrait de crini\u00e8re de lion bio | Fum\u00e9e d'iguane","description":"Acheter de l'extrait de crini\u00e8re de lion biologique. Compl\u00e9ment naturel pour am\u00e9liorer les fonctions cognitives, soutenir le syst\u00e8me nerveux et renforcer le syst\u00e8me immunitaire. Certifi\u00e9 sans gluten et v\u00e9g\u00e9talien.","robots":{"index":"index","follow":"follow","max-snippet":"max-snippet:-1","max-image-preview":"max-image-preview:large","max-video-preview":"max-video-preview:-1"},"canonical":"https:\/\/iguanasmoke.com\/fr\/produit\/extrait-de-criniere-de-lion-biologique\/","og_locale":"fr_FR","og_type":"article","og_title":"Extracto Org\u00e1nico de Melena de Le\u00f3n","og_description":"Caracter\u00edsticas del Extracto de Melena de Le\u00f3n:   Botella cuentagotas de vidrio Miron violeta de 50 ml o vidrio marr\u00f3n farmac\u00e9utico.  F\u00e1cil de usar: a\u00f1ade dos dosis a un vaso de agua o directamente debajo de la lengua.  Contiene aproximadamente un 25% de alcohol.  Extracto dual con agua caliente y alcohol para extraer compuestos solubles y no solubles en agua.  Elaborado con extracto que contiene m\u00e1s del 20% de Beta glucanos 1,3\/1,6.  Sin almid\u00f3n, cereales u otros rellenos a\u00f1adidos.  Solo cuerpos fruct\u00edferos org\u00e1nicos, sin micelio.  Sin gluten, no modificado gen\u00e9ticamente (non-GMO) y apto para veganos.  Calidad premium, probado en laboratorios acreditados de terceros.","og_url":"https:\/\/iguanasmoke.com\/fr\/produit\/extrait-de-criniere-de-lion-biologique\/","og_site_name":"Iguana Smoke","article_publisher":"https:\/\/www.facebook.com\/iguanasmoke","article_modified_time":"2025-09-15T15:22:11+00:00","og_image":[{"width":1409,"height":2000,"url":"https:\/\/i0.wp.com\/iguanasmoke.com\/wp-content\/uploads\/2024\/12\/8-1.webp?fit=1409%2C2000&ssl=1","type":"image\/webp"}],"twitter_card":"summary_large_image","twitter_misc":{"Prix":"29,90&nbsp;&euro;","Disponibilit\u00e9":"Rupture de stock"},"schema":{"@context":"https:\/\/schema.org","@graph":[{"@type":"WebPage","@id":"https:\/\/iguanasmoke.com\/it\/prodotto\/extracto-organico-de-melena-de-leon\/","url":"https:\/\/iguanasmoke.com\/it\/prodotto\/extracto-organico-de-melena-de-leon\/","name":"Extrait de crini\u00e8re de lion bio | Fum\u00e9e d'iguane","isPartOf":{"@id":"https:\/\/iguanasmoke.com\/#website"},"primaryImageOfPage":{"@id":"https:\/\/iguanasmoke.com\/it\/prodotto\/extracto-organico-de-melena-de-leon\/#primaryimage"},"image":{"@id":"https:\/\/iguanasmoke.com\/it\/prodotto\/extracto-organico-de-melena-de-leon\/#primaryimage"},"thumbnailUrl":"https:\/\/iguanasmoke.com\/wp-content\/uploads\/2024\/12\/8-1.webp","datePublished":"2024-12-28T12:39:24+00:00","dateModified":"2025-09-15T15:22:11+00:00","description":"Acheter de l'extrait de crini\u00e8re de lion biologique. Compl\u00e9ment naturel pour am\u00e9liorer les fonctions cognitives, soutenir le syst\u00e8me nerveux et renforcer le syst\u00e8me immunitaire. Certifi\u00e9 sans gluten et v\u00e9g\u00e9talien.","breadcrumb":{"@id":"https:\/\/iguanasmoke.com\/it\/prodotto\/extracto-organico-de-melena-de-leon\/#breadcrumb"},"inLanguage":"fr-FR","potentialAction":[{"@type":"ReadAction","target":["https:\/\/iguanasmoke.com\/it\/prodotto\/extracto-organico-de-melena-de-leon\/"]}]},{"@type":"ImageObject","inLanguage":"fr-FR","@id":"https:\/\/iguanasmoke.com\/it\/prodotto\/extracto-organico-de-melena-de-leon\/#primaryimage","url":"https:\/\/iguanasmoke.com\/wp-content\/uploads\/2024\/12\/8-1.webp","contentUrl":"https:\/\/iguanasmoke.com\/wp-content\/uploads\/2024\/12\/8-1.webp","width":1409,"height":2000},{"@type":"BreadcrumbList","@id":"https:\/\/iguanasmoke.com\/it\/prodotto\/extracto-organico-de-melena-de-leon\/#breadcrumb","itemListElement":[{"@type":"ListItem","position":1,"name":"home","item":"https:\/\/iguanasmoke.com\/"},{"@type":"ListItem","position":2,"name":"Tienda","item":"https:\/\/iguanasmoke.com\/tienda\/"},{"@type":"ListItem","position":3,"name":"Mario's Market","item":"https:\/\/iguanasmoke.com\/categoria\/marios-market\/"},{"@type":"ListItem","position":4,"name":"Extracto Org\u00e1nico de Melena de Le\u00f3n"}]},{"@type":"WebSite","@id":"https:\/\/iguanasmoke.com\/#website","url":"https:\/\/iguanasmoke.com\/","name":"Fum\u00e9e d'iguane","description":"Acheter du CBD en ligne au meilleur prix","publisher":{"@id":"https:\/\/iguanasmoke.com\/#organization"},"potentialAction":[{"@type":"SearchAction","target":{"@type":"EntryPoint","urlTemplate":"https:\/\/iguanasmoke.com\/?s={search_term_string}"},"query-input":{"@type":"PropertyValueSpecification","valueRequired":true,"valueName":"search_term_string"}}],"inLanguage":"fr-FR"},{"@type":"Organization","@id":"https:\/\/iguanasmoke.com\/#organization","name":"Fum\u00e9e d'iguane","url":"https:\/\/iguanasmoke.com\/","logo":{"@type":"ImageObject","inLanguage":"fr-FR","@id":"https:\/\/iguanasmoke.com\/#\/schema\/logo\/image\/","url":"https:\/\/iguanasmoke.com\/wp-content\/uploads\/2025\/01\/logoiguana-favi-1.png","contentUrl":"https:\/\/iguanasmoke.com\/wp-content\/uploads\/2025\/01\/logoiguana-favi-1.png","width":512,"height":512,"caption":"Iguana Smoke"},"image":{"@id":"https:\/\/iguanasmoke.com\/#\/schema\/logo\/image\/"},"sameAs":["https:\/\/www.facebook.com\/iguanasmoke","https:\/\/www.instagram.com\/iguanasmoke\/"]}]},"product_brand":"simple","product_price_amount":"29.90","product_price_currency":"EUR","og_availability":"out of stock","product_availability":"out of stock","product_retailer_item_id":"LYF-SPRAY-MLN","product_condition":"new"},"_links":{"self":[{"href":"https:\/\/iguanasmoke.com\/fr\/wp-json\/wp\/v2\/product\/46433","targetHints":{"allow":["GET"]}}],"collection":[{"href":"https:\/\/iguanasmoke.com\/fr\/wp-json\/wp\/v2\/product"}],"about":[{"href":"https:\/\/iguanasmoke.com\/fr\/wp-json\/wp\/v2\/types\/product"}],"replies":[{"embeddable":true,"href":"https:\/\/iguanasmoke.com\/fr\/wp-json\/wp\/v2\/comments?post=46433"}],"wp:featuredmedia":[{"embeddable":true,"href":"https:\/\/iguanasmoke.com\/fr\/wp-json\/wp\/v2\/media\/46421"}],"wp:attachment":[{"href":"https:\/\/iguanasmoke.com\/fr\/wp-json\/wp\/v2\/media?parent=46433"}],"wp:term":[{"taxonomy":"product_brand","embeddable":true,"href":"https:\/\/iguanasmoke.com\/fr\/wp-json\/wp\/v2\/product_brand?post=46433"},{"taxonomy":"product_cat","embeddable":true,"href":"https:\/\/iguanasmoke.com\/fr\/wp-json\/wp\/v2\/product_cat?post=46433"},{"taxonomy":"product_tag","embeddable":true,"href":"https:\/\/iguanasmoke.com\/fr\/wp-json\/wp\/v2\/product_tag?post=46433"}],"curies":[{"name":"wp","href":"https:\/\/api.w.org\/{rel}","templated":true}]}}