{"id":46434,"date":"2024-12-28T13:41:52","date_gmt":"2024-12-28T12:41:52","guid":{"rendered":"https:\/\/iguanasmoke.com\/?post_type=product&#038;p=46434"},"modified":"2025-09-15T17:22:02","modified_gmt":"2025-09-15T15:22:02","slug":"extrait-de-champignon-bio-focus-2","status":"publish","type":"product","link":"https:\/\/iguanasmoke.com\/fr\/producto\/extracto-organico-de-hongos-focus\/","title":{"rendered":"Focus Organic Mushroom Extract"},"content":{"rendered":"<h1>Focus Organic Mushroom Extract<\/h1>\n<p><strong>Votre boussole pour am\u00e9liorer la concentration, \u00e9viter la procrastination et la confusion : retrouvez le chemin de la concentration et de la clart\u00e9.<\/strong><\/p>\n<p>Essayez-vous d'\u00eatre attentif alors que votre esprit vagabonde ? Que vous soyez en train d'\u00e9tudier, d'acqu\u00e9rir une nouvelle comp\u00e9tence, de pr\u00e9parer un entretien ou une pr\u00e9sentation, il est facile de se laisser distraire. Qu'est-il arriv\u00e9 \u00e0 cette concentration aigu\u00eb que vous aviez l'habitude d'avoir ?<\/p>\n<p>Le <strong>Boussole Focus<\/strong> combine les rem\u00e8des floraux et les champignons les plus efficaces pour vous aider \u00e0 retrouver votre vivacit\u00e9 d'esprit et votre pr\u00e9cision.<\/p>\n<h3>Ingr\u00e9dients actifs :<\/h3>\n<h4><strong>Les champignons :<\/strong><\/h4>\n<ul>\n<li><strong>Reishi :<\/strong> Le super-h\u00e9ros du sommeil non paradoxal. Aide \u00e0 prolonger la dur\u00e9e du sommeil non paradoxal, favorisant ainsi un sommeil de qualit\u00e9.<\/li>\n<li><strong>Cordyceps :<\/strong> Il joue un r\u00f4le crucial dans la r\u00e9gulation du rythme circadien et peut augmenter les niveaux de s\u00e9rotonine et de m\u00e9latonine, essentiels au processus de sommeil.<\/li>\n<li><strong>Crini\u00e8re de lion :<\/strong> Il contribue \u00e0 une augmentation naturelle du BDNF, un facteur neurotrophique dont le d\u00e9ficit a \u00e9t\u00e9 associ\u00e9 \u00e0 des probl\u00e8mes de sommeil.<\/li>\n<li><strong>Chaga :<\/strong> Il r\u00e9gule la r\u00e9ponse naturelle au stress, r\u00e9duit l'inflammation, le cholest\u00e9rol et le taux de sucre dans le sang.<\/li>\n<\/ul>\n<h4><strong>M\u00e9langes floraux :<\/strong><\/h4>\n<ul>\n<li><strong>Polyanthus de Nan :<\/strong> Stimule l'\u00e9nergie n\u00e9cessaire pour faire avancer tout projet.<\/li>\n<li><strong>Soudage :<\/strong> Il offre une vision globale, en gardant \u00e0 l'esprit l'ensemble du dispositif.<\/li>\n<li><strong>Carotte :<\/strong> Aide \u00e0 l'organisation pour atteindre vos objectifs.<\/li>\n<li><strong>Bouton d'or :<\/strong> Il favorise la confiance cr\u00e9ative.<\/li>\n<li><strong>Mora :<\/strong> Il facilite l'avancement et la r\u00e9alisation des id\u00e9es.<\/li>\n<li><strong>Cl\u00e9matite :<\/strong> Permet d'arr\u00eater de r\u00eavasser et de rester concentr\u00e9.<\/li>\n<\/ul>\n<p>&nbsp;<\/p>","protected":false},"excerpt":{"rendered":"<p>Le <strong>Boussole Focus<\/strong> vous aidera \u00e0 traverser les moments o\u00f9 vous avez besoin d'acuit\u00e9 mentale et d'une concentration limpide.<\/p>\n<p><strong>Taille :<\/strong> 50 ml<br \/>\n<strong>Dosage recommand\u00e9 :<\/strong> 3 pulv\u00e9risations le matin \/ 3 pulv\u00e9risations le soir<\/p>","protected":false},"featured_media":46425,"comment_status":"open","ping_status":"closed","template":"","meta":{"_acf_changed":false,"site-sidebar-layout":"default","site-content-layout":"","ast-site-content-layout":"default","site-content-style":"default","site-sidebar-style":"default","ast-global-header-display":"","ast-banner-title-visibility":"","ast-main-header-display":"","ast-hfb-above-header-display":"","ast-hfb-below-header-display":"","ast-hfb-mobile-header-display":"","site-post-title":"","ast-breadcrumbs-content":"","ast-featured-img":"","footer-sml-layout":"","theme-transparent-header-meta":"default","adv-header-id-meta":"","stick-header-meta":"","header-above-stick-meta":"","header-main-stick-meta":"","header-below-stick-meta":"","astra-migrate-meta-layouts":"set","ast-page-background-enabled":"default","ast-page-background-meta":{"desktop":{"background-color":"var(--ast-global-color-4)","background-image":"","background-repeat":"repeat","background-position":"center center","background-size":"auto","background-attachment":"scroll","background-type":"","background-media":"","overlay-type":"","overlay-color":"","overlay-opacity":"","overlay-gradient":""},"tablet":{"background-color":"","background-image":"","background-repeat":"repeat","background-position":"center center","background-size":"auto","background-attachment":"scroll","background-type":"","background-media":"","overlay-type":"","overlay-color":"","overlay-opacity":"","overlay-gradient":""},"mobile":{"background-color":"","background-image":"","background-repeat":"repeat","background-position":"center center","background-size":"auto","background-attachment":"scroll","background-type":"","background-media":"","overlay-type":"","overlay-color":"","overlay-opacity":"","overlay-gradient":""}},"ast-content-background-meta":{"desktop":{"background-color":"var(--ast-global-color-5)","background-image":"","background-repeat":"repeat","background-position":"center center","background-size":"auto","background-attachment":"scroll","background-type":"","background-media":"","overlay-type":"","overlay-color":"","overlay-opacity":"","overlay-gradient":""},"tablet":{"background-color":"var(--ast-global-color-5)","background-image":"","background-repeat":"repeat","background-position":"center center","background-size":"auto","background-attachment":"scroll","background-type":"","background-media":"","overlay-type":"","overlay-color":"","overlay-opacity":"","overlay-gradient":""},"mobile":{"background-color":"var(--ast-global-color-5)","background-image":"","background-repeat":"repeat","background-position":"center center","background-size":"auto","background-attachment":"scroll","background-type":"","background-media":"","overlay-type":"","overlay-color":"","overlay-opacity":"","overlay-gradient":""}}},"product_brand":[],"product_cat":[458],"product_tag":[],"class_list":{"0":"post-46434","1":"product","2":"type-product","3":"status-publish","4":"has-post-thumbnail","6":"product_cat-marios-market","7":"desktop-align-center","8":"tablet-align-center","9":"mobile-align-center","11":"first","12":"outofstock","13":"taxable","14":"shipping-taxable","15":"purchasable","16":"product-type-simple"},"acf":[],"yoast_head":"<!-- This site is optimized with the Yoast SEO Premium plugin v27.3 (Yoast SEO v27.3) - https:\/\/yoast.com\/product\/yoast-seo-premium-wordpress\/ -->\n<title>Extracto Org\u00e1nico de Hongos Focus | Suplemento natural | Iguana Smoke<\/title>\n<meta name=\"description\" content=\"Descubre el poder del extracto org\u00e1nico de hongo Focus para mejorar la concentraci\u00f3n y la claridad mental. Combate la distracci\u00f3n y potencia tu mente.\" \/>\n<meta name=\"robots\" content=\"index, follow, max-snippet:-1, max-image-preview:large, max-video-preview:-1\" \/>\n<link rel=\"canonical\" href=\"https:\/\/iguanasmoke.com\/fr\/produit\/extrait-de-champignon-bio-focus-2\/\" \/>\n<meta property=\"og:locale\" content=\"fr_FR\" \/>\n<meta property=\"og:type\" content=\"article\" \/>\n<meta property=\"og:title\" content=\"Extracto Org\u00e1nico de Hongos Focus\" \/>\n<meta property=\"og:description\" content=\"La Br\u00fajula de Enfoque te ayudar\u00e1 a navegar momentos en los que necesitas agudeza mental y concentraci\u00f3n cristalina.  Tama\u00f1o: 50 ml Dosis recomendada: 3 sprays por la ma\u00f1ana \/ 3 por la noche\" \/>\n<meta property=\"og:url\" content=\"https:\/\/iguanasmoke.com\/fr\/produit\/extrait-de-champignon-bio-focus-2\/\" \/>\n<meta property=\"og:site_name\" content=\"Iguana Smoke\" \/>\n<meta property=\"article:publisher\" content=\"https:\/\/www.facebook.com\/iguanasmoke\" \/>\n<meta property=\"article:modified_time\" content=\"2025-09-15T15:22:02+00:00\" \/>\n<meta property=\"og:image\" content=\"https:\/\/i0.wp.com\/iguanasmoke.com\/wp-content\/uploads\/2024\/12\/4-1.webp?fit=1409%2C2000&ssl=1\" \/>\n\t<meta property=\"og:image:width\" content=\"1409\" \/>\n\t<meta property=\"og:image:height\" content=\"2000\" \/>\n\t<meta property=\"og:image:type\" content=\"image\/webp\" \/>\n<meta name=\"twitter:card\" content=\"summary_large_image\" \/>\n<meta name=\"twitter:label1\" content=\"Prix\" \/>\n\t<meta name=\"twitter:data1\" content=\"34,90&nbsp;&euro;\" \/>\n\t<meta name=\"twitter:label2\" content=\"Disponibilit\u00e9\" \/>\n\t<meta name=\"twitter:data2\" content=\"Rupture de stock\" \/>\n<meta property=\"product:brand\" content=\"simple\" \/>\n<meta property=\"product:price:amount\" content=\"34.90\" \/>\n<meta property=\"product:price:currency\" content=\"EUR\" \/>\n<meta property=\"og:availability\" content=\"out of stock\" \/>\n<meta property=\"product:availability\" content=\"out of stock\" \/>\n<meta property=\"product:retailer_item_id\" content=\"LYF-SPRAY-FCS\" \/>\n<meta property=\"product:condition\" content=\"new\" \/>\n<!-- \/ Yoast SEO Premium plugin. -->","yoast_head_json":{"title":"Focus Organic Mushroom Extract - Suppl\u00e9ment naturel - Iguana Smoke","description":"D\u00e9couvrez le pouvoir de l'extrait de champignon Focus biologique pour am\u00e9liorer la concentration et la clart\u00e9 mentale. Combattez les distractions et renforcez votre esprit.","robots":{"index":"index","follow":"follow","max-snippet":"max-snippet:-1","max-image-preview":"max-image-preview:large","max-video-preview":"max-video-preview:-1"},"canonical":"https:\/\/iguanasmoke.com\/fr\/produit\/extrait-de-champignon-bio-focus-2\/","og_locale":"fr_FR","og_type":"article","og_title":"Extracto Org\u00e1nico de Hongos Focus","og_description":"La Br\u00fajula de Enfoque te ayudar\u00e1 a navegar momentos en los que necesitas agudeza mental y concentraci\u00f3n cristalina.  Tama\u00f1o: 50 ml Dosis recomendada: 3 sprays por la ma\u00f1ana \/ 3 por la noche","og_url":"https:\/\/iguanasmoke.com\/fr\/produit\/extrait-de-champignon-bio-focus-2\/","og_site_name":"Iguana Smoke","article_publisher":"https:\/\/www.facebook.com\/iguanasmoke","article_modified_time":"2025-09-15T15:22:02+00:00","og_image":[{"width":1409,"height":2000,"url":"https:\/\/i0.wp.com\/iguanasmoke.com\/wp-content\/uploads\/2024\/12\/4-1.webp?fit=1409%2C2000&ssl=1","type":"image\/webp"}],"twitter_card":"summary_large_image","twitter_misc":{"Prix":"34,90&nbsp;&euro;","Disponibilit\u00e9":"Rupture de stock"},"schema":{"@context":"https:\/\/schema.org","@graph":[{"@type":"WebPage","@id":"https:\/\/iguanasmoke.com\/producto\/extracto-organico-de-hongos-focus\/","url":"https:\/\/iguanasmoke.com\/producto\/extracto-organico-de-hongos-focus\/","name":"Focus Organic Mushroom Extract - Suppl\u00e9ment naturel - Iguana Smoke","isPartOf":{"@id":"https:\/\/iguanasmoke.com\/#website"},"primaryImageOfPage":{"@id":"https:\/\/iguanasmoke.com\/producto\/extracto-organico-de-hongos-focus\/#primaryimage"},"image":{"@id":"https:\/\/iguanasmoke.com\/producto\/extracto-organico-de-hongos-focus\/#primaryimage"},"thumbnailUrl":"https:\/\/iguanasmoke.com\/wp-content\/uploads\/2024\/12\/4-1.webp","datePublished":"2024-12-28T12:41:52+00:00","dateModified":"2025-09-15T15:22:02+00:00","description":"D\u00e9couvrez le pouvoir de l'extrait de champignon Focus biologique pour am\u00e9liorer la concentration et la clart\u00e9 mentale. Combattez les distractions et renforcez votre esprit.","breadcrumb":{"@id":"https:\/\/iguanasmoke.com\/producto\/extracto-organico-de-hongos-focus\/#breadcrumb"},"inLanguage":"fr-FR","potentialAction":[{"@type":"ReadAction","target":["https:\/\/iguanasmoke.com\/producto\/extracto-organico-de-hongos-focus\/"]}]},{"@type":"ImageObject","inLanguage":"fr-FR","@id":"https:\/\/iguanasmoke.com\/producto\/extracto-organico-de-hongos-focus\/#primaryimage","url":"https:\/\/iguanasmoke.com\/wp-content\/uploads\/2024\/12\/4-1.webp","contentUrl":"https:\/\/iguanasmoke.com\/wp-content\/uploads\/2024\/12\/4-1.webp","width":1409,"height":2000},{"@type":"BreadcrumbList","@id":"https:\/\/iguanasmoke.com\/producto\/extracto-organico-de-hongos-focus\/#breadcrumb","itemListElement":[{"@type":"ListItem","position":1,"name":"home","item":"https:\/\/iguanasmoke.com\/"},{"@type":"ListItem","position":2,"name":"Tienda","item":"https:\/\/iguanasmoke.com\/tienda\/"},{"@type":"ListItem","position":3,"name":"Mario's Market","item":"https:\/\/iguanasmoke.com\/categoria\/marios-market\/"},{"@type":"ListItem","position":4,"name":"Extracto Org\u00e1nico de Hongos Focus"}]},{"@type":"WebSite","@id":"https:\/\/iguanasmoke.com\/#website","url":"https:\/\/iguanasmoke.com\/","name":"Fum\u00e9e d'iguane","description":"Acheter du CBD en ligne au meilleur prix","publisher":{"@id":"https:\/\/iguanasmoke.com\/#organization"},"potentialAction":[{"@type":"SearchAction","target":{"@type":"EntryPoint","urlTemplate":"https:\/\/iguanasmoke.com\/?s={search_term_string}"},"query-input":{"@type":"PropertyValueSpecification","valueRequired":true,"valueName":"search_term_string"}}],"inLanguage":"fr-FR"},{"@type":"Organization","@id":"https:\/\/iguanasmoke.com\/#organization","name":"Fum\u00e9e d'iguane","url":"https:\/\/iguanasmoke.com\/","logo":{"@type":"ImageObject","inLanguage":"fr-FR","@id":"https:\/\/iguanasmoke.com\/#\/schema\/logo\/image\/","url":"https:\/\/iguanasmoke.com\/wp-content\/uploads\/2025\/01\/logoiguana-favi-1.png","contentUrl":"https:\/\/iguanasmoke.com\/wp-content\/uploads\/2025\/01\/logoiguana-favi-1.png","width":512,"height":512,"caption":"Iguana Smoke"},"image":{"@id":"https:\/\/iguanasmoke.com\/#\/schema\/logo\/image\/"},"sameAs":["https:\/\/www.facebook.com\/iguanasmoke","https:\/\/www.instagram.com\/iguanasmoke\/"]}]},"product_brand":"simple","product_price_amount":"34.90","product_price_currency":"EUR","og_availability":"out of stock","product_availability":"out of stock","product_retailer_item_id":"LYF-SPRAY-FCS","product_condition":"new"},"_links":{"self":[{"href":"https:\/\/iguanasmoke.com\/fr\/wp-json\/wp\/v2\/product\/46434","targetHints":{"allow":["GET"]}}],"collection":[{"href":"https:\/\/iguanasmoke.com\/fr\/wp-json\/wp\/v2\/product"}],"about":[{"href":"https:\/\/iguanasmoke.com\/fr\/wp-json\/wp\/v2\/types\/product"}],"replies":[{"embeddable":true,"href":"https:\/\/iguanasmoke.com\/fr\/wp-json\/wp\/v2\/comments?post=46434"}],"wp:featuredmedia":[{"embeddable":true,"href":"https:\/\/iguanasmoke.com\/fr\/wp-json\/wp\/v2\/media\/46425"}],"wp:attachment":[{"href":"https:\/\/iguanasmoke.com\/fr\/wp-json\/wp\/v2\/media?parent=46434"}],"wp:term":[{"taxonomy":"product_brand","embeddable":true,"href":"https:\/\/iguanasmoke.com\/fr\/wp-json\/wp\/v2\/product_brand?post=46434"},{"taxonomy":"product_cat","embeddable":true,"href":"https:\/\/iguanasmoke.com\/fr\/wp-json\/wp\/v2\/product_cat?post=46434"},{"taxonomy":"product_tag","embeddable":true,"href":"https:\/\/iguanasmoke.com\/fr\/wp-json\/wp\/v2\/product_tag?post=46434"}],"curies":[{"name":"wp","href":"https:\/\/api.w.org\/{rel}","templated":true}]}}