{"id":46435,"date":"2024-12-28T13:43:49","date_gmt":"2024-12-28T12:43:49","guid":{"rendered":"https:\/\/iguanasmoke.com\/?post_type=product&#038;p=46435"},"modified":"2025-09-15T17:21:52","modified_gmt":"2025-09-15T15:21:52","slug":"extrait-de-champignon-pimente-biologique","status":"publish","type":"product","link":"https:\/\/iguanasmoke.com\/fr\/producto\/extracto-organico-de-hongos-chill\/","title":{"rendered":"Extrait de champignon piment\u00e9 biologique"},"content":{"rendered":"<h3><strong>Extrait de champignon piment\u00e9 biologique<\/strong><\/h3>\n<p>Votre boussole personnelle pour naviguer dans le stress quotidien. Si elle n'est pas trait\u00e9e, l'anxi\u00e9t\u00e9 peut diminuer votre qualit\u00e9 de vie, en affectant vos interactions sociales, votre sommeil et votre productivit\u00e9. L'extrait Chill est un m\u00e9lange puissant de 4 champignons adaptog\u00e8nes et de 6 fleurs \u00e9quilibrantes, <strong>con\u00e7u pour vous aider \u00e0 rester calme lorsque la vie devient accablante<\/strong>.<\/p>\n<h6><strong>Principes actifs de l'extrait de champignon :<\/strong><\/h6>\n<ul>\n<li><strong>Reishi :<\/strong> Connu comme le super-h\u00e9ros du sommeil non paradoxal, il contribue \u00e0 am\u00e9liorer la qualit\u00e9 du sommeil profond.<\/li>\n<li><strong>Cordyceps :<\/strong> Il r\u00e9gule le rythme circadien et augmente les niveaux de s\u00e9rotonine et de m\u00e9latonine, essentiels \u00e0 un bon sommeil.<\/li>\n<li><strong>Crini\u00e8re de lion :<\/strong> Stimule le BDNF, une prot\u00e9ine li\u00e9e \u00e0 l'am\u00e9lioration du sommeil et des fonctions cognitives.<\/li>\n<li><strong>Chaga :<\/strong> R\u00e9duit le stress et l'inflammation, r\u00e9gule le cholest\u00e9rol et la glyc\u00e9mie et renforce le syst\u00e8me immunitaire.<\/li>\n<\/ul>\n<p><strong>Avertissements :<\/strong> Consultez votre m\u00e9decin si vous prenez des m\u00e9dicaments immunosuppresseurs, car ils peuvent pr\u00e9senter des contre-indications avec l'utilisation de champignons fonctionnels.<\/p>\n<p>Cet extrait de champignon est id\u00e9al pour ceux qui recherchent un soutien naturel pour r\u00e9duire l'anxi\u00e9t\u00e9 et am\u00e9liorer le bien-\u00eatre g\u00e9n\u00e9ral.<\/p>","protected":false},"excerpt":{"rendered":"<p><strong>Caract\u00e9ristiques de l'extrait de champignon Chill<\/strong><\/p>\n<ul>\n<li><strong>Noyer :<\/strong> Protection pendant les changements.<\/li>\n<li><strong>Bouton d'or :<\/strong> Renforce la confiance en soi.<\/li>\n<li><strong>Ail sauvage :<\/strong> Soutien universel.<\/li>\n<li><strong>Rose de roche :<\/strong> R\u00e9duit la peur et la panique.<\/li>\n<li><strong>Bourrache :<\/strong> Favorise le courage.<\/li>\n<li><strong>Prune cerise :<\/strong> Il apporte le calme.<\/li>\n<\/ul>","protected":false},"featured_media":46416,"comment_status":"open","ping_status":"closed","template":"","meta":{"_acf_changed":false,"site-sidebar-layout":"default","site-content-layout":"","ast-site-content-layout":"default","site-content-style":"default","site-sidebar-style":"default","ast-global-header-display":"","ast-banner-title-visibility":"","ast-main-header-display":"","ast-hfb-above-header-display":"","ast-hfb-below-header-display":"","ast-hfb-mobile-header-display":"","site-post-title":"","ast-breadcrumbs-content":"","ast-featured-img":"","footer-sml-layout":"","theme-transparent-header-meta":"default","adv-header-id-meta":"","stick-header-meta":"","header-above-stick-meta":"","header-main-stick-meta":"","header-below-stick-meta":"","astra-migrate-meta-layouts":"set","ast-page-background-enabled":"default","ast-page-background-meta":{"desktop":{"background-color":"var(--ast-global-color-4)","background-image":"","background-repeat":"repeat","background-position":"center center","background-size":"auto","background-attachment":"scroll","background-type":"","background-media":"","overlay-type":"","overlay-color":"","overlay-opacity":"","overlay-gradient":""},"tablet":{"background-color":"","background-image":"","background-repeat":"repeat","background-position":"center center","background-size":"auto","background-attachment":"scroll","background-type":"","background-media":"","overlay-type":"","overlay-color":"","overlay-opacity":"","overlay-gradient":""},"mobile":{"background-color":"","background-image":"","background-repeat":"repeat","background-position":"center center","background-size":"auto","background-attachment":"scroll","background-type":"","background-media":"","overlay-type":"","overlay-color":"","overlay-opacity":"","overlay-gradient":""}},"ast-content-background-meta":{"desktop":{"background-color":"var(--ast-global-color-5)","background-image":"","background-repeat":"repeat","background-position":"center center","background-size":"auto","background-attachment":"scroll","background-type":"","background-media":"","overlay-type":"","overlay-color":"","overlay-opacity":"","overlay-gradient":""},"tablet":{"background-color":"var(--ast-global-color-5)","background-image":"","background-repeat":"repeat","background-position":"center center","background-size":"auto","background-attachment":"scroll","background-type":"","background-media":"","overlay-type":"","overlay-color":"","overlay-opacity":"","overlay-gradient":""},"mobile":{"background-color":"var(--ast-global-color-5)","background-image":"","background-repeat":"repeat","background-position":"center center","background-size":"auto","background-attachment":"scroll","background-type":"","background-media":"","overlay-type":"","overlay-color":"","overlay-opacity":"","overlay-gradient":""}}},"product_brand":[],"product_cat":[458],"product_tag":[],"class_list":{"0":"post-46435","1":"product","2":"type-product","3":"status-publish","4":"has-post-thumbnail","6":"product_cat-marios-market","7":"desktop-align-center","8":"tablet-align-center","9":"mobile-align-center","11":"first","12":"outofstock","13":"taxable","14":"shipping-taxable","15":"purchasable","16":"product-type-simple"},"acf":[],"yoast_head":"<!-- This site is optimized with the Yoast SEO Premium plugin v27.3 (Yoast SEO v27.3) - https:\/\/yoast.com\/product\/yoast-seo-premium-wordpress\/ -->\n<title>Extracto Org\u00e1nico de Hongos Chill | Suplemento natural | Iguana Smoke<\/title>\n<meta name=\"description\" content=\"Compra extracto org\u00e1nico de hongos de alta calidad. Potente suplemento que ayuda a reducir el estr\u00e9s y calmar la ansiedad. Sin gluten, vegano y certificado.\" \/>\n<meta name=\"robots\" content=\"index, follow, max-snippet:-1, max-image-preview:large, max-video-preview:-1\" \/>\n<link rel=\"canonical\" href=\"https:\/\/iguanasmoke.com\/fr\/produit\/extrait-de-champignon-pimente-biologique\/\" \/>\n<meta property=\"og:locale\" content=\"fr_FR\" \/>\n<meta property=\"og:type\" content=\"article\" \/>\n<meta property=\"og:title\" content=\"Extracto Org\u00e1nico de Hongos Chill\" \/>\n<meta property=\"og:description\" content=\"Caracter\u00edsticas Extracto de Hongos Chill   Nuez: Protecci\u00f3n durante los cambios.  Ran\u00fanculo: Refuerza la confianza en uno mismo.  Ajo silvestre: Apoyo universal.  Rosa de roca: Reduce el miedo y el p\u00e1nico.  Borraja: Promueve el coraje.  Ciruela cereza: Aporta calma.\" \/>\n<meta property=\"og:url\" content=\"https:\/\/iguanasmoke.com\/fr\/produit\/extrait-de-champignon-pimente-biologique\/\" \/>\n<meta property=\"og:site_name\" content=\"Iguana Smoke\" \/>\n<meta property=\"article:publisher\" content=\"https:\/\/www.facebook.com\/iguanasmoke\" \/>\n<meta property=\"article:modified_time\" content=\"2025-09-15T15:21:52+00:00\" \/>\n<meta property=\"og:image\" content=\"https:\/\/i0.wp.com\/iguanasmoke.com\/wp-content\/uploads\/2024\/12\/2-1.webp?fit=1409%2C2000&ssl=1\" \/>\n\t<meta property=\"og:image:width\" content=\"1409\" \/>\n\t<meta property=\"og:image:height\" content=\"2000\" \/>\n\t<meta property=\"og:image:type\" content=\"image\/webp\" \/>\n<meta name=\"twitter:card\" content=\"summary_large_image\" \/>\n<meta name=\"twitter:label1\" content=\"Prix\" \/>\n\t<meta name=\"twitter:data1\" content=\"34,90&nbsp;&euro;\" \/>\n\t<meta name=\"twitter:label2\" content=\"Disponibilit\u00e9\" \/>\n\t<meta name=\"twitter:data2\" content=\"Rupture de stock\" \/>\n<meta property=\"product:brand\" content=\"simple\" \/>\n<meta property=\"product:price:amount\" content=\"34.90\" \/>\n<meta property=\"product:price:currency\" content=\"EUR\" \/>\n<meta property=\"og:availability\" content=\"out of stock\" \/>\n<meta property=\"product:availability\" content=\"out of stock\" \/>\n<meta property=\"product:retailer_item_id\" content=\"LYF-SPRAY-CHLL\" \/>\n<meta property=\"product:condition\" content=\"new\" \/>\n<!-- \/ Yoast SEO Premium plugin. -->","yoast_head_json":{"title":"Extrait de champignon piment\u00e9 biologique - Suppl\u00e9ment naturel - Iguana Smoke","description":"Acheter de l'extrait de champignon biologique de haute qualit\u00e9. Suppl\u00e9ment puissant pour aider \u00e0 r\u00e9duire le stress et \u00e0 calmer l'anxi\u00e9t\u00e9. Sans gluten, v\u00e9g\u00e9talien et certifi\u00e9.","robots":{"index":"index","follow":"follow","max-snippet":"max-snippet:-1","max-image-preview":"max-image-preview:large","max-video-preview":"max-video-preview:-1"},"canonical":"https:\/\/iguanasmoke.com\/fr\/produit\/extrait-de-champignon-pimente-biologique\/","og_locale":"fr_FR","og_type":"article","og_title":"Extracto Org\u00e1nico de Hongos Chill","og_description":"Caracter\u00edsticas Extracto de Hongos Chill   Nuez: Protecci\u00f3n durante los cambios.  Ran\u00fanculo: Refuerza la confianza en uno mismo.  Ajo silvestre: Apoyo universal.  Rosa de roca: Reduce el miedo y el p\u00e1nico.  Borraja: Promueve el coraje.  Ciruela cereza: Aporta calma.","og_url":"https:\/\/iguanasmoke.com\/fr\/produit\/extrait-de-champignon-pimente-biologique\/","og_site_name":"Iguana Smoke","article_publisher":"https:\/\/www.facebook.com\/iguanasmoke","article_modified_time":"2025-09-15T15:21:52+00:00","og_image":[{"width":1409,"height":2000,"url":"https:\/\/i0.wp.com\/iguanasmoke.com\/wp-content\/uploads\/2024\/12\/2-1.webp?fit=1409%2C2000&ssl=1","type":"image\/webp"}],"twitter_card":"summary_large_image","twitter_misc":{"Prix":"34,90&nbsp;&euro;","Disponibilit\u00e9":"Rupture de stock"},"schema":{"@context":"https:\/\/schema.org","@graph":[{"@type":"WebPage","@id":"https:\/\/iguanasmoke.com\/producto\/extracto-organico-de-hongos-chill\/","url":"https:\/\/iguanasmoke.com\/producto\/extracto-organico-de-hongos-chill\/","name":"Extrait de champignon piment\u00e9 biologique - Suppl\u00e9ment naturel - Iguana Smoke","isPartOf":{"@id":"https:\/\/iguanasmoke.com\/#website"},"primaryImageOfPage":{"@id":"https:\/\/iguanasmoke.com\/producto\/extracto-organico-de-hongos-chill\/#primaryimage"},"image":{"@id":"https:\/\/iguanasmoke.com\/producto\/extracto-organico-de-hongos-chill\/#primaryimage"},"thumbnailUrl":"https:\/\/iguanasmoke.com\/wp-content\/uploads\/2024\/12\/2-1.webp","datePublished":"2024-12-28T12:43:49+00:00","dateModified":"2025-09-15T15:21:52+00:00","description":"Acheter de l'extrait de champignon biologique de haute qualit\u00e9. Suppl\u00e9ment puissant pour aider \u00e0 r\u00e9duire le stress et \u00e0 calmer l'anxi\u00e9t\u00e9. Sans gluten, v\u00e9g\u00e9talien et certifi\u00e9.","breadcrumb":{"@id":"https:\/\/iguanasmoke.com\/producto\/extracto-organico-de-hongos-chill\/#breadcrumb"},"inLanguage":"fr-FR","potentialAction":[{"@type":"ReadAction","target":["https:\/\/iguanasmoke.com\/producto\/extracto-organico-de-hongos-chill\/"]}]},{"@type":"ImageObject","inLanguage":"fr-FR","@id":"https:\/\/iguanasmoke.com\/producto\/extracto-organico-de-hongos-chill\/#primaryimage","url":"https:\/\/iguanasmoke.com\/wp-content\/uploads\/2024\/12\/2-1.webp","contentUrl":"https:\/\/iguanasmoke.com\/wp-content\/uploads\/2024\/12\/2-1.webp","width":1409,"height":2000},{"@type":"BreadcrumbList","@id":"https:\/\/iguanasmoke.com\/producto\/extracto-organico-de-hongos-chill\/#breadcrumb","itemListElement":[{"@type":"ListItem","position":1,"name":"home","item":"https:\/\/iguanasmoke.com\/"},{"@type":"ListItem","position":2,"name":"Tienda","item":"https:\/\/iguanasmoke.com\/tienda\/"},{"@type":"ListItem","position":3,"name":"Mario's Market","item":"https:\/\/iguanasmoke.com\/categoria\/marios-market\/"},{"@type":"ListItem","position":4,"name":"Extracto Org\u00e1nico de Hongos Chill"}]},{"@type":"WebSite","@id":"https:\/\/iguanasmoke.com\/#website","url":"https:\/\/iguanasmoke.com\/","name":"Fum\u00e9e d'iguane","description":"Acheter du CBD en ligne au meilleur prix","publisher":{"@id":"https:\/\/iguanasmoke.com\/#organization"},"potentialAction":[{"@type":"SearchAction","target":{"@type":"EntryPoint","urlTemplate":"https:\/\/iguanasmoke.com\/?s={search_term_string}"},"query-input":{"@type":"PropertyValueSpecification","valueRequired":true,"valueName":"search_term_string"}}],"inLanguage":"fr-FR"},{"@type":"Organization","@id":"https:\/\/iguanasmoke.com\/#organization","name":"Fum\u00e9e d'iguane","url":"https:\/\/iguanasmoke.com\/","logo":{"@type":"ImageObject","inLanguage":"fr-FR","@id":"https:\/\/iguanasmoke.com\/#\/schema\/logo\/image\/","url":"https:\/\/iguanasmoke.com\/wp-content\/uploads\/2025\/01\/logoiguana-favi-1.png","contentUrl":"https:\/\/iguanasmoke.com\/wp-content\/uploads\/2025\/01\/logoiguana-favi-1.png","width":512,"height":512,"caption":"Iguana Smoke"},"image":{"@id":"https:\/\/iguanasmoke.com\/#\/schema\/logo\/image\/"},"sameAs":["https:\/\/www.facebook.com\/iguanasmoke","https:\/\/www.instagram.com\/iguanasmoke\/"]}]},"product_brand":"simple","product_price_amount":"34.90","product_price_currency":"EUR","og_availability":"out of stock","product_availability":"out of stock","product_retailer_item_id":"LYF-SPRAY-CHLL","product_condition":"new"},"_links":{"self":[{"href":"https:\/\/iguanasmoke.com\/fr\/wp-json\/wp\/v2\/product\/46435","targetHints":{"allow":["GET"]}}],"collection":[{"href":"https:\/\/iguanasmoke.com\/fr\/wp-json\/wp\/v2\/product"}],"about":[{"href":"https:\/\/iguanasmoke.com\/fr\/wp-json\/wp\/v2\/types\/product"}],"replies":[{"embeddable":true,"href":"https:\/\/iguanasmoke.com\/fr\/wp-json\/wp\/v2\/comments?post=46435"}],"wp:featuredmedia":[{"embeddable":true,"href":"https:\/\/iguanasmoke.com\/fr\/wp-json\/wp\/v2\/media\/46416"}],"wp:attachment":[{"href":"https:\/\/iguanasmoke.com\/fr\/wp-json\/wp\/v2\/media?parent=46435"}],"wp:term":[{"taxonomy":"product_brand","embeddable":true,"href":"https:\/\/iguanasmoke.com\/fr\/wp-json\/wp\/v2\/product_brand?post=46435"},{"taxonomy":"product_cat","embeddable":true,"href":"https:\/\/iguanasmoke.com\/fr\/wp-json\/wp\/v2\/product_cat?post=46435"},{"taxonomy":"product_tag","embeddable":true,"href":"https:\/\/iguanasmoke.com\/fr\/wp-json\/wp\/v2\/product_tag?post=46435"}],"curies":[{"name":"wp","href":"https:\/\/api.w.org\/{rel}","templated":true}]}}