{"id":46438,"date":"2024-12-28T13:47:14","date_gmt":"2024-12-28T12:47:14","guid":{"rendered":"https:\/\/iguanasmoke.com\/?post_type=product&#038;p=46438"},"modified":"2025-09-15T17:21:42","modified_gmt":"2025-09-15T15:21:42","slug":"extrait-de-chaga-biologique","status":"publish","type":"product","link":"https:\/\/iguanasmoke.com\/fr\/producto\/extracto-organico-de-chaga\/","title":{"rendered":"Extrait de Chaga biologique"},"content":{"rendered":"<h3>Extrait de Chaga biologique : Compl\u00e9ment alimentaire pur et concentr\u00e9<\/h3>\n<p>Le\u00a0<strong>extrait de chaga<\/strong> Organic est un compl\u00e9ment alimentaire pur, concentr\u00e9 et sans alcool. Ce puissant extrait double 15:1 offre une concentration \u00e9lev\u00e9e de nutriments essentiels. Chaque bouteille contient l'\u00e9quivalent de 120 g de chaga brut, s\u00e9ch\u00e9 et certifi\u00e9 biologique, soit 33 doses quotidiennes.<\/p>\n<h4>Caract\u00e9ristiques de l'extrait liquide de chaga<\/h4>\n<ul>\n<li>Extraite par un double proc\u00e9d\u00e9 (eau chaude et alcool) \u00e0 partir de\u00a0<strong>chaga bio<\/strong>\u00a0r\u00e9colt\u00e9s de mani\u00e8re durable.<\/li>\n<li>Il contient des compos\u00e9s hydrosolubles et liposolubles, ce qui optimise sa biodisponibilit\u00e9.<\/li>\n<li>Compos\u00e9 de plus de 20% de b\u00eata-glucanes 1,3\/1,6, connus pour leurs propri\u00e9t\u00e9s immunomodulatrices.<\/li>\n<li>Saveur de champignon pure, sans additifs ni ar\u00f4mes artificiels.<\/li>\n<li>Sans amidon, c\u00e9r\u00e9ales ou agents de remplissage ajout\u00e9s.<\/li>\n<li>Certifi\u00e9 biologique par l'Union europ\u00e9enne (UE).<\/li>\n<li>Sans gluten, sans OGM et adapt\u00e9 aux v\u00e9g\u00e9taliens.<\/li>\n<li>Qualit\u00e9 sup\u00e9rieure, test\u00e9e dans des laboratoires tiers accr\u00e9dit\u00e9s.<\/li>\n<li>Sans myc\u00e9lium, en utilisant uniquement des fructifications organiques.<\/li>\n<li>Embouteill\u00e9 dans du verre biopotonique Miron pour une meilleure conservation.<\/li>\n<li>Dur\u00e9e de conservation de 12 mois \u00e0 partir de la date de fabrication.<\/li>\n<\/ul>\n<h3>Les bienfaits de l'extrait de chaga<\/h3>\n<p>Le\u00a0<strong>Chaga (Inonotus obliquus)<\/strong>\u00a0est un champignon m\u00e9dicinal qui pousse principalement sur les bouleaux et qui est utilis\u00e9 depuis des si\u00e8cles dans la m\u00e9decine traditionnelle en Russie et en Asie. Ses propri\u00e9t\u00e9s en ont fait un \u00absuperaliment\u00bb aux nombreux bienfaits pour la sant\u00e9. En voici les principaux :<\/p>\n<h6 style=\"padding-left: 40px;\"><strong>1. puissant antioxydant<\/strong><\/h6>\n<p style=\"padding-left: 40px;\">Le\u00a0<strong>extrait de chaga<\/strong> est l'un des champignons les plus concentr\u00e9s en antioxydants et combat donc les radicaux libres qui endommagent les cellules, contribuant ainsi \u00e0 retarder le vieillissement et \u00e0 prot\u00e9ger contre le stress oxydatif.<\/p>\n<h6 style=\"padding-left: 40px;\"><strong>2. renforcer le syst\u00e8me immunitaire<\/strong><\/h6>\n<p style=\"padding-left: 40px;\">Riche en b\u00eata-glucanes, le chaga module le syst\u00e8me immunitaire, am\u00e9liorant la capacit\u00e9 de l'organisme \u00e0 se d\u00e9fendre contre les infections et les maladies, tout en pr\u00e9venant les r\u00e9actions immunitaires excessives.<\/p>\n<h6 style=\"padding-left: 40px;\"><strong>3. Propri\u00e9t\u00e9s anti-inflammatoires<\/strong><\/h6>\n<p style=\"padding-left: 40px;\">Les compos\u00e9s actifs du chaga peuvent r\u00e9duire l'inflammation, ce qui le rend utile pour les personnes souffrant de maladies inflammatoires chroniques telles que l'arthrite ou les troubles auto-immuns.<\/p>\n<h6 style=\"padding-left: 40px;\"><strong>4. Contr\u00f4le de la glyc\u00e9mie<\/strong><\/h6>\n<p style=\"padding-left: 40px;\">Certaines \u00e9tudes sugg\u00e8rent que la\u00a0<strong>extrait de chaga<\/strong> contribue \u00e0 abaisser le taux de sucre dans le sang, ce qui le rend b\u00e9n\u00e9fique pour les personnes souffrant de diab\u00e8te ou pour celles qui souhaitent maintenir un taux de glucose sain.<\/p>\n<h6 style=\"padding-left: 40px;\"><strong>5. Soutien \u00e0 la sant\u00e9 digestive<\/strong><\/h6>\n<p style=\"padding-left: 40px;\">Le chaga aide \u00e0 maintenir une bonne sant\u00e9 digestive, en soulageant les probl\u00e8mes tels que les ulc\u00e8res gastriques et les inflammations intestinales, et en prot\u00e9geant la paroi de l'estomac.<\/p>\n<h6 style=\"padding-left: 40px;\"><strong>6. Propri\u00e9t\u00e9s anticanc\u00e9reuses<\/strong><\/h6>\n<p style=\"padding-left: 40px;\">Des \u00e9tudes pr\u00e9liminaires ont montr\u00e9 que le chaga peut inhiber la croissance des cellules canc\u00e9reuses et favoriser l'apoptose (mort cellulaire) des cellules malignes. Toutefois, des \u00e9tudes plus approfondies sur l'homme sont n\u00e9cessaires.<\/p>\n<h6 style=\"padding-left: 40px;\"><strong>7. Am\u00e9liore la sant\u00e9 cardiovasculaire<\/strong><\/h6>\n<p style=\"padding-left: 40px;\">Les antioxydants et les compos\u00e9s de b\u00e9tuline contenus dans le chaga peuvent contribuer \u00e0 r\u00e9duire le cholest\u00e9rol LDL et \u00e0 r\u00e9guler la tension art\u00e9rielle, favorisant ainsi la sant\u00e9 cardiaque.<\/p>\n<h6 style=\"padding-left: 40px;\"><strong>8. Propri\u00e9t\u00e9s antivirales et antibact\u00e9riennes<\/strong><\/h6>\n<p style=\"padding-left: 40px;\">Le\u00a0<strong>extrait de chaga<\/strong>\u00a0poss\u00e8de des propri\u00e9t\u00e9s antivirales et antibact\u00e9riennes qui aident l'organisme \u00e0 lutter contre les infections telles que la grippe et l'herp\u00e8s.<\/p>\n<h6 style=\"padding-left: 40px;\"><strong>9. D\u00e9sintoxication de l'organisme<\/strong><\/h6>\n<p style=\"padding-left: 40px;\">Gr\u00e2ce \u00e0 sa richesse en nutriments, le chaga favorise l'\u00e9limination des toxines et le bon fonctionnement du foie.<\/p>\n<h6 style=\"padding-left: 40px;\"><strong>10. Am\u00e9liore la sant\u00e9 de la peau<\/strong><\/h6>\n<p style=\"padding-left: 40px;\">Gr\u00e2ce \u00e0 sa teneur \u00e9lev\u00e9e en m\u00e9lanine et en antioxydants, le chaga contribue \u00e0 am\u00e9liorer l'aspect de la peau, en luttant contre les signes du vieillissement et en prot\u00e9geant contre les dommages caus\u00e9s par le soleil.<\/p>\n<p>&nbsp;<\/p>\n<h3>Pourquoi choisir l'extrait de chaga biologique ?<\/h3>\n<p>Pour maximiser les avantages de la\u00a0<strong>extrait de chaga<\/strong>, Afin de garantir la concentration maximale de ses compos\u00e9s bioactifs, il est essentiel de choisir un produit de haute qualit\u00e9, certifi\u00e9 biologique, avec un double processus d'extraction (eau et alcool) pour garantir la concentration maximale de ses compos\u00e9s bioactifs.<\/p>","protected":false},"excerpt":{"rendered":"<h4>Caract\u00e9ristiques de l'extrait de chaga biologique<\/h4>\n<ul>\n<li>Flacon compte-gouttes de 50 ml en verre violet de haute qualit\u00e9.<\/li>\n<li>Facile \u00e0 utiliser : ajouter deux gouttes dans un verre d'eau ou directement sous la langue.<\/li>\n<li>Double extraction \u00e0 l'eau chaude et \u00e0 l'alcool de <strong>chaga sauvage<\/strong> organique.<\/li>\n<li>Contient environ 25% d'alcool.<\/li>\n<li>Forte concentration de compos\u00e9s hydrosolubles et liposolubles.<\/li>\n<li>Compos\u00e9 de plus de 20% de b\u00eata-glucanes 1,3\/1,6.<\/li>\n<li>Sans amidon ajout\u00e9, sans c\u00e9r\u00e9ales ni autres agents de remplissage.<\/li>\n<li>Certification biologique de l'UE.<\/li>\n<li>Sans gluten, sans OGM, convient aux v\u00e9g\u00e9taliens.<\/li>\n<li>Qualit\u00e9 sup\u00e9rieure, test\u00e9e dans des laboratoires tiers accr\u00e9dit\u00e9s.<\/li>\n<li>Embouteill\u00e9 dans du verre biopotonique Miron pour une meilleure protection.<\/li>\n<\/ul>","protected":false},"featured_media":46418,"comment_status":"open","ping_status":"closed","template":"","meta":{"_acf_changed":false,"site-sidebar-layout":"default","site-content-layout":"","ast-site-content-layout":"default","site-content-style":"default","site-sidebar-style":"default","ast-global-header-display":"","ast-banner-title-visibility":"","ast-main-header-display":"","ast-hfb-above-header-display":"","ast-hfb-below-header-display":"","ast-hfb-mobile-header-display":"","site-post-title":"","ast-breadcrumbs-content":"","ast-featured-img":"","footer-sml-layout":"","theme-transparent-header-meta":"default","adv-header-id-meta":"","stick-header-meta":"","header-above-stick-meta":"","header-main-stick-meta":"","header-below-stick-meta":"","astra-migrate-meta-layouts":"set","ast-page-background-enabled":"default","ast-page-background-meta":{"desktop":{"background-color":"var(--ast-global-color-4)","background-image":"","background-repeat":"repeat","background-position":"center center","background-size":"auto","background-attachment":"scroll","background-type":"","background-media":"","overlay-type":"","overlay-color":"","overlay-opacity":"","overlay-gradient":""},"tablet":{"background-color":"","background-image":"","background-repeat":"repeat","background-position":"center center","background-size":"auto","background-attachment":"scroll","background-type":"","background-media":"","overlay-type":"","overlay-color":"","overlay-opacity":"","overlay-gradient":""},"mobile":{"background-color":"","background-image":"","background-repeat":"repeat","background-position":"center center","background-size":"auto","background-attachment":"scroll","background-type":"","background-media":"","overlay-type":"","overlay-color":"","overlay-opacity":"","overlay-gradient":""}},"ast-content-background-meta":{"desktop":{"background-color":"var(--ast-global-color-5)","background-image":"","background-repeat":"repeat","background-position":"center center","background-size":"auto","background-attachment":"scroll","background-type":"","background-media":"","overlay-type":"","overlay-color":"","overlay-opacity":"","overlay-gradient":""},"tablet":{"background-color":"var(--ast-global-color-5)","background-image":"","background-repeat":"repeat","background-position":"center center","background-size":"auto","background-attachment":"scroll","background-type":"","background-media":"","overlay-type":"","overlay-color":"","overlay-opacity":"","overlay-gradient":""},"mobile":{"background-color":"var(--ast-global-color-5)","background-image":"","background-repeat":"repeat","background-position":"center center","background-size":"auto","background-attachment":"scroll","background-type":"","background-media":"","overlay-type":"","overlay-color":"","overlay-opacity":"","overlay-gradient":""}}},"product_brand":[],"product_cat":[458],"product_tag":[],"class_list":{"0":"post-46438","1":"product","2":"type-product","3":"status-publish","4":"has-post-thumbnail","6":"product_cat-marios-market","7":"desktop-align-center","8":"tablet-align-center","9":"mobile-align-center","11":"first","12":"outofstock","13":"taxable","14":"shipping-taxable","15":"purchasable","16":"product-type-simple"},"acf":[],"yoast_head":"<!-- This site is optimized with the Yoast SEO Premium plugin v27.3 (Yoast SEO v27.3) - https:\/\/yoast.com\/product\/yoast-seo-premium-wordpress\/ -->\n<title>Extracto Org\u00e1nico de Chaga | Suplemento Natural Antioxidante | Iguana Smoke<\/title>\n<meta name=\"description\" content=\"Compra extracto de chaga org\u00e1nico de alta calidad. Potente suplemento antioxidante que refuerza el sistema inmunol\u00f3gico. Descubre sus m\u00faltiples beneficios.\" \/>\n<meta name=\"robots\" content=\"index, follow, max-snippet:-1, max-image-preview:large, max-video-preview:-1\" \/>\n<link rel=\"canonical\" href=\"https:\/\/iguanasmoke.com\/fr\/produit\/extrait-de-chaga-biologique\/\" \/>\n<meta property=\"og:locale\" content=\"fr_FR\" \/>\n<meta property=\"og:type\" content=\"article\" \/>\n<meta property=\"og:title\" content=\"Extracto Org\u00e1nico de Chaga\" \/>\n<meta property=\"og:description\" content=\"Caracter\u00edsticas del Extracto Org\u00e1nico de Chaga   Botella cuentagotas de vidrio violeta de 50 ml de alta calidad.  F\u00e1cil de usar: a\u00f1ade dos goteros a un vaso de agua o directamente debajo de la lengua.  Proceso de extracci\u00f3n dual con agua caliente y alcohol de chaga salvaje org\u00e1nica.  Contiene aproximadamente un 25% de alcohol.  Alta concentraci\u00f3n de compuestos solubles en agua y grasas.  Elaborado con m\u00e1s del 20% de beta-glucanos 1,3\/1,6.  Sin almid\u00f3n, cereales ni otros rellenos a\u00f1adidos.  Certificaci\u00f3n org\u00e1nica de la UE.  Libre de gluten, no modificado gen\u00e9ticamente (non-GMO), apto para veganos.  Calidad superior, probado en laboratorios acreditados de terceros.  Embotellado en vidrio biopot\u00f3nico Miron para mayor protecci\u00f3n.\" \/>\n<meta property=\"og:url\" content=\"https:\/\/iguanasmoke.com\/fr\/produit\/extrait-de-chaga-biologique\/\" \/>\n<meta property=\"og:site_name\" content=\"Iguana Smoke\" \/>\n<meta property=\"article:publisher\" content=\"https:\/\/www.facebook.com\/iguanasmoke\" \/>\n<meta property=\"article:modified_time\" content=\"2025-09-15T15:21:42+00:00\" \/>\n<meta property=\"og:image\" content=\"https:\/\/i0.wp.com\/iguanasmoke.com\/wp-content\/uploads\/2024\/12\/1-1.webp?fit=1409%2C2000&ssl=1\" \/>\n\t<meta property=\"og:image:width\" content=\"1409\" \/>\n\t<meta property=\"og:image:height\" content=\"2000\" \/>\n\t<meta property=\"og:image:type\" content=\"image\/webp\" \/>\n<meta name=\"twitter:card\" content=\"summary_large_image\" \/>\n<meta name=\"twitter:label1\" content=\"Prix\" \/>\n\t<meta name=\"twitter:data1\" content=\"29,90&nbsp;&euro;\" \/>\n\t<meta name=\"twitter:label2\" content=\"Disponibilit\u00e9\" \/>\n\t<meta name=\"twitter:data2\" content=\"Rupture de stock\" \/>\n<meta property=\"product:brand\" content=\"simple\" \/>\n<meta property=\"product:price:amount\" content=\"29.90\" \/>\n<meta property=\"product:price:currency\" content=\"EUR\" \/>\n<meta property=\"og:availability\" content=\"out of stock\" \/>\n<meta property=\"product:availability\" content=\"out of stock\" \/>\n<meta property=\"product:retailer_item_id\" content=\"LYF-SPRAY-CHG\" \/>\n<meta property=\"product:condition\" content=\"new\" \/>\n<!-- \/ Yoast SEO Premium plugin. -->","yoast_head_json":{"title":"Extrait de Chaga biologique : Suppl\u00e9ment antioxydant naturel : Fum\u00e9e d'iguane","description":"Achetez de l'extrait de chaga biologique de haute qualit\u00e9. Puissant suppl\u00e9ment antioxydant qui renforce le syst\u00e8me immunitaire. D\u00e9couvrez ses nombreux bienfaits.","robots":{"index":"index","follow":"follow","max-snippet":"max-snippet:-1","max-image-preview":"max-image-preview:large","max-video-preview":"max-video-preview:-1"},"canonical":"https:\/\/iguanasmoke.com\/fr\/produit\/extrait-de-chaga-biologique\/","og_locale":"fr_FR","og_type":"article","og_title":"Extracto Org\u00e1nico de Chaga","og_description":"Caracter\u00edsticas del Extracto Org\u00e1nico de Chaga   Botella cuentagotas de vidrio violeta de 50 ml de alta calidad.  F\u00e1cil de usar: a\u00f1ade dos goteros a un vaso de agua o directamente debajo de la lengua.  Proceso de extracci\u00f3n dual con agua caliente y alcohol de chaga salvaje org\u00e1nica.  Contiene aproximadamente un 25% de alcohol.  Alta concentraci\u00f3n de compuestos solubles en agua y grasas.  Elaborado con m\u00e1s del 20% de beta-glucanos 1,3\/1,6.  Sin almid\u00f3n, cereales ni otros rellenos a\u00f1adidos.  Certificaci\u00f3n org\u00e1nica de la UE.  Libre de gluten, no modificado gen\u00e9ticamente (non-GMO), apto para veganos.  Calidad superior, probado en laboratorios acreditados de terceros.  Embotellado en vidrio biopot\u00f3nico Miron para mayor protecci\u00f3n.","og_url":"https:\/\/iguanasmoke.com\/fr\/produit\/extrait-de-chaga-biologique\/","og_site_name":"Iguana Smoke","article_publisher":"https:\/\/www.facebook.com\/iguanasmoke","article_modified_time":"2025-09-15T15:21:42+00:00","og_image":[{"width":1409,"height":2000,"url":"https:\/\/i0.wp.com\/iguanasmoke.com\/wp-content\/uploads\/2024\/12\/1-1.webp?fit=1409%2C2000&ssl=1","type":"image\/webp"}],"twitter_card":"summary_large_image","twitter_misc":{"Prix":"29,90&nbsp;&euro;","Disponibilit\u00e9":"Rupture de stock"},"schema":{"@context":"https:\/\/schema.org","@graph":[{"@type":"WebPage","@id":"https:\/\/iguanasmoke.com\/producto\/extracto-organico-de-chaga\/","url":"https:\/\/iguanasmoke.com\/producto\/extracto-organico-de-chaga\/","name":"Extrait de Chaga biologique : Suppl\u00e9ment antioxydant naturel : Fum\u00e9e d'iguane","isPartOf":{"@id":"https:\/\/iguanasmoke.com\/#website"},"primaryImageOfPage":{"@id":"https:\/\/iguanasmoke.com\/producto\/extracto-organico-de-chaga\/#primaryimage"},"image":{"@id":"https:\/\/iguanasmoke.com\/producto\/extracto-organico-de-chaga\/#primaryimage"},"thumbnailUrl":"https:\/\/iguanasmoke.com\/wp-content\/uploads\/2024\/12\/1-1.webp","datePublished":"2024-12-28T12:47:14+00:00","dateModified":"2025-09-15T15:21:42+00:00","description":"Achetez de l'extrait de chaga biologique de haute qualit\u00e9. Puissant suppl\u00e9ment antioxydant qui renforce le syst\u00e8me immunitaire. D\u00e9couvrez ses nombreux bienfaits.","breadcrumb":{"@id":"https:\/\/iguanasmoke.com\/producto\/extracto-organico-de-chaga\/#breadcrumb"},"inLanguage":"fr-FR","potentialAction":[{"@type":"ReadAction","target":["https:\/\/iguanasmoke.com\/producto\/extracto-organico-de-chaga\/"]}]},{"@type":"ImageObject","inLanguage":"fr-FR","@id":"https:\/\/iguanasmoke.com\/producto\/extracto-organico-de-chaga\/#primaryimage","url":"https:\/\/iguanasmoke.com\/wp-content\/uploads\/2024\/12\/1-1.webp","contentUrl":"https:\/\/iguanasmoke.com\/wp-content\/uploads\/2024\/12\/1-1.webp","width":1409,"height":2000},{"@type":"BreadcrumbList","@id":"https:\/\/iguanasmoke.com\/producto\/extracto-organico-de-chaga\/#breadcrumb","itemListElement":[{"@type":"ListItem","position":1,"name":"home","item":"https:\/\/iguanasmoke.com\/"},{"@type":"ListItem","position":2,"name":"Tienda","item":"https:\/\/iguanasmoke.com\/tienda\/"},{"@type":"ListItem","position":3,"name":"Mario's Market","item":"https:\/\/iguanasmoke.com\/categoria\/marios-market\/"},{"@type":"ListItem","position":4,"name":"Extracto Org\u00e1nico de Chaga"}]},{"@type":"WebSite","@id":"https:\/\/iguanasmoke.com\/#website","url":"https:\/\/iguanasmoke.com\/","name":"Fum\u00e9e d'iguane","description":"Acheter du CBD en ligne au meilleur prix","publisher":{"@id":"https:\/\/iguanasmoke.com\/#organization"},"potentialAction":[{"@type":"SearchAction","target":{"@type":"EntryPoint","urlTemplate":"https:\/\/iguanasmoke.com\/?s={search_term_string}"},"query-input":{"@type":"PropertyValueSpecification","valueRequired":true,"valueName":"search_term_string"}}],"inLanguage":"fr-FR"},{"@type":"Organization","@id":"https:\/\/iguanasmoke.com\/#organization","name":"Fum\u00e9e d'iguane","url":"https:\/\/iguanasmoke.com\/","logo":{"@type":"ImageObject","inLanguage":"fr-FR","@id":"https:\/\/iguanasmoke.com\/#\/schema\/logo\/image\/","url":"https:\/\/iguanasmoke.com\/wp-content\/uploads\/2025\/01\/logoiguana-favi-1.png","contentUrl":"https:\/\/iguanasmoke.com\/wp-content\/uploads\/2025\/01\/logoiguana-favi-1.png","width":512,"height":512,"caption":"Iguana Smoke"},"image":{"@id":"https:\/\/iguanasmoke.com\/#\/schema\/logo\/image\/"},"sameAs":["https:\/\/www.facebook.com\/iguanasmoke","https:\/\/www.instagram.com\/iguanasmoke\/"]}]},"product_brand":"simple","product_price_amount":"29.90","product_price_currency":"EUR","og_availability":"out of stock","product_availability":"out of stock","product_retailer_item_id":"LYF-SPRAY-CHG","product_condition":"new"},"_links":{"self":[{"href":"https:\/\/iguanasmoke.com\/fr\/wp-json\/wp\/v2\/product\/46438","targetHints":{"allow":["GET"]}}],"collection":[{"href":"https:\/\/iguanasmoke.com\/fr\/wp-json\/wp\/v2\/product"}],"about":[{"href":"https:\/\/iguanasmoke.com\/fr\/wp-json\/wp\/v2\/types\/product"}],"replies":[{"embeddable":true,"href":"https:\/\/iguanasmoke.com\/fr\/wp-json\/wp\/v2\/comments?post=46438"}],"wp:featuredmedia":[{"embeddable":true,"href":"https:\/\/iguanasmoke.com\/fr\/wp-json\/wp\/v2\/media\/46418"}],"wp:attachment":[{"href":"https:\/\/iguanasmoke.com\/fr\/wp-json\/wp\/v2\/media?parent=46438"}],"wp:term":[{"taxonomy":"product_brand","embeddable":true,"href":"https:\/\/iguanasmoke.com\/fr\/wp-json\/wp\/v2\/product_brand?post=46438"},{"taxonomy":"product_cat","embeddable":true,"href":"https:\/\/iguanasmoke.com\/fr\/wp-json\/wp\/v2\/product_cat?post=46438"},{"taxonomy":"product_tag","embeddable":true,"href":"https:\/\/iguanasmoke.com\/fr\/wp-json\/wp\/v2\/product_tag?post=46438"}],"curies":[{"name":"wp","href":"https:\/\/api.w.org\/{rel}","templated":true}]}}