{"id":46439,"date":"2024-12-28T13:50:10","date_gmt":"2024-12-28T12:50:10","guid":{"rendered":"https:\/\/iguanasmoke.com\/?post_type=product&#038;p=46439"},"modified":"2025-09-15T17:21:31","modified_gmt":"2025-09-15T15:21:31","slug":"extrait-de-cordyceps-biologique","status":"publish","type":"product","link":"https:\/\/iguanasmoke.com\/fr\/producto\/extracto-organico-de-cordyceps\/","title":{"rendered":"Extrait de Cordyceps Bio"},"content":{"rendered":"<h3>Extrait de Cordyceps Sinensis : suppl\u00e9mentation \u00e9nergisante et naturelle<\/h3>\n<p>Le <strong>Extrait de Cordyceps Sinensis<\/strong> est un compl\u00e9ment alimentaire pur, concentr\u00e9 et sans alcool, con\u00e7u pour am\u00e9liorer votre vitalit\u00e9 de mani\u00e8re naturelle. Avec une formule puissante dans un format liquide facilement absorbable, cet extrait maximise les b\u00e9n\u00e9fices du Cordyceps.<\/p>\n<h3>A la d\u00e9couverte du Cordyceps<\/h3>\n<p>Le <strong>Cordyceps<\/strong> est un genre fascinant de champignons comprenant environ 400 esp\u00e8ces. Connu pour sa capacit\u00e9 parasitaire, ce champignon se d\u00e9veloppe sur des insectes tels que les chenilles, ce qui lui a valu le nom de \u201cchampignon des chenilles\u201d. Le Cordyceps se d\u00e9veloppe dans les climats tropicaux et humides, notamment dans les r\u00e9gions montagneuses du N\u00e9pal, du Tibet, du Japon, de la Cor\u00e9e, du Vietnam et de la Chine.<\/p>\n<p>Depuis des si\u00e8cles, le Cordyceps est utilis\u00e9 dans la m\u00e9decine traditionnelle chinoise et tib\u00e9taine en raison de ses propri\u00e9t\u00e9s \u00e9nerg\u00e9tiques et m\u00e9dicinales. On pense qu'il am\u00e9liore l'\u00e9nergie et l'endurance, augmente la libido, renforce le syst\u00e8me immunitaire et combat la fatigue. En outre, il a \u00e9t\u00e9 utilis\u00e9 pour traiter des affections respiratoires telles que la bronchite, ainsi que des probl\u00e8mes de reins, de foie et de cholest\u00e9rol. Des \u00e9tudes sugg\u00e8rent \u00e9galement que <strong>Extrait de Cordyceps<\/strong> pourrait avoir des propri\u00e9t\u00e9s anti-tumorales.<\/p>\n<h3>Les bienfaits de l'extrait de Cordyceps<\/h3>\n<ol>\n<li><strong>Lutte contre le cancer<\/strong>Les \u00e9tudes men\u00e9es \u00e0 l'Universit\u00e9 polytechnique de Hong Kong ont montr\u00e9 que les <strong>Extrait de myc\u00e9lium de Cordyceps Sinensis<\/strong> peut inhiber la croissance des cellules canc\u00e9reuses, r\u00e9duisant la masse tumorale de 60% dans certains types de cancer, comme le m\u00e9lanome.<\/li>\n<li><strong>Protection des reins<\/strong>Cordyceps Sinensis a montr\u00e9 des r\u00e9sultats prometteurs dans la protection des reins, en aidant \u00e0 r\u00e9duire les niveaux de cr\u00e9atinine s\u00e9rique chez les personnes souffrant d'une maladie r\u00e9nale chronique, am\u00e9liorant ainsi la fonction r\u00e9nale.<\/li>\n<li><strong>Augmentation de l'\u00e9nergie et de l'endurance<\/strong>Le Cordyceps a acquis une certaine notori\u00e9t\u00e9 lors des Jeux olympiques de 1993, lorsque des athl\u00e8tes chinois ayant consomm\u00e9 ce champignon ont battu plusieurs records. Des \u00e9tudes ult\u00e9rieures ont montr\u00e9 que le <strong>Extrait de Cordyceps<\/strong> augmente le niveau d'\u00e9nergie, am\u00e9liore l'endurance et combat la fatigue.<\/li>\n<li><strong>Soutien immunitaire<\/strong>Gr\u00e2ce \u00e0 sa capacit\u00e9 \u00e0 moduler le syst\u00e8me immunitaire, le Cordyceps peut contribuer \u00e0 renforcer les d\u00e9fenses de l'organisme, am\u00e9liorant ainsi sa capacit\u00e9 \u00e0 lutter contre les infections et les maladies.<\/li>\n<\/ol>\n<h3>Les merveilles de l'extrait de Cordyceps<\/h3>\n<p>Le <strong>Extrait de Cordyceps<\/strong> est un choix naturel pour ceux qui cherchent \u00e0 augmenter leur \u00e9nergie, leur endurance et leur bien-\u00eatre g\u00e9n\u00e9ral. En plus de ses bienfaits \u00e9nerg\u00e9tiques, cet extrait peut \u00eatre un alli\u00e9 pr\u00e9cieux dans le traitement des maladies chroniques et l'am\u00e9lioration de la sant\u00e9 r\u00e9nale et cardiovasculaire.<\/p>","protected":false},"excerpt":{"rendered":"<h4>Caract\u00e9ristiques de l'extrait de Cordyceps :<\/h4>\n<ul>\n<li>Flacon pulv\u00e9risateur en verre de 50 ml.<\/li>\n<li>Puissant double extrait 15:1.<\/li>\n<li>Chaque flacon contient l'\u00e9quivalent de 150 g de Cordyceps Sinensis brut et s\u00e9ch\u00e9.<\/li>\n<li>1 flacon = 33 doses par jour.<\/li>\n<li>Dose recommand\u00e9e : 5 pulv\u00e9risations sous la langue par jour.<\/li>\n<\/ul>","protected":false},"featured_media":46419,"comment_status":"open","ping_status":"closed","template":"","meta":{"_acf_changed":false,"site-sidebar-layout":"default","site-content-layout":"","ast-site-content-layout":"default","site-content-style":"default","site-sidebar-style":"default","ast-global-header-display":"","ast-banner-title-visibility":"","ast-main-header-display":"","ast-hfb-above-header-display":"","ast-hfb-below-header-display":"","ast-hfb-mobile-header-display":"","site-post-title":"","ast-breadcrumbs-content":"","ast-featured-img":"","footer-sml-layout":"","theme-transparent-header-meta":"default","adv-header-id-meta":"","stick-header-meta":"","header-above-stick-meta":"","header-main-stick-meta":"","header-below-stick-meta":"","astra-migrate-meta-layouts":"set","ast-page-background-enabled":"default","ast-page-background-meta":{"desktop":{"background-color":"var(--ast-global-color-4)","background-image":"","background-repeat":"repeat","background-position":"center center","background-size":"auto","background-attachment":"scroll","background-type":"","background-media":"","overlay-type":"","overlay-color":"","overlay-opacity":"","overlay-gradient":""},"tablet":{"background-color":"","background-image":"","background-repeat":"repeat","background-position":"center center","background-size":"auto","background-attachment":"scroll","background-type":"","background-media":"","overlay-type":"","overlay-color":"","overlay-opacity":"","overlay-gradient":""},"mobile":{"background-color":"","background-image":"","background-repeat":"repeat","background-position":"center center","background-size":"auto","background-attachment":"scroll","background-type":"","background-media":"","overlay-type":"","overlay-color":"","overlay-opacity":"","overlay-gradient":""}},"ast-content-background-meta":{"desktop":{"background-color":"var(--ast-global-color-5)","background-image":"","background-repeat":"repeat","background-position":"center center","background-size":"auto","background-attachment":"scroll","background-type":"","background-media":"","overlay-type":"","overlay-color":"","overlay-opacity":"","overlay-gradient":""},"tablet":{"background-color":"var(--ast-global-color-5)","background-image":"","background-repeat":"repeat","background-position":"center center","background-size":"auto","background-attachment":"scroll","background-type":"","background-media":"","overlay-type":"","overlay-color":"","overlay-opacity":"","overlay-gradient":""},"mobile":{"background-color":"var(--ast-global-color-5)","background-image":"","background-repeat":"repeat","background-position":"center center","background-size":"auto","background-attachment":"scroll","background-type":"","background-media":"","overlay-type":"","overlay-color":"","overlay-opacity":"","overlay-gradient":""}}},"product_brand":[],"product_cat":[458],"product_tag":[],"class_list":{"0":"post-46439","1":"product","2":"type-product","3":"status-publish","4":"has-post-thumbnail","6":"product_cat-marios-market","7":"desktop-align-center","8":"tablet-align-center","9":"mobile-align-center","11":"first","12":"outofstock","13":"taxable","14":"shipping-taxable","15":"purchasable","16":"product-type-simple"},"acf":[],"yoast_head":"<!-- This site is optimized with the Yoast SEO Premium plugin v27.3 (Yoast SEO v27.3) - https:\/\/yoast.com\/product\/yoast-seo-premium-wordpress\/ -->\n<title>Extracto Org\u00e1nico de Cordyceps | Iguana Smoke<\/title>\n<meta name=\"description\" content=\"Compra extracto de Cordyceps org\u00e1nico de alta calidad en Iguana Smoke Suplemento natural para aumentar energ\u00eda, mejorar la resistencia y fortalecer el sistema inmunol\u00f3gico. Certificado org\u00e1nico, sin gluten, vegano y probado en laboratorios\" \/>\n<meta name=\"robots\" content=\"index, follow, max-snippet:-1, max-image-preview:large, max-video-preview:-1\" \/>\n<link rel=\"canonical\" href=\"https:\/\/iguanasmoke.com\/fr\/produit\/extrait-de-cordyceps-biologique\/\" \/>\n<meta property=\"og:locale\" content=\"fr_FR\" \/>\n<meta property=\"og:type\" content=\"article\" \/>\n<meta property=\"og:title\" content=\"Extracto Org\u00e1nico de Cordyceps\" \/>\n<meta property=\"og:description\" content=\"Caracter\u00edsticas del Extracto de Cordyceps:   Botella de vidrio con spray de 50 ml.  Potente extracto dual 15:1.  Cada botella contiene el equivalente a 150 g de Cordyceps Sinensis crudo y seco.  1 botella = 33 dosis diarias.  Dosis recomendada: 5 sprays bajo la lengua diariamente.\" \/>\n<meta property=\"og:url\" content=\"https:\/\/iguanasmoke.com\/fr\/produit\/extrait-de-cordyceps-biologique\/\" \/>\n<meta property=\"og:site_name\" content=\"Iguana Smoke\" \/>\n<meta property=\"article:publisher\" content=\"https:\/\/www.facebook.com\/iguanasmoke\" \/>\n<meta property=\"article:modified_time\" content=\"2025-09-15T15:21:31+00:00\" \/>\n<meta property=\"og:image\" content=\"https:\/\/i0.wp.com\/iguanasmoke.com\/wp-content\/uploads\/2024\/12\/7-1.webp?fit=1409%2C2000&ssl=1\" \/>\n\t<meta property=\"og:image:width\" content=\"1409\" \/>\n\t<meta property=\"og:image:height\" content=\"2000\" \/>\n\t<meta property=\"og:image:type\" content=\"image\/webp\" \/>\n<meta name=\"twitter:card\" content=\"summary_large_image\" \/>\n<meta name=\"twitter:label1\" content=\"Prix\" \/>\n\t<meta name=\"twitter:data1\" content=\"29,90&nbsp;&euro;\" \/>\n\t<meta name=\"twitter:label2\" content=\"Disponibilit\u00e9\" \/>\n\t<meta name=\"twitter:data2\" content=\"Rupture de stock\" \/>\n<meta property=\"product:brand\" content=\"simple\" \/>\n<meta property=\"product:price:amount\" content=\"29.90\" \/>\n<meta property=\"product:price:currency\" content=\"EUR\" \/>\n<meta property=\"og:availability\" content=\"out of stock\" \/>\n<meta property=\"product:availability\" content=\"out of stock\" \/>\n<meta property=\"product:retailer_item_id\" content=\"LYF-SPRAY-CRD\" \/>\n<meta property=\"product:condition\" content=\"new\" \/>\n<!-- \/ Yoast SEO Premium plugin. -->","yoast_head_json":{"title":"Extrait de Cordyceps Bio : Fum\u00e9e d'Iguane","description":"Acheter l'extrait de Cordyceps biologique de haute qualit\u00e9 d'Iguana Smoke Suppl\u00e9ment naturel pour augmenter l'\u00e9nergie, am\u00e9liorer l'endurance et renforcer le syst\u00e8me immunitaire. Certifi\u00e9 biologique, sans gluten, v\u00e9g\u00e9talien et test\u00e9 en laboratoire.","robots":{"index":"index","follow":"follow","max-snippet":"max-snippet:-1","max-image-preview":"max-image-preview:large","max-video-preview":"max-video-preview:-1"},"canonical":"https:\/\/iguanasmoke.com\/fr\/produit\/extrait-de-cordyceps-biologique\/","og_locale":"fr_FR","og_type":"article","og_title":"Extracto Org\u00e1nico de Cordyceps","og_description":"Caracter\u00edsticas del Extracto de Cordyceps:   Botella de vidrio con spray de 50 ml.  Potente extracto dual 15:1.  Cada botella contiene el equivalente a 150 g de Cordyceps Sinensis crudo y seco.  1 botella = 33 dosis diarias.  Dosis recomendada: 5 sprays bajo la lengua diariamente.","og_url":"https:\/\/iguanasmoke.com\/fr\/produit\/extrait-de-cordyceps-biologique\/","og_site_name":"Iguana Smoke","article_publisher":"https:\/\/www.facebook.com\/iguanasmoke","article_modified_time":"2025-09-15T15:21:31+00:00","og_image":[{"width":1409,"height":2000,"url":"https:\/\/i0.wp.com\/iguanasmoke.com\/wp-content\/uploads\/2024\/12\/7-1.webp?fit=1409%2C2000&ssl=1","type":"image\/webp"}],"twitter_card":"summary_large_image","twitter_misc":{"Prix":"29,90&nbsp;&euro;","Disponibilit\u00e9":"Rupture de stock"},"schema":{"@context":"https:\/\/schema.org","@graph":[{"@type":"WebPage","@id":"https:\/\/iguanasmoke.com\/producto\/extracto-organico-de-cordyceps\/","url":"https:\/\/iguanasmoke.com\/producto\/extracto-organico-de-cordyceps\/","name":"Extrait de Cordyceps Bio : Fum\u00e9e d'Iguane","isPartOf":{"@id":"https:\/\/iguanasmoke.com\/#website"},"primaryImageOfPage":{"@id":"https:\/\/iguanasmoke.com\/producto\/extracto-organico-de-cordyceps\/#primaryimage"},"image":{"@id":"https:\/\/iguanasmoke.com\/producto\/extracto-organico-de-cordyceps\/#primaryimage"},"thumbnailUrl":"https:\/\/iguanasmoke.com\/wp-content\/uploads\/2024\/12\/7-1.webp","datePublished":"2024-12-28T12:50:10+00:00","dateModified":"2025-09-15T15:21:31+00:00","description":"Acheter l'extrait de Cordyceps biologique de haute qualit\u00e9 d'Iguana Smoke Suppl\u00e9ment naturel pour augmenter l'\u00e9nergie, am\u00e9liorer l'endurance et renforcer le syst\u00e8me immunitaire. Certifi\u00e9 biologique, sans gluten, v\u00e9g\u00e9talien et test\u00e9 en laboratoire.","breadcrumb":{"@id":"https:\/\/iguanasmoke.com\/producto\/extracto-organico-de-cordyceps\/#breadcrumb"},"inLanguage":"fr-FR","potentialAction":[{"@type":"ReadAction","target":["https:\/\/iguanasmoke.com\/producto\/extracto-organico-de-cordyceps\/"]}]},{"@type":"ImageObject","inLanguage":"fr-FR","@id":"https:\/\/iguanasmoke.com\/producto\/extracto-organico-de-cordyceps\/#primaryimage","url":"https:\/\/iguanasmoke.com\/wp-content\/uploads\/2024\/12\/7-1.webp","contentUrl":"https:\/\/iguanasmoke.com\/wp-content\/uploads\/2024\/12\/7-1.webp","width":1409,"height":2000},{"@type":"BreadcrumbList","@id":"https:\/\/iguanasmoke.com\/producto\/extracto-organico-de-cordyceps\/#breadcrumb","itemListElement":[{"@type":"ListItem","position":1,"name":"home","item":"https:\/\/iguanasmoke.com\/"},{"@type":"ListItem","position":2,"name":"Tienda","item":"https:\/\/iguanasmoke.com\/tienda\/"},{"@type":"ListItem","position":3,"name":"Mario's Market","item":"https:\/\/iguanasmoke.com\/categoria\/marios-market\/"},{"@type":"ListItem","position":4,"name":"Extracto Org\u00e1nico de Cordyceps"}]},{"@type":"WebSite","@id":"https:\/\/iguanasmoke.com\/#website","url":"https:\/\/iguanasmoke.com\/","name":"Fum\u00e9e d'iguane","description":"Acheter du CBD en ligne au meilleur prix","publisher":{"@id":"https:\/\/iguanasmoke.com\/#organization"},"potentialAction":[{"@type":"SearchAction","target":{"@type":"EntryPoint","urlTemplate":"https:\/\/iguanasmoke.com\/?s={search_term_string}"},"query-input":{"@type":"PropertyValueSpecification","valueRequired":true,"valueName":"search_term_string"}}],"inLanguage":"fr-FR"},{"@type":"Organization","@id":"https:\/\/iguanasmoke.com\/#organization","name":"Fum\u00e9e d'iguane","url":"https:\/\/iguanasmoke.com\/","logo":{"@type":"ImageObject","inLanguage":"fr-FR","@id":"https:\/\/iguanasmoke.com\/#\/schema\/logo\/image\/","url":"https:\/\/iguanasmoke.com\/wp-content\/uploads\/2025\/01\/logoiguana-favi-1.png","contentUrl":"https:\/\/iguanasmoke.com\/wp-content\/uploads\/2025\/01\/logoiguana-favi-1.png","width":512,"height":512,"caption":"Iguana Smoke"},"image":{"@id":"https:\/\/iguanasmoke.com\/#\/schema\/logo\/image\/"},"sameAs":["https:\/\/www.facebook.com\/iguanasmoke","https:\/\/www.instagram.com\/iguanasmoke\/"]}]},"product_brand":"simple","product_price_amount":"29.90","product_price_currency":"EUR","og_availability":"out of stock","product_availability":"out of stock","product_retailer_item_id":"LYF-SPRAY-CRD","product_condition":"new"},"_links":{"self":[{"href":"https:\/\/iguanasmoke.com\/fr\/wp-json\/wp\/v2\/product\/46439","targetHints":{"allow":["GET"]}}],"collection":[{"href":"https:\/\/iguanasmoke.com\/fr\/wp-json\/wp\/v2\/product"}],"about":[{"href":"https:\/\/iguanasmoke.com\/fr\/wp-json\/wp\/v2\/types\/product"}],"replies":[{"embeddable":true,"href":"https:\/\/iguanasmoke.com\/fr\/wp-json\/wp\/v2\/comments?post=46439"}],"wp:featuredmedia":[{"embeddable":true,"href":"https:\/\/iguanasmoke.com\/fr\/wp-json\/wp\/v2\/media\/46419"}],"wp:attachment":[{"href":"https:\/\/iguanasmoke.com\/fr\/wp-json\/wp\/v2\/media?parent=46439"}],"wp:term":[{"taxonomy":"product_brand","embeddable":true,"href":"https:\/\/iguanasmoke.com\/fr\/wp-json\/wp\/v2\/product_brand?post=46439"},{"taxonomy":"product_cat","embeddable":true,"href":"https:\/\/iguanasmoke.com\/fr\/wp-json\/wp\/v2\/product_cat?post=46439"},{"taxonomy":"product_tag","embeddable":true,"href":"https:\/\/iguanasmoke.com\/fr\/wp-json\/wp\/v2\/product_tag?post=46439"}],"curies":[{"name":"wp","href":"https:\/\/api.w.org\/{rel}","templated":true}]}}