{"id":47836,"date":"2025-01-14T21:03:09","date_gmt":"2025-01-14T20:03:09","guid":{"rendered":"https:\/\/iguanasmoke.com\/?post_type=product&#038;p=47836"},"modified":"2026-04-15T10:37:27","modified_gmt":"2026-04-15T08:37:27","slug":"hash-cbd-piatella-40","status":"publish","type":"product","link":"https:\/\/iguanasmoke.com\/fr\/producto\/hash-cbd-piatella-40\/","title":{"rendered":"Hash CBD Piatella 40%"},"content":{"rendered":"<h1><span style=\"font-weight: 400\">Piatella Hash CBD 40% CBD : le haschisch que vous attendiez<\/span><\/h1>\n<p><span style=\"font-weight: 400\">Chez Iguana Smoke, nous aimons vous offrir le meilleur du monde du CBD, et le meilleur de l'industrie. <strong>Hash CBD Piatella 40%<\/strong> est l'un de nos TOP : <strong>Le plus puissant des haschischs sans THC<\/strong> et l'un des plus haut de gamme du march\u00e9. Avec un <strong>tr\u00e8s forte concentration de cannabidiol<\/strong> (40%) et moins de 0,3% de THC, ce produit est <strong>juridique en Espagne et en Europe<\/strong>. C'est bien plus qu'un simple haschisch - c'est une d\u00e9claration de qualit\u00e9, de style et d'engagement envers les amateurs de CBD. Explorez sa texture, savourez ses ar\u00f4mes et d\u00e9couvrez pourquoi le CBD est si populaire dans le monde du haschisch. <strong>Hash CBD Piatella 40% est le produit que vous recherchez.<\/strong>!<\/span><\/p>\n<p>&nbsp;<\/p>\n<h2>Caract\u00e9ristiques du Hash CBD Piatella 40% :<\/h2>\n<ul>\n<li><b>Aspect et texture : <\/b>visuellement, il se distingue par son t<strong>extura mall\u00e9able<\/strong> qui fond facilement, invitant \u00e0 une exp\u00e9rience tactile aussi agr\u00e9able que son effet. Ce haschisch CBD est fabriqu\u00e9 \u00e0 partir de <strong>mailles<\/strong> haute pr\u00e9cision pour s\u00e9parer les <strong>glandes r\u00e9sineuses de la mati\u00e8re v\u00e9g\u00e9tale<\/strong>, atteindre la perfection.<\/li>\n<li><span style=\"font-size: 16px;font-weight: 400\"><strong>Ar\u00f4me et go\u00fbt :<\/strong> intense, avec un profil terp\u00e9no\u00efde riche qui combine <strong>notes terreuses, sucr\u00e9es et \u00e9pic\u00e9es<\/strong>. \u00a0<\/span><\/li>\n<li><strong>Origine et puret\u00e9 :<\/strong> <span style=\"font-size: 16px;font-weight: 400\">cette r\u00e9sine provient de sources fiables qui garantissent la<strong> puret\u00e9 et qualit\u00e9<\/strong>. Contrairement \u00e0 d'autres produits, ce haschisch conserve toutes ses propri\u00e9t\u00e9s. <strong>terp\u00e8nes naturels<\/strong>, Cela garantit une exp\u00e9rience olfactive et gustative exceptionnelle.<\/span><span style=\"font-size: 16px;font-weight: 400\">, cruciale pour ceux qui cherchent \u00e0 <strong>CBD bon march\u00e9<\/strong> mais ne veulent pas compromettre la qualit\u00e9 de la <strong>CBD Hashish Piatella 40%<\/strong>.<\/span><\/li>\n<\/ul>\n<h3><\/h3>\n<h3><b>Pourquoi acheter du hash CBD Piatella 40% chez Iguana Smoke ?<\/b><\/h3>\n<p><span style=\"font-weight: 400\">Chez Iguana Smoke, nous nous engageons sur la qualit\u00e9. Nos produits de CBD hash sont 100% naturels et organiques, sans produits chimiques ni pesticides. Cela signifie que lorsque vous achetez chez nous, vous choisissez du hash et de la r\u00e9sine de CBD purs et s\u00fbrs. Comme c'est le cas pour notre <span style=\"font-size: 16px;font-weight: 400\"><strong>CBD Hashish Piatella 40%<\/strong><\/span><strong>.<\/strong><\/span><\/p>\n<p><span style=\"font-weight: 400\">C'est sans aucun doute l'endroit le plus s\u00fbr <strong>O\u00f9 acheter du haschisch CBD en ligne en Espagne<\/strong> car tous nos produits sont approuv\u00e9s par l'Union europ\u00e9enne, ce qui garantit leur l\u00e9galit\u00e9 et leur s\u00e9curit\u00e9. Avec moins de 0,3 % de THC, notre hash et notre r\u00e9sine de CBD vous permettent de profiter des nombreux avantages du CBD sans les effets psychoactifs, puisqu'il s'agit d'une substance qui n'a pas d'effets psychoactifs. <strong>Hachis sans THC.<\/strong> P<\/span><span style=\"font-weight: 400\">ous pouvez consulter l'analyse de la qualit\u00e9 de ce hachage <a href=\"https:\/\/iguanasmoke.com\/fr\/lanalyse\/\">ici<\/a>.\u00a0<\/span><\/p>\n<p><em><span style=\"font-weight: 400\">*Veuillez noter que son utilisation est destin\u00e9e \u00e0 la collection ou \u00e0 l'aromath\u00e9rapie, conform\u00e9ment \u00e0 la loi espagnole.\u00a0<\/span><\/em><\/p>\n<p><span style=\"font-weight: 400\">De plus, si vous aimez nos r\u00e9sines CBD plus traditionnelles, comme le <a href=\"https:\/\/iguanasmoke.com\/fr\/produit\/hash-cbd-amnesia\/\">hash amnesia cbd<\/a> ou le <a href=\"https:\/\/iguanasmoke.com\/fr\/produit\/hash-cbn-40\/\">CBN hash<\/a>,Vous <\/span><span style=\"font-weight: 400\">nous veillons \u00e0 ce que les <strong>Hash CBD Piatella 40%<\/strong> vous en tomberez amoureux. N'oubliez pas non plus d'essayer d'autres <strong>Produits TOP<\/strong> en tant que <a href=\"https:\/\/iguanasmoke.com\/fr\/produit\/iguana-power-cartridge-cbd-full-spectrum-kit\/\">Cartouches CBD Full Spectrum<\/a> et le <a href=\"https:\/\/iguanasmoke.com\/fr\/cbd-vaper\/\">Vapeurs CBD<\/a>. <\/span><span style=\"font-weight: 400\">En bref, explorez notre vari\u00e9t\u00e9 et trouvez vos favoris d\u00e8s maintenant.\u00a0<\/span><\/p>\n<p>&nbsp;<\/p>\n<h3><b>Iguana Smoke est synonyme de qualit\u00e9 et de fiabilit\u00e9.<\/b><\/h3>\n<p><span style=\"font-weight: 400\">Chez Iguana Smoke, nous pensons que le CBD doit \u00eatre une exp\u00e9rience s\u00fbre et agr\u00e9able. C'est pourquoi nous proposons des produits de haute qualit\u00e9 qui s'adressent aux nouvelles g\u00e9n\u00e9rations : des personnes qui recherchent un bien-\u00eatre simple, avec des marques authentiques et fiables. N'oubliez pas que tous nos produits sont <strong>Hachis sans THC \u00e0 forte teneur en CBD<\/strong>, tels que le <strong>Hash CBD Piatella 40%\u00a0<\/strong>que vous vous appr\u00eatez \u00e0 ramener \u00e0 la maison.<\/span><\/p>\n<p>Vous savez, notre mission est claire : vous apporter le meilleur du monde des cannabino\u00efdes \u00e0 un prix \u00e9quitable, avec la tranquillit\u00e9 d'esprit de savoir que vous choisissez un produit certifi\u00e9, efficace et 100% l\u00e9gal. Nous sommes \u00e0 l'avant-garde des produits CBD.<\/p>\n<p>Vous avez encore des doutes ? Ecrivez-nous et nous nous ferons un plaisir de vous aider \u00e0 trouver le produit qui vous convient.<\/p>","protected":false},"excerpt":{"rendered":"<p><span style=\"font-weight: 400\">\u00a0Essayez le Piatella Hash 40% CBD, parfait pour ceux qui veulent profiter d'un ar\u00f4me sucr\u00e9 et fruit\u00e9.<\/span><\/p>\n<ul>\n<li><strong>CBD<\/strong>40%, garantissant une haute intensit\u00e9.<\/li>\n<li><strong>Ar\u00f4me <\/strong>avec une touche \u00e9pic\u00e9e qui rappelle les r\u00e9sines traditionnelles.<\/li>\n<li>100% l\u00e9gal en Europe - moins de 0,3% de THC.<\/li>\n<\/ul>\n<p>Analyse de la qualit\u00e9 : cliquez\u00a0<a href=\"https:\/\/iguanasmoke.com\/fr\/lanalyse\/\" target=\"_blank\" rel=\"noopener\">ici<\/a><\/p>","protected":false},"featured_media":81844,"comment_status":"open","ping_status":"closed","template":"","meta":{"_acf_changed":false,"site-sidebar-layout":"default","site-content-layout":"default","ast-site-content-layout":"default","site-content-style":"default","site-sidebar-style":"default","ast-global-header-display":"","ast-banner-title-visibility":"","ast-main-header-display":"","ast-hfb-above-header-display":"","ast-hfb-below-header-display":"","ast-hfb-mobile-header-display":"","site-post-title":"","ast-breadcrumbs-content":"","ast-featured-img":"","footer-sml-layout":"","theme-transparent-header-meta":"default","adv-header-id-meta":"","stick-header-meta":"","header-above-stick-meta":"","header-main-stick-meta":"","header-below-stick-meta":"","astra-migrate-meta-layouts":"set","ast-page-background-enabled":"default","ast-page-background-meta":{"desktop":{"background-color":"var(--ast-global-color-4)","background-image":"","background-repeat":"repeat","background-position":"center center","background-size":"auto","background-attachment":"scroll","background-type":"","background-media":"","overlay-type":"","overlay-color":"","overlay-opacity":"","overlay-gradient":""},"tablet":{"background-color":"","background-image":"","background-repeat":"repeat","background-position":"center center","background-size":"auto","background-attachment":"scroll","background-type":"","background-media":"","overlay-type":"","overlay-color":"","overlay-opacity":"","overlay-gradient":""},"mobile":{"background-color":"","background-image":"","background-repeat":"repeat","background-position":"center center","background-size":"auto","background-attachment":"scroll","background-type":"","background-media":"","overlay-type":"","overlay-color":"","overlay-opacity":"","overlay-gradient":""}},"ast-content-background-meta":{"desktop":{"background-color":"var(--ast-global-color-5)","background-image":"","background-repeat":"repeat","background-position":"center center","background-size":"auto","background-attachment":"scroll","background-type":"","background-media":"","overlay-type":"","overlay-color":"","overlay-opacity":"","overlay-gradient":""},"tablet":{"background-color":"var(--ast-global-color-5)","background-image":"","background-repeat":"repeat","background-position":"center center","background-size":"auto","background-attachment":"scroll","background-type":"","background-media":"","overlay-type":"","overlay-color":"","overlay-opacity":"","overlay-gradient":""},"mobile":{"background-color":"var(--ast-global-color-5)","background-image":"","background-repeat":"repeat","background-position":"center center","background-size":"auto","background-attachment":"scroll","background-type":"","background-media":"","overlay-type":"","overlay-color":"","overlay-opacity":"","overlay-gradient":""}}},"product_brand":[],"product_cat":[397],"product_tag":[],"class_list":{"0":"post-47836","1":"product","2":"type-product","3":"status-publish","4":"has-post-thumbnail","6":"product_cat-hash-cbd","7":"desktop-align-center","8":"tablet-align-center","9":"mobile-align-center","11":"first","12":"outofstock","13":"taxable","14":"shipping-taxable","15":"purchasable","16":"product-type-variable"},"acf":[],"yoast_head":"<!-- This site is optimized with the Yoast SEO Premium plugin v27.3 (Yoast SEO v27.3) - https:\/\/yoast.com\/product\/yoast-seo-premium-wordpress\/ -->\n<title>Hash CBD Piatella 40%: Hach\u00eds Premium Legal en Espa\u00f1a | Iguana Smoke<\/title>\n<meta name=\"description\" content=\"Eleva tu experiencia al comprar hach\u00eds CBD online: nuestro Hash CBD Piatella 40%, uno de los m\u00e1s premium del mercado, tu hash sin THC. \u00a1No esperes m\u00e1s!\" \/>\n<meta name=\"robots\" content=\"index, follow, max-snippet:-1, max-image-preview:large, max-video-preview:-1\" \/>\n<link rel=\"canonical\" href=\"https:\/\/iguanasmoke.com\/fr\/produit\/hash-cbd-piatella-40\/\" \/>\n<meta property=\"og:locale\" content=\"fr_FR\" \/>\n<meta property=\"og:type\" content=\"article\" \/>\n<meta property=\"og:title\" content=\"Hash CBD Piatella 40%\" \/>\n<meta property=\"og:description\" content=\"\u00a0Prueba el Piatella Hash 40% CBD, perfecta para quienes quieren disfrutar de un aroma dulce y frutal.   CBD: 40%, garantizando una alta intensidad.  Aroma con un toque especiado que recuerda a las resinas tradicionales.  100% legal en Europa - menos del 0,3% THC.  An\u00e1lisis de calidad: pincha\u00a0aqu\u00ed\" \/>\n<meta property=\"og:url\" content=\"https:\/\/iguanasmoke.com\/fr\/produit\/hash-cbd-piatella-40\/\" \/>\n<meta property=\"og:site_name\" content=\"Iguana Smoke\" \/>\n<meta property=\"article:publisher\" content=\"https:\/\/www.facebook.com\/iguanasmoke\" \/>\n<meta property=\"article:modified_time\" content=\"2026-04-15T08:37:27+00:00\" \/>\n<meta property=\"og:image\" content=\"https:\/\/iguanasmoke.com\/wp-content\/uploads\/2025\/01\/Piatella-2g-con-hash.webp\" \/>\n\t<meta property=\"og:image:width\" content=\"1000\" \/>\n\t<meta property=\"og:image:height\" content=\"1000\" \/>\n\t<meta property=\"og:image:type\" content=\"image\/webp\" \/>\n<meta name=\"twitter:card\" content=\"summary_large_image\" \/>\n<meta name=\"twitter:label1\" content=\"Disponibilit\u00e9\" \/>\n\t<meta name=\"twitter:data1\" content=\"Rupture de stock\" \/>\n<meta property=\"product:brand\" content=\"variable\" \/>\n<meta property=\"og:availability\" content=\"out of stock\" \/>\n<meta property=\"product:availability\" content=\"out of stock\" \/>\n<meta property=\"product:condition\" content=\"new\" \/>\n<!-- \/ Yoast SEO Premium plugin. -->","yoast_head_json":{"title":"Hash CBD Piatella 40% : Hashish Premium l\u00e9gal en Espagne : Iguana Smoke","description":"Am\u00e9liorez votre exp\u00e9rience lors de l'achat de haschisch CBD en ligne : notre CBD Hash Piatella 40%, l'un des meilleurs haschisch CBD du march\u00e9, votre haschisch sans THC, n'attendez plus !","robots":{"index":"index","follow":"follow","max-snippet":"max-snippet:-1","max-image-preview":"max-image-preview:large","max-video-preview":"max-video-preview:-1"},"canonical":"https:\/\/iguanasmoke.com\/fr\/produit\/hash-cbd-piatella-40\/","og_locale":"fr_FR","og_type":"article","og_title":"Hash CBD Piatella 40%","og_description":"\u00a0Prueba el Piatella Hash 40% CBD, perfecta para quienes quieren disfrutar de un aroma dulce y frutal.   CBD: 40%, garantizando una alta intensidad.  Aroma con un toque especiado que recuerda a las resinas tradicionales.  100% legal en Europa - menos del 0,3% THC.  An\u00e1lisis de calidad: pincha\u00a0aqu\u00ed","og_url":"https:\/\/iguanasmoke.com\/fr\/produit\/hash-cbd-piatella-40\/","og_site_name":"Iguana Smoke","article_publisher":"https:\/\/www.facebook.com\/iguanasmoke","article_modified_time":"2026-04-15T08:37:27+00:00","og_image":[{"width":1000,"height":1000,"url":"https:\/\/iguanasmoke.com\/wp-content\/uploads\/2025\/01\/Piatella-2g-con-hash.webp","type":"image\/webp"}],"twitter_card":"summary_large_image","twitter_misc":{"Disponibilit\u00e9":"Rupture de stock"},"schema":{"@context":"https:\/\/schema.org","@graph":[{"@type":"WebPage","@id":"https:\/\/iguanasmoke.com\/producto\/hash-cbd-piatella-40\/","url":"https:\/\/iguanasmoke.com\/producto\/hash-cbd-piatella-40\/","name":"Hash CBD Piatella 40% : Hashish Premium l\u00e9gal en Espagne : Iguana Smoke","isPartOf":{"@id":"https:\/\/iguanasmoke.com\/#website"},"primaryImageOfPage":{"@id":"https:\/\/iguanasmoke.com\/producto\/hash-cbd-piatella-40\/#primaryimage"},"image":{"@id":"https:\/\/iguanasmoke.com\/producto\/hash-cbd-piatella-40\/#primaryimage"},"thumbnailUrl":"https:\/\/iguanasmoke.com\/wp-content\/uploads\/2025\/01\/Piatella-2g-con-hash.webp","datePublished":"2025-01-14T20:03:09+00:00","dateModified":"2026-04-15T08:37:27+00:00","description":"Am\u00e9liorez votre exp\u00e9rience lors de l'achat de haschisch CBD en ligne : notre CBD Hash Piatella 40%, l'un des meilleurs haschisch CBD du march\u00e9, votre haschisch sans THC, n'attendez plus !","breadcrumb":{"@id":"https:\/\/iguanasmoke.com\/producto\/hash-cbd-piatella-40\/#breadcrumb"},"inLanguage":"fr-FR","potentialAction":[{"@type":"ReadAction","target":["https:\/\/iguanasmoke.com\/producto\/hash-cbd-piatella-40\/"]}]},{"@type":"ImageObject","inLanguage":"fr-FR","@id":"https:\/\/iguanasmoke.com\/producto\/hash-cbd-piatella-40\/#primaryimage","url":"https:\/\/iguanasmoke.com\/wp-content\/uploads\/2025\/01\/Piatella-2g-con-hash.webp","contentUrl":"https:\/\/iguanasmoke.com\/wp-content\/uploads\/2025\/01\/Piatella-2g-con-hash.webp","width":1000,"height":1000,"caption":"Hash CBD Piatella 2g"},{"@type":"BreadcrumbList","@id":"https:\/\/iguanasmoke.com\/producto\/hash-cbd-piatella-40\/#breadcrumb","itemListElement":[{"@type":"ListItem","position":1,"name":"home","item":"https:\/\/iguanasmoke.com\/"},{"@type":"ListItem","position":2,"name":"Tienda","item":"https:\/\/iguanasmoke.com\/tienda\/"},{"@type":"ListItem","position":3,"name":"Hash CBD","item":"https:\/\/iguanasmoke.com\/categoria\/hash-cbd\/"},{"@type":"ListItem","position":4,"name":"Hash CBD Piatella 40%"}]},{"@type":"WebSite","@id":"https:\/\/iguanasmoke.com\/#website","url":"https:\/\/iguanasmoke.com\/","name":"Fum\u00e9e d'iguane","description":"Acheter du CBD en ligne au meilleur prix","publisher":{"@id":"https:\/\/iguanasmoke.com\/#organization"},"potentialAction":[{"@type":"SearchAction","target":{"@type":"EntryPoint","urlTemplate":"https:\/\/iguanasmoke.com\/?s={search_term_string}"},"query-input":{"@type":"PropertyValueSpecification","valueRequired":true,"valueName":"search_term_string"}}],"inLanguage":"fr-FR"},{"@type":"Organization","@id":"https:\/\/iguanasmoke.com\/#organization","name":"Fum\u00e9e d'iguane","url":"https:\/\/iguanasmoke.com\/","logo":{"@type":"ImageObject","inLanguage":"fr-FR","@id":"https:\/\/iguanasmoke.com\/#\/schema\/logo\/image\/","url":"https:\/\/iguanasmoke.com\/wp-content\/uploads\/2025\/01\/logoiguana-favi-1.png","contentUrl":"https:\/\/iguanasmoke.com\/wp-content\/uploads\/2025\/01\/logoiguana-favi-1.png","width":512,"height":512,"caption":"Iguana Smoke"},"image":{"@id":"https:\/\/iguanasmoke.com\/#\/schema\/logo\/image\/"},"sameAs":["https:\/\/www.facebook.com\/iguanasmoke","https:\/\/www.instagram.com\/iguanasmoke\/"]}]},"product_brand":"variable","og_availability":"out of stock","product_availability":"out of stock","product_condition":"new"},"_links":{"self":[{"href":"https:\/\/iguanasmoke.com\/fr\/wp-json\/wp\/v2\/product\/47836","targetHints":{"allow":["GET"]}}],"collection":[{"href":"https:\/\/iguanasmoke.com\/fr\/wp-json\/wp\/v2\/product"}],"about":[{"href":"https:\/\/iguanasmoke.com\/fr\/wp-json\/wp\/v2\/types\/product"}],"replies":[{"embeddable":true,"href":"https:\/\/iguanasmoke.com\/fr\/wp-json\/wp\/v2\/comments?post=47836"}],"wp:featuredmedia":[{"embeddable":true,"href":"https:\/\/iguanasmoke.com\/fr\/wp-json\/wp\/v2\/media\/81844"}],"wp:attachment":[{"href":"https:\/\/iguanasmoke.com\/fr\/wp-json\/wp\/v2\/media?parent=47836"}],"wp:term":[{"taxonomy":"product_brand","embeddable":true,"href":"https:\/\/iguanasmoke.com\/fr\/wp-json\/wp\/v2\/product_brand?post=47836"},{"taxonomy":"product_cat","embeddable":true,"href":"https:\/\/iguanasmoke.com\/fr\/wp-json\/wp\/v2\/product_cat?post=47836"},{"taxonomy":"product_tag","embeddable":true,"href":"https:\/\/iguanasmoke.com\/fr\/wp-json\/wp\/v2\/product_tag?post=47836"}],"curies":[{"name":"wp","href":"https:\/\/api.w.org\/{rel}","templated":true}]}}