{"id":47842,"date":"2025-01-14T21:11:14","date_gmt":"2025-01-14T20:11:14","guid":{"rendered":"https:\/\/iguanasmoke.com\/?post_type=product&#038;p=47842"},"modified":"2026-03-09T09:32:38","modified_gmt":"2026-03-09T08:32:38","slug":"hash-cbd-static-runtz-40","status":"publish","type":"product","link":"https:\/\/iguanasmoke.com\/fr\/producto\/hash-cbd-static-runtz-40\/","title":{"rendered":"Hash CBD Static Runtz 40%"},"content":{"rendered":"<h1><span style=\"font-weight: 400;\">Hash CBD Static Runtz 40% : un chef-d'\u0153uvre artisanal<\/span><\/h1>\n<p><span style=\"font-weight: 400;\">Bienvenue dans une nouvelle exp\u00e9rience de qualit\u00e9 sup\u00e9rieure avec le <strong>Hash CBD Static Runtz<\/strong>. Ce haschisch r\u00e9volutionne le march\u00e9 car il contient un <strong>40% de CBD<\/strong> et vous offre une combinaison unique de propri\u00e9t\u00e9s relaxantes et d'un parfum exceptionnel : il a une odeur d'huile d'olive. <strong>finition artisanale<\/strong> digne des palais les plus exigeants.<\/span><\/p>\n<p>Il est id\u00e9al pour ceux qui recherchent l'authenticit\u00e9 et les bienfaits th\u00e9rapeutiques gr\u00e2ce \u00e0 sa saveur \u00e9quilibr\u00e9e et \u00e0 son go\u00fbt agr\u00e9able. <strong>forte concentration de CBD<\/strong>. <span style=\"font-weight: 400;\">Il contient \u00e9galement moins de 0,3% de THC, ce qui fait de ce haschisch un produit de qualit\u00e9. <strong>juridique en Espagne et en Europe<\/strong>.<\/span><\/p>\n<p>C'est bien plus qu'un simple hash CBD. Il s'agit d'une \u0153uvre artisanale qui allie qualit\u00e9, puret\u00e9 et ar\u00f4me in\u00e9gal\u00e9 ; un choix exceptionnel sur le march\u00e9. <span style=\"font-weight: 400;\"> Explorez sa texture et savourez ses ar\u00f4mes ! D\u00e9couvrez pourquoi le <strong>Static Runtz CBD hashish <\/strong>est l'une des r\u00e9sines les plus authentiques et de la meilleure qualit\u00e9 que vous puissiez trouver si vous voulez <strong>haschisch CBD bon march\u00e9<\/strong> mais premium.<\/span><\/p>\n<p>&nbsp;<\/p>\n<h2>Caract\u00e9ristiques du Hash CBD Static Runtz :<\/h2>\n<ul>\n<li><b>Aspect et texture : <span style=\"font-size: 16px; font-weight: 400;\">se distingue par son <strong>texture douce et compacte, un peu mielleuse<\/strong>. D'une couleur brun dor\u00e9, ce haschich a un aspect <strong>consistance friable<\/strong> qui facilite une utilisation agr\u00e9able, refl\u00e9tant le soin et la pr\u00e9cision de sa fabrication.\u00a0<\/span><\/b><\/li>\n<li><span style=\"font-size: 16px; font-weight: 400;\"><strong>Ar\u00f4me et go\u00fbt :<\/strong> <strong>doux et fruit\u00e9<\/strong>; Avec des notes d'agrumes.<\/span><\/li>\n<li><strong>Origine et puret\u00e9 :<\/strong><span style=\"font-size: 16px; font-weight: 400;\"> Il a \u00e9t\u00e9 d\u00e9velopp\u00e9 avec <strong>les m\u00e9thodes traditionnelles<\/strong>, Il est fabriqu\u00e9 en extrayant soigneusement les cannabino\u00efdes et les terp\u00e8nes naturels du chanvre. Il est produit par une extraction douce qui s\u00e9pare les cannabino\u00efdes et les terp\u00e8nes du chanvre. <strong>trichomes de chanvre<\/strong>, Il en r\u00e9sulte une puret\u00e9 exceptionnelle et une texture homog\u00e8ne.\u00a0<\/span><\/li>\n<\/ul>\n<p>&nbsp;<\/p>\n<h3><b>Pourquoi acheter du haschisch CBD Static Runtz chez Iguana Smoke ?<\/b><\/h3>\n<p><span style=\"font-weight: 400;\">Chez Iguana Smoke, nous nous engageons sur la qualit\u00e9. Nos produits de haschisch CBD sont 100% naturels et biologiques, sans produits chimiques ni pesticides. Cela signifie que lorsque vous achetez chez nous, vous choisissez <strong>r\u00e9sine et haschisch CBD purs et s\u00fbrs<\/strong>. Comme c'est le cas pour nos <strong>Static Runtz CBD hashish<\/strong><strong>.<\/strong><\/span><\/p>\n<p><span style=\"font-weight: 400;\">C'est l'endroit s\u00fbr pour <strong>acheter du hash CBD en ligne en Espagne.<\/strong> Tous nos produits sont approuv\u00e9s par l'UE, ce qui garantit leur l\u00e9galit\u00e9 et leur s\u00e9curit\u00e9. Avec moins de 0,3 % THC, vous pouvez profiter des nombreux avantages du CBD sans les effets psychoactifs. Nos produits <strong>Hachis de CBD sans THC \u00e0 haute teneur en CBD<\/strong> r\u00e9pond aux normes de qualit\u00e9, dont l'analyse est disponible \u00e0 l'adresse suivante<\/span><span style=\"font-weight: 400;\">\u00a0<a href=\"https:\/\/iguanasmoke.com\/fr\/lanalyse\/\">ici<\/a>.\u00a0<\/span><\/p>\n<p><em><span style=\"font-weight: 400;\">*Veuillez noter que son utilisation est destin\u00e9e \u00e0 la collection ou \u00e0 l'aromath\u00e9rapie, conform\u00e9ment \u00e0 la loi espagnole.\u00a0<\/span><\/em><\/p>\n<p><span style=\"font-weight: 400;\">De plus, si vous aimez nos r\u00e9sines CBD plus traditionnelles, comme le <a href=\"https:\/\/iguanasmoke.com\/fr\/produit\/dry-sift-hash-cbd-15\/\">hash CBD Dry Sift<\/a> ou le <a href=\"https:\/\/iguanasmoke.com\/fr\/produit\/cbd-hash-triplement-filtre\/\">hash CBD Triple Filtration<\/a>, vous, vous <\/span><span style=\"font-weight: 400;\">nous veillons \u00e0 ce que les <strong>Hash CBD Static Runtz<\/strong> vous permettra de vous amuser. N'oubliez pas non plus d'essayer d'autres <strong>Produits TOP<\/strong> en tant que <a href=\"https:\/\/iguanasmoke.com\/fr\/produit\/cold-cure-rosin-cbd-91-con-live-terpenes\/\">Extrait de colophane<\/a> ou le <a href=\"https:\/\/iguanasmoke.com\/fr\/produit\/vape-cbd-iguana-pod-pocket-ak-47-broad-spectrum-750mg\/\">Vaper CBD Ak-47<\/a>. <\/span><span style=\"font-weight: 400;\">En bref, explorez notre vari\u00e9t\u00e9 et trouvez vos favoris d\u00e8s maintenant.\u00a0<\/span><\/p>\n<p>&nbsp;<\/p>\n<h3><b>Iguana Smoke est synonyme de qualit\u00e9 et de fiabilit\u00e9.<\/b><\/h3>\n<p><span style=\"font-weight: 400;\">Chez Iguana Smoke, nous pensons que le CBD doit \u00eatre une exp\u00e9rience s\u00fbre et agr\u00e9able. C'est pourquoi nous proposons des produits de haute qualit\u00e9 qui s'adressent aux nouvelles g\u00e9n\u00e9rations : des personnes qui recherchent un bien-\u00eatre simple, avec des marques authentiques et fiables. N'oubliez pas que tous nos produits sont <strong>Hachis CBD sans THC<\/strong>, tels que le <strong>Hash CBD Static Runtz 40% <\/strong>vous allez essayer.<\/span><\/p>\n<p>Vous savez, notre mission est claire : vous apporter le meilleur du monde des cannabino\u00efdes \u00e0 un prix \u00e9quitable, avec la tranquillit\u00e9 d'esprit de savoir que vous choisissez un produit certifi\u00e9, efficace et 100% l\u00e9gal. Nous sommes \u00e0 l'avant-garde des produits CBD.<\/p>\n<p>Vous avez encore des doutes ? Ecrivez-nous et nous nous ferons un plaisir de vous aider \u00e0 trouver le produit qui vous convient.<\/p>\n<p>&nbsp;<\/p>","protected":false},"excerpt":{"rendered":"<p><span style=\"font-weight: 400;\">Essayez Hash CBD Static Runtz, une r\u00e9sine CBD unique \u00e0 l'ar\u00f4me particulier. Elle combine le cannabis terreux et r\u00e9sineux avec une touche fra\u00eeche d'agrumes.\u00a0<\/span><\/p>\n<ul>\n<li>Composition : 40% CBD et &lt;0.3% THC<\/li>\n<li>100% l\u00e9gal en Espagne<\/li>\n<\/ul>\n<p>Analyse de la qualit\u00e9 : cliquez\u00a0<a href=\"https:\/\/iguanasmoke.com\/fr\/lanalyse\/\" target=\"_blank\" rel=\"noopener\">ici<\/a><\/p>","protected":false},"featured_media":60797,"comment_status":"open","ping_status":"closed","template":"","meta":{"_acf_changed":false,"site-sidebar-layout":"default","site-content-layout":"default","ast-site-content-layout":"default","site-content-style":"default","site-sidebar-style":"default","ast-global-header-display":"","ast-banner-title-visibility":"","ast-main-header-display":"","ast-hfb-above-header-display":"","ast-hfb-below-header-display":"","ast-hfb-mobile-header-display":"","site-post-title":"","ast-breadcrumbs-content":"","ast-featured-img":"","footer-sml-layout":"","theme-transparent-header-meta":"default","adv-header-id-meta":"","stick-header-meta":"","header-above-stick-meta":"","header-main-stick-meta":"","header-below-stick-meta":"","astra-migrate-meta-layouts":"set","ast-page-background-enabled":"default","ast-page-background-meta":{"desktop":{"background-color":"var(--ast-global-color-4)","background-image":"","background-repeat":"repeat","background-position":"center center","background-size":"auto","background-attachment":"scroll","background-type":"","background-media":"","overlay-type":"","overlay-color":"","overlay-opacity":"","overlay-gradient":""},"tablet":{"background-color":"","background-image":"","background-repeat":"repeat","background-position":"center center","background-size":"auto","background-attachment":"scroll","background-type":"","background-media":"","overlay-type":"","overlay-color":"","overlay-opacity":"","overlay-gradient":""},"mobile":{"background-color":"","background-image":"","background-repeat":"repeat","background-position":"center center","background-size":"auto","background-attachment":"scroll","background-type":"","background-media":"","overlay-type":"","overlay-color":"","overlay-opacity":"","overlay-gradient":""}},"ast-content-background-meta":{"desktop":{"background-color":"var(--ast-global-color-5)","background-image":"","background-repeat":"repeat","background-position":"center center","background-size":"auto","background-attachment":"scroll","background-type":"","background-media":"","overlay-type":"","overlay-color":"","overlay-opacity":"","overlay-gradient":""},"tablet":{"background-color":"var(--ast-global-color-5)","background-image":"","background-repeat":"repeat","background-position":"center center","background-size":"auto","background-attachment":"scroll","background-type":"","background-media":"","overlay-type":"","overlay-color":"","overlay-opacity":"","overlay-gradient":""},"mobile":{"background-color":"var(--ast-global-color-5)","background-image":"","background-repeat":"repeat","background-position":"center center","background-size":"auto","background-attachment":"scroll","background-type":"","background-media":"","overlay-type":"","overlay-color":"","overlay-opacity":"","overlay-gradient":""}}},"product_brand":[],"product_cat":[397],"product_tag":[],"class_list":{"0":"post-47842","1":"product","2":"type-product","3":"status-publish","4":"has-post-thumbnail","6":"product_cat-hash-cbd","7":"desktop-align-center","8":"tablet-align-center","9":"mobile-align-center","11":"first","12":"outofstock","13":"taxable","14":"shipping-taxable","15":"purchasable","16":"product-type-variable"},"acf":[],"yoast_head":"<!-- This site is optimized with the Yoast SEO Premium plugin v27.3 (Yoast SEO v27.3) - https:\/\/yoast.com\/product\/yoast-seo-premium-wordpress\/ -->\n<title>Hash CBD Static Runtz 40%: hash CBD barato premium | Iguana Smoke<\/title>\n<meta name=\"description\" content=\"Experimenta la calidad artesanal del Hash CBD Static Runtz. Con elevado contenido de CBD y bajo THC. \u00a1Prueba lo diferente con el hach\u00eds CBD Static Runtz!\" \/>\n<meta name=\"robots\" content=\"index, follow, max-snippet:-1, max-image-preview:large, max-video-preview:-1\" \/>\n<link rel=\"canonical\" href=\"https:\/\/iguanasmoke.com\/fr\/produit\/hash-cbd-static-runtz-40\/\" \/>\n<meta property=\"og:locale\" content=\"fr_FR\" \/>\n<meta property=\"og:type\" content=\"article\" \/>\n<meta property=\"og:title\" content=\"Hash CBD Static Runtz 40%\" \/>\n<meta property=\"og:description\" content=\"Prueba el Hash CBD Static Runtz, una resina CBD \u00fanica con un aroma especial. Combina lo terroso y lo resinoso del cannabis con un fresco toque c\u00edtrico.\u00a0   Composici\u00f3n: 40% de CBD y &lt;0,3% THC  100% legal en Espa\u00f1a  An\u00e1lisis de calidad: pincha\u00a0aqu\u00ed\" \/>\n<meta property=\"og:url\" content=\"https:\/\/iguanasmoke.com\/fr\/produit\/hash-cbd-static-runtz-40\/\" \/>\n<meta property=\"og:site_name\" content=\"Iguana Smoke\" \/>\n<meta property=\"article:publisher\" content=\"https:\/\/www.facebook.com\/iguanasmoke\" \/>\n<meta property=\"article:modified_time\" content=\"2026-03-09T08:32:38+00:00\" \/>\n<meta property=\"og:image\" content=\"https:\/\/iguanasmoke.com\/wp-content\/uploads\/2023\/08\/Hash-Static-Runtz.webp\" \/>\n\t<meta property=\"og:image:width\" content=\"1000\" \/>\n\t<meta property=\"og:image:height\" content=\"1000\" \/>\n\t<meta property=\"og:image:type\" content=\"image\/webp\" \/>\n<meta name=\"twitter:card\" content=\"summary_large_image\" \/>\n<meta name=\"twitter:label1\" content=\"Disponibilit\u00e9\" \/>\n\t<meta name=\"twitter:data1\" content=\"Rupture de stock\" \/>\n<meta property=\"product:brand\" content=\"variable\" \/>\n<meta property=\"og:availability\" content=\"out of stock\" \/>\n<meta property=\"product:availability\" content=\"out of stock\" \/>\n<meta property=\"product:condition\" content=\"new\" \/>\n<!-- \/ Yoast SEO Premium plugin. -->","yoast_head_json":{"title":"Hash CBD Static Runtz 40% : CBD hash premium et bon march\u00e9 : Iguana Smoke","description":"D\u00e9couvrez la qualit\u00e9 artisanale de Static Runtz CBD Hash. Avec une teneur \u00e9lev\u00e9e en CBD et une faible teneur en THC, d\u00e9couvrez la diff\u00e9rence avec Static Runtz CBD Hash !","robots":{"index":"index","follow":"follow","max-snippet":"max-snippet:-1","max-image-preview":"max-image-preview:large","max-video-preview":"max-video-preview:-1"},"canonical":"https:\/\/iguanasmoke.com\/fr\/produit\/hash-cbd-static-runtz-40\/","og_locale":"fr_FR","og_type":"article","og_title":"Hash CBD Static Runtz 40%","og_description":"Prueba el Hash CBD Static Runtz, una resina CBD \u00fanica con un aroma especial. Combina lo terroso y lo resinoso del cannabis con un fresco toque c\u00edtrico.\u00a0   Composici\u00f3n: 40% de CBD y &lt;0,3% THC  100% legal en Espa\u00f1a  An\u00e1lisis de calidad: pincha\u00a0aqu\u00ed","og_url":"https:\/\/iguanasmoke.com\/fr\/produit\/hash-cbd-static-runtz-40\/","og_site_name":"Iguana Smoke","article_publisher":"https:\/\/www.facebook.com\/iguanasmoke","article_modified_time":"2026-03-09T08:32:38+00:00","og_image":[{"width":1000,"height":1000,"url":"https:\/\/iguanasmoke.com\/wp-content\/uploads\/2023\/08\/Hash-Static-Runtz.webp","type":"image\/webp"}],"twitter_card":"summary_large_image","twitter_misc":{"Disponibilit\u00e9":"Rupture de stock"},"schema":{"@context":"https:\/\/schema.org","@graph":[{"@type":"WebPage","@id":"https:\/\/iguanasmoke.com\/producto\/hash-cbd-static-runtz-40\/","url":"https:\/\/iguanasmoke.com\/producto\/hash-cbd-static-runtz-40\/","name":"Hash CBD Static Runtz 40% : CBD hash premium et bon march\u00e9 : Iguana Smoke","isPartOf":{"@id":"https:\/\/iguanasmoke.com\/#website"},"primaryImageOfPage":{"@id":"https:\/\/iguanasmoke.com\/producto\/hash-cbd-static-runtz-40\/#primaryimage"},"image":{"@id":"https:\/\/iguanasmoke.com\/producto\/hash-cbd-static-runtz-40\/#primaryimage"},"thumbnailUrl":"https:\/\/iguanasmoke.com\/wp-content\/uploads\/2023\/08\/Hash-Static-Runtz.webp","datePublished":"2025-01-14T20:11:14+00:00","dateModified":"2026-03-09T08:32:38+00:00","description":"D\u00e9couvrez la qualit\u00e9 artisanale de Static Runtz CBD Hash. Avec une teneur \u00e9lev\u00e9e en CBD et une faible teneur en THC, d\u00e9couvrez la diff\u00e9rence avec Static Runtz CBD Hash !","breadcrumb":{"@id":"https:\/\/iguanasmoke.com\/producto\/hash-cbd-static-runtz-40\/#breadcrumb"},"inLanguage":"fr-FR","potentialAction":[{"@type":"ReadAction","target":["https:\/\/iguanasmoke.com\/producto\/hash-cbd-static-runtz-40\/"]}]},{"@type":"ImageObject","inLanguage":"fr-FR","@id":"https:\/\/iguanasmoke.com\/producto\/hash-cbd-static-runtz-40\/#primaryimage","url":"https:\/\/iguanasmoke.com\/wp-content\/uploads\/2023\/08\/Hash-Static-Runtz.webp","contentUrl":"https:\/\/iguanasmoke.com\/wp-content\/uploads\/2023\/08\/Hash-Static-Runtz.webp","width":1000,"height":1000,"caption":"hash Static Runtz con bote de hash cbd"},{"@type":"BreadcrumbList","@id":"https:\/\/iguanasmoke.com\/producto\/hash-cbd-static-runtz-40\/#breadcrumb","itemListElement":[{"@type":"ListItem","position":1,"name":"home","item":"https:\/\/iguanasmoke.com\/"},{"@type":"ListItem","position":2,"name":"Tienda","item":"https:\/\/iguanasmoke.com\/tienda\/"},{"@type":"ListItem","position":3,"name":"Hash CBD","item":"https:\/\/iguanasmoke.com\/categoria\/hash-cbd\/"},{"@type":"ListItem","position":4,"name":"Hash CBD Static Runtz 40%"}]},{"@type":"WebSite","@id":"https:\/\/iguanasmoke.com\/#website","url":"https:\/\/iguanasmoke.com\/","name":"Fum\u00e9e d'iguane","description":"Acheter du CBD en ligne au meilleur prix","publisher":{"@id":"https:\/\/iguanasmoke.com\/#organization"},"potentialAction":[{"@type":"SearchAction","target":{"@type":"EntryPoint","urlTemplate":"https:\/\/iguanasmoke.com\/?s={search_term_string}"},"query-input":{"@type":"PropertyValueSpecification","valueRequired":true,"valueName":"search_term_string"}}],"inLanguage":"fr-FR"},{"@type":"Organization","@id":"https:\/\/iguanasmoke.com\/#organization","name":"Fum\u00e9e d'iguane","url":"https:\/\/iguanasmoke.com\/","logo":{"@type":"ImageObject","inLanguage":"fr-FR","@id":"https:\/\/iguanasmoke.com\/#\/schema\/logo\/image\/","url":"https:\/\/iguanasmoke.com\/wp-content\/uploads\/2025\/01\/logoiguana-favi-1.png","contentUrl":"https:\/\/iguanasmoke.com\/wp-content\/uploads\/2025\/01\/logoiguana-favi-1.png","width":512,"height":512,"caption":"Iguana Smoke"},"image":{"@id":"https:\/\/iguanasmoke.com\/#\/schema\/logo\/image\/"},"sameAs":["https:\/\/www.facebook.com\/iguanasmoke","https:\/\/www.instagram.com\/iguanasmoke\/"]}]},"product_brand":"variable","og_availability":"out of stock","product_availability":"out of stock","product_condition":"new"},"_links":{"self":[{"href":"https:\/\/iguanasmoke.com\/fr\/wp-json\/wp\/v2\/product\/47842","targetHints":{"allow":["GET"]}}],"collection":[{"href":"https:\/\/iguanasmoke.com\/fr\/wp-json\/wp\/v2\/product"}],"about":[{"href":"https:\/\/iguanasmoke.com\/fr\/wp-json\/wp\/v2\/types\/product"}],"replies":[{"embeddable":true,"href":"https:\/\/iguanasmoke.com\/fr\/wp-json\/wp\/v2\/comments?post=47842"}],"wp:featuredmedia":[{"embeddable":true,"href":"https:\/\/iguanasmoke.com\/fr\/wp-json\/wp\/v2\/media\/60797"}],"wp:attachment":[{"href":"https:\/\/iguanasmoke.com\/fr\/wp-json\/wp\/v2\/media?parent=47842"}],"wp:term":[{"taxonomy":"product_brand","embeddable":true,"href":"https:\/\/iguanasmoke.com\/fr\/wp-json\/wp\/v2\/product_brand?post=47842"},{"taxonomy":"product_cat","embeddable":true,"href":"https:\/\/iguanasmoke.com\/fr\/wp-json\/wp\/v2\/product_cat?post=47842"},{"taxonomy":"product_tag","embeddable":true,"href":"https:\/\/iguanasmoke.com\/fr\/wp-json\/wp\/v2\/product_tag?post=47842"}],"curies":[{"name":"wp","href":"https:\/\/api.w.org\/{rel}","templated":true}]}}