{"id":47847,"date":"2025-01-14T21:18:17","date_gmt":"2025-01-14T20:18:17","guid":{"rendered":"https:\/\/iguanasmoke.com\/?post_type=product&#038;p=47847"},"modified":"2026-03-20T11:39:23","modified_gmt":"2026-03-20T10:39:23","slug":"hash-cbd-ice-60","status":"publish","type":"product","link":"https:\/\/iguanasmoke.com\/fr\/producto\/hash-cbd-ice-60\/","title":{"rendered":"Hash CBD Ice 90\u00b5 60%"},"content":{"rendered":"<h1><span style=\"font-weight: 400;\">Hash CBD Ice90 <\/span>\u00b5 <span style=\"font-weight: 400;\">60% : Qualit\u00e9 pure et artisanale<\/span><\/h1>\n<p><span style=\"font-weight: 400;\">Ce hash est parfait pour ceux qui appr\u00e9cient la qualit\u00e9 de l'artisanat et veulent un produit qui combine puissance, ar\u00f4me et saveur. Le haschisch <strong>Haschisch CBD <\/strong><strong>Ice90 \u00b5<\/strong> est id\u00e9al pour les collectionneurs et les amateurs de CBD \u00e0 la recherche de quelque chose de plus s\u00e9lect. <\/span>Cr\u00e9\u00e9e pour r\u00e9volutionner votre exp\u00e9rience, cette <span style=\"font-weight: 400;\"><strong>Hachis de CBD <\/strong><strong>Ice90 \u00b5<\/strong><\/span> est fabriqu\u00e9 avec une maille de 90 microns, une m\u00e9thode d'extraction m\u00e9ticuleuse qui s\u00e9lectionne les meilleurs trichomes, offrant ainsi un produit riche en terp\u00e8nes naturels et sans additifs ni produits chimiques.<\/p>\n<p><span style=\"font-weight: 400;\">Son ton brun doux, qui devient dor\u00e9 \u00e0 la chaleur, en fait un produit parfait en termes de qualit\u00e9 et d'esth\u00e9tique.<\/span>Le r\u00e9sultat est un hash propre et concentr\u00e9, caract\u00e9ristiques perfectionn\u00e9es dans le Ice90 CBD Hash.<\/p>\n<p><span style=\"font-weight: 400;\">Le pr\u00e9sent <strong>Haschisch CBD <\/strong><strong>Ice90 \u00b5 60%<\/strong> offre un profil aromatique unique et, en raison de sa forte concentration en CBD, est un choix essentiel pour ceux qui cherchent \u00e0 <strong>haschisch CBD bon march\u00e9<\/strong> mais de premi\u00e8re classe.\u00a0<\/span><span style=\"font-weight: 400;\">Il contient \u00e9galement moins de 0,3% de THC, ce qui fait de ce haschisch un produit de qualit\u00e9. <strong>juridique en Espagne et en Europe<\/strong>. <\/span><\/p>\n<p><span style=\"font-weight: 400;\">D\u00e9couvrez sa texture et savourez ses ar\u00f4mes, faites l'exp\u00e9rience du vrai luxe du CBD en achetant du haschisch CBD en ligne comme le <strong>Hachis de CBD <\/strong><strong>Glace 90\u00b5<\/strong>!<\/span><\/p>\n<p>&nbsp;<\/p>\n<h2>Caract\u00e9ristiques du Hash CBD Ice90 \u00b5 :<\/h2>\n<ul>\n<li><b>Aspect et texture : <span style=\"font-size: 16px; font-weight: 400;\">appr\u00e9cier sa texture <strong>unique et doux <\/strong>dans vos doigts. Vous remarquerez que les <strong>cristaux de r\u00e9sine<\/strong>, Cela lui permet de se d\u00e9marquer sur le march\u00e9 et de mettre en \u00e9vidence les qualit\u00e9s de Hash CBD Ice90.<\/span><\/b><\/li>\n<li><span style=\"font-size: 16px; font-weight: 400;\"><strong>Ar\u00f4me et go\u00fbt :<\/strong> exquise, mise en valeur <strong>notes terreuses<\/strong> avec un <strong>touche de fra\u00eecheur<\/strong> et subtilement sucr\u00e9, ce qui n'est possible qu'avec du chanvre de la meilleure qualit\u00e9.\u00a0<\/span><\/li>\n<li><strong>Origine et puret\u00e9 :<\/strong><span style=\"font-size: 16px; font-weight: 400;\"> est fabriqu\u00e9 \u00e0 l'aide d'un processus avanc\u00e9 d'extraction de fleurs de chanvre : <strong>en utilisant une maille de 90 microns et de l'eau glac\u00e9e<\/strong>, Cela garantit que seules les t\u00eates de trichomes les plus pures font partie du produit final, laissant derri\u00e8re elles le mat\u00e9riel v\u00e9g\u00e9tal et d'autres d\u00e9bris non d\u00e9sir\u00e9s.\u00a0<\/span><\/li>\n<\/ul>\n<h3><\/h3>\n<p>&nbsp;<\/p>\n<h3><b>Pourquoi acheter <\/b>Hash CBD Ice 90\u00b5 <b>dans la fum\u00e9e d'iguane ?<\/b><\/h3>\n<p><span style=\"font-weight: 400;\">Chez Iguana Smoke, nous nous engageons sur la qualit\u00e9. Nos produits de haschisch CBD sont 100% naturels et biologiques, sans produits chimiques ni pesticides. Cela signifie que lorsque vous achetez chez nous, vous choisissez <strong>r\u00e9sine et haschisch CBD purs et s\u00fbrs<\/strong>. Comme c'est le cas pour nos <strong>Haschisch CBD <\/strong><strong>Ice90 \u00b5 60%<\/strong><strong>, <\/strong>est d\u00e9j\u00e0 connu pour \u00eatre l'un des meilleurs choix en mati\u00e8re de Hash CBD.<\/span><\/p>\n<p><span style=\"font-weight: 400;\">C'est l'endroit s\u00fbr pour <strong>acheter du hash CBD en ligne en Espagne.<\/strong> Tous nos produits sont approuv\u00e9s par l'UE, ce qui garantit leur l\u00e9galit\u00e9 et leur s\u00e9curit\u00e9. Avec moins de 0,3 % THC, vous pouvez profiter des nombreux avantages du CBD sans les effets psychoactifs. Nos produits <strong>Hachis de CBD sans THC \u00e0 haute teneur en CBD<\/strong> r\u00e9pond aux normes de qualit\u00e9, dont l'analyse est disponible \u00e0 l'adresse suivante<\/span><span style=\"font-weight: 400;\">\u00a0<a href=\"https:\/\/iguanasmoke.com\/fr\/lanalyse\/\">ici<\/a>.\u00a0<\/span><\/p>\n<p><em><span style=\"font-weight: 400;\">*Veuillez noter que son utilisation est destin\u00e9e \u00e0 la collection ou \u00e0 l'aromath\u00e9rapie, conform\u00e9ment \u00e0 la loi espagnole.\u00a0<\/span><\/em><\/p>\n<p><span style=\"font-weight: 400;\">De plus, si vous aimez nos r\u00e9sines CBD plus traditionnelles, comme le <a href=\"https:\/\/iguanasmoke.com\/fr\/produit\/dry-sift-hash-cbd-15\/\">hash CBD Dry Sift<\/a> ou le <a href=\"https:\/\/iguanasmoke.com\/fr\/produit\/blonde-hash-cbd-20\/\">hash CBD Blonde<\/a>, vous, vous <\/span><span style=\"font-weight: 400;\">nous veillons \u00e0 ce que les <strong>Hash CBD <\/strong><strong>Ice90 \u00b5 60%<\/strong> vous l'adorerez. N'oubliez pas non plus d'essayer d'autres <strong>Produits TOP<\/strong> comme <a href=\"https:\/\/iguanasmoke.com\/fr\/produit\/vape-space-vape-e8h-red-berries\/\">le Vape E8H 90%<\/a> ou le <a href=\"https:\/\/iguanasmoke.com\/fr\/produit\/vaper-cbd-iguana-pod-pocket-gelato-3ml\/\">CBD Gelato vape<\/a>. <\/span><span style=\"font-weight: 400;\">En bref, explorez nos vari\u00e9t\u00e9s et trouvez vos pr\u00e9f\u00e9r\u00e9es d\u00e8s maintenant, y compris l'exceptionnelle Hash CBD Ice90.<\/span><\/p>\n<p>&nbsp;<\/p>\n<h3><b>Iguana Smoke est synonyme de qualit\u00e9 et de fiabilit\u00e9.<\/b><\/h3>\n<p><span style=\"font-weight: 400;\">Chez Iguana Smoke, nous pensons que le CBD doit \u00eatre une exp\u00e9rience s\u00fbre et agr\u00e9able. C'est pourquoi nous proposons des produits de haute qualit\u00e9 qui s'adressent aux nouvelles g\u00e9n\u00e9rations : des personnes qui recherchent un bien-\u00eatre simple, avec des marques authentiques et fiables. N'oubliez pas que tous nos produits sont <strong>Hachis CBD sans THC<\/strong>, tels que le <strong>Hash CBD <\/strong><strong>Ice90 \u00b5 60%.<\/strong><\/span><\/p>\n<p>Vous savez, notre mission est claire : vous apporter le meilleur du monde des cannabino\u00efdes \u00e0 un prix \u00e9quitable, avec la tranquillit\u00e9 d'esprit de savoir que vous choisissez un produit certifi\u00e9, efficace et 100% l\u00e9gal. Nous sommes \u00e0 l'avant-garde des produits CBD.<\/p>\n<p>Vous avez encore des doutes ? Ecrivez-nous et nous nous ferons un plaisir de vous aider \u00e0 trouver le produit qui vous convient.<\/p>\n<p>&nbsp;<\/p>","protected":false},"excerpt":{"rendered":"<p>Le <strong>Hash CBD Ice 90\u00b5<\/strong> se distingue par son profil aromatique sophistiqu\u00e9, offrant une exp\u00e9rience douce mais intense, id\u00e9ale pour ceux qui recherchent quelque chose de plus :<\/p>\n<ul>\n<li><strong>Hachis de CBD pur<\/strong>60% de CBD et moins de 0,3 THC.<\/li>\n<li><strong>L'agriculture biologique.<\/strong><\/li>\n<li>100% l\u00e9gal en Espagne<\/li>\n<\/ul>\n<p>Analyse de la qualit\u00e9 : cliquez\u00a0<a href=\"https:\/\/iguanasmoke.com\/fr\/lanalyse\/\" target=\"_blank\" rel=\"noopener\">ici<\/a><\/p>","protected":false},"featured_media":81838,"comment_status":"open","ping_status":"closed","template":"","meta":{"_acf_changed":false,"site-sidebar-layout":"default","site-content-layout":"default","ast-site-content-layout":"default","site-content-style":"default","site-sidebar-style":"default","ast-global-header-display":"","ast-banner-title-visibility":"","ast-main-header-display":"","ast-hfb-above-header-display":"","ast-hfb-below-header-display":"","ast-hfb-mobile-header-display":"","site-post-title":"","ast-breadcrumbs-content":"","ast-featured-img":"","footer-sml-layout":"","theme-transparent-header-meta":"default","adv-header-id-meta":"","stick-header-meta":"","header-above-stick-meta":"","header-main-stick-meta":"","header-below-stick-meta":"","astra-migrate-meta-layouts":"set","ast-page-background-enabled":"default","ast-page-background-meta":{"desktop":{"background-color":"var(--ast-global-color-4)","background-image":"","background-repeat":"repeat","background-position":"center center","background-size":"auto","background-attachment":"scroll","background-type":"","background-media":"","overlay-type":"","overlay-color":"","overlay-opacity":"","overlay-gradient":""},"tablet":{"background-color":"","background-image":"","background-repeat":"repeat","background-position":"center center","background-size":"auto","background-attachment":"scroll","background-type":"","background-media":"","overlay-type":"","overlay-color":"","overlay-opacity":"","overlay-gradient":""},"mobile":{"background-color":"","background-image":"","background-repeat":"repeat","background-position":"center center","background-size":"auto","background-attachment":"scroll","background-type":"","background-media":"","overlay-type":"","overlay-color":"","overlay-opacity":"","overlay-gradient":""}},"ast-content-background-meta":{"desktop":{"background-color":"var(--ast-global-color-5)","background-image":"","background-repeat":"repeat","background-position":"center center","background-size":"auto","background-attachment":"scroll","background-type":"","background-media":"","overlay-type":"","overlay-color":"","overlay-opacity":"","overlay-gradient":""},"tablet":{"background-color":"var(--ast-global-color-5)","background-image":"","background-repeat":"repeat","background-position":"center center","background-size":"auto","background-attachment":"scroll","background-type":"","background-media":"","overlay-type":"","overlay-color":"","overlay-opacity":"","overlay-gradient":""},"mobile":{"background-color":"var(--ast-global-color-5)","background-image":"","background-repeat":"repeat","background-position":"center center","background-size":"auto","background-attachment":"scroll","background-type":"","background-media":"","overlay-type":"","overlay-color":"","overlay-opacity":"","overlay-gradient":""}}},"product_brand":[],"product_cat":[397],"product_tag":[],"class_list":{"0":"post-47847","1":"product","2":"type-product","3":"status-publish","4":"has-post-thumbnail","6":"product_cat-hash-cbd","7":"desktop-align-center","8":"tablet-align-center","9":"mobile-align-center","11":"first","12":"instock","13":"taxable","14":"shipping-taxable","15":"purchasable","16":"product-type-variable"},"acf":[],"yoast_head":"<!-- This site is optimized with the Yoast SEO Premium plugin v27.3 (Yoast SEO v27.3) - https:\/\/yoast.com\/product\/yoast-seo-premium-wordpress\/ -->\n<title>Hash CBD Ice90 \u00b5 60%: meloso y potente | Iguana Smoke<\/title>\n<meta name=\"description\" content=\"Compra Hash CBD Ice90 60%, la mejor calidad al mejor precio en Iguana Smoke. Compra hach\u00eds CBD online ahora y experimenta la relajaci\u00f3n que te ofrece.\" \/>\n<meta name=\"robots\" content=\"index, follow, max-snippet:-1, max-image-preview:large, max-video-preview:-1\" \/>\n<link rel=\"canonical\" href=\"https:\/\/iguanasmoke.com\/fr\/produit\/hash-cbd-ice-60\/\" \/>\n<meta property=\"og:locale\" content=\"fr_FR\" \/>\n<meta property=\"og:type\" content=\"article\" \/>\n<meta property=\"og:title\" content=\"Hash CBD Ice 90\u00b5 60%\" \/>\n<meta property=\"og:description\" content=\"El Hash CBD Ice 90\u00b5 destaca por su perfil arom\u00e1tico sofisticado, proporcionando una experiencia suave pero intensa, ideal para quienes buscan algo m\u00e1s:   Hash de CBD puro: 60% de CBD y menos del 0,3 THC.  Cultivo org\u00e1nico.  100% legal en Espa\u00f1a  An\u00e1lisis de calidad: pincha\u00a0aqu\u00ed\" \/>\n<meta property=\"og:url\" content=\"https:\/\/iguanasmoke.com\/fr\/produit\/hash-cbd-ice-60\/\" \/>\n<meta property=\"og:site_name\" content=\"Iguana Smoke\" \/>\n<meta property=\"article:publisher\" content=\"https:\/\/www.facebook.com\/iguanasmoke\" \/>\n<meta property=\"article:modified_time\" content=\"2026-03-20T10:39:23+00:00\" \/>\n<meta property=\"og:image\" content=\"https:\/\/iguanasmoke.com\/wp-content\/uploads\/2025\/01\/Ice-90-2g-con-hash.webp\" \/>\n\t<meta property=\"og:image:width\" content=\"1000\" \/>\n\t<meta property=\"og:image:height\" content=\"1000\" \/>\n\t<meta property=\"og:image:type\" content=\"image\/webp\" \/>\n<meta name=\"twitter:card\" content=\"summary_large_image\" \/>\n<meta name=\"twitter:label1\" content=\"Disponibilit\u00e9\" \/>\n\t<meta name=\"twitter:data1\" content=\"En stock\" \/>\n<meta property=\"product:brand\" content=\"variable\" \/>\n<meta property=\"og:availability\" content=\"instock\" \/>\n<meta property=\"product:availability\" content=\"instock\" \/>\n<meta property=\"product:condition\" content=\"new\" \/>\n<!-- \/ Yoast SEO Premium plugin. -->","yoast_head_json":{"title":"Hash CBD Ice90 \u00b5 60% : Douceur et puissance : Iguana Smoke","description":"Acheter Hash CBD Ice90 60%, la meilleure qualit\u00e9 au meilleur prix chez Iguana Smoke. Achetez du CBD hash en ligne maintenant et exp\u00e9rimentez la relaxation qu'il offre.","robots":{"index":"index","follow":"follow","max-snippet":"max-snippet:-1","max-image-preview":"max-image-preview:large","max-video-preview":"max-video-preview:-1"},"canonical":"https:\/\/iguanasmoke.com\/fr\/produit\/hash-cbd-ice-60\/","og_locale":"fr_FR","og_type":"article","og_title":"Hash CBD Ice 90\u00b5 60%","og_description":"El Hash CBD Ice 90\u00b5 destaca por su perfil arom\u00e1tico sofisticado, proporcionando una experiencia suave pero intensa, ideal para quienes buscan algo m\u00e1s:   Hash de CBD puro: 60% de CBD y menos del 0,3 THC.  Cultivo org\u00e1nico.  100% legal en Espa\u00f1a  An\u00e1lisis de calidad: pincha\u00a0aqu\u00ed","og_url":"https:\/\/iguanasmoke.com\/fr\/produit\/hash-cbd-ice-60\/","og_site_name":"Iguana Smoke","article_publisher":"https:\/\/www.facebook.com\/iguanasmoke","article_modified_time":"2026-03-20T10:39:23+00:00","og_image":[{"width":1000,"height":1000,"url":"https:\/\/iguanasmoke.com\/wp-content\/uploads\/2025\/01\/Ice-90-2g-con-hash.webp","type":"image\/webp"}],"twitter_card":"summary_large_image","twitter_misc":{"Disponibilit\u00e9":"En stock"},"schema":{"@context":"https:\/\/schema.org","@graph":[{"@type":"WebPage","@id":"https:\/\/iguanasmoke.com\/producto\/hash-cbd-ice-60\/","url":"https:\/\/iguanasmoke.com\/producto\/hash-cbd-ice-60\/","name":"Hash CBD Ice90 \u00b5 60% : Douceur et puissance : Iguana Smoke","isPartOf":{"@id":"https:\/\/iguanasmoke.com\/#website"},"primaryImageOfPage":{"@id":"https:\/\/iguanasmoke.com\/producto\/hash-cbd-ice-60\/#primaryimage"},"image":{"@id":"https:\/\/iguanasmoke.com\/producto\/hash-cbd-ice-60\/#primaryimage"},"thumbnailUrl":"https:\/\/iguanasmoke.com\/wp-content\/uploads\/2025\/01\/Ice-90-2g-con-hash.webp","datePublished":"2025-01-14T20:18:17+00:00","dateModified":"2026-03-20T10:39:23+00:00","description":"Acheter Hash CBD Ice90 60%, la meilleure qualit\u00e9 au meilleur prix chez Iguana Smoke. Achetez du CBD hash en ligne maintenant et exp\u00e9rimentez la relaxation qu'il offre.","breadcrumb":{"@id":"https:\/\/iguanasmoke.com\/producto\/hash-cbd-ice-60\/#breadcrumb"},"inLanguage":"fr-FR","potentialAction":[{"@type":"ReadAction","target":["https:\/\/iguanasmoke.com\/producto\/hash-cbd-ice-60\/"]}]},{"@type":"ImageObject","inLanguage":"fr-FR","@id":"https:\/\/iguanasmoke.com\/producto\/hash-cbd-ice-60\/#primaryimage","url":"https:\/\/iguanasmoke.com\/wp-content\/uploads\/2025\/01\/Ice-90-2g-con-hash.webp","contentUrl":"https:\/\/iguanasmoke.com\/wp-content\/uploads\/2025\/01\/Ice-90-2g-con-hash.webp","width":1000,"height":1000,"caption":"Hash CBD Ice90 2g"},{"@type":"BreadcrumbList","@id":"https:\/\/iguanasmoke.com\/producto\/hash-cbd-ice-60\/#breadcrumb","itemListElement":[{"@type":"ListItem","position":1,"name":"home","item":"https:\/\/iguanasmoke.com\/"},{"@type":"ListItem","position":2,"name":"Tienda","item":"https:\/\/iguanasmoke.com\/tienda\/"},{"@type":"ListItem","position":3,"name":"Hash CBD","item":"https:\/\/iguanasmoke.com\/categoria\/hash-cbd\/"},{"@type":"ListItem","position":4,"name":"Hash CBD Ice 90\u00b5 60%"}]},{"@type":"WebSite","@id":"https:\/\/iguanasmoke.com\/#website","url":"https:\/\/iguanasmoke.com\/","name":"Fum\u00e9e d'iguane","description":"Acheter du CBD en ligne au meilleur prix","publisher":{"@id":"https:\/\/iguanasmoke.com\/#organization"},"potentialAction":[{"@type":"SearchAction","target":{"@type":"EntryPoint","urlTemplate":"https:\/\/iguanasmoke.com\/?s={search_term_string}"},"query-input":{"@type":"PropertyValueSpecification","valueRequired":true,"valueName":"search_term_string"}}],"inLanguage":"fr-FR"},{"@type":"Organization","@id":"https:\/\/iguanasmoke.com\/#organization","name":"Fum\u00e9e d'iguane","url":"https:\/\/iguanasmoke.com\/","logo":{"@type":"ImageObject","inLanguage":"fr-FR","@id":"https:\/\/iguanasmoke.com\/#\/schema\/logo\/image\/","url":"https:\/\/iguanasmoke.com\/wp-content\/uploads\/2025\/01\/logoiguana-favi-1.png","contentUrl":"https:\/\/iguanasmoke.com\/wp-content\/uploads\/2025\/01\/logoiguana-favi-1.png","width":512,"height":512,"caption":"Iguana Smoke"},"image":{"@id":"https:\/\/iguanasmoke.com\/#\/schema\/logo\/image\/"},"sameAs":["https:\/\/www.facebook.com\/iguanasmoke","https:\/\/www.instagram.com\/iguanasmoke\/"]}]},"product_brand":"variable","og_availability":"instock","product_availability":"instock","product_condition":"new"},"_links":{"self":[{"href":"https:\/\/iguanasmoke.com\/fr\/wp-json\/wp\/v2\/product\/47847","targetHints":{"allow":["GET"]}}],"collection":[{"href":"https:\/\/iguanasmoke.com\/fr\/wp-json\/wp\/v2\/product"}],"about":[{"href":"https:\/\/iguanasmoke.com\/fr\/wp-json\/wp\/v2\/types\/product"}],"replies":[{"embeddable":true,"href":"https:\/\/iguanasmoke.com\/fr\/wp-json\/wp\/v2\/comments?post=47847"}],"wp:featuredmedia":[{"embeddable":true,"href":"https:\/\/iguanasmoke.com\/fr\/wp-json\/wp\/v2\/media\/81838"}],"wp:attachment":[{"href":"https:\/\/iguanasmoke.com\/fr\/wp-json\/wp\/v2\/media?parent=47847"}],"wp:term":[{"taxonomy":"product_brand","embeddable":true,"href":"https:\/\/iguanasmoke.com\/fr\/wp-json\/wp\/v2\/product_brand?post=47847"},{"taxonomy":"product_cat","embeddable":true,"href":"https:\/\/iguanasmoke.com\/fr\/wp-json\/wp\/v2\/product_cat?post=47847"},{"taxonomy":"product_tag","embeddable":true,"href":"https:\/\/iguanasmoke.com\/fr\/wp-json\/wp\/v2\/product_tag?post=47847"}],"curies":[{"name":"wp","href":"https:\/\/api.w.org\/{rel}","templated":true}]}}