{"id":47853,"date":"2025-01-14T21:29:23","date_gmt":"2025-01-14T20:29:23","guid":{"rendered":"https:\/\/iguanasmoke.com\/?post_type=product&#038;p=47853"},"modified":"2026-03-20T11:31:49","modified_gmt":"2026-03-20T10:31:49","slug":"hash-cbd-dry-sift-15","status":"publish","type":"product","link":"https:\/\/iguanasmoke.com\/fr\/producto\/hash-cbd-dry-sift-15\/","title":{"rendered":"Hash CBD Dry Sift 15%"},"content":{"rendered":"<h1><span style=\"font-weight: 400;\">Hash CBD Dry Sift 15% : le haschisch CBD artisanal que vous m\u00e9ritez<\/span><\/h1>\n<p><span style=\"font-weight: 400;\">Con\u00e7ue pour les utilisateurs les plus exigeants <strong>Hash CBD Dry Sift 15% <\/strong> est bien plus qu'un simple haschisch. C'est un chef-d'\u0153uvre d'extraction artisanale, con\u00e7u pour offrir une exp\u00e9rience authentique et enrichissante. Ce haschisch vous offre une combinaison unique de propri\u00e9t\u00e9s relaxantes et d'un ar\u00f4me exceptionnel : il a une odeur de <strong>finition artisanale<\/strong> digne des palais les plus exp\u00e9riment\u00e9s.<\/span><\/p>\n<p>Il est id\u00e9al pour les personnes en qu\u00eate d'authenticit\u00e9 et \u00e0 la recherche de bienfaits th\u00e9rapeutiques gr\u00e2ce \u00e0 sa saveur et \u00e0 son go\u00fbt parfait, naturel et naturel. <strong>concentration \u00e9quilibr\u00e9e de CBD<\/strong>. <span style=\"font-weight: 400;\">Il contient \u00e9galement moins de 0,3% de THC, ce qui fait de ce haschisch un produit de qualit\u00e9. <strong>juridique en Espagne et en Europe<\/strong>.<\/span><\/p>\n<p>C'est bien plus qu'un simple hash CBD. Il s'agit d'une \u0153uvre artisanale qui allie qualit\u00e9, puret\u00e9 et ar\u00f4me in\u00e9gal\u00e9 ; un choix exceptionnel sur le march\u00e9. <span style=\"font-weight: 400;\"> Explorez sa texture et savourez ses ar\u00f4mes ! D\u00e9couvrez pourquoi le <strong>haschisch CBD Dry Sift 15% <\/strong>est l'une des r\u00e9sines les plus authentiques et de la meilleure qualit\u00e9 que vous puissiez trouver si vous voulez <strong>haschisch CBD bon march\u00e9<\/strong> mais premium.<\/span><\/p>\n<p>&nbsp;<\/p>\n<h2>Caract\u00e9ristiques du Hash CBD Dry Sift :<\/h2>\n<ul>\n<li><b>Aspect et texture : <span style=\"font-size: 16px; font-weight: 400;\">se distingue par son <strong>texture soyeuse et lisse<\/strong>. De couleur dor\u00e9e claire, ce hachis a un go\u00fbt tr\u00e8s agr\u00e9able.<strong>l'aide \u00e0 l'effritement<\/strong> qui facilite une utilisation agr\u00e9able, refl\u00e9tant le soin et la pr\u00e9cision de sa fabrication. En elle <span style=\"font-weight: 400;\">vous pouvez voir les <strong>petits cristaux de r\u00e9sine<\/strong>, un signe qu'il contient des cannabino\u00efdes et des terp\u00e8nes de haute qualit\u00e9.<\/span><\/span><\/b><\/li>\n<li><span style=\"font-size: 16px; font-weight: 400;\"><strong>Ar\u00f4me et go\u00fbt :<\/strong> profond et naturel ; avec des touches de <strong>ar\u00f4mes de terre et d'agrumes<\/strong>.<\/span><\/li>\n<li><strong>Origine et puret\u00e9 :<\/strong><span style=\"font-size: 16px; font-weight: 400;\"> <strong><span style=\"font-weight: 400;\">Tout commence par la m\u00e9thode d'extraction du haschisch, qui est faite d'une <strong>tamisage \u00e0 sec<\/strong> appel\u00e9 \u201cDry-Sift\u201d. Il s'agit d'une m\u00e9thode artisanale de <strong>la s\u00e9paration des cristaux les plus purs<\/strong> de la plante de chanvre. Des mailles fines sont utilis\u00e9es pour obtenir une r\u00e9sine \u00e0 la texture lisse, \u00e0 l'ar\u00f4me intense et d'une puret\u00e9 in\u00e9gal\u00e9e.<\/span><\/strong><\/span><\/li>\n<\/ul>\n<p>&nbsp;<\/p>\n<h3><b>Pourquoi acheter du haschisch CBD Dry Sift chez Iguana Smoke ?<\/b><\/h3>\n<p><span style=\"font-weight: 400;\">Chez Iguana Smoke, nous nous engageons sur la qualit\u00e9. Nos r\u00e9sines de haschisch CBD sont 100% naturelles et organiques, sans produits chimiques ni pesticides. Cela signifie que lorsque vous achetez chez nous, vous choisissez <strong>r\u00e9sine et haschisch CBD purs et s\u00fbrs<\/strong>. Comme c'est le cas pour nos <strong>haschisch CBD Dry Sift 15%<\/strong><strong>.<\/strong><\/span><\/p>\n<p><span style=\"font-weight: 400;\">C'est l'endroit s\u00fbr pour <strong>acheter du hash CBD en ligne en Espagne.<\/strong> Tous nos produits sont approuv\u00e9s par l'UE, ce qui garantit leur l\u00e9galit\u00e9 et leur s\u00e9curit\u00e9. Avec moins de 0,3 % THC, vous pouvez profiter des nombreux avantages du CBD sans les effets psychoactifs. Nos produits <strong>Hachis de CBD sans THC \u00e0 haute teneur en CBD<\/strong> r\u00e9pond aux normes de qualit\u00e9, dont l'analyse est disponible \u00e0 l'adresse suivante<\/span><span style=\"font-weight: 400;\">\u00a0<a href=\"https:\/\/iguanasmoke.com\/fr\/lanalyse\/\">ici<\/a>.\u00a0<\/span><\/p>\n<p><em><span style=\"font-weight: 400;\">*Veuillez noter que son utilisation est destin\u00e9e \u00e0 la collection ou \u00e0 l'aromath\u00e9rapie, conform\u00e9ment \u00e0 la loi espagnole.\u00a0<\/span><\/em><\/p>\n<p><span style=\"font-weight: 400;\">De plus, si vous aimez nos r\u00e9sines CBD plus traditionnelles, comme le <a href=\"https:\/\/iguanasmoke.com\/fr\/produit\/golden-hash-cbd-20\/\">hash CBD Blonde<\/a> ou le <a href=\"https:\/\/iguanasmoke.com\/fr\/produit\/cbd-hash-triplement-filtre\/\">hash CBD Triple Filtration<\/a>, vous, vous <\/span><span style=\"font-weight: 400;\">nous veillons \u00e0 ce que les <strong>Hash CBD Dry Sift<\/strong> vous permettra de vous amuser. N'oubliez pas non plus d'essayer d'autres <strong>Produits TOP<\/strong> en tant que <a href=\"https:\/\/iguanasmoke.com\/fr\/produit\/diamants-cbd-98-live-terpenes\/\">Extrait de diamants<\/a> ou le <a href=\"https:\/\/iguanasmoke.com\/fr\/produit\/vaper-cbd-iguana-pod-pocket-watermelon-3ml\/\">Vaper CBD Past\u00e8que<\/a>. <\/span><span style=\"font-weight: 400;\">En bref, explorez notre vari\u00e9t\u00e9 et trouvez vos favoris d\u00e8s maintenant.\u00a0<\/span><\/p>\n<p>&nbsp;<\/p>\n<h3><b>Iguana Smoke est synonyme de qualit\u00e9 et de fiabilit\u00e9.<\/b><\/h3>\n<p><span style=\"font-weight: 400;\">Chez Iguana Smoke, nous pensons que le CBD doit \u00eatre une exp\u00e9rience s\u00fbre et agr\u00e9able. C'est pourquoi nous proposons des produits de haute qualit\u00e9 qui s'adressent aux nouvelles g\u00e9n\u00e9rations : des personnes qui recherchent un bien-\u00eatre simple, avec des marques authentiques et fiables. N'oubliez pas que tous nos produits sont <strong>Hachis CBD sans THC<\/strong>, tels que le <strong>Hash CBD Dry Sift 15%<\/strong><strong>\u00a0<\/strong>vous allez essayer.<\/span><\/p>\n<p>Vous savez, notre mission est claire : vous apporter le meilleur du monde des cannabino\u00efdes \u00e0 un prix \u00e9quitable, avec la tranquillit\u00e9 d'esprit de savoir que vous choisissez un produit certifi\u00e9, efficace et 100% l\u00e9gal. Nous sommes \u00e0 l'avant-garde des produits CBD.<\/p>\n<p>Vous avez encore des doutes ? Ecrivez-nous et nous nous ferons un plaisir de vous aider \u00e0 trouver le produit qui vous convient.<\/p>","protected":false},"excerpt":{"rendered":"<p>Essayez maintenant le Dry Sift Hash 15% CBD, une r\u00e9sine CBD unique avec un ar\u00f4me sp\u00e9cial.<\/p>\n<ul>\n<li><strong>Puret\u00e9 maximale : <\/strong>Concentration de CBD 15% et de THC &lt;0,3%.<\/li>\n<li>100% l\u00e9gal en Europe<\/li>\n<\/ul>\n<p>Analyse de la qualit\u00e9 : cliquez\u00a0<a href=\"https:\/\/iguanasmoke.com\/fr\/lanalyse\/\" target=\"_blank\" rel=\"noopener\">ici<\/a><\/p>","protected":false},"featured_media":81831,"comment_status":"open","ping_status":"closed","template":"","meta":{"_acf_changed":false,"site-sidebar-layout":"default","site-content-layout":"default","ast-site-content-layout":"default","site-content-style":"default","site-sidebar-style":"default","ast-global-header-display":"","ast-banner-title-visibility":"","ast-main-header-display":"","ast-hfb-above-header-display":"","ast-hfb-below-header-display":"","ast-hfb-mobile-header-display":"","site-post-title":"","ast-breadcrumbs-content":"","ast-featured-img":"","footer-sml-layout":"","theme-transparent-header-meta":"default","adv-header-id-meta":"","stick-header-meta":"","header-above-stick-meta":"","header-main-stick-meta":"","header-below-stick-meta":"","astra-migrate-meta-layouts":"set","ast-page-background-enabled":"default","ast-page-background-meta":{"desktop":{"background-color":"var(--ast-global-color-4)","background-image":"","background-repeat":"repeat","background-position":"center center","background-size":"auto","background-attachment":"scroll","background-type":"","background-media":"","overlay-type":"","overlay-color":"","overlay-opacity":"","overlay-gradient":""},"tablet":{"background-color":"","background-image":"","background-repeat":"repeat","background-position":"center center","background-size":"auto","background-attachment":"scroll","background-type":"","background-media":"","overlay-type":"","overlay-color":"","overlay-opacity":"","overlay-gradient":""},"mobile":{"background-color":"","background-image":"","background-repeat":"repeat","background-position":"center center","background-size":"auto","background-attachment":"scroll","background-type":"","background-media":"","overlay-type":"","overlay-color":"","overlay-opacity":"","overlay-gradient":""}},"ast-content-background-meta":{"desktop":{"background-color":"var(--ast-global-color-5)","background-image":"","background-repeat":"repeat","background-position":"center center","background-size":"auto","background-attachment":"scroll","background-type":"","background-media":"","overlay-type":"","overlay-color":"","overlay-opacity":"","overlay-gradient":""},"tablet":{"background-color":"var(--ast-global-color-5)","background-image":"","background-repeat":"repeat","background-position":"center center","background-size":"auto","background-attachment":"scroll","background-type":"","background-media":"","overlay-type":"","overlay-color":"","overlay-opacity":"","overlay-gradient":""},"mobile":{"background-color":"var(--ast-global-color-5)","background-image":"","background-repeat":"repeat","background-position":"center center","background-size":"auto","background-attachment":"scroll","background-type":"","background-media":"","overlay-type":"","overlay-color":"","overlay-opacity":"","overlay-gradient":""}}},"product_brand":[],"product_cat":[397],"product_tag":[],"class_list":{"0":"post-47853","1":"product","2":"type-product","3":"status-publish","4":"has-post-thumbnail","6":"product_cat-hash-cbd","7":"desktop-align-center","8":"tablet-align-center","9":"mobile-align-center","11":"first","12":"instock","13":"taxable","14":"shipping-taxable","15":"purchasable","16":"product-type-variable"},"acf":[],"yoast_head":"<!-- This site is optimized with the Yoast SEO Premium plugin v27.3 (Yoast SEO v27.3) - https:\/\/yoast.com\/product\/yoast-seo-premium-wordpress\/ -->\n<title>Hash CBD Dry Sift 15%: obra maestra artesanal | Iguana Smoke<\/title>\n<meta name=\"description\" content=\"Obt\u00e9n el aut\u00e9ntico sabor del Hash CBD Dry Sift 15%, rico en terpenos naturales y sin impurezas. Opta por la calidad y compra hach\u00eds CBD barato online ahora.\" \/>\n<meta name=\"robots\" content=\"index, follow, max-snippet:-1, max-image-preview:large, max-video-preview:-1\" \/>\n<link rel=\"canonical\" href=\"https:\/\/iguanasmoke.com\/fr\/produit\/hash-cbd-dry-sift-15\/\" \/>\n<meta property=\"og:locale\" content=\"fr_FR\" \/>\n<meta property=\"og:type\" content=\"article\" \/>\n<meta property=\"og:title\" content=\"Hash CBD Dry Sift 15%\" \/>\n<meta property=\"og:description\" content=\"Prueba ahora el Dry Sift Hash 15% CBD, una resina CBD \u00fanica con un aroma especial.   Pureza m\u00e1xima: concentraci\u00f3n CBD 15% y THC &lt;0,3%.  100% legal en Europa  An\u00e1lisis de calidad: pincha\u00a0aqu\u00ed\" \/>\n<meta property=\"og:url\" content=\"https:\/\/iguanasmoke.com\/fr\/produit\/hash-cbd-dry-sift-15\/\" \/>\n<meta property=\"og:site_name\" content=\"Iguana Smoke\" \/>\n<meta property=\"article:publisher\" content=\"https:\/\/www.facebook.com\/iguanasmoke\" \/>\n<meta property=\"article:modified_time\" content=\"2026-03-20T10:31:49+00:00\" \/>\n<meta property=\"og:image\" content=\"https:\/\/iguanasmoke.com\/wp-content\/uploads\/2025\/01\/Dry-sift-2g-con-hash.webp\" \/>\n\t<meta property=\"og:image:width\" content=\"1000\" \/>\n\t<meta property=\"og:image:height\" content=\"1000\" \/>\n\t<meta property=\"og:image:type\" content=\"image\/webp\" \/>\n<meta name=\"twitter:card\" content=\"summary_large_image\" \/>\n<meta name=\"twitter:label1\" content=\"Disponibilit\u00e9\" \/>\n\t<meta name=\"twitter:data1\" content=\"En stock\" \/>\n<meta property=\"product:brand\" content=\"variable\" \/>\n<meta property=\"og:availability\" content=\"instock\" \/>\n<meta property=\"product:availability\" content=\"instock\" \/>\n<meta property=\"product:condition\" content=\"new\" \/>\n<!-- \/ Yoast SEO Premium plugin. -->","yoast_head_json":{"title":"Hash CBD Dry Sift 15% : chef d'oeuvre artisanal : Iguana Smoke","description":"Retrouvez le go\u00fbt authentique du Dry Sift 15% CBD Hash, riche en terp\u00e8nes naturels et exempt d'impuret\u00e9s. Optez pour la qualit\u00e9 et achetez du CBD Hash bon march\u00e9 en ligne d\u00e8s maintenant.","robots":{"index":"index","follow":"follow","max-snippet":"max-snippet:-1","max-image-preview":"max-image-preview:large","max-video-preview":"max-video-preview:-1"},"canonical":"https:\/\/iguanasmoke.com\/fr\/produit\/hash-cbd-dry-sift-15\/","og_locale":"fr_FR","og_type":"article","og_title":"Hash CBD Dry Sift 15%","og_description":"Prueba ahora el Dry Sift Hash 15% CBD, una resina CBD \u00fanica con un aroma especial.   Pureza m\u00e1xima: concentraci\u00f3n CBD 15% y THC &lt;0,3%.  100% legal en Europa  An\u00e1lisis de calidad: pincha\u00a0aqu\u00ed","og_url":"https:\/\/iguanasmoke.com\/fr\/produit\/hash-cbd-dry-sift-15\/","og_site_name":"Iguana Smoke","article_publisher":"https:\/\/www.facebook.com\/iguanasmoke","article_modified_time":"2026-03-20T10:31:49+00:00","og_image":[{"width":1000,"height":1000,"url":"https:\/\/iguanasmoke.com\/wp-content\/uploads\/2025\/01\/Dry-sift-2g-con-hash.webp","type":"image\/webp"}],"twitter_card":"summary_large_image","twitter_misc":{"Disponibilit\u00e9":"En stock"},"schema":{"@context":"https:\/\/schema.org","@graph":[{"@type":"WebPage","@id":"https:\/\/iguanasmoke.com\/producto\/hash-cbd-dry-sift-15\/","url":"https:\/\/iguanasmoke.com\/producto\/hash-cbd-dry-sift-15\/","name":"Hash CBD Dry Sift 15% : chef d'oeuvre artisanal : Iguana Smoke","isPartOf":{"@id":"https:\/\/iguanasmoke.com\/#website"},"primaryImageOfPage":{"@id":"https:\/\/iguanasmoke.com\/producto\/hash-cbd-dry-sift-15\/#primaryimage"},"image":{"@id":"https:\/\/iguanasmoke.com\/producto\/hash-cbd-dry-sift-15\/#primaryimage"},"thumbnailUrl":"https:\/\/iguanasmoke.com\/wp-content\/uploads\/2025\/01\/Dry-sift-2g-con-hash.webp","datePublished":"2025-01-14T20:29:23+00:00","dateModified":"2026-03-20T10:31:49+00:00","description":"Retrouvez le go\u00fbt authentique du Dry Sift 15% CBD Hash, riche en terp\u00e8nes naturels et exempt d'impuret\u00e9s. Optez pour la qualit\u00e9 et achetez du CBD Hash bon march\u00e9 en ligne d\u00e8s maintenant.","breadcrumb":{"@id":"https:\/\/iguanasmoke.com\/producto\/hash-cbd-dry-sift-15\/#breadcrumb"},"inLanguage":"fr-FR","potentialAction":[{"@type":"ReadAction","target":["https:\/\/iguanasmoke.com\/producto\/hash-cbd-dry-sift-15\/"]}]},{"@type":"ImageObject","inLanguage":"fr-FR","@id":"https:\/\/iguanasmoke.com\/producto\/hash-cbd-dry-sift-15\/#primaryimage","url":"https:\/\/iguanasmoke.com\/wp-content\/uploads\/2025\/01\/Dry-sift-2g-con-hash.webp","contentUrl":"https:\/\/iguanasmoke.com\/wp-content\/uploads\/2025\/01\/Dry-sift-2g-con-hash.webp","width":1000,"height":1000,"caption":"Hash CBD Dry Sift 2g"},{"@type":"BreadcrumbList","@id":"https:\/\/iguanasmoke.com\/producto\/hash-cbd-dry-sift-15\/#breadcrumb","itemListElement":[{"@type":"ListItem","position":1,"name":"home","item":"https:\/\/iguanasmoke.com\/"},{"@type":"ListItem","position":2,"name":"Tienda","item":"https:\/\/iguanasmoke.com\/tienda\/"},{"@type":"ListItem","position":3,"name":"Hash CBD","item":"https:\/\/iguanasmoke.com\/categoria\/hash-cbd\/"},{"@type":"ListItem","position":4,"name":"Hash CBD Dry Sift 15%"}]},{"@type":"WebSite","@id":"https:\/\/iguanasmoke.com\/#website","url":"https:\/\/iguanasmoke.com\/","name":"Fum\u00e9e d'iguane","description":"Acheter du CBD en ligne au meilleur prix","publisher":{"@id":"https:\/\/iguanasmoke.com\/#organization"},"potentialAction":[{"@type":"SearchAction","target":{"@type":"EntryPoint","urlTemplate":"https:\/\/iguanasmoke.com\/?s={search_term_string}"},"query-input":{"@type":"PropertyValueSpecification","valueRequired":true,"valueName":"search_term_string"}}],"inLanguage":"fr-FR"},{"@type":"Organization","@id":"https:\/\/iguanasmoke.com\/#organization","name":"Fum\u00e9e d'iguane","url":"https:\/\/iguanasmoke.com\/","logo":{"@type":"ImageObject","inLanguage":"fr-FR","@id":"https:\/\/iguanasmoke.com\/#\/schema\/logo\/image\/","url":"https:\/\/iguanasmoke.com\/wp-content\/uploads\/2025\/01\/logoiguana-favi-1.png","contentUrl":"https:\/\/iguanasmoke.com\/wp-content\/uploads\/2025\/01\/logoiguana-favi-1.png","width":512,"height":512,"caption":"Iguana Smoke"},"image":{"@id":"https:\/\/iguanasmoke.com\/#\/schema\/logo\/image\/"},"sameAs":["https:\/\/www.facebook.com\/iguanasmoke","https:\/\/www.instagram.com\/iguanasmoke\/"]}]},"product_brand":"variable","og_availability":"instock","product_availability":"instock","product_condition":"new"},"_links":{"self":[{"href":"https:\/\/iguanasmoke.com\/fr\/wp-json\/wp\/v2\/product\/47853","targetHints":{"allow":["GET"]}}],"collection":[{"href":"https:\/\/iguanasmoke.com\/fr\/wp-json\/wp\/v2\/product"}],"about":[{"href":"https:\/\/iguanasmoke.com\/fr\/wp-json\/wp\/v2\/types\/product"}],"replies":[{"embeddable":true,"href":"https:\/\/iguanasmoke.com\/fr\/wp-json\/wp\/v2\/comments?post=47853"}],"wp:featuredmedia":[{"embeddable":true,"href":"https:\/\/iguanasmoke.com\/fr\/wp-json\/wp\/v2\/media\/81831"}],"wp:attachment":[{"href":"https:\/\/iguanasmoke.com\/fr\/wp-json\/wp\/v2\/media?parent=47853"}],"wp:term":[{"taxonomy":"product_brand","embeddable":true,"href":"https:\/\/iguanasmoke.com\/fr\/wp-json\/wp\/v2\/product_brand?post=47853"},{"taxonomy":"product_cat","embeddable":true,"href":"https:\/\/iguanasmoke.com\/fr\/wp-json\/wp\/v2\/product_cat?post=47853"},{"taxonomy":"product_tag","embeddable":true,"href":"https:\/\/iguanasmoke.com\/fr\/wp-json\/wp\/v2\/product_tag?post=47853"}],"curies":[{"name":"wp","href":"https:\/\/api.w.org\/{rel}","templated":true}]}}